{"id":3,"date":"2024-09-08T11:25:49","date_gmt":"2024-09-08T11:25:49","guid":{"rendered":"https:\/\/akatsukianime.com\/?page_id=3"},"modified":"2024-09-10T10:01:49","modified_gmt":"2024-09-10T10:01:49","slug":"politica-de-privacidad","status":"publish","type":"page","link":"https:\/\/akatsukianime.com\/en\/politica-de-privacidad\/","title":{"rendered":"Privacy Policy"},"content":{"rendered":"<div data-elementor-type=\"wp-page\" data-elementor-id=\"3\" class=\"elementor elementor-3\" data-elementor-post-type=\"page\">\n\t\t\t\t<div class=\"wd-negative-gap elementor-element elementor-element-54ca92b4 e-flex e-con-boxed e-con e-parent\" data-id=\"54ca92b4\" data-element_type=\"container\">\n\t\t\t\t\t<div class=\"e-con-inner\">\n\t\t\t\t<div class=\"elementor-element elementor-element-3dfe8269 color-scheme-inherit text-left elementor-widget elementor-widget-text-editor\" data-id=\"3dfe8269\" data-element_type=\"widget\" data-widget_type=\"text-editor.default\">\n\t\t\t\t<div class=\"elementor-widget-container\"><h2 class=\"wp-block-heading\">Introduction<\/h2>\n<p>Your privacy is important to us. Through this document, we explain what data we collect from users, how we use it and for what purpose, among other indications.<\/p>\n<p>Those over 14 years of age may register as users without the consent of their parents, guardians or legal representatives.<br \/>For minors under 14 years of age or those identified as &quot;legally incapable&quot;, parental consent, or that of a guardian or legal representative will always be required.<\/p>\n<h3>Our commitments:<\/h3>\n<ul>\n<li>We will never request more information than necessary for the services required.<\/li>\n<li>We will never share your information with third parties except by legal obligation or with your prior authorization.<\/li>\n<li>We will never use your data for any purpose not previously indicated.<\/li>\n<\/ul>\n<p>We encourage you to read this privacy policy regularly, as it may be subject to change. Changes will be posted on our website.<\/p>\n<h2>Data Controller<\/h2>\n<ul>\n<li><strong>Identity<\/strong>: Arcade Player SL (also Akatsuki Store)<\/li>\n<li><strong>NIF<\/strong>: B67327163<\/li>\n<li><strong>Postal address<\/strong>: Ronda Sant Pere n\u00ba53 Local 1-2, 08010 Barcelona, Spain<\/li>\n<li><strong>Email<\/strong>: <a rel=\"noopener\">info@akatsukianime.com<\/a><\/li>\n<li><strong>Activity<\/strong>: Sale of handicrafts and crafts items<\/li>\n<\/ul>\n<p>Akatsuki Store, as the party responsible for the website, complies with Regulation (EU) 2016\/679 (GDPR), Organic Law 3\/2018 (LOPDGDD), and Law 34\/2002 (LSSICE). We implement technical and organizational security measures to ensure the protection of your personal data.<\/p>\n<h2>Data Collection Method and Data Collected<\/h2>\n<p>We collect data through the following methods:<\/p>\n<ul>\n<li>Contact form: Name, email, phone number.<\/li>\n<li>Registration form: Name, email.<\/li>\n<li>Newsletter subscription form: Email.<\/li>\n<li>Webinar registration form: Name, email.<\/li>\n<li>Forum subscription or comments: Name, email.<\/li>\n<li>Download content: Name, email.<\/li>\n<li>Ecommerce: Name, address, email, telephone number, bank details or credit\/debit card details.<\/li>\n<\/ul>\n<p>We do not process specially protected data.<\/p>\n<h2>Purpose of the Treatment<\/h2>\n<p>Your data will be used for the following purposes:<\/p>\n<ul>\n<li>Contact form: Answer queries and provide required information.<\/li>\n<li>Registration form: Create a user account.<\/li>\n<li>Newsletter subscription form: Send commercial advertising communications.<\/li>\n<li>Webinar registration form: Participation in webinars.<\/li>\n<li>Forum subscription and\/or comments: Participate and comment on the forum.<\/li>\n<li>Download content: Send updates and subscribed content.<\/li>\n<li>Ecommerce: Process the purchase of products or services.<\/li>\n<\/ul>\n<h3>Other purposes:<\/h3>\n<ul>\n<li>Commercial, administrative, fiscal and accounting management.<\/li>\n<li>Improve our services through profile analysis.<\/li>\n<li>Social media management, in accordance with their respective regulations.<\/li>\n<\/ul>\n<h3>Use of Photographs<\/h3>\n<p>The photographs on the website are the property of Akatsuki Store. For images of minors, prior consent is obtained from parents or guardians. Parents may request the removal or pixelation of these images by means of a formal written request.<\/p>\n<h2>Legitimation of Treatment<\/h2>\n<p>The legal basis for data processing is the consent given by filling out the corresponding forms.<br \/>In the case of prior contractual relationships, the legitimacy will be the established commercial relationship.<\/p>\n<h2>Data Retention Period<\/h2>\n<p>Your data will be kept for the duration of the business relationship or until you exercise your right to cancel, object or revoke consent.<\/p>\n<h2>Recipients of Assignments or Transfers<\/h2>\n<p>We do not transfer data either within or outside the EU, except by legal obligation or under court order. The data is hosted on servers of the Akatsuki Store hosting company.<\/p>\n<h2>Rights of Interested Persons<\/h2>\n<p>You have the right to exercise the following rights:<\/p>\n<ul>\n<li><strong>Access<\/strong>: Know what data we process about you.<\/li>\n<li><strong>Rectification or deletion<\/strong>: Correct incorrect data or request its deletion.<\/li>\n<li><strong>Cancellation<\/strong>: Remove inappropriate or excessive data.<\/li>\n<li><strong>Opposition<\/strong>: Object to the processing of your data.<\/li>\n<li><strong>Limitation of treatment<\/strong>: Limit the use of your data.<\/li>\n<li><strong>Portability<\/strong>: Request that your data be transferred to another controller.<\/li>\n<li><strong>Right not to be subject to automated decisions<\/strong>: Not to be subject to automated decisions that significantly affect.<\/li>\n<\/ul>\n<p>To exercise these rights, send an email to <a rel=\"noopener\">info@akatsukianime.com<\/a> indicating the subject \u201cDATA PROTECTION: RIGHTS OF INTERESTED PARTIES\u201d.<\/p>\n<h2>Security Measures<\/h2>\n<p>We treat your data confidentially, adopting all necessary security measures to prevent unauthorized access, alteration, loss or improper processing of the same.<\/p>\n<h2>Social networks<\/h2>\n<p>Akatsuki Store has a presence on social networks. Data processing is subject to the privacy policies and conditions of each social network.<\/p>\n<p>The publication of illegal, offensive or fundamental rights-violating content is prohibited. Akatsuki Store reserves the right to remove inappropriate content.<\/p>\n<h2>Sending CV<\/h2>\n<p>If you send us your CV, it will be processed for selection processes and will be kept for one year. After this time, it will be deleted.<\/p>\n<h2>Blog Subscription and Forum Participation<\/h2>\n<p>The data will be used to manage the blog subscription or participation in forums. They will be kept as long as there is mutual interest.<\/p>\n<h2>Publication of Testimonials<\/h2>\n<p>If you wish to publish a testimonial, your data will be used for this purpose and your name will be visible on the website.<\/p>\n<h2>Changes to the Privacy Policy<\/h2>\n<p>We reserve the right to modify this policy to adapt it to legislative or jurisprudential changes.<\/p>\n<h2>Revocability<\/h2>\n<p>You can revoke your consent at any time by sending an email to <a rel=\"noopener\">info@akatsukianime.com<\/a>. The revocation will not be retroactive.<\/p>\n<h2>Legislation<\/h2>\n<p>The relations between Akatsuki Store and users are subject to Spanish law. Disputes will be resolved in the Courts and Tribunals of Barcelona.<\/p>\t\t\t\t\t\t\t\t<\/div>\n\t\t\t\t<\/div>\n\t\t\t\t\t<\/div>\n\t\t\t\t<\/div>\t\t<\/div>","protected":false},"excerpt":{"rendered":"<p>Introducci\u00f3n Su privacidad es importante para nosotros. A trav\u00e9s de este documento, explicamos qu\u00e9 datos recopilamos de los usuarios, c\u00f3mo<\/p>","protected":false},"author":1,"featured_media":0,"parent":0,"menu_order":0,"comment_status":"closed","ping_status":"closed","template":"elementor_header_footer","meta":{"footnotes":""},"class_list":["post-3","page","type-page","status-publish","hentry"],"yoast_head":"<!-- This site is optimized with the Yoast SEO plugin v24.2 - https:\/\/yoast.com\/wordpress\/plugins\/seo\/ -->\n<title>Pol\u00edtica de Privacidad- Akatsuki anime store<\/title>\n<meta name=\"robots\" content=\"index, follow, max-snippet:-1, max-image-preview:large, max-video-preview:-1\" \/>\n<link rel=\"canonical\" href=\"https:\/\/akatsukianime.com\/en\/politica-de-privacidad\/\" \/>\n<meta property=\"og:locale\" content=\"en_US\" \/>\n<meta property=\"og:type\" content=\"article\" \/>\n<meta property=\"og:title\" content=\"Pol\u00edtica de Privacidad- Akatsuki anime store\" \/>\n<meta property=\"og:description\" content=\"Introducci\u00f3n Su privacidad es importante para nosotros. A trav\u00e9s de este documento, explicamos qu\u00e9 datos recopilamos de los usuarios, c\u00f3mo\" \/>\n<meta property=\"og:url\" content=\"https:\/\/akatsukianime.com\/en\/politica-de-privacidad\/\" \/>\n<meta property=\"og:site_name\" content=\"Akatsuki anime store\" \/>\n<meta property=\"article:modified_time\" content=\"2024-09-10T10:01:49+00:00\" \/>\n<meta name=\"twitter:card\" content=\"summary_large_image\" \/>\n<meta name=\"twitter:label1\" content=\"Est. reading time\" \/>\n\t<meta name=\"twitter:data1\" content=\"5 minutes\" \/>\n<script type=\"application\/ld+json\" class=\"yoast-schema-graph\">{\"@context\":\"https:\/\/schema.org\",\"@graph\":[{\"@type\":\"WebPage\",\"@id\":\"https:\/\/akatsukianime.com\/politica-de-privacidad\/\",\"url\":\"https:\/\/akatsukianime.com\/politica-de-privacidad\/\",\"name\":\"Pol\u00edtica de Privacidad- Akatsuki anime store\",\"isPartOf\":{\"@id\":\"https:\/\/akatsukianime.com\/#website\"},\"datePublished\":\"2024-09-08T11:25:49+00:00\",\"dateModified\":\"2024-09-10T10:01:49+00:00\",\"breadcrumb\":{\"@id\":\"https:\/\/akatsukianime.com\/politica-de-privacidad\/#breadcrumb\"},\"inLanguage\":\"en-US\",\"potentialAction\":[{\"@type\":\"ReadAction\",\"target\":[\"https:\/\/akatsukianime.com\/politica-de-privacidad\/\"]}]},{\"@type\":\"BreadcrumbList\",\"@id\":\"https:\/\/akatsukianime.com\/politica-de-privacidad\/#breadcrumb\",\"itemListElement\":[{\"@type\":\"ListItem\",\"position\":1,\"name\":\"Portada\",\"item\":\"https:\/\/akatsukianime.com\/\"},{\"@type\":\"ListItem\",\"position\":2,\"name\":\"Pol\u00edtica de Privacidad\"}]},{\"@type\":\"WebSite\",\"@id\":\"https:\/\/akatsukianime.com\/#website\",\"url\":\"https:\/\/akatsukianime.com\/\",\"name\":\"Akatsuki anime store\",\"description\":\"\",\"potentialAction\":[{\"@type\":\"SearchAction\",\"target\":{\"@type\":\"EntryPoint\",\"urlTemplate\":\"https:\/\/akatsukianime.com\/?s={search_term_string}\"},\"query-input\":{\"@type\":\"PropertyValueSpecification\",\"valueRequired\":true,\"valueName\":\"search_term_string\"}}],\"inLanguage\":\"en-US\"}]}<\/script>\n<!-- \/ Yoast SEO plugin. -->","yoast_head_json":{"title":"Pol\u00edtica de Privacidad- Akatsuki anime store","robots":{"index":"index","follow":"follow","max-snippet":"max-snippet:-1","max-image-preview":"max-image-preview:large","max-video-preview":"max-video-preview:-1"},"canonical":"https:\/\/akatsukianime.com\/en\/politica-de-privacidad\/","og_locale":"en_US","og_type":"article","og_title":"Pol\u00edtica de Privacidad- Akatsuki anime store","og_description":"Introducci\u00f3n Su privacidad es importante para nosotros. A trav\u00e9s de este documento, explicamos qu\u00e9 datos recopilamos de los usuarios, c\u00f3mo","og_url":"https:\/\/akatsukianime.com\/en\/politica-de-privacidad\/","og_site_name":"Akatsuki anime store","article_modified_time":"2024-09-10T10:01:49+00:00","twitter_card":"summary_large_image","twitter_misc":{"Est. reading time":"5 minutes"},"schema":{"@context":"https:\/\/schema.org","@graph":[{"@type":"WebPage","@id":"https:\/\/akatsukianime.com\/politica-de-privacidad\/","url":"https:\/\/akatsukianime.com\/politica-de-privacidad\/","name":"Pol\u00edtica de Privacidad- Akatsuki anime store","isPartOf":{"@id":"https:\/\/akatsukianime.com\/#website"},"datePublished":"2024-09-08T11:25:49+00:00","dateModified":"2024-09-10T10:01:49+00:00","breadcrumb":{"@id":"https:\/\/akatsukianime.com\/politica-de-privacidad\/#breadcrumb"},"inLanguage":"en-US","potentialAction":[{"@type":"ReadAction","target":["https:\/\/akatsukianime.com\/politica-de-privacidad\/"]}]},{"@type":"BreadcrumbList","@id":"https:\/\/akatsukianime.com\/politica-de-privacidad\/#breadcrumb","itemListElement":[{"@type":"ListItem","position":1,"name":"Portada","item":"https:\/\/akatsukianime.com\/"},{"@type":"ListItem","position":2,"name":"Pol\u00edtica de Privacidad"}]},{"@type":"WebSite","@id":"https:\/\/akatsukianime.com\/#website","url":"https:\/\/akatsukianime.com\/","name":"Akatsuki anime store","description":"","potentialAction":[{"@type":"SearchAction","target":{"@type":"EntryPoint","urlTemplate":"https:\/\/akatsukianime.com\/?s={search_term_string}"},"query-input":{"@type":"PropertyValueSpecification","valueRequired":true,"valueName":"search_term_string"}}],"inLanguage":"en-US"}]}},"jetpack_sharing_enabled":true,"_links":{"self":[{"href":"https:\/\/akatsukianime.com\/en\/wp-json\/wp\/v2\/pages\/3","targetHints":{"allow":["GET"]}}],"collection":[{"href":"https:\/\/akatsukianime.com\/en\/wp-json\/wp\/v2\/pages"}],"about":[{"href":"https:\/\/akatsukianime.com\/en\/wp-json\/wp\/v2\/types\/page"}],"author":[{"embeddable":true,"href":"https:\/\/akatsukianime.com\/en\/wp-json\/wp\/v2\/users\/1"}],"replies":[{"embeddable":true,"href":"https:\/\/akatsukianime.com\/en\/wp-json\/wp\/v2\/comments?post=3"}],"version-history":[{"count":7,"href":"https:\/\/akatsukianime.com\/en\/wp-json\/wp\/v2\/pages\/3\/revisions"}],"predecessor-version":[{"id":2730,"href":"https:\/\/akatsukianime.com\/en\/wp-json\/wp\/v2\/pages\/3\/revisions\/2730"}],"wp:attachment":[{"href":"https:\/\/akatsukianime.com\/en\/wp-json\/wp\/v2\/media?parent=3"}],"curies":[{"name":"wp","href":"https:\/\/api.w.org\/{rel}","templated":true}]}}