{"id":4190,"date":"2024-10-30T18:25:06","date_gmt":"2024-10-30T17:25:06","guid":{"rendered":"https:\/\/akatsukianime.com\/?page_id=4190"},"modified":"2025-03-06T13:36:38","modified_gmt":"2025-03-06T12:36:38","slug":"informacion_sobre_envio","status":"publish","type":"page","link":"https:\/\/akatsukianime.com\/en\/informacion_sobre_envio\/","title":{"rendered":"Shipping Information"},"content":{"rendered":"<div data-elementor-type=\"wp-page\" data-elementor-id=\"4190\" class=\"elementor elementor-4190\" data-elementor-post-type=\"page\">\n\t\t\t\t<div class=\"wd-negative-gap elementor-element elementor-element-848328d e-flex e-con-boxed e-con e-parent\" data-id=\"848328d\" data-element_type=\"container\">\n\t\t\t\t\t<div class=\"e-con-inner\">\n\t\t\t\t<div class=\"elementor-element elementor-element-4939869 wd-width-100 elementor-widget elementor-widget-wd_title\" data-id=\"4939869\" data-element_type=\"widget\" data-widget_type=\"wd_title.default\">\n\t\t\t\t<div class=\"elementor-widget-container\">\n\t\t\t\t\t\t\t<div class=\"title-wrapper set-mb-s reset-last-child wd-title-color-default wd-title-style-default wd-title-size-default text-center\">\n\n\t\t\t\n\t\t\t<div class=\"liner-continer\">\n\t\t\t\t<h4 class=\"woodmart-title-container title wd-fontsize-l\">Shipping Information<\/h4> \n\t\t\t\t\t\t\t<\/div>\n\n\t\t\t\t\t<\/div>\n\t\t\t\t\t\t<\/div>\n\t\t\t\t<\/div>\n\t\t\t\t<div class=\"elementor-element elementor-element-705a99e elementor-widget elementor-widget-wd_image_or_svg\" data-id=\"705a99e\" data-element_type=\"widget\" data-widget_type=\"wd_image_or_svg.default\">\n\t\t\t\t<div class=\"elementor-widget-container\">\n\t\t\t\t\t\n\t\t<div class=\"wd-image text-center\">\n\t\t\t\t\t\t\t\t<img fetchpriority=\"high\" decoding=\"async\" width=\"740\" height=\"360\" src=\"https:\/\/akatsukianime.com\/wp-content\/uploads\/2024\/10\/envio-gratuito-a-60E.jpg\" class=\"attachment-large size-large\" alt=\"\" srcset=\"https:\/\/akatsukianime.com\/wp-content\/uploads\/2024\/10\/envio-gratuito-a-60E.jpg 740w, https:\/\/akatsukianime.com\/wp-content\/uploads\/2024\/10\/envio-gratuito-a-60E-400x195.jpg 400w, https:\/\/akatsukianime.com\/wp-content\/uploads\/2024\/10\/envio-gratuito-a-60E-18x9.jpg 18w, https:\/\/akatsukianime.com\/wp-content\/uploads\/2024\/10\/envio-gratuito-a-60E-430x209.jpg 430w, https:\/\/akatsukianime.com\/wp-content\/uploads\/2024\/10\/envio-gratuito-a-60E-700x341.jpg 700w, https:\/\/akatsukianime.com\/wp-content\/uploads\/2024\/10\/envio-gratuito-a-60E-150x73.jpg 150w\" sizes=\"(max-width: 740px) 100vw, 740px\" \/>\t\t\t\t\t<\/div>\n\n\t\t\t\t\t\t<\/div>\n\t\t\t\t<\/div>\n\t\t\t\t\t<\/div>\n\t\t\t\t<\/div>\n\t\t<div class=\"wd-negative-gap elementor-element elementor-element-9a71fbc e-flex e-con-boxed e-con e-parent\" data-id=\"9a71fbc\" data-element_type=\"container\">\n\t\t\t\t\t<div class=\"e-con-inner\">\n\t\t\t\t<div class=\"elementor-element elementor-element-c8f6e85 elementor-widget elementor-widget-wd_text_block\" data-id=\"c8f6e85\" data-element_type=\"widget\" data-widget_type=\"wd_text_block.default\">\n\t\t\t\t<div class=\"elementor-widget-container\">\n\t\t\t\t\t\t\t<div class=\"wd-text-block reset-last-child text-left\">\n\t\t\t\n\t\t\t<p>**Shipping Information**<\/p><p>We strive to ensure that you receive your products as quickly as possible and in perfect condition. Below we explain our policies and delivery times to help you plan your purchases:<\/p><p>**1. Order Processing:** <br \/>All orders are processed within 1-2 business days. Once processed, you will receive a shipping confirmation with the details and tracking number so you can track your order at all times.<\/p><p>**2. Estimated Shipping Times:** <br \/>- **Standard Shipping:** 2 to 3 business days<br \/>Premium Shipping: 24 hours.<\/p><p>Pickup in store: free<\/p><p>**3. Shipping costs:** <br \/>We offer free shipping on orders over \u20ac60 to all of mainland Spain. For orders below this amount or for international shipments, shipping costs will be calculated at checkout.<\/p><h2 class=\"background-yellow\">PENINSULA<\/h2><table width=\"378\"><thead><tr><th class=\"bold\">Delivery Times<\/th><th class=\"bold\">Term<\/th><th class=\"bold\">Price<\/th><\/tr><\/thead><tbody><tr><td>Standard Shipping<\/td><td>2 - 3 days<\/td><td class=\"bold\">4,99\u20ac<\/td><\/tr><tr><td>Express Shipping<\/td><td>1 day<\/td><td class=\"bold\">7,99\u20ac<\/td><\/tr><tr><td>Free Shipping (from 60\u20ac)<\/td><td>1-3 day<\/td><td class=\"bold\">Free<\/td><\/tr><\/tbody><\/table><h2 class=\"background-yellow\">BALEARICS<\/h2><table width=\"256\"><thead><tr><th class=\"bold\">Delivery Times<\/th><th class=\"bold\">Term<\/th><th class=\"bold\">Price<\/th><\/tr><\/thead><tbody><tr><td>Standard Shipping<\/td><td>3 - 5 days<\/td><td class=\"bold\">12.99\u20ac<\/td><\/tr><\/tbody><\/table><h2 class=\"background-yellow\">Las Palmas<\/h2><table width=\"256\"><thead><tr><th class=\"bold\">Delivery Times<\/th><th class=\"bold\">Term<\/th><th class=\"bold\">Price<\/th><\/tr><\/thead><tbody><tr><td>Standard Shipping<\/td><td>3 - 5 days<\/td><td class=\"bold\"><p>*Under consultation<\/p><\/td><\/tr><\/tbody><\/table><ul><li><span style=\"color: #ff0000;\">Shipments to Las Palmas are subject to an exceptional fee due to customs inspections. Contact us through the following two channels:<\/span><\/li><\/ul><p>Emal: info.akatsukistore@gmail.com<\/p><p>Instagram: Private message to @Akatsukistore_BCN<\/p><h2 class=\"background-yellow\">Europe<\/h2><table width=\"256\"><thead><tr><th class=\"bold\">Delivery Times<\/th><th class=\"bold\">Term<\/th><th class=\"bold\">Price<\/th><\/tr><\/thead><tbody><tr><td>Standard Shipping<\/td><td>3 - 5 days<\/td><td class=\"bold\">*Temporarily unavailable<\/td><\/tr><\/tbody><\/table><p>**4. Track your Order:** <br \/>To track the status of your shipment, you can use the tracking number that we will provide you when processing your order. You just need to enter this number on our courier service page.<\/p><p>**5. Return Policies:**<\/p><p>In the event that the product is defective, we will replace it with an identical one, free of charge, provided that the manufacturer\/supplier accepts it as a manufacturing error.<strong><br \/><\/strong><br \/>1. If the return is due to a manufacturing\/supplier error, shipping costs will be borne by Akatsuki Anime Store.<\/p><p>2. If the reasons for return are other or the Manufacturer\/Supplier does not consider the product to be defective, the return will be accepted but all costs arising from receiving the merchandise and refunding the money will be borne by the buyer.<\/p><p>The refund will be made once the product has been received in our stores and it has been confirmed that everything is correct.<\/p><p>If you need to make a return or exchange, please refer to our **Return Policies** section for the steps and requirements.<\/p><p>We are committed to providing you with an excellent shopping experience and are here to answer any questions you may have about the shipping process.<\/p><p>Thank you for trusting us!<\/p>\n\t\t\t\t\t<\/div>\n\t\t\t\t\t\t<\/div>\n\t\t\t\t<\/div>\n\t\t\t\t\t<\/div>\n\t\t\t\t<\/div>\n\t\t\t\t<\/div>","protected":false},"excerpt":{"rendered":"<p>Informaci\u00f3n sobre envios **Informaci\u00f3n sobre Env\u00edos** Nos esforzamos para que recibas tus productos lo antes posible y en perfectas condiciones.<\/p>","protected":false},"author":2,"featured_media":0,"parent":0,"menu_order":0,"comment_status":"closed","ping_status":"closed","template":"","meta":{"footnotes":""},"class_list":["post-4190","page","type-page","status-publish","hentry"],"yoast_head":"<!-- This site is optimized with the Yoast SEO plugin v24.2 - https:\/\/yoast.com\/wordpress\/plugins\/seo\/ -->\n<title>Informaci\u00f3n sobre envios- Akatsuki anime store<\/title>\n<meta name=\"robots\" content=\"index, follow, max-snippet:-1, max-image-preview:large, max-video-preview:-1\" \/>\n<link rel=\"canonical\" href=\"https:\/\/akatsukianime.com\/en\/informacion_sobre_envio\/\" \/>\n<meta property=\"og:locale\" content=\"en_US\" \/>\n<meta property=\"og:type\" content=\"article\" \/>\n<meta property=\"og:title\" content=\"Informaci\u00f3n sobre envios- Akatsuki anime store\" \/>\n<meta property=\"og:description\" content=\"Informaci\u00f3n sobre envios **Informaci\u00f3n sobre Env\u00edos** Nos esforzamos para que recibas tus productos lo antes posible y en perfectas condiciones.\" \/>\n<meta property=\"og:url\" content=\"https:\/\/akatsukianime.com\/en\/informacion_sobre_envio\/\" \/>\n<meta property=\"og:site_name\" content=\"Akatsuki anime store\" \/>\n<meta property=\"article:modified_time\" content=\"2025-03-06T12:36:38+00:00\" \/>\n<meta property=\"og:image\" content=\"https:\/\/akatsukianime.com\/wp-content\/uploads\/2024\/10\/envio-gratuito-a-60E.jpg\" \/>\n<meta name=\"twitter:card\" content=\"summary_large_image\" \/>\n<meta name=\"twitter:label1\" content=\"Est. reading time\" \/>\n\t<meta name=\"twitter:data1\" content=\"3 minutes\" \/>\n<script type=\"application\/ld+json\" class=\"yoast-schema-graph\">{\"@context\":\"https:\/\/schema.org\",\"@graph\":[{\"@type\":\"WebPage\",\"@id\":\"https:\/\/akatsukianime.com\/informacion_sobre_envio\/\",\"url\":\"https:\/\/akatsukianime.com\/informacion_sobre_envio\/\",\"name\":\"Informaci\u00f3n sobre envios- Akatsuki anime store\",\"isPartOf\":{\"@id\":\"https:\/\/akatsukianime.com\/#website\"},\"primaryImageOfPage\":{\"@id\":\"https:\/\/akatsukianime.com\/informacion_sobre_envio\/#primaryimage\"},\"image\":{\"@id\":\"https:\/\/akatsukianime.com\/informacion_sobre_envio\/#primaryimage\"},\"thumbnailUrl\":\"https:\/\/akatsukianime.com\/wp-content\/uploads\/2024\/10\/envio-gratuito-a-60E.jpg\",\"datePublished\":\"2024-10-30T17:25:06+00:00\",\"dateModified\":\"2025-03-06T12:36:38+00:00\",\"breadcrumb\":{\"@id\":\"https:\/\/akatsukianime.com\/informacion_sobre_envio\/#breadcrumb\"},\"inLanguage\":\"en-US\",\"potentialAction\":[{\"@type\":\"ReadAction\",\"target\":[\"https:\/\/akatsukianime.com\/informacion_sobre_envio\/\"]}]},{\"@type\":\"ImageObject\",\"inLanguage\":\"en-US\",\"@id\":\"https:\/\/akatsukianime.com\/informacion_sobre_envio\/#primaryimage\",\"url\":\"https:\/\/akatsukianime.com\/wp-content\/uploads\/2024\/10\/envio-gratuito-a-60E.jpg\",\"contentUrl\":\"https:\/\/akatsukianime.com\/wp-content\/uploads\/2024\/10\/envio-gratuito-a-60E.jpg\"},{\"@type\":\"BreadcrumbList\",\"@id\":\"https:\/\/akatsukianime.com\/informacion_sobre_envio\/#breadcrumb\",\"itemListElement\":[{\"@type\":\"ListItem\",\"position\":1,\"name\":\"Portada\",\"item\":\"https:\/\/akatsukianime.com\/\"},{\"@type\":\"ListItem\",\"position\":2,\"name\":\"Informaci\u00f3n sobre envios\"}]},{\"@type\":\"WebSite\",\"@id\":\"https:\/\/akatsukianime.com\/#website\",\"url\":\"https:\/\/akatsukianime.com\/\",\"name\":\"Akatsuki anime store\",\"description\":\"\",\"potentialAction\":[{\"@type\":\"SearchAction\",\"target\":{\"@type\":\"EntryPoint\",\"urlTemplate\":\"https:\/\/akatsukianime.com\/?s={search_term_string}\"},\"query-input\":{\"@type\":\"PropertyValueSpecification\",\"valueRequired\":true,\"valueName\":\"search_term_string\"}}],\"inLanguage\":\"en-US\"}]}<\/script>\n<!-- \/ Yoast SEO plugin. -->","yoast_head_json":{"title":"Informaci\u00f3n sobre envios- Akatsuki anime store","robots":{"index":"index","follow":"follow","max-snippet":"max-snippet:-1","max-image-preview":"max-image-preview:large","max-video-preview":"max-video-preview:-1"},"canonical":"https:\/\/akatsukianime.com\/en\/informacion_sobre_envio\/","og_locale":"en_US","og_type":"article","og_title":"Informaci\u00f3n sobre envios- Akatsuki anime store","og_description":"Informaci\u00f3n sobre envios **Informaci\u00f3n sobre Env\u00edos** Nos esforzamos para que recibas tus productos lo antes posible y en perfectas condiciones.","og_url":"https:\/\/akatsukianime.com\/en\/informacion_sobre_envio\/","og_site_name":"Akatsuki anime store","article_modified_time":"2025-03-06T12:36:38+00:00","og_image":[{"url":"https:\/\/akatsukianime.com\/wp-content\/uploads\/2024\/10\/envio-gratuito-a-60E.jpg","type":"","width":"","height":""}],"twitter_card":"summary_large_image","twitter_misc":{"Est. reading time":"3 minutes"},"schema":{"@context":"https:\/\/schema.org","@graph":[{"@type":"WebPage","@id":"https:\/\/akatsukianime.com\/informacion_sobre_envio\/","url":"https:\/\/akatsukianime.com\/informacion_sobre_envio\/","name":"Informaci\u00f3n sobre envios- Akatsuki anime store","isPartOf":{"@id":"https:\/\/akatsukianime.com\/#website"},"primaryImageOfPage":{"@id":"https:\/\/akatsukianime.com\/informacion_sobre_envio\/#primaryimage"},"image":{"@id":"https:\/\/akatsukianime.com\/informacion_sobre_envio\/#primaryimage"},"thumbnailUrl":"https:\/\/akatsukianime.com\/wp-content\/uploads\/2024\/10\/envio-gratuito-a-60E.jpg","datePublished":"2024-10-30T17:25:06+00:00","dateModified":"2025-03-06T12:36:38+00:00","breadcrumb":{"@id":"https:\/\/akatsukianime.com\/informacion_sobre_envio\/#breadcrumb"},"inLanguage":"en-US","potentialAction":[{"@type":"ReadAction","target":["https:\/\/akatsukianime.com\/informacion_sobre_envio\/"]}]},{"@type":"ImageObject","inLanguage":"en-US","@id":"https:\/\/akatsukianime.com\/informacion_sobre_envio\/#primaryimage","url":"https:\/\/akatsukianime.com\/wp-content\/uploads\/2024\/10\/envio-gratuito-a-60E.jpg","contentUrl":"https:\/\/akatsukianime.com\/wp-content\/uploads\/2024\/10\/envio-gratuito-a-60E.jpg"},{"@type":"BreadcrumbList","@id":"https:\/\/akatsukianime.com\/informacion_sobre_envio\/#breadcrumb","itemListElement":[{"@type":"ListItem","position":1,"name":"Portada","item":"https:\/\/akatsukianime.com\/"},{"@type":"ListItem","position":2,"name":"Informaci\u00f3n sobre envios"}]},{"@type":"WebSite","@id":"https:\/\/akatsukianime.com\/#website","url":"https:\/\/akatsukianime.com\/","name":"Akatsuki anime store","description":"","potentialAction":[{"@type":"SearchAction","target":{"@type":"EntryPoint","urlTemplate":"https:\/\/akatsukianime.com\/?s={search_term_string}"},"query-input":{"@type":"PropertyValueSpecification","valueRequired":true,"valueName":"search_term_string"}}],"inLanguage":"en-US"}]}},"jetpack_sharing_enabled":true,"_links":{"self":[{"href":"https:\/\/akatsukianime.com\/en\/wp-json\/wp\/v2\/pages\/4190","targetHints":{"allow":["GET"]}}],"collection":[{"href":"https:\/\/akatsukianime.com\/en\/wp-json\/wp\/v2\/pages"}],"about":[{"href":"https:\/\/akatsukianime.com\/en\/wp-json\/wp\/v2\/types\/page"}],"author":[{"embeddable":true,"href":"https:\/\/akatsukianime.com\/en\/wp-json\/wp\/v2\/users\/2"}],"replies":[{"embeddable":true,"href":"https:\/\/akatsukianime.com\/en\/wp-json\/wp\/v2\/comments?post=4190"}],"version-history":[{"count":32,"href":"https:\/\/akatsukianime.com\/en\/wp-json\/wp\/v2\/pages\/4190\/revisions"}],"predecessor-version":[{"id":5632,"href":"https:\/\/akatsukianime.com\/en\/wp-json\/wp\/v2\/pages\/4190\/revisions\/5632"}],"wp:attachment":[{"href":"https:\/\/akatsukianime.com\/en\/wp-json\/wp\/v2\/media?parent=4190"}],"curies":[{"name":"wp","href":"https:\/\/api.w.org\/{rel}","templated":true}]}}