{"id":3059,"date":"2024-10-07T19:26:58","date_gmt":"2024-10-07T17:26:58","guid":{"rendered":"https:\/\/akatsukianime.com\/?post_type=product&#038;p=3059"},"modified":"2025-08-01T10:53:42","modified_gmt":"2025-08-01T08:53:42","slug":"mobile-suit-gundam-chars-counterattack-rg-29-msn-04-sazabi-1-144-scale-model-kit","status":"publish","type":"product","link":"https:\/\/akatsukianime.com\/en\/product\/mobile-suit-gundam-chars-counterattack-rg-29-msn-04-sazabi-1-144-scale-model-kit\/","title":{"rendered":"Mobile Suit Gundam: Char&#039;s Counterattack RG #29 MSN-04 Sazabi 1\/144 Scale Model Kit"},"content":{"rendered":"<p><strong>Pieces to build:<\/strong><\/p>\n<ul>\n<li><strong>MSN-04 Sazabi<\/strong><\/li>\n<li><strong>Shield<\/strong><\/li>\n<li><strong>Funnels<\/strong><\/li>\n<li><strong>Energy Shot Rifle<\/strong><\/li>\n<li><strong>Beam Sabers<\/strong><\/li>\n<li><strong>Beam Tomahawk<\/strong><\/li>\n<li><strong>2 pairs of alternating hands<\/strong><\/li>\n<li><strong>Hand on the trigger<\/strong><\/li>\n<li><strong>Decals<\/strong><\/li>\n<li><strong>Instructions<\/strong><\/li>\n<\/ul>","protected":false},"excerpt":{"rendered":"<p><strong>The Sazabi, one of the most iconic Mobile Suits of the Red Comet, Char Aznable, comes to life in Real Grade 1\/144 format!<\/strong> From the movie <strong>&quot;Mobile Suit Gundam: Char&#039;s Counterattack,&quot;<\/strong> This imposing red mobile suit stands out for its intricate level of detail and its features that allow for a wide variety of dynamic poses.<\/p>\n<p>Particular attention has been paid to ensuring both superficial and functional detail, incorporating elements never before seen in previous interpretations of the Sazabi, including deployment and opening mechanisms.<\/p>\n<p>The model has numerous moving parts, including <strong>funnels<\/strong> with opening fins, a head that can be opened to reveal the cockpit, recoil action on the energy-firing rifle barrel, pistons that move in conjunction with other parts and opening maintenance hatches. Plus, it includes 6 hands and a right trigger hand, offering a variety of display options!<\/p>\n<p><strong>Product Features:<\/strong><\/p>\n<ul>\n<li><strong>17 cm model<\/strong><\/li>\n<li><strong>Made of plastic<\/strong><\/li>\n<li><strong>From Mobile Suit Gundam: Char&#039;s Counterattack<\/strong><\/li>\n<li><strong>Mechanisms that allow a wide variety of dynamic poses to be performed<\/strong><\/li>\n<li><strong>Numerous moving parts, including funnels with opening flaps<\/strong><\/li>\n<li><strong>Instructions may or may not include English translation.<\/strong><\/li>\n<\/ul>","protected":false},"featured_media":3868,"template":"","meta":[],"product_cat":[94,66,113,61,56],"product_tag":[116,106,109,104,115,114],"class_list":{"0":"post-3059","1":"product","2":"type-product","3":"status-publish","4":"has-post-thumbnail","6":"product_cat-bandai-hobby-site","7":"product_cat-model-kit","8":"product_cat-4-real-grade-1-144","9":"product_cat-novedades","10":"product_cat-gundam","11":"product_tag-1-144","12":"product_tag-bandai-hobby","13":"product_tag-gundam","14":"product_tag-model-kit","15":"product_tag-real-grade","16":"product_tag-sazabi","18":"first","19":"outofstock","20":"taxable","21":"shipping-taxable","22":"purchasable","23":"product-type-simple"},"yoast_head":"<!-- This site is optimized with the Yoast SEO plugin v24.2 - https:\/\/yoast.com\/wordpress\/plugins\/seo\/ -->\n<title>Mobile Suit Gundam: Char&#039;s Counterattack RG #29 MSN-04 Sazabi 1\/144 Scale Model Kit - Akatsuki anime store<\/title>\n<meta name=\"robots\" content=\"index, follow, max-snippet:-1, max-image-preview:large, max-video-preview:-1\" \/>\n<link rel=\"canonical\" href=\"https:\/\/akatsukianime.com\/en\/product\/mobile-suit-gundam-chars-counterattack-rg-29-msn-04-sazabi-1-144-scale-model-kit\/\" \/>\n<meta property=\"og:locale\" content=\"en_US\" \/>\n<meta property=\"og:type\" content=\"article\" \/>\n<meta property=\"og:title\" content=\"Mobile Suit Gundam: Char&#039;s Counterattack RG #29 MSN-04 Sazabi 1\/144 Scale Model Kit - Akatsuki anime store\" \/>\n<meta property=\"og:description\" content=\"\u00a1El Sazabi, uno de los Mobile Suit\u00a0 m\u00e1s ic\u00f3nicos del Cometa Rojo, Char Aznable, cobra vida en el formato Real Grade 1\/144! Proveniente de la pel\u00edcula &quot;Mobile Suit Gundam: Char&#039;s Counterattack,&quot; este imponente mobile suit rojo destaca por su intrincado nivel de detalle y por sus caracter\u00edsticas que permiten una amplia variedad de poses din\u00e1micas.  Se ha prestado especial atenci\u00f3n para garantizar tanto el detalle superficial como el funcional, incorporando elementos nunca antes vistos en interpretaciones anteriores del Sazabi, incluidos mecanismos de despliegue y apertura.  El modelo cuenta con numerosas piezas m\u00f3viles, que incluyen funnels con aletas que se abren, una cabeza que se puede abrir para revelar la cabina, acci\u00f3n de retroceso en el ca\u00f1\u00f3n del rifle de tiro de energ\u00eda, pistones que se mueven en conjunto con otras partes y escotillas de mantenimiento que se abren. \u00a1Adem\u00e1s, incluye 6 manos y una mano derecha para el gatillo, ofreciendo una variedad de opciones de exhibici\u00f3n!  Caracter\u00edsticas del producto:   Maqueta de 17 cms  Hecho de pl\u00e1stico  De Mobile Suit Gundam: Char&#039;s Counterattack  Mecanismos que permiten realizar una amplia variedad de poses din\u00e1micas  Numerosas piezas m\u00f3viles, incluyendo funnels con aletas que se abren  Las instrucciones pueden incluir o no traducci\u00f3n al ingl\u00e9s\" \/>\n<meta property=\"og:url\" content=\"https:\/\/akatsukianime.com\/en\/product\/mobile-suit-gundam-chars-counterattack-rg-29-msn-04-sazabi-1-144-scale-model-kit\/\" \/>\n<meta property=\"og:site_name\" content=\"Akatsuki anime store\" \/>\n<meta property=\"article:modified_time\" content=\"2025-08-01T08:53:42+00:00\" \/>\n<meta property=\"og:image\" content=\"https:\/\/akatsukianime.com\/wp-content\/uploads\/2024\/10\/Mobile-Suit-Gundam-Chars-Counterattack-RG-29-MSN-04-Sazabi-1144-Scale-Model-Kit.jpg\" \/>\n\t<meta property=\"og:image:width\" content=\"1000\" \/>\n\t<meta property=\"og:image:height\" content=\"1000\" \/>\n\t<meta property=\"og:image:type\" content=\"image\/jpeg\" \/>\n<meta name=\"twitter:card\" content=\"summary_large_image\" \/>\n<meta name=\"twitter:label1\" content=\"Est. reading time\" \/>\n\t<meta name=\"twitter:data1\" content=\"1 minute\" \/>\n<script type=\"application\/ld+json\" class=\"yoast-schema-graph\">{\"@context\":\"https:\/\/schema.org\",\"@graph\":[{\"@type\":[\"WebPage\",\"ItemPage\"],\"@id\":\"https:\/\/akatsukianime.com\/product\/mobile-suit-gundam-chars-counterattack-rg-29-msn-04-sazabi-1-144-scale-model-kit\/\",\"url\":\"https:\/\/akatsukianime.com\/product\/mobile-suit-gundam-chars-counterattack-rg-29-msn-04-sazabi-1-144-scale-model-kit\/\",\"name\":\"Mobile Suit Gundam: Char's Counterattack RG #29 MSN-04 Sazabi 1\/144 Scale Model Kit - Akatsuki anime store\",\"isPartOf\":{\"@id\":\"https:\/\/akatsukianime.com\/#website\"},\"primaryImageOfPage\":{\"@id\":\"https:\/\/akatsukianime.com\/product\/mobile-suit-gundam-chars-counterattack-rg-29-msn-04-sazabi-1-144-scale-model-kit\/#primaryimage\"},\"image\":{\"@id\":\"https:\/\/akatsukianime.com\/product\/mobile-suit-gundam-chars-counterattack-rg-29-msn-04-sazabi-1-144-scale-model-kit\/#primaryimage\"},\"thumbnailUrl\":\"https:\/\/akatsukianime.com\/wp-content\/uploads\/2024\/10\/Mobile-Suit-Gundam-Chars-Counterattack-RG-29-MSN-04-Sazabi-1144-Scale-Model-Kit.jpg\",\"datePublished\":\"2024-10-07T17:26:58+00:00\",\"dateModified\":\"2025-08-01T08:53:42+00:00\",\"breadcrumb\":{\"@id\":\"https:\/\/akatsukianime.com\/product\/mobile-suit-gundam-chars-counterattack-rg-29-msn-04-sazabi-1-144-scale-model-kit\/#breadcrumb\"},\"inLanguage\":\"en-US\",\"potentialAction\":[{\"@type\":\"ReadAction\",\"target\":[\"https:\/\/akatsukianime.com\/product\/mobile-suit-gundam-chars-counterattack-rg-29-msn-04-sazabi-1-144-scale-model-kit\/\"]}]},{\"@type\":\"ImageObject\",\"inLanguage\":\"en-US\",\"@id\":\"https:\/\/akatsukianime.com\/product\/mobile-suit-gundam-chars-counterattack-rg-29-msn-04-sazabi-1-144-scale-model-kit\/#primaryimage\",\"url\":\"https:\/\/akatsukianime.com\/wp-content\/uploads\/2024\/10\/Mobile-Suit-Gundam-Chars-Counterattack-RG-29-MSN-04-Sazabi-1144-Scale-Model-Kit.jpg\",\"contentUrl\":\"https:\/\/akatsukianime.com\/wp-content\/uploads\/2024\/10\/Mobile-Suit-Gundam-Chars-Counterattack-RG-29-MSN-04-Sazabi-1144-Scale-Model-Kit.jpg\",\"width\":1000,\"height\":1000,\"caption\":\"Mobile Suit Gundam Char's Counterattack RG #29 MSN-04 Sazabi 1144 Scale Model Kit\"},{\"@type\":\"BreadcrumbList\",\"@id\":\"https:\/\/akatsukianime.com\/product\/mobile-suit-gundam-chars-counterattack-rg-29-msn-04-sazabi-1-144-scale-model-kit\/#breadcrumb\",\"itemListElement\":[{\"@type\":\"ListItem\",\"position\":1,\"name\":\"Portada\",\"item\":\"https:\/\/akatsukianime.com\/\"},{\"@type\":\"ListItem\",\"position\":2,\"name\":\"Tienda\",\"item\":\"https:\/\/akatsukianime.com\/tienda\/\"},{\"@type\":\"ListItem\",\"position\":3,\"name\":\"Mobile Suit Gundam: Char&#8217;s Counterattack RG #29 MSN-04 Sazabi 1\/144 Scale Model Kit\"}]},{\"@type\":\"WebSite\",\"@id\":\"https:\/\/akatsukianime.com\/#website\",\"url\":\"https:\/\/akatsukianime.com\/\",\"name\":\"Akatsuki anime store\",\"description\":\"\",\"potentialAction\":[{\"@type\":\"SearchAction\",\"target\":{\"@type\":\"EntryPoint\",\"urlTemplate\":\"https:\/\/akatsukianime.com\/?s={search_term_string}\"},\"query-input\":{\"@type\":\"PropertyValueSpecification\",\"valueRequired\":true,\"valueName\":\"search_term_string\"}}],\"inLanguage\":\"en-US\"}]}<\/script>\n<!-- \/ Yoast SEO plugin. -->","yoast_head_json":{"title":"Mobile Suit Gundam: Char's Counterattack RG #29 MSN-04 Sazabi 1\/144 Scale Model Kit - Akatsuki anime store","robots":{"index":"index","follow":"follow","max-snippet":"max-snippet:-1","max-image-preview":"max-image-preview:large","max-video-preview":"max-video-preview:-1"},"canonical":"https:\/\/akatsukianime.com\/en\/product\/mobile-suit-gundam-chars-counterattack-rg-29-msn-04-sazabi-1-144-scale-model-kit\/","og_locale":"en_US","og_type":"article","og_title":"Mobile Suit Gundam: Char's Counterattack RG #29 MSN-04 Sazabi 1\/144 Scale Model Kit - Akatsuki anime store","og_description":"\u00a1El Sazabi, uno de los Mobile Suit\u00a0 m\u00e1s ic\u00f3nicos del Cometa Rojo, Char Aznable, cobra vida en el formato Real Grade 1\/144! Proveniente de la pel\u00edcula \"Mobile Suit Gundam: Char's Counterattack,\" este imponente mobile suit rojo destaca por su intrincado nivel de detalle y por sus caracter\u00edsticas que permiten una amplia variedad de poses din\u00e1micas.  Se ha prestado especial atenci\u00f3n para garantizar tanto el detalle superficial como el funcional, incorporando elementos nunca antes vistos en interpretaciones anteriores del Sazabi, incluidos mecanismos de despliegue y apertura.  El modelo cuenta con numerosas piezas m\u00f3viles, que incluyen funnels con aletas que se abren, una cabeza que se puede abrir para revelar la cabina, acci\u00f3n de retroceso en el ca\u00f1\u00f3n del rifle de tiro de energ\u00eda, pistones que se mueven en conjunto con otras partes y escotillas de mantenimiento que se abren. \u00a1Adem\u00e1s, incluye 6 manos y una mano derecha para el gatillo, ofreciendo una variedad de opciones de exhibici\u00f3n!  Caracter\u00edsticas del producto:   Maqueta de 17 cms  Hecho de pl\u00e1stico  De Mobile Suit Gundam: Char's Counterattack  Mecanismos que permiten realizar una amplia variedad de poses din\u00e1micas  Numerosas piezas m\u00f3viles, incluyendo funnels con aletas que se abren  Las instrucciones pueden incluir o no traducci\u00f3n al ingl\u00e9s","og_url":"https:\/\/akatsukianime.com\/en\/product\/mobile-suit-gundam-chars-counterattack-rg-29-msn-04-sazabi-1-144-scale-model-kit\/","og_site_name":"Akatsuki anime store","article_modified_time":"2025-08-01T08:53:42+00:00","og_image":[{"width":1000,"height":1000,"url":"https:\/\/akatsukianime.com\/wp-content\/uploads\/2024\/10\/Mobile-Suit-Gundam-Chars-Counterattack-RG-29-MSN-04-Sazabi-1144-Scale-Model-Kit.jpg","type":"image\/jpeg"}],"twitter_card":"summary_large_image","twitter_misc":{"Est. reading time":"1 minute"},"schema":{"@context":"https:\/\/schema.org","@graph":[{"@type":["WebPage","ItemPage"],"@id":"https:\/\/akatsukianime.com\/product\/mobile-suit-gundam-chars-counterattack-rg-29-msn-04-sazabi-1-144-scale-model-kit\/","url":"https:\/\/akatsukianime.com\/product\/mobile-suit-gundam-chars-counterattack-rg-29-msn-04-sazabi-1-144-scale-model-kit\/","name":"Mobile Suit Gundam: Char's Counterattack RG #29 MSN-04 Sazabi 1\/144 Scale Model Kit - Akatsuki anime store","isPartOf":{"@id":"https:\/\/akatsukianime.com\/#website"},"primaryImageOfPage":{"@id":"https:\/\/akatsukianime.com\/product\/mobile-suit-gundam-chars-counterattack-rg-29-msn-04-sazabi-1-144-scale-model-kit\/#primaryimage"},"image":{"@id":"https:\/\/akatsukianime.com\/product\/mobile-suit-gundam-chars-counterattack-rg-29-msn-04-sazabi-1-144-scale-model-kit\/#primaryimage"},"thumbnailUrl":"https:\/\/akatsukianime.com\/wp-content\/uploads\/2024\/10\/Mobile-Suit-Gundam-Chars-Counterattack-RG-29-MSN-04-Sazabi-1144-Scale-Model-Kit.jpg","datePublished":"2024-10-07T17:26:58+00:00","dateModified":"2025-08-01T08:53:42+00:00","breadcrumb":{"@id":"https:\/\/akatsukianime.com\/product\/mobile-suit-gundam-chars-counterattack-rg-29-msn-04-sazabi-1-144-scale-model-kit\/#breadcrumb"},"inLanguage":"en-US","potentialAction":[{"@type":"ReadAction","target":["https:\/\/akatsukianime.com\/product\/mobile-suit-gundam-chars-counterattack-rg-29-msn-04-sazabi-1-144-scale-model-kit\/"]}]},{"@type":"ImageObject","inLanguage":"en-US","@id":"https:\/\/akatsukianime.com\/product\/mobile-suit-gundam-chars-counterattack-rg-29-msn-04-sazabi-1-144-scale-model-kit\/#primaryimage","url":"https:\/\/akatsukianime.com\/wp-content\/uploads\/2024\/10\/Mobile-Suit-Gundam-Chars-Counterattack-RG-29-MSN-04-Sazabi-1144-Scale-Model-Kit.jpg","contentUrl":"https:\/\/akatsukianime.com\/wp-content\/uploads\/2024\/10\/Mobile-Suit-Gundam-Chars-Counterattack-RG-29-MSN-04-Sazabi-1144-Scale-Model-Kit.jpg","width":1000,"height":1000,"caption":"Mobile Suit Gundam Char's Counterattack RG #29 MSN-04 Sazabi 1144 Scale Model Kit"},{"@type":"BreadcrumbList","@id":"https:\/\/akatsukianime.com\/product\/mobile-suit-gundam-chars-counterattack-rg-29-msn-04-sazabi-1-144-scale-model-kit\/#breadcrumb","itemListElement":[{"@type":"ListItem","position":1,"name":"Portada","item":"https:\/\/akatsukianime.com\/"},{"@type":"ListItem","position":2,"name":"Tienda","item":"https:\/\/akatsukianime.com\/tienda\/"},{"@type":"ListItem","position":3,"name":"Mobile Suit Gundam: Char&#8217;s Counterattack RG #29 MSN-04 Sazabi 1\/144 Scale Model Kit"}]},{"@type":"WebSite","@id":"https:\/\/akatsukianime.com\/#website","url":"https:\/\/akatsukianime.com\/","name":"Akatsuki anime store","description":"","potentialAction":[{"@type":"SearchAction","target":{"@type":"EntryPoint","urlTemplate":"https:\/\/akatsukianime.com\/?s={search_term_string}"},"query-input":{"@type":"PropertyValueSpecification","valueRequired":true,"valueName":"search_term_string"}}],"inLanguage":"en-US"}]}},"jetpack_sharing_enabled":true,"_links":{"self":[{"href":"https:\/\/akatsukianime.com\/en\/wp-json\/wp\/v2\/product\/3059","targetHints":{"allow":["GET"]}}],"collection":[{"href":"https:\/\/akatsukianime.com\/en\/wp-json\/wp\/v2\/product"}],"about":[{"href":"https:\/\/akatsukianime.com\/en\/wp-json\/wp\/v2\/types\/product"}],"version-history":[{"count":1,"href":"https:\/\/akatsukianime.com\/en\/wp-json\/wp\/v2\/product\/3059\/revisions"}],"predecessor-version":[{"id":3070,"href":"https:\/\/akatsukianime.com\/en\/wp-json\/wp\/v2\/product\/3059\/revisions\/3070"}],"wp:featuredmedia":[{"embeddable":true,"href":"https:\/\/akatsukianime.com\/en\/wp-json\/wp\/v2\/media\/3868"}],"wp:attachment":[{"href":"https:\/\/akatsukianime.com\/en\/wp-json\/wp\/v2\/media?parent=3059"}],"wp:term":[{"taxonomy":"product_cat","embeddable":true,"href":"https:\/\/akatsukianime.com\/en\/wp-json\/wp\/v2\/product_cat?post=3059"},{"taxonomy":"product_tag","embeddable":true,"href":"https:\/\/akatsukianime.com\/en\/wp-json\/wp\/v2\/product_tag?post=3059"}],"curies":[{"name":"wp","href":"https:\/\/api.w.org\/{rel}","templated":true}]}}