{"id":3124,"date":"2024-10-07T20:06:06","date_gmt":"2024-10-07T18:06:06","guid":{"rendered":"https:\/\/akatsukianime.com\/?post_type=product&#038;p=3124"},"modified":"2025-12-18T00:38:05","modified_gmt":"2025-12-17T23:38:05","slug":"naruto-shippuden-figuartszero-extra-battle-naruto-uzumaki-sage-art-lava-release-rasenshuriken","status":"publish","type":"product","link":"https:\/\/akatsukianime.com\/en\/product\/naruto-shippuden-figuartszero-extra-battle-naruto-uzumaki-sage-art-lava-release-rasenshuriken\/","title":{"rendered":"Naruto: Shippuden FiguartsZERO Extra Battle Naruto Uzumaki (Sage Art Lava Release Rasenshuriken)"},"content":{"rendered":"<p><strong>Product Features:<\/strong><\/p>\n<ul>\n<li><strong>Approximate height 9.45 inches (24 cm)<\/strong>: Perfect to display in your collection.<\/li>\n<li><strong>Made of ABS and PVC<\/strong>: High quality materials for greater durability.<\/li>\n<li><strong>From the anime series Naruto: Shippuden<\/strong>: A tribute to one of the most beloved animes.<\/li>\n<li><strong>Part of the FiguartsZERO series<\/strong>: Designed to capture the essence of your favorite characters.<\/li>\n<li><strong>Highly detailed<\/strong>: Each figure features a meticulous finish that highlights its design.<\/li>\n<li><strong>Not articulated<\/strong>: Ideal for those who prefer the aesthetics of static figures.<\/li>\n<\/ul>","protected":false},"excerpt":{"rendered":"<p><strong>Product Description:<\/strong><\/p>\n<p>From <strong>\u00abNaruto: Shippuden,\u00bb<\/strong> Naruto Uzumaki \u2013 <strong>Sage Art: Lava Rasenshuriken<\/strong> \u2013 joins the series <strong>EXTRA BATTLE<\/strong>!<\/p>\n<p><strong>Naruto<\/strong> It is a Japanese franchise created by <strong>Masashi Kishimoto<\/strong> which tells the story of a troubled but aspiring young ninja named <strong>Naruto Uzumaki<\/strong>The franchise began as a manga series and later received anime adaptations that continued the long-running story, including <strong>Naruto: Shippuden<\/strong> and <strong>Boruto: Naruto Next Generations<\/strong>.<\/p>\n<p><strong>FiguartsZERO<\/strong><\/p>\n<p>A series of static figures that capture the charm and world of your favorite characters, using cutting-edge modeling, painting, effects and more techniques.<\/p>\n<p>Box contents:<\/p>\n<ul>\n<li><strong>Naruto Uzumaki Statue\u00a0<\/strong><\/li>\n<li><strong>Lava Rasenshuriken<\/strong><\/li>\n<li><strong>Base<\/strong><\/li>\n<\/ul>","protected":false},"featured_media":3866,"template":"","meta":[],"product_cat":[276,91,65,61,45],"product_tag":[224,87,136,88,132,220,135,133,85,134],"class_list":{"0":"post-3124","1":"product","2":"type-product","3":"status-publish","4":"has-post-thumbnail","6":"product_cat-figuarts-zero","7":"product_cat-tamashii-nations","8":"product_cat-figuras","9":"product_cat-novedades","10":"product_cat-naruto","11":"product_tag-c","12":"product_tag-estatua","13":"product_tag-extra-battle","14":"product_tag-figuarts-zero","15":"product_tag-naruto","16":"product_tag-naruto-shippuden","17":"product_tag-rasenshuriken","18":"product_tag-shippuden","19":"product_tag-tamashii-nations","20":"product_tag-uzumaki","22":"first","23":"outofstock","24":"sold-individually","25":"taxable","26":"shipping-taxable","27":"purchasable","28":"product-type-simple"},"yoast_head":"<!-- This site is optimized with the Yoast SEO plugin v24.2 - https:\/\/yoast.com\/wordpress\/plugins\/seo\/ -->\n<title>Naruto: Shippuden FiguartsZERO Extra Battle Naruto Uzumaki (Sage Art Lava Release Rasenshuriken) - Akatsuki anime store<\/title>\n<meta name=\"robots\" content=\"index, follow, max-snippet:-1, max-image-preview:large, max-video-preview:-1\" \/>\n<link rel=\"canonical\" href=\"https:\/\/akatsukianime.com\/en\/product\/naruto-shippuden-figuartszero-extra-battle-naruto-uzumaki-sage-art-lava-release-rasenshuriken\/\" \/>\n<meta property=\"og:locale\" content=\"en_US\" \/>\n<meta property=\"og:type\" content=\"article\" \/>\n<meta property=\"og:title\" content=\"Naruto: Shippuden FiguartsZERO Extra Battle Naruto Uzumaki (Sage Art Lava Release Rasenshuriken) - Akatsuki anime store\" \/>\n<meta property=\"og:description\" content=\"Descripci\u00f3n del producto:  \u00a1Desde &quot;Naruto: Shippuden,&quot; Naruto Uzumaki - Arte de Sabio: Rasenshuriken de Lava - se une a la serie EXTRA BATTLE!  Naruto es una franquicia japonesa creada por Masashi Kishimoto que narra la historia de un joven ninja problem\u00e1tico pero aspirante llamado Naruto Uzumaki. La franquicia comenz\u00f3 como una serie de manga y luego recibi\u00f3 adaptaciones de anime que continuaron la larga historia, incluyendo Naruto: Shippuden y Boruto: Naruto Next Generations.  FiguartsZERO  Una serie de figuras est\u00e1ticas que capturan el encanto y el mundo de tus personajes favoritos, utilizando t\u00e9cnicas de modelado, pintura, efectos y m\u00e1s, de \u00faltima generaci\u00f3n.  Contenido en caja:   Estatua de Naruto Uzumaki\u00a0  Rasenshuriken de lava  Base\" \/>\n<meta property=\"og:url\" content=\"https:\/\/akatsukianime.com\/en\/product\/naruto-shippuden-figuartszero-extra-battle-naruto-uzumaki-sage-art-lava-release-rasenshuriken\/\" \/>\n<meta property=\"og:site_name\" content=\"Akatsuki anime store\" \/>\n<meta property=\"article:modified_time\" content=\"2025-12-17T23:38:05+00:00\" \/>\n<meta property=\"og:image\" content=\"https:\/\/akatsukianime.com\/wp-content\/uploads\/2024\/10\/Naruto-Shippuden-FiguartsZERO-Extra-Battle-Naruto-Uzumaki-Sage-Art-Lava-Release-Rasenshuriken.jpg\" \/>\n\t<meta property=\"og:image:width\" content=\"1000\" \/>\n\t<meta property=\"og:image:height\" content=\"1000\" \/>\n\t<meta property=\"og:image:type\" content=\"image\/jpeg\" \/>\n<meta name=\"twitter:card\" content=\"summary_large_image\" \/>\n<meta name=\"twitter:label1\" content=\"Est. reading time\" \/>\n\t<meta name=\"twitter:data1\" content=\"1 minute\" \/>\n<script type=\"application\/ld+json\" class=\"yoast-schema-graph\">{\"@context\":\"https:\/\/schema.org\",\"@graph\":[{\"@type\":[\"WebPage\",\"ItemPage\"],\"@id\":\"https:\/\/akatsukianime.com\/product\/naruto-shippuden-figuartszero-extra-battle-naruto-uzumaki-sage-art-lava-release-rasenshuriken\/\",\"url\":\"https:\/\/akatsukianime.com\/product\/naruto-shippuden-figuartszero-extra-battle-naruto-uzumaki-sage-art-lava-release-rasenshuriken\/\",\"name\":\"Naruto: Shippuden FiguartsZERO Extra Battle Naruto Uzumaki (Sage Art Lava Release Rasenshuriken) - Akatsuki anime store\",\"isPartOf\":{\"@id\":\"https:\/\/akatsukianime.com\/#website\"},\"primaryImageOfPage\":{\"@id\":\"https:\/\/akatsukianime.com\/product\/naruto-shippuden-figuartszero-extra-battle-naruto-uzumaki-sage-art-lava-release-rasenshuriken\/#primaryimage\"},\"image\":{\"@id\":\"https:\/\/akatsukianime.com\/product\/naruto-shippuden-figuartszero-extra-battle-naruto-uzumaki-sage-art-lava-release-rasenshuriken\/#primaryimage\"},\"thumbnailUrl\":\"https:\/\/akatsukianime.com\/wp-content\/uploads\/2024\/10\/Naruto-Shippuden-FiguartsZERO-Extra-Battle-Naruto-Uzumaki-Sage-Art-Lava-Release-Rasenshuriken.jpg\",\"datePublished\":\"2024-10-07T18:06:06+00:00\",\"dateModified\":\"2025-12-17T23:38:05+00:00\",\"breadcrumb\":{\"@id\":\"https:\/\/akatsukianime.com\/product\/naruto-shippuden-figuartszero-extra-battle-naruto-uzumaki-sage-art-lava-release-rasenshuriken\/#breadcrumb\"},\"inLanguage\":\"en-US\",\"potentialAction\":[{\"@type\":\"ReadAction\",\"target\":[\"https:\/\/akatsukianime.com\/product\/naruto-shippuden-figuartszero-extra-battle-naruto-uzumaki-sage-art-lava-release-rasenshuriken\/\"]}]},{\"@type\":\"ImageObject\",\"inLanguage\":\"en-US\",\"@id\":\"https:\/\/akatsukianime.com\/product\/naruto-shippuden-figuartszero-extra-battle-naruto-uzumaki-sage-art-lava-release-rasenshuriken\/#primaryimage\",\"url\":\"https:\/\/akatsukianime.com\/wp-content\/uploads\/2024\/10\/Naruto-Shippuden-FiguartsZERO-Extra-Battle-Naruto-Uzumaki-Sage-Art-Lava-Release-Rasenshuriken.jpg\",\"contentUrl\":\"https:\/\/akatsukianime.com\/wp-content\/uploads\/2024\/10\/Naruto-Shippuden-FiguartsZERO-Extra-Battle-Naruto-Uzumaki-Sage-Art-Lava-Release-Rasenshuriken.jpg\",\"width\":1000,\"height\":1000,\"caption\":\"Naruto Shippuden FiguartsZERO Extra Battle Naruto Uzumaki (Sage Art Lava Release Rasenshuriken)\"},{\"@type\":\"BreadcrumbList\",\"@id\":\"https:\/\/akatsukianime.com\/product\/naruto-shippuden-figuartszero-extra-battle-naruto-uzumaki-sage-art-lava-release-rasenshuriken\/#breadcrumb\",\"itemListElement\":[{\"@type\":\"ListItem\",\"position\":1,\"name\":\"Portada\",\"item\":\"https:\/\/akatsukianime.com\/\"},{\"@type\":\"ListItem\",\"position\":2,\"name\":\"Tienda\",\"item\":\"https:\/\/akatsukianime.com\/tienda\/\"},{\"@type\":\"ListItem\",\"position\":3,\"name\":\"Naruto: Shippuden FiguartsZERO Extra Battle Naruto Uzumaki (Sage Art Lava Release Rasenshuriken)\"}]},{\"@type\":\"WebSite\",\"@id\":\"https:\/\/akatsukianime.com\/#website\",\"url\":\"https:\/\/akatsukianime.com\/\",\"name\":\"Akatsuki anime store\",\"description\":\"\",\"potentialAction\":[{\"@type\":\"SearchAction\",\"target\":{\"@type\":\"EntryPoint\",\"urlTemplate\":\"https:\/\/akatsukianime.com\/?s={search_term_string}\"},\"query-input\":{\"@type\":\"PropertyValueSpecification\",\"valueRequired\":true,\"valueName\":\"search_term_string\"}}],\"inLanguage\":\"en-US\"}]}<\/script>\n<!-- \/ Yoast SEO plugin. -->","yoast_head_json":{"title":"Naruto: Shippuden FiguartsZERO Extra Battle Naruto Uzumaki (Sage Art Lava Release Rasenshuriken) - Akatsuki anime store","robots":{"index":"index","follow":"follow","max-snippet":"max-snippet:-1","max-image-preview":"max-image-preview:large","max-video-preview":"max-video-preview:-1"},"canonical":"https:\/\/akatsukianime.com\/en\/product\/naruto-shippuden-figuartszero-extra-battle-naruto-uzumaki-sage-art-lava-release-rasenshuriken\/","og_locale":"en_US","og_type":"article","og_title":"Naruto: Shippuden FiguartsZERO Extra Battle Naruto Uzumaki (Sage Art Lava Release Rasenshuriken) - Akatsuki anime store","og_description":"Descripci\u00f3n del producto:  \u00a1Desde \"Naruto: Shippuden,\" Naruto Uzumaki - Arte de Sabio: Rasenshuriken de Lava - se une a la serie EXTRA BATTLE!  Naruto es una franquicia japonesa creada por Masashi Kishimoto que narra la historia de un joven ninja problem\u00e1tico pero aspirante llamado Naruto Uzumaki. La franquicia comenz\u00f3 como una serie de manga y luego recibi\u00f3 adaptaciones de anime que continuaron la larga historia, incluyendo Naruto: Shippuden y Boruto: Naruto Next Generations.  FiguartsZERO  Una serie de figuras est\u00e1ticas que capturan el encanto y el mundo de tus personajes favoritos, utilizando t\u00e9cnicas de modelado, pintura, efectos y m\u00e1s, de \u00faltima generaci\u00f3n.  Contenido en caja:   Estatua de Naruto Uzumaki\u00a0  Rasenshuriken de lava  Base","og_url":"https:\/\/akatsukianime.com\/en\/product\/naruto-shippuden-figuartszero-extra-battle-naruto-uzumaki-sage-art-lava-release-rasenshuriken\/","og_site_name":"Akatsuki anime store","article_modified_time":"2025-12-17T23:38:05+00:00","og_image":[{"width":1000,"height":1000,"url":"https:\/\/akatsukianime.com\/wp-content\/uploads\/2024\/10\/Naruto-Shippuden-FiguartsZERO-Extra-Battle-Naruto-Uzumaki-Sage-Art-Lava-Release-Rasenshuriken.jpg","type":"image\/jpeg"}],"twitter_card":"summary_large_image","twitter_misc":{"Est. reading time":"1 minute"},"schema":{"@context":"https:\/\/schema.org","@graph":[{"@type":["WebPage","ItemPage"],"@id":"https:\/\/akatsukianime.com\/product\/naruto-shippuden-figuartszero-extra-battle-naruto-uzumaki-sage-art-lava-release-rasenshuriken\/","url":"https:\/\/akatsukianime.com\/product\/naruto-shippuden-figuartszero-extra-battle-naruto-uzumaki-sage-art-lava-release-rasenshuriken\/","name":"Naruto: Shippuden FiguartsZERO Extra Battle Naruto Uzumaki (Sage Art Lava Release Rasenshuriken) - Akatsuki anime store","isPartOf":{"@id":"https:\/\/akatsukianime.com\/#website"},"primaryImageOfPage":{"@id":"https:\/\/akatsukianime.com\/product\/naruto-shippuden-figuartszero-extra-battle-naruto-uzumaki-sage-art-lava-release-rasenshuriken\/#primaryimage"},"image":{"@id":"https:\/\/akatsukianime.com\/product\/naruto-shippuden-figuartszero-extra-battle-naruto-uzumaki-sage-art-lava-release-rasenshuriken\/#primaryimage"},"thumbnailUrl":"https:\/\/akatsukianime.com\/wp-content\/uploads\/2024\/10\/Naruto-Shippuden-FiguartsZERO-Extra-Battle-Naruto-Uzumaki-Sage-Art-Lava-Release-Rasenshuriken.jpg","datePublished":"2024-10-07T18:06:06+00:00","dateModified":"2025-12-17T23:38:05+00:00","breadcrumb":{"@id":"https:\/\/akatsukianime.com\/product\/naruto-shippuden-figuartszero-extra-battle-naruto-uzumaki-sage-art-lava-release-rasenshuriken\/#breadcrumb"},"inLanguage":"en-US","potentialAction":[{"@type":"ReadAction","target":["https:\/\/akatsukianime.com\/product\/naruto-shippuden-figuartszero-extra-battle-naruto-uzumaki-sage-art-lava-release-rasenshuriken\/"]}]},{"@type":"ImageObject","inLanguage":"en-US","@id":"https:\/\/akatsukianime.com\/product\/naruto-shippuden-figuartszero-extra-battle-naruto-uzumaki-sage-art-lava-release-rasenshuriken\/#primaryimage","url":"https:\/\/akatsukianime.com\/wp-content\/uploads\/2024\/10\/Naruto-Shippuden-FiguartsZERO-Extra-Battle-Naruto-Uzumaki-Sage-Art-Lava-Release-Rasenshuriken.jpg","contentUrl":"https:\/\/akatsukianime.com\/wp-content\/uploads\/2024\/10\/Naruto-Shippuden-FiguartsZERO-Extra-Battle-Naruto-Uzumaki-Sage-Art-Lava-Release-Rasenshuriken.jpg","width":1000,"height":1000,"caption":"Naruto Shippuden FiguartsZERO Extra Battle Naruto Uzumaki (Sage Art Lava Release Rasenshuriken)"},{"@type":"BreadcrumbList","@id":"https:\/\/akatsukianime.com\/product\/naruto-shippuden-figuartszero-extra-battle-naruto-uzumaki-sage-art-lava-release-rasenshuriken\/#breadcrumb","itemListElement":[{"@type":"ListItem","position":1,"name":"Portada","item":"https:\/\/akatsukianime.com\/"},{"@type":"ListItem","position":2,"name":"Tienda","item":"https:\/\/akatsukianime.com\/tienda\/"},{"@type":"ListItem","position":3,"name":"Naruto: Shippuden FiguartsZERO Extra Battle Naruto Uzumaki (Sage Art Lava Release Rasenshuriken)"}]},{"@type":"WebSite","@id":"https:\/\/akatsukianime.com\/#website","url":"https:\/\/akatsukianime.com\/","name":"Akatsuki anime store","description":"","potentialAction":[{"@type":"SearchAction","target":{"@type":"EntryPoint","urlTemplate":"https:\/\/akatsukianime.com\/?s={search_term_string}"},"query-input":{"@type":"PropertyValueSpecification","valueRequired":true,"valueName":"search_term_string"}}],"inLanguage":"en-US"}]}},"jetpack_sharing_enabled":true,"_links":{"self":[{"href":"https:\/\/akatsukianime.com\/en\/wp-json\/wp\/v2\/product\/3124","targetHints":{"allow":["GET"]}}],"collection":[{"href":"https:\/\/akatsukianime.com\/en\/wp-json\/wp\/v2\/product"}],"about":[{"href":"https:\/\/akatsukianime.com\/en\/wp-json\/wp\/v2\/types\/product"}],"version-history":[{"count":2,"href":"https:\/\/akatsukianime.com\/en\/wp-json\/wp\/v2\/product\/3124\/revisions"}],"predecessor-version":[{"id":3169,"href":"https:\/\/akatsukianime.com\/en\/wp-json\/wp\/v2\/product\/3124\/revisions\/3169"}],"wp:featuredmedia":[{"embeddable":true,"href":"https:\/\/akatsukianime.com\/en\/wp-json\/wp\/v2\/media\/3866"}],"wp:attachment":[{"href":"https:\/\/akatsukianime.com\/en\/wp-json\/wp\/v2\/media?parent=3124"}],"wp:term":[{"taxonomy":"product_cat","embeddable":true,"href":"https:\/\/akatsukianime.com\/en\/wp-json\/wp\/v2\/product_cat?post=3124"},{"taxonomy":"product_tag","embeddable":true,"href":"https:\/\/akatsukianime.com\/en\/wp-json\/wp\/v2\/product_tag?post=3124"}],"curies":[{"name":"wp","href":"https:\/\/api.w.org\/{rel}","templated":true}]}}