{"id":3210,"date":"2024-10-08T19:22:31","date_gmt":"2024-10-08T17:22:31","guid":{"rendered":"https:\/\/akatsukianime.com\/?post_type=product&#038;p=3210"},"modified":"2024-11-24T12:50:56","modified_gmt":"2024-11-24T11:50:56","slug":"overlord-iv-amp-albedo-black-dress-ver-figure","status":"publish","type":"product","link":"https:\/\/akatsukianime.com\/en\/product\/overlord-iv-amp-albedo-black-dress-ver-figure\/","title":{"rendered":"Overlord IV AMP+ Albedo (Black Dress Ver.) Figure"},"content":{"rendered":"<p><strong>Box contents:<\/strong><\/p>\n<ul>\n<li><strong>Albedo figure<\/strong> in her elegant black dress.<\/li>\n<\/ul>","protected":false},"excerpt":{"rendered":"<div class=\"flex-shrink-0 flex flex-col relative items-end\">\n<div>\n<div class=\"pt-0\">\n<div class=\"gizmo-bot-avatar flex h-8 w-8 items-center justify-center overflow-hidden rounded-full\">\n<div class=\"relative p-1 rounded-sm flex items-center justify-center bg-token-main-surface-primary text-token-text-primary h-8 w-8\"><\/div>\n<\/div>\n<\/div>\n<\/div>\n<\/div>\n<div class=\"group\/conversation-turn relative flex w-full min-w-0 flex-col agent-turn\">\n<div class=\"flex-col gap-1 md:gap-3\">\n<div class=\"flex max-w-full flex-col flex-grow\">\n<div class=\"min-h-8 text-message flex w-full flex-col items-end gap-2 whitespace-normal break-words [.text-message+&amp;]:mt-5\" dir=\"auto\" data-message-author-role=\"assistant\" data-message-id=\"86ecb62f-51b8-4786-aea2-c1e5d51095ce\">\n<div class=\"flex w-full flex-col gap-1 empty:hidden first:pt-[3px]\">\n<div class=\"result-streaming markdown prose w-full break-words dark:prose-invert light\">\n<p>Here is an optimized description for the Albedo figure from <em>Overlord IV<\/em>:<\/p>\n<hr \/>\n<p><strong>Albedo in a Dazzling Figure from the Overlord IV Series!<\/strong><\/p>\n<p>Straight from the anime <em>Overlord IV<\/em> The majestic arrives <strong>Albedo<\/strong> in an elegant figure from the series <strong>AMP+<\/strong>. Dressed in a sophisticated black dress, <strong>Albedo<\/strong> is ready to accompany Ainz on a special night. With an impressive level of detail, this figure captures all the grace and beauty of one of the most iconic characters of <em>Overlord<\/em>.<\/p>\n<p>This figure is the perfect complement for fans of <em>Overlord<\/em> and collectors who wish to have a piece that captures the essence of <strong>Albedo<\/strong>. <strong>Order yours today and add a touch of sophistication to your collection!<\/strong><\/p>\n<p><strong>Product Features:<\/strong><\/p>\n<ul>\n<li><strong>Height 7.9 inches (20 cm)<\/strong>: An ideal size to stand out in any collection.<\/li>\n<li><strong>Made of plastic<\/strong> high quality, ensuring durability and a polished finish.<\/li>\n<li><strong>Based on <em>Overlord IV<\/em><\/strong>: Perfectly captures Albedo&#039;s appearance and charisma as shown in the anime.<\/li>\n<li><strong>Highly detailed<\/strong>: Every fold of the dress and every expression are recreated with exceptional attention.<\/li>\n<li><strong>Not articulated<\/strong>, making it a perfect static piece to display.<\/li>\n<\/ul>\n<\/div>\n<\/div>\n<\/div>\n<\/div>\n<\/div>\n<\/div>","protected":false},"featured_media":3858,"template":"","meta":[],"product_cat":[102,61,60],"product_tag":[145,121,87,146,122],"class_list":{"0":"post-3210","1":"product","2":"type-product","3":"status-publish","4":"has-post-thumbnail","6":"product_cat-taito","7":"product_cat-novedades","8":"product_cat-otros","9":"product_tag-albedo","10":"product_tag-amp","11":"product_tag-estatua","12":"product_tag-overlord","13":"product_tag-taito","15":"first","16":"instock","17":"sold-individually","18":"taxable","19":"shipping-taxable","20":"purchasable","21":"product-type-simple"},"yoast_head":"<!-- This site is optimized with the Yoast SEO plugin v24.2 - https:\/\/yoast.com\/wordpress\/plugins\/seo\/ -->\n<title>Overlord IV AMP+ Albedo (Black Dress Ver.) Figure - Akatsuki anime store<\/title>\n<meta name=\"robots\" content=\"index, follow, max-snippet:-1, max-image-preview:large, max-video-preview:-1\" \/>\n<link rel=\"canonical\" href=\"https:\/\/akatsukianime.com\/en\/product\/overlord-iv-amp-albedo-black-dress-ver-figure\/\" \/>\n<meta property=\"og:locale\" content=\"en_US\" \/>\n<meta property=\"og:type\" content=\"article\" \/>\n<meta property=\"og:title\" content=\"Overlord IV AMP+ Albedo (Black Dress Ver.) Figure - Akatsuki anime store\" \/>\n<meta property=\"og:description\" content=\"Aqu\u00ed tienes una descripci\u00f3n optimizada para la figura de Albedo de Overlord IV:    \u00a1Albedo en una Deslumbrante Figura de la Serie Overlord IV!  Directamente desde el anime Overlord IV llega la majestuosa Albedo en una elegante figura de la serie AMP+. Vestida con un sofisticado vestido negro, Albedo est\u00e1 lista para acompa\u00f1ar a Ainz en una noche especial. Con un nivel de detalle impresionante, esta figura captura toda la gracia y belleza de uno de los personajes m\u00e1s ic\u00f3nicos de Overlord.  Esta figura es el complemento perfecto para los fan\u00e1ticos de Overlord y coleccionistas que deseen tener una pieza que capture la esencia de Albedo. \u00a1Pedir la tuya hoy y a\u00f1ade un toque de sofisticaci\u00f3n a tu colecci\u00f3n!  Caracter\u00edsticas del producto:   Altura de 7.9 pulgadas (20 cm): Un tama\u00f1o ideal para destacar en cualquier colecci\u00f3n.  Fabricada en pl\u00e1stico de alta calidad, asegurando durabilidad y un acabado pulido.  Basada en Overlord IV: Captura a la perfecci\u00f3n la apariencia y el carisma de Albedo tal como se muestra en el anime.  Altamente detallada: Cada pliegue del vestido y cada expresi\u00f3n est\u00e1n recreados con una atenci\u00f3n excepcional.  No articulada, lo que la convierte en una pieza est\u00e1tica perfecta para exhibir.\" \/>\n<meta property=\"og:url\" content=\"https:\/\/akatsukianime.com\/en\/product\/overlord-iv-amp-albedo-black-dress-ver-figure\/\" \/>\n<meta property=\"og:site_name\" content=\"Akatsuki anime store\" \/>\n<meta property=\"article:modified_time\" content=\"2024-11-24T11:50:56+00:00\" \/>\n<meta property=\"og:image\" content=\"https:\/\/akatsukianime.com\/wp-content\/uploads\/2024\/10\/Overlord-IV-AMP-Albedo-Black-Dress-Ver.-Figure.jpg\" \/>\n\t<meta property=\"og:image:width\" content=\"1000\" \/>\n\t<meta property=\"og:image:height\" content=\"1000\" \/>\n\t<meta property=\"og:image:type\" content=\"image\/jpeg\" \/>\n<meta name=\"twitter:card\" content=\"summary_large_image\" \/>\n<meta name=\"twitter:label1\" content=\"Est. reading time\" \/>\n\t<meta name=\"twitter:data1\" content=\"1 minute\" \/>\n<script type=\"application\/ld+json\" class=\"yoast-schema-graph\">{\"@context\":\"https:\/\/schema.org\",\"@graph\":[{\"@type\":[\"WebPage\",\"ItemPage\"],\"@id\":\"https:\/\/akatsukianime.com\/product\/overlord-iv-amp-albedo-black-dress-ver-figure\/\",\"url\":\"https:\/\/akatsukianime.com\/product\/overlord-iv-amp-albedo-black-dress-ver-figure\/\",\"name\":\"Overlord IV AMP+ Albedo (Black Dress Ver.) Figure - Akatsuki anime store\",\"isPartOf\":{\"@id\":\"https:\/\/akatsukianime.com\/#website\"},\"primaryImageOfPage\":{\"@id\":\"https:\/\/akatsukianime.com\/product\/overlord-iv-amp-albedo-black-dress-ver-figure\/#primaryimage\"},\"image\":{\"@id\":\"https:\/\/akatsukianime.com\/product\/overlord-iv-amp-albedo-black-dress-ver-figure\/#primaryimage\"},\"thumbnailUrl\":\"https:\/\/akatsukianime.com\/wp-content\/uploads\/2024\/10\/Overlord-IV-AMP-Albedo-Black-Dress-Ver.-Figure.jpg\",\"datePublished\":\"2024-10-08T17:22:31+00:00\",\"dateModified\":\"2024-11-24T11:50:56+00:00\",\"breadcrumb\":{\"@id\":\"https:\/\/akatsukianime.com\/product\/overlord-iv-amp-albedo-black-dress-ver-figure\/#breadcrumb\"},\"inLanguage\":\"en-US\",\"potentialAction\":[{\"@type\":\"ReadAction\",\"target\":[\"https:\/\/akatsukianime.com\/product\/overlord-iv-amp-albedo-black-dress-ver-figure\/\"]}]},{\"@type\":\"ImageObject\",\"inLanguage\":\"en-US\",\"@id\":\"https:\/\/akatsukianime.com\/product\/overlord-iv-amp-albedo-black-dress-ver-figure\/#primaryimage\",\"url\":\"https:\/\/akatsukianime.com\/wp-content\/uploads\/2024\/10\/Overlord-IV-AMP-Albedo-Black-Dress-Ver.-Figure.jpg\",\"contentUrl\":\"https:\/\/akatsukianime.com\/wp-content\/uploads\/2024\/10\/Overlord-IV-AMP-Albedo-Black-Dress-Ver.-Figure.jpg\",\"width\":1000,\"height\":1000,\"caption\":\"Overlord IV AMP+ Albedo (Black Dress Ver.) Figure\"},{\"@type\":\"BreadcrumbList\",\"@id\":\"https:\/\/akatsukianime.com\/product\/overlord-iv-amp-albedo-black-dress-ver-figure\/#breadcrumb\",\"itemListElement\":[{\"@type\":\"ListItem\",\"position\":1,\"name\":\"Portada\",\"item\":\"https:\/\/akatsukianime.com\/\"},{\"@type\":\"ListItem\",\"position\":2,\"name\":\"Tienda\",\"item\":\"https:\/\/akatsukianime.com\/tienda\/\"},{\"@type\":\"ListItem\",\"position\":3,\"name\":\"Overlord IV AMP+ Albedo (Black Dress Ver.) Figure\"}]},{\"@type\":\"WebSite\",\"@id\":\"https:\/\/akatsukianime.com\/#website\",\"url\":\"https:\/\/akatsukianime.com\/\",\"name\":\"Akatsuki anime store\",\"description\":\"\",\"potentialAction\":[{\"@type\":\"SearchAction\",\"target\":{\"@type\":\"EntryPoint\",\"urlTemplate\":\"https:\/\/akatsukianime.com\/?s={search_term_string}\"},\"query-input\":{\"@type\":\"PropertyValueSpecification\",\"valueRequired\":true,\"valueName\":\"search_term_string\"}}],\"inLanguage\":\"en-US\"}]}<\/script>\n<!-- \/ Yoast SEO plugin. -->","yoast_head_json":{"title":"Overlord IV AMP+ Albedo (Black Dress Ver.) Figure - Akatsuki anime store","robots":{"index":"index","follow":"follow","max-snippet":"max-snippet:-1","max-image-preview":"max-image-preview:large","max-video-preview":"max-video-preview:-1"},"canonical":"https:\/\/akatsukianime.com\/en\/product\/overlord-iv-amp-albedo-black-dress-ver-figure\/","og_locale":"en_US","og_type":"article","og_title":"Overlord IV AMP+ Albedo (Black Dress Ver.) Figure - Akatsuki anime store","og_description":"Aqu\u00ed tienes una descripci\u00f3n optimizada para la figura de Albedo de Overlord IV:    \u00a1Albedo en una Deslumbrante Figura de la Serie Overlord IV!  Directamente desde el anime Overlord IV llega la majestuosa Albedo en una elegante figura de la serie AMP+. Vestida con un sofisticado vestido negro, Albedo est\u00e1 lista para acompa\u00f1ar a Ainz en una noche especial. Con un nivel de detalle impresionante, esta figura captura toda la gracia y belleza de uno de los personajes m\u00e1s ic\u00f3nicos de Overlord.  Esta figura es el complemento perfecto para los fan\u00e1ticos de Overlord y coleccionistas que deseen tener una pieza que capture la esencia de Albedo. \u00a1Pedir la tuya hoy y a\u00f1ade un toque de sofisticaci\u00f3n a tu colecci\u00f3n!  Caracter\u00edsticas del producto:   Altura de 7.9 pulgadas (20 cm): Un tama\u00f1o ideal para destacar en cualquier colecci\u00f3n.  Fabricada en pl\u00e1stico de alta calidad, asegurando durabilidad y un acabado pulido.  Basada en Overlord IV: Captura a la perfecci\u00f3n la apariencia y el carisma de Albedo tal como se muestra en el anime.  Altamente detallada: Cada pliegue del vestido y cada expresi\u00f3n est\u00e1n recreados con una atenci\u00f3n excepcional.  No articulada, lo que la convierte en una pieza est\u00e1tica perfecta para exhibir.","og_url":"https:\/\/akatsukianime.com\/en\/product\/overlord-iv-amp-albedo-black-dress-ver-figure\/","og_site_name":"Akatsuki anime store","article_modified_time":"2024-11-24T11:50:56+00:00","og_image":[{"width":1000,"height":1000,"url":"https:\/\/akatsukianime.com\/wp-content\/uploads\/2024\/10\/Overlord-IV-AMP-Albedo-Black-Dress-Ver.-Figure.jpg","type":"image\/jpeg"}],"twitter_card":"summary_large_image","twitter_misc":{"Est. reading time":"1 minute"},"schema":{"@context":"https:\/\/schema.org","@graph":[{"@type":["WebPage","ItemPage"],"@id":"https:\/\/akatsukianime.com\/product\/overlord-iv-amp-albedo-black-dress-ver-figure\/","url":"https:\/\/akatsukianime.com\/product\/overlord-iv-amp-albedo-black-dress-ver-figure\/","name":"Overlord IV AMP+ Albedo (Black Dress Ver.) Figure - Akatsuki anime store","isPartOf":{"@id":"https:\/\/akatsukianime.com\/#website"},"primaryImageOfPage":{"@id":"https:\/\/akatsukianime.com\/product\/overlord-iv-amp-albedo-black-dress-ver-figure\/#primaryimage"},"image":{"@id":"https:\/\/akatsukianime.com\/product\/overlord-iv-amp-albedo-black-dress-ver-figure\/#primaryimage"},"thumbnailUrl":"https:\/\/akatsukianime.com\/wp-content\/uploads\/2024\/10\/Overlord-IV-AMP-Albedo-Black-Dress-Ver.-Figure.jpg","datePublished":"2024-10-08T17:22:31+00:00","dateModified":"2024-11-24T11:50:56+00:00","breadcrumb":{"@id":"https:\/\/akatsukianime.com\/product\/overlord-iv-amp-albedo-black-dress-ver-figure\/#breadcrumb"},"inLanguage":"en-US","potentialAction":[{"@type":"ReadAction","target":["https:\/\/akatsukianime.com\/product\/overlord-iv-amp-albedo-black-dress-ver-figure\/"]}]},{"@type":"ImageObject","inLanguage":"en-US","@id":"https:\/\/akatsukianime.com\/product\/overlord-iv-amp-albedo-black-dress-ver-figure\/#primaryimage","url":"https:\/\/akatsukianime.com\/wp-content\/uploads\/2024\/10\/Overlord-IV-AMP-Albedo-Black-Dress-Ver.-Figure.jpg","contentUrl":"https:\/\/akatsukianime.com\/wp-content\/uploads\/2024\/10\/Overlord-IV-AMP-Albedo-Black-Dress-Ver.-Figure.jpg","width":1000,"height":1000,"caption":"Overlord IV AMP+ Albedo (Black Dress Ver.) Figure"},{"@type":"BreadcrumbList","@id":"https:\/\/akatsukianime.com\/product\/overlord-iv-amp-albedo-black-dress-ver-figure\/#breadcrumb","itemListElement":[{"@type":"ListItem","position":1,"name":"Portada","item":"https:\/\/akatsukianime.com\/"},{"@type":"ListItem","position":2,"name":"Tienda","item":"https:\/\/akatsukianime.com\/tienda\/"},{"@type":"ListItem","position":3,"name":"Overlord IV AMP+ Albedo (Black Dress Ver.) Figure"}]},{"@type":"WebSite","@id":"https:\/\/akatsukianime.com\/#website","url":"https:\/\/akatsukianime.com\/","name":"Akatsuki anime store","description":"","potentialAction":[{"@type":"SearchAction","target":{"@type":"EntryPoint","urlTemplate":"https:\/\/akatsukianime.com\/?s={search_term_string}"},"query-input":{"@type":"PropertyValueSpecification","valueRequired":true,"valueName":"search_term_string"}}],"inLanguage":"en-US"}]}},"jetpack_sharing_enabled":true,"_links":{"self":[{"href":"https:\/\/akatsukianime.com\/en\/wp-json\/wp\/v2\/product\/3210","targetHints":{"allow":["GET"]}}],"collection":[{"href":"https:\/\/akatsukianime.com\/en\/wp-json\/wp\/v2\/product"}],"about":[{"href":"https:\/\/akatsukianime.com\/en\/wp-json\/wp\/v2\/types\/product"}],"version-history":[{"count":2,"href":"https:\/\/akatsukianime.com\/en\/wp-json\/wp\/v2\/product\/3210\/revisions"}],"predecessor-version":[{"id":3857,"href":"https:\/\/akatsukianime.com\/en\/wp-json\/wp\/v2\/product\/3210\/revisions\/3857"}],"wp:featuredmedia":[{"embeddable":true,"href":"https:\/\/akatsukianime.com\/en\/wp-json\/wp\/v2\/media\/3858"}],"wp:attachment":[{"href":"https:\/\/akatsukianime.com\/en\/wp-json\/wp\/v2\/media?parent=3210"}],"wp:term":[{"taxonomy":"product_cat","embeddable":true,"href":"https:\/\/akatsukianime.com\/en\/wp-json\/wp\/v2\/product_cat?post=3210"},{"taxonomy":"product_tag","embeddable":true,"href":"https:\/\/akatsukianime.com\/en\/wp-json\/wp\/v2\/product_tag?post=3210"}],"curies":[{"name":"wp","href":"https:\/\/api.w.org\/{rel}","templated":true}]}}