{"id":3268,"date":"2024-10-09T19:16:06","date_gmt":"2024-10-09T17:16:06","guid":{"rendered":"https:\/\/akatsukianime.com\/?post_type=product&#038;p=3268"},"modified":"2025-03-29T16:12:20","modified_gmt":"2025-03-29T15:12:20","slug":"berserk-pop-up-parade-l-zodd-the-immortal","status":"publish","type":"product","link":"https:\/\/akatsukianime.com\/en\/product\/berserk-pop-up-parade-l-zodd-the-immortal\/","title":{"rendered":"Berserk Pop Up Parade L Zodd the Immortal"},"content":{"rendered":"<p><strong>Box Contents:<\/strong><\/p>\n<ul>\n<li>Zodd the Immortal figure<\/li>\n<\/ul>\n<p>Are you ready to add the power and ferocity of Zodd to your collection? Don&#039;t miss out!<\/p>","protected":false},"excerpt":{"rendered":"<p><strong>Product Description<\/strong><\/p>\n<p>&quot;I only seek one thing: the strongest warrior.&quot;<\/p>\n<p>The line <em>POP UP PARADE<\/em> brings a new wave of excitement for figure collectors with its amazing L series! From the famous manga <em>Berserk<\/em>, comes the striking figure of Zodd the Immortal in size L, with a height of 7.48 inches (19 cm) (not including the horn). Admire its terrifying sculpt and the details in the paint that capture all the ferocity of the character. Don&#039;t miss the opportunity to have this figure in your collection and order yours today!<\/p>\n<p><em>Note<\/em>: The Guts figure shown in the image is not included (sold separately).<\/p>\n<hr \/>\n<p><strong>Product Features:<\/strong><\/p>\n<ul>\n<li><strong>Height:<\/strong> 7.48 inches (19 cm) (without horn)<\/li>\n<li><strong>Material:<\/strong> Made of durable plastic<\/li>\n<li><strong>Based on:<\/strong> The legendary manga <em>Berserk<\/em><\/li>\n<li><strong>Collection:<\/strong> Part of the series <em>Pop Up Parade L<\/em><\/li>\n<li><strong>Details:<\/strong> Incredibly detailed for a striking display<\/li>\n<li><strong>Not articulated:<\/strong> This figure is designed for fixed display.<\/li>\n<\/ul>","protected":false},"featured_media":3842,"template":"","meta":[],"product_cat":[281,98,65,61,51],"product_tag":[143,87,165,166,164,163],"class_list":{"0":"post-3268","1":"product","2":"type-product","3":"status-publish","4":"has-post-thumbnail","6":"product_cat-popup-parade","7":"product_cat-good-smile-company","8":"product_cat-figuras","9":"product_cat-novedades","10":"product_cat-berserk","11":"product_tag-berserk","12":"product_tag-estatua","13":"product_tag-goodsmile-company","14":"product_tag-maxfactory","15":"product_tag-pop-up-parade","16":"product_tag-zodd","18":"first","19":"outofstock","20":"sold-individually","21":"taxable","22":"shipping-taxable","23":"purchasable","24":"product-type-simple"},"yoast_head":"<!-- This site is optimized with the Yoast SEO plugin v24.2 - https:\/\/yoast.com\/wordpress\/plugins\/seo\/ -->\n<title>Berserk Pop Up Parade L Zodd the Immortal - Akatsuki anime store<\/title>\n<meta name=\"robots\" content=\"index, follow, max-snippet:-1, max-image-preview:large, max-video-preview:-1\" \/>\n<link rel=\"canonical\" href=\"https:\/\/akatsukianime.com\/en\/product\/berserk-pop-up-parade-l-zodd-the-immortal\/\" \/>\n<meta property=\"og:locale\" content=\"en_US\" \/>\n<meta property=\"og:type\" content=\"article\" \/>\n<meta property=\"og:title\" content=\"Berserk Pop Up Parade L Zodd the Immortal - Akatsuki anime store\" \/>\n<meta property=\"og:description\" content=\"Descripci\u00f3n del Producto  &quot;Solo busco una cosa: al guerrero m\u00e1s fuerte.&quot;  \u00a1La l\u00ednea POP UP PARADE trae una nueva ola de emoci\u00f3n para los coleccionistas de figuras con su incre\u00edble serie L! Desde el famoso manga Berserk, llega la impactante figura de Zodd el Inmortal en tama\u00f1o L, con una altura de 7.48 pulgadas (19 cm) (sin contar el cuerno). Admira su esculpido aterrador y los detalles en la pintura que capturan toda la ferocidad del personaje. \u00a1No te pierdas la oportunidad de tener esta figura en tu colecci\u00f3n y ordena la tuya hoy mismo!  Nota: La figura de Guts mostrada en la imagen no est\u00e1 incluida (se vende por separado).    Caracter\u00edsticas del Producto:   Altura: 7.48 pulgadas (19 cm) (sin cuerno)  Material: Hecho de pl\u00e1stico resistente  Basado en: El legendario manga Berserk  Colecci\u00f3n: Parte de la serie Pop Up Parade L  Detalles: Incre\u00edblemente detallado para una exhibici\u00f3n impactante  No articulado: Esta figura est\u00e1 dise\u00f1ada para exhibici\u00f3n fija\" \/>\n<meta property=\"og:url\" content=\"https:\/\/akatsukianime.com\/en\/product\/berserk-pop-up-parade-l-zodd-the-immortal\/\" \/>\n<meta property=\"og:site_name\" content=\"Akatsuki anime store\" \/>\n<meta property=\"article:modified_time\" content=\"2025-03-29T15:12:20+00:00\" \/>\n<meta property=\"og:image\" content=\"https:\/\/akatsukianime.com\/wp-content\/uploads\/2024\/10\/Berserk-Pop-Up-Parade-L-Zodd-the-Immortal.jpg\" \/>\n\t<meta property=\"og:image:width\" content=\"1000\" \/>\n\t<meta property=\"og:image:height\" content=\"1000\" \/>\n\t<meta property=\"og:image:type\" content=\"image\/jpeg\" \/>\n<meta name=\"twitter:card\" content=\"summary_large_image\" \/>\n<meta name=\"twitter:label1\" content=\"Est. reading time\" \/>\n\t<meta name=\"twitter:data1\" content=\"1 minute\" \/>\n<script type=\"application\/ld+json\" class=\"yoast-schema-graph\">{\"@context\":\"https:\/\/schema.org\",\"@graph\":[{\"@type\":[\"WebPage\",\"ItemPage\"],\"@id\":\"https:\/\/akatsukianime.com\/product\/berserk-pop-up-parade-l-zodd-the-immortal\/\",\"url\":\"https:\/\/akatsukianime.com\/product\/berserk-pop-up-parade-l-zodd-the-immortal\/\",\"name\":\"Berserk Pop Up Parade L Zodd the Immortal - Akatsuki anime store\",\"isPartOf\":{\"@id\":\"https:\/\/akatsukianime.com\/#website\"},\"primaryImageOfPage\":{\"@id\":\"https:\/\/akatsukianime.com\/product\/berserk-pop-up-parade-l-zodd-the-immortal\/#primaryimage\"},\"image\":{\"@id\":\"https:\/\/akatsukianime.com\/product\/berserk-pop-up-parade-l-zodd-the-immortal\/#primaryimage\"},\"thumbnailUrl\":\"https:\/\/akatsukianime.com\/wp-content\/uploads\/2024\/10\/Berserk-Pop-Up-Parade-L-Zodd-the-Immortal.jpg\",\"datePublished\":\"2024-10-09T17:16:06+00:00\",\"dateModified\":\"2025-03-29T15:12:20+00:00\",\"breadcrumb\":{\"@id\":\"https:\/\/akatsukianime.com\/product\/berserk-pop-up-parade-l-zodd-the-immortal\/#breadcrumb\"},\"inLanguage\":\"en-US\",\"potentialAction\":[{\"@type\":\"ReadAction\",\"target\":[\"https:\/\/akatsukianime.com\/product\/berserk-pop-up-parade-l-zodd-the-immortal\/\"]}]},{\"@type\":\"ImageObject\",\"inLanguage\":\"en-US\",\"@id\":\"https:\/\/akatsukianime.com\/product\/berserk-pop-up-parade-l-zodd-the-immortal\/#primaryimage\",\"url\":\"https:\/\/akatsukianime.com\/wp-content\/uploads\/2024\/10\/Berserk-Pop-Up-Parade-L-Zodd-the-Immortal.jpg\",\"contentUrl\":\"https:\/\/akatsukianime.com\/wp-content\/uploads\/2024\/10\/Berserk-Pop-Up-Parade-L-Zodd-the-Immortal.jpg\",\"width\":1000,\"height\":1000,\"caption\":\"Berserk Pop Up Parade L Zodd the Immortal\"},{\"@type\":\"BreadcrumbList\",\"@id\":\"https:\/\/akatsukianime.com\/product\/berserk-pop-up-parade-l-zodd-the-immortal\/#breadcrumb\",\"itemListElement\":[{\"@type\":\"ListItem\",\"position\":1,\"name\":\"Portada\",\"item\":\"https:\/\/akatsukianime.com\/\"},{\"@type\":\"ListItem\",\"position\":2,\"name\":\"Tienda\",\"item\":\"https:\/\/akatsukianime.com\/tienda\/\"},{\"@type\":\"ListItem\",\"position\":3,\"name\":\"Berserk Pop Up Parade L Zodd the Immortal\"}]},{\"@type\":\"WebSite\",\"@id\":\"https:\/\/akatsukianime.com\/#website\",\"url\":\"https:\/\/akatsukianime.com\/\",\"name\":\"Akatsuki anime store\",\"description\":\"\",\"potentialAction\":[{\"@type\":\"SearchAction\",\"target\":{\"@type\":\"EntryPoint\",\"urlTemplate\":\"https:\/\/akatsukianime.com\/?s={search_term_string}\"},\"query-input\":{\"@type\":\"PropertyValueSpecification\",\"valueRequired\":true,\"valueName\":\"search_term_string\"}}],\"inLanguage\":\"en-US\"}]}<\/script>\n<!-- \/ Yoast SEO plugin. -->","yoast_head_json":{"title":"Berserk Pop Up Parade L Zodd the Immortal - Akatsuki anime store","robots":{"index":"index","follow":"follow","max-snippet":"max-snippet:-1","max-image-preview":"max-image-preview:large","max-video-preview":"max-video-preview:-1"},"canonical":"https:\/\/akatsukianime.com\/en\/product\/berserk-pop-up-parade-l-zodd-the-immortal\/","og_locale":"en_US","og_type":"article","og_title":"Berserk Pop Up Parade L Zodd the Immortal - Akatsuki anime store","og_description":"Descripci\u00f3n del Producto  \"Solo busco una cosa: al guerrero m\u00e1s fuerte.\"  \u00a1La l\u00ednea POP UP PARADE trae una nueva ola de emoci\u00f3n para los coleccionistas de figuras con su incre\u00edble serie L! Desde el famoso manga Berserk, llega la impactante figura de Zodd el Inmortal en tama\u00f1o L, con una altura de 7.48 pulgadas (19 cm) (sin contar el cuerno). Admira su esculpido aterrador y los detalles en la pintura que capturan toda la ferocidad del personaje. \u00a1No te pierdas la oportunidad de tener esta figura en tu colecci\u00f3n y ordena la tuya hoy mismo!  Nota: La figura de Guts mostrada en la imagen no est\u00e1 incluida (se vende por separado).    Caracter\u00edsticas del Producto:   Altura: 7.48 pulgadas (19 cm) (sin cuerno)  Material: Hecho de pl\u00e1stico resistente  Basado en: El legendario manga Berserk  Colecci\u00f3n: Parte de la serie Pop Up Parade L  Detalles: Incre\u00edblemente detallado para una exhibici\u00f3n impactante  No articulado: Esta figura est\u00e1 dise\u00f1ada para exhibici\u00f3n fija","og_url":"https:\/\/akatsukianime.com\/en\/product\/berserk-pop-up-parade-l-zodd-the-immortal\/","og_site_name":"Akatsuki anime store","article_modified_time":"2025-03-29T15:12:20+00:00","og_image":[{"width":1000,"height":1000,"url":"https:\/\/akatsukianime.com\/wp-content\/uploads\/2024\/10\/Berserk-Pop-Up-Parade-L-Zodd-the-Immortal.jpg","type":"image\/jpeg"}],"twitter_card":"summary_large_image","twitter_misc":{"Est. reading time":"1 minute"},"schema":{"@context":"https:\/\/schema.org","@graph":[{"@type":["WebPage","ItemPage"],"@id":"https:\/\/akatsukianime.com\/product\/berserk-pop-up-parade-l-zodd-the-immortal\/","url":"https:\/\/akatsukianime.com\/product\/berserk-pop-up-parade-l-zodd-the-immortal\/","name":"Berserk Pop Up Parade L Zodd the Immortal - Akatsuki anime store","isPartOf":{"@id":"https:\/\/akatsukianime.com\/#website"},"primaryImageOfPage":{"@id":"https:\/\/akatsukianime.com\/product\/berserk-pop-up-parade-l-zodd-the-immortal\/#primaryimage"},"image":{"@id":"https:\/\/akatsukianime.com\/product\/berserk-pop-up-parade-l-zodd-the-immortal\/#primaryimage"},"thumbnailUrl":"https:\/\/akatsukianime.com\/wp-content\/uploads\/2024\/10\/Berserk-Pop-Up-Parade-L-Zodd-the-Immortal.jpg","datePublished":"2024-10-09T17:16:06+00:00","dateModified":"2025-03-29T15:12:20+00:00","breadcrumb":{"@id":"https:\/\/akatsukianime.com\/product\/berserk-pop-up-parade-l-zodd-the-immortal\/#breadcrumb"},"inLanguage":"en-US","potentialAction":[{"@type":"ReadAction","target":["https:\/\/akatsukianime.com\/product\/berserk-pop-up-parade-l-zodd-the-immortal\/"]}]},{"@type":"ImageObject","inLanguage":"en-US","@id":"https:\/\/akatsukianime.com\/product\/berserk-pop-up-parade-l-zodd-the-immortal\/#primaryimage","url":"https:\/\/akatsukianime.com\/wp-content\/uploads\/2024\/10\/Berserk-Pop-Up-Parade-L-Zodd-the-Immortal.jpg","contentUrl":"https:\/\/akatsukianime.com\/wp-content\/uploads\/2024\/10\/Berserk-Pop-Up-Parade-L-Zodd-the-Immortal.jpg","width":1000,"height":1000,"caption":"Berserk Pop Up Parade L Zodd the Immortal"},{"@type":"BreadcrumbList","@id":"https:\/\/akatsukianime.com\/product\/berserk-pop-up-parade-l-zodd-the-immortal\/#breadcrumb","itemListElement":[{"@type":"ListItem","position":1,"name":"Portada","item":"https:\/\/akatsukianime.com\/"},{"@type":"ListItem","position":2,"name":"Tienda","item":"https:\/\/akatsukianime.com\/tienda\/"},{"@type":"ListItem","position":3,"name":"Berserk Pop Up Parade L Zodd the Immortal"}]},{"@type":"WebSite","@id":"https:\/\/akatsukianime.com\/#website","url":"https:\/\/akatsukianime.com\/","name":"Akatsuki anime store","description":"","potentialAction":[{"@type":"SearchAction","target":{"@type":"EntryPoint","urlTemplate":"https:\/\/akatsukianime.com\/?s={search_term_string}"},"query-input":{"@type":"PropertyValueSpecification","valueRequired":true,"valueName":"search_term_string"}}],"inLanguage":"en-US"}]}},"jetpack_sharing_enabled":true,"_links":{"self":[{"href":"https:\/\/akatsukianime.com\/en\/wp-json\/wp\/v2\/product\/3268","targetHints":{"allow":["GET"]}}],"collection":[{"href":"https:\/\/akatsukianime.com\/en\/wp-json\/wp\/v2\/product"}],"about":[{"href":"https:\/\/akatsukianime.com\/en\/wp-json\/wp\/v2\/types\/product"}],"version-history":[{"count":2,"href":"https:\/\/akatsukianime.com\/en\/wp-json\/wp\/v2\/product\/3268\/revisions"}],"predecessor-version":[{"id":3841,"href":"https:\/\/akatsukianime.com\/en\/wp-json\/wp\/v2\/product\/3268\/revisions\/3841"}],"wp:featuredmedia":[{"embeddable":true,"href":"https:\/\/akatsukianime.com\/en\/wp-json\/wp\/v2\/media\/3842"}],"wp:attachment":[{"href":"https:\/\/akatsukianime.com\/en\/wp-json\/wp\/v2\/media?parent=3268"}],"wp:term":[{"taxonomy":"product_cat","embeddable":true,"href":"https:\/\/akatsukianime.com\/en\/wp-json\/wp\/v2\/product_cat?post=3268"},{"taxonomy":"product_tag","embeddable":true,"href":"https:\/\/akatsukianime.com\/en\/wp-json\/wp\/v2\/product_tag?post=3268"}],"curies":[{"name":"wp","href":"https:\/\/api.w.org\/{rel}","templated":true}]}}