{"id":3347,"date":"2024-10-10T20:03:12","date_gmt":"2024-10-10T18:03:12","guid":{"rendered":"https:\/\/akatsukianime.com\/?post_type=product&#038;p=3347"},"modified":"2024-12-18T17:30:01","modified_gmt":"2024-12-18T16:30:01","slug":"mobile-suit-gundam-seed-freedom-hggs-rising-freedom-gundam-1-44-scale-model-kit","status":"publish","type":"product","link":"https:\/\/akatsukianime.com\/en\/product\/mobile-suit-gundam-seed-freedom-hggs-rising-freedom-gundam-1-44-scale-model-kit\/","title":{"rendered":"Mobile Suit Gundam SEED Freedom HGGS Rising Freedom Gundam 1\/44 Scale Model Kit"},"content":{"rendered":"<p><strong>Box Contents<\/strong><\/p>\n<ul>\n<li>Pieces to build:\n<ul>\n<li>Rising Freedom Gundam<\/li>\n<li>Beam rifle<\/li>\n<li>2 beam sabers<\/li>\n<li>Shield<\/li>\n<li>Beam shield<\/li>\n<li>Set of effect pieces<\/li>\n<li>Set of interchangeable hands<\/li>\n<li>Set of connecting pieces<\/li>\n<li>Instructions<\/li>\n<\/ul>\n<\/li>\n<\/ul>","protected":false},"excerpt":{"rendered":"<p><strong>Product Description<\/strong><br \/>\nFrom the long-awaited film <strong>Mobile Suit Gundam SEED Freedom<\/strong> The impressive arrives <strong>HG Rising Freedom Gundam<\/strong> in 1\/144 scale from Bandai! This model kit includes multiple accessories and special features that will allow you to create dynamic and exciting poses. In addition, it has the ability to transform into its MA form by replacing several parts. Don&#039;t miss the chance to add this incredible kit to your collection!<\/p>\n<p><strong>Product Features<\/strong><\/p>\n<ul>\n<li>Scale 1\/144<\/li>\n<li>Made of PS (polystyrene)<\/li>\n<li>Based on <strong>Mobile Suit Gundam SEED Freedom<\/strong><\/li>\n<li>Part of the High Grade (HG) series<\/li>\n<li>Interchangeable parts and accessories<\/li>\n<li>Instructions may or may not include English translation.<\/li>\n<\/ul>","protected":false},"featured_media":3830,"template":"","meta":[],"product_cat":[94,66,180,61,56],"product_tag":[110,183,181,104,182],"class_list":{"0":"post-3347","1":"product","2":"type-product","3":"status-publish","4":"has-post-thumbnail","6":"product_cat-bandai-hobby-site","7":"product_cat-model-kit","8":"product_cat-3-high-grade-1-144","9":"product_cat-novedades","10":"product_cat-gundam","11":"product_tag-gundam-seed","12":"product_tag-hg-1-144","13":"product_tag-mobile-suit-gundam","14":"product_tag-model-kit","15":"product_tag-rising-freedom-gundam","17":"first","18":"outofstock","19":"sold-individually","20":"taxable","21":"shipping-taxable","22":"purchasable","23":"product-type-simple"},"yoast_head":"<!-- This site is optimized with the Yoast SEO plugin v24.2 - https:\/\/yoast.com\/wordpress\/plugins\/seo\/ -->\n<title>Mobile Suit Gundam SEED Freedom HGGS Rising Freedom Gundam 1\/44 Scale Model Kit - Akatsuki anime store<\/title>\n<meta name=\"robots\" content=\"index, follow, max-snippet:-1, max-image-preview:large, max-video-preview:-1\" \/>\n<link rel=\"canonical\" href=\"https:\/\/akatsukianime.com\/en\/product\/mobile-suit-gundam-seed-freedom-hggs-rising-freedom-gundam-1-44-scale-model-kit\/\" \/>\n<meta property=\"og:locale\" content=\"en_US\" \/>\n<meta property=\"og:type\" content=\"article\" \/>\n<meta property=\"og:title\" content=\"Mobile Suit Gundam SEED Freedom HGGS Rising Freedom Gundam 1\/44 Scale Model Kit - Akatsuki anime store\" \/>\n<meta property=\"og:description\" content=\"Descripci\u00f3n del Producto \u00a1Desde la esperada pel\u00edcula Mobile Suit Gundam SEED Freedom llega el impresionante HG Rising Freedom Gundam en una escala 1\/144 de Bandai! Este kit de modelo incluye m\u00faltiples accesorios y caracter\u00edsticas especiales que te permitir\u00e1n crear poses din\u00e1micas y emocionantes. Adem\u00e1s, tiene la capacidad de transformarse en su forma MA mediante la sustituci\u00f3n de varias piezas. \u00a1No pierdas la oportunidad de a\u00f1adir este incre\u00edble kit a tu colecci\u00f3n!  Caracter\u00edsticas del Producto   Escala 1\/144  Fabricado en PS (poliestireno)  Basado en Mobile Suit Gundam SEED Freedom  Parte de la serie High Grade (HG)  Piezas y accesorios intercambiables  Las instrucciones pueden o no incluir traducci\u00f3n al ingl\u00e9s\" \/>\n<meta property=\"og:url\" content=\"https:\/\/akatsukianime.com\/en\/product\/mobile-suit-gundam-seed-freedom-hggs-rising-freedom-gundam-1-44-scale-model-kit\/\" \/>\n<meta property=\"og:site_name\" content=\"Akatsuki anime store\" \/>\n<meta property=\"article:modified_time\" content=\"2024-12-18T16:30:01+00:00\" \/>\n<meta property=\"og:image\" content=\"https:\/\/akatsukianime.com\/wp-content\/uploads\/2024\/10\/Mobile-Suit-Gundam-SEED-Freedom-HGGS-Rising-Freedom-Gundam-144-Scale-Model-Kit.jpg\" \/>\n\t<meta property=\"og:image:width\" content=\"1000\" \/>\n\t<meta property=\"og:image:height\" content=\"1000\" \/>\n\t<meta property=\"og:image:type\" content=\"image\/jpeg\" \/>\n<meta name=\"twitter:card\" content=\"summary_large_image\" \/>\n<meta name=\"twitter:label1\" content=\"Est. reading time\" \/>\n\t<meta name=\"twitter:data1\" content=\"1 minute\" \/>\n<script type=\"application\/ld+json\" class=\"yoast-schema-graph\">{\"@context\":\"https:\/\/schema.org\",\"@graph\":[{\"@type\":[\"WebPage\",\"ItemPage\"],\"@id\":\"https:\/\/akatsukianime.com\/product\/mobile-suit-gundam-seed-freedom-hggs-rising-freedom-gundam-1-44-scale-model-kit\/\",\"url\":\"https:\/\/akatsukianime.com\/product\/mobile-suit-gundam-seed-freedom-hggs-rising-freedom-gundam-1-44-scale-model-kit\/\",\"name\":\"Mobile Suit Gundam SEED Freedom HGGS Rising Freedom Gundam 1\/44 Scale Model Kit - Akatsuki anime store\",\"isPartOf\":{\"@id\":\"https:\/\/akatsukianime.com\/#website\"},\"primaryImageOfPage\":{\"@id\":\"https:\/\/akatsukianime.com\/product\/mobile-suit-gundam-seed-freedom-hggs-rising-freedom-gundam-1-44-scale-model-kit\/#primaryimage\"},\"image\":{\"@id\":\"https:\/\/akatsukianime.com\/product\/mobile-suit-gundam-seed-freedom-hggs-rising-freedom-gundam-1-44-scale-model-kit\/#primaryimage\"},\"thumbnailUrl\":\"https:\/\/akatsukianime.com\/wp-content\/uploads\/2024\/10\/Mobile-Suit-Gundam-SEED-Freedom-HGGS-Rising-Freedom-Gundam-144-Scale-Model-Kit.jpg\",\"datePublished\":\"2024-10-10T18:03:12+00:00\",\"dateModified\":\"2024-12-18T16:30:01+00:00\",\"breadcrumb\":{\"@id\":\"https:\/\/akatsukianime.com\/product\/mobile-suit-gundam-seed-freedom-hggs-rising-freedom-gundam-1-44-scale-model-kit\/#breadcrumb\"},\"inLanguage\":\"en-US\",\"potentialAction\":[{\"@type\":\"ReadAction\",\"target\":[\"https:\/\/akatsukianime.com\/product\/mobile-suit-gundam-seed-freedom-hggs-rising-freedom-gundam-1-44-scale-model-kit\/\"]}]},{\"@type\":\"ImageObject\",\"inLanguage\":\"en-US\",\"@id\":\"https:\/\/akatsukianime.com\/product\/mobile-suit-gundam-seed-freedom-hggs-rising-freedom-gundam-1-44-scale-model-kit\/#primaryimage\",\"url\":\"https:\/\/akatsukianime.com\/wp-content\/uploads\/2024\/10\/Mobile-Suit-Gundam-SEED-Freedom-HGGS-Rising-Freedom-Gundam-144-Scale-Model-Kit.jpg\",\"contentUrl\":\"https:\/\/akatsukianime.com\/wp-content\/uploads\/2024\/10\/Mobile-Suit-Gundam-SEED-Freedom-HGGS-Rising-Freedom-Gundam-144-Scale-Model-Kit.jpg\",\"width\":1000,\"height\":1000,\"caption\":\"Mobile Suit Gundam SEED Freedom HGGS Rising Freedom Gundam 144 Scale Model Kit\"},{\"@type\":\"BreadcrumbList\",\"@id\":\"https:\/\/akatsukianime.com\/product\/mobile-suit-gundam-seed-freedom-hggs-rising-freedom-gundam-1-44-scale-model-kit\/#breadcrumb\",\"itemListElement\":[{\"@type\":\"ListItem\",\"position\":1,\"name\":\"Portada\",\"item\":\"https:\/\/akatsukianime.com\/\"},{\"@type\":\"ListItem\",\"position\":2,\"name\":\"Tienda\",\"item\":\"https:\/\/akatsukianime.com\/tienda\/\"},{\"@type\":\"ListItem\",\"position\":3,\"name\":\"Mobile Suit Gundam SEED Freedom HGGS Rising Freedom Gundam 1\/44 Scale Model Kit\"}]},{\"@type\":\"WebSite\",\"@id\":\"https:\/\/akatsukianime.com\/#website\",\"url\":\"https:\/\/akatsukianime.com\/\",\"name\":\"Akatsuki anime store\",\"description\":\"\",\"potentialAction\":[{\"@type\":\"SearchAction\",\"target\":{\"@type\":\"EntryPoint\",\"urlTemplate\":\"https:\/\/akatsukianime.com\/?s={search_term_string}\"},\"query-input\":{\"@type\":\"PropertyValueSpecification\",\"valueRequired\":true,\"valueName\":\"search_term_string\"}}],\"inLanguage\":\"en-US\"}]}<\/script>\n<!-- \/ Yoast SEO plugin. -->","yoast_head_json":{"title":"Mobile Suit Gundam SEED Freedom HGGS Rising Freedom Gundam 1\/44 Scale Model Kit - Akatsuki anime store","robots":{"index":"index","follow":"follow","max-snippet":"max-snippet:-1","max-image-preview":"max-image-preview:large","max-video-preview":"max-video-preview:-1"},"canonical":"https:\/\/akatsukianime.com\/en\/product\/mobile-suit-gundam-seed-freedom-hggs-rising-freedom-gundam-1-44-scale-model-kit\/","og_locale":"en_US","og_type":"article","og_title":"Mobile Suit Gundam SEED Freedom HGGS Rising Freedom Gundam 1\/44 Scale Model Kit - Akatsuki anime store","og_description":"Descripci\u00f3n del Producto \u00a1Desde la esperada pel\u00edcula Mobile Suit Gundam SEED Freedom llega el impresionante HG Rising Freedom Gundam en una escala 1\/144 de Bandai! Este kit de modelo incluye m\u00faltiples accesorios y caracter\u00edsticas especiales que te permitir\u00e1n crear poses din\u00e1micas y emocionantes. Adem\u00e1s, tiene la capacidad de transformarse en su forma MA mediante la sustituci\u00f3n de varias piezas. \u00a1No pierdas la oportunidad de a\u00f1adir este incre\u00edble kit a tu colecci\u00f3n!  Caracter\u00edsticas del Producto   Escala 1\/144  Fabricado en PS (poliestireno)  Basado en Mobile Suit Gundam SEED Freedom  Parte de la serie High Grade (HG)  Piezas y accesorios intercambiables  Las instrucciones pueden o no incluir traducci\u00f3n al ingl\u00e9s","og_url":"https:\/\/akatsukianime.com\/en\/product\/mobile-suit-gundam-seed-freedom-hggs-rising-freedom-gundam-1-44-scale-model-kit\/","og_site_name":"Akatsuki anime store","article_modified_time":"2024-12-18T16:30:01+00:00","og_image":[{"width":1000,"height":1000,"url":"https:\/\/akatsukianime.com\/wp-content\/uploads\/2024\/10\/Mobile-Suit-Gundam-SEED-Freedom-HGGS-Rising-Freedom-Gundam-144-Scale-Model-Kit.jpg","type":"image\/jpeg"}],"twitter_card":"summary_large_image","twitter_misc":{"Est. reading time":"1 minute"},"schema":{"@context":"https:\/\/schema.org","@graph":[{"@type":["WebPage","ItemPage"],"@id":"https:\/\/akatsukianime.com\/product\/mobile-suit-gundam-seed-freedom-hggs-rising-freedom-gundam-1-44-scale-model-kit\/","url":"https:\/\/akatsukianime.com\/product\/mobile-suit-gundam-seed-freedom-hggs-rising-freedom-gundam-1-44-scale-model-kit\/","name":"Mobile Suit Gundam SEED Freedom HGGS Rising Freedom Gundam 1\/44 Scale Model Kit - Akatsuki anime store","isPartOf":{"@id":"https:\/\/akatsukianime.com\/#website"},"primaryImageOfPage":{"@id":"https:\/\/akatsukianime.com\/product\/mobile-suit-gundam-seed-freedom-hggs-rising-freedom-gundam-1-44-scale-model-kit\/#primaryimage"},"image":{"@id":"https:\/\/akatsukianime.com\/product\/mobile-suit-gundam-seed-freedom-hggs-rising-freedom-gundam-1-44-scale-model-kit\/#primaryimage"},"thumbnailUrl":"https:\/\/akatsukianime.com\/wp-content\/uploads\/2024\/10\/Mobile-Suit-Gundam-SEED-Freedom-HGGS-Rising-Freedom-Gundam-144-Scale-Model-Kit.jpg","datePublished":"2024-10-10T18:03:12+00:00","dateModified":"2024-12-18T16:30:01+00:00","breadcrumb":{"@id":"https:\/\/akatsukianime.com\/product\/mobile-suit-gundam-seed-freedom-hggs-rising-freedom-gundam-1-44-scale-model-kit\/#breadcrumb"},"inLanguage":"en-US","potentialAction":[{"@type":"ReadAction","target":["https:\/\/akatsukianime.com\/product\/mobile-suit-gundam-seed-freedom-hggs-rising-freedom-gundam-1-44-scale-model-kit\/"]}]},{"@type":"ImageObject","inLanguage":"en-US","@id":"https:\/\/akatsukianime.com\/product\/mobile-suit-gundam-seed-freedom-hggs-rising-freedom-gundam-1-44-scale-model-kit\/#primaryimage","url":"https:\/\/akatsukianime.com\/wp-content\/uploads\/2024\/10\/Mobile-Suit-Gundam-SEED-Freedom-HGGS-Rising-Freedom-Gundam-144-Scale-Model-Kit.jpg","contentUrl":"https:\/\/akatsukianime.com\/wp-content\/uploads\/2024\/10\/Mobile-Suit-Gundam-SEED-Freedom-HGGS-Rising-Freedom-Gundam-144-Scale-Model-Kit.jpg","width":1000,"height":1000,"caption":"Mobile Suit Gundam SEED Freedom HGGS Rising Freedom Gundam 144 Scale Model Kit"},{"@type":"BreadcrumbList","@id":"https:\/\/akatsukianime.com\/product\/mobile-suit-gundam-seed-freedom-hggs-rising-freedom-gundam-1-44-scale-model-kit\/#breadcrumb","itemListElement":[{"@type":"ListItem","position":1,"name":"Portada","item":"https:\/\/akatsukianime.com\/"},{"@type":"ListItem","position":2,"name":"Tienda","item":"https:\/\/akatsukianime.com\/tienda\/"},{"@type":"ListItem","position":3,"name":"Mobile Suit Gundam SEED Freedom HGGS Rising Freedom Gundam 1\/44 Scale Model Kit"}]},{"@type":"WebSite","@id":"https:\/\/akatsukianime.com\/#website","url":"https:\/\/akatsukianime.com\/","name":"Akatsuki anime store","description":"","potentialAction":[{"@type":"SearchAction","target":{"@type":"EntryPoint","urlTemplate":"https:\/\/akatsukianime.com\/?s={search_term_string}"},"query-input":{"@type":"PropertyValueSpecification","valueRequired":true,"valueName":"search_term_string"}}],"inLanguage":"en-US"}]}},"jetpack_sharing_enabled":true,"_links":{"self":[{"href":"https:\/\/akatsukianime.com\/en\/wp-json\/wp\/v2\/product\/3347","targetHints":{"allow":["GET"]}}],"collection":[{"href":"https:\/\/akatsukianime.com\/en\/wp-json\/wp\/v2\/product"}],"about":[{"href":"https:\/\/akatsukianime.com\/en\/wp-json\/wp\/v2\/types\/product"}],"version-history":[{"count":2,"href":"https:\/\/akatsukianime.com\/en\/wp-json\/wp\/v2\/product\/3347\/revisions"}],"predecessor-version":[{"id":3829,"href":"https:\/\/akatsukianime.com\/en\/wp-json\/wp\/v2\/product\/3347\/revisions\/3829"}],"wp:featuredmedia":[{"embeddable":true,"href":"https:\/\/akatsukianime.com\/en\/wp-json\/wp\/v2\/media\/3830"}],"wp:attachment":[{"href":"https:\/\/akatsukianime.com\/en\/wp-json\/wp\/v2\/media?parent=3347"}],"wp:term":[{"taxonomy":"product_cat","embeddable":true,"href":"https:\/\/akatsukianime.com\/en\/wp-json\/wp\/v2\/product_cat?post=3347"},{"taxonomy":"product_tag","embeddable":true,"href":"https:\/\/akatsukianime.com\/en\/wp-json\/wp\/v2\/product_tag?post=3347"}],"curies":[{"name":"wp","href":"https:\/\/api.w.org\/{rel}","templated":true}]}}