{"id":3376,"date":"2024-10-10T20:33:08","date_gmt":"2024-10-10T18:33:08","guid":{"rendered":"https:\/\/akatsukianime.com\/?post_type=product&#038;p=3376"},"modified":"2025-04-23T19:58:10","modified_gmt":"2025-04-23T17:58:10","slug":"mobile-suit-gundam-pg-unleashed-rx-78-2-gundam-1-60-scale-model-kit","status":"publish","type":"product","link":"https:\/\/akatsukianime.com\/en\/product\/mobile-suit-gundam-pg-unleashed-rx-78-2-gundam-1-60-scale-model-kit\/","title":{"rendered":"Mobile Suit Gundam PG Unleashed RX-78-2 Gundam 1\/60 Scale Model Kit"},"content":{"rendered":"<p><strong>Box Contents<\/strong><\/p>\n<ul>\n<li>Pieces to build:\n<ul>\n<li><strong>RX-78-2 Gundam<\/strong><\/li>\n<li>Shield<\/li>\n<li>2 beam sabers<\/li>\n<li>Beam rifle<\/li>\n<li>LED lights<\/li>\n<li>Sayla figure<\/li>\n<li>3 Amuro figures<\/li>\n<li>Set of magnets<\/li>\n<li>Aluminum parts<\/li>\n<li>Metal decals and stickers<\/li>\n<li>Instructions<\/li>\n<\/ul>\n<\/li>\n<\/ul>","protected":false},"excerpt":{"rendered":"<p><strong>Product Description<\/strong><br \/>\nThe ultimate GunPla building experience that encapsulates 40 years of history has arrived! Since the release of the first GunPla in 1980, experimental assembly and molding methods have been developed culminating in this incredible <strong>Gundam PG Unleashed RX-78-2<\/strong> at 1\/60 scale, the crowning achievement of <strong>GunPla Evolution Project<\/strong> started in 2015, setting new standards in model kits.<\/p>\n<p>This impressive model is designed to replicate the experience of building a real robot, starting from its internal skeletal structure and progressing to the external armor. <strong>6 evolution points<\/strong>, including ease of assembly, advanced articulation, multi-layer structure and innovative materials, this kit redefines the level of detail with <strong>Color changing LEDs<\/strong> which add a new expressive dimension. The internal structure has more than <strong>90 points of articulation<\/strong>, with moving pistons and sliding mechanisms, allowing for incredible poses. There are 40 points of articulation on the chest alone to make this kit the most poseable in its size!<\/p>\n<p>The internal skeletal structure features layers of mechanical details with popping colors such as silver, gray, and gold, forming unique shapes. The external armor is distinguished by finishes such as chrome silver and aluminum parts, as well as 3D metallic stickers and photo-etched parts that elevate the level of detail. The beam sabers <strong>LED<\/strong> and the color-changing head and chest allow the Gundam to be displayed in different combat or maintenance states. Additionally, the first magnetic system in GunPla supports the massive shield, and maintenance hatches allow the complex internal mechanisms to be displayed.<\/p>\n<p><em>Note: LED lights require Lr41 batteries (sold separately).<\/em><\/p>\n<p><strong>Product Features<\/strong><\/p>\n<ul>\n<li>Scale 1\/60<\/li>\n<li>Made of plastic<\/li>\n<li>More than <strong>90 points of articulation<\/strong> all over the body<\/li>\n<li>LED lights on the beam saber and all over the body<\/li>\n<li>Based on the anime series <strong>Mobile Suit Gundam<\/strong><\/li>\n<li>Instructions may or may not include English translation<\/li>\n<\/ul>","protected":false},"featured_media":3826,"template":"","meta":[],"product_cat":[94,66,82,61,56],"product_tag":[109,181,104,188,189],"class_list":{"0":"post-3376","1":"product","2":"type-product","3":"status-publish","4":"has-post-thumbnail","6":"product_cat-bandai-hobby-site","7":"product_cat-model-kit","8":"product_cat-8-1-60-pg","9":"product_cat-novedades","10":"product_cat-gundam","11":"product_tag-gundam","12":"product_tag-mobile-suit-gundam","13":"product_tag-model-kit","14":"product_tag-pg-1-60","15":"product_tag-rx-78-02","17":"first","18":"outofstock","19":"sold-individually","20":"taxable","21":"shipping-taxable","22":"purchasable","23":"product-type-simple"},"yoast_head":"<!-- This site is optimized with the Yoast SEO plugin v24.2 - https:\/\/yoast.com\/wordpress\/plugins\/seo\/ -->\n<title>Mobile Suit Gundam PG Unleashed RX-78-2 Gundam 1\/60 Scale Model Kit - Akatsuki anime store<\/title>\n<meta name=\"robots\" content=\"index, follow, max-snippet:-1, max-image-preview:large, max-video-preview:-1\" \/>\n<link rel=\"canonical\" href=\"https:\/\/akatsukianime.com\/en\/product\/mobile-suit-gundam-pg-unleashed-rx-78-2-gundam-1-60-scale-model-kit\/\" \/>\n<meta property=\"og:locale\" content=\"en_US\" \/>\n<meta property=\"og:type\" content=\"article\" \/>\n<meta property=\"og:title\" content=\"Mobile Suit Gundam PG Unleashed RX-78-2 Gundam 1\/60 Scale Model Kit - Akatsuki anime store\" \/>\n<meta property=\"og:description\" content=\"Descripci\u00f3n del Producto \u00a1La experiencia definitiva en construcci\u00f3n de GunPla que encapsula 40 a\u00f1os de historia ha llegado! Desde el lanzamiento del primer GunPla en 1980, se han desarrollado m\u00e9todos experimentales de ensamblaje y moldeo que culminan en este incre\u00edble Gundam PG Unleashed RX-78-2 a escala 1\/60, el m\u00e1ximo logro del Proyecto GunPla Evolution iniciado en 2015, que establece nuevos est\u00e1ndares en kits de modelos.  Este impresionante modelo est\u00e1 dise\u00f1ado para replicar la experiencia de construir un robot real, comenzando desde su estructura esquel\u00e9tica interna y avanzando hasta la armadura externa. Con 6 puntos de evoluci\u00f3n, que incluyen facilidad de ensamblaje, articulaci\u00f3n avanzada, estructura multicapa y materiales innovadores, este kit redefine el nivel de detalle con LEDs de color cambiante que a\u00f1aden una nueva dimensi\u00f3n expresiva. La estructura interna cuenta con m\u00e1s de 90 puntos de articulaci\u00f3n, con pistones m\u00f3viles y mecanismos deslizantes, permitiendo posturas incre\u00edbles. \u00a1Solo en el pecho se encuentran 40 puntos de articulaci\u00f3n para hacer de este kit el m\u00e1s poseable en su tama\u00f1o!  La estructura esquel\u00e9tica interna presenta capas de detalles mec\u00e1nicos con colores que resaltan, como plateado, gris y dorado, formando formas \u00fanicas. La armadura externa se distingue por acabados como el plateado cromado y partes de aluminio, adem\u00e1s de pegatinas met\u00e1licas 3D y piezas fotograbadas que elevan el nivel de detalle. Los sables de rayos LED y el cambio de color en la cabeza y el pecho permiten mostrar al Gundam en diferentes estados de combate o mantenimiento. Adem\u00e1s, el primer sistema magn\u00e9tico en GunPla sostiene el escudo masivo, y las escotillas de mantenimiento permiten exhibir los complejos mecanismos internos.  Nota: Las luces LED requieren pilas Lr41 (se venden por separado).  Caracter\u00edsticas del Producto   Escala 1\/60  Fabricado en pl\u00e1stico  M\u00e1s de 90 puntos de articulaci\u00f3n en todo el cuerpo  Luces LED en el sable de rayos y en todo el cuerpo  Basado en la serie de anime Mobile Suit Gundam  Instrucciones pueden o no incluir traducci\u00f3n al ingl\u00e9s\" \/>\n<meta property=\"og:url\" content=\"https:\/\/akatsukianime.com\/en\/product\/mobile-suit-gundam-pg-unleashed-rx-78-2-gundam-1-60-scale-model-kit\/\" \/>\n<meta property=\"og:site_name\" content=\"Akatsuki anime store\" \/>\n<meta property=\"article:modified_time\" content=\"2025-04-23T17:58:10+00:00\" \/>\n<meta property=\"og:image\" content=\"https:\/\/akatsukianime.com\/wp-content\/uploads\/2024\/10\/Mobile-Suit-Gundam-PG-Unleashed-RX-78-2-Gundam-160-Scale-Model-Kit.jpg\" \/>\n\t<meta property=\"og:image:width\" content=\"1000\" \/>\n\t<meta property=\"og:image:height\" content=\"1000\" \/>\n\t<meta property=\"og:image:type\" content=\"image\/jpeg\" \/>\n<meta name=\"twitter:card\" content=\"summary_large_image\" \/>\n<meta name=\"twitter:label1\" content=\"Est. reading time\" \/>\n\t<meta name=\"twitter:data1\" content=\"1 minute\" \/>\n<script type=\"application\/ld+json\" class=\"yoast-schema-graph\">{\"@context\":\"https:\/\/schema.org\",\"@graph\":[{\"@type\":[\"WebPage\",\"ItemPage\"],\"@id\":\"https:\/\/akatsukianime.com\/product\/mobile-suit-gundam-pg-unleashed-rx-78-2-gundam-1-60-scale-model-kit\/\",\"url\":\"https:\/\/akatsukianime.com\/product\/mobile-suit-gundam-pg-unleashed-rx-78-2-gundam-1-60-scale-model-kit\/\",\"name\":\"Mobile Suit Gundam PG Unleashed RX-78-2 Gundam 1\/60 Scale Model Kit - Akatsuki anime store\",\"isPartOf\":{\"@id\":\"https:\/\/akatsukianime.com\/#website\"},\"primaryImageOfPage\":{\"@id\":\"https:\/\/akatsukianime.com\/product\/mobile-suit-gundam-pg-unleashed-rx-78-2-gundam-1-60-scale-model-kit\/#primaryimage\"},\"image\":{\"@id\":\"https:\/\/akatsukianime.com\/product\/mobile-suit-gundam-pg-unleashed-rx-78-2-gundam-1-60-scale-model-kit\/#primaryimage\"},\"thumbnailUrl\":\"https:\/\/akatsukianime.com\/wp-content\/uploads\/2024\/10\/Mobile-Suit-Gundam-PG-Unleashed-RX-78-2-Gundam-160-Scale-Model-Kit.jpg\",\"datePublished\":\"2024-10-10T18:33:08+00:00\",\"dateModified\":\"2025-04-23T17:58:10+00:00\",\"breadcrumb\":{\"@id\":\"https:\/\/akatsukianime.com\/product\/mobile-suit-gundam-pg-unleashed-rx-78-2-gundam-1-60-scale-model-kit\/#breadcrumb\"},\"inLanguage\":\"en-US\",\"potentialAction\":[{\"@type\":\"ReadAction\",\"target\":[\"https:\/\/akatsukianime.com\/product\/mobile-suit-gundam-pg-unleashed-rx-78-2-gundam-1-60-scale-model-kit\/\"]}]},{\"@type\":\"ImageObject\",\"inLanguage\":\"en-US\",\"@id\":\"https:\/\/akatsukianime.com\/product\/mobile-suit-gundam-pg-unleashed-rx-78-2-gundam-1-60-scale-model-kit\/#primaryimage\",\"url\":\"https:\/\/akatsukianime.com\/wp-content\/uploads\/2024\/10\/Mobile-Suit-Gundam-PG-Unleashed-RX-78-2-Gundam-160-Scale-Model-Kit.jpg\",\"contentUrl\":\"https:\/\/akatsukianime.com\/wp-content\/uploads\/2024\/10\/Mobile-Suit-Gundam-PG-Unleashed-RX-78-2-Gundam-160-Scale-Model-Kit.jpg\",\"width\":1000,\"height\":1000,\"caption\":\"Mobile Suit Gundam PG Unleashed RX-78-2 Gundam 160 Scale Model Kit\"},{\"@type\":\"BreadcrumbList\",\"@id\":\"https:\/\/akatsukianime.com\/product\/mobile-suit-gundam-pg-unleashed-rx-78-2-gundam-1-60-scale-model-kit\/#breadcrumb\",\"itemListElement\":[{\"@type\":\"ListItem\",\"position\":1,\"name\":\"Portada\",\"item\":\"https:\/\/akatsukianime.com\/\"},{\"@type\":\"ListItem\",\"position\":2,\"name\":\"Tienda\",\"item\":\"https:\/\/akatsukianime.com\/tienda\/\"},{\"@type\":\"ListItem\",\"position\":3,\"name\":\"Mobile Suit Gundam PG Unleashed RX-78-2 Gundam 1\/60 Scale Model Kit\"}]},{\"@type\":\"WebSite\",\"@id\":\"https:\/\/akatsukianime.com\/#website\",\"url\":\"https:\/\/akatsukianime.com\/\",\"name\":\"Akatsuki anime store\",\"description\":\"\",\"potentialAction\":[{\"@type\":\"SearchAction\",\"target\":{\"@type\":\"EntryPoint\",\"urlTemplate\":\"https:\/\/akatsukianime.com\/?s={search_term_string}\"},\"query-input\":{\"@type\":\"PropertyValueSpecification\",\"valueRequired\":true,\"valueName\":\"search_term_string\"}}],\"inLanguage\":\"en-US\"}]}<\/script>\n<!-- \/ Yoast SEO plugin. -->","yoast_head_json":{"title":"Mobile Suit Gundam PG Unleashed RX-78-2 Gundam 1\/60 Scale Model Kit - Akatsuki anime store","robots":{"index":"index","follow":"follow","max-snippet":"max-snippet:-1","max-image-preview":"max-image-preview:large","max-video-preview":"max-video-preview:-1"},"canonical":"https:\/\/akatsukianime.com\/en\/product\/mobile-suit-gundam-pg-unleashed-rx-78-2-gundam-1-60-scale-model-kit\/","og_locale":"en_US","og_type":"article","og_title":"Mobile Suit Gundam PG Unleashed RX-78-2 Gundam 1\/60 Scale Model Kit - Akatsuki anime store","og_description":"Descripci\u00f3n del Producto \u00a1La experiencia definitiva en construcci\u00f3n de GunPla que encapsula 40 a\u00f1os de historia ha llegado! Desde el lanzamiento del primer GunPla en 1980, se han desarrollado m\u00e9todos experimentales de ensamblaje y moldeo que culminan en este incre\u00edble Gundam PG Unleashed RX-78-2 a escala 1\/60, el m\u00e1ximo logro del Proyecto GunPla Evolution iniciado en 2015, que establece nuevos est\u00e1ndares en kits de modelos.  Este impresionante modelo est\u00e1 dise\u00f1ado para replicar la experiencia de construir un robot real, comenzando desde su estructura esquel\u00e9tica interna y avanzando hasta la armadura externa. Con 6 puntos de evoluci\u00f3n, que incluyen facilidad de ensamblaje, articulaci\u00f3n avanzada, estructura multicapa y materiales innovadores, este kit redefine el nivel de detalle con LEDs de color cambiante que a\u00f1aden una nueva dimensi\u00f3n expresiva. La estructura interna cuenta con m\u00e1s de 90 puntos de articulaci\u00f3n, con pistones m\u00f3viles y mecanismos deslizantes, permitiendo posturas incre\u00edbles. \u00a1Solo en el pecho se encuentran 40 puntos de articulaci\u00f3n para hacer de este kit el m\u00e1s poseable en su tama\u00f1o!  La estructura esquel\u00e9tica interna presenta capas de detalles mec\u00e1nicos con colores que resaltan, como plateado, gris y dorado, formando formas \u00fanicas. La armadura externa se distingue por acabados como el plateado cromado y partes de aluminio, adem\u00e1s de pegatinas met\u00e1licas 3D y piezas fotograbadas que elevan el nivel de detalle. Los sables de rayos LED y el cambio de color en la cabeza y el pecho permiten mostrar al Gundam en diferentes estados de combate o mantenimiento. Adem\u00e1s, el primer sistema magn\u00e9tico en GunPla sostiene el escudo masivo, y las escotillas de mantenimiento permiten exhibir los complejos mecanismos internos.  Nota: Las luces LED requieren pilas Lr41 (se venden por separado).  Caracter\u00edsticas del Producto   Escala 1\/60  Fabricado en pl\u00e1stico  M\u00e1s de 90 puntos de articulaci\u00f3n en todo el cuerpo  Luces LED en el sable de rayos y en todo el cuerpo  Basado en la serie de anime Mobile Suit Gundam  Instrucciones pueden o no incluir traducci\u00f3n al ingl\u00e9s","og_url":"https:\/\/akatsukianime.com\/en\/product\/mobile-suit-gundam-pg-unleashed-rx-78-2-gundam-1-60-scale-model-kit\/","og_site_name":"Akatsuki anime store","article_modified_time":"2025-04-23T17:58:10+00:00","og_image":[{"width":1000,"height":1000,"url":"https:\/\/akatsukianime.com\/wp-content\/uploads\/2024\/10\/Mobile-Suit-Gundam-PG-Unleashed-RX-78-2-Gundam-160-Scale-Model-Kit.jpg","type":"image\/jpeg"}],"twitter_card":"summary_large_image","twitter_misc":{"Est. reading time":"1 minute"},"schema":{"@context":"https:\/\/schema.org","@graph":[{"@type":["WebPage","ItemPage"],"@id":"https:\/\/akatsukianime.com\/product\/mobile-suit-gundam-pg-unleashed-rx-78-2-gundam-1-60-scale-model-kit\/","url":"https:\/\/akatsukianime.com\/product\/mobile-suit-gundam-pg-unleashed-rx-78-2-gundam-1-60-scale-model-kit\/","name":"Mobile Suit Gundam PG Unleashed RX-78-2 Gundam 1\/60 Scale Model Kit - Akatsuki anime store","isPartOf":{"@id":"https:\/\/akatsukianime.com\/#website"},"primaryImageOfPage":{"@id":"https:\/\/akatsukianime.com\/product\/mobile-suit-gundam-pg-unleashed-rx-78-2-gundam-1-60-scale-model-kit\/#primaryimage"},"image":{"@id":"https:\/\/akatsukianime.com\/product\/mobile-suit-gundam-pg-unleashed-rx-78-2-gundam-1-60-scale-model-kit\/#primaryimage"},"thumbnailUrl":"https:\/\/akatsukianime.com\/wp-content\/uploads\/2024\/10\/Mobile-Suit-Gundam-PG-Unleashed-RX-78-2-Gundam-160-Scale-Model-Kit.jpg","datePublished":"2024-10-10T18:33:08+00:00","dateModified":"2025-04-23T17:58:10+00:00","breadcrumb":{"@id":"https:\/\/akatsukianime.com\/product\/mobile-suit-gundam-pg-unleashed-rx-78-2-gundam-1-60-scale-model-kit\/#breadcrumb"},"inLanguage":"en-US","potentialAction":[{"@type":"ReadAction","target":["https:\/\/akatsukianime.com\/product\/mobile-suit-gundam-pg-unleashed-rx-78-2-gundam-1-60-scale-model-kit\/"]}]},{"@type":"ImageObject","inLanguage":"en-US","@id":"https:\/\/akatsukianime.com\/product\/mobile-suit-gundam-pg-unleashed-rx-78-2-gundam-1-60-scale-model-kit\/#primaryimage","url":"https:\/\/akatsukianime.com\/wp-content\/uploads\/2024\/10\/Mobile-Suit-Gundam-PG-Unleashed-RX-78-2-Gundam-160-Scale-Model-Kit.jpg","contentUrl":"https:\/\/akatsukianime.com\/wp-content\/uploads\/2024\/10\/Mobile-Suit-Gundam-PG-Unleashed-RX-78-2-Gundam-160-Scale-Model-Kit.jpg","width":1000,"height":1000,"caption":"Mobile Suit Gundam PG Unleashed RX-78-2 Gundam 160 Scale Model Kit"},{"@type":"BreadcrumbList","@id":"https:\/\/akatsukianime.com\/product\/mobile-suit-gundam-pg-unleashed-rx-78-2-gundam-1-60-scale-model-kit\/#breadcrumb","itemListElement":[{"@type":"ListItem","position":1,"name":"Portada","item":"https:\/\/akatsukianime.com\/"},{"@type":"ListItem","position":2,"name":"Tienda","item":"https:\/\/akatsukianime.com\/tienda\/"},{"@type":"ListItem","position":3,"name":"Mobile Suit Gundam PG Unleashed RX-78-2 Gundam 1\/60 Scale Model Kit"}]},{"@type":"WebSite","@id":"https:\/\/akatsukianime.com\/#website","url":"https:\/\/akatsukianime.com\/","name":"Akatsuki anime store","description":"","potentialAction":[{"@type":"SearchAction","target":{"@type":"EntryPoint","urlTemplate":"https:\/\/akatsukianime.com\/?s={search_term_string}"},"query-input":{"@type":"PropertyValueSpecification","valueRequired":true,"valueName":"search_term_string"}}],"inLanguage":"en-US"}]}},"jetpack_sharing_enabled":true,"_links":{"self":[{"href":"https:\/\/akatsukianime.com\/en\/wp-json\/wp\/v2\/product\/3376","targetHints":{"allow":["GET"]}}],"collection":[{"href":"https:\/\/akatsukianime.com\/en\/wp-json\/wp\/v2\/product"}],"about":[{"href":"https:\/\/akatsukianime.com\/en\/wp-json\/wp\/v2\/types\/product"}],"version-history":[{"count":2,"href":"https:\/\/akatsukianime.com\/en\/wp-json\/wp\/v2\/product\/3376\/revisions"}],"predecessor-version":[{"id":3825,"href":"https:\/\/akatsukianime.com\/en\/wp-json\/wp\/v2\/product\/3376\/revisions\/3825"}],"wp:featuredmedia":[{"embeddable":true,"href":"https:\/\/akatsukianime.com\/en\/wp-json\/wp\/v2\/media\/3826"}],"wp:attachment":[{"href":"https:\/\/akatsukianime.com\/en\/wp-json\/wp\/v2\/media?parent=3376"}],"wp:term":[{"taxonomy":"product_cat","embeddable":true,"href":"https:\/\/akatsukianime.com\/en\/wp-json\/wp\/v2\/product_cat?post=3376"},{"taxonomy":"product_tag","embeddable":true,"href":"https:\/\/akatsukianime.com\/en\/wp-json\/wp\/v2\/product_tag?post=3376"}],"curies":[{"name":"wp","href":"https:\/\/api.w.org\/{rel}","templated":true}]}}