{"id":3402,"date":"2024-10-14T16:27:21","date_gmt":"2024-10-14T14:27:21","guid":{"rendered":"https:\/\/akatsukianime.com\/?post_type=product&#038;p=3402"},"modified":"2024-10-28T17:18:59","modified_gmt":"2024-10-28T16:18:59","slug":"1-100-mg-gundam-astray-red-frame-lowe-gueles-customize-mobile-suit-mbf-po2kai","status":"publish","type":"product","link":"https:\/\/akatsukianime.com\/en\/product\/1-100-mg-gundam-astray-red-frame-lowe-gueles-customize-mobile-suit-mbf-po2kai\/","title":{"rendered":"1\/100 MG Gundam Astray Red Frame Lowe Guele&#039;s Customize Mobile Suit MBF-PO2KAI"},"content":{"rendered":"<p><strong>Pieces to build:<\/strong><\/p>\n<ul>\n<li>Gundam Astray Red Frame Review<\/li>\n<li>Gerbera Straight<\/li>\n<li>Tiger Pierce<\/li>\n<li>2 energy sabers (Beam sabers)<\/li>\n<li>Beam Rifle<\/li>\n<li>Shield<\/li>\n<li>2 Lowe Guele Miniatures<\/li>\n<li>Parts effects<\/li>\n<li>Action Base No. 2<\/li>\n<li>Instructions<\/li>\n<\/ul>","protected":false},"excerpt":{"rendered":"<p>Much like the Blue Frame, Lowe Guele\u2019s Astray Red Frame Kai boasts incredible articulation thanks to the generous use of poly-caps. Once assembled, this Master Grade model can be posed in a variety of ways while wielding its weapons. Its backpack easily transforms into various forms with a few simple adjustments. In its Tactical Arms IIL mode, it can switch between flight, delta, and V forms. Its sword mode becomes work mode, while its arrow mode takes the form of a large bow. The Laser Torch can be held in the mecha\u2019s hand or attached to the arrow mode.<\/p>\n<p>The MG Astray also includes his two iconic katanas: Gerbera Straight, forged by Kiku Ichimonji, and Tiger Pierce, forged by Kotetsu. Both swords even have signatures engraved on the hilts!<\/p>\n<p>Also included are two 1\/100 scale Lowe Guele figures, one seated and one standing, plus dry transfer decals and stickers for detailing.<\/p>","protected":false},"featured_media":3824,"template":"","meta":[],"product_cat":[94,103,61,56],"product_tag":[106,110,179,107,181,104],"class_list":{"0":"post-3402","1":"product","2":"type-product","3":"status-publish","4":"has-post-thumbnail","6":"product_cat-bandai-hobby-site","7":"product_cat-6-master-grade-1-100","8":"product_cat-novedades","9":"product_cat-gundam","10":"product_tag-bandai-hobby","11":"product_tag-gundam-seed","12":"product_tag-gundam-seed-astray","13":"product_tag-master-grade","14":"product_tag-mobile-suit-gundam","15":"product_tag-model-kit","17":"first","18":"instock","19":"sold-individually","20":"taxable","21":"shipping-taxable","22":"purchasable","23":"product-type-simple"},"yoast_head":"<!-- This site is optimized with the Yoast SEO plugin v24.2 - https:\/\/yoast.com\/wordpress\/plugins\/seo\/ -->\n<title>1\/100 MG Gundam Astray Red Frame Lowe Guele&#039;s Customize Mobile Suit MBF-PO2KAI- Akatsuki anime store<\/title>\n<meta name=\"robots\" content=\"index, follow, max-snippet:-1, max-image-preview:large, max-video-preview:-1\" \/>\n<link rel=\"canonical\" href=\"https:\/\/akatsukianime.com\/en\/product\/1-100-mg-gundam-astray-red-frame-lowe-gueles-customize-mobile-suit-mbf-po2kai\/\" \/>\n<meta property=\"og:locale\" content=\"en_US\" \/>\n<meta property=\"og:type\" content=\"article\" \/>\n<meta property=\"og:title\" content=\"1\/100 MG Gundam Astray Red Frame Lowe Guele&#039;s Customize Mobile Suit MBF-PO2KAI- Akatsuki anime store\" \/>\n<meta property=\"og:description\" content=\"Al igual que el Blue Frame, el Astray Red Frame Kai de Lowe Guele presume de una incre\u00edble articulaci\u00f3n gracias al uso generoso de poli-caps. Una vez ensamblado, este modelo Master Grade podr\u00e1 adoptar una variedad de poses empu\u00f1ando sus armas. Su mochila se transforma f\u00e1cilmente en varias formas con unos simples ajustes. En su modo &quot;Tactical Arms IIL&quot;, puede cambiar entre las formas de vuelo, delta y V. Su modo espada se convierte en modo de trabajo, mientras que el modo flecha adopta la forma de un gran arco. La Antorcha l\u00e1ser puede sostenerse en la mano del mecha o acoplarse al modo flecha.  El MG Astray tambi\u00e9n incluye sus dos ic\u00f3nicas katanas: Gerbera Straight, forjada por Kiku Ichimonji, y Tiger Pierce, por Kotetsu. \u00a1Ambas espadas incluso tienen firmas grabadas en las empu\u00f1aduras!  Tambi\u00e9n se incluyen dos figuras a escala 1\/100 de Lowe Guele, una sentada y otra de pie, adem\u00e1s de calcoman\u00edas por transferencia en seco y adhesivos para los detalles.\" \/>\n<meta property=\"og:url\" content=\"https:\/\/akatsukianime.com\/en\/product\/1-100-mg-gundam-astray-red-frame-lowe-gueles-customize-mobile-suit-mbf-po2kai\/\" \/>\n<meta property=\"og:site_name\" content=\"Akatsuki anime store\" \/>\n<meta property=\"article:modified_time\" content=\"2024-10-28T16:18:59+00:00\" \/>\n<meta property=\"og:image\" content=\"https:\/\/akatsukianime.com\/wp-content\/uploads\/2024\/10\/100-MG-Gundam-Astray-Red-Frame-Lowe-Gueles-Customize-Mobile-Suit-MBF-PO2KAI.jpg\" \/>\n\t<meta property=\"og:image:width\" content=\"1000\" \/>\n\t<meta property=\"og:image:height\" content=\"1000\" \/>\n\t<meta property=\"og:image:type\" content=\"image\/jpeg\" \/>\n<meta name=\"twitter:card\" content=\"summary_large_image\" \/>\n<script type=\"application\/ld+json\" class=\"yoast-schema-graph\">{\"@context\":\"https:\/\/schema.org\",\"@graph\":[{\"@type\":[\"WebPage\",\"ItemPage\"],\"@id\":\"https:\/\/akatsukianime.com\/product\/1-100-mg-gundam-astray-red-frame-lowe-gueles-customize-mobile-suit-mbf-po2kai\/\",\"url\":\"https:\/\/akatsukianime.com\/product\/1-100-mg-gundam-astray-red-frame-lowe-gueles-customize-mobile-suit-mbf-po2kai\/\",\"name\":\"1\/100 MG Gundam Astray Red Frame Lowe Guele's Customize Mobile Suit MBF-PO2KAI- Akatsuki anime store\",\"isPartOf\":{\"@id\":\"https:\/\/akatsukianime.com\/#website\"},\"primaryImageOfPage\":{\"@id\":\"https:\/\/akatsukianime.com\/product\/1-100-mg-gundam-astray-red-frame-lowe-gueles-customize-mobile-suit-mbf-po2kai\/#primaryimage\"},\"image\":{\"@id\":\"https:\/\/akatsukianime.com\/product\/1-100-mg-gundam-astray-red-frame-lowe-gueles-customize-mobile-suit-mbf-po2kai\/#primaryimage\"},\"thumbnailUrl\":\"https:\/\/akatsukianime.com\/wp-content\/uploads\/2024\/10\/100-MG-Gundam-Astray-Red-Frame-Lowe-Gueles-Customize-Mobile-Suit-MBF-PO2KAI.jpg\",\"datePublished\":\"2024-10-14T14:27:21+00:00\",\"dateModified\":\"2024-10-28T16:18:59+00:00\",\"breadcrumb\":{\"@id\":\"https:\/\/akatsukianime.com\/product\/1-100-mg-gundam-astray-red-frame-lowe-gueles-customize-mobile-suit-mbf-po2kai\/#breadcrumb\"},\"inLanguage\":\"en-US\",\"potentialAction\":[{\"@type\":\"ReadAction\",\"target\":[\"https:\/\/akatsukianime.com\/product\/1-100-mg-gundam-astray-red-frame-lowe-gueles-customize-mobile-suit-mbf-po2kai\/\"]}]},{\"@type\":\"ImageObject\",\"inLanguage\":\"en-US\",\"@id\":\"https:\/\/akatsukianime.com\/product\/1-100-mg-gundam-astray-red-frame-lowe-gueles-customize-mobile-suit-mbf-po2kai\/#primaryimage\",\"url\":\"https:\/\/akatsukianime.com\/wp-content\/uploads\/2024\/10\/100-MG-Gundam-Astray-Red-Frame-Lowe-Gueles-Customize-Mobile-Suit-MBF-PO2KAI.jpg\",\"contentUrl\":\"https:\/\/akatsukianime.com\/wp-content\/uploads\/2024\/10\/100-MG-Gundam-Astray-Red-Frame-Lowe-Gueles-Customize-Mobile-Suit-MBF-PO2KAI.jpg\",\"width\":1000,\"height\":1000,\"caption\":\"1100 MG Gundam Astray Red Frame Lowe Guele's Customize Mobile Suit MBF-PO2KAI\"},{\"@type\":\"BreadcrumbList\",\"@id\":\"https:\/\/akatsukianime.com\/product\/1-100-mg-gundam-astray-red-frame-lowe-gueles-customize-mobile-suit-mbf-po2kai\/#breadcrumb\",\"itemListElement\":[{\"@type\":\"ListItem\",\"position\":1,\"name\":\"Portada\",\"item\":\"https:\/\/akatsukianime.com\/\"},{\"@type\":\"ListItem\",\"position\":2,\"name\":\"Tienda\",\"item\":\"https:\/\/akatsukianime.com\/tienda\/\"},{\"@type\":\"ListItem\",\"position\":3,\"name\":\"1\/100 MG Gundam Astray Red Frame Lowe Guele&#8217;s Customize Mobile Suit MBF-PO2KAI\"}]},{\"@type\":\"WebSite\",\"@id\":\"https:\/\/akatsukianime.com\/#website\",\"url\":\"https:\/\/akatsukianime.com\/\",\"name\":\"Akatsuki anime store\",\"description\":\"\",\"potentialAction\":[{\"@type\":\"SearchAction\",\"target\":{\"@type\":\"EntryPoint\",\"urlTemplate\":\"https:\/\/akatsukianime.com\/?s={search_term_string}\"},\"query-input\":{\"@type\":\"PropertyValueSpecification\",\"valueRequired\":true,\"valueName\":\"search_term_string\"}}],\"inLanguage\":\"en-US\"}]}<\/script>\n<!-- \/ Yoast SEO plugin. -->","yoast_head_json":{"title":"1\/100 MG Gundam Astray Red Frame Lowe Guele's Customize Mobile Suit MBF-PO2KAI- Akatsuki anime store","robots":{"index":"index","follow":"follow","max-snippet":"max-snippet:-1","max-image-preview":"max-image-preview:large","max-video-preview":"max-video-preview:-1"},"canonical":"https:\/\/akatsukianime.com\/en\/product\/1-100-mg-gundam-astray-red-frame-lowe-gueles-customize-mobile-suit-mbf-po2kai\/","og_locale":"en_US","og_type":"article","og_title":"1\/100 MG Gundam Astray Red Frame Lowe Guele's Customize Mobile Suit MBF-PO2KAI- Akatsuki anime store","og_description":"Al igual que el Blue Frame, el Astray Red Frame Kai de Lowe Guele presume de una incre\u00edble articulaci\u00f3n gracias al uso generoso de poli-caps. Una vez ensamblado, este modelo Master Grade podr\u00e1 adoptar una variedad de poses empu\u00f1ando sus armas. Su mochila se transforma f\u00e1cilmente en varias formas con unos simples ajustes. En su modo \"Tactical Arms IIL\", puede cambiar entre las formas de vuelo, delta y V. Su modo espada se convierte en modo de trabajo, mientras que el modo flecha adopta la forma de un gran arco. La Antorcha l\u00e1ser puede sostenerse en la mano del mecha o acoplarse al modo flecha.  El MG Astray tambi\u00e9n incluye sus dos ic\u00f3nicas katanas: Gerbera Straight, forjada por Kiku Ichimonji, y Tiger Pierce, por Kotetsu. \u00a1Ambas espadas incluso tienen firmas grabadas en las empu\u00f1aduras!  Tambi\u00e9n se incluyen dos figuras a escala 1\/100 de Lowe Guele, una sentada y otra de pie, adem\u00e1s de calcoman\u00edas por transferencia en seco y adhesivos para los detalles.","og_url":"https:\/\/akatsukianime.com\/en\/product\/1-100-mg-gundam-astray-red-frame-lowe-gueles-customize-mobile-suit-mbf-po2kai\/","og_site_name":"Akatsuki anime store","article_modified_time":"2024-10-28T16:18:59+00:00","og_image":[{"width":1000,"height":1000,"url":"https:\/\/akatsukianime.com\/wp-content\/uploads\/2024\/10\/100-MG-Gundam-Astray-Red-Frame-Lowe-Gueles-Customize-Mobile-Suit-MBF-PO2KAI.jpg","type":"image\/jpeg"}],"twitter_card":"summary_large_image","schema":{"@context":"https:\/\/schema.org","@graph":[{"@type":["WebPage","ItemPage"],"@id":"https:\/\/akatsukianime.com\/product\/1-100-mg-gundam-astray-red-frame-lowe-gueles-customize-mobile-suit-mbf-po2kai\/","url":"https:\/\/akatsukianime.com\/product\/1-100-mg-gundam-astray-red-frame-lowe-gueles-customize-mobile-suit-mbf-po2kai\/","name":"1\/100 MG Gundam Astray Red Frame Lowe Guele's Customize Mobile Suit MBF-PO2KAI- Akatsuki anime store","isPartOf":{"@id":"https:\/\/akatsukianime.com\/#website"},"primaryImageOfPage":{"@id":"https:\/\/akatsukianime.com\/product\/1-100-mg-gundam-astray-red-frame-lowe-gueles-customize-mobile-suit-mbf-po2kai\/#primaryimage"},"image":{"@id":"https:\/\/akatsukianime.com\/product\/1-100-mg-gundam-astray-red-frame-lowe-gueles-customize-mobile-suit-mbf-po2kai\/#primaryimage"},"thumbnailUrl":"https:\/\/akatsukianime.com\/wp-content\/uploads\/2024\/10\/100-MG-Gundam-Astray-Red-Frame-Lowe-Gueles-Customize-Mobile-Suit-MBF-PO2KAI.jpg","datePublished":"2024-10-14T14:27:21+00:00","dateModified":"2024-10-28T16:18:59+00:00","breadcrumb":{"@id":"https:\/\/akatsukianime.com\/product\/1-100-mg-gundam-astray-red-frame-lowe-gueles-customize-mobile-suit-mbf-po2kai\/#breadcrumb"},"inLanguage":"en-US","potentialAction":[{"@type":"ReadAction","target":["https:\/\/akatsukianime.com\/product\/1-100-mg-gundam-astray-red-frame-lowe-gueles-customize-mobile-suit-mbf-po2kai\/"]}]},{"@type":"ImageObject","inLanguage":"en-US","@id":"https:\/\/akatsukianime.com\/product\/1-100-mg-gundam-astray-red-frame-lowe-gueles-customize-mobile-suit-mbf-po2kai\/#primaryimage","url":"https:\/\/akatsukianime.com\/wp-content\/uploads\/2024\/10\/100-MG-Gundam-Astray-Red-Frame-Lowe-Gueles-Customize-Mobile-Suit-MBF-PO2KAI.jpg","contentUrl":"https:\/\/akatsukianime.com\/wp-content\/uploads\/2024\/10\/100-MG-Gundam-Astray-Red-Frame-Lowe-Gueles-Customize-Mobile-Suit-MBF-PO2KAI.jpg","width":1000,"height":1000,"caption":"1100 MG Gundam Astray Red Frame Lowe Guele's Customize Mobile Suit MBF-PO2KAI"},{"@type":"BreadcrumbList","@id":"https:\/\/akatsukianime.com\/product\/1-100-mg-gundam-astray-red-frame-lowe-gueles-customize-mobile-suit-mbf-po2kai\/#breadcrumb","itemListElement":[{"@type":"ListItem","position":1,"name":"Portada","item":"https:\/\/akatsukianime.com\/"},{"@type":"ListItem","position":2,"name":"Tienda","item":"https:\/\/akatsukianime.com\/tienda\/"},{"@type":"ListItem","position":3,"name":"1\/100 MG Gundam Astray Red Frame Lowe Guele&#8217;s Customize Mobile Suit MBF-PO2KAI"}]},{"@type":"WebSite","@id":"https:\/\/akatsukianime.com\/#website","url":"https:\/\/akatsukianime.com\/","name":"Akatsuki anime store","description":"","potentialAction":[{"@type":"SearchAction","target":{"@type":"EntryPoint","urlTemplate":"https:\/\/akatsukianime.com\/?s={search_term_string}"},"query-input":{"@type":"PropertyValueSpecification","valueRequired":true,"valueName":"search_term_string"}}],"inLanguage":"en-US"}]}},"jetpack_sharing_enabled":true,"_links":{"self":[{"href":"https:\/\/akatsukianime.com\/en\/wp-json\/wp\/v2\/product\/3402","targetHints":{"allow":["GET"]}}],"collection":[{"href":"https:\/\/akatsukianime.com\/en\/wp-json\/wp\/v2\/product"}],"about":[{"href":"https:\/\/akatsukianime.com\/en\/wp-json\/wp\/v2\/types\/product"}],"version-history":[{"count":3,"href":"https:\/\/akatsukianime.com\/en\/wp-json\/wp\/v2\/product\/3402\/revisions"}],"predecessor-version":[{"id":3416,"href":"https:\/\/akatsukianime.com\/en\/wp-json\/wp\/v2\/product\/3402\/revisions\/3416"}],"wp:featuredmedia":[{"embeddable":true,"href":"https:\/\/akatsukianime.com\/en\/wp-json\/wp\/v2\/media\/3824"}],"wp:attachment":[{"href":"https:\/\/akatsukianime.com\/en\/wp-json\/wp\/v2\/media?parent=3402"}],"wp:term":[{"taxonomy":"product_cat","embeddable":true,"href":"https:\/\/akatsukianime.com\/en\/wp-json\/wp\/v2\/product_cat?post=3402"},{"taxonomy":"product_tag","embeddable":true,"href":"https:\/\/akatsukianime.com\/en\/wp-json\/wp\/v2\/product_tag?post=3402"}],"curies":[{"name":"wp","href":"https:\/\/api.w.org\/{rel}","templated":true}]}}