{"id":3417,"date":"2024-10-14T17:21:22","date_gmt":"2024-10-14T15:21:22","guid":{"rendered":"https:\/\/akatsukianime.com\/?post_type=product&#038;p=3417"},"modified":"2024-10-18T19:25:26","modified_gmt":"2024-10-18T17:25:26","slug":"digimon-adventure-figure-rise-standard-amplified-metalgreymon-vaccine-species","status":"publish","type":"product","link":"https:\/\/akatsukianime.com\/en\/product\/digimon-adventure-figure-rise-standard-amplified-metalgreymon-vaccine-species\/","title":{"rendered":"Digimon Adventure Figure-rise Standard Amplified MetalGreymon (Vaccine Species)"},"content":{"rendered":"<p><strong>Box contents:<\/strong><\/p>\n<ul>\n<li>Pieces to build:\n<ul>\n<li>MetalGreymon<\/li>\n<li>Weapon set<\/li>\n<li>Set of connecting pieces<\/li>\n<li>Display base<\/li>\n<li>3D metal stamp<\/li>\n<li>PET sheet<\/li>\n<li>2 types of internal cables<\/li>\n<li>Instructions<\/li>\n<\/ul>\n<\/li>\n<\/ul>","protected":false},"excerpt":{"rendered":"<p><strong>Product Description:<\/strong><br \/>\n\u201cMetalGreymon (Bovine Species)\u201d from \u201cDigimon Adventure\u201d joins the Figure-rise Standard Amplified series.<\/p>\n<p>The contrast between the machine and the body is fully amplified thanks to Amplified\u2019s unique modeling. The chest hatch opens and allows for the placement of the organic missile projectile \u201cGiga Destroyer.\u201d The rear wings are sharp and vividly expressed using a PET sheet printed with a pattern. The tail is flexible and movable thanks to its splitting and connection using internal cables.<\/p>\n<p>Includes a comprehensive set of parts and display bases to reproduce Altaraus mode. Also included are 3D metal stickers that can be placed as details in various locations. In consideration of the expansion as a plastic model, connection holes have been placed in various parts to facilitate expansion.<\/p>\n<hr \/>\n<p><strong>Product Features:<\/strong><\/p>\n<ul>\n<li>Made of plastic<\/li>\n<li>Based on the anime series Digimon Adventure<\/li>\n<li>Part of the Figure-rise Standard Amplified series<\/li>\n<li>Highly detailed<\/li>\n<li>Includes a set of parts to reproduce Altaraus mode<\/li>\n<li>Instructions may or may not include English translation.<\/li>\n<\/ul>","protected":false},"featured_media":3823,"template":"","meta":[],"product_cat":[94,66,194,60],"product_tag":[192,190,191,193,104],"class_list":{"0":"post-3417","1":"product","2":"type-product","3":"status-publish","4":"has-post-thumbnail","6":"product_cat-bandai-hobby-site","7":"product_cat-model-kit","8":"product_cat-9-figure-rise-standard","9":"product_cat-otros","10":"product_tag-amplified","11":"product_tag-digimon","12":"product_tag-figure-rise-standard","13":"product_tag-metalgreymon","14":"product_tag-model-kit","16":"first","17":"instock","18":"sold-individually","19":"taxable","20":"shipping-taxable","21":"purchasable","22":"product-type-simple"},"yoast_head":"<!-- This site is optimized with the Yoast SEO plugin v24.2 - https:\/\/yoast.com\/wordpress\/plugins\/seo\/ -->\n<title>Digimon Adventure Figure-rise Standard Amplified MetalGreymon (Vaccine Species)- Akatsuki anime store<\/title>\n<meta name=\"robots\" content=\"index, follow, max-snippet:-1, max-image-preview:large, max-video-preview:-1\" \/>\n<link rel=\"canonical\" href=\"https:\/\/akatsukianime.com\/en\/product\/digimon-adventure-figure-rise-standard-amplified-metalgreymon-vaccine-species\/\" \/>\n<meta property=\"og:locale\" content=\"en_US\" \/>\n<meta property=\"og:type\" content=\"article\" \/>\n<meta property=\"og:title\" content=\"Digimon Adventure Figure-rise Standard Amplified MetalGreymon (Vaccine Species)- Akatsuki anime store\" \/>\n<meta property=\"og:description\" content=\"Descripci\u00f3n del producto: &quot;MetalGreymon (especie vacuna)&quot; de &quot;Digimon Adventure&quot; se suma a la serie Figure-rise Standard Amplified.  El contraste entre la m\u00e1quina y el cuerpo est\u00e1 completamente amplificado gracias al modelado \u00fanico de Amplified. La escotilla del pecho se abre y permite colocar el proyectil del misil org\u00e1nico &quot;Giga Destroyer&quot;. Las alas traseras est\u00e1n afiladas y se expresan de forma v\u00edvida utilizando una hoja de PET impresa con un patr\u00f3n. La cola es flexible y m\u00f3vil gracias a su divisi\u00f3n y conexi\u00f3n mediante cables internos.  Incluye un amplio conjunto de piezas y bases de exhibici\u00f3n para reproducir el modo Altaraus. Tambi\u00e9n se incluyen adhesivos met\u00e1licos 3D que pueden colocarse como detalles en varios lugares. En consideraci\u00f3n de la expansi\u00f3n como modelo de pl\u00e1stico, se han colocado orificios de conexi\u00f3n en diversas partes para facilitar ampliaciones.    Caracter\u00edsticas del producto:   Fabricado en pl\u00e1stico  Basado en la serie de anime Digimon Adventure  Parte de la serie Figure-rise Standard Amplified  Altamente detallado  Incluye un conjunto de piezas para reproducir el modo Altaraus  Las instrucciones pueden o no incluir traducci\u00f3n al ingl\u00e9s\" \/>\n<meta property=\"og:url\" content=\"https:\/\/akatsukianime.com\/en\/product\/digimon-adventure-figure-rise-standard-amplified-metalgreymon-vaccine-species\/\" \/>\n<meta property=\"og:site_name\" content=\"Akatsuki anime store\" \/>\n<meta property=\"article:modified_time\" content=\"2024-10-18T17:25:26+00:00\" \/>\n<meta property=\"og:image\" content=\"https:\/\/akatsukianime.com\/wp-content\/uploads\/2024\/10\/Digimon-Adventure-Figure-rise-Standard-Amplified-MetalGreymon-Vaccine-Species.jpg\" \/>\n\t<meta property=\"og:image:width\" content=\"1000\" \/>\n\t<meta property=\"og:image:height\" content=\"1000\" \/>\n\t<meta property=\"og:image:type\" content=\"image\/jpeg\" \/>\n<meta name=\"twitter:card\" content=\"summary_large_image\" \/>\n<script type=\"application\/ld+json\" class=\"yoast-schema-graph\">{\"@context\":\"https:\/\/schema.org\",\"@graph\":[{\"@type\":[\"WebPage\",\"ItemPage\"],\"@id\":\"https:\/\/akatsukianime.com\/product\/digimon-adventure-figure-rise-standard-amplified-metalgreymon-vaccine-species\/\",\"url\":\"https:\/\/akatsukianime.com\/product\/digimon-adventure-figure-rise-standard-amplified-metalgreymon-vaccine-species\/\",\"name\":\"Digimon Adventure Figure-rise Standard Amplified MetalGreymon (Vaccine Species)- Akatsuki anime store\",\"isPartOf\":{\"@id\":\"https:\/\/akatsukianime.com\/#website\"},\"primaryImageOfPage\":{\"@id\":\"https:\/\/akatsukianime.com\/product\/digimon-adventure-figure-rise-standard-amplified-metalgreymon-vaccine-species\/#primaryimage\"},\"image\":{\"@id\":\"https:\/\/akatsukianime.com\/product\/digimon-adventure-figure-rise-standard-amplified-metalgreymon-vaccine-species\/#primaryimage\"},\"thumbnailUrl\":\"https:\/\/akatsukianime.com\/wp-content\/uploads\/2024\/10\/Digimon-Adventure-Figure-rise-Standard-Amplified-MetalGreymon-Vaccine-Species.jpg\",\"datePublished\":\"2024-10-14T15:21:22+00:00\",\"dateModified\":\"2024-10-18T17:25:26+00:00\",\"breadcrumb\":{\"@id\":\"https:\/\/akatsukianime.com\/product\/digimon-adventure-figure-rise-standard-amplified-metalgreymon-vaccine-species\/#breadcrumb\"},\"inLanguage\":\"en-US\",\"potentialAction\":[{\"@type\":\"ReadAction\",\"target\":[\"https:\/\/akatsukianime.com\/product\/digimon-adventure-figure-rise-standard-amplified-metalgreymon-vaccine-species\/\"]}]},{\"@type\":\"ImageObject\",\"inLanguage\":\"en-US\",\"@id\":\"https:\/\/akatsukianime.com\/product\/digimon-adventure-figure-rise-standard-amplified-metalgreymon-vaccine-species\/#primaryimage\",\"url\":\"https:\/\/akatsukianime.com\/wp-content\/uploads\/2024\/10\/Digimon-Adventure-Figure-rise-Standard-Amplified-MetalGreymon-Vaccine-Species.jpg\",\"contentUrl\":\"https:\/\/akatsukianime.com\/wp-content\/uploads\/2024\/10\/Digimon-Adventure-Figure-rise-Standard-Amplified-MetalGreymon-Vaccine-Species.jpg\",\"width\":1000,\"height\":1000,\"caption\":\"Digimon Adventure Figure-rise Standard Amplified MetalGreymon (Vaccine Species)\"},{\"@type\":\"BreadcrumbList\",\"@id\":\"https:\/\/akatsukianime.com\/product\/digimon-adventure-figure-rise-standard-amplified-metalgreymon-vaccine-species\/#breadcrumb\",\"itemListElement\":[{\"@type\":\"ListItem\",\"position\":1,\"name\":\"Portada\",\"item\":\"https:\/\/akatsukianime.com\/\"},{\"@type\":\"ListItem\",\"position\":2,\"name\":\"Tienda\",\"item\":\"https:\/\/akatsukianime.com\/tienda\/\"},{\"@type\":\"ListItem\",\"position\":3,\"name\":\"Digimon Adventure Figure-rise Standard Amplified MetalGreymon (Vaccine Species)\"}]},{\"@type\":\"WebSite\",\"@id\":\"https:\/\/akatsukianime.com\/#website\",\"url\":\"https:\/\/akatsukianime.com\/\",\"name\":\"Akatsuki anime store\",\"description\":\"\",\"potentialAction\":[{\"@type\":\"SearchAction\",\"target\":{\"@type\":\"EntryPoint\",\"urlTemplate\":\"https:\/\/akatsukianime.com\/?s={search_term_string}\"},\"query-input\":{\"@type\":\"PropertyValueSpecification\",\"valueRequired\":true,\"valueName\":\"search_term_string\"}}],\"inLanguage\":\"en-US\"}]}<\/script>\n<!-- \/ Yoast SEO plugin. -->","yoast_head_json":{"title":"Digimon Adventure Figure-rise Standard Amplified MetalGreymon (Vaccine Species)- Akatsuki anime store","robots":{"index":"index","follow":"follow","max-snippet":"max-snippet:-1","max-image-preview":"max-image-preview:large","max-video-preview":"max-video-preview:-1"},"canonical":"https:\/\/akatsukianime.com\/en\/product\/digimon-adventure-figure-rise-standard-amplified-metalgreymon-vaccine-species\/","og_locale":"en_US","og_type":"article","og_title":"Digimon Adventure Figure-rise Standard Amplified MetalGreymon (Vaccine Species)- Akatsuki anime store","og_description":"Descripci\u00f3n del producto: \"MetalGreymon (especie vacuna)\" de \"Digimon Adventure\" se suma a la serie Figure-rise Standard Amplified.  El contraste entre la m\u00e1quina y el cuerpo est\u00e1 completamente amplificado gracias al modelado \u00fanico de Amplified. La escotilla del pecho se abre y permite colocar el proyectil del misil org\u00e1nico \"Giga Destroyer\". Las alas traseras est\u00e1n afiladas y se expresan de forma v\u00edvida utilizando una hoja de PET impresa con un patr\u00f3n. La cola es flexible y m\u00f3vil gracias a su divisi\u00f3n y conexi\u00f3n mediante cables internos.  Incluye un amplio conjunto de piezas y bases de exhibici\u00f3n para reproducir el modo Altaraus. Tambi\u00e9n se incluyen adhesivos met\u00e1licos 3D que pueden colocarse como detalles en varios lugares. En consideraci\u00f3n de la expansi\u00f3n como modelo de pl\u00e1stico, se han colocado orificios de conexi\u00f3n en diversas partes para facilitar ampliaciones.    Caracter\u00edsticas del producto:   Fabricado en pl\u00e1stico  Basado en la serie de anime Digimon Adventure  Parte de la serie Figure-rise Standard Amplified  Altamente detallado  Incluye un conjunto de piezas para reproducir el modo Altaraus  Las instrucciones pueden o no incluir traducci\u00f3n al ingl\u00e9s","og_url":"https:\/\/akatsukianime.com\/en\/product\/digimon-adventure-figure-rise-standard-amplified-metalgreymon-vaccine-species\/","og_site_name":"Akatsuki anime store","article_modified_time":"2024-10-18T17:25:26+00:00","og_image":[{"width":1000,"height":1000,"url":"https:\/\/akatsukianime.com\/wp-content\/uploads\/2024\/10\/Digimon-Adventure-Figure-rise-Standard-Amplified-MetalGreymon-Vaccine-Species.jpg","type":"image\/jpeg"}],"twitter_card":"summary_large_image","schema":{"@context":"https:\/\/schema.org","@graph":[{"@type":["WebPage","ItemPage"],"@id":"https:\/\/akatsukianime.com\/product\/digimon-adventure-figure-rise-standard-amplified-metalgreymon-vaccine-species\/","url":"https:\/\/akatsukianime.com\/product\/digimon-adventure-figure-rise-standard-amplified-metalgreymon-vaccine-species\/","name":"Digimon Adventure Figure-rise Standard Amplified MetalGreymon (Vaccine Species)- Akatsuki anime store","isPartOf":{"@id":"https:\/\/akatsukianime.com\/#website"},"primaryImageOfPage":{"@id":"https:\/\/akatsukianime.com\/product\/digimon-adventure-figure-rise-standard-amplified-metalgreymon-vaccine-species\/#primaryimage"},"image":{"@id":"https:\/\/akatsukianime.com\/product\/digimon-adventure-figure-rise-standard-amplified-metalgreymon-vaccine-species\/#primaryimage"},"thumbnailUrl":"https:\/\/akatsukianime.com\/wp-content\/uploads\/2024\/10\/Digimon-Adventure-Figure-rise-Standard-Amplified-MetalGreymon-Vaccine-Species.jpg","datePublished":"2024-10-14T15:21:22+00:00","dateModified":"2024-10-18T17:25:26+00:00","breadcrumb":{"@id":"https:\/\/akatsukianime.com\/product\/digimon-adventure-figure-rise-standard-amplified-metalgreymon-vaccine-species\/#breadcrumb"},"inLanguage":"en-US","potentialAction":[{"@type":"ReadAction","target":["https:\/\/akatsukianime.com\/product\/digimon-adventure-figure-rise-standard-amplified-metalgreymon-vaccine-species\/"]}]},{"@type":"ImageObject","inLanguage":"en-US","@id":"https:\/\/akatsukianime.com\/product\/digimon-adventure-figure-rise-standard-amplified-metalgreymon-vaccine-species\/#primaryimage","url":"https:\/\/akatsukianime.com\/wp-content\/uploads\/2024\/10\/Digimon-Adventure-Figure-rise-Standard-Amplified-MetalGreymon-Vaccine-Species.jpg","contentUrl":"https:\/\/akatsukianime.com\/wp-content\/uploads\/2024\/10\/Digimon-Adventure-Figure-rise-Standard-Amplified-MetalGreymon-Vaccine-Species.jpg","width":1000,"height":1000,"caption":"Digimon Adventure Figure-rise Standard Amplified MetalGreymon (Vaccine Species)"},{"@type":"BreadcrumbList","@id":"https:\/\/akatsukianime.com\/product\/digimon-adventure-figure-rise-standard-amplified-metalgreymon-vaccine-species\/#breadcrumb","itemListElement":[{"@type":"ListItem","position":1,"name":"Portada","item":"https:\/\/akatsukianime.com\/"},{"@type":"ListItem","position":2,"name":"Tienda","item":"https:\/\/akatsukianime.com\/tienda\/"},{"@type":"ListItem","position":3,"name":"Digimon Adventure Figure-rise Standard Amplified MetalGreymon (Vaccine Species)"}]},{"@type":"WebSite","@id":"https:\/\/akatsukianime.com\/#website","url":"https:\/\/akatsukianime.com\/","name":"Akatsuki anime store","description":"","potentialAction":[{"@type":"SearchAction","target":{"@type":"EntryPoint","urlTemplate":"https:\/\/akatsukianime.com\/?s={search_term_string}"},"query-input":{"@type":"PropertyValueSpecification","valueRequired":true,"valueName":"search_term_string"}}],"inLanguage":"en-US"}]}},"jetpack_sharing_enabled":true,"_links":{"self":[{"href":"https:\/\/akatsukianime.com\/en\/wp-json\/wp\/v2\/product\/3417","targetHints":{"allow":["GET"]}}],"collection":[{"href":"https:\/\/akatsukianime.com\/en\/wp-json\/wp\/v2\/product"}],"about":[{"href":"https:\/\/akatsukianime.com\/en\/wp-json\/wp\/v2\/types\/product"}],"version-history":[{"count":2,"href":"https:\/\/akatsukianime.com\/en\/wp-json\/wp\/v2\/product\/3417\/revisions"}],"predecessor-version":[{"id":3822,"href":"https:\/\/akatsukianime.com\/en\/wp-json\/wp\/v2\/product\/3417\/revisions\/3822"}],"wp:featuredmedia":[{"embeddable":true,"href":"https:\/\/akatsukianime.com\/en\/wp-json\/wp\/v2\/media\/3823"}],"wp:attachment":[{"href":"https:\/\/akatsukianime.com\/en\/wp-json\/wp\/v2\/media?parent=3417"}],"wp:term":[{"taxonomy":"product_cat","embeddable":true,"href":"https:\/\/akatsukianime.com\/en\/wp-json\/wp\/v2\/product_cat?post=3417"},{"taxonomy":"product_tag","embeddable":true,"href":"https:\/\/akatsukianime.com\/en\/wp-json\/wp\/v2\/product_tag?post=3417"}],"curies":[{"name":"wp","href":"https:\/\/api.w.org\/{rel}","templated":true}]}}