{"id":3427,"date":"2024-10-14T18:02:32","date_gmt":"2024-10-14T16:02:32","guid":{"rendered":"https:\/\/akatsukianime.com\/?post_type=product&#038;p=3427"},"modified":"2025-09-27T16:26:30","modified_gmt":"2025-09-27T14:26:30","slug":"mobile-suit-gundam-chars-counterattack-mg-sazabi-ver-ka-1-100-scale-model-kit","status":"publish","type":"product","link":"https:\/\/akatsukianime.com\/en\/product\/mobile-suit-gundam-chars-counterattack-mg-sazabi-ver-ka-1-100-scale-model-kit\/","title":{"rendered":"Mobile Suit Gundam: Char&#039;s Counterattack MG Sazabi (Ver.Ka) 1\/100 Scale Model Kit"},"content":{"rendered":"<p><strong>Box contents:<\/strong><\/p>\n<ul>\n<li>Pieces to build:\n<ul>\n<li>Sazabi<\/li>\n<li>6 Funnels<\/li>\n<li>Beam Rifle<\/li>\n<li>Beam tomahawk<\/li>\n<li>Energy sabers (Beam sabers)<\/li>\n<li>Shield<\/li>\n<li>Instructions<\/li>\n<\/ul>\n<\/li>\n<\/ul>","protected":false},"excerpt":{"rendered":"<p><strong>Product Description:<\/strong><br \/>\nBased on the anime movie <em>Mobile Suit Gundam: Char&#039;s Counterattack<\/em>, This 1\/100 scale Sazabi model kit becomes a fully articulated figure once assembled. Sazabi comes with 6 Funnels, a Beam Rifle, Beam Tomahawk, Beam Sabers, and a shield. Features include sliding panels to reveal interior mechanical details, opening leg thruster hatches, a redesigned Energy Tomahawk incorporating elements from the Sinanju, and support for an LED head unit.<\/p>\n<p><strong>Product Features:<\/strong><\/p>\n<ul>\n<li>Scale 1\/100<\/li>\n<li>Made of plastic<\/li>\n<li>Based on <em>Mobile Suit Gundam: Char&#039;s Counterattack<\/em><\/li>\n<li>Fully articulated figure once assembled<\/li>\n<li>Compatible with an LED unit (sold separately)<\/li>\n<li>Instructions may or may not include English translation.<\/li>\n<\/ul>","protected":false},"featured_media":3821,"template":"","meta":[],"product_cat":[94],"product_tag":[108,106,196,107,195,114,197],"class_list":{"0":"post-3427","1":"product","2":"type-product","3":"status-publish","4":"has-post-thumbnail","6":"product_cat-bandai-hobby-site","7":"product_tag-1-100","8":"product_tag-bandai-hobby","9":"product_tag-char","10":"product_tag-master-grade","11":"product_tag-model","12":"product_tag-sazabi","13":"product_tag-ver-ka","15":"first","16":"instock","17":"sold-individually","18":"taxable","19":"shipping-taxable","20":"purchasable","21":"product-type-simple"},"yoast_head":"<!-- This site is optimized with the Yoast SEO plugin v24.2 - https:\/\/yoast.com\/wordpress\/plugins\/seo\/ -->\n<title>Mobile Suit Gundam: Char&#039;s Counterattack MG Sazabi (Ver.Ka) 1\/100 Scale Model Kit- Akatsuki anime store<\/title>\n<meta name=\"robots\" content=\"index, follow, max-snippet:-1, max-image-preview:large, max-video-preview:-1\" \/>\n<link rel=\"canonical\" href=\"https:\/\/akatsukianime.com\/en\/product\/mobile-suit-gundam-chars-counterattack-mg-sazabi-ver-ka-1-100-scale-model-kit\/\" \/>\n<meta property=\"og:locale\" content=\"en_US\" \/>\n<meta property=\"og:type\" content=\"article\" \/>\n<meta property=\"og:title\" content=\"Mobile Suit Gundam: Char&#039;s Counterattack MG Sazabi (Ver.Ka) 1\/100 Scale Model Kit- Akatsuki anime store\" \/>\n<meta property=\"og:description\" content=\"Descripci\u00f3n del producto: Basado en la pel\u00edcula de anime Mobile Suit Gundam: Char&#039;s Counterattack, este kit de modelo de Sazabi a escala 1\/100 se convierte en una figura completamente articulada una vez ensamblado. Sazabi viene con 6 Funnels, un rifle de energ\u00eda (Beam rifle), un tomahawk de energ\u00eda (Beam tomahawk), sables de energ\u00eda (Beam sabers) y un escudo. Entre sus caracter\u00edsticas destacan los paneles deslizantes que revelan detalles mec\u00e1nicos interiores, las escotillas de los propulsores en las piernas que se abren, un tomahawk de energ\u00eda redise\u00f1ado que incorpora elementos del Sinanju, y la compatibilidad con una unidad LED para la cabeza.  Caracter\u00edsticas del producto:   Escala 1\/100  Fabricado en pl\u00e1stico  Basado en Mobile Suit Gundam: Char&#039;s Counterattack  Figura completamente articulada una vez ensamblada  Compatible con una unidad LED (se vende por separado)  Las instrucciones pueden o no incluir traducci\u00f3n al ingl\u00e9s\" \/>\n<meta property=\"og:url\" content=\"https:\/\/akatsukianime.com\/en\/product\/mobile-suit-gundam-chars-counterattack-mg-sazabi-ver-ka-1-100-scale-model-kit\/\" \/>\n<meta property=\"og:site_name\" content=\"Akatsuki anime store\" \/>\n<meta property=\"article:modified_time\" content=\"2025-09-27T14:26:30+00:00\" \/>\n<meta property=\"og:image\" content=\"https:\/\/akatsukianime.com\/wp-content\/uploads\/2024\/10\/Mobile-Suit-Gundam-Chars-Counterattack-MG-Sazabi-Ver.Ka-1100-Scale-Model-Kit.jpg\" \/>\n\t<meta property=\"og:image:width\" content=\"1000\" \/>\n\t<meta property=\"og:image:height\" content=\"1000\" \/>\n\t<meta property=\"og:image:type\" content=\"image\/jpeg\" \/>\n<meta name=\"twitter:card\" content=\"summary_large_image\" \/>\n<script type=\"application\/ld+json\" class=\"yoast-schema-graph\">{\"@context\":\"https:\/\/schema.org\",\"@graph\":[{\"@type\":[\"WebPage\",\"ItemPage\"],\"@id\":\"https:\/\/akatsukianime.com\/product\/mobile-suit-gundam-chars-counterattack-mg-sazabi-ver-ka-1-100-scale-model-kit\/\",\"url\":\"https:\/\/akatsukianime.com\/product\/mobile-suit-gundam-chars-counterattack-mg-sazabi-ver-ka-1-100-scale-model-kit\/\",\"name\":\"Mobile Suit Gundam: Char's Counterattack MG Sazabi (Ver.Ka) 1\/100 Scale Model Kit- Akatsuki anime store\",\"isPartOf\":{\"@id\":\"https:\/\/akatsukianime.com\/#website\"},\"primaryImageOfPage\":{\"@id\":\"https:\/\/akatsukianime.com\/product\/mobile-suit-gundam-chars-counterattack-mg-sazabi-ver-ka-1-100-scale-model-kit\/#primaryimage\"},\"image\":{\"@id\":\"https:\/\/akatsukianime.com\/product\/mobile-suit-gundam-chars-counterattack-mg-sazabi-ver-ka-1-100-scale-model-kit\/#primaryimage\"},\"thumbnailUrl\":\"https:\/\/akatsukianime.com\/wp-content\/uploads\/2024\/10\/Mobile-Suit-Gundam-Chars-Counterattack-MG-Sazabi-Ver.Ka-1100-Scale-Model-Kit.jpg\",\"datePublished\":\"2024-10-14T16:02:32+00:00\",\"dateModified\":\"2025-09-27T14:26:30+00:00\",\"breadcrumb\":{\"@id\":\"https:\/\/akatsukianime.com\/product\/mobile-suit-gundam-chars-counterattack-mg-sazabi-ver-ka-1-100-scale-model-kit\/#breadcrumb\"},\"inLanguage\":\"en-US\",\"potentialAction\":[{\"@type\":\"ReadAction\",\"target\":[\"https:\/\/akatsukianime.com\/product\/mobile-suit-gundam-chars-counterattack-mg-sazabi-ver-ka-1-100-scale-model-kit\/\"]}]},{\"@type\":\"ImageObject\",\"inLanguage\":\"en-US\",\"@id\":\"https:\/\/akatsukianime.com\/product\/mobile-suit-gundam-chars-counterattack-mg-sazabi-ver-ka-1-100-scale-model-kit\/#primaryimage\",\"url\":\"https:\/\/akatsukianime.com\/wp-content\/uploads\/2024\/10\/Mobile-Suit-Gundam-Chars-Counterattack-MG-Sazabi-Ver.Ka-1100-Scale-Model-Kit.jpg\",\"contentUrl\":\"https:\/\/akatsukianime.com\/wp-content\/uploads\/2024\/10\/Mobile-Suit-Gundam-Chars-Counterattack-MG-Sazabi-Ver.Ka-1100-Scale-Model-Kit.jpg\",\"width\":1000,\"height\":1000,\"caption\":\"Mobile Suit Gundam Char's Counterattack MG Sazabi (Ver.Ka) 1100 Scale Model Kit\"},{\"@type\":\"BreadcrumbList\",\"@id\":\"https:\/\/akatsukianime.com\/product\/mobile-suit-gundam-chars-counterattack-mg-sazabi-ver-ka-1-100-scale-model-kit\/#breadcrumb\",\"itemListElement\":[{\"@type\":\"ListItem\",\"position\":1,\"name\":\"Portada\",\"item\":\"https:\/\/akatsukianime.com\/\"},{\"@type\":\"ListItem\",\"position\":2,\"name\":\"Tienda\",\"item\":\"https:\/\/akatsukianime.com\/tienda\/\"},{\"@type\":\"ListItem\",\"position\":3,\"name\":\"Mobile Suit Gundam: Char&#8217;s Counterattack MG Sazabi (Ver.Ka) 1\/100 Scale Model Kit\"}]},{\"@type\":\"WebSite\",\"@id\":\"https:\/\/akatsukianime.com\/#website\",\"url\":\"https:\/\/akatsukianime.com\/\",\"name\":\"Akatsuki anime store\",\"description\":\"\",\"potentialAction\":[{\"@type\":\"SearchAction\",\"target\":{\"@type\":\"EntryPoint\",\"urlTemplate\":\"https:\/\/akatsukianime.com\/?s={search_term_string}\"},\"query-input\":{\"@type\":\"PropertyValueSpecification\",\"valueRequired\":true,\"valueName\":\"search_term_string\"}}],\"inLanguage\":\"en-US\"}]}<\/script>\n<!-- \/ Yoast SEO plugin. -->","yoast_head_json":{"title":"Mobile Suit Gundam: Char's Counterattack MG Sazabi (Ver.Ka) 1\/100 Scale Model Kit- Akatsuki anime store","robots":{"index":"index","follow":"follow","max-snippet":"max-snippet:-1","max-image-preview":"max-image-preview:large","max-video-preview":"max-video-preview:-1"},"canonical":"https:\/\/akatsukianime.com\/en\/product\/mobile-suit-gundam-chars-counterattack-mg-sazabi-ver-ka-1-100-scale-model-kit\/","og_locale":"en_US","og_type":"article","og_title":"Mobile Suit Gundam: Char's Counterattack MG Sazabi (Ver.Ka) 1\/100 Scale Model Kit- Akatsuki anime store","og_description":"Descripci\u00f3n del producto: Basado en la pel\u00edcula de anime Mobile Suit Gundam: Char's Counterattack, este kit de modelo de Sazabi a escala 1\/100 se convierte en una figura completamente articulada una vez ensamblado. Sazabi viene con 6 Funnels, un rifle de energ\u00eda (Beam rifle), un tomahawk de energ\u00eda (Beam tomahawk), sables de energ\u00eda (Beam sabers) y un escudo. Entre sus caracter\u00edsticas destacan los paneles deslizantes que revelan detalles mec\u00e1nicos interiores, las escotillas de los propulsores en las piernas que se abren, un tomahawk de energ\u00eda redise\u00f1ado que incorpora elementos del Sinanju, y la compatibilidad con una unidad LED para la cabeza.  Caracter\u00edsticas del producto:   Escala 1\/100  Fabricado en pl\u00e1stico  Basado en Mobile Suit Gundam: Char's Counterattack  Figura completamente articulada una vez ensamblada  Compatible con una unidad LED (se vende por separado)  Las instrucciones pueden o no incluir traducci\u00f3n al ingl\u00e9s","og_url":"https:\/\/akatsukianime.com\/en\/product\/mobile-suit-gundam-chars-counterattack-mg-sazabi-ver-ka-1-100-scale-model-kit\/","og_site_name":"Akatsuki anime store","article_modified_time":"2025-09-27T14:26:30+00:00","og_image":[{"width":1000,"height":1000,"url":"https:\/\/akatsukianime.com\/wp-content\/uploads\/2024\/10\/Mobile-Suit-Gundam-Chars-Counterattack-MG-Sazabi-Ver.Ka-1100-Scale-Model-Kit.jpg","type":"image\/jpeg"}],"twitter_card":"summary_large_image","schema":{"@context":"https:\/\/schema.org","@graph":[{"@type":["WebPage","ItemPage"],"@id":"https:\/\/akatsukianime.com\/product\/mobile-suit-gundam-chars-counterattack-mg-sazabi-ver-ka-1-100-scale-model-kit\/","url":"https:\/\/akatsukianime.com\/product\/mobile-suit-gundam-chars-counterattack-mg-sazabi-ver-ka-1-100-scale-model-kit\/","name":"Mobile Suit Gundam: Char's Counterattack MG Sazabi (Ver.Ka) 1\/100 Scale Model Kit- Akatsuki anime store","isPartOf":{"@id":"https:\/\/akatsukianime.com\/#website"},"primaryImageOfPage":{"@id":"https:\/\/akatsukianime.com\/product\/mobile-suit-gundam-chars-counterattack-mg-sazabi-ver-ka-1-100-scale-model-kit\/#primaryimage"},"image":{"@id":"https:\/\/akatsukianime.com\/product\/mobile-suit-gundam-chars-counterattack-mg-sazabi-ver-ka-1-100-scale-model-kit\/#primaryimage"},"thumbnailUrl":"https:\/\/akatsukianime.com\/wp-content\/uploads\/2024\/10\/Mobile-Suit-Gundam-Chars-Counterattack-MG-Sazabi-Ver.Ka-1100-Scale-Model-Kit.jpg","datePublished":"2024-10-14T16:02:32+00:00","dateModified":"2025-09-27T14:26:30+00:00","breadcrumb":{"@id":"https:\/\/akatsukianime.com\/product\/mobile-suit-gundam-chars-counterattack-mg-sazabi-ver-ka-1-100-scale-model-kit\/#breadcrumb"},"inLanguage":"en-US","potentialAction":[{"@type":"ReadAction","target":["https:\/\/akatsukianime.com\/product\/mobile-suit-gundam-chars-counterattack-mg-sazabi-ver-ka-1-100-scale-model-kit\/"]}]},{"@type":"ImageObject","inLanguage":"en-US","@id":"https:\/\/akatsukianime.com\/product\/mobile-suit-gundam-chars-counterattack-mg-sazabi-ver-ka-1-100-scale-model-kit\/#primaryimage","url":"https:\/\/akatsukianime.com\/wp-content\/uploads\/2024\/10\/Mobile-Suit-Gundam-Chars-Counterattack-MG-Sazabi-Ver.Ka-1100-Scale-Model-Kit.jpg","contentUrl":"https:\/\/akatsukianime.com\/wp-content\/uploads\/2024\/10\/Mobile-Suit-Gundam-Chars-Counterattack-MG-Sazabi-Ver.Ka-1100-Scale-Model-Kit.jpg","width":1000,"height":1000,"caption":"Mobile Suit Gundam Char's Counterattack MG Sazabi (Ver.Ka) 1100 Scale Model Kit"},{"@type":"BreadcrumbList","@id":"https:\/\/akatsukianime.com\/product\/mobile-suit-gundam-chars-counterattack-mg-sazabi-ver-ka-1-100-scale-model-kit\/#breadcrumb","itemListElement":[{"@type":"ListItem","position":1,"name":"Portada","item":"https:\/\/akatsukianime.com\/"},{"@type":"ListItem","position":2,"name":"Tienda","item":"https:\/\/akatsukianime.com\/tienda\/"},{"@type":"ListItem","position":3,"name":"Mobile Suit Gundam: Char&#8217;s Counterattack MG Sazabi (Ver.Ka) 1\/100 Scale Model Kit"}]},{"@type":"WebSite","@id":"https:\/\/akatsukianime.com\/#website","url":"https:\/\/akatsukianime.com\/","name":"Akatsuki anime store","description":"","potentialAction":[{"@type":"SearchAction","target":{"@type":"EntryPoint","urlTemplate":"https:\/\/akatsukianime.com\/?s={search_term_string}"},"query-input":{"@type":"PropertyValueSpecification","valueRequired":true,"valueName":"search_term_string"}}],"inLanguage":"en-US"}]}},"jetpack_sharing_enabled":true,"_links":{"self":[{"href":"https:\/\/akatsukianime.com\/en\/wp-json\/wp\/v2\/product\/3427","targetHints":{"allow":["GET"]}}],"collection":[{"href":"https:\/\/akatsukianime.com\/en\/wp-json\/wp\/v2\/product"}],"about":[{"href":"https:\/\/akatsukianime.com\/en\/wp-json\/wp\/v2\/types\/product"}],"version-history":[{"count":2,"href":"https:\/\/akatsukianime.com\/en\/wp-json\/wp\/v2\/product\/3427\/revisions"}],"predecessor-version":[{"id":3820,"href":"https:\/\/akatsukianime.com\/en\/wp-json\/wp\/v2\/product\/3427\/revisions\/3820"}],"wp:featuredmedia":[{"embeddable":true,"href":"https:\/\/akatsukianime.com\/en\/wp-json\/wp\/v2\/media\/3821"}],"wp:attachment":[{"href":"https:\/\/akatsukianime.com\/en\/wp-json\/wp\/v2\/media?parent=3427"}],"wp:term":[{"taxonomy":"product_cat","embeddable":true,"href":"https:\/\/akatsukianime.com\/en\/wp-json\/wp\/v2\/product_cat?post=3427"},{"taxonomy":"product_tag","embeddable":true,"href":"https:\/\/akatsukianime.com\/en\/wp-json\/wp\/v2\/product_tag?post=3427"}],"curies":[{"name":"wp","href":"https:\/\/api.w.org\/{rel}","templated":true}]}}