{"id":3449,"date":"2024-10-14T18:41:09","date_gmt":"2024-10-14T16:41:09","guid":{"rendered":"https:\/\/akatsukianime.com\/?post_type=product&#038;p=3449"},"modified":"2026-01-15T17:34:40","modified_gmt":"2026-01-15T16:34:40","slug":"jujutsu-kaisen-figurizm-toji-fushiguro-encounter-ver-figure","status":"publish","type":"product","link":"https:\/\/akatsukianime.com\/en\/product\/jujutsu-kaisen-figurizm-toji-fushiguro-encounter-ver-figure\/","title":{"rendered":"Jujutsu Kaisen FiGURiZM Toji Fushiguro (Encounter Ver.) Figure"},"content":{"rendered":"<p><strong>Product Description:<\/strong><br \/>\nSega brings the charismatic and fierce Toji Fushiguro, one of the most popular characters of <em>Jujutsu Kaisen<\/em>, to its impressive line of figures <strong>FiGURiZM<\/strong>This incredible figure captures Toji Fushiguro in an imposing pose, holding a stake and standing on part of a ruined building, ready for battle.<\/p>\n<p><strong>Note:<\/strong> The figure <em>FiGURiZM Megumi Fushiguro (Encounter Ver.)<\/em> not included (sold separately).<\/p>\n<p><strong>Product Features:<\/strong><\/p>\n<ul>\n<li>Height: 7.87 inches (20 cm)<\/li>\n<li>Made of high quality PVC<\/li>\n<li>Based on the series <em>Jujutsu Kaisen<\/em><\/li>\n<li>Part of the epic FiGURiZM series<\/li>\n<li>Non-articulated figure<\/li>\n<\/ul>","protected":false},"excerpt":{"rendered":"<p>Descripci\u00f3n del producto: Sega trae al carism\u00e1tico y feroz Toji Fushiguro, uno de los personajes m\u00e1s populares de Jujutsu Kaisen,<\/p>","protected":false},"featured_media":3817,"template":"","meta":[],"product_cat":[101,65,61,48],"product_tag":[202,200,171,201],"class_list":{"0":"post-3449","1":"product","2":"type-product","3":"status-publish","4":"has-post-thumbnail","6":"product_cat-elige-sega-goods-sega-goods","7":"product_cat-figuras","8":"product_cat-novedades","9":"product_cat-jujutsu-kaisen","10":"product_tag-fushiguro","11":"product_tag-jujutsu-kaisen","12":"product_tag-sega","13":"product_tag-toji","15":"first","16":"outofstock","17":"sold-individually","18":"taxable","19":"shipping-taxable","20":"purchasable","21":"product-type-simple"},"yoast_head":"<!-- This site is optimized with the Yoast SEO plugin v24.2 - https:\/\/yoast.com\/wordpress\/plugins\/seo\/ -->\n<title>Jujutsu Kaisen FiGURiZM Toji Fushiguro (Encounter Ver.) Figure - Akatsuki anime store<\/title>\n<meta name=\"robots\" content=\"index, follow, max-snippet:-1, max-image-preview:large, max-video-preview:-1\" \/>\n<link rel=\"canonical\" href=\"https:\/\/akatsukianime.com\/en\/product\/jujutsu-kaisen-figurizm-toji-fushiguro-encounter-ver-figure\/\" \/>\n<meta property=\"og:locale\" content=\"en_US\" \/>\n<meta property=\"og:type\" content=\"article\" \/>\n<meta property=\"og:title\" content=\"Jujutsu Kaisen FiGURiZM Toji Fushiguro (Encounter Ver.) Figure - Akatsuki anime store\" \/>\n<meta property=\"og:description\" content=\"Descripci\u00f3n del producto: Sega trae al carism\u00e1tico y feroz Toji Fushiguro, uno de los personajes m\u00e1s populares de Jujutsu Kaisen,\" \/>\n<meta property=\"og:url\" content=\"https:\/\/akatsukianime.com\/en\/product\/jujutsu-kaisen-figurizm-toji-fushiguro-encounter-ver-figure\/\" \/>\n<meta property=\"og:site_name\" content=\"Akatsuki anime store\" \/>\n<meta property=\"article:modified_time\" content=\"2026-01-15T16:34:40+00:00\" \/>\n<meta property=\"og:image\" content=\"https:\/\/akatsukianime.com\/wp-content\/uploads\/2024\/10\/Jujutsu-Kaisen-FiGURiZM-Toji-Fushiguro-Encounter-Ver.-Figure.jpg\" \/>\n\t<meta property=\"og:image:width\" content=\"1000\" \/>\n\t<meta property=\"og:image:height\" content=\"1000\" \/>\n\t<meta property=\"og:image:type\" content=\"image\/jpeg\" \/>\n<meta name=\"twitter:card\" content=\"summary_large_image\" \/>\n<meta name=\"twitter:label1\" content=\"Est. reading time\" \/>\n\t<meta name=\"twitter:data1\" content=\"1 minute\" \/>\n<script type=\"application\/ld+json\" class=\"yoast-schema-graph\">{\"@context\":\"https:\/\/schema.org\",\"@graph\":[{\"@type\":[\"WebPage\",\"ItemPage\"],\"@id\":\"https:\/\/akatsukianime.com\/product\/jujutsu-kaisen-figurizm-toji-fushiguro-encounter-ver-figure\/\",\"url\":\"https:\/\/akatsukianime.com\/product\/jujutsu-kaisen-figurizm-toji-fushiguro-encounter-ver-figure\/\",\"name\":\"Jujutsu Kaisen FiGURiZM Toji Fushiguro (Encounter Ver.) Figure - Akatsuki anime store\",\"isPartOf\":{\"@id\":\"https:\/\/akatsukianime.com\/#website\"},\"primaryImageOfPage\":{\"@id\":\"https:\/\/akatsukianime.com\/product\/jujutsu-kaisen-figurizm-toji-fushiguro-encounter-ver-figure\/#primaryimage\"},\"image\":{\"@id\":\"https:\/\/akatsukianime.com\/product\/jujutsu-kaisen-figurizm-toji-fushiguro-encounter-ver-figure\/#primaryimage\"},\"thumbnailUrl\":\"https:\/\/akatsukianime.com\/wp-content\/uploads\/2024\/10\/Jujutsu-Kaisen-FiGURiZM-Toji-Fushiguro-Encounter-Ver.-Figure.jpg\",\"datePublished\":\"2024-10-14T16:41:09+00:00\",\"dateModified\":\"2026-01-15T16:34:40+00:00\",\"breadcrumb\":{\"@id\":\"https:\/\/akatsukianime.com\/product\/jujutsu-kaisen-figurizm-toji-fushiguro-encounter-ver-figure\/#breadcrumb\"},\"inLanguage\":\"en-US\",\"potentialAction\":[{\"@type\":\"ReadAction\",\"target\":[\"https:\/\/akatsukianime.com\/product\/jujutsu-kaisen-figurizm-toji-fushiguro-encounter-ver-figure\/\"]}]},{\"@type\":\"ImageObject\",\"inLanguage\":\"en-US\",\"@id\":\"https:\/\/akatsukianime.com\/product\/jujutsu-kaisen-figurizm-toji-fushiguro-encounter-ver-figure\/#primaryimage\",\"url\":\"https:\/\/akatsukianime.com\/wp-content\/uploads\/2024\/10\/Jujutsu-Kaisen-FiGURiZM-Toji-Fushiguro-Encounter-Ver.-Figure.jpg\",\"contentUrl\":\"https:\/\/akatsukianime.com\/wp-content\/uploads\/2024\/10\/Jujutsu-Kaisen-FiGURiZM-Toji-Fushiguro-Encounter-Ver.-Figure.jpg\",\"width\":1000,\"height\":1000,\"caption\":\"Jujutsu Kaisen FiGURiZM Toji Fushiguro (Encounter Ver.) Figure\"},{\"@type\":\"BreadcrumbList\",\"@id\":\"https:\/\/akatsukianime.com\/product\/jujutsu-kaisen-figurizm-toji-fushiguro-encounter-ver-figure\/#breadcrumb\",\"itemListElement\":[{\"@type\":\"ListItem\",\"position\":1,\"name\":\"Portada\",\"item\":\"https:\/\/akatsukianime.com\/\"},{\"@type\":\"ListItem\",\"position\":2,\"name\":\"Tienda\",\"item\":\"https:\/\/akatsukianime.com\/tienda\/\"},{\"@type\":\"ListItem\",\"position\":3,\"name\":\"Jujutsu Kaisen FiGURiZM Toji Fushiguro (Encounter Ver.) Figure\"}]},{\"@type\":\"WebSite\",\"@id\":\"https:\/\/akatsukianime.com\/#website\",\"url\":\"https:\/\/akatsukianime.com\/\",\"name\":\"Akatsuki anime store\",\"description\":\"\",\"potentialAction\":[{\"@type\":\"SearchAction\",\"target\":{\"@type\":\"EntryPoint\",\"urlTemplate\":\"https:\/\/akatsukianime.com\/?s={search_term_string}\"},\"query-input\":{\"@type\":\"PropertyValueSpecification\",\"valueRequired\":true,\"valueName\":\"search_term_string\"}}],\"inLanguage\":\"en-US\"}]}<\/script>\n<!-- \/ Yoast SEO plugin. -->","yoast_head_json":{"title":"Jujutsu Kaisen FiGURiZM Toji Fushiguro (Encounter Ver.) Figure - Akatsuki anime store","robots":{"index":"index","follow":"follow","max-snippet":"max-snippet:-1","max-image-preview":"max-image-preview:large","max-video-preview":"max-video-preview:-1"},"canonical":"https:\/\/akatsukianime.com\/en\/product\/jujutsu-kaisen-figurizm-toji-fushiguro-encounter-ver-figure\/","og_locale":"en_US","og_type":"article","og_title":"Jujutsu Kaisen FiGURiZM Toji Fushiguro (Encounter Ver.) Figure - Akatsuki anime store","og_description":"Descripci\u00f3n del producto: Sega trae al carism\u00e1tico y feroz Toji Fushiguro, uno de los personajes m\u00e1s populares de Jujutsu Kaisen,","og_url":"https:\/\/akatsukianime.com\/en\/product\/jujutsu-kaisen-figurizm-toji-fushiguro-encounter-ver-figure\/","og_site_name":"Akatsuki anime store","article_modified_time":"2026-01-15T16:34:40+00:00","og_image":[{"width":1000,"height":1000,"url":"https:\/\/akatsukianime.com\/wp-content\/uploads\/2024\/10\/Jujutsu-Kaisen-FiGURiZM-Toji-Fushiguro-Encounter-Ver.-Figure.jpg","type":"image\/jpeg"}],"twitter_card":"summary_large_image","twitter_misc":{"Est. reading time":"1 minute"},"schema":{"@context":"https:\/\/schema.org","@graph":[{"@type":["WebPage","ItemPage"],"@id":"https:\/\/akatsukianime.com\/product\/jujutsu-kaisen-figurizm-toji-fushiguro-encounter-ver-figure\/","url":"https:\/\/akatsukianime.com\/product\/jujutsu-kaisen-figurizm-toji-fushiguro-encounter-ver-figure\/","name":"Jujutsu Kaisen FiGURiZM Toji Fushiguro (Encounter Ver.) Figure - Akatsuki anime store","isPartOf":{"@id":"https:\/\/akatsukianime.com\/#website"},"primaryImageOfPage":{"@id":"https:\/\/akatsukianime.com\/product\/jujutsu-kaisen-figurizm-toji-fushiguro-encounter-ver-figure\/#primaryimage"},"image":{"@id":"https:\/\/akatsukianime.com\/product\/jujutsu-kaisen-figurizm-toji-fushiguro-encounter-ver-figure\/#primaryimage"},"thumbnailUrl":"https:\/\/akatsukianime.com\/wp-content\/uploads\/2024\/10\/Jujutsu-Kaisen-FiGURiZM-Toji-Fushiguro-Encounter-Ver.-Figure.jpg","datePublished":"2024-10-14T16:41:09+00:00","dateModified":"2026-01-15T16:34:40+00:00","breadcrumb":{"@id":"https:\/\/akatsukianime.com\/product\/jujutsu-kaisen-figurizm-toji-fushiguro-encounter-ver-figure\/#breadcrumb"},"inLanguage":"en-US","potentialAction":[{"@type":"ReadAction","target":["https:\/\/akatsukianime.com\/product\/jujutsu-kaisen-figurizm-toji-fushiguro-encounter-ver-figure\/"]}]},{"@type":"ImageObject","inLanguage":"en-US","@id":"https:\/\/akatsukianime.com\/product\/jujutsu-kaisen-figurizm-toji-fushiguro-encounter-ver-figure\/#primaryimage","url":"https:\/\/akatsukianime.com\/wp-content\/uploads\/2024\/10\/Jujutsu-Kaisen-FiGURiZM-Toji-Fushiguro-Encounter-Ver.-Figure.jpg","contentUrl":"https:\/\/akatsukianime.com\/wp-content\/uploads\/2024\/10\/Jujutsu-Kaisen-FiGURiZM-Toji-Fushiguro-Encounter-Ver.-Figure.jpg","width":1000,"height":1000,"caption":"Jujutsu Kaisen FiGURiZM Toji Fushiguro (Encounter Ver.) Figure"},{"@type":"BreadcrumbList","@id":"https:\/\/akatsukianime.com\/product\/jujutsu-kaisen-figurizm-toji-fushiguro-encounter-ver-figure\/#breadcrumb","itemListElement":[{"@type":"ListItem","position":1,"name":"Portada","item":"https:\/\/akatsukianime.com\/"},{"@type":"ListItem","position":2,"name":"Tienda","item":"https:\/\/akatsukianime.com\/tienda\/"},{"@type":"ListItem","position":3,"name":"Jujutsu Kaisen FiGURiZM Toji Fushiguro (Encounter Ver.) Figure"}]},{"@type":"WebSite","@id":"https:\/\/akatsukianime.com\/#website","url":"https:\/\/akatsukianime.com\/","name":"Akatsuki anime store","description":"","potentialAction":[{"@type":"SearchAction","target":{"@type":"EntryPoint","urlTemplate":"https:\/\/akatsukianime.com\/?s={search_term_string}"},"query-input":{"@type":"PropertyValueSpecification","valueRequired":true,"valueName":"search_term_string"}}],"inLanguage":"en-US"}]}},"jetpack_sharing_enabled":true,"_links":{"self":[{"href":"https:\/\/akatsukianime.com\/en\/wp-json\/wp\/v2\/product\/3449","targetHints":{"allow":["GET"]}}],"collection":[{"href":"https:\/\/akatsukianime.com\/en\/wp-json\/wp\/v2\/product"}],"about":[{"href":"https:\/\/akatsukianime.com\/en\/wp-json\/wp\/v2\/types\/product"}],"version-history":[{"count":1,"href":"https:\/\/akatsukianime.com\/en\/wp-json\/wp\/v2\/product\/3449\/revisions"}],"predecessor-version":[{"id":3460,"href":"https:\/\/akatsukianime.com\/en\/wp-json\/wp\/v2\/product\/3449\/revisions\/3460"}],"wp:featuredmedia":[{"embeddable":true,"href":"https:\/\/akatsukianime.com\/en\/wp-json\/wp\/v2\/media\/3817"}],"wp:attachment":[{"href":"https:\/\/akatsukianime.com\/en\/wp-json\/wp\/v2\/media?parent=3449"}],"wp:term":[{"taxonomy":"product_cat","embeddable":true,"href":"https:\/\/akatsukianime.com\/en\/wp-json\/wp\/v2\/product_cat?post=3449"},{"taxonomy":"product_tag","embeddable":true,"href":"https:\/\/akatsukianime.com\/en\/wp-json\/wp\/v2\/product_tag?post=3449"}],"curies":[{"name":"wp","href":"https:\/\/api.w.org\/{rel}","templated":true}]}}