{"id":3497,"date":"2024-10-14T20:05:50","date_gmt":"2024-10-14T18:05:50","guid":{"rendered":"https:\/\/akatsukianime.com\/?post_type=product&#038;p=3497"},"modified":"2024-11-11T16:30:49","modified_gmt":"2024-11-11T15:30:49","slug":"dragon-ball-z-s-h-figuarts-super-saiyan-3-goku-action-figure","status":"publish","type":"product","link":"https:\/\/akatsukianime.com\/en\/product\/dragon-ball-z-s-h-figuarts-super-saiyan-3-goku-action-figure\/","title":{"rendered":"Dragon Ball Z SHFiguarts Super Saiyan 3 Goku"},"content":{"rendered":"<p><strong>Box contents:<\/strong><\/p>\n<ul>\n<li>Figure of <strong>Super Saiyan 3 Goku<\/strong><\/li>\n<li>5 optional hands<\/li>\n<li>3 optional expressions<\/li>\n<li>Display base<\/li>\n<\/ul>\n<p>&nbsp;<\/p>","protected":false},"excerpt":{"rendered":"<p><strong>Product Description:<\/strong><br \/>\nYears after its release as an online exclusive, the <strong>Super Saiyan 3 Son Goku<\/strong> get back in line <strong>SHFiguarts<\/strong> With a new sculpt and a ton of innovative features! This figure is perfect for display alongside the <strong>Tamashii EFFECT Energy Aura Yellow Ver.<\/strong> (sold separately), creating an impressive visual spectacle. Standing 15.50 cm tall, this highly articulated figure includes five pairs of optional hands, three alternative facial expressions and a custom base to display Goku in all his glory.<\/p>\n<p>Don&#039;t miss the opportunity to add this spectacular Goku figure to your collection and recreate the most epic battles of <em>Dragon Ball Z<\/em>!<\/p>\n<p><strong>Product Features:<\/strong><\/p>\n<ul>\n<li><strong>Height:<\/strong> 6.10 inches (15.5 cm)<\/li>\n<li><strong>Material:<\/strong> Made of high quality ABS and PVC<\/li>\n<li><strong>Based on:<\/strong> <em>Dragon Ball Z<\/em><\/li>\n<li><strong>Highly posable<\/strong>, ideal for recreating dynamic poses<\/li>\n<li><strong>Includes:<\/strong> Optional hands and expressions<\/li>\n<li><strong>Custom base included<\/strong><\/li>\n<\/ul>","protected":false},"featured_media":3810,"template":"","meta":[],"product_cat":[275,91,65,61,44],"product_tag":[117,123,206,207,85],"class_list":{"0":"post-3497","1":"product","2":"type-product","3":"status-publish","4":"has-post-thumbnail","6":"product_cat-s-h-figuarts","7":"product_cat-tamashii-nations","8":"product_cat-figuras","9":"product_cat-novedades","10":"product_cat-dragon-ball","11":"product_tag-dragon-ball-z","12":"product_tag-sh-figuarts","13":"product_tag-son-goku","14":"product_tag-ssj3","15":"product_tag-tamashii-nations","17":"first","18":"instock","19":"sold-individually","20":"taxable","21":"shipping-taxable","22":"purchasable","23":"product-type-simple"},"yoast_head":"<!-- This site is optimized with the Yoast SEO plugin v24.2 - https:\/\/yoast.com\/wordpress\/plugins\/seo\/ -->\n<title>Dragon Ball Z S.H.Figuarts Super Saiyan 3 Goku- Akatsuki anime store<\/title>\n<meta name=\"robots\" content=\"index, follow, max-snippet:-1, max-image-preview:large, max-video-preview:-1\" \/>\n<link rel=\"canonical\" href=\"https:\/\/akatsukianime.com\/en\/product\/dragon-ball-z-s-h-figuarts-super-saiyan-3-goku-action-figure\/\" \/>\n<meta property=\"og:locale\" content=\"en_US\" \/>\n<meta property=\"og:type\" content=\"article\" \/>\n<meta property=\"og:title\" content=\"Dragon Ball Z S.H.Figuarts Super Saiyan 3 Goku- Akatsuki anime store\" \/>\n<meta property=\"og:description\" content=\"Descripci\u00f3n del producto: \u00a1A\u00f1os despu\u00e9s de su lanzamiento como exclusiva en l\u00ednea, el Super Saiyan 3 Son Goku regresa a la l\u00ednea S.H.Figuarts con un nuevo esculpido y un mont\u00f3n de caracter\u00edsticas innovadoras! Esta figura es perfecta para exhibir junto con el Tamashii EFFECT Energy Aura Yellow Ver. (se vende por separado), creando un espect\u00e1culo visual impresionante. Con una altura de 15.50 cm, esta figura altamente articulada incluye cinco pares de manos opcionales, tres expresiones faciales alternativas y una base personalizada para mostrar a Goku en todo su esplendor.  \u00a1No te pierdas la oportunidad de a\u00f1adir esta espectacular figura de Goku a tu colecci\u00f3n y recrear las batallas m\u00e1s \u00e9picas de Dragon Ball Z!  Caracter\u00edsticas del producto:   Altura: 6.10 pulgadas (15.5 cm)  Material: Fabricada en ABS y PVC de alta calidad  Basada en: Dragon Ball Z  Altamente posable, ideal para recrear poses din\u00e1micas  Incluye: Manos y expresiones opcionales  Base personalizada incluida\" \/>\n<meta property=\"og:url\" content=\"https:\/\/akatsukianime.com\/en\/product\/dragon-ball-z-s-h-figuarts-super-saiyan-3-goku-action-figure\/\" \/>\n<meta property=\"og:site_name\" content=\"Akatsuki anime store\" \/>\n<meta property=\"article:modified_time\" content=\"2024-11-11T15:30:49+00:00\" \/>\n<meta property=\"og:image\" content=\"https:\/\/akatsukianime.com\/wp-content\/uploads\/2024\/10\/Dragon-Ball-Z-S.H.Figuarts-Super-Saiyan-3-Goku.jpg\" \/>\n\t<meta property=\"og:image:width\" content=\"1000\" \/>\n\t<meta property=\"og:image:height\" content=\"1000\" \/>\n\t<meta property=\"og:image:type\" content=\"image\/jpeg\" \/>\n<meta name=\"twitter:card\" content=\"summary_large_image\" \/>\n<script type=\"application\/ld+json\" class=\"yoast-schema-graph\">{\"@context\":\"https:\/\/schema.org\",\"@graph\":[{\"@type\":[\"WebPage\",\"ItemPage\"],\"@id\":\"https:\/\/akatsukianime.com\/product\/dragon-ball-z-s-h-figuarts-super-saiyan-3-goku-action-figure\/\",\"url\":\"https:\/\/akatsukianime.com\/product\/dragon-ball-z-s-h-figuarts-super-saiyan-3-goku-action-figure\/\",\"name\":\"Dragon Ball Z S.H.Figuarts Super Saiyan 3 Goku- Akatsuki anime store\",\"isPartOf\":{\"@id\":\"https:\/\/akatsukianime.com\/#website\"},\"primaryImageOfPage\":{\"@id\":\"https:\/\/akatsukianime.com\/product\/dragon-ball-z-s-h-figuarts-super-saiyan-3-goku-action-figure\/#primaryimage\"},\"image\":{\"@id\":\"https:\/\/akatsukianime.com\/product\/dragon-ball-z-s-h-figuarts-super-saiyan-3-goku-action-figure\/#primaryimage\"},\"thumbnailUrl\":\"https:\/\/akatsukianime.com\/wp-content\/uploads\/2024\/10\/Dragon-Ball-Z-S.H.Figuarts-Super-Saiyan-3-Goku.jpg\",\"datePublished\":\"2024-10-14T18:05:50+00:00\",\"dateModified\":\"2024-11-11T15:30:49+00:00\",\"breadcrumb\":{\"@id\":\"https:\/\/akatsukianime.com\/product\/dragon-ball-z-s-h-figuarts-super-saiyan-3-goku-action-figure\/#breadcrumb\"},\"inLanguage\":\"en-US\",\"potentialAction\":[{\"@type\":\"ReadAction\",\"target\":[\"https:\/\/akatsukianime.com\/product\/dragon-ball-z-s-h-figuarts-super-saiyan-3-goku-action-figure\/\"]}]},{\"@type\":\"ImageObject\",\"inLanguage\":\"en-US\",\"@id\":\"https:\/\/akatsukianime.com\/product\/dragon-ball-z-s-h-figuarts-super-saiyan-3-goku-action-figure\/#primaryimage\",\"url\":\"https:\/\/akatsukianime.com\/wp-content\/uploads\/2024\/10\/Dragon-Ball-Z-S.H.Figuarts-Super-Saiyan-3-Goku.jpg\",\"contentUrl\":\"https:\/\/akatsukianime.com\/wp-content\/uploads\/2024\/10\/Dragon-Ball-Z-S.H.Figuarts-Super-Saiyan-3-Goku.jpg\",\"width\":1000,\"height\":1000,\"caption\":\"Dragon Ball Z S.H.Figuarts Super Saiyan 3 Goku\"},{\"@type\":\"BreadcrumbList\",\"@id\":\"https:\/\/akatsukianime.com\/product\/dragon-ball-z-s-h-figuarts-super-saiyan-3-goku-action-figure\/#breadcrumb\",\"itemListElement\":[{\"@type\":\"ListItem\",\"position\":1,\"name\":\"Portada\",\"item\":\"https:\/\/akatsukianime.com\/\"},{\"@type\":\"ListItem\",\"position\":2,\"name\":\"Tienda\",\"item\":\"https:\/\/akatsukianime.com\/tienda\/\"},{\"@type\":\"ListItem\",\"position\":3,\"name\":\"Dragon Ball Z S.H.Figuarts Super Saiyan 3 Goku\"}]},{\"@type\":\"WebSite\",\"@id\":\"https:\/\/akatsukianime.com\/#website\",\"url\":\"https:\/\/akatsukianime.com\/\",\"name\":\"Akatsuki anime store\",\"description\":\"\",\"potentialAction\":[{\"@type\":\"SearchAction\",\"target\":{\"@type\":\"EntryPoint\",\"urlTemplate\":\"https:\/\/akatsukianime.com\/?s={search_term_string}\"},\"query-input\":{\"@type\":\"PropertyValueSpecification\",\"valueRequired\":true,\"valueName\":\"search_term_string\"}}],\"inLanguage\":\"en-US\"}]}<\/script>\n<!-- \/ Yoast SEO plugin. -->","yoast_head_json":{"title":"Dragon Ball Z S.H.Figuarts Super Saiyan 3 Goku- Akatsuki anime store","robots":{"index":"index","follow":"follow","max-snippet":"max-snippet:-1","max-image-preview":"max-image-preview:large","max-video-preview":"max-video-preview:-1"},"canonical":"https:\/\/akatsukianime.com\/en\/product\/dragon-ball-z-s-h-figuarts-super-saiyan-3-goku-action-figure\/","og_locale":"en_US","og_type":"article","og_title":"Dragon Ball Z S.H.Figuarts Super Saiyan 3 Goku- Akatsuki anime store","og_description":"Descripci\u00f3n del producto: \u00a1A\u00f1os despu\u00e9s de su lanzamiento como exclusiva en l\u00ednea, el Super Saiyan 3 Son Goku regresa a la l\u00ednea S.H.Figuarts con un nuevo esculpido y un mont\u00f3n de caracter\u00edsticas innovadoras! Esta figura es perfecta para exhibir junto con el Tamashii EFFECT Energy Aura Yellow Ver. (se vende por separado), creando un espect\u00e1culo visual impresionante. Con una altura de 15.50 cm, esta figura altamente articulada incluye cinco pares de manos opcionales, tres expresiones faciales alternativas y una base personalizada para mostrar a Goku en todo su esplendor.  \u00a1No te pierdas la oportunidad de a\u00f1adir esta espectacular figura de Goku a tu colecci\u00f3n y recrear las batallas m\u00e1s \u00e9picas de Dragon Ball Z!  Caracter\u00edsticas del producto:   Altura: 6.10 pulgadas (15.5 cm)  Material: Fabricada en ABS y PVC de alta calidad  Basada en: Dragon Ball Z  Altamente posable, ideal para recrear poses din\u00e1micas  Incluye: Manos y expresiones opcionales  Base personalizada incluida","og_url":"https:\/\/akatsukianime.com\/en\/product\/dragon-ball-z-s-h-figuarts-super-saiyan-3-goku-action-figure\/","og_site_name":"Akatsuki anime store","article_modified_time":"2024-11-11T15:30:49+00:00","og_image":[{"width":1000,"height":1000,"url":"https:\/\/akatsukianime.com\/wp-content\/uploads\/2024\/10\/Dragon-Ball-Z-S.H.Figuarts-Super-Saiyan-3-Goku.jpg","type":"image\/jpeg"}],"twitter_card":"summary_large_image","schema":{"@context":"https:\/\/schema.org","@graph":[{"@type":["WebPage","ItemPage"],"@id":"https:\/\/akatsukianime.com\/product\/dragon-ball-z-s-h-figuarts-super-saiyan-3-goku-action-figure\/","url":"https:\/\/akatsukianime.com\/product\/dragon-ball-z-s-h-figuarts-super-saiyan-3-goku-action-figure\/","name":"Dragon Ball Z S.H.Figuarts Super Saiyan 3 Goku- Akatsuki anime store","isPartOf":{"@id":"https:\/\/akatsukianime.com\/#website"},"primaryImageOfPage":{"@id":"https:\/\/akatsukianime.com\/product\/dragon-ball-z-s-h-figuarts-super-saiyan-3-goku-action-figure\/#primaryimage"},"image":{"@id":"https:\/\/akatsukianime.com\/product\/dragon-ball-z-s-h-figuarts-super-saiyan-3-goku-action-figure\/#primaryimage"},"thumbnailUrl":"https:\/\/akatsukianime.com\/wp-content\/uploads\/2024\/10\/Dragon-Ball-Z-S.H.Figuarts-Super-Saiyan-3-Goku.jpg","datePublished":"2024-10-14T18:05:50+00:00","dateModified":"2024-11-11T15:30:49+00:00","breadcrumb":{"@id":"https:\/\/akatsukianime.com\/product\/dragon-ball-z-s-h-figuarts-super-saiyan-3-goku-action-figure\/#breadcrumb"},"inLanguage":"en-US","potentialAction":[{"@type":"ReadAction","target":["https:\/\/akatsukianime.com\/product\/dragon-ball-z-s-h-figuarts-super-saiyan-3-goku-action-figure\/"]}]},{"@type":"ImageObject","inLanguage":"en-US","@id":"https:\/\/akatsukianime.com\/product\/dragon-ball-z-s-h-figuarts-super-saiyan-3-goku-action-figure\/#primaryimage","url":"https:\/\/akatsukianime.com\/wp-content\/uploads\/2024\/10\/Dragon-Ball-Z-S.H.Figuarts-Super-Saiyan-3-Goku.jpg","contentUrl":"https:\/\/akatsukianime.com\/wp-content\/uploads\/2024\/10\/Dragon-Ball-Z-S.H.Figuarts-Super-Saiyan-3-Goku.jpg","width":1000,"height":1000,"caption":"Dragon Ball Z S.H.Figuarts Super Saiyan 3 Goku"},{"@type":"BreadcrumbList","@id":"https:\/\/akatsukianime.com\/product\/dragon-ball-z-s-h-figuarts-super-saiyan-3-goku-action-figure\/#breadcrumb","itemListElement":[{"@type":"ListItem","position":1,"name":"Portada","item":"https:\/\/akatsukianime.com\/"},{"@type":"ListItem","position":2,"name":"Tienda","item":"https:\/\/akatsukianime.com\/tienda\/"},{"@type":"ListItem","position":3,"name":"Dragon Ball Z S.H.Figuarts Super Saiyan 3 Goku"}]},{"@type":"WebSite","@id":"https:\/\/akatsukianime.com\/#website","url":"https:\/\/akatsukianime.com\/","name":"Akatsuki anime store","description":"","potentialAction":[{"@type":"SearchAction","target":{"@type":"EntryPoint","urlTemplate":"https:\/\/akatsukianime.com\/?s={search_term_string}"},"query-input":{"@type":"PropertyValueSpecification","valueRequired":true,"valueName":"search_term_string"}}],"inLanguage":"en-US"}]}},"jetpack_sharing_enabled":true,"_links":{"self":[{"href":"https:\/\/akatsukianime.com\/en\/wp-json\/wp\/v2\/product\/3497","targetHints":{"allow":["GET"]}}],"collection":[{"href":"https:\/\/akatsukianime.com\/en\/wp-json\/wp\/v2\/product"}],"about":[{"href":"https:\/\/akatsukianime.com\/en\/wp-json\/wp\/v2\/types\/product"}],"version-history":[{"count":3,"href":"https:\/\/akatsukianime.com\/en\/wp-json\/wp\/v2\/product\/3497\/revisions"}],"predecessor-version":[{"id":3811,"href":"https:\/\/akatsukianime.com\/en\/wp-json\/wp\/v2\/product\/3497\/revisions\/3811"}],"wp:featuredmedia":[{"embeddable":true,"href":"https:\/\/akatsukianime.com\/en\/wp-json\/wp\/v2\/media\/3810"}],"wp:attachment":[{"href":"https:\/\/akatsukianime.com\/en\/wp-json\/wp\/v2\/media?parent=3497"}],"wp:term":[{"taxonomy":"product_cat","embeddable":true,"href":"https:\/\/akatsukianime.com\/en\/wp-json\/wp\/v2\/product_cat?post=3497"},{"taxonomy":"product_tag","embeddable":true,"href":"https:\/\/akatsukianime.com\/en\/wp-json\/wp\/v2\/product_tag?post=3497"}],"curies":[{"name":"wp","href":"https:\/\/api.w.org\/{rel}","templated":true}]}}