{"id":3506,"date":"2024-10-14T20:19:29","date_gmt":"2024-10-14T18:19:29","guid":{"rendered":"https:\/\/akatsukianime.com\/?post_type=product&#038;p=3506"},"modified":"2024-11-11T16:30:49","modified_gmt":"2024-11-11T15:30:49","slug":"one-piece-s-h-figuarts-monkey-d-luffy-the-raid-on-onigashima","status":"publish","type":"product","link":"https:\/\/akatsukianime.com\/en\/product\/one-piece-s-h-figuarts-monkey-d-luffy-the-raid-on-onigashima\/","title":{"rendered":"One Piece SHFiguarts Monkey D. Luffy (The Raid on Onigashima)"},"content":{"rendered":"<p><strong>Box contents:<\/strong><\/p>\n<ul>\n<li>Figure of <strong>Monkey D. Luffy<\/strong><\/li>\n<li>3 optional parts of expression<\/li>\n<li>2 pairs of interchangeable hands<\/li>\n<li>Interchangeable hair set<\/li>\n<\/ul>","protected":false},"excerpt":{"rendered":"<p><strong>Product Description:<\/strong><br \/>\nFrom the popular anime series <em>One Piece<\/em> A new figure arrives <strong>Monkey D. Luffy<\/strong> on the line <strong>SHFiguarts<\/strong>! Depicting Luffy in his iconic Onigashima outfit, this figure features premium articulation that will allow you to recreate your favorite moments from <em>One Piece<\/em>Don&#039;t miss the opportunity to add this intrepid pirate to your collection and relive his adventures on the high seas.<\/p>\n<p>Get ready to sail the seas and face any adventure with this spectacular Luffy figure in your collection! <em>One Piece<\/em>!<\/p>\n<p><strong>Product Features:<\/strong><\/p>\n<ul>\n<li><strong>Height:<\/strong> Approximately 5.71 inches (14.5 cm)<\/li>\n<li><strong>Material:<\/strong> Made of high quality PVC and ABS<\/li>\n<li><strong>Based on:<\/strong> The acclaimed anime series <em>One Piece<\/em><\/li>\n<li><strong>Part of:<\/strong> The SHFiguarts line<\/li>\n<li><strong>Premium articulation<\/strong> for a wide variety of poses<\/li>\n<\/ul>","protected":false},"featured_media":3808,"template":"","meta":[],"product_cat":[275,91,65,43],"product_tag":[86,84,123,85],"class_list":{"0":"post-3506","1":"product","2":"type-product","3":"status-publish","4":"has-post-thumbnail","6":"product_cat-s-h-figuarts","7":"product_cat-tamashii-nations","8":"product_cat-figuras","9":"product_cat-one-piece","10":"product_tag-monkey-d-luffy","11":"product_tag-one-piece","12":"product_tag-sh-figuarts","13":"product_tag-tamashii-nations","15":"first","16":"instock","17":"sold-individually","18":"taxable","19":"shipping-taxable","20":"purchasable","21":"product-type-simple"},"yoast_head":"<!-- This site is optimized with the Yoast SEO plugin v24.2 - https:\/\/yoast.com\/wordpress\/plugins\/seo\/ -->\n<title>One Piece S.H.Figuarts Monkey D. Luffy (The Raid on Onigashima)- Akatsuki anime store<\/title>\n<meta name=\"robots\" content=\"index, follow, max-snippet:-1, max-image-preview:large, max-video-preview:-1\" \/>\n<link rel=\"canonical\" href=\"https:\/\/akatsukianime.com\/en\/product\/one-piece-s-h-figuarts-monkey-d-luffy-the-raid-on-onigashima\/\" \/>\n<meta property=\"og:locale\" content=\"en_US\" \/>\n<meta property=\"og:type\" content=\"article\" \/>\n<meta property=\"og:title\" content=\"One Piece S.H.Figuarts Monkey D. Luffy (The Raid on Onigashima)- Akatsuki anime store\" \/>\n<meta property=\"og:description\" content=\"Descripci\u00f3n del producto: \u00a1Desde la popular serie de anime One Piece llega una nueva figura de Monkey D. Luffy en la l\u00ednea S.H.Figuarts! Representando a Luffy en su ic\u00f3nico atuendo de Onigashima, esta figura cuenta con una articulaci\u00f3n premium que te permitir\u00e1 recrear tus momentos favoritos de One Piece. No te pierdas la oportunidad de a\u00f1adir a este intr\u00e9pido pirata a tu colecci\u00f3n y revivir sus aventuras en alta mar.  \u00a1Prep\u00e1rate para navegar los mares y enfrentar cualquier aventura con esta espectacular figura de Luffy en tu colecci\u00f3n de One Piece!  Caracter\u00edsticas del producto:   Altura: Aproximadamente 5.71 pulgadas (14.5 cm)  Material: Fabricada en PVC y ABS de alta calidad  Basada en: La aclamada serie de anime One Piece  Parte de: La l\u00ednea S.H.Figuarts  Articulaci\u00f3n premium para una amplia variedad de poses\" \/>\n<meta property=\"og:url\" content=\"https:\/\/akatsukianime.com\/en\/product\/one-piece-s-h-figuarts-monkey-d-luffy-the-raid-on-onigashima\/\" \/>\n<meta property=\"og:site_name\" content=\"Akatsuki anime store\" \/>\n<meta property=\"article:modified_time\" content=\"2024-11-11T15:30:49+00:00\" \/>\n<meta property=\"og:image\" content=\"https:\/\/akatsukianime.com\/wp-content\/uploads\/2024\/10\/One-Piece-S.H.Figuarts-Monkey-D.-Luffy-The-Raid-on-Onigashima.jpg\" \/>\n\t<meta property=\"og:image:width\" content=\"1000\" \/>\n\t<meta property=\"og:image:height\" content=\"1000\" \/>\n\t<meta property=\"og:image:type\" content=\"image\/jpeg\" \/>\n<meta name=\"twitter:card\" content=\"summary_large_image\" \/>\n<script type=\"application\/ld+json\" class=\"yoast-schema-graph\">{\"@context\":\"https:\/\/schema.org\",\"@graph\":[{\"@type\":[\"WebPage\",\"ItemPage\"],\"@id\":\"https:\/\/akatsukianime.com\/product\/one-piece-s-h-figuarts-monkey-d-luffy-the-raid-on-onigashima\/\",\"url\":\"https:\/\/akatsukianime.com\/product\/one-piece-s-h-figuarts-monkey-d-luffy-the-raid-on-onigashima\/\",\"name\":\"One Piece S.H.Figuarts Monkey D. Luffy (The Raid on Onigashima)- Akatsuki anime store\",\"isPartOf\":{\"@id\":\"https:\/\/akatsukianime.com\/#website\"},\"primaryImageOfPage\":{\"@id\":\"https:\/\/akatsukianime.com\/product\/one-piece-s-h-figuarts-monkey-d-luffy-the-raid-on-onigashima\/#primaryimage\"},\"image\":{\"@id\":\"https:\/\/akatsukianime.com\/product\/one-piece-s-h-figuarts-monkey-d-luffy-the-raid-on-onigashima\/#primaryimage\"},\"thumbnailUrl\":\"https:\/\/akatsukianime.com\/wp-content\/uploads\/2024\/10\/One-Piece-S.H.Figuarts-Monkey-D.-Luffy-The-Raid-on-Onigashima.jpg\",\"datePublished\":\"2024-10-14T18:19:29+00:00\",\"dateModified\":\"2024-11-11T15:30:49+00:00\",\"breadcrumb\":{\"@id\":\"https:\/\/akatsukianime.com\/product\/one-piece-s-h-figuarts-monkey-d-luffy-the-raid-on-onigashima\/#breadcrumb\"},\"inLanguage\":\"en-US\",\"potentialAction\":[{\"@type\":\"ReadAction\",\"target\":[\"https:\/\/akatsukianime.com\/product\/one-piece-s-h-figuarts-monkey-d-luffy-the-raid-on-onigashima\/\"]}]},{\"@type\":\"ImageObject\",\"inLanguage\":\"en-US\",\"@id\":\"https:\/\/akatsukianime.com\/product\/one-piece-s-h-figuarts-monkey-d-luffy-the-raid-on-onigashima\/#primaryimage\",\"url\":\"https:\/\/akatsukianime.com\/wp-content\/uploads\/2024\/10\/One-Piece-S.H.Figuarts-Monkey-D.-Luffy-The-Raid-on-Onigashima.jpg\",\"contentUrl\":\"https:\/\/akatsukianime.com\/wp-content\/uploads\/2024\/10\/One-Piece-S.H.Figuarts-Monkey-D.-Luffy-The-Raid-on-Onigashima.jpg\",\"width\":1000,\"height\":1000,\"caption\":\"One Piece S.H.Figuarts Monkey D. Luffy (The Raid on Onigashima)\"},{\"@type\":\"BreadcrumbList\",\"@id\":\"https:\/\/akatsukianime.com\/product\/one-piece-s-h-figuarts-monkey-d-luffy-the-raid-on-onigashima\/#breadcrumb\",\"itemListElement\":[{\"@type\":\"ListItem\",\"position\":1,\"name\":\"Portada\",\"item\":\"https:\/\/akatsukianime.com\/\"},{\"@type\":\"ListItem\",\"position\":2,\"name\":\"Tienda\",\"item\":\"https:\/\/akatsukianime.com\/tienda\/\"},{\"@type\":\"ListItem\",\"position\":3,\"name\":\"One Piece S.H.Figuarts Monkey D. Luffy (The Raid on Onigashima)\"}]},{\"@type\":\"WebSite\",\"@id\":\"https:\/\/akatsukianime.com\/#website\",\"url\":\"https:\/\/akatsukianime.com\/\",\"name\":\"Akatsuki anime store\",\"description\":\"\",\"potentialAction\":[{\"@type\":\"SearchAction\",\"target\":{\"@type\":\"EntryPoint\",\"urlTemplate\":\"https:\/\/akatsukianime.com\/?s={search_term_string}\"},\"query-input\":{\"@type\":\"PropertyValueSpecification\",\"valueRequired\":true,\"valueName\":\"search_term_string\"}}],\"inLanguage\":\"en-US\"}]}<\/script>\n<!-- \/ Yoast SEO plugin. -->","yoast_head_json":{"title":"One Piece S.H.Figuarts Monkey D. Luffy (The Raid on Onigashima)- Akatsuki anime store","robots":{"index":"index","follow":"follow","max-snippet":"max-snippet:-1","max-image-preview":"max-image-preview:large","max-video-preview":"max-video-preview:-1"},"canonical":"https:\/\/akatsukianime.com\/en\/product\/one-piece-s-h-figuarts-monkey-d-luffy-the-raid-on-onigashima\/","og_locale":"en_US","og_type":"article","og_title":"One Piece S.H.Figuarts Monkey D. Luffy (The Raid on Onigashima)- Akatsuki anime store","og_description":"Descripci\u00f3n del producto: \u00a1Desde la popular serie de anime One Piece llega una nueva figura de Monkey D. Luffy en la l\u00ednea S.H.Figuarts! Representando a Luffy en su ic\u00f3nico atuendo de Onigashima, esta figura cuenta con una articulaci\u00f3n premium que te permitir\u00e1 recrear tus momentos favoritos de One Piece. No te pierdas la oportunidad de a\u00f1adir a este intr\u00e9pido pirata a tu colecci\u00f3n y revivir sus aventuras en alta mar.  \u00a1Prep\u00e1rate para navegar los mares y enfrentar cualquier aventura con esta espectacular figura de Luffy en tu colecci\u00f3n de One Piece!  Caracter\u00edsticas del producto:   Altura: Aproximadamente 5.71 pulgadas (14.5 cm)  Material: Fabricada en PVC y ABS de alta calidad  Basada en: La aclamada serie de anime One Piece  Parte de: La l\u00ednea S.H.Figuarts  Articulaci\u00f3n premium para una amplia variedad de poses","og_url":"https:\/\/akatsukianime.com\/en\/product\/one-piece-s-h-figuarts-monkey-d-luffy-the-raid-on-onigashima\/","og_site_name":"Akatsuki anime store","article_modified_time":"2024-11-11T15:30:49+00:00","og_image":[{"width":1000,"height":1000,"url":"https:\/\/akatsukianime.com\/wp-content\/uploads\/2024\/10\/One-Piece-S.H.Figuarts-Monkey-D.-Luffy-The-Raid-on-Onigashima.jpg","type":"image\/jpeg"}],"twitter_card":"summary_large_image","schema":{"@context":"https:\/\/schema.org","@graph":[{"@type":["WebPage","ItemPage"],"@id":"https:\/\/akatsukianime.com\/product\/one-piece-s-h-figuarts-monkey-d-luffy-the-raid-on-onigashima\/","url":"https:\/\/akatsukianime.com\/product\/one-piece-s-h-figuarts-monkey-d-luffy-the-raid-on-onigashima\/","name":"One Piece S.H.Figuarts Monkey D. Luffy (The Raid on Onigashima)- Akatsuki anime store","isPartOf":{"@id":"https:\/\/akatsukianime.com\/#website"},"primaryImageOfPage":{"@id":"https:\/\/akatsukianime.com\/product\/one-piece-s-h-figuarts-monkey-d-luffy-the-raid-on-onigashima\/#primaryimage"},"image":{"@id":"https:\/\/akatsukianime.com\/product\/one-piece-s-h-figuarts-monkey-d-luffy-the-raid-on-onigashima\/#primaryimage"},"thumbnailUrl":"https:\/\/akatsukianime.com\/wp-content\/uploads\/2024\/10\/One-Piece-S.H.Figuarts-Monkey-D.-Luffy-The-Raid-on-Onigashima.jpg","datePublished":"2024-10-14T18:19:29+00:00","dateModified":"2024-11-11T15:30:49+00:00","breadcrumb":{"@id":"https:\/\/akatsukianime.com\/product\/one-piece-s-h-figuarts-monkey-d-luffy-the-raid-on-onigashima\/#breadcrumb"},"inLanguage":"en-US","potentialAction":[{"@type":"ReadAction","target":["https:\/\/akatsukianime.com\/product\/one-piece-s-h-figuarts-monkey-d-luffy-the-raid-on-onigashima\/"]}]},{"@type":"ImageObject","inLanguage":"en-US","@id":"https:\/\/akatsukianime.com\/product\/one-piece-s-h-figuarts-monkey-d-luffy-the-raid-on-onigashima\/#primaryimage","url":"https:\/\/akatsukianime.com\/wp-content\/uploads\/2024\/10\/One-Piece-S.H.Figuarts-Monkey-D.-Luffy-The-Raid-on-Onigashima.jpg","contentUrl":"https:\/\/akatsukianime.com\/wp-content\/uploads\/2024\/10\/One-Piece-S.H.Figuarts-Monkey-D.-Luffy-The-Raid-on-Onigashima.jpg","width":1000,"height":1000,"caption":"One Piece S.H.Figuarts Monkey D. Luffy (The Raid on Onigashima)"},{"@type":"BreadcrumbList","@id":"https:\/\/akatsukianime.com\/product\/one-piece-s-h-figuarts-monkey-d-luffy-the-raid-on-onigashima\/#breadcrumb","itemListElement":[{"@type":"ListItem","position":1,"name":"Portada","item":"https:\/\/akatsukianime.com\/"},{"@type":"ListItem","position":2,"name":"Tienda","item":"https:\/\/akatsukianime.com\/tienda\/"},{"@type":"ListItem","position":3,"name":"One Piece S.H.Figuarts Monkey D. Luffy (The Raid on Onigashima)"}]},{"@type":"WebSite","@id":"https:\/\/akatsukianime.com\/#website","url":"https:\/\/akatsukianime.com\/","name":"Akatsuki anime store","description":"","potentialAction":[{"@type":"SearchAction","target":{"@type":"EntryPoint","urlTemplate":"https:\/\/akatsukianime.com\/?s={search_term_string}"},"query-input":{"@type":"PropertyValueSpecification","valueRequired":true,"valueName":"search_term_string"}}],"inLanguage":"en-US"}]}},"jetpack_sharing_enabled":true,"_links":{"self":[{"href":"https:\/\/akatsukianime.com\/en\/wp-json\/wp\/v2\/product\/3506","targetHints":{"allow":["GET"]}}],"collection":[{"href":"https:\/\/akatsukianime.com\/en\/wp-json\/wp\/v2\/product"}],"about":[{"href":"https:\/\/akatsukianime.com\/en\/wp-json\/wp\/v2\/types\/product"}],"version-history":[{"count":2,"href":"https:\/\/akatsukianime.com\/en\/wp-json\/wp\/v2\/product\/3506\/revisions"}],"predecessor-version":[{"id":3807,"href":"https:\/\/akatsukianime.com\/en\/wp-json\/wp\/v2\/product\/3506\/revisions\/3807"}],"wp:featuredmedia":[{"embeddable":true,"href":"https:\/\/akatsukianime.com\/en\/wp-json\/wp\/v2\/media\/3808"}],"wp:attachment":[{"href":"https:\/\/akatsukianime.com\/en\/wp-json\/wp\/v2\/media?parent=3506"}],"wp:term":[{"taxonomy":"product_cat","embeddable":true,"href":"https:\/\/akatsukianime.com\/en\/wp-json\/wp\/v2\/product_cat?post=3506"},{"taxonomy":"product_tag","embeddable":true,"href":"https:\/\/akatsukianime.com\/en\/wp-json\/wp\/v2\/product_tag?post=3506"}],"curies":[{"name":"wp","href":"https:\/\/api.w.org\/{rel}","templated":true}]}}