{"id":3553,"date":"2024-10-16T19:21:19","date_gmt":"2024-10-16T17:21:19","guid":{"rendered":"https:\/\/akatsukianime.com\/?post_type=product&#038;p=3553"},"modified":"2025-08-23T16:31:58","modified_gmt":"2025-08-23T14:31:58","slug":"berserk-pop-up-parade-l-guts-berserker-armor","status":"publish","type":"product","link":"https:\/\/akatsukianime.com\/en\/product\/berserk-pop-up-parade-l-guts-berserker-armor\/","title":{"rendered":"Berserk Pop Up Parade L Guts (Berserker Armor)"},"content":{"rendered":"<p><strong>Box Contents<\/strong><\/p>\n<ul>\n<li>Guts figure<\/li>\n<\/ul>","protected":false},"excerpt":{"rendered":"<p>Product Description<br \/>\nFrom the popular manga \u201cBerserk\u201d comes a reissue of the fan-favorite POP UP PARADE L figure, featuring Guts wearing the Berserker Armor! The figure stands approximately 28cm tall (including the figure base). Guts\u2019 stunning appearance, inspired by the cover illustration of volume 28 of the manga, has been stunningly captured in figure form.<\/p>\n<p>In addition to the standard head, a head is included that can be used with a Milight 316R LED to create a glowing eye effect. <strong>(LED not included)<\/strong><\/p>\n<p>Introducing the POP UP PARADE series figures now in a larger size! POP UP PARADE brings figure fans an exciting new sensation with the L line.<\/p>\n<p>POP UP PARADE is a series of collectible action figures with affordable prices and fast releases. Each figure typically stands between 17-18cm tall, and the series features a vast selection of characters from popular anime and video games, with many more to come!<\/p>\n<p><strong>Product Features<\/strong><\/p>\n<ul>\n<li>28 cm high<\/li>\n<li>Made of plastic<\/li>\n<li>Based on the manga by <em>Berserk<\/em><\/li>\n<li>Part of the Pop Up Parade L series<\/li>\n<li>Highly detailed<\/li>\n<li>Not articulated<\/li>\n<\/ul>","protected":false},"featured_media":3802,"template":"","meta":[],"product_cat":[281,98,65,61,51],"product_tag":[212,143,165,144,164],"class_list":{"0":"post-3553","1":"product","2":"type-product","3":"status-publish","4":"has-post-thumbnail","6":"product_cat-popup-parade","7":"product_cat-good-smile-company","8":"product_cat-figuras","9":"product_cat-novedades","10":"product_cat-berserk","11":"product_tag-armor","12":"product_tag-berserk","13":"product_tag-goodsmile-company","14":"product_tag-guts","15":"product_tag-pop-up-parade","17":"first","18":"outofstock","19":"sold-individually","20":"taxable","21":"shipping-taxable","22":"purchasable","23":"product-type-simple"},"yoast_head":"<!-- This site is optimized with the Yoast SEO plugin v24.2 - https:\/\/yoast.com\/wordpress\/plugins\/seo\/ -->\n<title>Berserk Pop Up Parade L Guts (Berserker Armor) - Akatsuki anime store<\/title>\n<meta name=\"robots\" content=\"index, follow, max-snippet:-1, max-image-preview:large, max-video-preview:-1\" \/>\n<link rel=\"canonical\" href=\"https:\/\/akatsukianime.com\/en\/product\/berserk-pop-up-parade-l-guts-berserker-armor\/\" \/>\n<meta property=\"og:locale\" content=\"en_US\" \/>\n<meta property=\"og:type\" content=\"article\" \/>\n<meta property=\"og:title\" content=\"Berserk Pop Up Parade L Guts (Berserker Armor) - Akatsuki anime store\" \/>\n<meta property=\"og:description\" content=\"Descripci\u00f3n del Producto Desde el popular manga &quot;Berserk&quot;, llega una reedici\u00f3n de la figura favorita de los fans, POP UP PARADE L, de Guts vistiendo la Armadura del Berserker. La figura mide aproximadamente 28 cm de altura (incluyendo la base de vi\u00f1eta). La impresionante apariencia de Guts, inspirada en la ilustraci\u00f3n de la portada del volumen 28 del manga, ha sido capturada de manera asombrosa en forma de figura.  Adem\u00e1s de la cabeza est\u00e1ndar, se incluye una cabeza que puede utilizarse con un LED Milight 316R para crear un efecto de ojo brillante. (LED no incluido)  \u00a1Presentamos las figuras de la serie POP UP PARADE ahora en un tama\u00f1o m\u00e1s grande! POP UP PARADE trae a los fan\u00e1ticos de figuras una nueva y emocionante sensaci\u00f3n con la l\u00ednea L.  POP UP PARADE es una serie de figuras f\u00e1ciles de coleccionar, con precios asequibles y lanzamientos r\u00e1pidos. Cada figura suele medir entre 17 y 18 cm de altura, y la serie presenta una vasta selecci\u00f3n de personajes de populares animes y videojuegos, \u00a1con muchos m\u00e1s por venir!  Caracter\u00edsticas del Producto   28 cm de altura  Fabricada en pl\u00e1stico  Basada en el manga de Berserk  Parte de la serie Pop Up Parade L  Altamente detallada  No articulada\" \/>\n<meta property=\"og:url\" content=\"https:\/\/akatsukianime.com\/en\/product\/berserk-pop-up-parade-l-guts-berserker-armor\/\" \/>\n<meta property=\"og:site_name\" content=\"Akatsuki anime store\" \/>\n<meta property=\"article:modified_time\" content=\"2025-08-23T14:31:58+00:00\" \/>\n<meta property=\"og:image\" content=\"https:\/\/akatsukianime.com\/wp-content\/uploads\/2024\/10\/Berserk-Pop-Up-Parade-L-Guts-Berserker-Armor.jpg\" \/>\n\t<meta property=\"og:image:width\" content=\"1000\" \/>\n\t<meta property=\"og:image:height\" content=\"1000\" \/>\n\t<meta property=\"og:image:type\" content=\"image\/jpeg\" \/>\n<meta name=\"twitter:card\" content=\"summary_large_image\" \/>\n<meta name=\"twitter:label1\" content=\"Est. reading time\" \/>\n\t<meta name=\"twitter:data1\" content=\"1 minute\" \/>\n<script type=\"application\/ld+json\" class=\"yoast-schema-graph\">{\"@context\":\"https:\/\/schema.org\",\"@graph\":[{\"@type\":[\"WebPage\",\"ItemPage\"],\"@id\":\"https:\/\/akatsukianime.com\/product\/berserk-pop-up-parade-l-guts-berserker-armor\/\",\"url\":\"https:\/\/akatsukianime.com\/product\/berserk-pop-up-parade-l-guts-berserker-armor\/\",\"name\":\"Berserk Pop Up Parade L Guts (Berserker Armor) - Akatsuki anime store\",\"isPartOf\":{\"@id\":\"https:\/\/akatsukianime.com\/#website\"},\"primaryImageOfPage\":{\"@id\":\"https:\/\/akatsukianime.com\/product\/berserk-pop-up-parade-l-guts-berserker-armor\/#primaryimage\"},\"image\":{\"@id\":\"https:\/\/akatsukianime.com\/product\/berserk-pop-up-parade-l-guts-berserker-armor\/#primaryimage\"},\"thumbnailUrl\":\"https:\/\/akatsukianime.com\/wp-content\/uploads\/2024\/10\/Berserk-Pop-Up-Parade-L-Guts-Berserker-Armor.jpg\",\"datePublished\":\"2024-10-16T17:21:19+00:00\",\"dateModified\":\"2025-08-23T14:31:58+00:00\",\"breadcrumb\":{\"@id\":\"https:\/\/akatsukianime.com\/product\/berserk-pop-up-parade-l-guts-berserker-armor\/#breadcrumb\"},\"inLanguage\":\"en-US\",\"potentialAction\":[{\"@type\":\"ReadAction\",\"target\":[\"https:\/\/akatsukianime.com\/product\/berserk-pop-up-parade-l-guts-berserker-armor\/\"]}]},{\"@type\":\"ImageObject\",\"inLanguage\":\"en-US\",\"@id\":\"https:\/\/akatsukianime.com\/product\/berserk-pop-up-parade-l-guts-berserker-armor\/#primaryimage\",\"url\":\"https:\/\/akatsukianime.com\/wp-content\/uploads\/2024\/10\/Berserk-Pop-Up-Parade-L-Guts-Berserker-Armor.jpg\",\"contentUrl\":\"https:\/\/akatsukianime.com\/wp-content\/uploads\/2024\/10\/Berserk-Pop-Up-Parade-L-Guts-Berserker-Armor.jpg\",\"width\":1000,\"height\":1000,\"caption\":\"Berserk Pop Up Parade L Guts (Berserker Armor)\"},{\"@type\":\"BreadcrumbList\",\"@id\":\"https:\/\/akatsukianime.com\/product\/berserk-pop-up-parade-l-guts-berserker-armor\/#breadcrumb\",\"itemListElement\":[{\"@type\":\"ListItem\",\"position\":1,\"name\":\"Portada\",\"item\":\"https:\/\/akatsukianime.com\/\"},{\"@type\":\"ListItem\",\"position\":2,\"name\":\"Tienda\",\"item\":\"https:\/\/akatsukianime.com\/tienda\/\"},{\"@type\":\"ListItem\",\"position\":3,\"name\":\"Berserk Pop Up Parade L Guts (Berserker Armor)\"}]},{\"@type\":\"WebSite\",\"@id\":\"https:\/\/akatsukianime.com\/#website\",\"url\":\"https:\/\/akatsukianime.com\/\",\"name\":\"Akatsuki anime store\",\"description\":\"\",\"potentialAction\":[{\"@type\":\"SearchAction\",\"target\":{\"@type\":\"EntryPoint\",\"urlTemplate\":\"https:\/\/akatsukianime.com\/?s={search_term_string}\"},\"query-input\":{\"@type\":\"PropertyValueSpecification\",\"valueRequired\":true,\"valueName\":\"search_term_string\"}}],\"inLanguage\":\"en-US\"}]}<\/script>\n<!-- \/ Yoast SEO plugin. -->","yoast_head_json":{"title":"Berserk Pop Up Parade L Guts (Berserker Armor) - Akatsuki anime store","robots":{"index":"index","follow":"follow","max-snippet":"max-snippet:-1","max-image-preview":"max-image-preview:large","max-video-preview":"max-video-preview:-1"},"canonical":"https:\/\/akatsukianime.com\/en\/product\/berserk-pop-up-parade-l-guts-berserker-armor\/","og_locale":"en_US","og_type":"article","og_title":"Berserk Pop Up Parade L Guts (Berserker Armor) - Akatsuki anime store","og_description":"Descripci\u00f3n del Producto Desde el popular manga \"Berserk\", llega una reedici\u00f3n de la figura favorita de los fans, POP UP PARADE L, de Guts vistiendo la Armadura del Berserker. La figura mide aproximadamente 28 cm de altura (incluyendo la base de vi\u00f1eta). La impresionante apariencia de Guts, inspirada en la ilustraci\u00f3n de la portada del volumen 28 del manga, ha sido capturada de manera asombrosa en forma de figura.  Adem\u00e1s de la cabeza est\u00e1ndar, se incluye una cabeza que puede utilizarse con un LED Milight 316R para crear un efecto de ojo brillante. (LED no incluido)  \u00a1Presentamos las figuras de la serie POP UP PARADE ahora en un tama\u00f1o m\u00e1s grande! POP UP PARADE trae a los fan\u00e1ticos de figuras una nueva y emocionante sensaci\u00f3n con la l\u00ednea L.  POP UP PARADE es una serie de figuras f\u00e1ciles de coleccionar, con precios asequibles y lanzamientos r\u00e1pidos. Cada figura suele medir entre 17 y 18 cm de altura, y la serie presenta una vasta selecci\u00f3n de personajes de populares animes y videojuegos, \u00a1con muchos m\u00e1s por venir!  Caracter\u00edsticas del Producto   28 cm de altura  Fabricada en pl\u00e1stico  Basada en el manga de Berserk  Parte de la serie Pop Up Parade L  Altamente detallada  No articulada","og_url":"https:\/\/akatsukianime.com\/en\/product\/berserk-pop-up-parade-l-guts-berserker-armor\/","og_site_name":"Akatsuki anime store","article_modified_time":"2025-08-23T14:31:58+00:00","og_image":[{"width":1000,"height":1000,"url":"https:\/\/akatsukianime.com\/wp-content\/uploads\/2024\/10\/Berserk-Pop-Up-Parade-L-Guts-Berserker-Armor.jpg","type":"image\/jpeg"}],"twitter_card":"summary_large_image","twitter_misc":{"Est. reading time":"1 minute"},"schema":{"@context":"https:\/\/schema.org","@graph":[{"@type":["WebPage","ItemPage"],"@id":"https:\/\/akatsukianime.com\/product\/berserk-pop-up-parade-l-guts-berserker-armor\/","url":"https:\/\/akatsukianime.com\/product\/berserk-pop-up-parade-l-guts-berserker-armor\/","name":"Berserk Pop Up Parade L Guts (Berserker Armor) - Akatsuki anime store","isPartOf":{"@id":"https:\/\/akatsukianime.com\/#website"},"primaryImageOfPage":{"@id":"https:\/\/akatsukianime.com\/product\/berserk-pop-up-parade-l-guts-berserker-armor\/#primaryimage"},"image":{"@id":"https:\/\/akatsukianime.com\/product\/berserk-pop-up-parade-l-guts-berserker-armor\/#primaryimage"},"thumbnailUrl":"https:\/\/akatsukianime.com\/wp-content\/uploads\/2024\/10\/Berserk-Pop-Up-Parade-L-Guts-Berserker-Armor.jpg","datePublished":"2024-10-16T17:21:19+00:00","dateModified":"2025-08-23T14:31:58+00:00","breadcrumb":{"@id":"https:\/\/akatsukianime.com\/product\/berserk-pop-up-parade-l-guts-berserker-armor\/#breadcrumb"},"inLanguage":"en-US","potentialAction":[{"@type":"ReadAction","target":["https:\/\/akatsukianime.com\/product\/berserk-pop-up-parade-l-guts-berserker-armor\/"]}]},{"@type":"ImageObject","inLanguage":"en-US","@id":"https:\/\/akatsukianime.com\/product\/berserk-pop-up-parade-l-guts-berserker-armor\/#primaryimage","url":"https:\/\/akatsukianime.com\/wp-content\/uploads\/2024\/10\/Berserk-Pop-Up-Parade-L-Guts-Berserker-Armor.jpg","contentUrl":"https:\/\/akatsukianime.com\/wp-content\/uploads\/2024\/10\/Berserk-Pop-Up-Parade-L-Guts-Berserker-Armor.jpg","width":1000,"height":1000,"caption":"Berserk Pop Up Parade L Guts (Berserker Armor)"},{"@type":"BreadcrumbList","@id":"https:\/\/akatsukianime.com\/product\/berserk-pop-up-parade-l-guts-berserker-armor\/#breadcrumb","itemListElement":[{"@type":"ListItem","position":1,"name":"Portada","item":"https:\/\/akatsukianime.com\/"},{"@type":"ListItem","position":2,"name":"Tienda","item":"https:\/\/akatsukianime.com\/tienda\/"},{"@type":"ListItem","position":3,"name":"Berserk Pop Up Parade L Guts (Berserker Armor)"}]},{"@type":"WebSite","@id":"https:\/\/akatsukianime.com\/#website","url":"https:\/\/akatsukianime.com\/","name":"Akatsuki anime store","description":"","potentialAction":[{"@type":"SearchAction","target":{"@type":"EntryPoint","urlTemplate":"https:\/\/akatsukianime.com\/?s={search_term_string}"},"query-input":{"@type":"PropertyValueSpecification","valueRequired":true,"valueName":"search_term_string"}}],"inLanguage":"en-US"}]}},"jetpack_sharing_enabled":true,"_links":{"self":[{"href":"https:\/\/akatsukianime.com\/en\/wp-json\/wp\/v2\/product\/3553","targetHints":{"allow":["GET"]}}],"collection":[{"href":"https:\/\/akatsukianime.com\/en\/wp-json\/wp\/v2\/product"}],"about":[{"href":"https:\/\/akatsukianime.com\/en\/wp-json\/wp\/v2\/types\/product"}],"version-history":[{"count":2,"href":"https:\/\/akatsukianime.com\/en\/wp-json\/wp\/v2\/product\/3553\/revisions"}],"predecessor-version":[{"id":3801,"href":"https:\/\/akatsukianime.com\/en\/wp-json\/wp\/v2\/product\/3553\/revisions\/3801"}],"wp:featuredmedia":[{"embeddable":true,"href":"https:\/\/akatsukianime.com\/en\/wp-json\/wp\/v2\/media\/3802"}],"wp:attachment":[{"href":"https:\/\/akatsukianime.com\/en\/wp-json\/wp\/v2\/media?parent=3553"}],"wp:term":[{"taxonomy":"product_cat","embeddable":true,"href":"https:\/\/akatsukianime.com\/en\/wp-json\/wp\/v2\/product_cat?post=3553"},{"taxonomy":"product_tag","embeddable":true,"href":"https:\/\/akatsukianime.com\/en\/wp-json\/wp\/v2\/product_tag?post=3553"}],"curies":[{"name":"wp","href":"https:\/\/api.w.org\/{rel}","templated":true}]}}