{"id":3565,"date":"2024-10-16T20:01:24","date_gmt":"2024-10-16T18:01:24","guid":{"rendered":"https:\/\/akatsukianime.com\/?post_type=product&#038;p=3565"},"modified":"2025-07-02T16:29:32","modified_gmt":"2025-07-02T14:29:32","slug":"yu-gi-oh-duel-monsters-ultimagear-millennium-puzzle-model-kit","status":"publish","type":"product","link":"https:\/\/akatsukianime.com\/en\/product\/yu-gi-oh-duel-monsters-ultimagear-millennium-puzzle-model-kit\/","title":{"rendered":"Yu-Gi-Oh! Duel Monsters UltimaGear Millennium Puzzle Model Kit"},"content":{"rendered":"<p><strong>Box Contents<\/strong><\/p>\n<ul>\n<li>Pieces to build the Millennium Puzzle<\/li>\n<li>Instructions<\/li>\n<\/ul>","protected":false},"excerpt":{"rendered":"<p><strong>Product Description<\/strong><br \/>\nFrom the anime <em>Yu-Gi-Oh! Duel Monsters<\/em>, comes an UltimaGear model kit replica of the legendary Millennium Puzzle. To complete the puzzle, you must first assemble the kit pieces to form the individual puzzle pieces. Once completed, you can put together the complete puzzle. The finished product is life-size, measuring almost 10cm tall.<\/p>\n<p>All 33 pieces of the UltimaGear Millennium Puzzle can be stored inside the Millennium Golden Sarcophagus (sold separately).<\/p>\n<p><strong>Product Features<\/strong><\/p>\n<ul>\n<li>10 cm high<\/li>\n<li>Made of plastic<\/li>\n<li>Based on the anime <em>Yu-Gi-Oh! Duel Monsters<\/em><\/li>\n<li>Life-size replica of the Millennium Puzzle<\/li>\n<li>The procedure for completing the puzzle, once the pieces are assembled, is not included.<\/li>\n<li>Instructions may or may not include English translation.<\/li>\n<\/ul>","protected":false},"featured_media":3800,"template":"","meta":[],"product_cat":[94,169,61,60],"product_tag":[215,104,214,213],"class_list":{"0":"post-3565","1":"product","2":"type-product","3":"status-publish","4":"has-post-thumbnail","6":"product_cat-bandai-hobby-site","7":"product_cat-10-otros-model-kit","8":"product_cat-novedades","9":"product_cat-otros","10":"product_tag-millennium-puzzle","11":"product_tag-model-kit","12":"product_tag-ultimagear","13":"product_tag-yu-gi-oh","15":"first","16":"outofstock","17":"sold-individually","18":"taxable","19":"shipping-taxable","20":"purchasable","21":"product-type-simple"},"yoast_head":"<!-- This site is optimized with the Yoast SEO plugin v24.2 - https:\/\/yoast.com\/wordpress\/plugins\/seo\/ -->\n<title>Yu-Gi-Oh! Duel Monsters UltimaGear Millennium Puzzle Model Kit - Akatsuki anime store<\/title>\n<meta name=\"robots\" content=\"index, follow, max-snippet:-1, max-image-preview:large, max-video-preview:-1\" \/>\n<link rel=\"canonical\" href=\"https:\/\/akatsukianime.com\/en\/product\/yu-gi-oh-duel-monsters-ultimagear-millennium-puzzle-model-kit\/\" \/>\n<meta property=\"og:locale\" content=\"en_US\" \/>\n<meta property=\"og:type\" content=\"article\" \/>\n<meta property=\"og:title\" content=\"Yu-Gi-Oh! Duel Monsters UltimaGear Millennium Puzzle Model Kit - Akatsuki anime store\" \/>\n<meta property=\"og:description\" content=\"Descripci\u00f3n del Producto Desde el anime Yu-Gi-Oh! Duel Monsters, llega una r\u00e9plica en kit de modelo UltimaGear del legendario Rompecabezas del Milenio. Para completar el rompecabezas, primero debes ensamblar las piezas del kit para formar las piezas individuales del rompecabezas. Una vez terminadas, puedes armar el rompecabezas completo. El producto terminado es de tama\u00f1o real, midiendo casi 10 cm de altura.  Las 33 piezas del Rompecabezas del Milenio UltimaGear se pueden almacenar dentro del Sarc\u00f3fago Dorado del Milenio (se vende por separado).  Caracter\u00edsticas del Producto   10 cm de altura  Fabricado en pl\u00e1stico  Basado en el anime Yu-Gi-Oh! Duel Monsters  R\u00e9plica de tama\u00f1o real del Rompecabezas del Milenio  El procedimiento para completar el rompecabezas, una vez ensambladas las piezas, no est\u00e1 incluido  Las instrucciones pueden o no incluir traducci\u00f3n al ingl\u00e9s\" \/>\n<meta property=\"og:url\" content=\"https:\/\/akatsukianime.com\/en\/product\/yu-gi-oh-duel-monsters-ultimagear-millennium-puzzle-model-kit\/\" \/>\n<meta property=\"og:site_name\" content=\"Akatsuki anime store\" \/>\n<meta property=\"article:modified_time\" content=\"2025-07-02T14:29:32+00:00\" \/>\n<meta property=\"og:image\" content=\"https:\/\/akatsukianime.com\/wp-content\/uploads\/2024\/10\/Yu-Gi-Oh-Duel-Monsters-UltimaGear-Millennium-Puzzle-Model-Kit.jpg\" \/>\n\t<meta property=\"og:image:width\" content=\"1000\" \/>\n\t<meta property=\"og:image:height\" content=\"1000\" \/>\n\t<meta property=\"og:image:type\" content=\"image\/jpeg\" \/>\n<meta name=\"twitter:card\" content=\"summary_large_image\" \/>\n<meta name=\"twitter:label1\" content=\"Est. reading time\" \/>\n\t<meta name=\"twitter:data1\" content=\"1 minute\" \/>\n<script type=\"application\/ld+json\" class=\"yoast-schema-graph\">{\"@context\":\"https:\/\/schema.org\",\"@graph\":[{\"@type\":[\"WebPage\",\"ItemPage\"],\"@id\":\"https:\/\/akatsukianime.com\/product\/yu-gi-oh-duel-monsters-ultimagear-millennium-puzzle-model-kit\/\",\"url\":\"https:\/\/akatsukianime.com\/product\/yu-gi-oh-duel-monsters-ultimagear-millennium-puzzle-model-kit\/\",\"name\":\"Yu-Gi-Oh! Duel Monsters UltimaGear Millennium Puzzle Model Kit - Akatsuki anime store\",\"isPartOf\":{\"@id\":\"https:\/\/akatsukianime.com\/#website\"},\"primaryImageOfPage\":{\"@id\":\"https:\/\/akatsukianime.com\/product\/yu-gi-oh-duel-monsters-ultimagear-millennium-puzzle-model-kit\/#primaryimage\"},\"image\":{\"@id\":\"https:\/\/akatsukianime.com\/product\/yu-gi-oh-duel-monsters-ultimagear-millennium-puzzle-model-kit\/#primaryimage\"},\"thumbnailUrl\":\"https:\/\/akatsukianime.com\/wp-content\/uploads\/2024\/10\/Yu-Gi-Oh-Duel-Monsters-UltimaGear-Millennium-Puzzle-Model-Kit.jpg\",\"datePublished\":\"2024-10-16T18:01:24+00:00\",\"dateModified\":\"2025-07-02T14:29:32+00:00\",\"breadcrumb\":{\"@id\":\"https:\/\/akatsukianime.com\/product\/yu-gi-oh-duel-monsters-ultimagear-millennium-puzzle-model-kit\/#breadcrumb\"},\"inLanguage\":\"en-US\",\"potentialAction\":[{\"@type\":\"ReadAction\",\"target\":[\"https:\/\/akatsukianime.com\/product\/yu-gi-oh-duel-monsters-ultimagear-millennium-puzzle-model-kit\/\"]}]},{\"@type\":\"ImageObject\",\"inLanguage\":\"en-US\",\"@id\":\"https:\/\/akatsukianime.com\/product\/yu-gi-oh-duel-monsters-ultimagear-millennium-puzzle-model-kit\/#primaryimage\",\"url\":\"https:\/\/akatsukianime.com\/wp-content\/uploads\/2024\/10\/Yu-Gi-Oh-Duel-Monsters-UltimaGear-Millennium-Puzzle-Model-Kit.jpg\",\"contentUrl\":\"https:\/\/akatsukianime.com\/wp-content\/uploads\/2024\/10\/Yu-Gi-Oh-Duel-Monsters-UltimaGear-Millennium-Puzzle-Model-Kit.jpg\",\"width\":1000,\"height\":1000,\"caption\":\"Yu-Gi-Oh! Duel Monsters UltimaGear Millennium Puzzle Model Kit\"},{\"@type\":\"BreadcrumbList\",\"@id\":\"https:\/\/akatsukianime.com\/product\/yu-gi-oh-duel-monsters-ultimagear-millennium-puzzle-model-kit\/#breadcrumb\",\"itemListElement\":[{\"@type\":\"ListItem\",\"position\":1,\"name\":\"Portada\",\"item\":\"https:\/\/akatsukianime.com\/\"},{\"@type\":\"ListItem\",\"position\":2,\"name\":\"Tienda\",\"item\":\"https:\/\/akatsukianime.com\/tienda\/\"},{\"@type\":\"ListItem\",\"position\":3,\"name\":\"Yu-Gi-Oh! Duel Monsters UltimaGear Millennium Puzzle Model Kit\"}]},{\"@type\":\"WebSite\",\"@id\":\"https:\/\/akatsukianime.com\/#website\",\"url\":\"https:\/\/akatsukianime.com\/\",\"name\":\"Akatsuki anime store\",\"description\":\"\",\"potentialAction\":[{\"@type\":\"SearchAction\",\"target\":{\"@type\":\"EntryPoint\",\"urlTemplate\":\"https:\/\/akatsukianime.com\/?s={search_term_string}\"},\"query-input\":{\"@type\":\"PropertyValueSpecification\",\"valueRequired\":true,\"valueName\":\"search_term_string\"}}],\"inLanguage\":\"en-US\"}]}<\/script>\n<!-- \/ Yoast SEO plugin. -->","yoast_head_json":{"title":"Yu-Gi-Oh! Duel Monsters UltimaGear Millennium Puzzle Model Kit - Akatsuki anime store","robots":{"index":"index","follow":"follow","max-snippet":"max-snippet:-1","max-image-preview":"max-image-preview:large","max-video-preview":"max-video-preview:-1"},"canonical":"https:\/\/akatsukianime.com\/en\/product\/yu-gi-oh-duel-monsters-ultimagear-millennium-puzzle-model-kit\/","og_locale":"en_US","og_type":"article","og_title":"Yu-Gi-Oh! Duel Monsters UltimaGear Millennium Puzzle Model Kit - Akatsuki anime store","og_description":"Descripci\u00f3n del Producto Desde el anime Yu-Gi-Oh! Duel Monsters, llega una r\u00e9plica en kit de modelo UltimaGear del legendario Rompecabezas del Milenio. Para completar el rompecabezas, primero debes ensamblar las piezas del kit para formar las piezas individuales del rompecabezas. Una vez terminadas, puedes armar el rompecabezas completo. El producto terminado es de tama\u00f1o real, midiendo casi 10 cm de altura.  Las 33 piezas del Rompecabezas del Milenio UltimaGear se pueden almacenar dentro del Sarc\u00f3fago Dorado del Milenio (se vende por separado).  Caracter\u00edsticas del Producto   10 cm de altura  Fabricado en pl\u00e1stico  Basado en el anime Yu-Gi-Oh! Duel Monsters  R\u00e9plica de tama\u00f1o real del Rompecabezas del Milenio  El procedimiento para completar el rompecabezas, una vez ensambladas las piezas, no est\u00e1 incluido  Las instrucciones pueden o no incluir traducci\u00f3n al ingl\u00e9s","og_url":"https:\/\/akatsukianime.com\/en\/product\/yu-gi-oh-duel-monsters-ultimagear-millennium-puzzle-model-kit\/","og_site_name":"Akatsuki anime store","article_modified_time":"2025-07-02T14:29:32+00:00","og_image":[{"width":1000,"height":1000,"url":"https:\/\/akatsukianime.com\/wp-content\/uploads\/2024\/10\/Yu-Gi-Oh-Duel-Monsters-UltimaGear-Millennium-Puzzle-Model-Kit.jpg","type":"image\/jpeg"}],"twitter_card":"summary_large_image","twitter_misc":{"Est. reading time":"1 minute"},"schema":{"@context":"https:\/\/schema.org","@graph":[{"@type":["WebPage","ItemPage"],"@id":"https:\/\/akatsukianime.com\/product\/yu-gi-oh-duel-monsters-ultimagear-millennium-puzzle-model-kit\/","url":"https:\/\/akatsukianime.com\/product\/yu-gi-oh-duel-monsters-ultimagear-millennium-puzzle-model-kit\/","name":"Yu-Gi-Oh! Duel Monsters UltimaGear Millennium Puzzle Model Kit - Akatsuki anime store","isPartOf":{"@id":"https:\/\/akatsukianime.com\/#website"},"primaryImageOfPage":{"@id":"https:\/\/akatsukianime.com\/product\/yu-gi-oh-duel-monsters-ultimagear-millennium-puzzle-model-kit\/#primaryimage"},"image":{"@id":"https:\/\/akatsukianime.com\/product\/yu-gi-oh-duel-monsters-ultimagear-millennium-puzzle-model-kit\/#primaryimage"},"thumbnailUrl":"https:\/\/akatsukianime.com\/wp-content\/uploads\/2024\/10\/Yu-Gi-Oh-Duel-Monsters-UltimaGear-Millennium-Puzzle-Model-Kit.jpg","datePublished":"2024-10-16T18:01:24+00:00","dateModified":"2025-07-02T14:29:32+00:00","breadcrumb":{"@id":"https:\/\/akatsukianime.com\/product\/yu-gi-oh-duel-monsters-ultimagear-millennium-puzzle-model-kit\/#breadcrumb"},"inLanguage":"en-US","potentialAction":[{"@type":"ReadAction","target":["https:\/\/akatsukianime.com\/product\/yu-gi-oh-duel-monsters-ultimagear-millennium-puzzle-model-kit\/"]}]},{"@type":"ImageObject","inLanguage":"en-US","@id":"https:\/\/akatsukianime.com\/product\/yu-gi-oh-duel-monsters-ultimagear-millennium-puzzle-model-kit\/#primaryimage","url":"https:\/\/akatsukianime.com\/wp-content\/uploads\/2024\/10\/Yu-Gi-Oh-Duel-Monsters-UltimaGear-Millennium-Puzzle-Model-Kit.jpg","contentUrl":"https:\/\/akatsukianime.com\/wp-content\/uploads\/2024\/10\/Yu-Gi-Oh-Duel-Monsters-UltimaGear-Millennium-Puzzle-Model-Kit.jpg","width":1000,"height":1000,"caption":"Yu-Gi-Oh! Duel Monsters UltimaGear Millennium Puzzle Model Kit"},{"@type":"BreadcrumbList","@id":"https:\/\/akatsukianime.com\/product\/yu-gi-oh-duel-monsters-ultimagear-millennium-puzzle-model-kit\/#breadcrumb","itemListElement":[{"@type":"ListItem","position":1,"name":"Portada","item":"https:\/\/akatsukianime.com\/"},{"@type":"ListItem","position":2,"name":"Tienda","item":"https:\/\/akatsukianime.com\/tienda\/"},{"@type":"ListItem","position":3,"name":"Yu-Gi-Oh! Duel Monsters UltimaGear Millennium Puzzle Model Kit"}]},{"@type":"WebSite","@id":"https:\/\/akatsukianime.com\/#website","url":"https:\/\/akatsukianime.com\/","name":"Akatsuki anime store","description":"","potentialAction":[{"@type":"SearchAction","target":{"@type":"EntryPoint","urlTemplate":"https:\/\/akatsukianime.com\/?s={search_term_string}"},"query-input":{"@type":"PropertyValueSpecification","valueRequired":true,"valueName":"search_term_string"}}],"inLanguage":"en-US"}]}},"jetpack_sharing_enabled":true,"_links":{"self":[{"href":"https:\/\/akatsukianime.com\/en\/wp-json\/wp\/v2\/product\/3565","targetHints":{"allow":["GET"]}}],"collection":[{"href":"https:\/\/akatsukianime.com\/en\/wp-json\/wp\/v2\/product"}],"about":[{"href":"https:\/\/akatsukianime.com\/en\/wp-json\/wp\/v2\/types\/product"}],"version-history":[{"count":1,"href":"https:\/\/akatsukianime.com\/en\/wp-json\/wp\/v2\/product\/3565\/revisions"}],"predecessor-version":[{"id":3574,"href":"https:\/\/akatsukianime.com\/en\/wp-json\/wp\/v2\/product\/3565\/revisions\/3574"}],"wp:featuredmedia":[{"embeddable":true,"href":"https:\/\/akatsukianime.com\/en\/wp-json\/wp\/v2\/media\/3800"}],"wp:attachment":[{"href":"https:\/\/akatsukianime.com\/en\/wp-json\/wp\/v2\/media?parent=3565"}],"wp:term":[{"taxonomy":"product_cat","embeddable":true,"href":"https:\/\/akatsukianime.com\/en\/wp-json\/wp\/v2\/product_cat?post=3565"},{"taxonomy":"product_tag","embeddable":true,"href":"https:\/\/akatsukianime.com\/en\/wp-json\/wp\/v2\/product_tag?post=3565"}],"curies":[{"name":"wp","href":"https:\/\/api.w.org\/{rel}","templated":true}]}}