{"id":3590,"date":"2024-10-17T14:33:37","date_gmt":"2024-10-17T12:33:37","guid":{"rendered":"https:\/\/akatsukianime.com\/?post_type=product&#038;p=3590"},"modified":"2025-08-12T17:12:51","modified_gmt":"2025-08-12T15:12:51","slug":"3590","status":"publish","type":"product","link":"https:\/\/akatsukianime.com\/en\/product\/3590\/","title":{"rendered":"Mobile Suit Gundam: The Witch from Mercury HG Gundam Calibarn 1\/144 Scale Model Kit"},"content":{"rendered":"<p><strong>Box Contents<\/strong><\/p>\n<ul>\n<li>Pieces to build:\n<ul>\n<li>Calibarn Gundam<\/li>\n<li>Beam rifle<\/li>\n<li>2 beam sabers<\/li>\n<li>Shield<\/li>\n<li>Display base<\/li>\n<li>Set of interchangeable hands<\/li>\n<li>Sticker<\/li>\n<li>Instructions<\/li>\n<\/ul>\n<\/li>\n<\/ul>","protected":false},"excerpt":{"rendered":"<p>From the latest Gundam series \u201cMobile Suit Gundam: Witch from Mercury\u201d, the ultimate unit Gundam Caliburn has been recreated in an HG model!<\/p>\n<p>The iridescent glow of the chest unit and antenna is reproduced with masterful molding in its design. Gambits can be deployed in combination with two Quicksilver Witch weapon display bases (sold separately), elevating their presence in any battle!<\/p>\n<p>The main weapon, an imposing long-range portable rifle, the <em>Variable Rod Rifle<\/em>, is included to ensure that no enemy escapes its grasp. Additionally, the majestic white shield is attached, providing invulnerable defense. The pedestal to display the main body is also included to enhance its grandeur.<\/p>\n<p><strong>Product Features<\/strong><\/p>\n<ul>\n<li>Scale 1\/144<\/li>\n<li>Made of PS (polystyrene)<\/li>\n<li>Based on\u00a0<strong>Mobile Suit Gundam Witch from Mercury<\/strong><\/li>\n<li>Part of the High Grade (HG) series<\/li>\n<li>Interchangeable parts and accessories<\/li>\n<li>Instructions may or may not include English translation.<\/li>\n<\/ul>","protected":false},"featured_media":3797,"template":"","meta":[],"product_cat":[94,66,180,61,56],"product_tag":[217,109,183,181,104,185],"class_list":{"0":"post-3590","1":"product","2":"type-product","3":"status-publish","4":"has-post-thumbnail","6":"product_cat-bandai-hobby-site","7":"product_cat-model-kit","8":"product_cat-3-high-grade-1-144","9":"product_cat-novedades","10":"product_cat-gundam","11":"product_tag-calibarn","12":"product_tag-gundam","13":"product_tag-hg-1-144","14":"product_tag-mobile-suit-gundam","15":"product_tag-model-kit","16":"product_tag-witch-from-mercury","18":"first","19":"outofstock","20":"sold-individually","21":"taxable","22":"shipping-taxable","23":"purchasable","24":"product-type-simple"},"yoast_head":"<!-- This site is optimized with the Yoast SEO plugin v24.2 - https:\/\/yoast.com\/wordpress\/plugins\/seo\/ -->\n<title>Mobile Suit Gundam: The Witch from Mercury HG Gundam Calibarn 1\/144 Scale Model Kit- Akatsuki anime store<\/title>\n<meta name=\"robots\" content=\"index, follow, max-snippet:-1, max-image-preview:large, max-video-preview:-1\" \/>\n<link rel=\"canonical\" href=\"https:\/\/akatsukianime.com\/en\/product\/3590\/\" \/>\n<meta property=\"og:locale\" content=\"en_US\" \/>\n<meta property=\"og:type\" content=\"article\" \/>\n<meta property=\"og:title\" content=\"Mobile Suit Gundam: The Witch from Mercury HG Gundam Calibarn 1\/144 Scale Model Kit- Akatsuki anime store\" \/>\n<meta property=\"og:description\" content=\"\u00a1Desde la \u00faltima serie de Gundam &quot;Mobile Suit Gundam: Witch from Mercury&quot;, la unidad definitiva Gundam Caliburn ha sido recreada en un modelo HG!  El resplandor iridiscente de la unidad del pecho y la antena se reproduce con un moldeado magistral en su dise\u00f1o. \u00a1Los Gambit pueden desplegarse en combinaci\u00f3n con dos bases de exhibici\u00f3n de armas de la Bruja de Mercurio (vendidas por separado), elevando su presencia en cualquier batalla!  El arma principal, un imponente fusil port\u00e1til de largo alcance, el Rifle de Vara Variable, est\u00e1 incluido para garantizar que ning\u00fan enemigo escape a su poder. Adem\u00e1s, el majestuoso escudo blanco se adjunta, brindando defensa invulnerable. El pedestal para exhibir el cuerpo principal tambi\u00e9n est\u00e1 incluido para realzar su grandeza.  Caracter\u00edsticas del Producto   Escala 1\/144  Fabricado en PS (poliestireno)  Basado en\u00a0Mobile Suit Gundam Witch from Mercury  Parte de la serie High Grade (HG)  Piezas y accesorios intercambiables  Las instrucciones pueden o no incluir traducci\u00f3n al ingl\u00e9s\" \/>\n<meta property=\"og:url\" content=\"https:\/\/akatsukianime.com\/en\/product\/3590\/\" \/>\n<meta property=\"og:site_name\" content=\"Akatsuki anime store\" \/>\n<meta property=\"article:modified_time\" content=\"2025-08-12T15:12:51+00:00\" \/>\n<meta property=\"og:image\" content=\"https:\/\/akatsukianime.com\/wp-content\/uploads\/2024\/10\/Mobile-Suit-Gundam-The-Witch-from-Mercury-HG-Gundam-Calibarn-1144-Scale-Model-Kit.jpg\" \/>\n\t<meta property=\"og:image:width\" content=\"1000\" \/>\n\t<meta property=\"og:image:height\" content=\"1000\" \/>\n\t<meta property=\"og:image:type\" content=\"image\/jpeg\" \/>\n<meta name=\"twitter:card\" content=\"summary_large_image\" \/>\n<script type=\"application\/ld+json\" class=\"yoast-schema-graph\">{\"@context\":\"https:\/\/schema.org\",\"@graph\":[{\"@type\":[\"WebPage\",\"ItemPage\"],\"@id\":\"https:\/\/akatsukianime.com\/product\/3590\/\",\"url\":\"https:\/\/akatsukianime.com\/product\/3590\/\",\"name\":\"Mobile Suit Gundam: The Witch from Mercury HG Gundam Calibarn 1\/144 Scale Model Kit- Akatsuki anime store\",\"isPartOf\":{\"@id\":\"https:\/\/akatsukianime.com\/#website\"},\"primaryImageOfPage\":{\"@id\":\"https:\/\/akatsukianime.com\/product\/3590\/#primaryimage\"},\"image\":{\"@id\":\"https:\/\/akatsukianime.com\/product\/3590\/#primaryimage\"},\"thumbnailUrl\":\"https:\/\/akatsukianime.com\/wp-content\/uploads\/2024\/10\/Mobile-Suit-Gundam-The-Witch-from-Mercury-HG-Gundam-Calibarn-1144-Scale-Model-Kit.jpg\",\"datePublished\":\"2024-10-17T12:33:37+00:00\",\"dateModified\":\"2025-08-12T15:12:51+00:00\",\"breadcrumb\":{\"@id\":\"https:\/\/akatsukianime.com\/product\/3590\/#breadcrumb\"},\"inLanguage\":\"en-US\",\"potentialAction\":[{\"@type\":\"ReadAction\",\"target\":[\"https:\/\/akatsukianime.com\/product\/3590\/\"]}]},{\"@type\":\"ImageObject\",\"inLanguage\":\"en-US\",\"@id\":\"https:\/\/akatsukianime.com\/product\/3590\/#primaryimage\",\"url\":\"https:\/\/akatsukianime.com\/wp-content\/uploads\/2024\/10\/Mobile-Suit-Gundam-The-Witch-from-Mercury-HG-Gundam-Calibarn-1144-Scale-Model-Kit.jpg\",\"contentUrl\":\"https:\/\/akatsukianime.com\/wp-content\/uploads\/2024\/10\/Mobile-Suit-Gundam-The-Witch-from-Mercury-HG-Gundam-Calibarn-1144-Scale-Model-Kit.jpg\",\"width\":1000,\"height\":1000,\"caption\":\"Mobile Suit Gundam The Witch from Mercury HG Gundam Calibarn 1144 Scale Model Kit\"},{\"@type\":\"BreadcrumbList\",\"@id\":\"https:\/\/akatsukianime.com\/product\/3590\/#breadcrumb\",\"itemListElement\":[{\"@type\":\"ListItem\",\"position\":1,\"name\":\"Portada\",\"item\":\"https:\/\/akatsukianime.com\/\"},{\"@type\":\"ListItem\",\"position\":2,\"name\":\"Tienda\",\"item\":\"https:\/\/akatsukianime.com\/tienda\/\"},{\"@type\":\"ListItem\",\"position\":3,\"name\":\"Mobile Suit Gundam: The Witch from Mercury HG Gundam Calibarn 1\/144 Scale Model Kit\"}]},{\"@type\":\"WebSite\",\"@id\":\"https:\/\/akatsukianime.com\/#website\",\"url\":\"https:\/\/akatsukianime.com\/\",\"name\":\"Akatsuki anime store\",\"description\":\"\",\"potentialAction\":[{\"@type\":\"SearchAction\",\"target\":{\"@type\":\"EntryPoint\",\"urlTemplate\":\"https:\/\/akatsukianime.com\/?s={search_term_string}\"},\"query-input\":{\"@type\":\"PropertyValueSpecification\",\"valueRequired\":true,\"valueName\":\"search_term_string\"}}],\"inLanguage\":\"en-US\"}]}<\/script>\n<!-- \/ Yoast SEO plugin. -->","yoast_head_json":{"title":"Mobile Suit Gundam: The Witch from Mercury HG Gundam Calibarn 1\/144 Scale Model Kit- Akatsuki anime store","robots":{"index":"index","follow":"follow","max-snippet":"max-snippet:-1","max-image-preview":"max-image-preview:large","max-video-preview":"max-video-preview:-1"},"canonical":"https:\/\/akatsukianime.com\/en\/product\/3590\/","og_locale":"en_US","og_type":"article","og_title":"Mobile Suit Gundam: The Witch from Mercury HG Gundam Calibarn 1\/144 Scale Model Kit- Akatsuki anime store","og_description":"\u00a1Desde la \u00faltima serie de Gundam \"Mobile Suit Gundam: Witch from Mercury\", la unidad definitiva Gundam Caliburn ha sido recreada en un modelo HG!  El resplandor iridiscente de la unidad del pecho y la antena se reproduce con un moldeado magistral en su dise\u00f1o. \u00a1Los Gambit pueden desplegarse en combinaci\u00f3n con dos bases de exhibici\u00f3n de armas de la Bruja de Mercurio (vendidas por separado), elevando su presencia en cualquier batalla!  El arma principal, un imponente fusil port\u00e1til de largo alcance, el Rifle de Vara Variable, est\u00e1 incluido para garantizar que ning\u00fan enemigo escape a su poder. Adem\u00e1s, el majestuoso escudo blanco se adjunta, brindando defensa invulnerable. El pedestal para exhibir el cuerpo principal tambi\u00e9n est\u00e1 incluido para realzar su grandeza.  Caracter\u00edsticas del Producto   Escala 1\/144  Fabricado en PS (poliestireno)  Basado en\u00a0Mobile Suit Gundam Witch from Mercury  Parte de la serie High Grade (HG)  Piezas y accesorios intercambiables  Las instrucciones pueden o no incluir traducci\u00f3n al ingl\u00e9s","og_url":"https:\/\/akatsukianime.com\/en\/product\/3590\/","og_site_name":"Akatsuki anime store","article_modified_time":"2025-08-12T15:12:51+00:00","og_image":[{"width":1000,"height":1000,"url":"https:\/\/akatsukianime.com\/wp-content\/uploads\/2024\/10\/Mobile-Suit-Gundam-The-Witch-from-Mercury-HG-Gundam-Calibarn-1144-Scale-Model-Kit.jpg","type":"image\/jpeg"}],"twitter_card":"summary_large_image","schema":{"@context":"https:\/\/schema.org","@graph":[{"@type":["WebPage","ItemPage"],"@id":"https:\/\/akatsukianime.com\/product\/3590\/","url":"https:\/\/akatsukianime.com\/product\/3590\/","name":"Mobile Suit Gundam: The Witch from Mercury HG Gundam Calibarn 1\/144 Scale Model Kit- Akatsuki anime store","isPartOf":{"@id":"https:\/\/akatsukianime.com\/#website"},"primaryImageOfPage":{"@id":"https:\/\/akatsukianime.com\/product\/3590\/#primaryimage"},"image":{"@id":"https:\/\/akatsukianime.com\/product\/3590\/#primaryimage"},"thumbnailUrl":"https:\/\/akatsukianime.com\/wp-content\/uploads\/2024\/10\/Mobile-Suit-Gundam-The-Witch-from-Mercury-HG-Gundam-Calibarn-1144-Scale-Model-Kit.jpg","datePublished":"2024-10-17T12:33:37+00:00","dateModified":"2025-08-12T15:12:51+00:00","breadcrumb":{"@id":"https:\/\/akatsukianime.com\/product\/3590\/#breadcrumb"},"inLanguage":"en-US","potentialAction":[{"@type":"ReadAction","target":["https:\/\/akatsukianime.com\/product\/3590\/"]}]},{"@type":"ImageObject","inLanguage":"en-US","@id":"https:\/\/akatsukianime.com\/product\/3590\/#primaryimage","url":"https:\/\/akatsukianime.com\/wp-content\/uploads\/2024\/10\/Mobile-Suit-Gundam-The-Witch-from-Mercury-HG-Gundam-Calibarn-1144-Scale-Model-Kit.jpg","contentUrl":"https:\/\/akatsukianime.com\/wp-content\/uploads\/2024\/10\/Mobile-Suit-Gundam-The-Witch-from-Mercury-HG-Gundam-Calibarn-1144-Scale-Model-Kit.jpg","width":1000,"height":1000,"caption":"Mobile Suit Gundam The Witch from Mercury HG Gundam Calibarn 1144 Scale Model Kit"},{"@type":"BreadcrumbList","@id":"https:\/\/akatsukianime.com\/product\/3590\/#breadcrumb","itemListElement":[{"@type":"ListItem","position":1,"name":"Portada","item":"https:\/\/akatsukianime.com\/"},{"@type":"ListItem","position":2,"name":"Tienda","item":"https:\/\/akatsukianime.com\/tienda\/"},{"@type":"ListItem","position":3,"name":"Mobile Suit Gundam: The Witch from Mercury HG Gundam Calibarn 1\/144 Scale Model Kit"}]},{"@type":"WebSite","@id":"https:\/\/akatsukianime.com\/#website","url":"https:\/\/akatsukianime.com\/","name":"Akatsuki anime store","description":"","potentialAction":[{"@type":"SearchAction","target":{"@type":"EntryPoint","urlTemplate":"https:\/\/akatsukianime.com\/?s={search_term_string}"},"query-input":{"@type":"PropertyValueSpecification","valueRequired":true,"valueName":"search_term_string"}}],"inLanguage":"en-US"}]}},"jetpack_sharing_enabled":true,"_links":{"self":[{"href":"https:\/\/akatsukianime.com\/en\/wp-json\/wp\/v2\/product\/3590","targetHints":{"allow":["GET"]}}],"collection":[{"href":"https:\/\/akatsukianime.com\/en\/wp-json\/wp\/v2\/product"}],"about":[{"href":"https:\/\/akatsukianime.com\/en\/wp-json\/wp\/v2\/types\/product"}],"version-history":[{"count":3,"href":"https:\/\/akatsukianime.com\/en\/wp-json\/wp\/v2\/product\/3590\/revisions"}],"predecessor-version":[{"id":3627,"href":"https:\/\/akatsukianime.com\/en\/wp-json\/wp\/v2\/product\/3590\/revisions\/3627"}],"wp:featuredmedia":[{"embeddable":true,"href":"https:\/\/akatsukianime.com\/en\/wp-json\/wp\/v2\/media\/3797"}],"wp:attachment":[{"href":"https:\/\/akatsukianime.com\/en\/wp-json\/wp\/v2\/media?parent=3590"}],"wp:term":[{"taxonomy":"product_cat","embeddable":true,"href":"https:\/\/akatsukianime.com\/en\/wp-json\/wp\/v2\/product_cat?post=3590"},{"taxonomy":"product_tag","embeddable":true,"href":"https:\/\/akatsukianime.com\/en\/wp-json\/wp\/v2\/product_tag?post=3590"}],"curies":[{"name":"wp","href":"https:\/\/api.w.org\/{rel}","templated":true}]}}