{"id":3604,"date":"2024-10-17T15:01:12","date_gmt":"2024-10-17T13:01:12","guid":{"rendered":"https:\/\/akatsukianime.com\/?post_type=product&#038;p=3604"},"modified":"2026-03-11T10:16:58","modified_gmt":"2026-03-11T09:16:58","slug":"chainsaw-man-luminasta-chainsaw-devil-figure","status":"publish","type":"product","link":"https:\/\/akatsukianime.com\/en\/product\/chainsaw-man-luminasta-chainsaw-devil-figure\/","title":{"rendered":"Chainsaw Man Luminasta Chainsaw Devil Figure"},"content":{"rendered":"","protected":false},"excerpt":{"rendered":"<p><strong>Product Description<\/strong><br \/>\nSince the success of the anime <em>Chainsaw Man<\/em>, comes this Luminista figure of the mighty Chainsaw Demon! Featuring Denji in his Chainsaw Demon form, this approximately 16cm tall figure is an impressive addition for any collector who is a fan of the series.<\/p>\n<p><strong>Product Features<\/strong><\/p>\n<ul>\n<li>Approximately 16cm tall<\/li>\n<li>Made of PVC and ABS<\/li>\n<li>Based on the epic anime series <em>Chainsaw Man<\/em><\/li>\n<li>Part of the Luminista collection<\/li>\n<li>Highly detailed<\/li>\n<\/ul>","protected":false},"featured_media":3796,"template":"","meta":[],"product_cat":[101,65,50],"product_tag":[141,219,218],"class_list":{"0":"post-3604","1":"product","2":"type-product","3":"status-publish","4":"has-post-thumbnail","6":"product_cat-elige-sega-goods-sega-goods","7":"product_cat-figuras","8":"product_cat-chainsaw-man","9":"product_tag-chainsaw-man","10":"product_tag-denji","11":"product_tag-luminasta","13":"first","14":"instock","15":"taxable","16":"shipping-taxable","17":"purchasable","18":"product-type-simple"},"yoast_head":"<!-- This site is optimized with the Yoast SEO plugin v24.2 - https:\/\/yoast.com\/wordpress\/plugins\/seo\/ -->\n<title>Chainsaw Man Luminasta Chainsaw Devil Figure - Akatsuki anime store<\/title>\n<meta name=\"robots\" content=\"index, follow, max-snippet:-1, max-image-preview:large, max-video-preview:-1\" \/>\n<link rel=\"canonical\" href=\"https:\/\/akatsukianime.com\/en\/product\/chainsaw-man-luminasta-chainsaw-devil-figure\/\" \/>\n<meta property=\"og:locale\" content=\"en_US\" \/>\n<meta property=\"og:type\" content=\"article\" \/>\n<meta property=\"og:title\" content=\"Chainsaw Man Luminasta Chainsaw Devil Figure - Akatsuki anime store\" \/>\n<meta property=\"og:description\" content=\"Descripci\u00f3n del Producto \u00a1Desde el \u00e9xito del anime Chainsaw Man, llega esta figura Luminista del poderoso Demonio Motosierra! Presentando a Denji en su forma de Demonio Motosierra (Chainsaw Man), esta figura de aproximadamente 16 cm de altura es una impresionante adici\u00f3n para cualquier coleccionista fan\u00e1tico de la serie.  Caracter\u00edsticas del Producto   Aproximadamente 16 cm de altura  Fabricada en PVC y ABS  Basada en la \u00e9pica serie de anime Chainsaw Man  Parte de la colecci\u00f3n Luminista  Altamente detallada\" \/>\n<meta property=\"og:url\" content=\"https:\/\/akatsukianime.com\/en\/product\/chainsaw-man-luminasta-chainsaw-devil-figure\/\" \/>\n<meta property=\"og:site_name\" content=\"Akatsuki anime store\" \/>\n<meta property=\"article:modified_time\" content=\"2026-03-11T09:16:58+00:00\" \/>\n<meta property=\"og:image\" content=\"https:\/\/akatsukianime.com\/wp-content\/uploads\/2024\/10\/Chainsaw-Man-Luminasta-Chainsaw-Devil-Figure.jpg\" \/>\n\t<meta property=\"og:image:width\" content=\"1000\" \/>\n\t<meta property=\"og:image:height\" content=\"1000\" \/>\n\t<meta property=\"og:image:type\" content=\"image\/jpeg\" \/>\n<meta name=\"twitter:card\" content=\"summary_large_image\" \/>\n<meta name=\"twitter:label1\" content=\"Est. reading time\" \/>\n\t<meta name=\"twitter:data1\" content=\"1 minute\" \/>\n<script type=\"application\/ld+json\" class=\"yoast-schema-graph\">{\"@context\":\"https:\/\/schema.org\",\"@graph\":[{\"@type\":[\"WebPage\",\"ItemPage\"],\"@id\":\"https:\/\/akatsukianime.com\/product\/chainsaw-man-luminasta-chainsaw-devil-figure\/\",\"url\":\"https:\/\/akatsukianime.com\/product\/chainsaw-man-luminasta-chainsaw-devil-figure\/\",\"name\":\"Chainsaw Man Luminasta Chainsaw Devil Figure - Akatsuki anime store\",\"isPartOf\":{\"@id\":\"https:\/\/akatsukianime.com\/#website\"},\"primaryImageOfPage\":{\"@id\":\"https:\/\/akatsukianime.com\/product\/chainsaw-man-luminasta-chainsaw-devil-figure\/#primaryimage\"},\"image\":{\"@id\":\"https:\/\/akatsukianime.com\/product\/chainsaw-man-luminasta-chainsaw-devil-figure\/#primaryimage\"},\"thumbnailUrl\":\"https:\/\/akatsukianime.com\/wp-content\/uploads\/2024\/10\/Chainsaw-Man-Luminasta-Chainsaw-Devil-Figure.jpg\",\"datePublished\":\"2024-10-17T13:01:12+00:00\",\"dateModified\":\"2026-03-11T09:16:58+00:00\",\"breadcrumb\":{\"@id\":\"https:\/\/akatsukianime.com\/product\/chainsaw-man-luminasta-chainsaw-devil-figure\/#breadcrumb\"},\"inLanguage\":\"en-US\",\"potentialAction\":[{\"@type\":\"ReadAction\",\"target\":[\"https:\/\/akatsukianime.com\/product\/chainsaw-man-luminasta-chainsaw-devil-figure\/\"]}]},{\"@type\":\"ImageObject\",\"inLanguage\":\"en-US\",\"@id\":\"https:\/\/akatsukianime.com\/product\/chainsaw-man-luminasta-chainsaw-devil-figure\/#primaryimage\",\"url\":\"https:\/\/akatsukianime.com\/wp-content\/uploads\/2024\/10\/Chainsaw-Man-Luminasta-Chainsaw-Devil-Figure.jpg\",\"contentUrl\":\"https:\/\/akatsukianime.com\/wp-content\/uploads\/2024\/10\/Chainsaw-Man-Luminasta-Chainsaw-Devil-Figure.jpg\",\"width\":1000,\"height\":1000,\"caption\":\"Chainsaw Man Luminasta Chainsaw Devil Figure\"},{\"@type\":\"BreadcrumbList\",\"@id\":\"https:\/\/akatsukianime.com\/product\/chainsaw-man-luminasta-chainsaw-devil-figure\/#breadcrumb\",\"itemListElement\":[{\"@type\":\"ListItem\",\"position\":1,\"name\":\"Portada\",\"item\":\"https:\/\/akatsukianime.com\/\"},{\"@type\":\"ListItem\",\"position\":2,\"name\":\"Tienda\",\"item\":\"https:\/\/akatsukianime.com\/tienda\/\"},{\"@type\":\"ListItem\",\"position\":3,\"name\":\"Chainsaw Man Luminasta Chainsaw Devil Figure\"}]},{\"@type\":\"WebSite\",\"@id\":\"https:\/\/akatsukianime.com\/#website\",\"url\":\"https:\/\/akatsukianime.com\/\",\"name\":\"Akatsuki anime store\",\"description\":\"\",\"potentialAction\":[{\"@type\":\"SearchAction\",\"target\":{\"@type\":\"EntryPoint\",\"urlTemplate\":\"https:\/\/akatsukianime.com\/?s={search_term_string}\"},\"query-input\":{\"@type\":\"PropertyValueSpecification\",\"valueRequired\":true,\"valueName\":\"search_term_string\"}}],\"inLanguage\":\"en-US\"}]}<\/script>\n<!-- \/ Yoast SEO plugin. -->","yoast_head_json":{"title":"Chainsaw Man Luminasta Chainsaw Devil Figure - Akatsuki anime store","robots":{"index":"index","follow":"follow","max-snippet":"max-snippet:-1","max-image-preview":"max-image-preview:large","max-video-preview":"max-video-preview:-1"},"canonical":"https:\/\/akatsukianime.com\/en\/product\/chainsaw-man-luminasta-chainsaw-devil-figure\/","og_locale":"en_US","og_type":"article","og_title":"Chainsaw Man Luminasta Chainsaw Devil Figure - Akatsuki anime store","og_description":"Descripci\u00f3n del Producto \u00a1Desde el \u00e9xito del anime Chainsaw Man, llega esta figura Luminista del poderoso Demonio Motosierra! Presentando a Denji en su forma de Demonio Motosierra (Chainsaw Man), esta figura de aproximadamente 16 cm de altura es una impresionante adici\u00f3n para cualquier coleccionista fan\u00e1tico de la serie.  Caracter\u00edsticas del Producto   Aproximadamente 16 cm de altura  Fabricada en PVC y ABS  Basada en la \u00e9pica serie de anime Chainsaw Man  Parte de la colecci\u00f3n Luminista  Altamente detallada","og_url":"https:\/\/akatsukianime.com\/en\/product\/chainsaw-man-luminasta-chainsaw-devil-figure\/","og_site_name":"Akatsuki anime store","article_modified_time":"2026-03-11T09:16:58+00:00","og_image":[{"width":1000,"height":1000,"url":"https:\/\/akatsukianime.com\/wp-content\/uploads\/2024\/10\/Chainsaw-Man-Luminasta-Chainsaw-Devil-Figure.jpg","type":"image\/jpeg"}],"twitter_card":"summary_large_image","twitter_misc":{"Est. reading time":"1 minute"},"schema":{"@context":"https:\/\/schema.org","@graph":[{"@type":["WebPage","ItemPage"],"@id":"https:\/\/akatsukianime.com\/product\/chainsaw-man-luminasta-chainsaw-devil-figure\/","url":"https:\/\/akatsukianime.com\/product\/chainsaw-man-luminasta-chainsaw-devil-figure\/","name":"Chainsaw Man Luminasta Chainsaw Devil Figure - Akatsuki anime store","isPartOf":{"@id":"https:\/\/akatsukianime.com\/#website"},"primaryImageOfPage":{"@id":"https:\/\/akatsukianime.com\/product\/chainsaw-man-luminasta-chainsaw-devil-figure\/#primaryimage"},"image":{"@id":"https:\/\/akatsukianime.com\/product\/chainsaw-man-luminasta-chainsaw-devil-figure\/#primaryimage"},"thumbnailUrl":"https:\/\/akatsukianime.com\/wp-content\/uploads\/2024\/10\/Chainsaw-Man-Luminasta-Chainsaw-Devil-Figure.jpg","datePublished":"2024-10-17T13:01:12+00:00","dateModified":"2026-03-11T09:16:58+00:00","breadcrumb":{"@id":"https:\/\/akatsukianime.com\/product\/chainsaw-man-luminasta-chainsaw-devil-figure\/#breadcrumb"},"inLanguage":"en-US","potentialAction":[{"@type":"ReadAction","target":["https:\/\/akatsukianime.com\/product\/chainsaw-man-luminasta-chainsaw-devil-figure\/"]}]},{"@type":"ImageObject","inLanguage":"en-US","@id":"https:\/\/akatsukianime.com\/product\/chainsaw-man-luminasta-chainsaw-devil-figure\/#primaryimage","url":"https:\/\/akatsukianime.com\/wp-content\/uploads\/2024\/10\/Chainsaw-Man-Luminasta-Chainsaw-Devil-Figure.jpg","contentUrl":"https:\/\/akatsukianime.com\/wp-content\/uploads\/2024\/10\/Chainsaw-Man-Luminasta-Chainsaw-Devil-Figure.jpg","width":1000,"height":1000,"caption":"Chainsaw Man Luminasta Chainsaw Devil Figure"},{"@type":"BreadcrumbList","@id":"https:\/\/akatsukianime.com\/product\/chainsaw-man-luminasta-chainsaw-devil-figure\/#breadcrumb","itemListElement":[{"@type":"ListItem","position":1,"name":"Portada","item":"https:\/\/akatsukianime.com\/"},{"@type":"ListItem","position":2,"name":"Tienda","item":"https:\/\/akatsukianime.com\/tienda\/"},{"@type":"ListItem","position":3,"name":"Chainsaw Man Luminasta Chainsaw Devil Figure"}]},{"@type":"WebSite","@id":"https:\/\/akatsukianime.com\/#website","url":"https:\/\/akatsukianime.com\/","name":"Akatsuki anime store","description":"","potentialAction":[{"@type":"SearchAction","target":{"@type":"EntryPoint","urlTemplate":"https:\/\/akatsukianime.com\/?s={search_term_string}"},"query-input":{"@type":"PropertyValueSpecification","valueRequired":true,"valueName":"search_term_string"}}],"inLanguage":"en-US"}]}},"jetpack_sharing_enabled":true,"_links":{"self":[{"href":"https:\/\/akatsukianime.com\/en\/wp-json\/wp\/v2\/product\/3604","targetHints":{"allow":["GET"]}}],"collection":[{"href":"https:\/\/akatsukianime.com\/en\/wp-json\/wp\/v2\/product"}],"about":[{"href":"https:\/\/akatsukianime.com\/en\/wp-json\/wp\/v2\/types\/product"}],"version-history":[{"count":3,"href":"https:\/\/akatsukianime.com\/en\/wp-json\/wp\/v2\/product\/3604\/revisions"}],"predecessor-version":[{"id":8237,"href":"https:\/\/akatsukianime.com\/en\/wp-json\/wp\/v2\/product\/3604\/revisions\/8237"}],"wp:featuredmedia":[{"embeddable":true,"href":"https:\/\/akatsukianime.com\/en\/wp-json\/wp\/v2\/media\/3796"}],"wp:attachment":[{"href":"https:\/\/akatsukianime.com\/en\/wp-json\/wp\/v2\/media?parent=3604"}],"wp:term":[{"taxonomy":"product_cat","embeddable":true,"href":"https:\/\/akatsukianime.com\/en\/wp-json\/wp\/v2\/product_cat?post=3604"},{"taxonomy":"product_tag","embeddable":true,"href":"https:\/\/akatsukianime.com\/en\/wp-json\/wp\/v2\/product_tag?post=3604"}],"curies":[{"name":"wp","href":"https:\/\/api.w.org\/{rel}","templated":true}]}}