{"id":3615,"date":"2024-10-17T15:24:47","date_gmt":"2024-10-17T13:24:47","guid":{"rendered":"https:\/\/akatsukianime.com\/?post_type=product&#038;p=3615"},"modified":"2026-03-11T08:29:19","modified_gmt":"2026-03-11T07:29:19","slug":"naruto-shippuden-figuartszero-extra-battle-itachi-uchiha-the-light-dark-of-the-mangekyo-sharingan","status":"publish","type":"product","link":"https:\/\/akatsukianime.com\/en\/product\/naruto-shippuden-figuartszero-extra-battle-itachi-uchiha-the-light-dark-of-the-mangekyo-sharingan\/","title":{"rendered":"Naruto: Shippuden FiguartsZERO Extra Battle Itachi Uchiha (The Light &amp; Dark of the Mangekyo Sharingan)"},"content":{"rendered":"","protected":false},"excerpt":{"rendered":"<p><strong>Product Description<\/strong><br \/>\nItachi Uchiha of <em>Naruto: Shippuden<\/em> has been transformed into a three-dimensional figure within the fierce series of super-intense battles! Depicted unleashing a deadly attack against his enemy, this figure is a must-have addition for any fan of the saga. Don&#039;t pass up the chance to add this amazing piece to your collection!<\/p>\n<p>The figure <strong>FiguartsZERO Extra Battle Sasuke Uchiha (The Light and Darkness of the Mangeky\u014d Sharingan)<\/strong> not included (sold separately).<\/p>\n<p><strong>Product Features<\/strong><\/p>\n<ul>\n<li>Approximately 24cm tall<\/li>\n<li>Made of ABS and PVC<\/li>\n<li>Based on the epic anime <em>Naruto: Shippuden<\/em><\/li>\n<li>Part of the FiguartsZERO series<\/li>\n<li>Highly detailed<\/li>\n<li>Not articulated<\/li>\n<\/ul>","protected":false},"featured_media":3795,"template":"","meta":[],"product_cat":[276,91,65,61,45],"product_tag":[88,221,132,220,85,222],"class_list":{"0":"post-3615","1":"product","2":"type-product","3":"status-publish","4":"has-post-thumbnail","6":"product_cat-figuarts-zero","7":"product_cat-tamashii-nations","8":"product_cat-figuras","9":"product_cat-novedades","10":"product_cat-naruto","11":"product_tag-figuarts-zero","12":"product_tag-itachi","13":"product_tag-naruto","14":"product_tag-naruto-shippuden","15":"product_tag-tamashii-nations","16":"product_tag-uchiha","18":"first","19":"outofstock","20":"sold-individually","21":"taxable","22":"shipping-taxable","23":"purchasable","24":"product-type-simple"},"yoast_head":"<!-- This site is optimized with the Yoast SEO plugin v24.2 - https:\/\/yoast.com\/wordpress\/plugins\/seo\/ -->\n<title>Naruto: Shippuden FiguartsZERO Extra Battle Itachi Uchiha (The Light &amp; Dark of the Mangekyo Sharingan) - Akatsuki anime store<\/title>\n<meta name=\"robots\" content=\"index, follow, max-snippet:-1, max-image-preview:large, max-video-preview:-1\" \/>\n<link rel=\"canonical\" href=\"https:\/\/akatsukianime.com\/en\/product\/naruto-shippuden-figuartszero-extra-battle-itachi-uchiha-the-light-dark-of-the-mangekyo-sharingan\/\" \/>\n<meta property=\"og:locale\" content=\"en_US\" \/>\n<meta property=\"og:type\" content=\"article\" \/>\n<meta property=\"og:title\" content=\"Naruto: Shippuden FiguartsZERO Extra Battle Itachi Uchiha (The Light &amp; Dark of the Mangekyo Sharingan) - Akatsuki anime store\" \/>\n<meta property=\"og:description\" content=\"Descripci\u00f3n del Producto \u00a1Itachi Uchiha de Naruto: Shippuden ha sido transformado en una figura tridimensional dentro de la feroz serie de batallas super intensas! Representado desatando un ataque mortal contra su enemigo, esta figura es una adici\u00f3n imperdible para cualquier fan\u00e1tico de la saga. \u00a1No dejes pasar la oportunidad de a\u00f1adir esta asombrosa pieza a tu colecci\u00f3n!  La figura FiguartsZERO Extra Battle Sasuke Uchiha (La Luz y Oscuridad del Mangeky\u014d Sharingan) no est\u00e1 incluida (se vende por separado).  Caracter\u00edsticas del Producto   Aproximadamente 24 cm de altura  Fabricada en ABS y PVC  Basada en el \u00e9pico anime Naruto: Shippuden  Parte de la serie FiguartsZERO  Altamente detallada  No articulada\" \/>\n<meta property=\"og:url\" content=\"https:\/\/akatsukianime.com\/en\/product\/naruto-shippuden-figuartszero-extra-battle-itachi-uchiha-the-light-dark-of-the-mangekyo-sharingan\/\" \/>\n<meta property=\"og:site_name\" content=\"Akatsuki anime store\" \/>\n<meta property=\"article:modified_time\" content=\"2026-03-11T07:29:19+00:00\" \/>\n<meta property=\"og:image\" content=\"https:\/\/akatsukianime.com\/wp-content\/uploads\/2024\/10\/Naruto-Shippuden-FiguartsZERO-Extra-Battle-Itachi-Uchiha-The-Light-Dark-of-the-Man.jpg\" \/>\n\t<meta property=\"og:image:width\" content=\"1000\" \/>\n\t<meta property=\"og:image:height\" content=\"1000\" \/>\n\t<meta property=\"og:image:type\" content=\"image\/jpeg\" \/>\n<meta name=\"twitter:card\" content=\"summary_large_image\" \/>\n<meta name=\"twitter:label1\" content=\"Est. reading time\" \/>\n\t<meta name=\"twitter:data1\" content=\"1 minute\" \/>\n<script type=\"application\/ld+json\" class=\"yoast-schema-graph\">{\"@context\":\"https:\/\/schema.org\",\"@graph\":[{\"@type\":[\"WebPage\",\"ItemPage\"],\"@id\":\"https:\/\/akatsukianime.com\/product\/naruto-shippuden-figuartszero-extra-battle-itachi-uchiha-the-light-dark-of-the-mangekyo-sharingan\/\",\"url\":\"https:\/\/akatsukianime.com\/product\/naruto-shippuden-figuartszero-extra-battle-itachi-uchiha-the-light-dark-of-the-mangekyo-sharingan\/\",\"name\":\"Naruto: Shippuden FiguartsZERO Extra Battle Itachi Uchiha (The Light &amp; Dark of the Mangekyo Sharingan) - Akatsuki anime store\",\"isPartOf\":{\"@id\":\"https:\/\/akatsukianime.com\/#website\"},\"primaryImageOfPage\":{\"@id\":\"https:\/\/akatsukianime.com\/product\/naruto-shippuden-figuartszero-extra-battle-itachi-uchiha-the-light-dark-of-the-mangekyo-sharingan\/#primaryimage\"},\"image\":{\"@id\":\"https:\/\/akatsukianime.com\/product\/naruto-shippuden-figuartszero-extra-battle-itachi-uchiha-the-light-dark-of-the-mangekyo-sharingan\/#primaryimage\"},\"thumbnailUrl\":\"https:\/\/akatsukianime.com\/wp-content\/uploads\/2024\/10\/Naruto-Shippuden-FiguartsZERO-Extra-Battle-Itachi-Uchiha-The-Light-Dark-of-the-Man.jpg\",\"datePublished\":\"2024-10-17T13:24:47+00:00\",\"dateModified\":\"2026-03-11T07:29:19+00:00\",\"breadcrumb\":{\"@id\":\"https:\/\/akatsukianime.com\/product\/naruto-shippuden-figuartszero-extra-battle-itachi-uchiha-the-light-dark-of-the-mangekyo-sharingan\/#breadcrumb\"},\"inLanguage\":\"en-US\",\"potentialAction\":[{\"@type\":\"ReadAction\",\"target\":[\"https:\/\/akatsukianime.com\/product\/naruto-shippuden-figuartszero-extra-battle-itachi-uchiha-the-light-dark-of-the-mangekyo-sharingan\/\"]}]},{\"@type\":\"ImageObject\",\"inLanguage\":\"en-US\",\"@id\":\"https:\/\/akatsukianime.com\/product\/naruto-shippuden-figuartszero-extra-battle-itachi-uchiha-the-light-dark-of-the-mangekyo-sharingan\/#primaryimage\",\"url\":\"https:\/\/akatsukianime.com\/wp-content\/uploads\/2024\/10\/Naruto-Shippuden-FiguartsZERO-Extra-Battle-Itachi-Uchiha-The-Light-Dark-of-the-Man.jpg\",\"contentUrl\":\"https:\/\/akatsukianime.com\/wp-content\/uploads\/2024\/10\/Naruto-Shippuden-FiguartsZERO-Extra-Battle-Itachi-Uchiha-The-Light-Dark-of-the-Man.jpg\",\"width\":1000,\"height\":1000,\"caption\":\"Naruto Shippuden FiguartsZERO Extra Battle Itachi Uchiha (The Light & Dark of the Mangekyo Sharingan)\"},{\"@type\":\"BreadcrumbList\",\"@id\":\"https:\/\/akatsukianime.com\/product\/naruto-shippuden-figuartszero-extra-battle-itachi-uchiha-the-light-dark-of-the-mangekyo-sharingan\/#breadcrumb\",\"itemListElement\":[{\"@type\":\"ListItem\",\"position\":1,\"name\":\"Portada\",\"item\":\"https:\/\/akatsukianime.com\/\"},{\"@type\":\"ListItem\",\"position\":2,\"name\":\"Tienda\",\"item\":\"https:\/\/akatsukianime.com\/tienda\/\"},{\"@type\":\"ListItem\",\"position\":3,\"name\":\"Naruto: Shippuden FiguartsZERO Extra Battle Itachi Uchiha (The Light &amp; Dark of the Mangekyo Sharingan)\"}]},{\"@type\":\"WebSite\",\"@id\":\"https:\/\/akatsukianime.com\/#website\",\"url\":\"https:\/\/akatsukianime.com\/\",\"name\":\"Akatsuki anime store\",\"description\":\"\",\"potentialAction\":[{\"@type\":\"SearchAction\",\"target\":{\"@type\":\"EntryPoint\",\"urlTemplate\":\"https:\/\/akatsukianime.com\/?s={search_term_string}\"},\"query-input\":{\"@type\":\"PropertyValueSpecification\",\"valueRequired\":true,\"valueName\":\"search_term_string\"}}],\"inLanguage\":\"en-US\"}]}<\/script>\n<!-- \/ Yoast SEO plugin. -->","yoast_head_json":{"title":"Naruto: Shippuden FiguartsZERO Extra Battle Itachi Uchiha (The Light &amp; Dark of the Mangekyo Sharingan) - Akatsuki anime store","robots":{"index":"index","follow":"follow","max-snippet":"max-snippet:-1","max-image-preview":"max-image-preview:large","max-video-preview":"max-video-preview:-1"},"canonical":"https:\/\/akatsukianime.com\/en\/product\/naruto-shippuden-figuartszero-extra-battle-itachi-uchiha-the-light-dark-of-the-mangekyo-sharingan\/","og_locale":"en_US","og_type":"article","og_title":"Naruto: Shippuden FiguartsZERO Extra Battle Itachi Uchiha (The Light &amp; Dark of the Mangekyo Sharingan) - Akatsuki anime store","og_description":"Descripci\u00f3n del Producto \u00a1Itachi Uchiha de Naruto: Shippuden ha sido transformado en una figura tridimensional dentro de la feroz serie de batallas super intensas! Representado desatando un ataque mortal contra su enemigo, esta figura es una adici\u00f3n imperdible para cualquier fan\u00e1tico de la saga. \u00a1No dejes pasar la oportunidad de a\u00f1adir esta asombrosa pieza a tu colecci\u00f3n!  La figura FiguartsZERO Extra Battle Sasuke Uchiha (La Luz y Oscuridad del Mangeky\u014d Sharingan) no est\u00e1 incluida (se vende por separado).  Caracter\u00edsticas del Producto   Aproximadamente 24 cm de altura  Fabricada en ABS y PVC  Basada en el \u00e9pico anime Naruto: Shippuden  Parte de la serie FiguartsZERO  Altamente detallada  No articulada","og_url":"https:\/\/akatsukianime.com\/en\/product\/naruto-shippuden-figuartszero-extra-battle-itachi-uchiha-the-light-dark-of-the-mangekyo-sharingan\/","og_site_name":"Akatsuki anime store","article_modified_time":"2026-03-11T07:29:19+00:00","og_image":[{"width":1000,"height":1000,"url":"https:\/\/akatsukianime.com\/wp-content\/uploads\/2024\/10\/Naruto-Shippuden-FiguartsZERO-Extra-Battle-Itachi-Uchiha-The-Light-Dark-of-the-Man.jpg","type":"image\/jpeg"}],"twitter_card":"summary_large_image","twitter_misc":{"Est. reading time":"1 minute"},"schema":{"@context":"https:\/\/schema.org","@graph":[{"@type":["WebPage","ItemPage"],"@id":"https:\/\/akatsukianime.com\/product\/naruto-shippuden-figuartszero-extra-battle-itachi-uchiha-the-light-dark-of-the-mangekyo-sharingan\/","url":"https:\/\/akatsukianime.com\/product\/naruto-shippuden-figuartszero-extra-battle-itachi-uchiha-the-light-dark-of-the-mangekyo-sharingan\/","name":"Naruto: Shippuden FiguartsZERO Extra Battle Itachi Uchiha (The Light &amp; Dark of the Mangekyo Sharingan) - Akatsuki anime store","isPartOf":{"@id":"https:\/\/akatsukianime.com\/#website"},"primaryImageOfPage":{"@id":"https:\/\/akatsukianime.com\/product\/naruto-shippuden-figuartszero-extra-battle-itachi-uchiha-the-light-dark-of-the-mangekyo-sharingan\/#primaryimage"},"image":{"@id":"https:\/\/akatsukianime.com\/product\/naruto-shippuden-figuartszero-extra-battle-itachi-uchiha-the-light-dark-of-the-mangekyo-sharingan\/#primaryimage"},"thumbnailUrl":"https:\/\/akatsukianime.com\/wp-content\/uploads\/2024\/10\/Naruto-Shippuden-FiguartsZERO-Extra-Battle-Itachi-Uchiha-The-Light-Dark-of-the-Man.jpg","datePublished":"2024-10-17T13:24:47+00:00","dateModified":"2026-03-11T07:29:19+00:00","breadcrumb":{"@id":"https:\/\/akatsukianime.com\/product\/naruto-shippuden-figuartszero-extra-battle-itachi-uchiha-the-light-dark-of-the-mangekyo-sharingan\/#breadcrumb"},"inLanguage":"en-US","potentialAction":[{"@type":"ReadAction","target":["https:\/\/akatsukianime.com\/product\/naruto-shippuden-figuartszero-extra-battle-itachi-uchiha-the-light-dark-of-the-mangekyo-sharingan\/"]}]},{"@type":"ImageObject","inLanguage":"en-US","@id":"https:\/\/akatsukianime.com\/product\/naruto-shippuden-figuartszero-extra-battle-itachi-uchiha-the-light-dark-of-the-mangekyo-sharingan\/#primaryimage","url":"https:\/\/akatsukianime.com\/wp-content\/uploads\/2024\/10\/Naruto-Shippuden-FiguartsZERO-Extra-Battle-Itachi-Uchiha-The-Light-Dark-of-the-Man.jpg","contentUrl":"https:\/\/akatsukianime.com\/wp-content\/uploads\/2024\/10\/Naruto-Shippuden-FiguartsZERO-Extra-Battle-Itachi-Uchiha-The-Light-Dark-of-the-Man.jpg","width":1000,"height":1000,"caption":"Naruto Shippuden FiguartsZERO Extra Battle Itachi Uchiha (The Light & Dark of the Mangekyo Sharingan)"},{"@type":"BreadcrumbList","@id":"https:\/\/akatsukianime.com\/product\/naruto-shippuden-figuartszero-extra-battle-itachi-uchiha-the-light-dark-of-the-mangekyo-sharingan\/#breadcrumb","itemListElement":[{"@type":"ListItem","position":1,"name":"Portada","item":"https:\/\/akatsukianime.com\/"},{"@type":"ListItem","position":2,"name":"Tienda","item":"https:\/\/akatsukianime.com\/tienda\/"},{"@type":"ListItem","position":3,"name":"Naruto: Shippuden FiguartsZERO Extra Battle Itachi Uchiha (The Light &amp; Dark of the Mangekyo Sharingan)"}]},{"@type":"WebSite","@id":"https:\/\/akatsukianime.com\/#website","url":"https:\/\/akatsukianime.com\/","name":"Akatsuki anime store","description":"","potentialAction":[{"@type":"SearchAction","target":{"@type":"EntryPoint","urlTemplate":"https:\/\/akatsukianime.com\/?s={search_term_string}"},"query-input":{"@type":"PropertyValueSpecification","valueRequired":true,"valueName":"search_term_string"}}],"inLanguage":"en-US"}]}},"jetpack_sharing_enabled":true,"_links":{"self":[{"href":"https:\/\/akatsukianime.com\/en\/wp-json\/wp\/v2\/product\/3615","targetHints":{"allow":["GET"]}}],"collection":[{"href":"https:\/\/akatsukianime.com\/en\/wp-json\/wp\/v2\/product"}],"about":[{"href":"https:\/\/akatsukianime.com\/en\/wp-json\/wp\/v2\/types\/product"}],"version-history":[{"count":2,"href":"https:\/\/akatsukianime.com\/en\/wp-json\/wp\/v2\/product\/3615\/revisions"}],"predecessor-version":[{"id":6584,"href":"https:\/\/akatsukianime.com\/en\/wp-json\/wp\/v2\/product\/3615\/revisions\/6584"}],"wp:featuredmedia":[{"embeddable":true,"href":"https:\/\/akatsukianime.com\/en\/wp-json\/wp\/v2\/media\/3795"}],"wp:attachment":[{"href":"https:\/\/akatsukianime.com\/en\/wp-json\/wp\/v2\/media?parent=3615"}],"wp:term":[{"taxonomy":"product_cat","embeddable":true,"href":"https:\/\/akatsukianime.com\/en\/wp-json\/wp\/v2\/product_cat?post=3615"},{"taxonomy":"product_tag","embeddable":true,"href":"https:\/\/akatsukianime.com\/en\/wp-json\/wp\/v2\/product_tag?post=3615"}],"curies":[{"name":"wp","href":"https:\/\/api.w.org\/{rel}","templated":true}]}}