{"id":3662,"date":"2024-10-17T18:25:02","date_gmt":"2024-10-17T16:25:02","guid":{"rendered":"https:\/\/akatsukianime.com\/?post_type=product&#038;p=3662"},"modified":"2025-04-23T19:56:00","modified_gmt":"2025-04-23T17:56:00","slug":"spy-x-family-anya-forger-bond-forger-premium-figure","status":"publish","type":"product","link":"https:\/\/akatsukianime.com\/en\/product\/spy-x-family-anya-forger-bond-forger-premium-figure\/","title":{"rendered":"Spy x Family Anya Forger &amp; Bond Forger Premium Figure"},"content":{"rendered":"","protected":false},"excerpt":{"rendered":"<p><strong>Product Description<\/strong><br \/>\nFrom the acclaimed anime series <em>Spy x Family<\/em>, comes this elegant, highly sculpted Anya Forger PM figure. The figure features Anya riding atop Bond Forger and stands over 14cm tall, perfect for any fan of the series.<\/p>\n<p><strong>Product Features<\/strong><\/p>\n<ul>\n<li>14.5 cm high<\/li>\n<li>Made of PVC<\/li>\n<li>Based on the anime <em>Spy x Family<\/em><\/li>\n<\/ul>\n<p>Anya and Bond are ready for new adventures and a special place in your collection!<\/p>","protected":false},"featured_media":3788,"template":"","meta":[],"product_cat":[101,65,61,53],"product_tag":[228,230,87,229,227],"class_list":{"0":"post-3662","1":"product","2":"type-product","3":"status-publish","4":"has-post-thumbnail","6":"product_cat-elige-sega-goods-sega-goods","7":"product_cat-figuras","8":"product_cat-novedades","9":"product_cat-spy-x-family","10":"product_tag-anya","11":"product_tag-bond","12":"product_tag-estatua","13":"product_tag-forger","14":"product_tag-spy-x-family","16":"first","17":"outofstock","18":"sold-individually","19":"taxable","20":"shipping-taxable","21":"purchasable","22":"product-type-simple"},"yoast_head":"<!-- This site is optimized with the Yoast SEO plugin v24.2 - https:\/\/yoast.com\/wordpress\/plugins\/seo\/ -->\n<title>Spy x Family Anya Forger &amp; Bond Forger Premium Figure - Akatsuki anime store<\/title>\n<meta name=\"robots\" content=\"index, follow, max-snippet:-1, max-image-preview:large, max-video-preview:-1\" \/>\n<link rel=\"canonical\" href=\"https:\/\/akatsukianime.com\/en\/product\/spy-x-family-anya-forger-bond-forger-premium-figure\/\" \/>\n<meta property=\"og:locale\" content=\"en_US\" \/>\n<meta property=\"og:type\" content=\"article\" \/>\n<meta property=\"og:title\" content=\"Spy x Family Anya Forger &amp; Bond Forger Premium Figure - Akatsuki anime store\" \/>\n<meta property=\"og:description\" content=\"Descripci\u00f3n del Producto Desde la aclamada serie de anime Spy x Family, llega esta elegante figura PM de Anya Forger, esculpida con gran detalle. La figura muestra a Anya montada sobre Bond Forger y tiene una altura de m\u00e1s de 14 cm, perfecta para cualquier fan\u00e1tico de la serie.  Caracter\u00edsticas del Producto   14.5 cm de altura  Fabricada en PVC  Basada en el anime Spy x Family  \u00a1Anya y Bond est\u00e1n listos para vivir nuevas aventuras y ocupar un lugar especial en tu colecci\u00f3n!\" \/>\n<meta property=\"og:url\" content=\"https:\/\/akatsukianime.com\/en\/product\/spy-x-family-anya-forger-bond-forger-premium-figure\/\" \/>\n<meta property=\"og:site_name\" content=\"Akatsuki anime store\" \/>\n<meta property=\"article:modified_time\" content=\"2025-04-23T17:56:00+00:00\" \/>\n<meta property=\"og:image\" content=\"https:\/\/akatsukianime.com\/wp-content\/uploads\/2024\/10\/Spy-x-Family-Anya-Forger-Bond-Forger-Premium-Figure.jpg\" \/>\n\t<meta property=\"og:image:width\" content=\"1000\" \/>\n\t<meta property=\"og:image:height\" content=\"1000\" \/>\n\t<meta property=\"og:image:type\" content=\"image\/jpeg\" \/>\n<meta name=\"twitter:card\" content=\"summary_large_image\" \/>\n<meta name=\"twitter:label1\" content=\"Est. reading time\" \/>\n\t<meta name=\"twitter:data1\" content=\"1 minute\" \/>\n<script type=\"application\/ld+json\" class=\"yoast-schema-graph\">{\"@context\":\"https:\/\/schema.org\",\"@graph\":[{\"@type\":[\"WebPage\",\"ItemPage\"],\"@id\":\"https:\/\/akatsukianime.com\/product\/spy-x-family-anya-forger-bond-forger-premium-figure\/\",\"url\":\"https:\/\/akatsukianime.com\/product\/spy-x-family-anya-forger-bond-forger-premium-figure\/\",\"name\":\"Spy x Family Anya Forger & Bond Forger Premium Figure - Akatsuki anime store\",\"isPartOf\":{\"@id\":\"https:\/\/akatsukianime.com\/#website\"},\"primaryImageOfPage\":{\"@id\":\"https:\/\/akatsukianime.com\/product\/spy-x-family-anya-forger-bond-forger-premium-figure\/#primaryimage\"},\"image\":{\"@id\":\"https:\/\/akatsukianime.com\/product\/spy-x-family-anya-forger-bond-forger-premium-figure\/#primaryimage\"},\"thumbnailUrl\":\"https:\/\/akatsukianime.com\/wp-content\/uploads\/2024\/10\/Spy-x-Family-Anya-Forger-Bond-Forger-Premium-Figure.jpg\",\"datePublished\":\"2024-10-17T16:25:02+00:00\",\"dateModified\":\"2025-04-23T17:56:00+00:00\",\"breadcrumb\":{\"@id\":\"https:\/\/akatsukianime.com\/product\/spy-x-family-anya-forger-bond-forger-premium-figure\/#breadcrumb\"},\"inLanguage\":\"en-US\",\"potentialAction\":[{\"@type\":\"ReadAction\",\"target\":[\"https:\/\/akatsukianime.com\/product\/spy-x-family-anya-forger-bond-forger-premium-figure\/\"]}]},{\"@type\":\"ImageObject\",\"inLanguage\":\"en-US\",\"@id\":\"https:\/\/akatsukianime.com\/product\/spy-x-family-anya-forger-bond-forger-premium-figure\/#primaryimage\",\"url\":\"https:\/\/akatsukianime.com\/wp-content\/uploads\/2024\/10\/Spy-x-Family-Anya-Forger-Bond-Forger-Premium-Figure.jpg\",\"contentUrl\":\"https:\/\/akatsukianime.com\/wp-content\/uploads\/2024\/10\/Spy-x-Family-Anya-Forger-Bond-Forger-Premium-Figure.jpg\",\"width\":1000,\"height\":1000,\"caption\":\"Spy x Family Anya Forger & Bond Forger Premium Figure\"},{\"@type\":\"BreadcrumbList\",\"@id\":\"https:\/\/akatsukianime.com\/product\/spy-x-family-anya-forger-bond-forger-premium-figure\/#breadcrumb\",\"itemListElement\":[{\"@type\":\"ListItem\",\"position\":1,\"name\":\"Portada\",\"item\":\"https:\/\/akatsukianime.com\/\"},{\"@type\":\"ListItem\",\"position\":2,\"name\":\"Tienda\",\"item\":\"https:\/\/akatsukianime.com\/tienda\/\"},{\"@type\":\"ListItem\",\"position\":3,\"name\":\"Spy x Family Anya Forger &#038; Bond Forger Premium Figure\"}]},{\"@type\":\"WebSite\",\"@id\":\"https:\/\/akatsukianime.com\/#website\",\"url\":\"https:\/\/akatsukianime.com\/\",\"name\":\"Akatsuki anime store\",\"description\":\"\",\"potentialAction\":[{\"@type\":\"SearchAction\",\"target\":{\"@type\":\"EntryPoint\",\"urlTemplate\":\"https:\/\/akatsukianime.com\/?s={search_term_string}\"},\"query-input\":{\"@type\":\"PropertyValueSpecification\",\"valueRequired\":true,\"valueName\":\"search_term_string\"}}],\"inLanguage\":\"en-US\"}]}<\/script>\n<!-- \/ Yoast SEO plugin. -->","yoast_head_json":{"title":"Spy x Family Anya Forger & Bond Forger Premium Figure - Akatsuki anime store","robots":{"index":"index","follow":"follow","max-snippet":"max-snippet:-1","max-image-preview":"max-image-preview:large","max-video-preview":"max-video-preview:-1"},"canonical":"https:\/\/akatsukianime.com\/en\/product\/spy-x-family-anya-forger-bond-forger-premium-figure\/","og_locale":"en_US","og_type":"article","og_title":"Spy x Family Anya Forger & Bond Forger Premium Figure - Akatsuki anime store","og_description":"Descripci\u00f3n del Producto Desde la aclamada serie de anime Spy x Family, llega esta elegante figura PM de Anya Forger, esculpida con gran detalle. La figura muestra a Anya montada sobre Bond Forger y tiene una altura de m\u00e1s de 14 cm, perfecta para cualquier fan\u00e1tico de la serie.  Caracter\u00edsticas del Producto   14.5 cm de altura  Fabricada en PVC  Basada en el anime Spy x Family  \u00a1Anya y Bond est\u00e1n listos para vivir nuevas aventuras y ocupar un lugar especial en tu colecci\u00f3n!","og_url":"https:\/\/akatsukianime.com\/en\/product\/spy-x-family-anya-forger-bond-forger-premium-figure\/","og_site_name":"Akatsuki anime store","article_modified_time":"2025-04-23T17:56:00+00:00","og_image":[{"width":1000,"height":1000,"url":"https:\/\/akatsukianime.com\/wp-content\/uploads\/2024\/10\/Spy-x-Family-Anya-Forger-Bond-Forger-Premium-Figure.jpg","type":"image\/jpeg"}],"twitter_card":"summary_large_image","twitter_misc":{"Est. reading time":"1 minute"},"schema":{"@context":"https:\/\/schema.org","@graph":[{"@type":["WebPage","ItemPage"],"@id":"https:\/\/akatsukianime.com\/product\/spy-x-family-anya-forger-bond-forger-premium-figure\/","url":"https:\/\/akatsukianime.com\/product\/spy-x-family-anya-forger-bond-forger-premium-figure\/","name":"Spy x Family Anya Forger & Bond Forger Premium Figure - Akatsuki anime store","isPartOf":{"@id":"https:\/\/akatsukianime.com\/#website"},"primaryImageOfPage":{"@id":"https:\/\/akatsukianime.com\/product\/spy-x-family-anya-forger-bond-forger-premium-figure\/#primaryimage"},"image":{"@id":"https:\/\/akatsukianime.com\/product\/spy-x-family-anya-forger-bond-forger-premium-figure\/#primaryimage"},"thumbnailUrl":"https:\/\/akatsukianime.com\/wp-content\/uploads\/2024\/10\/Spy-x-Family-Anya-Forger-Bond-Forger-Premium-Figure.jpg","datePublished":"2024-10-17T16:25:02+00:00","dateModified":"2025-04-23T17:56:00+00:00","breadcrumb":{"@id":"https:\/\/akatsukianime.com\/product\/spy-x-family-anya-forger-bond-forger-premium-figure\/#breadcrumb"},"inLanguage":"en-US","potentialAction":[{"@type":"ReadAction","target":["https:\/\/akatsukianime.com\/product\/spy-x-family-anya-forger-bond-forger-premium-figure\/"]}]},{"@type":"ImageObject","inLanguage":"en-US","@id":"https:\/\/akatsukianime.com\/product\/spy-x-family-anya-forger-bond-forger-premium-figure\/#primaryimage","url":"https:\/\/akatsukianime.com\/wp-content\/uploads\/2024\/10\/Spy-x-Family-Anya-Forger-Bond-Forger-Premium-Figure.jpg","contentUrl":"https:\/\/akatsukianime.com\/wp-content\/uploads\/2024\/10\/Spy-x-Family-Anya-Forger-Bond-Forger-Premium-Figure.jpg","width":1000,"height":1000,"caption":"Spy x Family Anya Forger & Bond Forger Premium Figure"},{"@type":"BreadcrumbList","@id":"https:\/\/akatsukianime.com\/product\/spy-x-family-anya-forger-bond-forger-premium-figure\/#breadcrumb","itemListElement":[{"@type":"ListItem","position":1,"name":"Portada","item":"https:\/\/akatsukianime.com\/"},{"@type":"ListItem","position":2,"name":"Tienda","item":"https:\/\/akatsukianime.com\/tienda\/"},{"@type":"ListItem","position":3,"name":"Spy x Family Anya Forger &#038; Bond Forger Premium Figure"}]},{"@type":"WebSite","@id":"https:\/\/akatsukianime.com\/#website","url":"https:\/\/akatsukianime.com\/","name":"Akatsuki anime store","description":"","potentialAction":[{"@type":"SearchAction","target":{"@type":"EntryPoint","urlTemplate":"https:\/\/akatsukianime.com\/?s={search_term_string}"},"query-input":{"@type":"PropertyValueSpecification","valueRequired":true,"valueName":"search_term_string"}}],"inLanguage":"en-US"}]}},"jetpack_sharing_enabled":true,"_links":{"self":[{"href":"https:\/\/akatsukianime.com\/en\/wp-json\/wp\/v2\/product\/3662","targetHints":{"allow":["GET"]}}],"collection":[{"href":"https:\/\/akatsukianime.com\/en\/wp-json\/wp\/v2\/product"}],"about":[{"href":"https:\/\/akatsukianime.com\/en\/wp-json\/wp\/v2\/types\/product"}],"version-history":[{"count":2,"href":"https:\/\/akatsukianime.com\/en\/wp-json\/wp\/v2\/product\/3662\/revisions"}],"predecessor-version":[{"id":3787,"href":"https:\/\/akatsukianime.com\/en\/wp-json\/wp\/v2\/product\/3662\/revisions\/3787"}],"wp:featuredmedia":[{"embeddable":true,"href":"https:\/\/akatsukianime.com\/en\/wp-json\/wp\/v2\/media\/3788"}],"wp:attachment":[{"href":"https:\/\/akatsukianime.com\/en\/wp-json\/wp\/v2\/media?parent=3662"}],"wp:term":[{"taxonomy":"product_cat","embeddable":true,"href":"https:\/\/akatsukianime.com\/en\/wp-json\/wp\/v2\/product_cat?post=3662"},{"taxonomy":"product_tag","embeddable":true,"href":"https:\/\/akatsukianime.com\/en\/wp-json\/wp\/v2\/product_tag?post=3662"}],"curies":[{"name":"wp","href":"https:\/\/api.w.org\/{rel}","templated":true}]}}