{"id":3672,"date":"2024-10-17T18:39:40","date_gmt":"2024-10-17T16:39:40","guid":{"rendered":"https:\/\/akatsukianime.com\/?post_type=product&#038;p=3672"},"modified":"2024-10-19T13:54:27","modified_gmt":"2024-10-19T11:54:27","slug":"mobile-suit-gundam-seed-astray-rg-gundam-astray-gold-frame-amatsu-mina-1-144-scale-model-kit","status":"publish","type":"product","link":"https:\/\/akatsukianime.com\/en\/product\/mobile-suit-gundam-seed-astray-rg-gundam-astray-gold-frame-amatsu-mina-1-144-scale-model-kit\/","title":{"rendered":"Mobile Suit Gundam SEED Astray RG Gundam Astray Gold Frame Amatsu Mina 1\/144 Scale Model Kit"},"content":{"rendered":"<p><strong>Box Contents<\/strong><\/p>\n<ul>\n<li>Pieces to build<\/li>\n<li>Goldframe Amatsu Mine<\/li>\n<li>Okitsu no Kagami<\/li>\n<li>Trikeros Kai<\/li>\n<li>2 Totsuka no Tsurugi<\/li>\n<li>Tsumuha no Tachi<\/li>\n<li>2 Magashira Hoko<\/li>\n<li>14 <em>Runners<\/em><\/li>\n<li>Realistic decal<\/li>\n<li>Wire (1.9\u00d7150 mm)<\/li>\n<li>Wire (1.5\u00d7290 mm)<\/li>\n<li>Instruction manual<\/li>\n<\/ul>","protected":false},"excerpt":{"rendered":"<p><strong>Product Description<\/strong><br \/>\nFrom the popular side story <em>Gundam SEED Astray<\/em>, the guardian of the \u201cHeaven\u2019s Declaration,\u201d Goldframe Amatsu Mina, arrives in the RG series!<\/p>\n<p>The stealth functions of the Amatsu Mina have been independently researched, and the differences in the texture of the external parts of the <em>mobile suit<\/em> They have been realistically recreated using coloured plastics and different materials. The arms are fully movable, with the ability to extend and retract, a mechanism exclusive to the RG series.<\/p>\n<p>He <em>Magician of Ikutachi<\/em>, mounted at the rear, incorporates trick deployment, extension and retraction. These details have been meticulously recreated based on the actuators and other mechanisms of the <em>mobile suit<\/em> original. Amatsu Mina&#039;s extensive arsenal has also been replicated with an exceptional level of detail. The spear-shaped weapon, <em>Okitsu no Kagami<\/em>, used for both attack and defense, has been designed using solid and transparent parts for the first time in 1\/144 scale.<\/p>\n<p><strong>Product Features<\/strong><\/p>\n<ul>\n<li>12.7 cm tall<\/li>\n<li>Model kit<\/li>\n<li>Based on the popular side story <em>Gundam SEED Astray<\/em><\/li>\n<li>Scale 1\/144<\/li>\n<li>Movable arms with extension and retraction capability<\/li>\n<li>Extensive arsenal replicated in stunning detail<\/li>\n<\/ul>\n<p>With its stealth technology and imposing weaponry, the Goldframe Amatsu Mina is ready to rule the skies and add an epic touch to your Gundam collection!<\/p>","protected":false},"featured_media":3786,"template":"","meta":[],"product_cat":[94,66,113,61,56],"product_tag":[116,231,232,179,181,104,177],"class_list":{"0":"post-3672","1":"product","2":"type-product","3":"status-publish","4":"has-post-thumbnail","6":"product_cat-bandai-hobby-site","7":"product_cat-model-kit","8":"product_cat-4-real-grade-1-144","9":"product_cat-novedades","10":"product_cat-gundam","11":"product_tag-1-144","12":"product_tag-amatsu-mina","13":"product_tag-gold-frame","14":"product_tag-gundam-seed-astray","15":"product_tag-mobile-suit-gundam","16":"product_tag-model-kit","17":"product_tag-rg","19":"first","20":"instock","21":"sold-individually","22":"taxable","23":"shipping-taxable","24":"purchasable","25":"product-type-simple"},"yoast_head":"<!-- This site is optimized with the Yoast SEO plugin v24.2 - https:\/\/yoast.com\/wordpress\/plugins\/seo\/ -->\n<title>Mobile Suit Gundam SEED Astray RG Gundam Astray Gold Frame Amatsu Mina 1\/144 Scale Model Kit- Akatsuki anime store<\/title>\n<meta name=\"robots\" content=\"index, follow, max-snippet:-1, max-image-preview:large, max-video-preview:-1\" \/>\n<link rel=\"canonical\" href=\"https:\/\/akatsukianime.com\/en\/product\/mobile-suit-gundam-seed-astray-rg-gundam-astray-gold-frame-amatsu-mina-1-144-scale-model-kit\/\" \/>\n<meta property=\"og:locale\" content=\"en_US\" \/>\n<meta property=\"og:type\" content=\"article\" \/>\n<meta property=\"og:title\" content=\"Mobile Suit Gundam SEED Astray RG Gundam Astray Gold Frame Amatsu Mina 1\/144 Scale Model Kit- Akatsuki anime store\" \/>\n<meta property=\"og:description\" content=\"Descripci\u00f3n del Producto Desde la popular historia paralela Gundam SEED Astray, llega el guardi\u00e1n de la &quot;Declaraci\u00f3n del Cielo&quot;, \u00a1Goldframe Amatsu Mina a la serie RG!  Las funciones de sigilo del Amatsu Mina han sido investigadas de manera independiente, y las diferencias en la textura de las partes externas del mobile suit han sido recreadas de manera realista utilizando pl\u00e1sticos coloreados y materiales distintos. Los brazos son completamente m\u00f3viles, con la capacidad de extenderse y retraerse, un mecanismo exclusivo de la serie RG.  El Maga no Ikutachi, montado en la parte trasera, incorpora trucos de despliegue, extensi\u00f3n y retracci\u00f3n. Estos detalles han sido recreados meticulosamente bas\u00e1ndose en los actuadores y otros mecanismos del mobile suit original. El extenso arsenal de Amatsu Mina tambi\u00e9n ha sido replicado con un nivel de detalle excepcional. El arma en forma de lanza, Okitsu no Kagami, utilizada tanto para ataque como para defensa, ha sido dise\u00f1ada usando partes s\u00f3lidas y transparentes por primera vez a escala 1\/144.  Caracter\u00edsticas del Producto   12.7 cm de altura  Kit de modelo  Basado en la popular historia paralela Gundam SEED Astray  Escala 1\/144  Brazos m\u00f3viles con capacidad de extensi\u00f3n y retracci\u00f3n  Arsenal extensivo replicado con detalles asombrosos  \u00a1El Goldframe Amatsu Mina, con su tecnolog\u00eda de sigilo y su imponente armamento, est\u00e1 listo para dominar los cielos y a\u00f1adir un toque \u00e9pico a tu colecci\u00f3n de Gundam!\" \/>\n<meta property=\"og:url\" content=\"https:\/\/akatsukianime.com\/en\/product\/mobile-suit-gundam-seed-astray-rg-gundam-astray-gold-frame-amatsu-mina-1-144-scale-model-kit\/\" \/>\n<meta property=\"og:site_name\" content=\"Akatsuki anime store\" \/>\n<meta property=\"article:modified_time\" content=\"2024-10-19T11:54:27+00:00\" \/>\n<meta property=\"og:image\" content=\"https:\/\/akatsukianime.com\/wp-content\/uploads\/2024\/10\/Mobile-Suit-Gundam-SEED-Astray-RG-Gundam-Astray-Gold-Frame-Amatsu-Mina-1144-Scale-Model-Kit.jpg\" \/>\n\t<meta property=\"og:image:width\" content=\"1000\" \/>\n\t<meta property=\"og:image:height\" content=\"1000\" \/>\n\t<meta property=\"og:image:type\" content=\"image\/jpeg\" \/>\n<meta name=\"twitter:card\" content=\"summary_large_image\" \/>\n<script type=\"application\/ld+json\" class=\"yoast-schema-graph\">{\"@context\":\"https:\/\/schema.org\",\"@graph\":[{\"@type\":[\"WebPage\",\"ItemPage\"],\"@id\":\"https:\/\/akatsukianime.com\/product\/mobile-suit-gundam-seed-astray-rg-gundam-astray-gold-frame-amatsu-mina-1-144-scale-model-kit\/\",\"url\":\"https:\/\/akatsukianime.com\/product\/mobile-suit-gundam-seed-astray-rg-gundam-astray-gold-frame-amatsu-mina-1-144-scale-model-kit\/\",\"name\":\"Mobile Suit Gundam SEED Astray RG Gundam Astray Gold Frame Amatsu Mina 1\/144 Scale Model Kit- Akatsuki anime store\",\"isPartOf\":{\"@id\":\"https:\/\/akatsukianime.com\/#website\"},\"primaryImageOfPage\":{\"@id\":\"https:\/\/akatsukianime.com\/product\/mobile-suit-gundam-seed-astray-rg-gundam-astray-gold-frame-amatsu-mina-1-144-scale-model-kit\/#primaryimage\"},\"image\":{\"@id\":\"https:\/\/akatsukianime.com\/product\/mobile-suit-gundam-seed-astray-rg-gundam-astray-gold-frame-amatsu-mina-1-144-scale-model-kit\/#primaryimage\"},\"thumbnailUrl\":\"https:\/\/akatsukianime.com\/wp-content\/uploads\/2024\/10\/Mobile-Suit-Gundam-SEED-Astray-RG-Gundam-Astray-Gold-Frame-Amatsu-Mina-1144-Scale-Model-Kit.jpg\",\"datePublished\":\"2024-10-17T16:39:40+00:00\",\"dateModified\":\"2024-10-19T11:54:27+00:00\",\"breadcrumb\":{\"@id\":\"https:\/\/akatsukianime.com\/product\/mobile-suit-gundam-seed-astray-rg-gundam-astray-gold-frame-amatsu-mina-1-144-scale-model-kit\/#breadcrumb\"},\"inLanguage\":\"en-US\",\"potentialAction\":[{\"@type\":\"ReadAction\",\"target\":[\"https:\/\/akatsukianime.com\/product\/mobile-suit-gundam-seed-astray-rg-gundam-astray-gold-frame-amatsu-mina-1-144-scale-model-kit\/\"]}]},{\"@type\":\"ImageObject\",\"inLanguage\":\"en-US\",\"@id\":\"https:\/\/akatsukianime.com\/product\/mobile-suit-gundam-seed-astray-rg-gundam-astray-gold-frame-amatsu-mina-1-144-scale-model-kit\/#primaryimage\",\"url\":\"https:\/\/akatsukianime.com\/wp-content\/uploads\/2024\/10\/Mobile-Suit-Gundam-SEED-Astray-RG-Gundam-Astray-Gold-Frame-Amatsu-Mina-1144-Scale-Model-Kit.jpg\",\"contentUrl\":\"https:\/\/akatsukianime.com\/wp-content\/uploads\/2024\/10\/Mobile-Suit-Gundam-SEED-Astray-RG-Gundam-Astray-Gold-Frame-Amatsu-Mina-1144-Scale-Model-Kit.jpg\",\"width\":1000,\"height\":1000,\"caption\":\"Mobile Suit Gundam SEED Astray RG Gundam Astray Gold Frame Amatsu Mina 1144 Scale Model Kit\"},{\"@type\":\"BreadcrumbList\",\"@id\":\"https:\/\/akatsukianime.com\/product\/mobile-suit-gundam-seed-astray-rg-gundam-astray-gold-frame-amatsu-mina-1-144-scale-model-kit\/#breadcrumb\",\"itemListElement\":[{\"@type\":\"ListItem\",\"position\":1,\"name\":\"Portada\",\"item\":\"https:\/\/akatsukianime.com\/\"},{\"@type\":\"ListItem\",\"position\":2,\"name\":\"Tienda\",\"item\":\"https:\/\/akatsukianime.com\/tienda\/\"},{\"@type\":\"ListItem\",\"position\":3,\"name\":\"Mobile Suit Gundam SEED Astray RG Gundam Astray Gold Frame Amatsu Mina 1\/144 Scale Model Kit\"}]},{\"@type\":\"WebSite\",\"@id\":\"https:\/\/akatsukianime.com\/#website\",\"url\":\"https:\/\/akatsukianime.com\/\",\"name\":\"Akatsuki anime store\",\"description\":\"\",\"potentialAction\":[{\"@type\":\"SearchAction\",\"target\":{\"@type\":\"EntryPoint\",\"urlTemplate\":\"https:\/\/akatsukianime.com\/?s={search_term_string}\"},\"query-input\":{\"@type\":\"PropertyValueSpecification\",\"valueRequired\":true,\"valueName\":\"search_term_string\"}}],\"inLanguage\":\"en-US\"}]}<\/script>\n<!-- \/ Yoast SEO plugin. -->","yoast_head_json":{"title":"Mobile Suit Gundam SEED Astray RG Gundam Astray Gold Frame Amatsu Mina 1\/144 Scale Model Kit- Akatsuki anime store","robots":{"index":"index","follow":"follow","max-snippet":"max-snippet:-1","max-image-preview":"max-image-preview:large","max-video-preview":"max-video-preview:-1"},"canonical":"https:\/\/akatsukianime.com\/en\/product\/mobile-suit-gundam-seed-astray-rg-gundam-astray-gold-frame-amatsu-mina-1-144-scale-model-kit\/","og_locale":"en_US","og_type":"article","og_title":"Mobile Suit Gundam SEED Astray RG Gundam Astray Gold Frame Amatsu Mina 1\/144 Scale Model Kit- Akatsuki anime store","og_description":"Descripci\u00f3n del Producto Desde la popular historia paralela Gundam SEED Astray, llega el guardi\u00e1n de la \"Declaraci\u00f3n del Cielo\", \u00a1Goldframe Amatsu Mina a la serie RG!  Las funciones de sigilo del Amatsu Mina han sido investigadas de manera independiente, y las diferencias en la textura de las partes externas del mobile suit han sido recreadas de manera realista utilizando pl\u00e1sticos coloreados y materiales distintos. Los brazos son completamente m\u00f3viles, con la capacidad de extenderse y retraerse, un mecanismo exclusivo de la serie RG.  El Maga no Ikutachi, montado en la parte trasera, incorpora trucos de despliegue, extensi\u00f3n y retracci\u00f3n. Estos detalles han sido recreados meticulosamente bas\u00e1ndose en los actuadores y otros mecanismos del mobile suit original. El extenso arsenal de Amatsu Mina tambi\u00e9n ha sido replicado con un nivel de detalle excepcional. El arma en forma de lanza, Okitsu no Kagami, utilizada tanto para ataque como para defensa, ha sido dise\u00f1ada usando partes s\u00f3lidas y transparentes por primera vez a escala 1\/144.  Caracter\u00edsticas del Producto   12.7 cm de altura  Kit de modelo  Basado en la popular historia paralela Gundam SEED Astray  Escala 1\/144  Brazos m\u00f3viles con capacidad de extensi\u00f3n y retracci\u00f3n  Arsenal extensivo replicado con detalles asombrosos  \u00a1El Goldframe Amatsu Mina, con su tecnolog\u00eda de sigilo y su imponente armamento, est\u00e1 listo para dominar los cielos y a\u00f1adir un toque \u00e9pico a tu colecci\u00f3n de Gundam!","og_url":"https:\/\/akatsukianime.com\/en\/product\/mobile-suit-gundam-seed-astray-rg-gundam-astray-gold-frame-amatsu-mina-1-144-scale-model-kit\/","og_site_name":"Akatsuki anime store","article_modified_time":"2024-10-19T11:54:27+00:00","og_image":[{"width":1000,"height":1000,"url":"https:\/\/akatsukianime.com\/wp-content\/uploads\/2024\/10\/Mobile-Suit-Gundam-SEED-Astray-RG-Gundam-Astray-Gold-Frame-Amatsu-Mina-1144-Scale-Model-Kit.jpg","type":"image\/jpeg"}],"twitter_card":"summary_large_image","schema":{"@context":"https:\/\/schema.org","@graph":[{"@type":["WebPage","ItemPage"],"@id":"https:\/\/akatsukianime.com\/product\/mobile-suit-gundam-seed-astray-rg-gundam-astray-gold-frame-amatsu-mina-1-144-scale-model-kit\/","url":"https:\/\/akatsukianime.com\/product\/mobile-suit-gundam-seed-astray-rg-gundam-astray-gold-frame-amatsu-mina-1-144-scale-model-kit\/","name":"Mobile Suit Gundam SEED Astray RG Gundam Astray Gold Frame Amatsu Mina 1\/144 Scale Model Kit- Akatsuki anime store","isPartOf":{"@id":"https:\/\/akatsukianime.com\/#website"},"primaryImageOfPage":{"@id":"https:\/\/akatsukianime.com\/product\/mobile-suit-gundam-seed-astray-rg-gundam-astray-gold-frame-amatsu-mina-1-144-scale-model-kit\/#primaryimage"},"image":{"@id":"https:\/\/akatsukianime.com\/product\/mobile-suit-gundam-seed-astray-rg-gundam-astray-gold-frame-amatsu-mina-1-144-scale-model-kit\/#primaryimage"},"thumbnailUrl":"https:\/\/akatsukianime.com\/wp-content\/uploads\/2024\/10\/Mobile-Suit-Gundam-SEED-Astray-RG-Gundam-Astray-Gold-Frame-Amatsu-Mina-1144-Scale-Model-Kit.jpg","datePublished":"2024-10-17T16:39:40+00:00","dateModified":"2024-10-19T11:54:27+00:00","breadcrumb":{"@id":"https:\/\/akatsukianime.com\/product\/mobile-suit-gundam-seed-astray-rg-gundam-astray-gold-frame-amatsu-mina-1-144-scale-model-kit\/#breadcrumb"},"inLanguage":"en-US","potentialAction":[{"@type":"ReadAction","target":["https:\/\/akatsukianime.com\/product\/mobile-suit-gundam-seed-astray-rg-gundam-astray-gold-frame-amatsu-mina-1-144-scale-model-kit\/"]}]},{"@type":"ImageObject","inLanguage":"en-US","@id":"https:\/\/akatsukianime.com\/product\/mobile-suit-gundam-seed-astray-rg-gundam-astray-gold-frame-amatsu-mina-1-144-scale-model-kit\/#primaryimage","url":"https:\/\/akatsukianime.com\/wp-content\/uploads\/2024\/10\/Mobile-Suit-Gundam-SEED-Astray-RG-Gundam-Astray-Gold-Frame-Amatsu-Mina-1144-Scale-Model-Kit.jpg","contentUrl":"https:\/\/akatsukianime.com\/wp-content\/uploads\/2024\/10\/Mobile-Suit-Gundam-SEED-Astray-RG-Gundam-Astray-Gold-Frame-Amatsu-Mina-1144-Scale-Model-Kit.jpg","width":1000,"height":1000,"caption":"Mobile Suit Gundam SEED Astray RG Gundam Astray Gold Frame Amatsu Mina 1144 Scale Model Kit"},{"@type":"BreadcrumbList","@id":"https:\/\/akatsukianime.com\/product\/mobile-suit-gundam-seed-astray-rg-gundam-astray-gold-frame-amatsu-mina-1-144-scale-model-kit\/#breadcrumb","itemListElement":[{"@type":"ListItem","position":1,"name":"Portada","item":"https:\/\/akatsukianime.com\/"},{"@type":"ListItem","position":2,"name":"Tienda","item":"https:\/\/akatsukianime.com\/tienda\/"},{"@type":"ListItem","position":3,"name":"Mobile Suit Gundam SEED Astray RG Gundam Astray Gold Frame Amatsu Mina 1\/144 Scale Model Kit"}]},{"@type":"WebSite","@id":"https:\/\/akatsukianime.com\/#website","url":"https:\/\/akatsukianime.com\/","name":"Akatsuki anime store","description":"","potentialAction":[{"@type":"SearchAction","target":{"@type":"EntryPoint","urlTemplate":"https:\/\/akatsukianime.com\/?s={search_term_string}"},"query-input":{"@type":"PropertyValueSpecification","valueRequired":true,"valueName":"search_term_string"}}],"inLanguage":"en-US"}]}},"jetpack_sharing_enabled":true,"_links":{"self":[{"href":"https:\/\/akatsukianime.com\/en\/wp-json\/wp\/v2\/product\/3672","targetHints":{"allow":["GET"]}}],"collection":[{"href":"https:\/\/akatsukianime.com\/en\/wp-json\/wp\/v2\/product"}],"about":[{"href":"https:\/\/akatsukianime.com\/en\/wp-json\/wp\/v2\/types\/product"}],"version-history":[{"count":2,"href":"https:\/\/akatsukianime.com\/en\/wp-json\/wp\/v2\/product\/3672\/revisions"}],"predecessor-version":[{"id":3785,"href":"https:\/\/akatsukianime.com\/en\/wp-json\/wp\/v2\/product\/3672\/revisions\/3785"}],"wp:featuredmedia":[{"embeddable":true,"href":"https:\/\/akatsukianime.com\/en\/wp-json\/wp\/v2\/media\/3786"}],"wp:attachment":[{"href":"https:\/\/akatsukianime.com\/en\/wp-json\/wp\/v2\/media?parent=3672"}],"wp:term":[{"taxonomy":"product_cat","embeddable":true,"href":"https:\/\/akatsukianime.com\/en\/wp-json\/wp\/v2\/product_cat?post=3672"},{"taxonomy":"product_tag","embeddable":true,"href":"https:\/\/akatsukianime.com\/en\/wp-json\/wp\/v2\/product_tag?post=3672"}],"curies":[{"name":"wp","href":"https:\/\/api.w.org\/{rel}","templated":true}]}}