{"id":3887,"date":"2024-10-18T20:46:05","date_gmt":"2024-10-18T18:46:05","guid":{"rendered":"https:\/\/akatsukianime.com\/?post_type=product&#038;p=3887"},"modified":"2025-11-12T21:29:08","modified_gmt":"2025-11-12T20:29:08","slug":"rebuild-of-evangelion-rg-eva-unit-01-model-kit","status":"publish","type":"product","link":"https:\/\/akatsukianime.com\/en\/product\/rebuild-of-evangelion-rg-eva-unit-01-model-kit\/","title":{"rendered":"Rebuild of Evangelion RG EVA Unit-01 Model Kit"},"content":{"rendered":"<p><strong>Box Contents<\/strong><\/p>\n<ul>\n<li>Parts to assemble the <strong>EVA-01 Unit<\/strong><\/li>\n<li><strong>Entry Plug<\/strong><\/li>\n<li><strong>Rifle Pallet<\/strong><\/li>\n<li>2 <strong>Progressive Knives<\/strong><\/li>\n<li><strong>Umbilical Cable<\/strong><\/li>\n<li>6 pairs of alternative hands<\/li>\n<li>Decal Sheet<\/li>\n<li>Instructions<\/li>\n<\/ul>","protected":false},"excerpt":{"rendered":"<p><strong>Product Description<\/strong><br \/>\nA new horizon for the series <strong>Real Grade<\/strong> begins with the introduction of the <strong>Multipurpose Decisive Humanoid Weapon, Artificial Human Evangelion<\/strong>. The first release is a modeling kit of the iconic <strong>EVA-01 Unit<\/strong> from the &quot;Rebuild of Evangelion&quot; movies. True to the mission of the line <strong>Real Grade<\/strong> to make these giant characters come to life in a &quot;real&quot; way, the <strong>RG Evangelion<\/strong> It has a system of linked parts that imitate the contraction and relaxation of muscle fibers, achieving a close emulation of human joints.<\/p>\n<p>The movement of the spine and shoulder blades is connected to the armor pieces, which fit together with the arms and chest to avoid interference between the pieces. Thanks to this, realistic poses of the <strong>EVA-01 Unit<\/strong> crouching or running. The set includes a <strong>Entry Plug<\/strong>, a <strong>Rifle Pallet<\/strong>, 2 <strong>Progressive Knives<\/strong>, a <strong>Umbilical Cable<\/strong> and 6 types of hands with different expressions.<\/p>\n<p><strong>Product Features<\/strong><\/p>\n<ul>\n<li><strong>Height: 17.5 cm (6.89 inches)<\/strong><\/li>\n<li>Based on the movies <strong>Rebuild of Evangelion<\/strong><\/li>\n<li>Made of plastic<\/li>\n<li>Articulated figure once assembled<\/li>\n<li>Instructions may or may not include English translation.<\/li>\n<\/ul>\n<p>Take your collection to a new level with the <strong>EVA-01 Unit<\/strong>, a model of precision and detail that challenges the limits of reality!<\/p>","protected":false},"featured_media":3888,"template":"","meta":[],"product_cat":[94,113,61,57],"product_tag":[245,244,104,177],"class_list":{"0":"post-3887","1":"product","2":"type-product","3":"status-publish","4":"has-post-thumbnail","6":"product_cat-bandai-hobby-site","7":"product_cat-4-real-grade-1-144","8":"product_cat-novedades","9":"product_cat-neon-genesis-evangelion","10":"product_tag-eva-01","11":"product_tag-evangelion","12":"product_tag-model-kit","13":"product_tag-rg","15":"first","16":"outofstock","17":"sold-individually","18":"taxable","19":"shipping-taxable","20":"purchasable","21":"product-type-simple"},"yoast_head":"<!-- This site is optimized with the Yoast SEO plugin v24.2 - https:\/\/yoast.com\/wordpress\/plugins\/seo\/ -->\n<title>Rebuild of Evangelion RG EVA Unit-01 Model Kit- Akatsuki anime store<\/title>\n<meta name=\"robots\" content=\"index, follow, max-snippet:-1, max-image-preview:large, max-video-preview:-1\" \/>\n<link rel=\"canonical\" href=\"https:\/\/akatsukianime.com\/en\/product\/rebuild-of-evangelion-rg-eva-unit-01-model-kit\/\" \/>\n<meta property=\"og:locale\" content=\"en_US\" \/>\n<meta property=\"og:type\" content=\"article\" \/>\n<meta property=\"og:title\" content=\"Rebuild of Evangelion RG EVA Unit-01 Model Kit- Akatsuki anime store\" \/>\n<meta property=\"og:description\" content=\"Descripci\u00f3n del Producto Un nuevo horizonte para la serie Real Grade comienza con la introducci\u00f3n del Arma Humanoide Decisiva Multiprop\u00f3sito, Humano Artificial Evangelion. El primer lanzamiento es un kit de modelado de la ic\u00f3nica Unidad EVA-01 de las pel\u00edculas &quot;Rebuild of Evangelion&quot;. Fiel a la misi\u00f3n de la l\u00ednea Real Grade de hacer que estos personajes gigantes cobren vida de forma &quot;real&quot;, el RG Evangelion cuenta con un sistema de partes enlazadas que imitan la contracci\u00f3n y relajaci\u00f3n de las fibras musculares, logrando una emulaci\u00f3n cercana de las articulaciones humanas.  El movimiento de la columna vertebral y las esc\u00e1pulas est\u00e1 conectado a las piezas de la armadura, que se ajustan junto con los brazos y el pecho para evitar interferencias entre las piezas. Gracias a esto, se pueden recrear poses realistas de la Unidad EVA-01 agachada o corriendo. El set incluye un Entry Plug, un Rifle Pallet, 2 Cuchillos Progresivos, un Cable Umbilical y 6 tipos de manos con diferentes expresiones.  Caracter\u00edsticas del Producto   Altura: 17.5 cm (6.89 pulgadas)  Basado en las pel\u00edculas Rebuild of Evangelion  Fabricado en pl\u00e1stico  Figura articulable una vez ensamblada  Las instrucciones pueden o no incluir traducci\u00f3n al ingl\u00e9s  \u00a1Lleva a tu colecci\u00f3n a un nuevo nivel con la Unidad EVA-01, un modelo de precisi\u00f3n y detalle que desaf\u00eda los l\u00edmites de la realidad!\" \/>\n<meta property=\"og:url\" content=\"https:\/\/akatsukianime.com\/en\/product\/rebuild-of-evangelion-rg-eva-unit-01-model-kit\/\" \/>\n<meta property=\"og:site_name\" content=\"Akatsuki anime store\" \/>\n<meta property=\"article:modified_time\" content=\"2025-11-12T20:29:08+00:00\" \/>\n<meta property=\"og:image\" content=\"https:\/\/akatsukianime.com\/wp-content\/uploads\/2024\/10\/Rebuild-of-Evangelion-RG-EVA-Unit-01-Model-Kit.jpg\" \/>\n\t<meta property=\"og:image:width\" content=\"1000\" \/>\n\t<meta property=\"og:image:height\" content=\"1000\" \/>\n\t<meta property=\"og:image:type\" content=\"image\/jpeg\" \/>\n<meta name=\"twitter:card\" content=\"summary_large_image\" \/>\n<script type=\"application\/ld+json\" class=\"yoast-schema-graph\">{\"@context\":\"https:\/\/schema.org\",\"@graph\":[{\"@type\":[\"WebPage\",\"ItemPage\"],\"@id\":\"https:\/\/akatsukianime.com\/product\/rebuild-of-evangelion-rg-eva-unit-01-model-kit\/\",\"url\":\"https:\/\/akatsukianime.com\/product\/rebuild-of-evangelion-rg-eva-unit-01-model-kit\/\",\"name\":\"Rebuild of Evangelion RG EVA Unit-01 Model Kit- Akatsuki anime store\",\"isPartOf\":{\"@id\":\"https:\/\/akatsukianime.com\/#website\"},\"primaryImageOfPage\":{\"@id\":\"https:\/\/akatsukianime.com\/product\/rebuild-of-evangelion-rg-eva-unit-01-model-kit\/#primaryimage\"},\"image\":{\"@id\":\"https:\/\/akatsukianime.com\/product\/rebuild-of-evangelion-rg-eva-unit-01-model-kit\/#primaryimage\"},\"thumbnailUrl\":\"https:\/\/akatsukianime.com\/wp-content\/uploads\/2024\/10\/Rebuild-of-Evangelion-RG-EVA-Unit-01-Model-Kit.jpg\",\"datePublished\":\"2024-10-18T18:46:05+00:00\",\"dateModified\":\"2025-11-12T20:29:08+00:00\",\"breadcrumb\":{\"@id\":\"https:\/\/akatsukianime.com\/product\/rebuild-of-evangelion-rg-eva-unit-01-model-kit\/#breadcrumb\"},\"inLanguage\":\"en-US\",\"potentialAction\":[{\"@type\":\"ReadAction\",\"target\":[\"https:\/\/akatsukianime.com\/product\/rebuild-of-evangelion-rg-eva-unit-01-model-kit\/\"]}]},{\"@type\":\"ImageObject\",\"inLanguage\":\"en-US\",\"@id\":\"https:\/\/akatsukianime.com\/product\/rebuild-of-evangelion-rg-eva-unit-01-model-kit\/#primaryimage\",\"url\":\"https:\/\/akatsukianime.com\/wp-content\/uploads\/2024\/10\/Rebuild-of-Evangelion-RG-EVA-Unit-01-Model-Kit.jpg\",\"contentUrl\":\"https:\/\/akatsukianime.com\/wp-content\/uploads\/2024\/10\/Rebuild-of-Evangelion-RG-EVA-Unit-01-Model-Kit.jpg\",\"width\":1000,\"height\":1000,\"caption\":\"Rebuild of Evangelion RG EVA Unit-01 Model Kit\"},{\"@type\":\"BreadcrumbList\",\"@id\":\"https:\/\/akatsukianime.com\/product\/rebuild-of-evangelion-rg-eva-unit-01-model-kit\/#breadcrumb\",\"itemListElement\":[{\"@type\":\"ListItem\",\"position\":1,\"name\":\"Portada\",\"item\":\"https:\/\/akatsukianime.com\/\"},{\"@type\":\"ListItem\",\"position\":2,\"name\":\"Tienda\",\"item\":\"https:\/\/akatsukianime.com\/tienda\/\"},{\"@type\":\"ListItem\",\"position\":3,\"name\":\"Rebuild of Evangelion RG EVA Unit-01 Model Kit\"}]},{\"@type\":\"WebSite\",\"@id\":\"https:\/\/akatsukianime.com\/#website\",\"url\":\"https:\/\/akatsukianime.com\/\",\"name\":\"Akatsuki anime store\",\"description\":\"\",\"potentialAction\":[{\"@type\":\"SearchAction\",\"target\":{\"@type\":\"EntryPoint\",\"urlTemplate\":\"https:\/\/akatsukianime.com\/?s={search_term_string}\"},\"query-input\":{\"@type\":\"PropertyValueSpecification\",\"valueRequired\":true,\"valueName\":\"search_term_string\"}}],\"inLanguage\":\"en-US\"}]}<\/script>\n<!-- \/ Yoast SEO plugin. -->","yoast_head_json":{"title":"Rebuild of Evangelion RG EVA Unit-01 Model Kit- Akatsuki anime store","robots":{"index":"index","follow":"follow","max-snippet":"max-snippet:-1","max-image-preview":"max-image-preview:large","max-video-preview":"max-video-preview:-1"},"canonical":"https:\/\/akatsukianime.com\/en\/product\/rebuild-of-evangelion-rg-eva-unit-01-model-kit\/","og_locale":"en_US","og_type":"article","og_title":"Rebuild of Evangelion RG EVA Unit-01 Model Kit- Akatsuki anime store","og_description":"Descripci\u00f3n del Producto Un nuevo horizonte para la serie Real Grade comienza con la introducci\u00f3n del Arma Humanoide Decisiva Multiprop\u00f3sito, Humano Artificial Evangelion. El primer lanzamiento es un kit de modelado de la ic\u00f3nica Unidad EVA-01 de las pel\u00edculas \"Rebuild of Evangelion\". Fiel a la misi\u00f3n de la l\u00ednea Real Grade de hacer que estos personajes gigantes cobren vida de forma \"real\", el RG Evangelion cuenta con un sistema de partes enlazadas que imitan la contracci\u00f3n y relajaci\u00f3n de las fibras musculares, logrando una emulaci\u00f3n cercana de las articulaciones humanas.  El movimiento de la columna vertebral y las esc\u00e1pulas est\u00e1 conectado a las piezas de la armadura, que se ajustan junto con los brazos y el pecho para evitar interferencias entre las piezas. Gracias a esto, se pueden recrear poses realistas de la Unidad EVA-01 agachada o corriendo. El set incluye un Entry Plug, un Rifle Pallet, 2 Cuchillos Progresivos, un Cable Umbilical y 6 tipos de manos con diferentes expresiones.  Caracter\u00edsticas del Producto   Altura: 17.5 cm (6.89 pulgadas)  Basado en las pel\u00edculas Rebuild of Evangelion  Fabricado en pl\u00e1stico  Figura articulable una vez ensamblada  Las instrucciones pueden o no incluir traducci\u00f3n al ingl\u00e9s  \u00a1Lleva a tu colecci\u00f3n a un nuevo nivel con la Unidad EVA-01, un modelo de precisi\u00f3n y detalle que desaf\u00eda los l\u00edmites de la realidad!","og_url":"https:\/\/akatsukianime.com\/en\/product\/rebuild-of-evangelion-rg-eva-unit-01-model-kit\/","og_site_name":"Akatsuki anime store","article_modified_time":"2025-11-12T20:29:08+00:00","og_image":[{"width":1000,"height":1000,"url":"https:\/\/akatsukianime.com\/wp-content\/uploads\/2024\/10\/Rebuild-of-Evangelion-RG-EVA-Unit-01-Model-Kit.jpg","type":"image\/jpeg"}],"twitter_card":"summary_large_image","schema":{"@context":"https:\/\/schema.org","@graph":[{"@type":["WebPage","ItemPage"],"@id":"https:\/\/akatsukianime.com\/product\/rebuild-of-evangelion-rg-eva-unit-01-model-kit\/","url":"https:\/\/akatsukianime.com\/product\/rebuild-of-evangelion-rg-eva-unit-01-model-kit\/","name":"Rebuild of Evangelion RG EVA Unit-01 Model Kit- Akatsuki anime store","isPartOf":{"@id":"https:\/\/akatsukianime.com\/#website"},"primaryImageOfPage":{"@id":"https:\/\/akatsukianime.com\/product\/rebuild-of-evangelion-rg-eva-unit-01-model-kit\/#primaryimage"},"image":{"@id":"https:\/\/akatsukianime.com\/product\/rebuild-of-evangelion-rg-eva-unit-01-model-kit\/#primaryimage"},"thumbnailUrl":"https:\/\/akatsukianime.com\/wp-content\/uploads\/2024\/10\/Rebuild-of-Evangelion-RG-EVA-Unit-01-Model-Kit.jpg","datePublished":"2024-10-18T18:46:05+00:00","dateModified":"2025-11-12T20:29:08+00:00","breadcrumb":{"@id":"https:\/\/akatsukianime.com\/product\/rebuild-of-evangelion-rg-eva-unit-01-model-kit\/#breadcrumb"},"inLanguage":"en-US","potentialAction":[{"@type":"ReadAction","target":["https:\/\/akatsukianime.com\/product\/rebuild-of-evangelion-rg-eva-unit-01-model-kit\/"]}]},{"@type":"ImageObject","inLanguage":"en-US","@id":"https:\/\/akatsukianime.com\/product\/rebuild-of-evangelion-rg-eva-unit-01-model-kit\/#primaryimage","url":"https:\/\/akatsukianime.com\/wp-content\/uploads\/2024\/10\/Rebuild-of-Evangelion-RG-EVA-Unit-01-Model-Kit.jpg","contentUrl":"https:\/\/akatsukianime.com\/wp-content\/uploads\/2024\/10\/Rebuild-of-Evangelion-RG-EVA-Unit-01-Model-Kit.jpg","width":1000,"height":1000,"caption":"Rebuild of Evangelion RG EVA Unit-01 Model Kit"},{"@type":"BreadcrumbList","@id":"https:\/\/akatsukianime.com\/product\/rebuild-of-evangelion-rg-eva-unit-01-model-kit\/#breadcrumb","itemListElement":[{"@type":"ListItem","position":1,"name":"Portada","item":"https:\/\/akatsukianime.com\/"},{"@type":"ListItem","position":2,"name":"Tienda","item":"https:\/\/akatsukianime.com\/tienda\/"},{"@type":"ListItem","position":3,"name":"Rebuild of Evangelion RG EVA Unit-01 Model Kit"}]},{"@type":"WebSite","@id":"https:\/\/akatsukianime.com\/#website","url":"https:\/\/akatsukianime.com\/","name":"Akatsuki anime store","description":"","potentialAction":[{"@type":"SearchAction","target":{"@type":"EntryPoint","urlTemplate":"https:\/\/akatsukianime.com\/?s={search_term_string}"},"query-input":{"@type":"PropertyValueSpecification","valueRequired":true,"valueName":"search_term_string"}}],"inLanguage":"en-US"}]}},"jetpack_sharing_enabled":true,"_links":{"self":[{"href":"https:\/\/akatsukianime.com\/en\/wp-json\/wp\/v2\/product\/3887","targetHints":{"allow":["GET"]}}],"collection":[{"href":"https:\/\/akatsukianime.com\/en\/wp-json\/wp\/v2\/product"}],"about":[{"href":"https:\/\/akatsukianime.com\/en\/wp-json\/wp\/v2\/types\/product"}],"version-history":[{"count":1,"href":"https:\/\/akatsukianime.com\/en\/wp-json\/wp\/v2\/product\/3887\/revisions"}],"predecessor-version":[{"id":3909,"href":"https:\/\/akatsukianime.com\/en\/wp-json\/wp\/v2\/product\/3887\/revisions\/3909"}],"wp:featuredmedia":[{"embeddable":true,"href":"https:\/\/akatsukianime.com\/en\/wp-json\/wp\/v2\/media\/3888"}],"wp:attachment":[{"href":"https:\/\/akatsukianime.com\/en\/wp-json\/wp\/v2\/media?parent=3887"}],"wp:term":[{"taxonomy":"product_cat","embeddable":true,"href":"https:\/\/akatsukianime.com\/en\/wp-json\/wp\/v2\/product_cat?post=3887"},{"taxonomy":"product_tag","embeddable":true,"href":"https:\/\/akatsukianime.com\/en\/wp-json\/wp\/v2\/product_tag?post=3887"}],"curies":[{"name":"wp","href":"https:\/\/api.w.org\/{rel}","templated":true}]}}