{"id":3910,"date":"2024-10-18T20:56:06","date_gmt":"2024-10-18T18:56:06","guid":{"rendered":"https:\/\/akatsukianime.com\/?post_type=product&#038;p=3910"},"modified":"2026-01-20T14:10:11","modified_gmt":"2026-01-20T13:10:11","slug":"evangelion-rg-eva-unit-02-production-model-kit","status":"publish","type":"product","link":"https:\/\/akatsukianime.com\/en\/product\/evangelion-rg-eva-unit-02-production-model-kit\/","title":{"rendered":"Evangelion RG EVA Unit-02 Production Model Kit"},"content":{"rendered":"<p><strong>Box Contents<\/strong><\/p>\n<ul>\n<li>Parts to assemble the <strong>EVA-02 Unit<\/strong><\/li>\n<li><strong>Rifle Pallet<\/strong><\/li>\n<li>2 <strong>Progressive Knives<\/strong> (EVA version Unit 02)<\/li>\n<li><strong>Umbilical Cable<\/strong><\/li>\n<li>7 types of handpieces (Left\/Right)<\/li>\n<li>Handpieces for holding the <strong>Thunder Lance<\/strong><\/li>\n<li>Realistic decals<\/li>\n<li>Manual<\/li>\n<\/ul>","protected":false},"excerpt":{"rendered":"<p><strong>Product Description<\/strong><br \/>\nOf <strong>Neon Genesis Evangelion<\/strong> the arrives <strong>EVA-02 Unit<\/strong> Asuka&#039;s on the line <strong>Real Grade<\/strong>The armor is designed to allow poses with minimal interference, while the internal parts of the model mimic muscles that move along with the armor, allowing for natural and realistic poses.<\/p>\n<p><strong>Product Features<\/strong><\/p>\n<ul>\n<li><strong>Height: 19 cm (7.48 inches)<\/strong><\/li>\n<li>Made of plastic<\/li>\n<li>Part of the modeling kit series <strong>Real Grade<\/strong><\/li>\n<li>Based on the original anime series <strong>Neon Genesis Evangelion<\/strong><\/li>\n<li>Instructions may or may not include English translation.<\/li>\n<\/ul>\n<p>Build and display the powerful <strong>EVA-02 Unit<\/strong> of Asuka, with an incredible level of detail and the ability to recreate her iconic combat poses!<\/p>","protected":false},"featured_media":3911,"template":"","meta":[],"product_cat":[94,66,113,61,57],"product_tag":[246,244,104,177],"class_list":{"0":"post-3910","1":"product","2":"type-product","3":"status-publish","4":"has-post-thumbnail","6":"product_cat-bandai-hobby-site","7":"product_cat-model-kit","8":"product_cat-4-real-grade-1-144","9":"product_cat-novedades","10":"product_cat-neon-genesis-evangelion","11":"product_tag-eva-02","12":"product_tag-evangelion","13":"product_tag-model-kit","14":"product_tag-rg","16":"first","17":"instock","18":"sold-individually","19":"taxable","20":"shipping-taxable","21":"purchasable","22":"product-type-simple"},"yoast_head":"<!-- This site is optimized with the Yoast SEO plugin v24.2 - https:\/\/yoast.com\/wordpress\/plugins\/seo\/ -->\n<title>Evangelion RG EVA Unit-02 Production Model Kit - Akatsuki anime store<\/title>\n<meta name=\"robots\" content=\"index, follow, max-snippet:-1, max-image-preview:large, max-video-preview:-1\" \/>\n<link rel=\"canonical\" href=\"https:\/\/akatsukianime.com\/en\/product\/evangelion-rg-eva-unit-02-production-model-kit\/\" \/>\n<meta property=\"og:locale\" content=\"en_US\" \/>\n<meta property=\"og:type\" content=\"article\" \/>\n<meta property=\"og:title\" content=\"Evangelion RG EVA Unit-02 Production Model Kit - Akatsuki anime store\" \/>\n<meta property=\"og:description\" content=\"Descripci\u00f3n del Producto \u00a1De Neon Genesis Evangelion llega la Unidad EVA-02 de Asuka en la l\u00ednea Real Grade! La armadura est\u00e1 dise\u00f1ada para permitir poses con m\u00ednima interferencia, mientras que las partes internas del modelo imitan m\u00fasculos que se mueven junto con la armadura, permitiendo poses naturales y realistas.  Caracter\u00edsticas del Producto   Altura: 19 cm (7.48 pulgadas)  Fabricado en pl\u00e1stico  Parte de la serie de kits de modelado Real Grade  Basado en la serie de anime original Neon Genesis Evangelion  Las instrucciones pueden o no incluir traducci\u00f3n al ingl\u00e9s  \u00a1Construye y exhibe la poderosa Unidad EVA-02 de Asuka, con un nivel de detalle incre\u00edble y la capacidad de recrear sus ic\u00f3nicas poses de combate!\" \/>\n<meta property=\"og:url\" content=\"https:\/\/akatsukianime.com\/en\/product\/evangelion-rg-eva-unit-02-production-model-kit\/\" \/>\n<meta property=\"og:site_name\" content=\"Akatsuki anime store\" \/>\n<meta property=\"article:modified_time\" content=\"2026-01-20T13:10:11+00:00\" \/>\n<meta property=\"og:image\" content=\"https:\/\/akatsukianime.com\/wp-content\/uploads\/2024\/10\/72376.jpg\" \/>\n\t<meta property=\"og:image:width\" content=\"800\" \/>\n\t<meta property=\"og:image:height\" content=\"800\" \/>\n\t<meta property=\"og:image:type\" content=\"image\/jpeg\" \/>\n<meta name=\"twitter:card\" content=\"summary_large_image\" \/>\n<meta name=\"twitter:label1\" content=\"Est. reading time\" \/>\n\t<meta name=\"twitter:data1\" content=\"1 minute\" \/>\n<script type=\"application\/ld+json\" class=\"yoast-schema-graph\">{\"@context\":\"https:\/\/schema.org\",\"@graph\":[{\"@type\":[\"WebPage\",\"ItemPage\"],\"@id\":\"https:\/\/akatsukianime.com\/product\/evangelion-rg-eva-unit-02-production-model-kit\/\",\"url\":\"https:\/\/akatsukianime.com\/product\/evangelion-rg-eva-unit-02-production-model-kit\/\",\"name\":\"Evangelion RG EVA Unit-02 Production Model Kit - Akatsuki anime store\",\"isPartOf\":{\"@id\":\"https:\/\/akatsukianime.com\/#website\"},\"primaryImageOfPage\":{\"@id\":\"https:\/\/akatsukianime.com\/product\/evangelion-rg-eva-unit-02-production-model-kit\/#primaryimage\"},\"image\":{\"@id\":\"https:\/\/akatsukianime.com\/product\/evangelion-rg-eva-unit-02-production-model-kit\/#primaryimage\"},\"thumbnailUrl\":\"https:\/\/akatsukianime.com\/wp-content\/uploads\/2024\/10\/72376.jpg\",\"datePublished\":\"2024-10-18T18:56:06+00:00\",\"dateModified\":\"2026-01-20T13:10:11+00:00\",\"breadcrumb\":{\"@id\":\"https:\/\/akatsukianime.com\/product\/evangelion-rg-eva-unit-02-production-model-kit\/#breadcrumb\"},\"inLanguage\":\"en-US\",\"potentialAction\":[{\"@type\":\"ReadAction\",\"target\":[\"https:\/\/akatsukianime.com\/product\/evangelion-rg-eva-unit-02-production-model-kit\/\"]}]},{\"@type\":\"ImageObject\",\"inLanguage\":\"en-US\",\"@id\":\"https:\/\/akatsukianime.com\/product\/evangelion-rg-eva-unit-02-production-model-kit\/#primaryimage\",\"url\":\"https:\/\/akatsukianime.com\/wp-content\/uploads\/2024\/10\/72376.jpg\",\"contentUrl\":\"https:\/\/akatsukianime.com\/wp-content\/uploads\/2024\/10\/72376.jpg\",\"width\":800,\"height\":800,\"caption\":\"Evangelion RG EVA Unit-02 Production Model Kit\"},{\"@type\":\"BreadcrumbList\",\"@id\":\"https:\/\/akatsukianime.com\/product\/evangelion-rg-eva-unit-02-production-model-kit\/#breadcrumb\",\"itemListElement\":[{\"@type\":\"ListItem\",\"position\":1,\"name\":\"Portada\",\"item\":\"https:\/\/akatsukianime.com\/\"},{\"@type\":\"ListItem\",\"position\":2,\"name\":\"Tienda\",\"item\":\"https:\/\/akatsukianime.com\/tienda\/\"},{\"@type\":\"ListItem\",\"position\":3,\"name\":\"Evangelion RG EVA Unit-02 Production Model Kit\"}]},{\"@type\":\"WebSite\",\"@id\":\"https:\/\/akatsukianime.com\/#website\",\"url\":\"https:\/\/akatsukianime.com\/\",\"name\":\"Akatsuki anime store\",\"description\":\"\",\"potentialAction\":[{\"@type\":\"SearchAction\",\"target\":{\"@type\":\"EntryPoint\",\"urlTemplate\":\"https:\/\/akatsukianime.com\/?s={search_term_string}\"},\"query-input\":{\"@type\":\"PropertyValueSpecification\",\"valueRequired\":true,\"valueName\":\"search_term_string\"}}],\"inLanguage\":\"en-US\"}]}<\/script>\n<!-- \/ Yoast SEO plugin. -->","yoast_head_json":{"title":"Evangelion RG EVA Unit-02 Production Model Kit - Akatsuki anime store","robots":{"index":"index","follow":"follow","max-snippet":"max-snippet:-1","max-image-preview":"max-image-preview:large","max-video-preview":"max-video-preview:-1"},"canonical":"https:\/\/akatsukianime.com\/en\/product\/evangelion-rg-eva-unit-02-production-model-kit\/","og_locale":"en_US","og_type":"article","og_title":"Evangelion RG EVA Unit-02 Production Model Kit - Akatsuki anime store","og_description":"Descripci\u00f3n del Producto \u00a1De Neon Genesis Evangelion llega la Unidad EVA-02 de Asuka en la l\u00ednea Real Grade! La armadura est\u00e1 dise\u00f1ada para permitir poses con m\u00ednima interferencia, mientras que las partes internas del modelo imitan m\u00fasculos que se mueven junto con la armadura, permitiendo poses naturales y realistas.  Caracter\u00edsticas del Producto   Altura: 19 cm (7.48 pulgadas)  Fabricado en pl\u00e1stico  Parte de la serie de kits de modelado Real Grade  Basado en la serie de anime original Neon Genesis Evangelion  Las instrucciones pueden o no incluir traducci\u00f3n al ingl\u00e9s  \u00a1Construye y exhibe la poderosa Unidad EVA-02 de Asuka, con un nivel de detalle incre\u00edble y la capacidad de recrear sus ic\u00f3nicas poses de combate!","og_url":"https:\/\/akatsukianime.com\/en\/product\/evangelion-rg-eva-unit-02-production-model-kit\/","og_site_name":"Akatsuki anime store","article_modified_time":"2026-01-20T13:10:11+00:00","og_image":[{"width":800,"height":800,"url":"https:\/\/akatsukianime.com\/wp-content\/uploads\/2024\/10\/72376.jpg","type":"image\/jpeg"}],"twitter_card":"summary_large_image","twitter_misc":{"Est. reading time":"1 minute"},"schema":{"@context":"https:\/\/schema.org","@graph":[{"@type":["WebPage","ItemPage"],"@id":"https:\/\/akatsukianime.com\/product\/evangelion-rg-eva-unit-02-production-model-kit\/","url":"https:\/\/akatsukianime.com\/product\/evangelion-rg-eva-unit-02-production-model-kit\/","name":"Evangelion RG EVA Unit-02 Production Model Kit - Akatsuki anime store","isPartOf":{"@id":"https:\/\/akatsukianime.com\/#website"},"primaryImageOfPage":{"@id":"https:\/\/akatsukianime.com\/product\/evangelion-rg-eva-unit-02-production-model-kit\/#primaryimage"},"image":{"@id":"https:\/\/akatsukianime.com\/product\/evangelion-rg-eva-unit-02-production-model-kit\/#primaryimage"},"thumbnailUrl":"https:\/\/akatsukianime.com\/wp-content\/uploads\/2024\/10\/72376.jpg","datePublished":"2024-10-18T18:56:06+00:00","dateModified":"2026-01-20T13:10:11+00:00","breadcrumb":{"@id":"https:\/\/akatsukianime.com\/product\/evangelion-rg-eva-unit-02-production-model-kit\/#breadcrumb"},"inLanguage":"en-US","potentialAction":[{"@type":"ReadAction","target":["https:\/\/akatsukianime.com\/product\/evangelion-rg-eva-unit-02-production-model-kit\/"]}]},{"@type":"ImageObject","inLanguage":"en-US","@id":"https:\/\/akatsukianime.com\/product\/evangelion-rg-eva-unit-02-production-model-kit\/#primaryimage","url":"https:\/\/akatsukianime.com\/wp-content\/uploads\/2024\/10\/72376.jpg","contentUrl":"https:\/\/akatsukianime.com\/wp-content\/uploads\/2024\/10\/72376.jpg","width":800,"height":800,"caption":"Evangelion RG EVA Unit-02 Production Model Kit"},{"@type":"BreadcrumbList","@id":"https:\/\/akatsukianime.com\/product\/evangelion-rg-eva-unit-02-production-model-kit\/#breadcrumb","itemListElement":[{"@type":"ListItem","position":1,"name":"Portada","item":"https:\/\/akatsukianime.com\/"},{"@type":"ListItem","position":2,"name":"Tienda","item":"https:\/\/akatsukianime.com\/tienda\/"},{"@type":"ListItem","position":3,"name":"Evangelion RG EVA Unit-02 Production Model Kit"}]},{"@type":"WebSite","@id":"https:\/\/akatsukianime.com\/#website","url":"https:\/\/akatsukianime.com\/","name":"Akatsuki anime store","description":"","potentialAction":[{"@type":"SearchAction","target":{"@type":"EntryPoint","urlTemplate":"https:\/\/akatsukianime.com\/?s={search_term_string}"},"query-input":{"@type":"PropertyValueSpecification","valueRequired":true,"valueName":"search_term_string"}}],"inLanguage":"en-US"}]}},"jetpack_sharing_enabled":true,"_links":{"self":[{"href":"https:\/\/akatsukianime.com\/en\/wp-json\/wp\/v2\/product\/3910","targetHints":{"allow":["GET"]}}],"collection":[{"href":"https:\/\/akatsukianime.com\/en\/wp-json\/wp\/v2\/product"}],"about":[{"href":"https:\/\/akatsukianime.com\/en\/wp-json\/wp\/v2\/types\/product"}],"version-history":[{"count":1,"href":"https:\/\/akatsukianime.com\/en\/wp-json\/wp\/v2\/product\/3910\/revisions"}],"predecessor-version":[{"id":3918,"href":"https:\/\/akatsukianime.com\/en\/wp-json\/wp\/v2\/product\/3910\/revisions\/3918"}],"wp:featuredmedia":[{"embeddable":true,"href":"https:\/\/akatsukianime.com\/en\/wp-json\/wp\/v2\/media\/3911"}],"wp:attachment":[{"href":"https:\/\/akatsukianime.com\/en\/wp-json\/wp\/v2\/media?parent=3910"}],"wp:term":[{"taxonomy":"product_cat","embeddable":true,"href":"https:\/\/akatsukianime.com\/en\/wp-json\/wp\/v2\/product_cat?post=3910"},{"taxonomy":"product_tag","embeddable":true,"href":"https:\/\/akatsukianime.com\/en\/wp-json\/wp\/v2\/product_tag?post=3910"}],"curies":[{"name":"wp","href":"https:\/\/api.w.org\/{rel}","templated":true}]}}