{"id":3924,"date":"2024-10-19T14:05:13","date_gmt":"2024-10-19T12:05:13","guid":{"rendered":"https:\/\/akatsukianime.com\/?post_type=product&#038;p=3924"},"modified":"2025-10-21T17:20:02","modified_gmt":"2025-10-21T15:20:02","slug":"one-piece-tcg-op08-two-legends-booster-box-24pack-ingles","status":"publish","type":"product","link":"https:\/\/akatsukianime.com\/en\/product\/one-piece-tcg-op08-two-legends-booster-box-24pack-ingles\/","title":{"rendered":"One Piece TCG OP08-Two Legends Booster Box (24Pack) English"},"content":{"rendered":"<p><strong>Warning<\/strong><\/p>\n<ul>\n<li><strong>Language<\/strong>: English<\/li>\n<li>All 100% products are original, new and untampered with.<\/li>\n<\/ul>\n<p><strong>Legal Information<\/strong><br \/>\nReturns are not accepted for products that have already been opened.<br \/>\nNot suitable for children under 6 years old<\/p>","protected":false},"excerpt":{"rendered":"<p><strong>Product Description<\/strong><br \/>\nWith the last set of the <strong>One Piece Card Game<\/strong>, <strong>\u00abTwo Legends\u00bb<\/strong>, you will be able to obtain new and beautiful cards from the universe of <strong>One Piece<\/strong>.<\/p>\n<p>The most sought after cards are probably the <strong>Parallel Letters<\/strong> and the <strong>Special Letters<\/strong> that have appeared in other sets!<\/p>\n<p>The big draw is, as the cover suggests, the <strong>Vice-captain of the Pirate King<\/strong>, the legendary <strong>\u00abDark King Silvers Rayleigh\u00bb<\/strong>.<\/p>\n<ul>\n<li>\u00a1<strong>Dr. Kureha<\/strong> and <strong>Dr. Hiriluk<\/strong> from the arch of the <strong>Kingdom of Drum<\/strong>, together with <strong>Carrot<\/strong> and <strong>Wanda<\/strong> from the arch of <strong>Zou<\/strong> make their appearance! In addition, the <strong>Whitebeard Pirates<\/strong> appear as blue, the <strong>Big Mom Pirates<\/strong> like purple, and the <strong>Pirates of the Animal Kingdom<\/strong> as blacks, opening up a range of new strategies!<\/li>\n<li>\u00a1<strong>Tony Tony Chopper<\/strong> (red-black), <strong>Frame<\/strong> (red-blue) and more characters become <strong>Leaders<\/strong> for the first time! Also includes cards from Reborn Leaders with new effects, such as <strong>King<\/strong> (purple-black).<\/li>\n<li>Packed with cards that can strengthen multiple decks! This <strong>Booster Pack<\/strong> It can also serve as a foundation for decks, allowing new players to quickly catch up with more experienced players.<\/li>\n<\/ul>\n<p><strong>Product Content<\/strong><\/p>\n<ul>\n<li><strong>1x Display \u2013 \u00abTwo Legends\u00bb (OP-08)<\/strong><\/li>\n<li><strong>24x Envelopes<\/strong> by display<\/li>\n<li><strong>12x Cards<\/strong> over.<\/li>\n<\/ul>\n<p>Join the legends of <strong>One Piece<\/strong> and seek the powerful <strong>Silvers Rayleigh<\/strong> in this epic set packed with new opportunities!<\/p>","protected":false},"featured_media":3925,"template":"","meta":[],"product_cat":[284,61,43,68],"product_tag":[250,84,249,247],"class_list":{"0":"post-3924","1":"product","2":"type-product","3":"status-publish","4":"has-post-thumbnail","6":"product_cat-one-piece-tcg","7":"product_cat-novedades","8":"product_cat-one-piece","9":"product_cat-trading-cards","10":"product_tag-booster-box","11":"product_tag-one-piece","12":"product_tag-op08","13":"product_tag-tcg","15":"first","16":"outofstock","17":"sold-individually","18":"taxable","19":"shipping-taxable","20":"purchasable","21":"product-type-simple"},"yoast_head":"<!-- This site is optimized with the Yoast SEO plugin v24.2 - https:\/\/yoast.com\/wordpress\/plugins\/seo\/ -->\n<title>One Piece TCG OP08-Two Legends Booster Box (24Pack) Ingl\u00e9s - Akatsuki anime store<\/title>\n<meta name=\"robots\" content=\"index, follow, max-snippet:-1, max-image-preview:large, max-video-preview:-1\" \/>\n<link rel=\"canonical\" href=\"https:\/\/akatsukianime.com\/en\/product\/one-piece-tcg-op08-two-legends-booster-box-24pack-ingles\/\" \/>\n<meta property=\"og:locale\" content=\"en_US\" \/>\n<meta property=\"og:type\" content=\"article\" \/>\n<meta property=\"og:title\" content=\"One Piece TCG OP08-Two Legends Booster Box (24Pack) Ingl\u00e9s - Akatsuki anime store\" \/>\n<meta property=\"og:description\" content=\"Descripci\u00f3n del Producto Con el \u00faltimo set del One Piece Card Game, &quot;Two Legends&quot;, podr\u00e1s obtener nuevas y hermosas cartas del universo de One Piece.  \u00a1Las cartas m\u00e1s buscadas son probablemente las Cartas Paralelas y las Cartas Especiales que han aparecido en otros sets!  El gran atractivo es, como sugiere la portada, el Vicecapit\u00e1n del Rey de los Piratas, el legendario &quot;Rey Oscuro Silvers Rayleigh&quot;.   \u00a1Dr. Kureha y Dr. Hiriluk del arco del Reino de Drum, junto con Carrot y Wanda del arco de Zou hacen su aparici\u00f3n! Adem\u00e1s, los Piratas de Barbablanca aparecen como azules, los Piratas de Big Mom como morados, y los Piratas del Reino Animal como negros, \u00a1abriendo un abanico de nuevas estrategias!  \u00a1Tony Tony Chopper (rojo-negro), Marco (rojo-azul) y m\u00e1s personajes se convierten en L\u00edderes por primera vez! Tambi\u00e9n incluye cartas de L\u00edderes renacidos con nuevos efectos, como el King (morado-negro).  \u00a1Repleto de cartas que pueden fortalecer varios mazos! Este Booster Pack tambi\u00e9n puede servir como base para mazos, permitiendo que los nuevos jugadores se pongan r\u00e1pidamente al nivel de los m\u00e1s experimentados.  Contenido del Producto   1x Display - &quot;Two Legends&quot; (OP-08)  24x Sobres por display  12x Cartas por sobre.  \u00a1\u00danete a las leyendas de One Piece y busca al poderoso Silvers Rayleigh en este \u00e9pico set cargado de nuevas oportunidades!\" \/>\n<meta property=\"og:url\" content=\"https:\/\/akatsukianime.com\/en\/product\/one-piece-tcg-op08-two-legends-booster-box-24pack-ingles\/\" \/>\n<meta property=\"og:site_name\" content=\"Akatsuki anime store\" \/>\n<meta property=\"article:modified_time\" content=\"2025-10-21T15:20:02+00:00\" \/>\n<meta property=\"og:image\" content=\"https:\/\/akatsukianime.com\/wp-content\/uploads\/2024\/10\/One-Piece-TCG-OP08-Two-Legends-Booster-Box-24Pack-Ingles.jpeg\" \/>\n\t<meta property=\"og:image:width\" content=\"1000\" \/>\n\t<meta property=\"og:image:height\" content=\"1000\" \/>\n\t<meta property=\"og:image:type\" content=\"image\/jpeg\" \/>\n<meta name=\"twitter:card\" content=\"summary_large_image\" \/>\n<meta name=\"twitter:label1\" content=\"Est. reading time\" \/>\n\t<meta name=\"twitter:data1\" content=\"1 minute\" \/>\n<script type=\"application\/ld+json\" class=\"yoast-schema-graph\">{\"@context\":\"https:\/\/schema.org\",\"@graph\":[{\"@type\":[\"WebPage\",\"ItemPage\"],\"@id\":\"https:\/\/akatsukianime.com\/product\/one-piece-tcg-op08-two-legends-booster-box-24pack-ingles\/\",\"url\":\"https:\/\/akatsukianime.com\/product\/one-piece-tcg-op08-two-legends-booster-box-24pack-ingles\/\",\"name\":\"One Piece TCG OP08-Two Legends Booster Box (24Pack) Ingl\u00e9s - Akatsuki anime store\",\"isPartOf\":{\"@id\":\"https:\/\/akatsukianime.com\/#website\"},\"primaryImageOfPage\":{\"@id\":\"https:\/\/akatsukianime.com\/product\/one-piece-tcg-op08-two-legends-booster-box-24pack-ingles\/#primaryimage\"},\"image\":{\"@id\":\"https:\/\/akatsukianime.com\/product\/one-piece-tcg-op08-two-legends-booster-box-24pack-ingles\/#primaryimage\"},\"thumbnailUrl\":\"https:\/\/akatsukianime.com\/wp-content\/uploads\/2024\/10\/One-Piece-TCG-OP08-Two-Legends-Booster-Box-24Pack-Ingles.jpeg\",\"datePublished\":\"2024-10-19T12:05:13+00:00\",\"dateModified\":\"2025-10-21T15:20:02+00:00\",\"breadcrumb\":{\"@id\":\"https:\/\/akatsukianime.com\/product\/one-piece-tcg-op08-two-legends-booster-box-24pack-ingles\/#breadcrumb\"},\"inLanguage\":\"en-US\",\"potentialAction\":[{\"@type\":\"ReadAction\",\"target\":[\"https:\/\/akatsukianime.com\/product\/one-piece-tcg-op08-two-legends-booster-box-24pack-ingles\/\"]}]},{\"@type\":\"ImageObject\",\"inLanguage\":\"en-US\",\"@id\":\"https:\/\/akatsukianime.com\/product\/one-piece-tcg-op08-two-legends-booster-box-24pack-ingles\/#primaryimage\",\"url\":\"https:\/\/akatsukianime.com\/wp-content\/uploads\/2024\/10\/One-Piece-TCG-OP08-Two-Legends-Booster-Box-24Pack-Ingles.jpeg\",\"contentUrl\":\"https:\/\/akatsukianime.com\/wp-content\/uploads\/2024\/10\/One-Piece-TCG-OP08-Two-Legends-Booster-Box-24Pack-Ingles.jpeg\",\"width\":1000,\"height\":1000,\"caption\":\"One Piece TCG OP08-Two Legends Booster Box (24Pack) Ingl\u00e9s\"},{\"@type\":\"BreadcrumbList\",\"@id\":\"https:\/\/akatsukianime.com\/product\/one-piece-tcg-op08-two-legends-booster-box-24pack-ingles\/#breadcrumb\",\"itemListElement\":[{\"@type\":\"ListItem\",\"position\":1,\"name\":\"Portada\",\"item\":\"https:\/\/akatsukianime.com\/\"},{\"@type\":\"ListItem\",\"position\":2,\"name\":\"Tienda\",\"item\":\"https:\/\/akatsukianime.com\/tienda\/\"},{\"@type\":\"ListItem\",\"position\":3,\"name\":\"One Piece TCG OP08-Two Legends Booster Box (24Pack) Ingl\u00e9s\"}]},{\"@type\":\"WebSite\",\"@id\":\"https:\/\/akatsukianime.com\/#website\",\"url\":\"https:\/\/akatsukianime.com\/\",\"name\":\"Akatsuki anime store\",\"description\":\"\",\"potentialAction\":[{\"@type\":\"SearchAction\",\"target\":{\"@type\":\"EntryPoint\",\"urlTemplate\":\"https:\/\/akatsukianime.com\/?s={search_term_string}\"},\"query-input\":{\"@type\":\"PropertyValueSpecification\",\"valueRequired\":true,\"valueName\":\"search_term_string\"}}],\"inLanguage\":\"en-US\"}]}<\/script>\n<!-- \/ Yoast SEO plugin. -->","yoast_head_json":{"title":"One Piece TCG OP08-Two Legends Booster Box (24Pack) Ingl\u00e9s - Akatsuki anime store","robots":{"index":"index","follow":"follow","max-snippet":"max-snippet:-1","max-image-preview":"max-image-preview:large","max-video-preview":"max-video-preview:-1"},"canonical":"https:\/\/akatsukianime.com\/en\/product\/one-piece-tcg-op08-two-legends-booster-box-24pack-ingles\/","og_locale":"en_US","og_type":"article","og_title":"One Piece TCG OP08-Two Legends Booster Box (24Pack) Ingl\u00e9s - Akatsuki anime store","og_description":"Descripci\u00f3n del Producto Con el \u00faltimo set del One Piece Card Game, \"Two Legends\", podr\u00e1s obtener nuevas y hermosas cartas del universo de One Piece.  \u00a1Las cartas m\u00e1s buscadas son probablemente las Cartas Paralelas y las Cartas Especiales que han aparecido en otros sets!  El gran atractivo es, como sugiere la portada, el Vicecapit\u00e1n del Rey de los Piratas, el legendario \"Rey Oscuro Silvers Rayleigh\".   \u00a1Dr. Kureha y Dr. Hiriluk del arco del Reino de Drum, junto con Carrot y Wanda del arco de Zou hacen su aparici\u00f3n! Adem\u00e1s, los Piratas de Barbablanca aparecen como azules, los Piratas de Big Mom como morados, y los Piratas del Reino Animal como negros, \u00a1abriendo un abanico de nuevas estrategias!  \u00a1Tony Tony Chopper (rojo-negro), Marco (rojo-azul) y m\u00e1s personajes se convierten en L\u00edderes por primera vez! Tambi\u00e9n incluye cartas de L\u00edderes renacidos con nuevos efectos, como el King (morado-negro).  \u00a1Repleto de cartas que pueden fortalecer varios mazos! Este Booster Pack tambi\u00e9n puede servir como base para mazos, permitiendo que los nuevos jugadores se pongan r\u00e1pidamente al nivel de los m\u00e1s experimentados.  Contenido del Producto   1x Display - \"Two Legends\" (OP-08)  24x Sobres por display  12x Cartas por sobre.  \u00a1\u00danete a las leyendas de One Piece y busca al poderoso Silvers Rayleigh en este \u00e9pico set cargado de nuevas oportunidades!","og_url":"https:\/\/akatsukianime.com\/en\/product\/one-piece-tcg-op08-two-legends-booster-box-24pack-ingles\/","og_site_name":"Akatsuki anime store","article_modified_time":"2025-10-21T15:20:02+00:00","og_image":[{"width":1000,"height":1000,"url":"https:\/\/akatsukianime.com\/wp-content\/uploads\/2024\/10\/One-Piece-TCG-OP08-Two-Legends-Booster-Box-24Pack-Ingles.jpeg","type":"image\/jpeg"}],"twitter_card":"summary_large_image","twitter_misc":{"Est. reading time":"1 minute"},"schema":{"@context":"https:\/\/schema.org","@graph":[{"@type":["WebPage","ItemPage"],"@id":"https:\/\/akatsukianime.com\/product\/one-piece-tcg-op08-two-legends-booster-box-24pack-ingles\/","url":"https:\/\/akatsukianime.com\/product\/one-piece-tcg-op08-two-legends-booster-box-24pack-ingles\/","name":"One Piece TCG OP08-Two Legends Booster Box (24Pack) Ingl\u00e9s - Akatsuki anime store","isPartOf":{"@id":"https:\/\/akatsukianime.com\/#website"},"primaryImageOfPage":{"@id":"https:\/\/akatsukianime.com\/product\/one-piece-tcg-op08-two-legends-booster-box-24pack-ingles\/#primaryimage"},"image":{"@id":"https:\/\/akatsukianime.com\/product\/one-piece-tcg-op08-two-legends-booster-box-24pack-ingles\/#primaryimage"},"thumbnailUrl":"https:\/\/akatsukianime.com\/wp-content\/uploads\/2024\/10\/One-Piece-TCG-OP08-Two-Legends-Booster-Box-24Pack-Ingles.jpeg","datePublished":"2024-10-19T12:05:13+00:00","dateModified":"2025-10-21T15:20:02+00:00","breadcrumb":{"@id":"https:\/\/akatsukianime.com\/product\/one-piece-tcg-op08-two-legends-booster-box-24pack-ingles\/#breadcrumb"},"inLanguage":"en-US","potentialAction":[{"@type":"ReadAction","target":["https:\/\/akatsukianime.com\/product\/one-piece-tcg-op08-two-legends-booster-box-24pack-ingles\/"]}]},{"@type":"ImageObject","inLanguage":"en-US","@id":"https:\/\/akatsukianime.com\/product\/one-piece-tcg-op08-two-legends-booster-box-24pack-ingles\/#primaryimage","url":"https:\/\/akatsukianime.com\/wp-content\/uploads\/2024\/10\/One-Piece-TCG-OP08-Two-Legends-Booster-Box-24Pack-Ingles.jpeg","contentUrl":"https:\/\/akatsukianime.com\/wp-content\/uploads\/2024\/10\/One-Piece-TCG-OP08-Two-Legends-Booster-Box-24Pack-Ingles.jpeg","width":1000,"height":1000,"caption":"One Piece TCG OP08-Two Legends Booster Box (24Pack) Ingl\u00e9s"},{"@type":"BreadcrumbList","@id":"https:\/\/akatsukianime.com\/product\/one-piece-tcg-op08-two-legends-booster-box-24pack-ingles\/#breadcrumb","itemListElement":[{"@type":"ListItem","position":1,"name":"Portada","item":"https:\/\/akatsukianime.com\/"},{"@type":"ListItem","position":2,"name":"Tienda","item":"https:\/\/akatsukianime.com\/tienda\/"},{"@type":"ListItem","position":3,"name":"One Piece TCG OP08-Two Legends Booster Box (24Pack) Ingl\u00e9s"}]},{"@type":"WebSite","@id":"https:\/\/akatsukianime.com\/#website","url":"https:\/\/akatsukianime.com\/","name":"Akatsuki anime store","description":"","potentialAction":[{"@type":"SearchAction","target":{"@type":"EntryPoint","urlTemplate":"https:\/\/akatsukianime.com\/?s={search_term_string}"},"query-input":{"@type":"PropertyValueSpecification","valueRequired":true,"valueName":"search_term_string"}}],"inLanguage":"en-US"}]}},"jetpack_sharing_enabled":true,"_links":{"self":[{"href":"https:\/\/akatsukianime.com\/en\/wp-json\/wp\/v2\/product\/3924","targetHints":{"allow":["GET"]}}],"collection":[{"href":"https:\/\/akatsukianime.com\/en\/wp-json\/wp\/v2\/product"}],"about":[{"href":"https:\/\/akatsukianime.com\/en\/wp-json\/wp\/v2\/types\/product"}],"version-history":[{"count":1,"href":"https:\/\/akatsukianime.com\/en\/wp-json\/wp\/v2\/product\/3924\/revisions"}],"predecessor-version":[{"id":3927,"href":"https:\/\/akatsukianime.com\/en\/wp-json\/wp\/v2\/product\/3924\/revisions\/3927"}],"wp:featuredmedia":[{"embeddable":true,"href":"https:\/\/akatsukianime.com\/en\/wp-json\/wp\/v2\/media\/3925"}],"wp:attachment":[{"href":"https:\/\/akatsukianime.com\/en\/wp-json\/wp\/v2\/media?parent=3924"}],"wp:term":[{"taxonomy":"product_cat","embeddable":true,"href":"https:\/\/akatsukianime.com\/en\/wp-json\/wp\/v2\/product_cat?post=3924"},{"taxonomy":"product_tag","embeddable":true,"href":"https:\/\/akatsukianime.com\/en\/wp-json\/wp\/v2\/product_tag?post=3924"}],"curies":[{"name":"wp","href":"https:\/\/api.w.org\/{rel}","templated":true}]}}