{"id":3928,"date":"2024-10-19T14:20:52","date_gmt":"2024-10-19T12:20:52","guid":{"rendered":"https:\/\/akatsukianime.com\/?post_type=product&#038;p=3928"},"modified":"2024-11-21T19:20:20","modified_gmt":"2024-11-21T18:20:20","slug":"one-piece-tcg-op05-awakening-of-the-new-era-booster-box-24pack-ingles","status":"publish","type":"product","link":"https:\/\/akatsukianime.com\/en\/product\/one-piece-tcg-op05-awakening-of-the-new-era-booster-box-24pack-ingles\/","title":{"rendered":"One Piece TCG OP05-Awakening Of The New Era Booster Box (24Pack) English"},"content":{"rendered":"<p><strong>Warning<\/strong><\/p>\n<ul>\n<li><strong>Language<\/strong>: English<\/li>\n<li>All 100% products are original, new and untampered with.<\/li>\n<\/ul>\n<p><strong>Legal Information<\/strong><br \/>\nReturns are not accepted for products that have already been opened.<br \/>\nNot suitable for children under 6 years old<\/p>","protected":false},"excerpt":{"rendered":"<p><strong>Product Description<\/strong><br \/>\nHe <strong>5th set of Booster Pack of the One Piece Card Game<\/strong> celebrates the <strong>first anniversary<\/strong> of the game and is packed with things you won&#039;t want to miss, like new cards illustrated by <strong>Eiichiro Oda<\/strong>! The theme of this set revolves around the <strong>Skypiea Saga<\/strong> and the <strong>Revolutionary Army<\/strong>.<\/p>\n<p><strong>For the first time, a card has a new illustration by Eiichiro Oda<\/strong><br \/>\nTo commemorate the <strong>1st Anniversary<\/strong> of the <strong>ONE PIECE CARD GAME<\/strong>, this release includes a card featuring an original illustration created by <strong>Eiichiro Oda<\/strong>!<br \/>\nGet this <strong>final letter<\/strong> that we are presenting for all the fans of <strong>ONE PIECE<\/strong> right here!<\/p>\n<p><strong>Debut of characters from the Sky Island Saga and the Revolutionary Army<\/strong><br \/>\nThe almighty <strong>God Enel<\/strong> and <strong>Sabo<\/strong>, ranked number 2 in the Revolutionary Army, are two of the many characters in <strong>Skypiea<\/strong> and of the <strong>Revolutionary Army<\/strong> making their debut in the game with this release!<\/p>\n<p><strong>GEAR5 Luffy is coming!<\/strong><br \/>\nFinally, the most powerful stage, the <strong>GEAR5<\/strong>, has been reached! <strong>GEAR5 Luffy<\/strong> makes its debut in this line of Boosters. Even <strong>Kaido<\/strong>, who fought fiercely in the Land of Wano arc, is also on set!<\/p>\n<p><strong>Leader cards with parallel manga illustrations are back<\/strong><br \/>\nLeader cards with illustrations from the manga sets <strong>\u00abROMANCE DAWN\u00bb<\/strong> and <strong>\u00abPARAMOUNT WAR\u00bb<\/strong> are receiving parallel versions and will be included in the line of <strong>\u00abAwakening of the New Era\u00bb<\/strong>.<\/p>\n<p><strong>Includes SP cards this time too!<\/strong><br \/>\nDon&#039;t miss your chance to get these beautifully designed cards!<\/p>\n<p><strong>Product Content<\/strong><\/p>\n<ul>\n<li><strong>1x Display \u2013 \u00abAwakening Of The New\u00bb (OP-05)<\/strong><\/li>\n<li><strong>24x Envelopes<\/strong> by display<\/li>\n<li><strong>12x Cards<\/strong> over.<\/li>\n<\/ul>\n<p>Celebrate the first anniversary with this epic set filled with powerful characters, stunning illustrated cards, and the long-awaited <strong>GEAR5 Luffy<\/strong>!<\/p>","protected":false},"featured_media":3930,"template":"","meta":[],"product_cat":[284,61,43,68],"product_tag":[84,251,247],"class_list":{"0":"post-3928","1":"product","2":"type-product","3":"status-publish","4":"has-post-thumbnail","6":"product_cat-one-piece-tcg","7":"product_cat-novedades","8":"product_cat-one-piece","9":"product_cat-trading-cards","10":"product_tag-one-piece","11":"product_tag-op05","12":"product_tag-tcg","14":"first","15":"outofstock","16":"taxable","17":"shipping-taxable","18":"product-type-simple"},"yoast_head":"<!-- This site is optimized with the Yoast SEO plugin v24.2 - https:\/\/yoast.com\/wordpress\/plugins\/seo\/ -->\n<title>One Piece TCG OP05-Awakening Of The New Era Booster Box (24Pack) Ingl\u00e9s - Akatsuki anime store<\/title>\n<meta name=\"robots\" content=\"index, follow, max-snippet:-1, max-image-preview:large, max-video-preview:-1\" \/>\n<link rel=\"canonical\" href=\"https:\/\/akatsukianime.com\/en\/product\/one-piece-tcg-op05-awakening-of-the-new-era-booster-box-24pack-ingles\/\" \/>\n<meta property=\"og:locale\" content=\"en_US\" \/>\n<meta property=\"og:type\" content=\"article\" \/>\n<meta property=\"og:title\" content=\"One Piece TCG OP05-Awakening Of The New Era Booster Box (24Pack) Ingl\u00e9s - Akatsuki anime store\" \/>\n<meta property=\"og:description\" content=\"Descripci\u00f3n del Producto El 5\u00ba set de Booster Pack del One Piece Card Game celebra el primer aniversario del juego y est\u00e1 repleto de cosas que no querr\u00e1s perderte, \u00a1como las nuevas cartas ilustradas por Eiichiro Oda! El tema de este set gira en torno a la Saga de Skypiea y el Ej\u00e9rcito Revolucionario.  Por primera vez, una carta tiene una nueva ilustraci\u00f3n de Eiichiro Oda \u00a1Para conmemorar el 1er Aniversario del ONE PIECE CARD GAME, este lanzamiento incluye una carta que presenta una ilustraci\u00f3n original creada por Eiichiro Oda! \u00a1Consigue esta carta definitiva que estamos presentando para todos los fan\u00e1ticos de ONE PIECE aqu\u00ed mismo!  Debut de personajes de la Saga de la Isla del Cielo y del Ej\u00e9rcito Revolucionario \u00a1El todopoderoso Dios Enel y Sabo, clasificado como el n\u00famero 2 del Ej\u00e9rcito Revolucionario, son dos de los muchos personajes de Skypiea y del Ej\u00e9rcito Revolucionario que hacen su debut en el juego con este lanzamiento!  \u00a1Llega GEAR5 Luffy! \u00a1Finalmente, la etapa m\u00e1s poderosa, el GEAR5, ha sido alcanzada! GEAR5 Luffy hace su debut en esta l\u00ednea de Boosters. \u00a1Incluso Kaido, quien luch\u00f3 ferozmente en el arco de la Tierra de Wano, tambi\u00e9n est\u00e1 en el set!  Las cartas de L\u00edder con ilustraciones del manga en versiones paralelas est\u00e1n de vuelta Las cartas de L\u00edder con ilustraciones del manga de los sets &quot;ROMANCE DAWN&quot; y &quot;PARAMOUNT WAR&quot; est\u00e1n recibiendo versiones paralelas y estar\u00e1n incluidas en la l\u00ednea de &quot;AWAKENING OF THE NEW ERA&quot;.  \u00a1Incluye cartas SP esta vez tambi\u00e9n! \u00a1No te pierdas la oportunidad de obtener estas cartas dise\u00f1adas con lujo de detalles!  Contenido del Producto   1x Display - &quot;Awakening Of The New&quot; (OP-05)  24x Sobres por display  12x Cartas por sobre.  \u00a1Celebra el primer aniversario con este set \u00e9pico lleno de poderosos personajes, impresionantes cartas ilustradas y el tan esperado GEAR5 Luffy!\" \/>\n<meta property=\"og:url\" content=\"https:\/\/akatsukianime.com\/en\/product\/one-piece-tcg-op05-awakening-of-the-new-era-booster-box-24pack-ingles\/\" \/>\n<meta property=\"og:site_name\" content=\"Akatsuki anime store\" \/>\n<meta property=\"article:modified_time\" content=\"2024-11-21T18:20:20+00:00\" \/>\n<meta property=\"og:image\" content=\"https:\/\/akatsukianime.com\/wp-content\/uploads\/2024\/10\/one-piece-op05-awakening-of-the-new-era.jpg\" \/>\n\t<meta property=\"og:image:width\" content=\"1000\" \/>\n\t<meta property=\"og:image:height\" content=\"1000\" \/>\n\t<meta property=\"og:image:type\" content=\"image\/jpeg\" \/>\n<meta name=\"twitter:card\" content=\"summary_large_image\" \/>\n<meta name=\"twitter:label1\" content=\"Est. reading time\" \/>\n\t<meta name=\"twitter:data1\" content=\"1 minute\" \/>\n<script type=\"application\/ld+json\" class=\"yoast-schema-graph\">{\"@context\":\"https:\/\/schema.org\",\"@graph\":[{\"@type\":[\"WebPage\",\"ItemPage\"],\"@id\":\"https:\/\/akatsukianime.com\/product\/one-piece-tcg-op05-awakening-of-the-new-era-booster-box-24pack-ingles\/\",\"url\":\"https:\/\/akatsukianime.com\/product\/one-piece-tcg-op05-awakening-of-the-new-era-booster-box-24pack-ingles\/\",\"name\":\"One Piece TCG OP05-Awakening Of The New Era Booster Box (24Pack) Ingl\u00e9s - Akatsuki anime store\",\"isPartOf\":{\"@id\":\"https:\/\/akatsukianime.com\/#website\"},\"primaryImageOfPage\":{\"@id\":\"https:\/\/akatsukianime.com\/product\/one-piece-tcg-op05-awakening-of-the-new-era-booster-box-24pack-ingles\/#primaryimage\"},\"image\":{\"@id\":\"https:\/\/akatsukianime.com\/product\/one-piece-tcg-op05-awakening-of-the-new-era-booster-box-24pack-ingles\/#primaryimage\"},\"thumbnailUrl\":\"https:\/\/akatsukianime.com\/wp-content\/uploads\/2024\/10\/one-piece-op05-awakening-of-the-new-era.jpg\",\"datePublished\":\"2024-10-19T12:20:52+00:00\",\"dateModified\":\"2024-11-21T18:20:20+00:00\",\"breadcrumb\":{\"@id\":\"https:\/\/akatsukianime.com\/product\/one-piece-tcg-op05-awakening-of-the-new-era-booster-box-24pack-ingles\/#breadcrumb\"},\"inLanguage\":\"en-US\",\"potentialAction\":[{\"@type\":\"ReadAction\",\"target\":[\"https:\/\/akatsukianime.com\/product\/one-piece-tcg-op05-awakening-of-the-new-era-booster-box-24pack-ingles\/\"]}]},{\"@type\":\"ImageObject\",\"inLanguage\":\"en-US\",\"@id\":\"https:\/\/akatsukianime.com\/product\/one-piece-tcg-op05-awakening-of-the-new-era-booster-box-24pack-ingles\/#primaryimage\",\"url\":\"https:\/\/akatsukianime.com\/wp-content\/uploads\/2024\/10\/one-piece-op05-awakening-of-the-new-era.jpg\",\"contentUrl\":\"https:\/\/akatsukianime.com\/wp-content\/uploads\/2024\/10\/one-piece-op05-awakening-of-the-new-era.jpg\",\"width\":1000,\"height\":1000,\"caption\":\"One Piece TCG OP05-Awakening Of The New Era Booster Box (24Pack) Ingl\u00e9s\"},{\"@type\":\"BreadcrumbList\",\"@id\":\"https:\/\/akatsukianime.com\/product\/one-piece-tcg-op05-awakening-of-the-new-era-booster-box-24pack-ingles\/#breadcrumb\",\"itemListElement\":[{\"@type\":\"ListItem\",\"position\":1,\"name\":\"Portada\",\"item\":\"https:\/\/akatsukianime.com\/\"},{\"@type\":\"ListItem\",\"position\":2,\"name\":\"Tienda\",\"item\":\"https:\/\/akatsukianime.com\/tienda\/\"},{\"@type\":\"ListItem\",\"position\":3,\"name\":\"One Piece TCG OP05-Awakening Of The New Era Booster Box (24Pack) Ingl\u00e9s\"}]},{\"@type\":\"WebSite\",\"@id\":\"https:\/\/akatsukianime.com\/#website\",\"url\":\"https:\/\/akatsukianime.com\/\",\"name\":\"Akatsuki anime store\",\"description\":\"\",\"potentialAction\":[{\"@type\":\"SearchAction\",\"target\":{\"@type\":\"EntryPoint\",\"urlTemplate\":\"https:\/\/akatsukianime.com\/?s={search_term_string}\"},\"query-input\":{\"@type\":\"PropertyValueSpecification\",\"valueRequired\":true,\"valueName\":\"search_term_string\"}}],\"inLanguage\":\"en-US\"}]}<\/script>\n<!-- \/ Yoast SEO plugin. -->","yoast_head_json":{"title":"One Piece TCG OP05-Awakening Of The New Era Booster Box (24Pack) Ingl\u00e9s - Akatsuki anime store","robots":{"index":"index","follow":"follow","max-snippet":"max-snippet:-1","max-image-preview":"max-image-preview:large","max-video-preview":"max-video-preview:-1"},"canonical":"https:\/\/akatsukianime.com\/en\/product\/one-piece-tcg-op05-awakening-of-the-new-era-booster-box-24pack-ingles\/","og_locale":"en_US","og_type":"article","og_title":"One Piece TCG OP05-Awakening Of The New Era Booster Box (24Pack) Ingl\u00e9s - Akatsuki anime store","og_description":"Descripci\u00f3n del Producto El 5\u00ba set de Booster Pack del One Piece Card Game celebra el primer aniversario del juego y est\u00e1 repleto de cosas que no querr\u00e1s perderte, \u00a1como las nuevas cartas ilustradas por Eiichiro Oda! El tema de este set gira en torno a la Saga de Skypiea y el Ej\u00e9rcito Revolucionario.  Por primera vez, una carta tiene una nueva ilustraci\u00f3n de Eiichiro Oda \u00a1Para conmemorar el 1er Aniversario del ONE PIECE CARD GAME, este lanzamiento incluye una carta que presenta una ilustraci\u00f3n original creada por Eiichiro Oda! \u00a1Consigue esta carta definitiva que estamos presentando para todos los fan\u00e1ticos de ONE PIECE aqu\u00ed mismo!  Debut de personajes de la Saga de la Isla del Cielo y del Ej\u00e9rcito Revolucionario \u00a1El todopoderoso Dios Enel y Sabo, clasificado como el n\u00famero 2 del Ej\u00e9rcito Revolucionario, son dos de los muchos personajes de Skypiea y del Ej\u00e9rcito Revolucionario que hacen su debut en el juego con este lanzamiento!  \u00a1Llega GEAR5 Luffy! \u00a1Finalmente, la etapa m\u00e1s poderosa, el GEAR5, ha sido alcanzada! GEAR5 Luffy hace su debut en esta l\u00ednea de Boosters. \u00a1Incluso Kaido, quien luch\u00f3 ferozmente en el arco de la Tierra de Wano, tambi\u00e9n est\u00e1 en el set!  Las cartas de L\u00edder con ilustraciones del manga en versiones paralelas est\u00e1n de vuelta Las cartas de L\u00edder con ilustraciones del manga de los sets \"ROMANCE DAWN\" y \"PARAMOUNT WAR\" est\u00e1n recibiendo versiones paralelas y estar\u00e1n incluidas en la l\u00ednea de \"AWAKENING OF THE NEW ERA\".  \u00a1Incluye cartas SP esta vez tambi\u00e9n! \u00a1No te pierdas la oportunidad de obtener estas cartas dise\u00f1adas con lujo de detalles!  Contenido del Producto   1x Display - \"Awakening Of The New\" (OP-05)  24x Sobres por display  12x Cartas por sobre.  \u00a1Celebra el primer aniversario con este set \u00e9pico lleno de poderosos personajes, impresionantes cartas ilustradas y el tan esperado GEAR5 Luffy!","og_url":"https:\/\/akatsukianime.com\/en\/product\/one-piece-tcg-op05-awakening-of-the-new-era-booster-box-24pack-ingles\/","og_site_name":"Akatsuki anime store","article_modified_time":"2024-11-21T18:20:20+00:00","og_image":[{"width":1000,"height":1000,"url":"https:\/\/akatsukianime.com\/wp-content\/uploads\/2024\/10\/one-piece-op05-awakening-of-the-new-era.jpg","type":"image\/jpeg"}],"twitter_card":"summary_large_image","twitter_misc":{"Est. reading time":"1 minute"},"schema":{"@context":"https:\/\/schema.org","@graph":[{"@type":["WebPage","ItemPage"],"@id":"https:\/\/akatsukianime.com\/product\/one-piece-tcg-op05-awakening-of-the-new-era-booster-box-24pack-ingles\/","url":"https:\/\/akatsukianime.com\/product\/one-piece-tcg-op05-awakening-of-the-new-era-booster-box-24pack-ingles\/","name":"One Piece TCG OP05-Awakening Of The New Era Booster Box (24Pack) Ingl\u00e9s - Akatsuki anime store","isPartOf":{"@id":"https:\/\/akatsukianime.com\/#website"},"primaryImageOfPage":{"@id":"https:\/\/akatsukianime.com\/product\/one-piece-tcg-op05-awakening-of-the-new-era-booster-box-24pack-ingles\/#primaryimage"},"image":{"@id":"https:\/\/akatsukianime.com\/product\/one-piece-tcg-op05-awakening-of-the-new-era-booster-box-24pack-ingles\/#primaryimage"},"thumbnailUrl":"https:\/\/akatsukianime.com\/wp-content\/uploads\/2024\/10\/one-piece-op05-awakening-of-the-new-era.jpg","datePublished":"2024-10-19T12:20:52+00:00","dateModified":"2024-11-21T18:20:20+00:00","breadcrumb":{"@id":"https:\/\/akatsukianime.com\/product\/one-piece-tcg-op05-awakening-of-the-new-era-booster-box-24pack-ingles\/#breadcrumb"},"inLanguage":"en-US","potentialAction":[{"@type":"ReadAction","target":["https:\/\/akatsukianime.com\/product\/one-piece-tcg-op05-awakening-of-the-new-era-booster-box-24pack-ingles\/"]}]},{"@type":"ImageObject","inLanguage":"en-US","@id":"https:\/\/akatsukianime.com\/product\/one-piece-tcg-op05-awakening-of-the-new-era-booster-box-24pack-ingles\/#primaryimage","url":"https:\/\/akatsukianime.com\/wp-content\/uploads\/2024\/10\/one-piece-op05-awakening-of-the-new-era.jpg","contentUrl":"https:\/\/akatsukianime.com\/wp-content\/uploads\/2024\/10\/one-piece-op05-awakening-of-the-new-era.jpg","width":1000,"height":1000,"caption":"One Piece TCG OP05-Awakening Of The New Era Booster Box (24Pack) Ingl\u00e9s"},{"@type":"BreadcrumbList","@id":"https:\/\/akatsukianime.com\/product\/one-piece-tcg-op05-awakening-of-the-new-era-booster-box-24pack-ingles\/#breadcrumb","itemListElement":[{"@type":"ListItem","position":1,"name":"Portada","item":"https:\/\/akatsukianime.com\/"},{"@type":"ListItem","position":2,"name":"Tienda","item":"https:\/\/akatsukianime.com\/tienda\/"},{"@type":"ListItem","position":3,"name":"One Piece TCG OP05-Awakening Of The New Era Booster Box (24Pack) Ingl\u00e9s"}]},{"@type":"WebSite","@id":"https:\/\/akatsukianime.com\/#website","url":"https:\/\/akatsukianime.com\/","name":"Akatsuki anime store","description":"","potentialAction":[{"@type":"SearchAction","target":{"@type":"EntryPoint","urlTemplate":"https:\/\/akatsukianime.com\/?s={search_term_string}"},"query-input":{"@type":"PropertyValueSpecification","valueRequired":true,"valueName":"search_term_string"}}],"inLanguage":"en-US"}]}},"jetpack_sharing_enabled":true,"_links":{"self":[{"href":"https:\/\/akatsukianime.com\/en\/wp-json\/wp\/v2\/product\/3928","targetHints":{"allow":["GET"]}}],"collection":[{"href":"https:\/\/akatsukianime.com\/en\/wp-json\/wp\/v2\/product"}],"about":[{"href":"https:\/\/akatsukianime.com\/en\/wp-json\/wp\/v2\/types\/product"}],"version-history":[{"count":1,"href":"https:\/\/akatsukianime.com\/en\/wp-json\/wp\/v2\/product\/3928\/revisions"}],"predecessor-version":[{"id":3931,"href":"https:\/\/akatsukianime.com\/en\/wp-json\/wp\/v2\/product\/3928\/revisions\/3931"}],"wp:featuredmedia":[{"embeddable":true,"href":"https:\/\/akatsukianime.com\/en\/wp-json\/wp\/v2\/media\/3930"}],"wp:attachment":[{"href":"https:\/\/akatsukianime.com\/en\/wp-json\/wp\/v2\/media?parent=3928"}],"wp:term":[{"taxonomy":"product_cat","embeddable":true,"href":"https:\/\/akatsukianime.com\/en\/wp-json\/wp\/v2\/product_cat?post=3928"},{"taxonomy":"product_tag","embeddable":true,"href":"https:\/\/akatsukianime.com\/en\/wp-json\/wp\/v2\/product_tag?post=3928"}],"curies":[{"name":"wp","href":"https:\/\/api.w.org\/{rel}","templated":true}]}}