{"id":3957,"date":"2024-10-22T19:12:53","date_gmt":"2024-10-22T17:12:53","guid":{"rendered":"https:\/\/akatsukianime.com\/?post_type=product&#038;p=3957"},"modified":"2024-11-11T16:32:26","modified_gmt":"2024-11-11T15:32:26","slug":"one-piece-figuartszero-extra-battle-yamato-bounty-rush-5th-anniversary-ver","status":"publish","type":"product","link":"https:\/\/akatsukianime.com\/en\/product\/one-piece-figuartszero-extra-battle-yamato-bounty-rush-5th-anniversary-ver\/","title":{"rendered":"One Piece FiguartsZERO Extra Battle Yamato (Bounty Rush 5th Anniversary Ver.)"},"content":{"rendered":"<p><strong>Box contents:<\/strong><\/p>\n<ul>\n<li>Figure of <strong>Yamato<\/strong><\/li>\n<\/ul>\n<p>&nbsp;<\/p>","protected":false},"excerpt":{"rendered":"<p><strong>Product Description:<\/strong><br \/>\nFrom the legendary anime series <em>One Piece<\/em> The next installment of the acclaimed line arrives <strong>FiguartsZERO Extra Battle<\/strong>: \u00a1<strong>Yamato<\/strong>! Armed with her iconic mace, Yamato unleashes a devastating attack against her opponent. Combine this impressive figure with the one from <strong>Portgas D. Ace<\/strong> (sold separately) to complete your epic collection of <em>One Piece<\/em>.<\/p>\n<p><strong>Product Features:<\/strong><\/p>\n<ul>\n<li><strong>Height:<\/strong> 11.81 inches (30 cm)<\/li>\n<li><strong>Material:<\/strong> High quality plastic<\/li>\n<li><strong>Based on:<\/strong> The anime series <em>One Piece<\/em><\/li>\n<li><strong>Part of:<\/strong> The FiguartsZERO line<\/li>\n<li><strong>Highly detailed<\/strong>, with an incredible finish<\/li>\n<li><strong>Not articulated<\/strong><\/li>\n<\/ul>\n<p>Get this Yamato figure to your collection! <em>One Piece<\/em> and relive the most epic battles with this impressive figure from the series <strong>Extra Battle<\/strong>!<\/p>","protected":false},"featured_media":3964,"template":"","meta":[],"product_cat":[276,91,61,43],"product_tag":[136,225,85,255],"class_list":{"0":"post-3957","1":"product","2":"type-product","3":"status-publish","4":"has-post-thumbnail","6":"product_cat-figuarts-zero","7":"product_cat-tamashii-nations","8":"product_cat-novedades","9":"product_cat-one-piece","10":"product_tag-extra-battle","11":"product_tag-figuartszero","12":"product_tag-tamashii-nations","13":"product_tag-yamato","15":"first","16":"instock","17":"sold-individually","18":"taxable","19":"shipping-taxable","20":"purchasable","21":"product-type-simple"},"yoast_head":"<!-- This site is optimized with the Yoast SEO plugin v24.2 - https:\/\/yoast.com\/wordpress\/plugins\/seo\/ -->\n<title>One Piece FiguartsZERO Extra Battle Yamato (Bounty Rush 5th Anniversary Ver.)- Akatsuki anime store<\/title>\n<meta name=\"robots\" content=\"index, follow, max-snippet:-1, max-image-preview:large, max-video-preview:-1\" \/>\n<link rel=\"canonical\" href=\"https:\/\/akatsukianime.com\/en\/product\/one-piece-figuartszero-extra-battle-yamato-bounty-rush-5th-anniversary-ver\/\" \/>\n<meta property=\"og:locale\" content=\"en_US\" \/>\n<meta property=\"og:type\" content=\"article\" \/>\n<meta property=\"og:title\" content=\"One Piece FiguartsZERO Extra Battle Yamato (Bounty Rush 5th Anniversary Ver.)- Akatsuki anime store\" \/>\n<meta property=\"og:description\" content=\"Descripci\u00f3n del producto: Desde la legendaria serie de anime One Piece llega la siguiente entrega de la aclamada l\u00ednea FiguartsZERO Extra Battle: \u00a1Yamato! Armada con su ic\u00f3nica maza, Yamato desata un ataque devastador contra su oponente. Combina esta impresionante figura con la de Portgas D. Ace (se vende por separado) para completar tu colecci\u00f3n \u00e9pica de One Piece.  Caracter\u00edsticas del producto:   Altura: 11.81 pulgadas (30 cm)  Material: Pl\u00e1stico de alta calidad  Basado en: La serie de anime One Piece  Parte de: La l\u00ednea FiguartsZERO  Altamente detallada, con un acabado incre\u00edble  No articulada  \u00a1Consigue a esta figura de Yamato a tu colecci\u00f3n de One Piece y revive las batallas m\u00e1s \u00e9picas con esta impresionante figura de la serie Extra Battle!\" \/>\n<meta property=\"og:url\" content=\"https:\/\/akatsukianime.com\/en\/product\/one-piece-figuartszero-extra-battle-yamato-bounty-rush-5th-anniversary-ver\/\" \/>\n<meta property=\"og:site_name\" content=\"Akatsuki anime store\" \/>\n<meta property=\"article:modified_time\" content=\"2024-11-11T15:32:26+00:00\" \/>\n<meta property=\"og:image\" content=\"https:\/\/akatsukianime.com\/wp-content\/uploads\/2024\/10\/One-Piece-FiguartsZERO-Extra-Battle-Yamato-Bounty-Rush-5th-Anniversary-Ver.jpg\" \/>\n\t<meta property=\"og:image:width\" content=\"1000\" \/>\n\t<meta property=\"og:image:height\" content=\"1000\" \/>\n\t<meta property=\"og:image:type\" content=\"image\/jpeg\" \/>\n<meta name=\"twitter:card\" content=\"summary_large_image\" \/>\n<script type=\"application\/ld+json\" class=\"yoast-schema-graph\">{\"@context\":\"https:\/\/schema.org\",\"@graph\":[{\"@type\":[\"WebPage\",\"ItemPage\"],\"@id\":\"https:\/\/akatsukianime.com\/product\/one-piece-figuartszero-extra-battle-yamato-bounty-rush-5th-anniversary-ver\/\",\"url\":\"https:\/\/akatsukianime.com\/product\/one-piece-figuartszero-extra-battle-yamato-bounty-rush-5th-anniversary-ver\/\",\"name\":\"One Piece FiguartsZERO Extra Battle Yamato (Bounty Rush 5th Anniversary Ver.)- Akatsuki anime store\",\"isPartOf\":{\"@id\":\"https:\/\/akatsukianime.com\/#website\"},\"primaryImageOfPage\":{\"@id\":\"https:\/\/akatsukianime.com\/product\/one-piece-figuartszero-extra-battle-yamato-bounty-rush-5th-anniversary-ver\/#primaryimage\"},\"image\":{\"@id\":\"https:\/\/akatsukianime.com\/product\/one-piece-figuartszero-extra-battle-yamato-bounty-rush-5th-anniversary-ver\/#primaryimage\"},\"thumbnailUrl\":\"https:\/\/akatsukianime.com\/wp-content\/uploads\/2024\/10\/One-Piece-FiguartsZERO-Extra-Battle-Yamato-Bounty-Rush-5th-Anniversary-Ver.jpg\",\"datePublished\":\"2024-10-22T17:12:53+00:00\",\"dateModified\":\"2024-11-11T15:32:26+00:00\",\"breadcrumb\":{\"@id\":\"https:\/\/akatsukianime.com\/product\/one-piece-figuartszero-extra-battle-yamato-bounty-rush-5th-anniversary-ver\/#breadcrumb\"},\"inLanguage\":\"en-US\",\"potentialAction\":[{\"@type\":\"ReadAction\",\"target\":[\"https:\/\/akatsukianime.com\/product\/one-piece-figuartszero-extra-battle-yamato-bounty-rush-5th-anniversary-ver\/\"]}]},{\"@type\":\"ImageObject\",\"inLanguage\":\"en-US\",\"@id\":\"https:\/\/akatsukianime.com\/product\/one-piece-figuartszero-extra-battle-yamato-bounty-rush-5th-anniversary-ver\/#primaryimage\",\"url\":\"https:\/\/akatsukianime.com\/wp-content\/uploads\/2024\/10\/One-Piece-FiguartsZERO-Extra-Battle-Yamato-Bounty-Rush-5th-Anniversary-Ver.jpg\",\"contentUrl\":\"https:\/\/akatsukianime.com\/wp-content\/uploads\/2024\/10\/One-Piece-FiguartsZERO-Extra-Battle-Yamato-Bounty-Rush-5th-Anniversary-Ver.jpg\",\"width\":1000,\"height\":1000},{\"@type\":\"BreadcrumbList\",\"@id\":\"https:\/\/akatsukianime.com\/product\/one-piece-figuartszero-extra-battle-yamato-bounty-rush-5th-anniversary-ver\/#breadcrumb\",\"itemListElement\":[{\"@type\":\"ListItem\",\"position\":1,\"name\":\"Portada\",\"item\":\"https:\/\/akatsukianime.com\/\"},{\"@type\":\"ListItem\",\"position\":2,\"name\":\"Tienda\",\"item\":\"https:\/\/akatsukianime.com\/tienda\/\"},{\"@type\":\"ListItem\",\"position\":3,\"name\":\"One Piece FiguartsZERO Extra Battle Yamato (Bounty Rush 5th Anniversary Ver.)\"}]},{\"@type\":\"WebSite\",\"@id\":\"https:\/\/akatsukianime.com\/#website\",\"url\":\"https:\/\/akatsukianime.com\/\",\"name\":\"Akatsuki anime store\",\"description\":\"\",\"potentialAction\":[{\"@type\":\"SearchAction\",\"target\":{\"@type\":\"EntryPoint\",\"urlTemplate\":\"https:\/\/akatsukianime.com\/?s={search_term_string}\"},\"query-input\":{\"@type\":\"PropertyValueSpecification\",\"valueRequired\":true,\"valueName\":\"search_term_string\"}}],\"inLanguage\":\"en-US\"}]}<\/script>\n<!-- \/ Yoast SEO plugin. -->","yoast_head_json":{"title":"One Piece FiguartsZERO Extra Battle Yamato (Bounty Rush 5th Anniversary Ver.)- Akatsuki anime store","robots":{"index":"index","follow":"follow","max-snippet":"max-snippet:-1","max-image-preview":"max-image-preview:large","max-video-preview":"max-video-preview:-1"},"canonical":"https:\/\/akatsukianime.com\/en\/product\/one-piece-figuartszero-extra-battle-yamato-bounty-rush-5th-anniversary-ver\/","og_locale":"en_US","og_type":"article","og_title":"One Piece FiguartsZERO Extra Battle Yamato (Bounty Rush 5th Anniversary Ver.)- Akatsuki anime store","og_description":"Descripci\u00f3n del producto: Desde la legendaria serie de anime One Piece llega la siguiente entrega de la aclamada l\u00ednea FiguartsZERO Extra Battle: \u00a1Yamato! Armada con su ic\u00f3nica maza, Yamato desata un ataque devastador contra su oponente. Combina esta impresionante figura con la de Portgas D. Ace (se vende por separado) para completar tu colecci\u00f3n \u00e9pica de One Piece.  Caracter\u00edsticas del producto:   Altura: 11.81 pulgadas (30 cm)  Material: Pl\u00e1stico de alta calidad  Basado en: La serie de anime One Piece  Parte de: La l\u00ednea FiguartsZERO  Altamente detallada, con un acabado incre\u00edble  No articulada  \u00a1Consigue a esta figura de Yamato a tu colecci\u00f3n de One Piece y revive las batallas m\u00e1s \u00e9picas con esta impresionante figura de la serie Extra Battle!","og_url":"https:\/\/akatsukianime.com\/en\/product\/one-piece-figuartszero-extra-battle-yamato-bounty-rush-5th-anniversary-ver\/","og_site_name":"Akatsuki anime store","article_modified_time":"2024-11-11T15:32:26+00:00","og_image":[{"width":1000,"height":1000,"url":"https:\/\/akatsukianime.com\/wp-content\/uploads\/2024\/10\/One-Piece-FiguartsZERO-Extra-Battle-Yamato-Bounty-Rush-5th-Anniversary-Ver.jpg","type":"image\/jpeg"}],"twitter_card":"summary_large_image","schema":{"@context":"https:\/\/schema.org","@graph":[{"@type":["WebPage","ItemPage"],"@id":"https:\/\/akatsukianime.com\/product\/one-piece-figuartszero-extra-battle-yamato-bounty-rush-5th-anniversary-ver\/","url":"https:\/\/akatsukianime.com\/product\/one-piece-figuartszero-extra-battle-yamato-bounty-rush-5th-anniversary-ver\/","name":"One Piece FiguartsZERO Extra Battle Yamato (Bounty Rush 5th Anniversary Ver.)- Akatsuki anime store","isPartOf":{"@id":"https:\/\/akatsukianime.com\/#website"},"primaryImageOfPage":{"@id":"https:\/\/akatsukianime.com\/product\/one-piece-figuartszero-extra-battle-yamato-bounty-rush-5th-anniversary-ver\/#primaryimage"},"image":{"@id":"https:\/\/akatsukianime.com\/product\/one-piece-figuartszero-extra-battle-yamato-bounty-rush-5th-anniversary-ver\/#primaryimage"},"thumbnailUrl":"https:\/\/akatsukianime.com\/wp-content\/uploads\/2024\/10\/One-Piece-FiguartsZERO-Extra-Battle-Yamato-Bounty-Rush-5th-Anniversary-Ver.jpg","datePublished":"2024-10-22T17:12:53+00:00","dateModified":"2024-11-11T15:32:26+00:00","breadcrumb":{"@id":"https:\/\/akatsukianime.com\/product\/one-piece-figuartszero-extra-battle-yamato-bounty-rush-5th-anniversary-ver\/#breadcrumb"},"inLanguage":"en-US","potentialAction":[{"@type":"ReadAction","target":["https:\/\/akatsukianime.com\/product\/one-piece-figuartszero-extra-battle-yamato-bounty-rush-5th-anniversary-ver\/"]}]},{"@type":"ImageObject","inLanguage":"en-US","@id":"https:\/\/akatsukianime.com\/product\/one-piece-figuartszero-extra-battle-yamato-bounty-rush-5th-anniversary-ver\/#primaryimage","url":"https:\/\/akatsukianime.com\/wp-content\/uploads\/2024\/10\/One-Piece-FiguartsZERO-Extra-Battle-Yamato-Bounty-Rush-5th-Anniversary-Ver.jpg","contentUrl":"https:\/\/akatsukianime.com\/wp-content\/uploads\/2024\/10\/One-Piece-FiguartsZERO-Extra-Battle-Yamato-Bounty-Rush-5th-Anniversary-Ver.jpg","width":1000,"height":1000},{"@type":"BreadcrumbList","@id":"https:\/\/akatsukianime.com\/product\/one-piece-figuartszero-extra-battle-yamato-bounty-rush-5th-anniversary-ver\/#breadcrumb","itemListElement":[{"@type":"ListItem","position":1,"name":"Portada","item":"https:\/\/akatsukianime.com\/"},{"@type":"ListItem","position":2,"name":"Tienda","item":"https:\/\/akatsukianime.com\/tienda\/"},{"@type":"ListItem","position":3,"name":"One Piece FiguartsZERO Extra Battle Yamato (Bounty Rush 5th Anniversary Ver.)"}]},{"@type":"WebSite","@id":"https:\/\/akatsukianime.com\/#website","url":"https:\/\/akatsukianime.com\/","name":"Akatsuki anime store","description":"","potentialAction":[{"@type":"SearchAction","target":{"@type":"EntryPoint","urlTemplate":"https:\/\/akatsukianime.com\/?s={search_term_string}"},"query-input":{"@type":"PropertyValueSpecification","valueRequired":true,"valueName":"search_term_string"}}],"inLanguage":"en-US"}]}},"jetpack_sharing_enabled":true,"_links":{"self":[{"href":"https:\/\/akatsukianime.com\/en\/wp-json\/wp\/v2\/product\/3957","targetHints":{"allow":["GET"]}}],"collection":[{"href":"https:\/\/akatsukianime.com\/en\/wp-json\/wp\/v2\/product"}],"about":[{"href":"https:\/\/akatsukianime.com\/en\/wp-json\/wp\/v2\/types\/product"}],"version-history":[{"count":1,"href":"https:\/\/akatsukianime.com\/en\/wp-json\/wp\/v2\/product\/3957\/revisions"}],"predecessor-version":[{"id":3965,"href":"https:\/\/akatsukianime.com\/en\/wp-json\/wp\/v2\/product\/3957\/revisions\/3965"}],"wp:featuredmedia":[{"embeddable":true,"href":"https:\/\/akatsukianime.com\/en\/wp-json\/wp\/v2\/media\/3964"}],"wp:attachment":[{"href":"https:\/\/akatsukianime.com\/en\/wp-json\/wp\/v2\/media?parent=3957"}],"wp:term":[{"taxonomy":"product_cat","embeddable":true,"href":"https:\/\/akatsukianime.com\/en\/wp-json\/wp\/v2\/product_cat?post=3957"},{"taxonomy":"product_tag","embeddable":true,"href":"https:\/\/akatsukianime.com\/en\/wp-json\/wp\/v2\/product_tag?post=3957"}],"curies":[{"name":"wp","href":"https:\/\/api.w.org\/{rel}","templated":true}]}}