{"id":4026,"date":"2024-10-28T14:16:11","date_gmt":"2024-10-28T13:16:11","guid":{"rendered":"https:\/\/akatsukianime.com\/?post_type=product&#038;p=4026"},"modified":"2024-10-28T14:16:11","modified_gmt":"2024-10-28T13:16:11","slug":"mobile-suit-gundam-chars-counterattack-mg-hi-nu-gundam-ver-ka-1-100-scale-model-kit","status":"publish","type":"product","link":"https:\/\/akatsukianime.com\/en\/product\/mobile-suit-gundam-chars-counterattack-mg-hi-nu-gundam-ver-ka-1-100-scale-model-kit\/","title":{"rendered":"Mobile Suit Gundam: Char&#039;s Counterattack MG Hi-Nu Gundam (Ver. Ka) 1\/100 Scale Model Kit"},"content":{"rendered":"<p><strong>Box Contents<\/strong><\/p>\n<ul>\n<li>Parts to assemble the <strong>Hi-Nu Gundam<\/strong><\/li>\n<li>Mountable Weaponry<\/li>\n<li>Forearm weapons<\/li>\n<li>Display stand<\/li>\n<li>Water slide decals<\/li>\n<li>Aluminum stamps<\/li>\n<li>Instructions<\/li>\n<\/ul>","protected":false},"excerpt":{"rendered":"<p><strong>Product Description<\/strong><br \/>\nThe immense and powerful <strong>Hi-Nu Gundam<\/strong>, based on the novel <strong>Char&#039;s Counterattack: Beltorchika&#039;s Children<\/strong>, returns to the popular line <strong>Master Grade<\/strong> from Bandai.<\/p>\n<p>Inspired by the original illustration, this kit <strong>See. Ka<\/strong> reproduces its proportions in a modern way. Like its original 2007 release, it comes with a themed stand <strong>Amuro<\/strong> and new special transparent stands to display his remote weapons, which can be detached from his back.<\/p>\n<p>Once completed, the fingers are individually articulated and it features a wide arsenal, including a beam rifle, bazooka, shield system with weapons, machine cannons and multiple lightsabers.<\/p>\n<p><strong>Product Features<\/strong><\/p>\n<ul>\n<li><strong>Scale 1\/100<\/strong><\/li>\n<li>Made of plastic<\/li>\n<li>Part of the series <strong>Master Grade<\/strong><\/li>\n<li>Based on the manga and novel <strong>Mobile Suit Gundam: Char&#039;s Counterattack \u2013 Beltorchika&#039;s Children<\/strong><\/li>\n<li>Includes water slide decals and figure stand<\/li>\n<li>Optional LED unit can be installed (not included)<\/li>\n<li>Instructions may or may not include English translation.<\/li>\n<\/ul>\n<p>Build and show the formidable <strong>Hi-Nu Gundam<\/strong> with this detailed kit <strong>Master Grade Ver. Ka<\/strong>, and equip this legendary Mobile Suit with a power worthy of the best galactic battles!<\/p>","protected":false},"featured_media":4030,"template":"","meta":[],"product_cat":[94,66,103,61,56],"product_tag":[108,107,181,104],"class_list":{"0":"post-4026","1":"product","2":"type-product","3":"status-publish","4":"has-post-thumbnail","6":"product_cat-bandai-hobby-site","7":"product_cat-model-kit","8":"product_cat-6-master-grade-1-100","9":"product_cat-novedades","10":"product_cat-gundam","11":"product_tag-1-100","12":"product_tag-master-grade","13":"product_tag-mobile-suit-gundam","14":"product_tag-model-kit","16":"first","17":"instock","18":"sold-individually","19":"taxable","20":"shipping-taxable","21":"purchasable","22":"product-type-simple"},"yoast_head":"<!-- This site is optimized with the Yoast SEO plugin v24.2 - https:\/\/yoast.com\/wordpress\/plugins\/seo\/ -->\n<title>Mobile Suit Gundam: Char&#039;s Counterattack MG Hi-Nu Gundam (Ver. Ka) 1\/100 Scale Model Kit- Akatsuki anime store<\/title>\n<meta name=\"robots\" content=\"index, follow, max-snippet:-1, max-image-preview:large, max-video-preview:-1\" \/>\n<link rel=\"canonical\" href=\"https:\/\/akatsukianime.com\/en\/product\/mobile-suit-gundam-chars-counterattack-mg-hi-nu-gundam-ver-ka-1-100-scale-model-kit\/\" \/>\n<meta property=\"og:locale\" content=\"en_US\" \/>\n<meta property=\"og:type\" content=\"article\" \/>\n<meta property=\"og:title\" content=\"Mobile Suit Gundam: Char&#039;s Counterattack MG Hi-Nu Gundam (Ver. Ka) 1\/100 Scale Model Kit- Akatsuki anime store\" \/>\n<meta property=\"og:description\" content=\"Descripci\u00f3n del Producto El inmenso y poderoso Hi-Nu Gundam, basado en la novela Char&#039;s Counterattack: Beltorchika&#039;s Children, regresa a la popular l\u00ednea Master Grade de Bandai.  Inspirado en la ilustraci\u00f3n original, este kit Ver. Ka reproduce sus proporciones de manera moderna. Al igual que su lanzamiento original de 2007, viene con un soporte tem\u00e1tico de Amuro y nuevos soportes transparentes especiales para exhibir sus armas remotas, las cuales pueden separarse de su espalda.  Una vez completado, los dedos son articulados de manera individual y presenta un amplio arsenal, incluyendo rifle de rayos, bazuca, sistema de escudo con armas, ca\u00f1ones de m\u00e1quina y m\u00faltiples sables de luz.  Caracter\u00edsticas del Producto   Escala 1\/100  Fabricado en pl\u00e1stico  Parte de la serie Master Grade  Basado en el manga y novela Mobile Suit Gundam: Char&#039;s Counterattack - Beltorchika&#039;s Children  Incluye calcoman\u00edas de deslizamiento en agua y soporte para figuras  Unidad LED opcional que se puede instalar (no incluida)  Las instrucciones pueden o no incluir traducci\u00f3n al ingl\u00e9s  \u00a1Construye y muestra al formidable Hi-Nu Gundam con este detallado kit Master Grade Ver. Ka, y equipa a este legendario Mobile Suit con un poder\u00edo digno de las mejores batallas gal\u00e1cticas!\" \/>\n<meta property=\"og:url\" content=\"https:\/\/akatsukianime.com\/en\/product\/mobile-suit-gundam-chars-counterattack-mg-hi-nu-gundam-ver-ka-1-100-scale-model-kit\/\" \/>\n<meta property=\"og:site_name\" content=\"Akatsuki anime store\" \/>\n<meta property=\"og:image\" content=\"https:\/\/akatsukianime.com\/wp-content\/uploads\/2024\/10\/Mobile-Suit-Gundam-Chars-Counterattack-MG-Hi-Nu-Gundam-Ver-Ka-100-Scale-Model-Kit.jpg\" \/>\n\t<meta property=\"og:image:width\" content=\"1000\" \/>\n\t<meta property=\"og:image:height\" content=\"1000\" \/>\n\t<meta property=\"og:image:type\" content=\"image\/jpeg\" \/>\n<meta name=\"twitter:card\" content=\"summary_large_image\" \/>\n<script type=\"application\/ld+json\" class=\"yoast-schema-graph\">{\"@context\":\"https:\/\/schema.org\",\"@graph\":[{\"@type\":[\"WebPage\",\"ItemPage\"],\"@id\":\"https:\/\/akatsukianime.com\/product\/mobile-suit-gundam-chars-counterattack-mg-hi-nu-gundam-ver-ka-1-100-scale-model-kit\/\",\"url\":\"https:\/\/akatsukianime.com\/product\/mobile-suit-gundam-chars-counterattack-mg-hi-nu-gundam-ver-ka-1-100-scale-model-kit\/\",\"name\":\"Mobile Suit Gundam: Char's Counterattack MG Hi-Nu Gundam (Ver. Ka) 1\/100 Scale Model Kit- Akatsuki anime store\",\"isPartOf\":{\"@id\":\"https:\/\/akatsukianime.com\/#website\"},\"primaryImageOfPage\":{\"@id\":\"https:\/\/akatsukianime.com\/product\/mobile-suit-gundam-chars-counterattack-mg-hi-nu-gundam-ver-ka-1-100-scale-model-kit\/#primaryimage\"},\"image\":{\"@id\":\"https:\/\/akatsukianime.com\/product\/mobile-suit-gundam-chars-counterattack-mg-hi-nu-gundam-ver-ka-1-100-scale-model-kit\/#primaryimage\"},\"thumbnailUrl\":\"https:\/\/akatsukianime.com\/wp-content\/uploads\/2024\/10\/Mobile-Suit-Gundam-Chars-Counterattack-MG-Hi-Nu-Gundam-Ver-Ka-100-Scale-Model-Kit.jpg\",\"datePublished\":\"2024-10-28T13:16:11+00:00\",\"dateModified\":\"2024-10-28T13:16:11+00:00\",\"breadcrumb\":{\"@id\":\"https:\/\/akatsukianime.com\/product\/mobile-suit-gundam-chars-counterattack-mg-hi-nu-gundam-ver-ka-1-100-scale-model-kit\/#breadcrumb\"},\"inLanguage\":\"en-US\",\"potentialAction\":[{\"@type\":\"ReadAction\",\"target\":[\"https:\/\/akatsukianime.com\/product\/mobile-suit-gundam-chars-counterattack-mg-hi-nu-gundam-ver-ka-1-100-scale-model-kit\/\"]}]},{\"@type\":\"ImageObject\",\"inLanguage\":\"en-US\",\"@id\":\"https:\/\/akatsukianime.com\/product\/mobile-suit-gundam-chars-counterattack-mg-hi-nu-gundam-ver-ka-1-100-scale-model-kit\/#primaryimage\",\"url\":\"https:\/\/akatsukianime.com\/wp-content\/uploads\/2024\/10\/Mobile-Suit-Gundam-Chars-Counterattack-MG-Hi-Nu-Gundam-Ver-Ka-100-Scale-Model-Kit.jpg\",\"contentUrl\":\"https:\/\/akatsukianime.com\/wp-content\/uploads\/2024\/10\/Mobile-Suit-Gundam-Chars-Counterattack-MG-Hi-Nu-Gundam-Ver-Ka-100-Scale-Model-Kit.jpg\",\"width\":1000,\"height\":1000},{\"@type\":\"BreadcrumbList\",\"@id\":\"https:\/\/akatsukianime.com\/product\/mobile-suit-gundam-chars-counterattack-mg-hi-nu-gundam-ver-ka-1-100-scale-model-kit\/#breadcrumb\",\"itemListElement\":[{\"@type\":\"ListItem\",\"position\":1,\"name\":\"Portada\",\"item\":\"https:\/\/akatsukianime.com\/\"},{\"@type\":\"ListItem\",\"position\":2,\"name\":\"Tienda\",\"item\":\"https:\/\/akatsukianime.com\/tienda\/\"},{\"@type\":\"ListItem\",\"position\":3,\"name\":\"Mobile Suit Gundam: Char&#8217;s Counterattack MG Hi-Nu Gundam (Ver. Ka) 1\/100 Scale Model Kit\"}]},{\"@type\":\"WebSite\",\"@id\":\"https:\/\/akatsukianime.com\/#website\",\"url\":\"https:\/\/akatsukianime.com\/\",\"name\":\"Akatsuki anime store\",\"description\":\"\",\"potentialAction\":[{\"@type\":\"SearchAction\",\"target\":{\"@type\":\"EntryPoint\",\"urlTemplate\":\"https:\/\/akatsukianime.com\/?s={search_term_string}\"},\"query-input\":{\"@type\":\"PropertyValueSpecification\",\"valueRequired\":true,\"valueName\":\"search_term_string\"}}],\"inLanguage\":\"en-US\"}]}<\/script>\n<!-- \/ Yoast SEO plugin. -->","yoast_head_json":{"title":"Mobile Suit Gundam: Char's Counterattack MG Hi-Nu Gundam (Ver. Ka) 1\/100 Scale Model Kit- Akatsuki anime store","robots":{"index":"index","follow":"follow","max-snippet":"max-snippet:-1","max-image-preview":"max-image-preview:large","max-video-preview":"max-video-preview:-1"},"canonical":"https:\/\/akatsukianime.com\/en\/product\/mobile-suit-gundam-chars-counterattack-mg-hi-nu-gundam-ver-ka-1-100-scale-model-kit\/","og_locale":"en_US","og_type":"article","og_title":"Mobile Suit Gundam: Char's Counterattack MG Hi-Nu Gundam (Ver. Ka) 1\/100 Scale Model Kit- Akatsuki anime store","og_description":"Descripci\u00f3n del Producto El inmenso y poderoso Hi-Nu Gundam, basado en la novela Char's Counterattack: Beltorchika's Children, regresa a la popular l\u00ednea Master Grade de Bandai.  Inspirado en la ilustraci\u00f3n original, este kit Ver. Ka reproduce sus proporciones de manera moderna. Al igual que su lanzamiento original de 2007, viene con un soporte tem\u00e1tico de Amuro y nuevos soportes transparentes especiales para exhibir sus armas remotas, las cuales pueden separarse de su espalda.  Una vez completado, los dedos son articulados de manera individual y presenta un amplio arsenal, incluyendo rifle de rayos, bazuca, sistema de escudo con armas, ca\u00f1ones de m\u00e1quina y m\u00faltiples sables de luz.  Caracter\u00edsticas del Producto   Escala 1\/100  Fabricado en pl\u00e1stico  Parte de la serie Master Grade  Basado en el manga y novela Mobile Suit Gundam: Char's Counterattack - Beltorchika's Children  Incluye calcoman\u00edas de deslizamiento en agua y soporte para figuras  Unidad LED opcional que se puede instalar (no incluida)  Las instrucciones pueden o no incluir traducci\u00f3n al ingl\u00e9s  \u00a1Construye y muestra al formidable Hi-Nu Gundam con este detallado kit Master Grade Ver. Ka, y equipa a este legendario Mobile Suit con un poder\u00edo digno de las mejores batallas gal\u00e1cticas!","og_url":"https:\/\/akatsukianime.com\/en\/product\/mobile-suit-gundam-chars-counterattack-mg-hi-nu-gundam-ver-ka-1-100-scale-model-kit\/","og_site_name":"Akatsuki anime store","og_image":[{"width":1000,"height":1000,"url":"https:\/\/akatsukianime.com\/wp-content\/uploads\/2024\/10\/Mobile-Suit-Gundam-Chars-Counterattack-MG-Hi-Nu-Gundam-Ver-Ka-100-Scale-Model-Kit.jpg","type":"image\/jpeg"}],"twitter_card":"summary_large_image","schema":{"@context":"https:\/\/schema.org","@graph":[{"@type":["WebPage","ItemPage"],"@id":"https:\/\/akatsukianime.com\/product\/mobile-suit-gundam-chars-counterattack-mg-hi-nu-gundam-ver-ka-1-100-scale-model-kit\/","url":"https:\/\/akatsukianime.com\/product\/mobile-suit-gundam-chars-counterattack-mg-hi-nu-gundam-ver-ka-1-100-scale-model-kit\/","name":"Mobile Suit Gundam: Char's Counterattack MG Hi-Nu Gundam (Ver. Ka) 1\/100 Scale Model Kit- Akatsuki anime store","isPartOf":{"@id":"https:\/\/akatsukianime.com\/#website"},"primaryImageOfPage":{"@id":"https:\/\/akatsukianime.com\/product\/mobile-suit-gundam-chars-counterattack-mg-hi-nu-gundam-ver-ka-1-100-scale-model-kit\/#primaryimage"},"image":{"@id":"https:\/\/akatsukianime.com\/product\/mobile-suit-gundam-chars-counterattack-mg-hi-nu-gundam-ver-ka-1-100-scale-model-kit\/#primaryimage"},"thumbnailUrl":"https:\/\/akatsukianime.com\/wp-content\/uploads\/2024\/10\/Mobile-Suit-Gundam-Chars-Counterattack-MG-Hi-Nu-Gundam-Ver-Ka-100-Scale-Model-Kit.jpg","datePublished":"2024-10-28T13:16:11+00:00","dateModified":"2024-10-28T13:16:11+00:00","breadcrumb":{"@id":"https:\/\/akatsukianime.com\/product\/mobile-suit-gundam-chars-counterattack-mg-hi-nu-gundam-ver-ka-1-100-scale-model-kit\/#breadcrumb"},"inLanguage":"en-US","potentialAction":[{"@type":"ReadAction","target":["https:\/\/akatsukianime.com\/product\/mobile-suit-gundam-chars-counterattack-mg-hi-nu-gundam-ver-ka-1-100-scale-model-kit\/"]}]},{"@type":"ImageObject","inLanguage":"en-US","@id":"https:\/\/akatsukianime.com\/product\/mobile-suit-gundam-chars-counterattack-mg-hi-nu-gundam-ver-ka-1-100-scale-model-kit\/#primaryimage","url":"https:\/\/akatsukianime.com\/wp-content\/uploads\/2024\/10\/Mobile-Suit-Gundam-Chars-Counterattack-MG-Hi-Nu-Gundam-Ver-Ka-100-Scale-Model-Kit.jpg","contentUrl":"https:\/\/akatsukianime.com\/wp-content\/uploads\/2024\/10\/Mobile-Suit-Gundam-Chars-Counterattack-MG-Hi-Nu-Gundam-Ver-Ka-100-Scale-Model-Kit.jpg","width":1000,"height":1000},{"@type":"BreadcrumbList","@id":"https:\/\/akatsukianime.com\/product\/mobile-suit-gundam-chars-counterattack-mg-hi-nu-gundam-ver-ka-1-100-scale-model-kit\/#breadcrumb","itemListElement":[{"@type":"ListItem","position":1,"name":"Portada","item":"https:\/\/akatsukianime.com\/"},{"@type":"ListItem","position":2,"name":"Tienda","item":"https:\/\/akatsukianime.com\/tienda\/"},{"@type":"ListItem","position":3,"name":"Mobile Suit Gundam: Char&#8217;s Counterattack MG Hi-Nu Gundam (Ver. Ka) 1\/100 Scale Model Kit"}]},{"@type":"WebSite","@id":"https:\/\/akatsukianime.com\/#website","url":"https:\/\/akatsukianime.com\/","name":"Akatsuki anime store","description":"","potentialAction":[{"@type":"SearchAction","target":{"@type":"EntryPoint","urlTemplate":"https:\/\/akatsukianime.com\/?s={search_term_string}"},"query-input":{"@type":"PropertyValueSpecification","valueRequired":true,"valueName":"search_term_string"}}],"inLanguage":"en-US"}]}},"jetpack_sharing_enabled":true,"_links":{"self":[{"href":"https:\/\/akatsukianime.com\/en\/wp-json\/wp\/v2\/product\/4026","targetHints":{"allow":["GET"]}}],"collection":[{"href":"https:\/\/akatsukianime.com\/en\/wp-json\/wp\/v2\/product"}],"about":[{"href":"https:\/\/akatsukianime.com\/en\/wp-json\/wp\/v2\/types\/product"}],"version-history":[{"count":1,"href":"https:\/\/akatsukianime.com\/en\/wp-json\/wp\/v2\/product\/4026\/revisions"}],"predecessor-version":[{"id":4031,"href":"https:\/\/akatsukianime.com\/en\/wp-json\/wp\/v2\/product\/4026\/revisions\/4031"}],"wp:featuredmedia":[{"embeddable":true,"href":"https:\/\/akatsukianime.com\/en\/wp-json\/wp\/v2\/media\/4030"}],"wp:attachment":[{"href":"https:\/\/akatsukianime.com\/en\/wp-json\/wp\/v2\/media?parent=4026"}],"wp:term":[{"taxonomy":"product_cat","embeddable":true,"href":"https:\/\/akatsukianime.com\/en\/wp-json\/wp\/v2\/product_cat?post=4026"},{"taxonomy":"product_tag","embeddable":true,"href":"https:\/\/akatsukianime.com\/en\/wp-json\/wp\/v2\/product_tag?post=4026"}],"curies":[{"name":"wp","href":"https:\/\/api.w.org\/{rel}","templated":true}]}}