{"id":4032,"date":"2024-10-28T14:55:44","date_gmt":"2024-10-28T13:55:44","guid":{"rendered":"https:\/\/akatsukianime.com\/?post_type=product&#038;p=4032"},"modified":"2024-10-28T14:55:44","modified_gmt":"2024-10-28T13:55:44","slug":"mobile-suit-zeta-gundam-mg-zeta-gundam-ver-ka-1-100-scale-model-kit","status":"publish","type":"product","link":"https:\/\/akatsukianime.com\/en\/product\/mobile-suit-zeta-gundam-mg-zeta-gundam-ver-ka-1-100-scale-model-kit\/","title":{"rendered":"Mobile Suit Zeta Gundam MG Zeta Gundam (Ver.Ka) 1\/100 Scale Model Kit"},"content":{"rendered":"<p><strong>Box Contents<\/strong><\/p>\n<ul>\n<li>Parts to assemble the <strong>Zeta Gundam Ver.Ka<\/strong> (both forms)<\/li>\n<li>Backpack<\/li>\n<li>2 pairs of hands\n<ul>\n<li>Open<\/li>\n<li>Closed<\/li>\n<\/ul>\n<\/li>\n<li>2 pairs of fingers<\/li>\n<li>2 lightsabers<\/li>\n<li>Ray Rifle<\/li>\n<li>2 grenade launcher cartridges<\/li>\n<li>Water transfer decals<\/li>\n<li>Instructions<\/li>\n<\/ul>","protected":false},"excerpt":{"rendered":"<p><strong>Product Description<\/strong><br \/>\nCelebrate the <strong>20th Anniversary of Master Grade Ver.Ka<\/strong> with this 1\/100 scale model of the <strong>Zeta Gundam Ver.Ka<\/strong> from the series <strong>Mobile Suit Z Gundam<\/strong>. Based on the illustrations of <strong>Kazumi Fujita<\/strong> For the anime series, this model is able to transform into both the <strong>MS form<\/strong> as in the <strong>Wave Rider shape<\/strong>. The MS shape offers a wide range of motion for performing a variety of poses. Be sure to add this <strong>Master Grade Zeta Gundam<\/strong> to your collection!<\/p>\n<p><strong>Product Features<\/strong><\/p>\n<ul>\n<li><strong>Scale 1\/100<\/strong><\/li>\n<li>Made of plastic<\/li>\n<li>Based on the series <strong>Mobile Suit Z Gundam<\/strong><\/li>\n<li>Part of the kit line <strong>Master Grade<\/strong><\/li>\n<li>Instructions may or may not include English translation.<\/li>\n<\/ul>\n<p>Build and display the powerful <strong>Zeta Gundam Ver.Ka<\/strong> with its transformable design and celebrates two decades of the iconic series <strong>Master Grade<\/strong>!<\/p>","protected":false},"featured_media":4042,"template":"","meta":[],"product_cat":[94,66,103,61,56],"product_tag":[108,238,181,104],"class_list":{"0":"post-4032","1":"product","2":"type-product","3":"status-publish","4":"has-post-thumbnail","6":"product_cat-bandai-hobby-site","7":"product_cat-model-kit","8":"product_cat-6-master-grade-1-100","9":"product_cat-novedades","10":"product_cat-gundam","11":"product_tag-1-100","12":"product_tag-mg","13":"product_tag-mobile-suit-gundam","14":"product_tag-model-kit","16":"first","17":"instock","18":"sold-individually","19":"taxable","20":"shipping-taxable","21":"purchasable","22":"product-type-simple"},"yoast_head":"<!-- This site is optimized with the Yoast SEO plugin v24.2 - https:\/\/yoast.com\/wordpress\/plugins\/seo\/ -->\n<title>Mobile Suit Zeta Gundam MG Zeta Gundam (Ver.Ka) 1\/100 Scale Model Kit- Akatsuki anime store<\/title>\n<meta name=\"robots\" content=\"index, follow, max-snippet:-1, max-image-preview:large, max-video-preview:-1\" \/>\n<link rel=\"canonical\" href=\"https:\/\/akatsukianime.com\/en\/product\/mobile-suit-zeta-gundam-mg-zeta-gundam-ver-ka-1-100-scale-model-kit\/\" \/>\n<meta property=\"og:locale\" content=\"en_US\" \/>\n<meta property=\"og:type\" content=\"article\" \/>\n<meta property=\"og:title\" content=\"Mobile Suit Zeta Gundam MG Zeta Gundam (Ver.Ka) 1\/100 Scale Model Kit- Akatsuki anime store\" \/>\n<meta property=\"og:description\" content=\"Descripci\u00f3n del Producto Celebra el 20\u00ba aniversario de la Master Grade Ver.Ka con este modelo a escala 1\/100 del Zeta Gundam Ver.Ka de la serie Mobile Suit Z Gundam. Basado en las ilustraciones de Kazumi Fujita para la serie de anime, este modelo es capaz de transformarse tanto en la forma MS como en la forma Wave Rider. La forma MS ofrece una amplia gama de movimiento para realizar diversas poses. \u00a1Aseg\u00farate de agregar este Master Grade Zeta Gundam a tu colecci\u00f3n!  Caracter\u00edsticas del Producto   Escala 1\/100  Fabricado en pl\u00e1stico  Basado en la serie Mobile Suit Z Gundam  Parte de la l\u00ednea de kits Master Grade  Las instrucciones pueden o no incluir traducci\u00f3n al ingl\u00e9s  \u00a1Construye y exhibe el poderoso Zeta Gundam Ver.Ka con su transformable dise\u00f1o y celebra dos d\u00e9cadas de la ic\u00f3nica serie Master Grade!\" \/>\n<meta property=\"og:url\" content=\"https:\/\/akatsukianime.com\/en\/product\/mobile-suit-zeta-gundam-mg-zeta-gundam-ver-ka-1-100-scale-model-kit\/\" \/>\n<meta property=\"og:site_name\" content=\"Akatsuki anime store\" \/>\n<meta property=\"og:image\" content=\"https:\/\/akatsukianime.com\/wp-content\/uploads\/2024\/10\/Mobile-Suit-Zeta-Gundam-MG-Zeta-Gundam-Ver.Ka-100-Scale-Model-Kit.jpg\" \/>\n\t<meta property=\"og:image:width\" content=\"1000\" \/>\n\t<meta property=\"og:image:height\" content=\"1000\" \/>\n\t<meta property=\"og:image:type\" content=\"image\/jpeg\" \/>\n<meta name=\"twitter:card\" content=\"summary_large_image\" \/>\n<script type=\"application\/ld+json\" class=\"yoast-schema-graph\">{\"@context\":\"https:\/\/schema.org\",\"@graph\":[{\"@type\":[\"WebPage\",\"ItemPage\"],\"@id\":\"https:\/\/akatsukianime.com\/product\/mobile-suit-zeta-gundam-mg-zeta-gundam-ver-ka-1-100-scale-model-kit\/\",\"url\":\"https:\/\/akatsukianime.com\/product\/mobile-suit-zeta-gundam-mg-zeta-gundam-ver-ka-1-100-scale-model-kit\/\",\"name\":\"Mobile Suit Zeta Gundam MG Zeta Gundam (Ver.Ka) 1\/100 Scale Model Kit- Akatsuki anime store\",\"isPartOf\":{\"@id\":\"https:\/\/akatsukianime.com\/#website\"},\"primaryImageOfPage\":{\"@id\":\"https:\/\/akatsukianime.com\/product\/mobile-suit-zeta-gundam-mg-zeta-gundam-ver-ka-1-100-scale-model-kit\/#primaryimage\"},\"image\":{\"@id\":\"https:\/\/akatsukianime.com\/product\/mobile-suit-zeta-gundam-mg-zeta-gundam-ver-ka-1-100-scale-model-kit\/#primaryimage\"},\"thumbnailUrl\":\"https:\/\/akatsukianime.com\/wp-content\/uploads\/2024\/10\/Mobile-Suit-Zeta-Gundam-MG-Zeta-Gundam-Ver.Ka-100-Scale-Model-Kit.jpg\",\"datePublished\":\"2024-10-28T13:55:44+00:00\",\"dateModified\":\"2024-10-28T13:55:44+00:00\",\"breadcrumb\":{\"@id\":\"https:\/\/akatsukianime.com\/product\/mobile-suit-zeta-gundam-mg-zeta-gundam-ver-ka-1-100-scale-model-kit\/#breadcrumb\"},\"inLanguage\":\"en-US\",\"potentialAction\":[{\"@type\":\"ReadAction\",\"target\":[\"https:\/\/akatsukianime.com\/product\/mobile-suit-zeta-gundam-mg-zeta-gundam-ver-ka-1-100-scale-model-kit\/\"]}]},{\"@type\":\"ImageObject\",\"inLanguage\":\"en-US\",\"@id\":\"https:\/\/akatsukianime.com\/product\/mobile-suit-zeta-gundam-mg-zeta-gundam-ver-ka-1-100-scale-model-kit\/#primaryimage\",\"url\":\"https:\/\/akatsukianime.com\/wp-content\/uploads\/2024\/10\/Mobile-Suit-Zeta-Gundam-MG-Zeta-Gundam-Ver.Ka-100-Scale-Model-Kit.jpg\",\"contentUrl\":\"https:\/\/akatsukianime.com\/wp-content\/uploads\/2024\/10\/Mobile-Suit-Zeta-Gundam-MG-Zeta-Gundam-Ver.Ka-100-Scale-Model-Kit.jpg\",\"width\":1000,\"height\":1000},{\"@type\":\"BreadcrumbList\",\"@id\":\"https:\/\/akatsukianime.com\/product\/mobile-suit-zeta-gundam-mg-zeta-gundam-ver-ka-1-100-scale-model-kit\/#breadcrumb\",\"itemListElement\":[{\"@type\":\"ListItem\",\"position\":1,\"name\":\"Portada\",\"item\":\"https:\/\/akatsukianime.com\/\"},{\"@type\":\"ListItem\",\"position\":2,\"name\":\"Tienda\",\"item\":\"https:\/\/akatsukianime.com\/tienda\/\"},{\"@type\":\"ListItem\",\"position\":3,\"name\":\"Mobile Suit Zeta Gundam MG Zeta Gundam (Ver.Ka) 1\/100 Scale Model Kit\"}]},{\"@type\":\"WebSite\",\"@id\":\"https:\/\/akatsukianime.com\/#website\",\"url\":\"https:\/\/akatsukianime.com\/\",\"name\":\"Akatsuki anime store\",\"description\":\"\",\"potentialAction\":[{\"@type\":\"SearchAction\",\"target\":{\"@type\":\"EntryPoint\",\"urlTemplate\":\"https:\/\/akatsukianime.com\/?s={search_term_string}\"},\"query-input\":{\"@type\":\"PropertyValueSpecification\",\"valueRequired\":true,\"valueName\":\"search_term_string\"}}],\"inLanguage\":\"en-US\"}]}<\/script>\n<!-- \/ Yoast SEO plugin. -->","yoast_head_json":{"title":"Mobile Suit Zeta Gundam MG Zeta Gundam (Ver.Ka) 1\/100 Scale Model Kit- Akatsuki anime store","robots":{"index":"index","follow":"follow","max-snippet":"max-snippet:-1","max-image-preview":"max-image-preview:large","max-video-preview":"max-video-preview:-1"},"canonical":"https:\/\/akatsukianime.com\/en\/product\/mobile-suit-zeta-gundam-mg-zeta-gundam-ver-ka-1-100-scale-model-kit\/","og_locale":"en_US","og_type":"article","og_title":"Mobile Suit Zeta Gundam MG Zeta Gundam (Ver.Ka) 1\/100 Scale Model Kit- Akatsuki anime store","og_description":"Descripci\u00f3n del Producto Celebra el 20\u00ba aniversario de la Master Grade Ver.Ka con este modelo a escala 1\/100 del Zeta Gundam Ver.Ka de la serie Mobile Suit Z Gundam. Basado en las ilustraciones de Kazumi Fujita para la serie de anime, este modelo es capaz de transformarse tanto en la forma MS como en la forma Wave Rider. La forma MS ofrece una amplia gama de movimiento para realizar diversas poses. \u00a1Aseg\u00farate de agregar este Master Grade Zeta Gundam a tu colecci\u00f3n!  Caracter\u00edsticas del Producto   Escala 1\/100  Fabricado en pl\u00e1stico  Basado en la serie Mobile Suit Z Gundam  Parte de la l\u00ednea de kits Master Grade  Las instrucciones pueden o no incluir traducci\u00f3n al ingl\u00e9s  \u00a1Construye y exhibe el poderoso Zeta Gundam Ver.Ka con su transformable dise\u00f1o y celebra dos d\u00e9cadas de la ic\u00f3nica serie Master Grade!","og_url":"https:\/\/akatsukianime.com\/en\/product\/mobile-suit-zeta-gundam-mg-zeta-gundam-ver-ka-1-100-scale-model-kit\/","og_site_name":"Akatsuki anime store","og_image":[{"width":1000,"height":1000,"url":"https:\/\/akatsukianime.com\/wp-content\/uploads\/2024\/10\/Mobile-Suit-Zeta-Gundam-MG-Zeta-Gundam-Ver.Ka-100-Scale-Model-Kit.jpg","type":"image\/jpeg"}],"twitter_card":"summary_large_image","schema":{"@context":"https:\/\/schema.org","@graph":[{"@type":["WebPage","ItemPage"],"@id":"https:\/\/akatsukianime.com\/product\/mobile-suit-zeta-gundam-mg-zeta-gundam-ver-ka-1-100-scale-model-kit\/","url":"https:\/\/akatsukianime.com\/product\/mobile-suit-zeta-gundam-mg-zeta-gundam-ver-ka-1-100-scale-model-kit\/","name":"Mobile Suit Zeta Gundam MG Zeta Gundam (Ver.Ka) 1\/100 Scale Model Kit- Akatsuki anime store","isPartOf":{"@id":"https:\/\/akatsukianime.com\/#website"},"primaryImageOfPage":{"@id":"https:\/\/akatsukianime.com\/product\/mobile-suit-zeta-gundam-mg-zeta-gundam-ver-ka-1-100-scale-model-kit\/#primaryimage"},"image":{"@id":"https:\/\/akatsukianime.com\/product\/mobile-suit-zeta-gundam-mg-zeta-gundam-ver-ka-1-100-scale-model-kit\/#primaryimage"},"thumbnailUrl":"https:\/\/akatsukianime.com\/wp-content\/uploads\/2024\/10\/Mobile-Suit-Zeta-Gundam-MG-Zeta-Gundam-Ver.Ka-100-Scale-Model-Kit.jpg","datePublished":"2024-10-28T13:55:44+00:00","dateModified":"2024-10-28T13:55:44+00:00","breadcrumb":{"@id":"https:\/\/akatsukianime.com\/product\/mobile-suit-zeta-gundam-mg-zeta-gundam-ver-ka-1-100-scale-model-kit\/#breadcrumb"},"inLanguage":"en-US","potentialAction":[{"@type":"ReadAction","target":["https:\/\/akatsukianime.com\/product\/mobile-suit-zeta-gundam-mg-zeta-gundam-ver-ka-1-100-scale-model-kit\/"]}]},{"@type":"ImageObject","inLanguage":"en-US","@id":"https:\/\/akatsukianime.com\/product\/mobile-suit-zeta-gundam-mg-zeta-gundam-ver-ka-1-100-scale-model-kit\/#primaryimage","url":"https:\/\/akatsukianime.com\/wp-content\/uploads\/2024\/10\/Mobile-Suit-Zeta-Gundam-MG-Zeta-Gundam-Ver.Ka-100-Scale-Model-Kit.jpg","contentUrl":"https:\/\/akatsukianime.com\/wp-content\/uploads\/2024\/10\/Mobile-Suit-Zeta-Gundam-MG-Zeta-Gundam-Ver.Ka-100-Scale-Model-Kit.jpg","width":1000,"height":1000},{"@type":"BreadcrumbList","@id":"https:\/\/akatsukianime.com\/product\/mobile-suit-zeta-gundam-mg-zeta-gundam-ver-ka-1-100-scale-model-kit\/#breadcrumb","itemListElement":[{"@type":"ListItem","position":1,"name":"Portada","item":"https:\/\/akatsukianime.com\/"},{"@type":"ListItem","position":2,"name":"Tienda","item":"https:\/\/akatsukianime.com\/tienda\/"},{"@type":"ListItem","position":3,"name":"Mobile Suit Zeta Gundam MG Zeta Gundam (Ver.Ka) 1\/100 Scale Model Kit"}]},{"@type":"WebSite","@id":"https:\/\/akatsukianime.com\/#website","url":"https:\/\/akatsukianime.com\/","name":"Akatsuki anime store","description":"","potentialAction":[{"@type":"SearchAction","target":{"@type":"EntryPoint","urlTemplate":"https:\/\/akatsukianime.com\/?s={search_term_string}"},"query-input":{"@type":"PropertyValueSpecification","valueRequired":true,"valueName":"search_term_string"}}],"inLanguage":"en-US"}]}},"jetpack_sharing_enabled":true,"_links":{"self":[{"href":"https:\/\/akatsukianime.com\/en\/wp-json\/wp\/v2\/product\/4032","targetHints":{"allow":["GET"]}}],"collection":[{"href":"https:\/\/akatsukianime.com\/en\/wp-json\/wp\/v2\/product"}],"about":[{"href":"https:\/\/akatsukianime.com\/en\/wp-json\/wp\/v2\/types\/product"}],"version-history":[{"count":1,"href":"https:\/\/akatsukianime.com\/en\/wp-json\/wp\/v2\/product\/4032\/revisions"}],"predecessor-version":[{"id":4043,"href":"https:\/\/akatsukianime.com\/en\/wp-json\/wp\/v2\/product\/4032\/revisions\/4043"}],"wp:featuredmedia":[{"embeddable":true,"href":"https:\/\/akatsukianime.com\/en\/wp-json\/wp\/v2\/media\/4042"}],"wp:attachment":[{"href":"https:\/\/akatsukianime.com\/en\/wp-json\/wp\/v2\/media?parent=4032"}],"wp:term":[{"taxonomy":"product_cat","embeddable":true,"href":"https:\/\/akatsukianime.com\/en\/wp-json\/wp\/v2\/product_cat?post=4032"},{"taxonomy":"product_tag","embeddable":true,"href":"https:\/\/akatsukianime.com\/en\/wp-json\/wp\/v2\/product_tag?post=4032"}],"curies":[{"name":"wp","href":"https:\/\/api.w.org\/{rel}","templated":true}]}}