{"id":4044,"date":"2024-10-28T16:35:12","date_gmt":"2024-10-28T15:35:12","guid":{"rendered":"https:\/\/akatsukianime.com\/?post_type=product&#038;p=4044"},"modified":"2024-11-01T14:42:03","modified_gmt":"2024-11-01T13:42:03","slug":"mobile-suit-gundam-zz-mg-zz-gundam-ver-ka-1-100-scale-model-kit","status":"publish","type":"product","link":"https:\/\/akatsukianime.com\/en\/product\/mobile-suit-gundam-zz-mg-zz-gundam-ver-ka-1-100-scale-model-kit\/","title":{"rendered":"Mobile Suit Gundam ZZ MG ZZ Gundam (Ver.Ka) 1\/100 Scale Model Kit"},"content":{"rendered":"<p><strong>Box Contents<\/strong><\/p>\n<ul>\n<li>Parts to assemble the <strong>ZZ Gundam<\/strong><\/li>\n<li>Interchangeable hands<\/li>\n<li>2 Core Fighters<\/li>\n<li>Multiple tube missile launchers<\/li>\n<li>Double beam rifle<\/li>\n<li>2 Hyper Beam Sabers<\/li>\n<li>Figure of the pilot<\/li>\n<li>Instructions<\/li>\n<\/ul>","protected":false},"excerpt":{"rendered":"<p><strong>Product Description<\/strong><br \/>\nThe next Mobile Suit to join the line <strong>Master Grade<\/strong> It is the <strong>ZZ Gundam Ver. Ka<\/strong>, as part of the 30th anniversary of <strong>\u00abZZ Gundam\u00bb<\/strong>This redesigned version, supervised by renowned mecha designer <strong>Hajime Katoki<\/strong>, is based on the elongated proportions of the variants <strong>Enhanced ZZ<\/strong> and <strong>Full Armor ZZ Gundam<\/strong> who appeared in the second half of the anime series <strong>\u00abZZ Gundam\u00bb<\/strong>.<\/p>\n<p>He <strong>ZZ Gundam Ver. Ka<\/strong> It is completely transformable. It combines the <strong>Core Base<\/strong>, he <strong>Core Top<\/strong> and the <strong>Core Fighter<\/strong> to create the <strong>G-Fortress<\/strong>. Mechanical detailing on the shoulders, knees and waist utilizes improved joints and sliding mechanisms to achieve even more dynamic poses. Some parts have a special finish to highlight certain aspects of the kit.<\/p>\n<p><strong>Product Features<\/strong><\/p>\n<ul>\n<li><strong>Scale 1\/100<\/strong><\/li>\n<li>Made of PS, PE and PVC<\/li>\n<li>Based on <strong>Mobile Suit Gundam ZZ<\/strong><\/li>\n<li>No glue required<\/li>\n<li>Instructions may or may not include English translation.<\/li>\n<\/ul>\n<p>Build and transform the legendary <strong>ZZ Gundam Ver. Ka<\/strong> and celebrate three decades of mecha action with this powerful kit <strong>Master Grade<\/strong> Full of detail and dynamic articulation!<\/p>","protected":false},"featured_media":4054,"template":"","meta":[],"product_cat":[94,66,103,61,56],"product_tag":[108,238,181,104],"class_list":{"0":"post-4044","1":"product","2":"type-product","3":"status-publish","4":"has-post-thumbnail","6":"product_cat-bandai-hobby-site","7":"product_cat-model-kit","8":"product_cat-6-master-grade-1-100","9":"product_cat-novedades","10":"product_cat-gundam","11":"product_tag-1-100","12":"product_tag-mg","13":"product_tag-mobile-suit-gundam","14":"product_tag-model-kit","16":"first","17":"instock","18":"sold-individually","19":"taxable","20":"shipping-taxable","21":"purchasable","22":"product-type-simple"},"yoast_head":"<!-- This site is optimized with the Yoast SEO plugin v24.2 - https:\/\/yoast.com\/wordpress\/plugins\/seo\/ -->\n<title>Mobile Suit Gundam ZZ MG ZZ Gundam (Ver.Ka) 1\/100 Scale Model Kit- Akatsuki anime store<\/title>\n<meta name=\"robots\" content=\"index, follow, max-snippet:-1, max-image-preview:large, max-video-preview:-1\" \/>\n<link rel=\"canonical\" href=\"https:\/\/akatsukianime.com\/en\/product\/mobile-suit-gundam-zz-mg-zz-gundam-ver-ka-1-100-scale-model-kit\/\" \/>\n<meta property=\"og:locale\" content=\"en_US\" \/>\n<meta property=\"og:type\" content=\"article\" \/>\n<meta property=\"og:title\" content=\"Mobile Suit Gundam ZZ MG ZZ Gundam (Ver.Ka) 1\/100 Scale Model Kit- Akatsuki anime store\" \/>\n<meta property=\"og:description\" content=\"Descripci\u00f3n del Producto El pr\u00f3ximo Mobile Suit en unirse a la l\u00ednea Master Grade es el ZZ Gundam Ver. Ka, \u00a1como parte del 30\u00ba aniversario de &quot;ZZ Gundam&quot;! Esta versi\u00f3n de dise\u00f1o renovado, supervisada por el reconocido dise\u00f1ador de mechas Hajime Katoki, est\u00e1 basada en las proporciones alargadas de las variantes Enhanced ZZ y Full Armor ZZ Gundam que aparecieron en la segunda mitad de la serie de anime &quot;ZZ Gundam&quot;.  El ZZ Gundam Ver. Ka es completamente transformable. Combina el Core Base, el Core Top y el Core Fighter para crear el G-Fortress. El detalle mec\u00e1nico en los hombros, rodillas y cintura utiliza juntas mejoradas y mecanismos deslizantes para lograr poses a\u00fan m\u00e1s din\u00e1micas. Algunas partes tienen un acabado especial para resaltar ciertos aspectos del kit.  Caracter\u00edsticas del Producto   Escala 1\/100  Fabricado en PS, PE y PVC  Basado en Mobile Suit Gundam ZZ  No requiere pegamento  Las instrucciones pueden o no incluir traducci\u00f3n al ingl\u00e9s  \u00a1Construye y transforma el legendario ZZ Gundam Ver. Ka y celebra tres d\u00e9cadas de acci\u00f3n mecha con este poderoso kit Master Grade lleno de detalles y articulaci\u00f3n din\u00e1mica!\" \/>\n<meta property=\"og:url\" content=\"https:\/\/akatsukianime.com\/en\/product\/mobile-suit-gundam-zz-mg-zz-gundam-ver-ka-1-100-scale-model-kit\/\" \/>\n<meta property=\"og:site_name\" content=\"Akatsuki anime store\" \/>\n<meta property=\"article:modified_time\" content=\"2024-11-01T13:42:03+00:00\" \/>\n<meta property=\"og:image\" content=\"https:\/\/akatsukianime.com\/wp-content\/uploads\/2024\/10\/Mobile-Suit-Gundam-ZZ-MG-ZZ-Gundam-Ver.Ka-100-Scale-Model-Kit.jpg\" \/>\n\t<meta property=\"og:image:width\" content=\"1000\" \/>\n\t<meta property=\"og:image:height\" content=\"1000\" \/>\n\t<meta property=\"og:image:type\" content=\"image\/jpeg\" \/>\n<meta name=\"twitter:card\" content=\"summary_large_image\" \/>\n<script type=\"application\/ld+json\" class=\"yoast-schema-graph\">{\"@context\":\"https:\/\/schema.org\",\"@graph\":[{\"@type\":[\"WebPage\",\"ItemPage\"],\"@id\":\"https:\/\/akatsukianime.com\/product\/mobile-suit-gundam-zz-mg-zz-gundam-ver-ka-1-100-scale-model-kit\/\",\"url\":\"https:\/\/akatsukianime.com\/product\/mobile-suit-gundam-zz-mg-zz-gundam-ver-ka-1-100-scale-model-kit\/\",\"name\":\"Mobile Suit Gundam ZZ MG ZZ Gundam (Ver.Ka) 1\/100 Scale Model Kit- Akatsuki anime store\",\"isPartOf\":{\"@id\":\"https:\/\/akatsukianime.com\/#website\"},\"primaryImageOfPage\":{\"@id\":\"https:\/\/akatsukianime.com\/product\/mobile-suit-gundam-zz-mg-zz-gundam-ver-ka-1-100-scale-model-kit\/#primaryimage\"},\"image\":{\"@id\":\"https:\/\/akatsukianime.com\/product\/mobile-suit-gundam-zz-mg-zz-gundam-ver-ka-1-100-scale-model-kit\/#primaryimage\"},\"thumbnailUrl\":\"https:\/\/akatsukianime.com\/wp-content\/uploads\/2024\/10\/Mobile-Suit-Gundam-ZZ-MG-ZZ-Gundam-Ver.Ka-100-Scale-Model-Kit.jpg\",\"datePublished\":\"2024-10-28T15:35:12+00:00\",\"dateModified\":\"2024-11-01T13:42:03+00:00\",\"breadcrumb\":{\"@id\":\"https:\/\/akatsukianime.com\/product\/mobile-suit-gundam-zz-mg-zz-gundam-ver-ka-1-100-scale-model-kit\/#breadcrumb\"},\"inLanguage\":\"en-US\",\"potentialAction\":[{\"@type\":\"ReadAction\",\"target\":[\"https:\/\/akatsukianime.com\/product\/mobile-suit-gundam-zz-mg-zz-gundam-ver-ka-1-100-scale-model-kit\/\"]}]},{\"@type\":\"ImageObject\",\"inLanguage\":\"en-US\",\"@id\":\"https:\/\/akatsukianime.com\/product\/mobile-suit-gundam-zz-mg-zz-gundam-ver-ka-1-100-scale-model-kit\/#primaryimage\",\"url\":\"https:\/\/akatsukianime.com\/wp-content\/uploads\/2024\/10\/Mobile-Suit-Gundam-ZZ-MG-ZZ-Gundam-Ver.Ka-100-Scale-Model-Kit.jpg\",\"contentUrl\":\"https:\/\/akatsukianime.com\/wp-content\/uploads\/2024\/10\/Mobile-Suit-Gundam-ZZ-MG-ZZ-Gundam-Ver.Ka-100-Scale-Model-Kit.jpg\",\"width\":1000,\"height\":1000},{\"@type\":\"BreadcrumbList\",\"@id\":\"https:\/\/akatsukianime.com\/product\/mobile-suit-gundam-zz-mg-zz-gundam-ver-ka-1-100-scale-model-kit\/#breadcrumb\",\"itemListElement\":[{\"@type\":\"ListItem\",\"position\":1,\"name\":\"Portada\",\"item\":\"https:\/\/akatsukianime.com\/\"},{\"@type\":\"ListItem\",\"position\":2,\"name\":\"Tienda\",\"item\":\"https:\/\/akatsukianime.com\/tienda\/\"},{\"@type\":\"ListItem\",\"position\":3,\"name\":\"Mobile Suit Gundam ZZ MG ZZ Gundam (Ver.Ka) 1\/100 Scale Model Kit\"}]},{\"@type\":\"WebSite\",\"@id\":\"https:\/\/akatsukianime.com\/#website\",\"url\":\"https:\/\/akatsukianime.com\/\",\"name\":\"Akatsuki anime store\",\"description\":\"\",\"potentialAction\":[{\"@type\":\"SearchAction\",\"target\":{\"@type\":\"EntryPoint\",\"urlTemplate\":\"https:\/\/akatsukianime.com\/?s={search_term_string}\"},\"query-input\":{\"@type\":\"PropertyValueSpecification\",\"valueRequired\":true,\"valueName\":\"search_term_string\"}}],\"inLanguage\":\"en-US\"}]}<\/script>\n<!-- \/ Yoast SEO plugin. -->","yoast_head_json":{"title":"Mobile Suit Gundam ZZ MG ZZ Gundam (Ver.Ka) 1\/100 Scale Model Kit- Akatsuki anime store","robots":{"index":"index","follow":"follow","max-snippet":"max-snippet:-1","max-image-preview":"max-image-preview:large","max-video-preview":"max-video-preview:-1"},"canonical":"https:\/\/akatsukianime.com\/en\/product\/mobile-suit-gundam-zz-mg-zz-gundam-ver-ka-1-100-scale-model-kit\/","og_locale":"en_US","og_type":"article","og_title":"Mobile Suit Gundam ZZ MG ZZ Gundam (Ver.Ka) 1\/100 Scale Model Kit- Akatsuki anime store","og_description":"Descripci\u00f3n del Producto El pr\u00f3ximo Mobile Suit en unirse a la l\u00ednea Master Grade es el ZZ Gundam Ver. Ka, \u00a1como parte del 30\u00ba aniversario de \"ZZ Gundam\"! Esta versi\u00f3n de dise\u00f1o renovado, supervisada por el reconocido dise\u00f1ador de mechas Hajime Katoki, est\u00e1 basada en las proporciones alargadas de las variantes Enhanced ZZ y Full Armor ZZ Gundam que aparecieron en la segunda mitad de la serie de anime \"ZZ Gundam\".  El ZZ Gundam Ver. Ka es completamente transformable. Combina el Core Base, el Core Top y el Core Fighter para crear el G-Fortress. El detalle mec\u00e1nico en los hombros, rodillas y cintura utiliza juntas mejoradas y mecanismos deslizantes para lograr poses a\u00fan m\u00e1s din\u00e1micas. Algunas partes tienen un acabado especial para resaltar ciertos aspectos del kit.  Caracter\u00edsticas del Producto   Escala 1\/100  Fabricado en PS, PE y PVC  Basado en Mobile Suit Gundam ZZ  No requiere pegamento  Las instrucciones pueden o no incluir traducci\u00f3n al ingl\u00e9s  \u00a1Construye y transforma el legendario ZZ Gundam Ver. Ka y celebra tres d\u00e9cadas de acci\u00f3n mecha con este poderoso kit Master Grade lleno de detalles y articulaci\u00f3n din\u00e1mica!","og_url":"https:\/\/akatsukianime.com\/en\/product\/mobile-suit-gundam-zz-mg-zz-gundam-ver-ka-1-100-scale-model-kit\/","og_site_name":"Akatsuki anime store","article_modified_time":"2024-11-01T13:42:03+00:00","og_image":[{"width":1000,"height":1000,"url":"https:\/\/akatsukianime.com\/wp-content\/uploads\/2024\/10\/Mobile-Suit-Gundam-ZZ-MG-ZZ-Gundam-Ver.Ka-100-Scale-Model-Kit.jpg","type":"image\/jpeg"}],"twitter_card":"summary_large_image","schema":{"@context":"https:\/\/schema.org","@graph":[{"@type":["WebPage","ItemPage"],"@id":"https:\/\/akatsukianime.com\/product\/mobile-suit-gundam-zz-mg-zz-gundam-ver-ka-1-100-scale-model-kit\/","url":"https:\/\/akatsukianime.com\/product\/mobile-suit-gundam-zz-mg-zz-gundam-ver-ka-1-100-scale-model-kit\/","name":"Mobile Suit Gundam ZZ MG ZZ Gundam (Ver.Ka) 1\/100 Scale Model Kit- Akatsuki anime store","isPartOf":{"@id":"https:\/\/akatsukianime.com\/#website"},"primaryImageOfPage":{"@id":"https:\/\/akatsukianime.com\/product\/mobile-suit-gundam-zz-mg-zz-gundam-ver-ka-1-100-scale-model-kit\/#primaryimage"},"image":{"@id":"https:\/\/akatsukianime.com\/product\/mobile-suit-gundam-zz-mg-zz-gundam-ver-ka-1-100-scale-model-kit\/#primaryimage"},"thumbnailUrl":"https:\/\/akatsukianime.com\/wp-content\/uploads\/2024\/10\/Mobile-Suit-Gundam-ZZ-MG-ZZ-Gundam-Ver.Ka-100-Scale-Model-Kit.jpg","datePublished":"2024-10-28T15:35:12+00:00","dateModified":"2024-11-01T13:42:03+00:00","breadcrumb":{"@id":"https:\/\/akatsukianime.com\/product\/mobile-suit-gundam-zz-mg-zz-gundam-ver-ka-1-100-scale-model-kit\/#breadcrumb"},"inLanguage":"en-US","potentialAction":[{"@type":"ReadAction","target":["https:\/\/akatsukianime.com\/product\/mobile-suit-gundam-zz-mg-zz-gundam-ver-ka-1-100-scale-model-kit\/"]}]},{"@type":"ImageObject","inLanguage":"en-US","@id":"https:\/\/akatsukianime.com\/product\/mobile-suit-gundam-zz-mg-zz-gundam-ver-ka-1-100-scale-model-kit\/#primaryimage","url":"https:\/\/akatsukianime.com\/wp-content\/uploads\/2024\/10\/Mobile-Suit-Gundam-ZZ-MG-ZZ-Gundam-Ver.Ka-100-Scale-Model-Kit.jpg","contentUrl":"https:\/\/akatsukianime.com\/wp-content\/uploads\/2024\/10\/Mobile-Suit-Gundam-ZZ-MG-ZZ-Gundam-Ver.Ka-100-Scale-Model-Kit.jpg","width":1000,"height":1000},{"@type":"BreadcrumbList","@id":"https:\/\/akatsukianime.com\/product\/mobile-suit-gundam-zz-mg-zz-gundam-ver-ka-1-100-scale-model-kit\/#breadcrumb","itemListElement":[{"@type":"ListItem","position":1,"name":"Portada","item":"https:\/\/akatsukianime.com\/"},{"@type":"ListItem","position":2,"name":"Tienda","item":"https:\/\/akatsukianime.com\/tienda\/"},{"@type":"ListItem","position":3,"name":"Mobile Suit Gundam ZZ MG ZZ Gundam (Ver.Ka) 1\/100 Scale Model Kit"}]},{"@type":"WebSite","@id":"https:\/\/akatsukianime.com\/#website","url":"https:\/\/akatsukianime.com\/","name":"Akatsuki anime store","description":"","potentialAction":[{"@type":"SearchAction","target":{"@type":"EntryPoint","urlTemplate":"https:\/\/akatsukianime.com\/?s={search_term_string}"},"query-input":{"@type":"PropertyValueSpecification","valueRequired":true,"valueName":"search_term_string"}}],"inLanguage":"en-US"}]}},"jetpack_sharing_enabled":true,"_links":{"self":[{"href":"https:\/\/akatsukianime.com\/en\/wp-json\/wp\/v2\/product\/4044","targetHints":{"allow":["GET"]}}],"collection":[{"href":"https:\/\/akatsukianime.com\/en\/wp-json\/wp\/v2\/product"}],"about":[{"href":"https:\/\/akatsukianime.com\/en\/wp-json\/wp\/v2\/types\/product"}],"version-history":[{"count":1,"href":"https:\/\/akatsukianime.com\/en\/wp-json\/wp\/v2\/product\/4044\/revisions"}],"predecessor-version":[{"id":4055,"href":"https:\/\/akatsukianime.com\/en\/wp-json\/wp\/v2\/product\/4044\/revisions\/4055"}],"wp:featuredmedia":[{"embeddable":true,"href":"https:\/\/akatsukianime.com\/en\/wp-json\/wp\/v2\/media\/4054"}],"wp:attachment":[{"href":"https:\/\/akatsukianime.com\/en\/wp-json\/wp\/v2\/media?parent=4044"}],"wp:term":[{"taxonomy":"product_cat","embeddable":true,"href":"https:\/\/akatsukianime.com\/en\/wp-json\/wp\/v2\/product_cat?post=4044"},{"taxonomy":"product_tag","embeddable":true,"href":"https:\/\/akatsukianime.com\/en\/wp-json\/wp\/v2\/product_tag?post=4044"}],"curies":[{"name":"wp","href":"https:\/\/api.w.org\/{rel}","templated":true}]}}