{"id":4063,"date":"2024-10-28T17:18:06","date_gmt":"2024-10-28T16:18:06","guid":{"rendered":"https:\/\/akatsukianime.com\/?post_type=product&#038;p=4063"},"modified":"2024-10-28T17:18:06","modified_gmt":"2024-10-28T16:18:06","slug":"mobile-suit-gundam-seed-freedom-hguc-gyan-strom-agnes-giebenrath-custom-1-144-scale-model-kit","status":"publish","type":"product","link":"https:\/\/akatsukianime.com\/en\/product\/mobile-suit-gundam-seed-freedom-hguc-gyan-strom-agnes-giebenrath-custom-1-144-scale-model-kit\/","title":{"rendered":"Mobile Suit Gundam SEED Freedom HGUC Gyan Strom (Agnes Giebenrath Custom) 1\/144 Scale Model Kit"},"content":{"rendered":"<p><strong>Box Contents<\/strong><\/p>\n<ul>\n<li>Parts to assemble the <strong>Gyan Strom<\/strong><\/li>\n<li>Lightning Axe<\/li>\n<li>Heat Rod Part<\/li>\n<li>Beam Saber<\/li>\n<li>Ray Rifle<\/li>\n<li>2 lightning Gatlings<\/li>\n<li>Shield<\/li>\n<li>Set of effect parts<\/li>\n<li>Joint parts<\/li>\n<li>Hand set<\/li>\n<li>Decal Sheet<\/li>\n<li>Instructions<\/li>\n<\/ul>","protected":false},"excerpt":{"rendered":"<p><strong>Product Description<\/strong><br \/>\nFrom the popular anime movie <strong>Mobile Suit Gundam SEED Freedom<\/strong>, a new scale model arrives <strong>1\/144<\/strong> from the Mobile Suit <strong>Gyan Strom (Agnes Giebenrath Custom)<\/strong>.<\/p>\n<p>This kit is equipped with a specialized internal structure, the <strong>SEED Action System<\/strong>, allowing you to capture iconic action poses from the movie. Additionally, it features improved arm articulation thanks to the sliding mechanism at the shoulder armor connection.<\/p>\n<p>The badge <strong>lightning axe<\/strong>, designed exclusively for this suit, can be mounted on the waist by using the included storage bracket. Movable wings allow the missile launcher to be positioned forward.<\/p>\n<p>By deploying the chest armor and inserting the Gatling pieces, you can recreate the extended state of the Gatling. Also includes a <strong>Heat Rod part<\/strong> which can be equipped on the right arm.<\/p>\n<p>Finally, the <strong>Gyan Strom<\/strong> includes effect pieces that can be placed on the shield for even more dynamic display options.<\/p>\n<p><strong>Product Features<\/strong><\/p>\n<ul>\n<li>Made in <strong>ABS<\/strong> and <strong>PVC<\/strong><\/li>\n<li>Based on the anime movie <strong>Mobile Suit Gundam SEED Freedom<\/strong><\/li>\n<li>Part of the line <strong>High Grade<\/strong><\/li>\n<li>Highly detailed<\/li>\n<li>Instructions may or may not include English translation.<\/li>\n<\/ul>\n<p>Add to your collection the imposing <strong>Gyan Strom<\/strong> and recreate their powerful poses and iconic weaponry with this detailed kit. <strong>High Grade<\/strong>!<\/p>","protected":false},"featured_media":4064,"template":"","meta":[],"product_cat":[94,66,180,61,56],"product_tag":[116,110,260,181,104],"class_list":{"0":"post-4063","1":"product","2":"type-product","3":"status-publish","4":"has-post-thumbnail","6":"product_cat-bandai-hobby-site","7":"product_cat-model-kit","8":"product_cat-3-high-grade-1-144","9":"product_cat-novedades","10":"product_cat-gundam","11":"product_tag-1-144","12":"product_tag-gundam-seed","13":"product_tag-high-grade","14":"product_tag-mobile-suit-gundam","15":"product_tag-model-kit","17":"first","18":"instock","19":"sold-individually","20":"taxable","21":"shipping-taxable","22":"purchasable","23":"product-type-simple"},"yoast_head":"<!-- This site is optimized with the Yoast SEO plugin v24.2 - https:\/\/yoast.com\/wordpress\/plugins\/seo\/ -->\n<title>Mobile Suit Gundam SEED Freedom HGUC Gyan Strom (Agnes Giebenrath Custom) 1\/144 Scale Model Kit- Akatsuki anime store<\/title>\n<meta name=\"robots\" content=\"index, follow, max-snippet:-1, max-image-preview:large, max-video-preview:-1\" \/>\n<link rel=\"canonical\" href=\"https:\/\/akatsukianime.com\/en\/product\/mobile-suit-gundam-seed-freedom-hguc-gyan-strom-agnes-giebenrath-custom-1-144-scale-model-kit\/\" \/>\n<meta property=\"og:locale\" content=\"en_US\" \/>\n<meta property=\"og:type\" content=\"article\" \/>\n<meta property=\"og:title\" content=\"Mobile Suit Gundam SEED Freedom HGUC Gyan Strom (Agnes Giebenrath Custom) 1\/144 Scale Model Kit- Akatsuki anime store\" \/>\n<meta property=\"og:description\" content=\"Descripci\u00f3n del Producto Desde la popular pel\u00edcula de anime Mobile Suit Gundam SEED Freedom, llega un nuevo modelo a escala 1\/144 del Mobile Suit Gyan Strom (Agnes Giebenrath Custom).  Este kit est\u00e1 equipado con una estructura interna especializada, el SEED Action System, que permite capturar las poses de acci\u00f3n ic\u00f3nicas de la pel\u00edcula. Adem\u00e1s, cuenta con una articulaci\u00f3n de brazo mejorada gracias al mecanismo deslizante en la conexi\u00f3n de la armadura del hombro.  El distintivo hacha de rayos, dise\u00f1ado exclusivamente para este traje, puede montarse en la cintura al usar el soporte de almacenamiento incluido. Las alas m\u00f3viles permiten posicionar el lanzador de misiles hacia adelante.  Al desplegar la armadura del pecho e insertar las piezas del Gatling, puedes recrear el estado extendido del Gatling. Tambi\u00e9n incluye una parte Heat Rod que puede equiparse en el brazo derecho.  Finalmente, el Gyan Strom incluye piezas de efectos que se pueden colocar en el escudo para opciones de exhibici\u00f3n a\u00fan m\u00e1s din\u00e1micas.  Caracter\u00edsticas del Producto   Fabricado en ABS y PVC  Basado en la pel\u00edcula de anime Mobile Suit Gundam SEED Freedom  Parte de la l\u00ednea High Grade  Altamente detallado  Las instrucciones pueden o no incluir traducci\u00f3n al ingl\u00e9s  \u00a1Agrega a tu colecci\u00f3n el imponente Gyan Strom y recrea sus poderosas poses y armamento ic\u00f3nico con este detallado kit High Grade!\" \/>\n<meta property=\"og:url\" content=\"https:\/\/akatsukianime.com\/en\/product\/mobile-suit-gundam-seed-freedom-hguc-gyan-strom-agnes-giebenrath-custom-1-144-scale-model-kit\/\" \/>\n<meta property=\"og:site_name\" content=\"Akatsuki anime store\" \/>\n<meta property=\"og:image\" content=\"https:\/\/akatsukianime.com\/wp-content\/uploads\/2024\/10\/MOBILE1.jpg\" \/>\n\t<meta property=\"og:image:width\" content=\"1000\" \/>\n\t<meta property=\"og:image:height\" content=\"1000\" \/>\n\t<meta property=\"og:image:type\" content=\"image\/jpeg\" \/>\n<meta name=\"twitter:card\" content=\"summary_large_image\" \/>\n<script type=\"application\/ld+json\" class=\"yoast-schema-graph\">{\"@context\":\"https:\/\/schema.org\",\"@graph\":[{\"@type\":[\"WebPage\",\"ItemPage\"],\"@id\":\"https:\/\/akatsukianime.com\/product\/mobile-suit-gundam-seed-freedom-hguc-gyan-strom-agnes-giebenrath-custom-1-144-scale-model-kit\/\",\"url\":\"https:\/\/akatsukianime.com\/product\/mobile-suit-gundam-seed-freedom-hguc-gyan-strom-agnes-giebenrath-custom-1-144-scale-model-kit\/\",\"name\":\"Mobile Suit Gundam SEED Freedom HGUC Gyan Strom (Agnes Giebenrath Custom) 1\/144 Scale Model Kit- Akatsuki anime store\",\"isPartOf\":{\"@id\":\"https:\/\/akatsukianime.com\/#website\"},\"primaryImageOfPage\":{\"@id\":\"https:\/\/akatsukianime.com\/product\/mobile-suit-gundam-seed-freedom-hguc-gyan-strom-agnes-giebenrath-custom-1-144-scale-model-kit\/#primaryimage\"},\"image\":{\"@id\":\"https:\/\/akatsukianime.com\/product\/mobile-suit-gundam-seed-freedom-hguc-gyan-strom-agnes-giebenrath-custom-1-144-scale-model-kit\/#primaryimage\"},\"thumbnailUrl\":\"https:\/\/akatsukianime.com\/wp-content\/uploads\/2024\/10\/MOBILE1.jpg\",\"datePublished\":\"2024-10-28T16:18:06+00:00\",\"dateModified\":\"2024-10-28T16:18:06+00:00\",\"breadcrumb\":{\"@id\":\"https:\/\/akatsukianime.com\/product\/mobile-suit-gundam-seed-freedom-hguc-gyan-strom-agnes-giebenrath-custom-1-144-scale-model-kit\/#breadcrumb\"},\"inLanguage\":\"en-US\",\"potentialAction\":[{\"@type\":\"ReadAction\",\"target\":[\"https:\/\/akatsukianime.com\/product\/mobile-suit-gundam-seed-freedom-hguc-gyan-strom-agnes-giebenrath-custom-1-144-scale-model-kit\/\"]}]},{\"@type\":\"ImageObject\",\"inLanguage\":\"en-US\",\"@id\":\"https:\/\/akatsukianime.com\/product\/mobile-suit-gundam-seed-freedom-hguc-gyan-strom-agnes-giebenrath-custom-1-144-scale-model-kit\/#primaryimage\",\"url\":\"https:\/\/akatsukianime.com\/wp-content\/uploads\/2024\/10\/MOBILE1.jpg\",\"contentUrl\":\"https:\/\/akatsukianime.com\/wp-content\/uploads\/2024\/10\/MOBILE1.jpg\",\"width\":1000,\"height\":1000},{\"@type\":\"BreadcrumbList\",\"@id\":\"https:\/\/akatsukianime.com\/product\/mobile-suit-gundam-seed-freedom-hguc-gyan-strom-agnes-giebenrath-custom-1-144-scale-model-kit\/#breadcrumb\",\"itemListElement\":[{\"@type\":\"ListItem\",\"position\":1,\"name\":\"Portada\",\"item\":\"https:\/\/akatsukianime.com\/\"},{\"@type\":\"ListItem\",\"position\":2,\"name\":\"Tienda\",\"item\":\"https:\/\/akatsukianime.com\/tienda\/\"},{\"@type\":\"ListItem\",\"position\":3,\"name\":\"Mobile Suit Gundam SEED Freedom HGUC Gyan Strom (Agnes Giebenrath Custom) 1\/144 Scale Model Kit\"}]},{\"@type\":\"WebSite\",\"@id\":\"https:\/\/akatsukianime.com\/#website\",\"url\":\"https:\/\/akatsukianime.com\/\",\"name\":\"Akatsuki anime store\",\"description\":\"\",\"potentialAction\":[{\"@type\":\"SearchAction\",\"target\":{\"@type\":\"EntryPoint\",\"urlTemplate\":\"https:\/\/akatsukianime.com\/?s={search_term_string}\"},\"query-input\":{\"@type\":\"PropertyValueSpecification\",\"valueRequired\":true,\"valueName\":\"search_term_string\"}}],\"inLanguage\":\"en-US\"}]}<\/script>\n<!-- \/ Yoast SEO plugin. -->","yoast_head_json":{"title":"Mobile Suit Gundam SEED Freedom HGUC Gyan Strom (Agnes Giebenrath Custom) 1\/144 Scale Model Kit- Akatsuki anime store","robots":{"index":"index","follow":"follow","max-snippet":"max-snippet:-1","max-image-preview":"max-image-preview:large","max-video-preview":"max-video-preview:-1"},"canonical":"https:\/\/akatsukianime.com\/en\/product\/mobile-suit-gundam-seed-freedom-hguc-gyan-strom-agnes-giebenrath-custom-1-144-scale-model-kit\/","og_locale":"en_US","og_type":"article","og_title":"Mobile Suit Gundam SEED Freedom HGUC Gyan Strom (Agnes Giebenrath Custom) 1\/144 Scale Model Kit- Akatsuki anime store","og_description":"Descripci\u00f3n del Producto Desde la popular pel\u00edcula de anime Mobile Suit Gundam SEED Freedom, llega un nuevo modelo a escala 1\/144 del Mobile Suit Gyan Strom (Agnes Giebenrath Custom).  Este kit est\u00e1 equipado con una estructura interna especializada, el SEED Action System, que permite capturar las poses de acci\u00f3n ic\u00f3nicas de la pel\u00edcula. Adem\u00e1s, cuenta con una articulaci\u00f3n de brazo mejorada gracias al mecanismo deslizante en la conexi\u00f3n de la armadura del hombro.  El distintivo hacha de rayos, dise\u00f1ado exclusivamente para este traje, puede montarse en la cintura al usar el soporte de almacenamiento incluido. Las alas m\u00f3viles permiten posicionar el lanzador de misiles hacia adelante.  Al desplegar la armadura del pecho e insertar las piezas del Gatling, puedes recrear el estado extendido del Gatling. Tambi\u00e9n incluye una parte Heat Rod que puede equiparse en el brazo derecho.  Finalmente, el Gyan Strom incluye piezas de efectos que se pueden colocar en el escudo para opciones de exhibici\u00f3n a\u00fan m\u00e1s din\u00e1micas.  Caracter\u00edsticas del Producto   Fabricado en ABS y PVC  Basado en la pel\u00edcula de anime Mobile Suit Gundam SEED Freedom  Parte de la l\u00ednea High Grade  Altamente detallado  Las instrucciones pueden o no incluir traducci\u00f3n al ingl\u00e9s  \u00a1Agrega a tu colecci\u00f3n el imponente Gyan Strom y recrea sus poderosas poses y armamento ic\u00f3nico con este detallado kit High Grade!","og_url":"https:\/\/akatsukianime.com\/en\/product\/mobile-suit-gundam-seed-freedom-hguc-gyan-strom-agnes-giebenrath-custom-1-144-scale-model-kit\/","og_site_name":"Akatsuki anime store","og_image":[{"width":1000,"height":1000,"url":"https:\/\/akatsukianime.com\/wp-content\/uploads\/2024\/10\/MOBILE1.jpg","type":"image\/jpeg"}],"twitter_card":"summary_large_image","schema":{"@context":"https:\/\/schema.org","@graph":[{"@type":["WebPage","ItemPage"],"@id":"https:\/\/akatsukianime.com\/product\/mobile-suit-gundam-seed-freedom-hguc-gyan-strom-agnes-giebenrath-custom-1-144-scale-model-kit\/","url":"https:\/\/akatsukianime.com\/product\/mobile-suit-gundam-seed-freedom-hguc-gyan-strom-agnes-giebenrath-custom-1-144-scale-model-kit\/","name":"Mobile Suit Gundam SEED Freedom HGUC Gyan Strom (Agnes Giebenrath Custom) 1\/144 Scale Model Kit- Akatsuki anime store","isPartOf":{"@id":"https:\/\/akatsukianime.com\/#website"},"primaryImageOfPage":{"@id":"https:\/\/akatsukianime.com\/product\/mobile-suit-gundam-seed-freedom-hguc-gyan-strom-agnes-giebenrath-custom-1-144-scale-model-kit\/#primaryimage"},"image":{"@id":"https:\/\/akatsukianime.com\/product\/mobile-suit-gundam-seed-freedom-hguc-gyan-strom-agnes-giebenrath-custom-1-144-scale-model-kit\/#primaryimage"},"thumbnailUrl":"https:\/\/akatsukianime.com\/wp-content\/uploads\/2024\/10\/MOBILE1.jpg","datePublished":"2024-10-28T16:18:06+00:00","dateModified":"2024-10-28T16:18:06+00:00","breadcrumb":{"@id":"https:\/\/akatsukianime.com\/product\/mobile-suit-gundam-seed-freedom-hguc-gyan-strom-agnes-giebenrath-custom-1-144-scale-model-kit\/#breadcrumb"},"inLanguage":"en-US","potentialAction":[{"@type":"ReadAction","target":["https:\/\/akatsukianime.com\/product\/mobile-suit-gundam-seed-freedom-hguc-gyan-strom-agnes-giebenrath-custom-1-144-scale-model-kit\/"]}]},{"@type":"ImageObject","inLanguage":"en-US","@id":"https:\/\/akatsukianime.com\/product\/mobile-suit-gundam-seed-freedom-hguc-gyan-strom-agnes-giebenrath-custom-1-144-scale-model-kit\/#primaryimage","url":"https:\/\/akatsukianime.com\/wp-content\/uploads\/2024\/10\/MOBILE1.jpg","contentUrl":"https:\/\/akatsukianime.com\/wp-content\/uploads\/2024\/10\/MOBILE1.jpg","width":1000,"height":1000},{"@type":"BreadcrumbList","@id":"https:\/\/akatsukianime.com\/product\/mobile-suit-gundam-seed-freedom-hguc-gyan-strom-agnes-giebenrath-custom-1-144-scale-model-kit\/#breadcrumb","itemListElement":[{"@type":"ListItem","position":1,"name":"Portada","item":"https:\/\/akatsukianime.com\/"},{"@type":"ListItem","position":2,"name":"Tienda","item":"https:\/\/akatsukianime.com\/tienda\/"},{"@type":"ListItem","position":3,"name":"Mobile Suit Gundam SEED Freedom HGUC Gyan Strom (Agnes Giebenrath Custom) 1\/144 Scale Model Kit"}]},{"@type":"WebSite","@id":"https:\/\/akatsukianime.com\/#website","url":"https:\/\/akatsukianime.com\/","name":"Akatsuki anime store","description":"","potentialAction":[{"@type":"SearchAction","target":{"@type":"EntryPoint","urlTemplate":"https:\/\/akatsukianime.com\/?s={search_term_string}"},"query-input":{"@type":"PropertyValueSpecification","valueRequired":true,"valueName":"search_term_string"}}],"inLanguage":"en-US"}]}},"jetpack_sharing_enabled":true,"_links":{"self":[{"href":"https:\/\/akatsukianime.com\/en\/wp-json\/wp\/v2\/product\/4063","targetHints":{"allow":["GET"]}}],"collection":[{"href":"https:\/\/akatsukianime.com\/en\/wp-json\/wp\/v2\/product"}],"about":[{"href":"https:\/\/akatsukianime.com\/en\/wp-json\/wp\/v2\/types\/product"}],"version-history":[{"count":1,"href":"https:\/\/akatsukianime.com\/en\/wp-json\/wp\/v2\/product\/4063\/revisions"}],"predecessor-version":[{"id":4074,"href":"https:\/\/akatsukianime.com\/en\/wp-json\/wp\/v2\/product\/4063\/revisions\/4074"}],"wp:featuredmedia":[{"embeddable":true,"href":"https:\/\/akatsukianime.com\/en\/wp-json\/wp\/v2\/media\/4064"}],"wp:attachment":[{"href":"https:\/\/akatsukianime.com\/en\/wp-json\/wp\/v2\/media?parent=4063"}],"wp:term":[{"taxonomy":"product_cat","embeddable":true,"href":"https:\/\/akatsukianime.com\/en\/wp-json\/wp\/v2\/product_cat?post=4063"},{"taxonomy":"product_tag","embeddable":true,"href":"https:\/\/akatsukianime.com\/en\/wp-json\/wp\/v2\/product_tag?post=4063"}],"curies":[{"name":"wp","href":"https:\/\/api.w.org\/{rel}","templated":true}]}}