{"id":4075,"date":"2024-10-28T17:29:57","date_gmt":"2024-10-28T16:29:57","guid":{"rendered":"https:\/\/akatsukianime.com\/?post_type=product&#038;p=4075"},"modified":"2024-10-28T17:30:28","modified_gmt":"2024-10-28T16:30:28","slug":"pokemon-squirtle-17-quick-model-kit","status":"publish","type":"product","link":"https:\/\/akatsukianime.com\/en\/product\/pokemon-squirtle-17-quick-model-kit\/","title":{"rendered":"Pokemon Squirtle 17 Quick Model Kit"},"content":{"rendered":"<p><strong>Box Contents<\/strong><\/p>\n<ul>\n<li>Pieces to build a <strong>Squirtle<\/strong><\/li>\n<li>Instructions<\/li>\n<\/ul>","protected":false},"excerpt":{"rendered":"<p><strong>Product Description<\/strong><br \/>\nEasy assembly without tools! <strong>\u00abPokepla Quick!!\u00bb Squirtle<\/strong> joins the collection. Enjoy adorable and charming poses that you will want to collect. Easy construction and colorful finish are achieved by dividing special parts. Seeing the parts in the frame, you can already imagine the finished product! Tool-free assembly system.<\/p>\n<p>Other models shown are not included.<\/p>\n<p><strong>Product Features<\/strong><\/p>\n<ul>\n<li><strong>3.34 inches<\/strong> (8.5 cm)<\/li>\n<li>Made of plastic<\/li>\n<li>Based on the franchise of <strong>Pok\u00e9mon<\/strong><\/li>\n<li>Part of the model line <strong>Quick<\/strong><\/li>\n<li>Easy to assemble<\/li>\n<li>Instructions may or may not include English translation.<\/li>\n<\/ul>\n<p>Build and display your <strong>Squirtle<\/strong> with this fun, quick-assembly kit, perfect for collectors of all ages!<\/p>","protected":false},"featured_media":4076,"template":"","meta":[],"product_cat":[94,66,169,61,58],"product_tag":[104,253,252,261],"class_list":{"0":"post-4075","1":"product","2":"type-product","3":"status-publish","4":"has-post-thumbnail","6":"product_cat-bandai-hobby-site","7":"product_cat-model-kit","8":"product_cat-10-otros-model-kit","9":"product_cat-novedades","10":"product_cat-pokemon","11":"product_tag-model-kit","12":"product_tag-pokemon","13":"product_tag-pokepla","14":"product_tag-squirtle","16":"first","17":"instock","18":"sold-individually","19":"taxable","20":"shipping-taxable","21":"purchasable","22":"product-type-simple"},"yoast_head":"<!-- This site is optimized with the Yoast SEO plugin v24.2 - https:\/\/yoast.com\/wordpress\/plugins\/seo\/ -->\n<title>Pokemon Squirtle 17 Quick Model Kit- Akatsuki anime store<\/title>\n<meta name=\"robots\" content=\"index, follow, max-snippet:-1, max-image-preview:large, max-video-preview:-1\" \/>\n<link rel=\"canonical\" href=\"https:\/\/akatsukianime.com\/en\/product\/pokemon-squirtle-17-quick-model-kit\/\" \/>\n<meta property=\"og:locale\" content=\"en_US\" \/>\n<meta property=\"og:type\" content=\"article\" \/>\n<meta property=\"og:title\" content=\"Pokemon Squirtle 17 Quick Model Kit- Akatsuki anime store\" \/>\n<meta property=\"og:description\" content=\"Descripci\u00f3n del Producto \u00a1Ensamblaje f\u00e1cil sin herramientas! &quot;Pokepla Quick!!&quot; Squirtle se une a la colecci\u00f3n. Disfruta de adorables y encantadoras poses que querr\u00e1s coleccionar. Se logra una f\u00e1cil construcci\u00f3n y un acabado colorido mediante la divisi\u00f3n de piezas especiales. Al ver las piezas en el marco, \u00a1ya puedes imaginar el producto terminado! Sistema de ensamblaje sin herramientas.  Otros modelos mostrados no est\u00e1n incluidos.  Caracter\u00edsticas del Producto   3.34 pulgadas (8.5 cm)  Fabricado en pl\u00e1stico  Basado en la franquicia de Pok\u00e9mon  Parte de la l\u00ednea de modelos Quick  F\u00e1cil de ensamblar  Las instrucciones pueden o no incluir traducci\u00f3n al ingl\u00e9s  \u00a1Construye y exhibe a Squirtle con este divertido kit de ensamblaje r\u00e1pido, perfecto para coleccionistas de todas las edades!\" \/>\n<meta property=\"og:url\" content=\"https:\/\/akatsukianime.com\/en\/product\/pokemon-squirtle-17-quick-model-kit\/\" \/>\n<meta property=\"og:site_name\" content=\"Akatsuki anime store\" \/>\n<meta property=\"article:modified_time\" content=\"2024-10-28T16:30:28+00:00\" \/>\n<meta property=\"og:image\" content=\"https:\/\/akatsukianime.com\/wp-content\/uploads\/2024\/10\/Pokemon-Squirtle-17-Quick-Model-Kit.jpg\" \/>\n\t<meta property=\"og:image:width\" content=\"1000\" \/>\n\t<meta property=\"og:image:height\" content=\"1000\" \/>\n\t<meta property=\"og:image:type\" content=\"image\/jpeg\" \/>\n<meta name=\"twitter:card\" content=\"summary_large_image\" \/>\n<script type=\"application\/ld+json\" class=\"yoast-schema-graph\">{\"@context\":\"https:\/\/schema.org\",\"@graph\":[{\"@type\":[\"WebPage\",\"ItemPage\"],\"@id\":\"https:\/\/akatsukianime.com\/product\/pokemon-squirtle-17-quick-model-kit\/\",\"url\":\"https:\/\/akatsukianime.com\/product\/pokemon-squirtle-17-quick-model-kit\/\",\"name\":\"Pokemon Squirtle 17 Quick Model Kit- Akatsuki anime store\",\"isPartOf\":{\"@id\":\"https:\/\/akatsukianime.com\/#website\"},\"primaryImageOfPage\":{\"@id\":\"https:\/\/akatsukianime.com\/product\/pokemon-squirtle-17-quick-model-kit\/#primaryimage\"},\"image\":{\"@id\":\"https:\/\/akatsukianime.com\/product\/pokemon-squirtle-17-quick-model-kit\/#primaryimage\"},\"thumbnailUrl\":\"https:\/\/akatsukianime.com\/wp-content\/uploads\/2024\/10\/Pokemon-Squirtle-17-Quick-Model-Kit.jpg\",\"datePublished\":\"2024-10-28T16:29:57+00:00\",\"dateModified\":\"2024-10-28T16:30:28+00:00\",\"breadcrumb\":{\"@id\":\"https:\/\/akatsukianime.com\/product\/pokemon-squirtle-17-quick-model-kit\/#breadcrumb\"},\"inLanguage\":\"en-US\",\"potentialAction\":[{\"@type\":\"ReadAction\",\"target\":[\"https:\/\/akatsukianime.com\/product\/pokemon-squirtle-17-quick-model-kit\/\"]}]},{\"@type\":\"ImageObject\",\"inLanguage\":\"en-US\",\"@id\":\"https:\/\/akatsukianime.com\/product\/pokemon-squirtle-17-quick-model-kit\/#primaryimage\",\"url\":\"https:\/\/akatsukianime.com\/wp-content\/uploads\/2024\/10\/Pokemon-Squirtle-17-Quick-Model-Kit.jpg\",\"contentUrl\":\"https:\/\/akatsukianime.com\/wp-content\/uploads\/2024\/10\/Pokemon-Squirtle-17-Quick-Model-Kit.jpg\",\"width\":1000,\"height\":1000},{\"@type\":\"BreadcrumbList\",\"@id\":\"https:\/\/akatsukianime.com\/product\/pokemon-squirtle-17-quick-model-kit\/#breadcrumb\",\"itemListElement\":[{\"@type\":\"ListItem\",\"position\":1,\"name\":\"Portada\",\"item\":\"https:\/\/akatsukianime.com\/\"},{\"@type\":\"ListItem\",\"position\":2,\"name\":\"Tienda\",\"item\":\"https:\/\/akatsukianime.com\/tienda\/\"},{\"@type\":\"ListItem\",\"position\":3,\"name\":\"Pokemon Squirtle 17 Quick Model Kit\"}]},{\"@type\":\"WebSite\",\"@id\":\"https:\/\/akatsukianime.com\/#website\",\"url\":\"https:\/\/akatsukianime.com\/\",\"name\":\"Akatsuki anime store\",\"description\":\"\",\"potentialAction\":[{\"@type\":\"SearchAction\",\"target\":{\"@type\":\"EntryPoint\",\"urlTemplate\":\"https:\/\/akatsukianime.com\/?s={search_term_string}\"},\"query-input\":{\"@type\":\"PropertyValueSpecification\",\"valueRequired\":true,\"valueName\":\"search_term_string\"}}],\"inLanguage\":\"en-US\"}]}<\/script>\n<!-- \/ Yoast SEO plugin. -->","yoast_head_json":{"title":"Pokemon Squirtle 17 Quick Model Kit- Akatsuki anime store","robots":{"index":"index","follow":"follow","max-snippet":"max-snippet:-1","max-image-preview":"max-image-preview:large","max-video-preview":"max-video-preview:-1"},"canonical":"https:\/\/akatsukianime.com\/en\/product\/pokemon-squirtle-17-quick-model-kit\/","og_locale":"en_US","og_type":"article","og_title":"Pokemon Squirtle 17 Quick Model Kit- Akatsuki anime store","og_description":"Descripci\u00f3n del Producto \u00a1Ensamblaje f\u00e1cil sin herramientas! \"Pokepla Quick!!\" Squirtle se une a la colecci\u00f3n. Disfruta de adorables y encantadoras poses que querr\u00e1s coleccionar. Se logra una f\u00e1cil construcci\u00f3n y un acabado colorido mediante la divisi\u00f3n de piezas especiales. Al ver las piezas en el marco, \u00a1ya puedes imaginar el producto terminado! Sistema de ensamblaje sin herramientas.  Otros modelos mostrados no est\u00e1n incluidos.  Caracter\u00edsticas del Producto   3.34 pulgadas (8.5 cm)  Fabricado en pl\u00e1stico  Basado en la franquicia de Pok\u00e9mon  Parte de la l\u00ednea de modelos Quick  F\u00e1cil de ensamblar  Las instrucciones pueden o no incluir traducci\u00f3n al ingl\u00e9s  \u00a1Construye y exhibe a Squirtle con este divertido kit de ensamblaje r\u00e1pido, perfecto para coleccionistas de todas las edades!","og_url":"https:\/\/akatsukianime.com\/en\/product\/pokemon-squirtle-17-quick-model-kit\/","og_site_name":"Akatsuki anime store","article_modified_time":"2024-10-28T16:30:28+00:00","og_image":[{"width":1000,"height":1000,"url":"https:\/\/akatsukianime.com\/wp-content\/uploads\/2024\/10\/Pokemon-Squirtle-17-Quick-Model-Kit.jpg","type":"image\/jpeg"}],"twitter_card":"summary_large_image","schema":{"@context":"https:\/\/schema.org","@graph":[{"@type":["WebPage","ItemPage"],"@id":"https:\/\/akatsukianime.com\/product\/pokemon-squirtle-17-quick-model-kit\/","url":"https:\/\/akatsukianime.com\/product\/pokemon-squirtle-17-quick-model-kit\/","name":"Pokemon Squirtle 17 Quick Model Kit- Akatsuki anime store","isPartOf":{"@id":"https:\/\/akatsukianime.com\/#website"},"primaryImageOfPage":{"@id":"https:\/\/akatsukianime.com\/product\/pokemon-squirtle-17-quick-model-kit\/#primaryimage"},"image":{"@id":"https:\/\/akatsukianime.com\/product\/pokemon-squirtle-17-quick-model-kit\/#primaryimage"},"thumbnailUrl":"https:\/\/akatsukianime.com\/wp-content\/uploads\/2024\/10\/Pokemon-Squirtle-17-Quick-Model-Kit.jpg","datePublished":"2024-10-28T16:29:57+00:00","dateModified":"2024-10-28T16:30:28+00:00","breadcrumb":{"@id":"https:\/\/akatsukianime.com\/product\/pokemon-squirtle-17-quick-model-kit\/#breadcrumb"},"inLanguage":"en-US","potentialAction":[{"@type":"ReadAction","target":["https:\/\/akatsukianime.com\/product\/pokemon-squirtle-17-quick-model-kit\/"]}]},{"@type":"ImageObject","inLanguage":"en-US","@id":"https:\/\/akatsukianime.com\/product\/pokemon-squirtle-17-quick-model-kit\/#primaryimage","url":"https:\/\/akatsukianime.com\/wp-content\/uploads\/2024\/10\/Pokemon-Squirtle-17-Quick-Model-Kit.jpg","contentUrl":"https:\/\/akatsukianime.com\/wp-content\/uploads\/2024\/10\/Pokemon-Squirtle-17-Quick-Model-Kit.jpg","width":1000,"height":1000},{"@type":"BreadcrumbList","@id":"https:\/\/akatsukianime.com\/product\/pokemon-squirtle-17-quick-model-kit\/#breadcrumb","itemListElement":[{"@type":"ListItem","position":1,"name":"Portada","item":"https:\/\/akatsukianime.com\/"},{"@type":"ListItem","position":2,"name":"Tienda","item":"https:\/\/akatsukianime.com\/tienda\/"},{"@type":"ListItem","position":3,"name":"Pokemon Squirtle 17 Quick Model Kit"}]},{"@type":"WebSite","@id":"https:\/\/akatsukianime.com\/#website","url":"https:\/\/akatsukianime.com\/","name":"Akatsuki anime store","description":"","potentialAction":[{"@type":"SearchAction","target":{"@type":"EntryPoint","urlTemplate":"https:\/\/akatsukianime.com\/?s={search_term_string}"},"query-input":{"@type":"PropertyValueSpecification","valueRequired":true,"valueName":"search_term_string"}}],"inLanguage":"en-US"}]}},"jetpack_sharing_enabled":true,"_links":{"self":[{"href":"https:\/\/akatsukianime.com\/en\/wp-json\/wp\/v2\/product\/4075","targetHints":{"allow":["GET"]}}],"collection":[{"href":"https:\/\/akatsukianime.com\/en\/wp-json\/wp\/v2\/product"}],"about":[{"href":"https:\/\/akatsukianime.com\/en\/wp-json\/wp\/v2\/types\/product"}],"version-history":[{"count":1,"href":"https:\/\/akatsukianime.com\/en\/wp-json\/wp\/v2\/product\/4075\/revisions"}],"predecessor-version":[{"id":4083,"href":"https:\/\/akatsukianime.com\/en\/wp-json\/wp\/v2\/product\/4075\/revisions\/4083"}],"wp:featuredmedia":[{"embeddable":true,"href":"https:\/\/akatsukianime.com\/en\/wp-json\/wp\/v2\/media\/4076"}],"wp:attachment":[{"href":"https:\/\/akatsukianime.com\/en\/wp-json\/wp\/v2\/media?parent=4075"}],"wp:term":[{"taxonomy":"product_cat","embeddable":true,"href":"https:\/\/akatsukianime.com\/en\/wp-json\/wp\/v2\/product_cat?post=4075"},{"taxonomy":"product_tag","embeddable":true,"href":"https:\/\/akatsukianime.com\/en\/wp-json\/wp\/v2\/product_tag?post=4075"}],"curies":[{"name":"wp","href":"https:\/\/api.w.org\/{rel}","templated":true}]}}