{"id":4084,"date":"2024-10-28T17:37:02","date_gmt":"2024-10-28T16:37:02","guid":{"rendered":"https:\/\/akatsukianime.com\/?post_type=product&#038;p=4084"},"modified":"2025-05-03T20:51:27","modified_gmt":"2025-05-03T18:51:27","slug":"pokemon-charmander-11-quick-model-kit","status":"publish","type":"product","link":"https:\/\/akatsukianime.com\/en\/product\/pokemon-charmander-11-quick-model-kit\/","title":{"rendered":"Pokemon Charmander 11 Quick Model Kit"},"content":{"rendered":"<p><strong>Box Contents<\/strong><\/p>\n<ul>\n<li>Pieces to build a <strong>Charmander<\/strong><\/li>\n<li>Decals<\/li>\n<li>Instructions<\/li>\n<\/ul>","protected":false},"excerpt":{"rendered":"<p><strong>Product Description<\/strong><br \/>\nA simple kit where you can easily imagine what the finished model will look like by seeing the parts in the frame. It is assembled without the need for glue! Be sure to add this model to your cart. <strong>Charmander<\/strong> to your Pok\u00e9mon collection.<\/p>\n<p><strong>Product Features<\/strong><\/p>\n<ul>\n<li><strong>3.43 inches<\/strong> (8.7 cm)<\/li>\n<li>Made of plastic<\/li>\n<li>Based on the series of <strong>Pok\u00e9mon<\/strong><\/li>\n<li>Part of the model line <strong>Quick<\/strong><\/li>\n<li>No tools, glue or paint required<\/li>\n<li>Instructions may or may not include English translation.<\/li>\n<\/ul>\n<p>Build and display your <strong>Charmander<\/strong> with this quick and easy assembly kit, ideal for any Pok\u00e9mon fan!<\/p>","protected":false},"featured_media":4085,"template":"","meta":[],"product_cat":[94,66,169,61,58],"product_tag":[262,104,253,252],"class_list":{"0":"post-4084","1":"product","2":"type-product","3":"status-publish","4":"has-post-thumbnail","6":"product_cat-bandai-hobby-site","7":"product_cat-model-kit","8":"product_cat-10-otros-model-kit","9":"product_cat-novedades","10":"product_cat-pokemon","11":"product_tag-charmander","12":"product_tag-model-kit","13":"product_tag-pokemon","14":"product_tag-pokepla","16":"first","17":"instock","18":"sold-individually","19":"taxable","20":"shipping-taxable","21":"purchasable","22":"product-type-simple"},"yoast_head":"<!-- This site is optimized with the Yoast SEO plugin v24.2 - https:\/\/yoast.com\/wordpress\/plugins\/seo\/ -->\n<title>Pokemon Charmander 11 Quick Model Kit - Akatsuki anime store<\/title>\n<meta name=\"robots\" content=\"index, follow, max-snippet:-1, max-image-preview:large, max-video-preview:-1\" \/>\n<link rel=\"canonical\" href=\"https:\/\/akatsukianime.com\/en\/product\/pokemon-charmander-11-quick-model-kit\/\" \/>\n<meta property=\"og:locale\" content=\"en_US\" \/>\n<meta property=\"og:type\" content=\"article\" \/>\n<meta property=\"og:title\" content=\"Pokemon Charmander 11 Quick Model Kit - Akatsuki anime store\" \/>\n<meta property=\"og:description\" content=\"Descripci\u00f3n del Producto Un kit simple donde puedes imaginar f\u00e1cilmente c\u00f3mo se ver\u00e1 el modelo terminado al ver las piezas en el marco. \u00a1Se ensambla sin necesidad de pegamento! Aseg\u00farate de agregar este modelo de Charmander a tu colecci\u00f3n de Pok\u00e9mon.  Caracter\u00edsticas del Producto   3.43 pulgadas (8.7 cm)  Fabricado en pl\u00e1stico  Basado en la serie de Pok\u00e9mon  Parte de la l\u00ednea de modelos Quick  No requiere herramientas, pegamento ni pintura  Las instrucciones pueden o no incluir traducci\u00f3n al ingl\u00e9s  \u00a1Construye y exhibe a Charmander con este sencillo y r\u00e1pido kit de ensamblaje, ideal para cualquier fan de Pok\u00e9mon!\" \/>\n<meta property=\"og:url\" content=\"https:\/\/akatsukianime.com\/en\/product\/pokemon-charmander-11-quick-model-kit\/\" \/>\n<meta property=\"og:site_name\" content=\"Akatsuki anime store\" \/>\n<meta property=\"article:modified_time\" content=\"2025-05-03T18:51:27+00:00\" \/>\n<meta property=\"og:image\" content=\"https:\/\/akatsukianime.com\/wp-content\/uploads\/2024\/10\/Pokemon-Charmander-11-Quick-Model-Kit.jpg\" \/>\n\t<meta property=\"og:image:width\" content=\"1000\" \/>\n\t<meta property=\"og:image:height\" content=\"1000\" \/>\n\t<meta property=\"og:image:type\" content=\"image\/jpeg\" \/>\n<meta name=\"twitter:card\" content=\"summary_large_image\" \/>\n<meta name=\"twitter:label1\" content=\"Est. reading time\" \/>\n\t<meta name=\"twitter:data1\" content=\"1 minute\" \/>\n<script type=\"application\/ld+json\" class=\"yoast-schema-graph\">{\"@context\":\"https:\/\/schema.org\",\"@graph\":[{\"@type\":[\"WebPage\",\"ItemPage\"],\"@id\":\"https:\/\/akatsukianime.com\/product\/pokemon-charmander-11-quick-model-kit\/\",\"url\":\"https:\/\/akatsukianime.com\/product\/pokemon-charmander-11-quick-model-kit\/\",\"name\":\"Pokemon Charmander 11 Quick Model Kit - Akatsuki anime store\",\"isPartOf\":{\"@id\":\"https:\/\/akatsukianime.com\/#website\"},\"primaryImageOfPage\":{\"@id\":\"https:\/\/akatsukianime.com\/product\/pokemon-charmander-11-quick-model-kit\/#primaryimage\"},\"image\":{\"@id\":\"https:\/\/akatsukianime.com\/product\/pokemon-charmander-11-quick-model-kit\/#primaryimage\"},\"thumbnailUrl\":\"https:\/\/akatsukianime.com\/wp-content\/uploads\/2024\/10\/Pokemon-Charmander-11-Quick-Model-Kit.jpg\",\"datePublished\":\"2024-10-28T16:37:02+00:00\",\"dateModified\":\"2025-05-03T18:51:27+00:00\",\"breadcrumb\":{\"@id\":\"https:\/\/akatsukianime.com\/product\/pokemon-charmander-11-quick-model-kit\/#breadcrumb\"},\"inLanguage\":\"en-US\",\"potentialAction\":[{\"@type\":\"ReadAction\",\"target\":[\"https:\/\/akatsukianime.com\/product\/pokemon-charmander-11-quick-model-kit\/\"]}]},{\"@type\":\"ImageObject\",\"inLanguage\":\"en-US\",\"@id\":\"https:\/\/akatsukianime.com\/product\/pokemon-charmander-11-quick-model-kit\/#primaryimage\",\"url\":\"https:\/\/akatsukianime.com\/wp-content\/uploads\/2024\/10\/Pokemon-Charmander-11-Quick-Model-Kit.jpg\",\"contentUrl\":\"https:\/\/akatsukianime.com\/wp-content\/uploads\/2024\/10\/Pokemon-Charmander-11-Quick-Model-Kit.jpg\",\"width\":1000,\"height\":1000},{\"@type\":\"BreadcrumbList\",\"@id\":\"https:\/\/akatsukianime.com\/product\/pokemon-charmander-11-quick-model-kit\/#breadcrumb\",\"itemListElement\":[{\"@type\":\"ListItem\",\"position\":1,\"name\":\"Portada\",\"item\":\"https:\/\/akatsukianime.com\/\"},{\"@type\":\"ListItem\",\"position\":2,\"name\":\"Tienda\",\"item\":\"https:\/\/akatsukianime.com\/tienda\/\"},{\"@type\":\"ListItem\",\"position\":3,\"name\":\"Pokemon Charmander 11 Quick Model Kit\"}]},{\"@type\":\"WebSite\",\"@id\":\"https:\/\/akatsukianime.com\/#website\",\"url\":\"https:\/\/akatsukianime.com\/\",\"name\":\"Akatsuki anime store\",\"description\":\"\",\"potentialAction\":[{\"@type\":\"SearchAction\",\"target\":{\"@type\":\"EntryPoint\",\"urlTemplate\":\"https:\/\/akatsukianime.com\/?s={search_term_string}\"},\"query-input\":{\"@type\":\"PropertyValueSpecification\",\"valueRequired\":true,\"valueName\":\"search_term_string\"}}],\"inLanguage\":\"en-US\"}]}<\/script>\n<!-- \/ Yoast SEO plugin. -->","yoast_head_json":{"title":"Pokemon Charmander 11 Quick Model Kit - Akatsuki anime store","robots":{"index":"index","follow":"follow","max-snippet":"max-snippet:-1","max-image-preview":"max-image-preview:large","max-video-preview":"max-video-preview:-1"},"canonical":"https:\/\/akatsukianime.com\/en\/product\/pokemon-charmander-11-quick-model-kit\/","og_locale":"en_US","og_type":"article","og_title":"Pokemon Charmander 11 Quick Model Kit - Akatsuki anime store","og_description":"Descripci\u00f3n del Producto Un kit simple donde puedes imaginar f\u00e1cilmente c\u00f3mo se ver\u00e1 el modelo terminado al ver las piezas en el marco. \u00a1Se ensambla sin necesidad de pegamento! Aseg\u00farate de agregar este modelo de Charmander a tu colecci\u00f3n de Pok\u00e9mon.  Caracter\u00edsticas del Producto   3.43 pulgadas (8.7 cm)  Fabricado en pl\u00e1stico  Basado en la serie de Pok\u00e9mon  Parte de la l\u00ednea de modelos Quick  No requiere herramientas, pegamento ni pintura  Las instrucciones pueden o no incluir traducci\u00f3n al ingl\u00e9s  \u00a1Construye y exhibe a Charmander con este sencillo y r\u00e1pido kit de ensamblaje, ideal para cualquier fan de Pok\u00e9mon!","og_url":"https:\/\/akatsukianime.com\/en\/product\/pokemon-charmander-11-quick-model-kit\/","og_site_name":"Akatsuki anime store","article_modified_time":"2025-05-03T18:51:27+00:00","og_image":[{"width":1000,"height":1000,"url":"https:\/\/akatsukianime.com\/wp-content\/uploads\/2024\/10\/Pokemon-Charmander-11-Quick-Model-Kit.jpg","type":"image\/jpeg"}],"twitter_card":"summary_large_image","twitter_misc":{"Est. reading time":"1 minute"},"schema":{"@context":"https:\/\/schema.org","@graph":[{"@type":["WebPage","ItemPage"],"@id":"https:\/\/akatsukianime.com\/product\/pokemon-charmander-11-quick-model-kit\/","url":"https:\/\/akatsukianime.com\/product\/pokemon-charmander-11-quick-model-kit\/","name":"Pokemon Charmander 11 Quick Model Kit - Akatsuki anime store","isPartOf":{"@id":"https:\/\/akatsukianime.com\/#website"},"primaryImageOfPage":{"@id":"https:\/\/akatsukianime.com\/product\/pokemon-charmander-11-quick-model-kit\/#primaryimage"},"image":{"@id":"https:\/\/akatsukianime.com\/product\/pokemon-charmander-11-quick-model-kit\/#primaryimage"},"thumbnailUrl":"https:\/\/akatsukianime.com\/wp-content\/uploads\/2024\/10\/Pokemon-Charmander-11-Quick-Model-Kit.jpg","datePublished":"2024-10-28T16:37:02+00:00","dateModified":"2025-05-03T18:51:27+00:00","breadcrumb":{"@id":"https:\/\/akatsukianime.com\/product\/pokemon-charmander-11-quick-model-kit\/#breadcrumb"},"inLanguage":"en-US","potentialAction":[{"@type":"ReadAction","target":["https:\/\/akatsukianime.com\/product\/pokemon-charmander-11-quick-model-kit\/"]}]},{"@type":"ImageObject","inLanguage":"en-US","@id":"https:\/\/akatsukianime.com\/product\/pokemon-charmander-11-quick-model-kit\/#primaryimage","url":"https:\/\/akatsukianime.com\/wp-content\/uploads\/2024\/10\/Pokemon-Charmander-11-Quick-Model-Kit.jpg","contentUrl":"https:\/\/akatsukianime.com\/wp-content\/uploads\/2024\/10\/Pokemon-Charmander-11-Quick-Model-Kit.jpg","width":1000,"height":1000},{"@type":"BreadcrumbList","@id":"https:\/\/akatsukianime.com\/product\/pokemon-charmander-11-quick-model-kit\/#breadcrumb","itemListElement":[{"@type":"ListItem","position":1,"name":"Portada","item":"https:\/\/akatsukianime.com\/"},{"@type":"ListItem","position":2,"name":"Tienda","item":"https:\/\/akatsukianime.com\/tienda\/"},{"@type":"ListItem","position":3,"name":"Pokemon Charmander 11 Quick Model Kit"}]},{"@type":"WebSite","@id":"https:\/\/akatsukianime.com\/#website","url":"https:\/\/akatsukianime.com\/","name":"Akatsuki anime store","description":"","potentialAction":[{"@type":"SearchAction","target":{"@type":"EntryPoint","urlTemplate":"https:\/\/akatsukianime.com\/?s={search_term_string}"},"query-input":{"@type":"PropertyValueSpecification","valueRequired":true,"valueName":"search_term_string"}}],"inLanguage":"en-US"}]}},"jetpack_sharing_enabled":true,"_links":{"self":[{"href":"https:\/\/akatsukianime.com\/en\/wp-json\/wp\/v2\/product\/4084","targetHints":{"allow":["GET"]}}],"collection":[{"href":"https:\/\/akatsukianime.com\/en\/wp-json\/wp\/v2\/product"}],"about":[{"href":"https:\/\/akatsukianime.com\/en\/wp-json\/wp\/v2\/types\/product"}],"version-history":[{"count":1,"href":"https:\/\/akatsukianime.com\/en\/wp-json\/wp\/v2\/product\/4084\/revisions"}],"predecessor-version":[{"id":4092,"href":"https:\/\/akatsukianime.com\/en\/wp-json\/wp\/v2\/product\/4084\/revisions\/4092"}],"wp:featuredmedia":[{"embeddable":true,"href":"https:\/\/akatsukianime.com\/en\/wp-json\/wp\/v2\/media\/4085"}],"wp:attachment":[{"href":"https:\/\/akatsukianime.com\/en\/wp-json\/wp\/v2\/media?parent=4084"}],"wp:term":[{"taxonomy":"product_cat","embeddable":true,"href":"https:\/\/akatsukianime.com\/en\/wp-json\/wp\/v2\/product_cat?post=4084"},{"taxonomy":"product_tag","embeddable":true,"href":"https:\/\/akatsukianime.com\/en\/wp-json\/wp\/v2\/product_tag?post=4084"}],"curies":[{"name":"wp","href":"https:\/\/api.w.org\/{rel}","templated":true}]}}