{"id":4093,"date":"2024-10-28T17:55:24","date_gmt":"2024-10-28T16:55:24","guid":{"rendered":"https:\/\/akatsukianime.com\/?post_type=product&#038;p=4093"},"modified":"2024-12-29T12:00:17","modified_gmt":"2024-12-29T11:00:17","slug":"pokemon-pokepla-collection-quick-13-bulbasaur","status":"publish","type":"product","link":"https:\/\/akatsukianime.com\/en\/product\/pokemon-pokepla-collection-quick-13-bulbasaur\/","title":{"rendered":"Pok\u00e9mon Pokepla Collection Quick!! 13 Bulbasaur"},"content":{"rendered":"<p><strong>Box Contents<\/strong><\/p>\n<ul>\n<li>Pieces to build a <strong>Bulbasaur <\/strong><\/li>\n<li>Instructions<\/li>\n<\/ul>","protected":false},"excerpt":{"rendered":"<p><strong>Product Description<\/strong><br \/>\nEasy assembly without tools!\u00a0<strong>\u00abPokepla Quick!!\u00bb Bulbasaur <\/strong>joins the collection. Enjoy adorable and charming poses that you will want to collect. Easy construction and colorful finish are achieved by dividing special parts. Seeing the parts in the frame, you can already imagine the finished product! Tool-free assembly system.<\/p>\n<p><strong>Product Features<\/strong><\/p>\n<ul>\n<li><strong>3.34 inches<\/strong>\u00a0(8.5 cm)<\/li>\n<li>Made of plastic<\/li>\n<li>Based on the franchise of\u00a0<strong>Pok\u00e9mon<\/strong><\/li>\n<li>Part of the model line\u00a0<strong>Quick<\/strong><\/li>\n<li>Easy to assemble<\/li>\n<li>Instructions may or may not include English translation.<\/li>\n<\/ul>\n<p>Build and display your <strong>Bulbasaur<\/strong>\u00a0with this fun, quick-assembly kit, perfect for collectors of all ages!<\/p>\n<p>&nbsp;<\/p>","protected":false},"featured_media":4100,"template":"","meta":[],"product_cat":[94,66,169,61,58],"product_tag":[263,104,253,252],"class_list":{"0":"post-4093","1":"product","2":"type-product","3":"status-publish","4":"has-post-thumbnail","6":"product_cat-bandai-hobby-site","7":"product_cat-model-kit","8":"product_cat-10-otros-model-kit","9":"product_cat-novedades","10":"product_cat-pokemon","11":"product_tag-bulbasaur","12":"product_tag-model-kit","13":"product_tag-pokemon","14":"product_tag-pokepla","16":"first","17":"outofstock","18":"sold-individually","19":"taxable","20":"shipping-taxable","21":"purchasable","22":"product-type-simple"},"yoast_head":"<!-- This site is optimized with the Yoast SEO plugin v24.2 - https:\/\/yoast.com\/wordpress\/plugins\/seo\/ -->\n<title>Pok\u00e9mon Pokepla Collection Quick!! 13 Bulbasaur - Akatsuki anime store<\/title>\n<meta name=\"robots\" content=\"index, follow, max-snippet:-1, max-image-preview:large, max-video-preview:-1\" \/>\n<link rel=\"canonical\" href=\"https:\/\/akatsukianime.com\/en\/product\/pokemon-pokepla-collection-quick-13-bulbasaur\/\" \/>\n<meta property=\"og:locale\" content=\"en_US\" \/>\n<meta property=\"og:type\" content=\"article\" \/>\n<meta property=\"og:title\" content=\"Pok\u00e9mon Pokepla Collection Quick!! 13 Bulbasaur - Akatsuki anime store\" \/>\n<meta property=\"og:description\" content=\"Descripci\u00f3n del Producto \u00a1Ensamblaje f\u00e1cil sin herramientas!\u00a0\u00abPokepla Quick!!\u00bb Bulbasaur se une a la colecci\u00f3n. Disfruta de adorables y encantadoras poses que querr\u00e1s coleccionar. Se logra una f\u00e1cil construcci\u00f3n y un acabado colorido mediante la divisi\u00f3n de piezas especiales. Al ver las piezas en el marco, \u00a1ya puedes imaginar el producto terminado! Sistema de ensamblaje sin herramientas.  Caracter\u00edsticas del Producto   3.34 pulgadas\u00a0(8.5 cm)  Fabricado en pl\u00e1stico  Basado en la franquicia de\u00a0Pok\u00e9mon  Parte de la l\u00ednea de modelos\u00a0Quick  F\u00e1cil de ensamblar  Las instrucciones pueden o no incluir traducci\u00f3n al ingl\u00e9s  \u00a1Construye y exhibe a Bulbasaur\u00a0con este divertido kit de ensamblaje r\u00e1pido, perfecto para coleccionistas de todas las edades!  &nbsp;\" \/>\n<meta property=\"og:url\" content=\"https:\/\/akatsukianime.com\/en\/product\/pokemon-pokepla-collection-quick-13-bulbasaur\/\" \/>\n<meta property=\"og:site_name\" content=\"Akatsuki anime store\" \/>\n<meta property=\"article:modified_time\" content=\"2024-12-29T11:00:17+00:00\" \/>\n<meta property=\"og:image\" content=\"https:\/\/akatsukianime.com\/wp-content\/uploads\/2024\/10\/Pokemon-Pokepla-Collection-Quick-13-Bulbasaur.jpg\" \/>\n\t<meta property=\"og:image:width\" content=\"1000\" \/>\n\t<meta property=\"og:image:height\" content=\"1000\" \/>\n\t<meta property=\"og:image:type\" content=\"image\/jpeg\" \/>\n<meta name=\"twitter:card\" content=\"summary_large_image\" \/>\n<meta name=\"twitter:label1\" content=\"Est. reading time\" \/>\n\t<meta name=\"twitter:data1\" content=\"1 minute\" \/>\n<script type=\"application\/ld+json\" class=\"yoast-schema-graph\">{\"@context\":\"https:\/\/schema.org\",\"@graph\":[{\"@type\":[\"WebPage\",\"ItemPage\"],\"@id\":\"https:\/\/akatsukianime.com\/product\/pokemon-pokepla-collection-quick-13-bulbasaur\/\",\"url\":\"https:\/\/akatsukianime.com\/product\/pokemon-pokepla-collection-quick-13-bulbasaur\/\",\"name\":\"Pok\u00e9mon Pokepla Collection Quick!! 13 Bulbasaur - Akatsuki anime store\",\"isPartOf\":{\"@id\":\"https:\/\/akatsukianime.com\/#website\"},\"primaryImageOfPage\":{\"@id\":\"https:\/\/akatsukianime.com\/product\/pokemon-pokepla-collection-quick-13-bulbasaur\/#primaryimage\"},\"image\":{\"@id\":\"https:\/\/akatsukianime.com\/product\/pokemon-pokepla-collection-quick-13-bulbasaur\/#primaryimage\"},\"thumbnailUrl\":\"https:\/\/akatsukianime.com\/wp-content\/uploads\/2024\/10\/Pokemon-Pokepla-Collection-Quick-13-Bulbasaur.jpg\",\"datePublished\":\"2024-10-28T16:55:24+00:00\",\"dateModified\":\"2024-12-29T11:00:17+00:00\",\"breadcrumb\":{\"@id\":\"https:\/\/akatsukianime.com\/product\/pokemon-pokepla-collection-quick-13-bulbasaur\/#breadcrumb\"},\"inLanguage\":\"en-US\",\"potentialAction\":[{\"@type\":\"ReadAction\",\"target\":[\"https:\/\/akatsukianime.com\/product\/pokemon-pokepla-collection-quick-13-bulbasaur\/\"]}]},{\"@type\":\"ImageObject\",\"inLanguage\":\"en-US\",\"@id\":\"https:\/\/akatsukianime.com\/product\/pokemon-pokepla-collection-quick-13-bulbasaur\/#primaryimage\",\"url\":\"https:\/\/akatsukianime.com\/wp-content\/uploads\/2024\/10\/Pokemon-Pokepla-Collection-Quick-13-Bulbasaur.jpg\",\"contentUrl\":\"https:\/\/akatsukianime.com\/wp-content\/uploads\/2024\/10\/Pokemon-Pokepla-Collection-Quick-13-Bulbasaur.jpg\",\"width\":1000,\"height\":1000},{\"@type\":\"BreadcrumbList\",\"@id\":\"https:\/\/akatsukianime.com\/product\/pokemon-pokepla-collection-quick-13-bulbasaur\/#breadcrumb\",\"itemListElement\":[{\"@type\":\"ListItem\",\"position\":1,\"name\":\"Portada\",\"item\":\"https:\/\/akatsukianime.com\/\"},{\"@type\":\"ListItem\",\"position\":2,\"name\":\"Tienda\",\"item\":\"https:\/\/akatsukianime.com\/tienda\/\"},{\"@type\":\"ListItem\",\"position\":3,\"name\":\"Pok\u00e9mon Pokepla Collection Quick!! 13 Bulbasaur\"}]},{\"@type\":\"WebSite\",\"@id\":\"https:\/\/akatsukianime.com\/#website\",\"url\":\"https:\/\/akatsukianime.com\/\",\"name\":\"Akatsuki anime store\",\"description\":\"\",\"potentialAction\":[{\"@type\":\"SearchAction\",\"target\":{\"@type\":\"EntryPoint\",\"urlTemplate\":\"https:\/\/akatsukianime.com\/?s={search_term_string}\"},\"query-input\":{\"@type\":\"PropertyValueSpecification\",\"valueRequired\":true,\"valueName\":\"search_term_string\"}}],\"inLanguage\":\"en-US\"}]}<\/script>\n<!-- \/ Yoast SEO plugin. -->","yoast_head_json":{"title":"Pok\u00e9mon Pokepla Collection Quick!! 13 Bulbasaur - Akatsuki anime store","robots":{"index":"index","follow":"follow","max-snippet":"max-snippet:-1","max-image-preview":"max-image-preview:large","max-video-preview":"max-video-preview:-1"},"canonical":"https:\/\/akatsukianime.com\/en\/product\/pokemon-pokepla-collection-quick-13-bulbasaur\/","og_locale":"en_US","og_type":"article","og_title":"Pok\u00e9mon Pokepla Collection Quick!! 13 Bulbasaur - Akatsuki anime store","og_description":"Descripci\u00f3n del Producto \u00a1Ensamblaje f\u00e1cil sin herramientas!\u00a0\u00abPokepla Quick!!\u00bb Bulbasaur se une a la colecci\u00f3n. Disfruta de adorables y encantadoras poses que querr\u00e1s coleccionar. Se logra una f\u00e1cil construcci\u00f3n y un acabado colorido mediante la divisi\u00f3n de piezas especiales. Al ver las piezas en el marco, \u00a1ya puedes imaginar el producto terminado! Sistema de ensamblaje sin herramientas.  Caracter\u00edsticas del Producto   3.34 pulgadas\u00a0(8.5 cm)  Fabricado en pl\u00e1stico  Basado en la franquicia de\u00a0Pok\u00e9mon  Parte de la l\u00ednea de modelos\u00a0Quick  F\u00e1cil de ensamblar  Las instrucciones pueden o no incluir traducci\u00f3n al ingl\u00e9s  \u00a1Construye y exhibe a Bulbasaur\u00a0con este divertido kit de ensamblaje r\u00e1pido, perfecto para coleccionistas de todas las edades!  &nbsp;","og_url":"https:\/\/akatsukianime.com\/en\/product\/pokemon-pokepla-collection-quick-13-bulbasaur\/","og_site_name":"Akatsuki anime store","article_modified_time":"2024-12-29T11:00:17+00:00","og_image":[{"width":1000,"height":1000,"url":"https:\/\/akatsukianime.com\/wp-content\/uploads\/2024\/10\/Pokemon-Pokepla-Collection-Quick-13-Bulbasaur.jpg","type":"image\/jpeg"}],"twitter_card":"summary_large_image","twitter_misc":{"Est. reading time":"1 minute"},"schema":{"@context":"https:\/\/schema.org","@graph":[{"@type":["WebPage","ItemPage"],"@id":"https:\/\/akatsukianime.com\/product\/pokemon-pokepla-collection-quick-13-bulbasaur\/","url":"https:\/\/akatsukianime.com\/product\/pokemon-pokepla-collection-quick-13-bulbasaur\/","name":"Pok\u00e9mon Pokepla Collection Quick!! 13 Bulbasaur - Akatsuki anime store","isPartOf":{"@id":"https:\/\/akatsukianime.com\/#website"},"primaryImageOfPage":{"@id":"https:\/\/akatsukianime.com\/product\/pokemon-pokepla-collection-quick-13-bulbasaur\/#primaryimage"},"image":{"@id":"https:\/\/akatsukianime.com\/product\/pokemon-pokepla-collection-quick-13-bulbasaur\/#primaryimage"},"thumbnailUrl":"https:\/\/akatsukianime.com\/wp-content\/uploads\/2024\/10\/Pokemon-Pokepla-Collection-Quick-13-Bulbasaur.jpg","datePublished":"2024-10-28T16:55:24+00:00","dateModified":"2024-12-29T11:00:17+00:00","breadcrumb":{"@id":"https:\/\/akatsukianime.com\/product\/pokemon-pokepla-collection-quick-13-bulbasaur\/#breadcrumb"},"inLanguage":"en-US","potentialAction":[{"@type":"ReadAction","target":["https:\/\/akatsukianime.com\/product\/pokemon-pokepla-collection-quick-13-bulbasaur\/"]}]},{"@type":"ImageObject","inLanguage":"en-US","@id":"https:\/\/akatsukianime.com\/product\/pokemon-pokepla-collection-quick-13-bulbasaur\/#primaryimage","url":"https:\/\/akatsukianime.com\/wp-content\/uploads\/2024\/10\/Pokemon-Pokepla-Collection-Quick-13-Bulbasaur.jpg","contentUrl":"https:\/\/akatsukianime.com\/wp-content\/uploads\/2024\/10\/Pokemon-Pokepla-Collection-Quick-13-Bulbasaur.jpg","width":1000,"height":1000},{"@type":"BreadcrumbList","@id":"https:\/\/akatsukianime.com\/product\/pokemon-pokepla-collection-quick-13-bulbasaur\/#breadcrumb","itemListElement":[{"@type":"ListItem","position":1,"name":"Portada","item":"https:\/\/akatsukianime.com\/"},{"@type":"ListItem","position":2,"name":"Tienda","item":"https:\/\/akatsukianime.com\/tienda\/"},{"@type":"ListItem","position":3,"name":"Pok\u00e9mon Pokepla Collection Quick!! 13 Bulbasaur"}]},{"@type":"WebSite","@id":"https:\/\/akatsukianime.com\/#website","url":"https:\/\/akatsukianime.com\/","name":"Akatsuki anime store","description":"","potentialAction":[{"@type":"SearchAction","target":{"@type":"EntryPoint","urlTemplate":"https:\/\/akatsukianime.com\/?s={search_term_string}"},"query-input":{"@type":"PropertyValueSpecification","valueRequired":true,"valueName":"search_term_string"}}],"inLanguage":"en-US"}]}},"jetpack_sharing_enabled":true,"_links":{"self":[{"href":"https:\/\/akatsukianime.com\/en\/wp-json\/wp\/v2\/product\/4093","targetHints":{"allow":["GET"]}}],"collection":[{"href":"https:\/\/akatsukianime.com\/en\/wp-json\/wp\/v2\/product"}],"about":[{"href":"https:\/\/akatsukianime.com\/en\/wp-json\/wp\/v2\/types\/product"}],"version-history":[{"count":2,"href":"https:\/\/akatsukianime.com\/en\/wp-json\/wp\/v2\/product\/4093\/revisions"}],"predecessor-version":[{"id":4102,"href":"https:\/\/akatsukianime.com\/en\/wp-json\/wp\/v2\/product\/4093\/revisions\/4102"}],"wp:featuredmedia":[{"embeddable":true,"href":"https:\/\/akatsukianime.com\/en\/wp-json\/wp\/v2\/media\/4100"}],"wp:attachment":[{"href":"https:\/\/akatsukianime.com\/en\/wp-json\/wp\/v2\/media?parent=4093"}],"wp:term":[{"taxonomy":"product_cat","embeddable":true,"href":"https:\/\/akatsukianime.com\/en\/wp-json\/wp\/v2\/product_cat?post=4093"},{"taxonomy":"product_tag","embeddable":true,"href":"https:\/\/akatsukianime.com\/en\/wp-json\/wp\/v2\/product_tag?post=4093"}],"curies":[{"name":"wp","href":"https:\/\/api.w.org\/{rel}","templated":true}]}}