{"id":4103,"date":"2024-10-28T18:19:14","date_gmt":"2024-10-28T17:19:14","guid":{"rendered":"https:\/\/akatsukianime.com\/?post_type=product&#038;p=4103"},"modified":"2025-01-18T12:53:00","modified_gmt":"2025-01-18T11:53:00","slug":"pokemon-mew-02-quick-model-kit","status":"publish","type":"product","link":"https:\/\/akatsukianime.com\/en\/product\/pokemon-mew-02-quick-model-kit\/","title":{"rendered":"Pokemon Mew 02 Quick Model Kit"},"content":{"rendered":"<p><strong>Box Contents<\/strong><\/p>\n<ul>\n<li>Pieces to build a <strong>Mew<\/strong><\/li>\n<li>Base<\/li>\n<li>Instructions<\/li>\n<\/ul>","protected":false},"excerpt":{"rendered":"<div class=\"flex max-w-full flex-col flex-grow\">\n<div class=\"min-h-8 text-message flex w-full flex-col items-end gap-2 whitespace-normal break-words [.text-message+&amp;]:mt-5\" dir=\"auto\" data-message-author-role=\"assistant\" data-message-id=\"c514982f-ff63-4d48-9e72-efc03ffc6676\" data-message-model-slug=\"gpt-4o\">\n<div class=\"flex w-full flex-col gap-1 empty:hidden first:pt-[3px]\">\n<div class=\"markdown prose w-full break-words dark:prose-invert light\">\n<p><strong>Product Description<\/strong><br \/>\nThe mythical and legendary Pok\u00e9mon <strong>Mew<\/strong> Now comes in model kit form! This model requires no tools, glue or paint. <strong>Mew<\/strong> It&#039;s a fun and quick build, perfect for display.<\/p>\n<p><strong>Product Features<\/strong><\/p>\n<ul>\n<li><strong>3.15 inches<\/strong> (8 cm) from base to tail<\/li>\n<li>Made of plastic <strong>PS<\/strong><\/li>\n<li>Color molded parts<\/li>\n<li>No tools, glue or paint required<\/li>\n<li>He debuted in <strong>Pok\u00e9mon Red, Blue and Green<\/strong><\/li>\n<li>Instructions may or may not include English translation.<\/li>\n<\/ul>\n<p>Add to the legendary <strong>Mew<\/strong> to your Pok\u00e9mon collection with this simple and adorable assembly kit!<\/p>\n<\/div>\n<\/div>\n<\/div>\n<\/div>","protected":false},"featured_media":4106,"template":"","meta":[],"product_cat":[94,66,169,61,58],"product_tag":[264,104,253,252],"class_list":{"0":"post-4103","1":"product","2":"type-product","3":"status-publish","4":"has-post-thumbnail","6":"product_cat-bandai-hobby-site","7":"product_cat-model-kit","8":"product_cat-10-otros-model-kit","9":"product_cat-novedades","10":"product_cat-pokemon","11":"product_tag-mew","12":"product_tag-model-kit","13":"product_tag-pokemon","14":"product_tag-pokepla","16":"first","17":"outofstock","18":"sold-individually","19":"taxable","20":"shipping-taxable","21":"purchasable","22":"product-type-simple"},"yoast_head":"<!-- This site is optimized with the Yoast SEO plugin v24.2 - https:\/\/yoast.com\/wordpress\/plugins\/seo\/ -->\n<title>Pokemon Mew 02 Quick Model Kit - Akatsuki anime store<\/title>\n<meta name=\"robots\" content=\"index, follow, max-snippet:-1, max-image-preview:large, max-video-preview:-1\" \/>\n<link rel=\"canonical\" href=\"https:\/\/akatsukianime.com\/en\/product\/pokemon-mew-02-quick-model-kit\/\" \/>\n<meta property=\"og:locale\" content=\"en_US\" \/>\n<meta property=\"og:type\" content=\"article\" \/>\n<meta property=\"og:title\" content=\"Pokemon Mew 02 Quick Model Kit - Akatsuki anime store\" \/>\n<meta property=\"og:description\" content=\"Descripci\u00f3n del Producto \u00a1El m\u00edtico y legendario Pok\u00e9mon Mew llega ahora en forma de kit de modelo! Este modelo no requiere herramientas, pegamento ni pintura. Mew es una construcci\u00f3n divertida y r\u00e1pida, perfecta para exhibici\u00f3n.  Caracter\u00edsticas del Producto   3.15 pulgadas (8 cm) de la base a la cola  Fabricado en pl\u00e1stico PS  Piezas moldeadas en color  No requiere herramientas, pegamento ni pintura  Debut\u00f3 en Pok\u00e9mon Red, Blue y Green  Las instrucciones pueden o no incluir traducci\u00f3n al ingl\u00e9s  \u00a1Agrega al legendario Mew a tu colecci\u00f3n de Pok\u00e9mon con este sencillo y adorable kit de ensamblaje!\" \/>\n<meta property=\"og:url\" content=\"https:\/\/akatsukianime.com\/en\/product\/pokemon-mew-02-quick-model-kit\/\" \/>\n<meta property=\"og:site_name\" content=\"Akatsuki anime store\" \/>\n<meta property=\"article:modified_time\" content=\"2025-01-18T11:53:00+00:00\" \/>\n<meta property=\"og:image\" content=\"https:\/\/akatsukianime.com\/wp-content\/uploads\/2024\/10\/Pokemon-Pokepla-Collection-Quick-02-Mew.jpg\" \/>\n\t<meta property=\"og:image:width\" content=\"1000\" \/>\n\t<meta property=\"og:image:height\" content=\"1000\" \/>\n\t<meta property=\"og:image:type\" content=\"image\/jpeg\" \/>\n<meta name=\"twitter:card\" content=\"summary_large_image\" \/>\n<meta name=\"twitter:label1\" content=\"Est. reading time\" \/>\n\t<meta name=\"twitter:data1\" content=\"1 minute\" \/>\n<script type=\"application\/ld+json\" class=\"yoast-schema-graph\">{\"@context\":\"https:\/\/schema.org\",\"@graph\":[{\"@type\":[\"WebPage\",\"ItemPage\"],\"@id\":\"https:\/\/akatsukianime.com\/product\/pokemon-mew-02-quick-model-kit\/\",\"url\":\"https:\/\/akatsukianime.com\/product\/pokemon-mew-02-quick-model-kit\/\",\"name\":\"Pokemon Mew 02 Quick Model Kit - Akatsuki anime store\",\"isPartOf\":{\"@id\":\"https:\/\/akatsukianime.com\/#website\"},\"primaryImageOfPage\":{\"@id\":\"https:\/\/akatsukianime.com\/product\/pokemon-mew-02-quick-model-kit\/#primaryimage\"},\"image\":{\"@id\":\"https:\/\/akatsukianime.com\/product\/pokemon-mew-02-quick-model-kit\/#primaryimage\"},\"thumbnailUrl\":\"https:\/\/akatsukianime.com\/wp-content\/uploads\/2024\/10\/Pokemon-Pokepla-Collection-Quick-02-Mew.jpg\",\"datePublished\":\"2024-10-28T17:19:14+00:00\",\"dateModified\":\"2025-01-18T11:53:00+00:00\",\"breadcrumb\":{\"@id\":\"https:\/\/akatsukianime.com\/product\/pokemon-mew-02-quick-model-kit\/#breadcrumb\"},\"inLanguage\":\"en-US\",\"potentialAction\":[{\"@type\":\"ReadAction\",\"target\":[\"https:\/\/akatsukianime.com\/product\/pokemon-mew-02-quick-model-kit\/\"]}]},{\"@type\":\"ImageObject\",\"inLanguage\":\"en-US\",\"@id\":\"https:\/\/akatsukianime.com\/product\/pokemon-mew-02-quick-model-kit\/#primaryimage\",\"url\":\"https:\/\/akatsukianime.com\/wp-content\/uploads\/2024\/10\/Pokemon-Pokepla-Collection-Quick-02-Mew.jpg\",\"contentUrl\":\"https:\/\/akatsukianime.com\/wp-content\/uploads\/2024\/10\/Pokemon-Pokepla-Collection-Quick-02-Mew.jpg\",\"width\":1000,\"height\":1000},{\"@type\":\"BreadcrumbList\",\"@id\":\"https:\/\/akatsukianime.com\/product\/pokemon-mew-02-quick-model-kit\/#breadcrumb\",\"itemListElement\":[{\"@type\":\"ListItem\",\"position\":1,\"name\":\"Portada\",\"item\":\"https:\/\/akatsukianime.com\/\"},{\"@type\":\"ListItem\",\"position\":2,\"name\":\"Tienda\",\"item\":\"https:\/\/akatsukianime.com\/tienda\/\"},{\"@type\":\"ListItem\",\"position\":3,\"name\":\"Pokemon Mew 02 Quick Model Kit\"}]},{\"@type\":\"WebSite\",\"@id\":\"https:\/\/akatsukianime.com\/#website\",\"url\":\"https:\/\/akatsukianime.com\/\",\"name\":\"Akatsuki anime store\",\"description\":\"\",\"potentialAction\":[{\"@type\":\"SearchAction\",\"target\":{\"@type\":\"EntryPoint\",\"urlTemplate\":\"https:\/\/akatsukianime.com\/?s={search_term_string}\"},\"query-input\":{\"@type\":\"PropertyValueSpecification\",\"valueRequired\":true,\"valueName\":\"search_term_string\"}}],\"inLanguage\":\"en-US\"}]}<\/script>\n<!-- \/ Yoast SEO plugin. -->","yoast_head_json":{"title":"Pokemon Mew 02 Quick Model Kit - Akatsuki anime store","robots":{"index":"index","follow":"follow","max-snippet":"max-snippet:-1","max-image-preview":"max-image-preview:large","max-video-preview":"max-video-preview:-1"},"canonical":"https:\/\/akatsukianime.com\/en\/product\/pokemon-mew-02-quick-model-kit\/","og_locale":"en_US","og_type":"article","og_title":"Pokemon Mew 02 Quick Model Kit - Akatsuki anime store","og_description":"Descripci\u00f3n del Producto \u00a1El m\u00edtico y legendario Pok\u00e9mon Mew llega ahora en forma de kit de modelo! Este modelo no requiere herramientas, pegamento ni pintura. Mew es una construcci\u00f3n divertida y r\u00e1pida, perfecta para exhibici\u00f3n.  Caracter\u00edsticas del Producto   3.15 pulgadas (8 cm) de la base a la cola  Fabricado en pl\u00e1stico PS  Piezas moldeadas en color  No requiere herramientas, pegamento ni pintura  Debut\u00f3 en Pok\u00e9mon Red, Blue y Green  Las instrucciones pueden o no incluir traducci\u00f3n al ingl\u00e9s  \u00a1Agrega al legendario Mew a tu colecci\u00f3n de Pok\u00e9mon con este sencillo y adorable kit de ensamblaje!","og_url":"https:\/\/akatsukianime.com\/en\/product\/pokemon-mew-02-quick-model-kit\/","og_site_name":"Akatsuki anime store","article_modified_time":"2025-01-18T11:53:00+00:00","og_image":[{"width":1000,"height":1000,"url":"https:\/\/akatsukianime.com\/wp-content\/uploads\/2024\/10\/Pokemon-Pokepla-Collection-Quick-02-Mew.jpg","type":"image\/jpeg"}],"twitter_card":"summary_large_image","twitter_misc":{"Est. reading time":"1 minute"},"schema":{"@context":"https:\/\/schema.org","@graph":[{"@type":["WebPage","ItemPage"],"@id":"https:\/\/akatsukianime.com\/product\/pokemon-mew-02-quick-model-kit\/","url":"https:\/\/akatsukianime.com\/product\/pokemon-mew-02-quick-model-kit\/","name":"Pokemon Mew 02 Quick Model Kit - Akatsuki anime store","isPartOf":{"@id":"https:\/\/akatsukianime.com\/#website"},"primaryImageOfPage":{"@id":"https:\/\/akatsukianime.com\/product\/pokemon-mew-02-quick-model-kit\/#primaryimage"},"image":{"@id":"https:\/\/akatsukianime.com\/product\/pokemon-mew-02-quick-model-kit\/#primaryimage"},"thumbnailUrl":"https:\/\/akatsukianime.com\/wp-content\/uploads\/2024\/10\/Pokemon-Pokepla-Collection-Quick-02-Mew.jpg","datePublished":"2024-10-28T17:19:14+00:00","dateModified":"2025-01-18T11:53:00+00:00","breadcrumb":{"@id":"https:\/\/akatsukianime.com\/product\/pokemon-mew-02-quick-model-kit\/#breadcrumb"},"inLanguage":"en-US","potentialAction":[{"@type":"ReadAction","target":["https:\/\/akatsukianime.com\/product\/pokemon-mew-02-quick-model-kit\/"]}]},{"@type":"ImageObject","inLanguage":"en-US","@id":"https:\/\/akatsukianime.com\/product\/pokemon-mew-02-quick-model-kit\/#primaryimage","url":"https:\/\/akatsukianime.com\/wp-content\/uploads\/2024\/10\/Pokemon-Pokepla-Collection-Quick-02-Mew.jpg","contentUrl":"https:\/\/akatsukianime.com\/wp-content\/uploads\/2024\/10\/Pokemon-Pokepla-Collection-Quick-02-Mew.jpg","width":1000,"height":1000},{"@type":"BreadcrumbList","@id":"https:\/\/akatsukianime.com\/product\/pokemon-mew-02-quick-model-kit\/#breadcrumb","itemListElement":[{"@type":"ListItem","position":1,"name":"Portada","item":"https:\/\/akatsukianime.com\/"},{"@type":"ListItem","position":2,"name":"Tienda","item":"https:\/\/akatsukianime.com\/tienda\/"},{"@type":"ListItem","position":3,"name":"Pokemon Mew 02 Quick Model Kit"}]},{"@type":"WebSite","@id":"https:\/\/akatsukianime.com\/#website","url":"https:\/\/akatsukianime.com\/","name":"Akatsuki anime store","description":"","potentialAction":[{"@type":"SearchAction","target":{"@type":"EntryPoint","urlTemplate":"https:\/\/akatsukianime.com\/?s={search_term_string}"},"query-input":{"@type":"PropertyValueSpecification","valueRequired":true,"valueName":"search_term_string"}}],"inLanguage":"en-US"}]}},"jetpack_sharing_enabled":true,"_links":{"self":[{"href":"https:\/\/akatsukianime.com\/en\/wp-json\/wp\/v2\/product\/4103","targetHints":{"allow":["GET"]}}],"collection":[{"href":"https:\/\/akatsukianime.com\/en\/wp-json\/wp\/v2\/product"}],"about":[{"href":"https:\/\/akatsukianime.com\/en\/wp-json\/wp\/v2\/types\/product"}],"version-history":[{"count":1,"href":"https:\/\/akatsukianime.com\/en\/wp-json\/wp\/v2\/product\/4103\/revisions"}],"predecessor-version":[{"id":4113,"href":"https:\/\/akatsukianime.com\/en\/wp-json\/wp\/v2\/product\/4103\/revisions\/4113"}],"wp:featuredmedia":[{"embeddable":true,"href":"https:\/\/akatsukianime.com\/en\/wp-json\/wp\/v2\/media\/4106"}],"wp:attachment":[{"href":"https:\/\/akatsukianime.com\/en\/wp-json\/wp\/v2\/media?parent=4103"}],"wp:term":[{"taxonomy":"product_cat","embeddable":true,"href":"https:\/\/akatsukianime.com\/en\/wp-json\/wp\/v2\/product_cat?post=4103"},{"taxonomy":"product_tag","embeddable":true,"href":"https:\/\/akatsukianime.com\/en\/wp-json\/wp\/v2\/product_tag?post=4103"}],"curies":[{"name":"wp","href":"https:\/\/api.w.org\/{rel}","templated":true}]}}