{"id":4114,"date":"2024-10-28T18:37:03","date_gmt":"2024-10-28T17:37:03","guid":{"rendered":"https:\/\/akatsukianime.com\/?post_type=product&#038;p=4114"},"modified":"2024-10-28T18:37:03","modified_gmt":"2024-10-28T17:37:03","slug":"pokemon-tepig-14-quick-model-kit","status":"publish","type":"product","link":"https:\/\/akatsukianime.com\/en\/product\/pokemon-tepig-14-quick-model-kit\/","title":{"rendered":"Pokemon Tepig 14 Quick Model Kit"},"content":{"rendered":"<p><strong>Box Contents<\/strong><\/p>\n<ul>\n<li>Pieces to build a <strong>Tepig<\/strong><\/li>\n<li>Instructions<\/li>\n<\/ul>","protected":false},"excerpt":{"rendered":"<p><strong>Product Description<\/strong><br \/>\nBring life to <strong>Tepig<\/strong> with this quick and easy model kit featuring the popular Pok\u00e9mon! A simple kit where you can easily imagine what the finished model will look like by seeing the pieces on the frame. It assembles without the need for glue!<\/p>\n<p><strong>Product Features<\/strong><\/p>\n<ul>\n<li>Approximately <strong>3.23 inches<\/strong> (8.2 cm) long<\/li>\n<li>Made of plastic<\/li>\n<li>Based on the franchise of <strong>Pok\u00e9mon<\/strong><\/li>\n<li>Simple and easy to build<\/li>\n<li>No tools required<\/li>\n<li>Instructions may or may not include English translation.<\/li>\n<\/ul>","protected":false},"featured_media":4115,"template":"","meta":[],"product_cat":[94,66,169,61,58],"product_tag":[104,253,252,265],"class_list":{"0":"post-4114","1":"product","2":"type-product","3":"status-publish","4":"has-post-thumbnail","6":"product_cat-bandai-hobby-site","7":"product_cat-model-kit","8":"product_cat-10-otros-model-kit","9":"product_cat-novedades","10":"product_cat-pokemon","11":"product_tag-model-kit","12":"product_tag-pokemon","13":"product_tag-pokepla","14":"product_tag-tepig","16":"first","17":"instock","18":"sold-individually","19":"taxable","20":"shipping-taxable","21":"purchasable","22":"product-type-simple"},"yoast_head":"<!-- This site is optimized with the Yoast SEO plugin v24.2 - https:\/\/yoast.com\/wordpress\/plugins\/seo\/ -->\n<title>Pokemon Tepig 14 Quick Model Kit- Akatsuki anime store<\/title>\n<meta name=\"robots\" content=\"index, follow, max-snippet:-1, max-image-preview:large, max-video-preview:-1\" \/>\n<link rel=\"canonical\" href=\"https:\/\/akatsukianime.com\/en\/product\/pokemon-tepig-14-quick-model-kit\/\" \/>\n<meta property=\"og:locale\" content=\"en_US\" \/>\n<meta property=\"og:type\" content=\"article\" \/>\n<meta property=\"og:title\" content=\"Pokemon Tepig 14 Quick Model Kit- Akatsuki anime store\" \/>\n<meta property=\"og:description\" content=\"Descripci\u00f3n del Producto \u00a1Dale vida a Tepig con este r\u00e1pido y f\u00e1cil kit de modelo que presenta al popular Pok\u00e9mon! Un kit sencillo donde puedes imaginar f\u00e1cilmente c\u00f3mo se ver\u00e1 el modelo terminado al ver las piezas en el marco. \u00a1Se ensambla sin necesidad de pegamento!  Caracter\u00edsticas del Producto   Aproximadamente 3.23 pulgadas (8.2 cm) de largo  Fabricado en pl\u00e1stico  Basado en la franquicia de Pok\u00e9mon  Simple y f\u00e1cil de construir  No se requieren herramientas  Las instrucciones pueden o no incluir traducci\u00f3n al ingl\u00e9s\" \/>\n<meta property=\"og:url\" content=\"https:\/\/akatsukianime.com\/en\/product\/pokemon-tepig-14-quick-model-kit\/\" \/>\n<meta property=\"og:site_name\" content=\"Akatsuki anime store\" \/>\n<meta property=\"og:image\" content=\"https:\/\/akatsukianime.com\/wp-content\/uploads\/2024\/10\/Pokemon-Tepig-14-Quick-Model-Kit.jpg\" \/>\n\t<meta property=\"og:image:width\" content=\"1000\" \/>\n\t<meta property=\"og:image:height\" content=\"1000\" \/>\n\t<meta property=\"og:image:type\" content=\"image\/jpeg\" \/>\n<meta name=\"twitter:card\" content=\"summary_large_image\" \/>\n<script type=\"application\/ld+json\" class=\"yoast-schema-graph\">{\"@context\":\"https:\/\/schema.org\",\"@graph\":[{\"@type\":[\"WebPage\",\"ItemPage\"],\"@id\":\"https:\/\/akatsukianime.com\/product\/pokemon-tepig-14-quick-model-kit\/\",\"url\":\"https:\/\/akatsukianime.com\/product\/pokemon-tepig-14-quick-model-kit\/\",\"name\":\"Pokemon Tepig 14 Quick Model Kit- Akatsuki anime store\",\"isPartOf\":{\"@id\":\"https:\/\/akatsukianime.com\/#website\"},\"primaryImageOfPage\":{\"@id\":\"https:\/\/akatsukianime.com\/product\/pokemon-tepig-14-quick-model-kit\/#primaryimage\"},\"image\":{\"@id\":\"https:\/\/akatsukianime.com\/product\/pokemon-tepig-14-quick-model-kit\/#primaryimage\"},\"thumbnailUrl\":\"https:\/\/akatsukianime.com\/wp-content\/uploads\/2024\/10\/Pokemon-Tepig-14-Quick-Model-Kit.jpg\",\"datePublished\":\"2024-10-28T17:37:03+00:00\",\"dateModified\":\"2024-10-28T17:37:03+00:00\",\"breadcrumb\":{\"@id\":\"https:\/\/akatsukianime.com\/product\/pokemon-tepig-14-quick-model-kit\/#breadcrumb\"},\"inLanguage\":\"en-US\",\"potentialAction\":[{\"@type\":\"ReadAction\",\"target\":[\"https:\/\/akatsukianime.com\/product\/pokemon-tepig-14-quick-model-kit\/\"]}]},{\"@type\":\"ImageObject\",\"inLanguage\":\"en-US\",\"@id\":\"https:\/\/akatsukianime.com\/product\/pokemon-tepig-14-quick-model-kit\/#primaryimage\",\"url\":\"https:\/\/akatsukianime.com\/wp-content\/uploads\/2024\/10\/Pokemon-Tepig-14-Quick-Model-Kit.jpg\",\"contentUrl\":\"https:\/\/akatsukianime.com\/wp-content\/uploads\/2024\/10\/Pokemon-Tepig-14-Quick-Model-Kit.jpg\",\"width\":1000,\"height\":1000},{\"@type\":\"BreadcrumbList\",\"@id\":\"https:\/\/akatsukianime.com\/product\/pokemon-tepig-14-quick-model-kit\/#breadcrumb\",\"itemListElement\":[{\"@type\":\"ListItem\",\"position\":1,\"name\":\"Portada\",\"item\":\"https:\/\/akatsukianime.com\/\"},{\"@type\":\"ListItem\",\"position\":2,\"name\":\"Tienda\",\"item\":\"https:\/\/akatsukianime.com\/tienda\/\"},{\"@type\":\"ListItem\",\"position\":3,\"name\":\"Pokemon Tepig 14 Quick Model Kit\"}]},{\"@type\":\"WebSite\",\"@id\":\"https:\/\/akatsukianime.com\/#website\",\"url\":\"https:\/\/akatsukianime.com\/\",\"name\":\"Akatsuki anime store\",\"description\":\"\",\"potentialAction\":[{\"@type\":\"SearchAction\",\"target\":{\"@type\":\"EntryPoint\",\"urlTemplate\":\"https:\/\/akatsukianime.com\/?s={search_term_string}\"},\"query-input\":{\"@type\":\"PropertyValueSpecification\",\"valueRequired\":true,\"valueName\":\"search_term_string\"}}],\"inLanguage\":\"en-US\"}]}<\/script>\n<!-- \/ Yoast SEO plugin. -->","yoast_head_json":{"title":"Pokemon Tepig 14 Quick Model Kit- Akatsuki anime store","robots":{"index":"index","follow":"follow","max-snippet":"max-snippet:-1","max-image-preview":"max-image-preview:large","max-video-preview":"max-video-preview:-1"},"canonical":"https:\/\/akatsukianime.com\/en\/product\/pokemon-tepig-14-quick-model-kit\/","og_locale":"en_US","og_type":"article","og_title":"Pokemon Tepig 14 Quick Model Kit- Akatsuki anime store","og_description":"Descripci\u00f3n del Producto \u00a1Dale vida a Tepig con este r\u00e1pido y f\u00e1cil kit de modelo que presenta al popular Pok\u00e9mon! Un kit sencillo donde puedes imaginar f\u00e1cilmente c\u00f3mo se ver\u00e1 el modelo terminado al ver las piezas en el marco. \u00a1Se ensambla sin necesidad de pegamento!  Caracter\u00edsticas del Producto   Aproximadamente 3.23 pulgadas (8.2 cm) de largo  Fabricado en pl\u00e1stico  Basado en la franquicia de Pok\u00e9mon  Simple y f\u00e1cil de construir  No se requieren herramientas  Las instrucciones pueden o no incluir traducci\u00f3n al ingl\u00e9s","og_url":"https:\/\/akatsukianime.com\/en\/product\/pokemon-tepig-14-quick-model-kit\/","og_site_name":"Akatsuki anime store","og_image":[{"width":1000,"height":1000,"url":"https:\/\/akatsukianime.com\/wp-content\/uploads\/2024\/10\/Pokemon-Tepig-14-Quick-Model-Kit.jpg","type":"image\/jpeg"}],"twitter_card":"summary_large_image","schema":{"@context":"https:\/\/schema.org","@graph":[{"@type":["WebPage","ItemPage"],"@id":"https:\/\/akatsukianime.com\/product\/pokemon-tepig-14-quick-model-kit\/","url":"https:\/\/akatsukianime.com\/product\/pokemon-tepig-14-quick-model-kit\/","name":"Pokemon Tepig 14 Quick Model Kit- Akatsuki anime store","isPartOf":{"@id":"https:\/\/akatsukianime.com\/#website"},"primaryImageOfPage":{"@id":"https:\/\/akatsukianime.com\/product\/pokemon-tepig-14-quick-model-kit\/#primaryimage"},"image":{"@id":"https:\/\/akatsukianime.com\/product\/pokemon-tepig-14-quick-model-kit\/#primaryimage"},"thumbnailUrl":"https:\/\/akatsukianime.com\/wp-content\/uploads\/2024\/10\/Pokemon-Tepig-14-Quick-Model-Kit.jpg","datePublished":"2024-10-28T17:37:03+00:00","dateModified":"2024-10-28T17:37:03+00:00","breadcrumb":{"@id":"https:\/\/akatsukianime.com\/product\/pokemon-tepig-14-quick-model-kit\/#breadcrumb"},"inLanguage":"en-US","potentialAction":[{"@type":"ReadAction","target":["https:\/\/akatsukianime.com\/product\/pokemon-tepig-14-quick-model-kit\/"]}]},{"@type":"ImageObject","inLanguage":"en-US","@id":"https:\/\/akatsukianime.com\/product\/pokemon-tepig-14-quick-model-kit\/#primaryimage","url":"https:\/\/akatsukianime.com\/wp-content\/uploads\/2024\/10\/Pokemon-Tepig-14-Quick-Model-Kit.jpg","contentUrl":"https:\/\/akatsukianime.com\/wp-content\/uploads\/2024\/10\/Pokemon-Tepig-14-Quick-Model-Kit.jpg","width":1000,"height":1000},{"@type":"BreadcrumbList","@id":"https:\/\/akatsukianime.com\/product\/pokemon-tepig-14-quick-model-kit\/#breadcrumb","itemListElement":[{"@type":"ListItem","position":1,"name":"Portada","item":"https:\/\/akatsukianime.com\/"},{"@type":"ListItem","position":2,"name":"Tienda","item":"https:\/\/akatsukianime.com\/tienda\/"},{"@type":"ListItem","position":3,"name":"Pokemon Tepig 14 Quick Model Kit"}]},{"@type":"WebSite","@id":"https:\/\/akatsukianime.com\/#website","url":"https:\/\/akatsukianime.com\/","name":"Akatsuki anime store","description":"","potentialAction":[{"@type":"SearchAction","target":{"@type":"EntryPoint","urlTemplate":"https:\/\/akatsukianime.com\/?s={search_term_string}"},"query-input":{"@type":"PropertyValueSpecification","valueRequired":true,"valueName":"search_term_string"}}],"inLanguage":"en-US"}]}},"jetpack_sharing_enabled":true,"_links":{"self":[{"href":"https:\/\/akatsukianime.com\/en\/wp-json\/wp\/v2\/product\/4114","targetHints":{"allow":["GET"]}}],"collection":[{"href":"https:\/\/akatsukianime.com\/en\/wp-json\/wp\/v2\/product"}],"about":[{"href":"https:\/\/akatsukianime.com\/en\/wp-json\/wp\/v2\/types\/product"}],"version-history":[{"count":1,"href":"https:\/\/akatsukianime.com\/en\/wp-json\/wp\/v2\/product\/4114\/revisions"}],"predecessor-version":[{"id":4123,"href":"https:\/\/akatsukianime.com\/en\/wp-json\/wp\/v2\/product\/4114\/revisions\/4123"}],"wp:featuredmedia":[{"embeddable":true,"href":"https:\/\/akatsukianime.com\/en\/wp-json\/wp\/v2\/media\/4115"}],"wp:attachment":[{"href":"https:\/\/akatsukianime.com\/en\/wp-json\/wp\/v2\/media?parent=4114"}],"wp:term":[{"taxonomy":"product_cat","embeddable":true,"href":"https:\/\/akatsukianime.com\/en\/wp-json\/wp\/v2\/product_cat?post=4114"},{"taxonomy":"product_tag","embeddable":true,"href":"https:\/\/akatsukianime.com\/en\/wp-json\/wp\/v2\/product_tag?post=4114"}],"curies":[{"name":"wp","href":"https:\/\/api.w.org\/{rel}","templated":true}]}}