{"id":4124,"date":"2024-10-28T19:02:43","date_gmt":"2024-10-28T18:02:43","guid":{"rendered":"https:\/\/akatsukianime.com\/?post_type=product&#038;p=4124"},"modified":"2024-10-28T19:02:43","modified_gmt":"2024-10-28T18:02:43","slug":"mobile-suit-gundam-seed-freedom-hgce-gelgoog-menace-lunamaria-hawke-custom-1-144-scale-model-kit","status":"publish","type":"product","link":"https:\/\/akatsukianime.com\/en\/product\/mobile-suit-gundam-seed-freedom-hgce-gelgoog-menace-lunamaria-hawke-custom-1-144-scale-model-kit\/","title":{"rendered":"Mobile Suit Gundam SEED Freedom HGCE Gelgoog Menace (Lunamaria Hawke Custom) 1\/144 Scale Model Kit"},"content":{"rendered":"<p><strong>Box Contents<\/strong><\/p>\n<ul>\n<li>Pieces to build the <strong>Gelgoog Menace (custom version of Lunamaria Hawke)<\/strong><\/li>\n<li><strong>Beam Axe<\/strong><\/li>\n<li><strong>Beam Rifle<\/strong><\/li>\n<li><strong>Railgun<\/strong><\/li>\n<li><strong>Coat of Arms of Haz<\/strong><\/li>\n<li>Set of connecting pieces<\/li>\n<li>Decal Sheet<\/li>\n<li>Instructions<\/li>\n<\/ul>","protected":false},"excerpt":{"rendered":"<p><strong>Product Description<\/strong><br \/>\nFrom the upcoming animated film <strong>Mobile Suit Gundam SEED Freedom<\/strong> A new 1\/144 scale model kit arrives from the <strong>Gelgoog Menace (custom version of Lunamaria Hawke)<\/strong>. Equipped with the \u201cSeed Action System\u201d, this model features a redesigned structure that facilitates dynamic movements and poses. Order your kit today and add it to your collection!<\/p>\n<p><strong>Product Features<\/strong><\/p>\n<ul>\n<li><strong>Scale 1\/144<\/strong><\/li>\n<li>Made in <strong>PS<\/strong><\/li>\n<li>Based on the animated film <strong>Mobile Suit Gundam SEED Freedom<\/strong><\/li>\n<li>Part of the series <strong>High Grade (HG)<\/strong><\/li>\n<li>Interchangeable parts and accessories<\/li>\n<li>Instructions may or may not include English translation.<\/li>\n<\/ul>\n<p>Enjoy assembling and displaying this imposing <strong>Golden Menace<\/strong> with Lunamaria Hawke&#039;s signature design!<\/p>","protected":false},"featured_media":4140,"template":"","meta":[],"product_cat":[94,66,180,61,56],"product_tag":[116,110,260,181,104],"class_list":{"0":"post-4124","1":"product","2":"type-product","3":"status-publish","4":"has-post-thumbnail","6":"product_cat-bandai-hobby-site","7":"product_cat-model-kit","8":"product_cat-3-high-grade-1-144","9":"product_cat-novedades","10":"product_cat-gundam","11":"product_tag-1-144","12":"product_tag-gundam-seed","13":"product_tag-high-grade","14":"product_tag-mobile-suit-gundam","15":"product_tag-model-kit","17":"first","18":"instock","19":"sold-individually","20":"taxable","21":"shipping-taxable","22":"purchasable","23":"product-type-simple"},"yoast_head":"<!-- This site is optimized with the Yoast SEO plugin v24.2 - https:\/\/yoast.com\/wordpress\/plugins\/seo\/ -->\n<title>Mobile Suit Gundam SEED Freedom HGCE Gelgoog Menace (Lunamaria Hawke Custom) 1\/144 Scale Model Kit- Akatsuki anime store<\/title>\n<meta name=\"robots\" content=\"index, follow, max-snippet:-1, max-image-preview:large, max-video-preview:-1\" \/>\n<link rel=\"canonical\" href=\"https:\/\/akatsukianime.com\/en\/product\/mobile-suit-gundam-seed-freedom-hgce-gelgoog-menace-lunamaria-hawke-custom-1-144-scale-model-kit\/\" \/>\n<meta property=\"og:locale\" content=\"en_US\" \/>\n<meta property=\"og:type\" content=\"article\" \/>\n<meta property=\"og:title\" content=\"Mobile Suit Gundam SEED Freedom HGCE Gelgoog Menace (Lunamaria Hawke Custom) 1\/144 Scale Model Kit- Akatsuki anime store\" \/>\n<meta property=\"og:description\" content=\"Descripci\u00f3n del Producto Desde la pr\u00f3xima pel\u00edcula animada Mobile Suit Gundam SEED Freedom llega un nuevo kit de modelo a escala 1\/144 del Gelgoog Menace (versi\u00f3n personalizada de Lunamaria Hawke). Equipado con el &quot;Seed Action System&quot;, este modelo cuenta con una estructura redise\u00f1ada que facilita movimientos din\u00e1micos y poses. \u00a1Ordena tu kit hoy y agr\u00e9galo a tu colecci\u00f3n!  Caracter\u00edsticas del Producto   Escala 1\/144  Fabricado en PS  Basado en la pel\u00edcula animada Mobile Suit Gundam SEED Freedom  Parte de la serie High Grade (HG)  Piezas y accesorios intercambiables  Las instrucciones pueden o no incluir traducci\u00f3n al ingl\u00e9s  \u00a1Disfruta ensamblando y exhibiendo este imponente Gelgoog Menace con el dise\u00f1o caracter\u00edstico de Lunamaria Hawke!\" \/>\n<meta property=\"og:url\" content=\"https:\/\/akatsukianime.com\/en\/product\/mobile-suit-gundam-seed-freedom-hgce-gelgoog-menace-lunamaria-hawke-custom-1-144-scale-model-kit\/\" \/>\n<meta property=\"og:site_name\" content=\"Akatsuki anime store\" \/>\n<meta property=\"og:image\" content=\"https:\/\/akatsukianime.com\/wp-content\/uploads\/2024\/10\/Mobile-Suit-Gundam-SEED-Freedom-HGCE-Gelgoog-Menace-Lunamaria-Hawke-Custom-1144-Scale-Model-Kit.jpeg\" \/>\n\t<meta property=\"og:image:width\" content=\"1000\" \/>\n\t<meta property=\"og:image:height\" content=\"1000\" \/>\n\t<meta property=\"og:image:type\" content=\"image\/jpeg\" \/>\n<meta name=\"twitter:card\" content=\"summary_large_image\" \/>\n<script type=\"application\/ld+json\" class=\"yoast-schema-graph\">{\"@context\":\"https:\/\/schema.org\",\"@graph\":[{\"@type\":[\"WebPage\",\"ItemPage\"],\"@id\":\"https:\/\/akatsukianime.com\/product\/mobile-suit-gundam-seed-freedom-hgce-gelgoog-menace-lunamaria-hawke-custom-1-144-scale-model-kit\/\",\"url\":\"https:\/\/akatsukianime.com\/product\/mobile-suit-gundam-seed-freedom-hgce-gelgoog-menace-lunamaria-hawke-custom-1-144-scale-model-kit\/\",\"name\":\"Mobile Suit Gundam SEED Freedom HGCE Gelgoog Menace (Lunamaria Hawke Custom) 1\/144 Scale Model Kit- Akatsuki anime store\",\"isPartOf\":{\"@id\":\"https:\/\/akatsukianime.com\/#website\"},\"primaryImageOfPage\":{\"@id\":\"https:\/\/akatsukianime.com\/product\/mobile-suit-gundam-seed-freedom-hgce-gelgoog-menace-lunamaria-hawke-custom-1-144-scale-model-kit\/#primaryimage\"},\"image\":{\"@id\":\"https:\/\/akatsukianime.com\/product\/mobile-suit-gundam-seed-freedom-hgce-gelgoog-menace-lunamaria-hawke-custom-1-144-scale-model-kit\/#primaryimage\"},\"thumbnailUrl\":\"https:\/\/akatsukianime.com\/wp-content\/uploads\/2024\/10\/Mobile-Suit-Gundam-SEED-Freedom-HGCE-Gelgoog-Menace-Lunamaria-Hawke-Custom-1144-Scale-Model-Kit.jpeg\",\"datePublished\":\"2024-10-28T18:02:43+00:00\",\"dateModified\":\"2024-10-28T18:02:43+00:00\",\"breadcrumb\":{\"@id\":\"https:\/\/akatsukianime.com\/product\/mobile-suit-gundam-seed-freedom-hgce-gelgoog-menace-lunamaria-hawke-custom-1-144-scale-model-kit\/#breadcrumb\"},\"inLanguage\":\"en-US\",\"potentialAction\":[{\"@type\":\"ReadAction\",\"target\":[\"https:\/\/akatsukianime.com\/product\/mobile-suit-gundam-seed-freedom-hgce-gelgoog-menace-lunamaria-hawke-custom-1-144-scale-model-kit\/\"]}]},{\"@type\":\"ImageObject\",\"inLanguage\":\"en-US\",\"@id\":\"https:\/\/akatsukianime.com\/product\/mobile-suit-gundam-seed-freedom-hgce-gelgoog-menace-lunamaria-hawke-custom-1-144-scale-model-kit\/#primaryimage\",\"url\":\"https:\/\/akatsukianime.com\/wp-content\/uploads\/2024\/10\/Mobile-Suit-Gundam-SEED-Freedom-HGCE-Gelgoog-Menace-Lunamaria-Hawke-Custom-1144-Scale-Model-Kit.jpeg\",\"contentUrl\":\"https:\/\/akatsukianime.com\/wp-content\/uploads\/2024\/10\/Mobile-Suit-Gundam-SEED-Freedom-HGCE-Gelgoog-Menace-Lunamaria-Hawke-Custom-1144-Scale-Model-Kit.jpeg\",\"width\":1000,\"height\":1000},{\"@type\":\"BreadcrumbList\",\"@id\":\"https:\/\/akatsukianime.com\/product\/mobile-suit-gundam-seed-freedom-hgce-gelgoog-menace-lunamaria-hawke-custom-1-144-scale-model-kit\/#breadcrumb\",\"itemListElement\":[{\"@type\":\"ListItem\",\"position\":1,\"name\":\"Portada\",\"item\":\"https:\/\/akatsukianime.com\/\"},{\"@type\":\"ListItem\",\"position\":2,\"name\":\"Tienda\",\"item\":\"https:\/\/akatsukianime.com\/tienda\/\"},{\"@type\":\"ListItem\",\"position\":3,\"name\":\"Mobile Suit Gundam SEED Freedom HGCE Gelgoog Menace (Lunamaria Hawke Custom) 1\/144 Scale Model Kit\"}]},{\"@type\":\"WebSite\",\"@id\":\"https:\/\/akatsukianime.com\/#website\",\"url\":\"https:\/\/akatsukianime.com\/\",\"name\":\"Akatsuki anime store\",\"description\":\"\",\"potentialAction\":[{\"@type\":\"SearchAction\",\"target\":{\"@type\":\"EntryPoint\",\"urlTemplate\":\"https:\/\/akatsukianime.com\/?s={search_term_string}\"},\"query-input\":{\"@type\":\"PropertyValueSpecification\",\"valueRequired\":true,\"valueName\":\"search_term_string\"}}],\"inLanguage\":\"en-US\"}]}<\/script>\n<!-- \/ Yoast SEO plugin. -->","yoast_head_json":{"title":"Mobile Suit Gundam SEED Freedom HGCE Gelgoog Menace (Lunamaria Hawke Custom) 1\/144 Scale Model Kit- Akatsuki anime store","robots":{"index":"index","follow":"follow","max-snippet":"max-snippet:-1","max-image-preview":"max-image-preview:large","max-video-preview":"max-video-preview:-1"},"canonical":"https:\/\/akatsukianime.com\/en\/product\/mobile-suit-gundam-seed-freedom-hgce-gelgoog-menace-lunamaria-hawke-custom-1-144-scale-model-kit\/","og_locale":"en_US","og_type":"article","og_title":"Mobile Suit Gundam SEED Freedom HGCE Gelgoog Menace (Lunamaria Hawke Custom) 1\/144 Scale Model Kit- Akatsuki anime store","og_description":"Descripci\u00f3n del Producto Desde la pr\u00f3xima pel\u00edcula animada Mobile Suit Gundam SEED Freedom llega un nuevo kit de modelo a escala 1\/144 del Gelgoog Menace (versi\u00f3n personalizada de Lunamaria Hawke). Equipado con el \"Seed Action System\", este modelo cuenta con una estructura redise\u00f1ada que facilita movimientos din\u00e1micos y poses. \u00a1Ordena tu kit hoy y agr\u00e9galo a tu colecci\u00f3n!  Caracter\u00edsticas del Producto   Escala 1\/144  Fabricado en PS  Basado en la pel\u00edcula animada Mobile Suit Gundam SEED Freedom  Parte de la serie High Grade (HG)  Piezas y accesorios intercambiables  Las instrucciones pueden o no incluir traducci\u00f3n al ingl\u00e9s  \u00a1Disfruta ensamblando y exhibiendo este imponente Gelgoog Menace con el dise\u00f1o caracter\u00edstico de Lunamaria Hawke!","og_url":"https:\/\/akatsukianime.com\/en\/product\/mobile-suit-gundam-seed-freedom-hgce-gelgoog-menace-lunamaria-hawke-custom-1-144-scale-model-kit\/","og_site_name":"Akatsuki anime store","og_image":[{"width":1000,"height":1000,"url":"https:\/\/akatsukianime.com\/wp-content\/uploads\/2024\/10\/Mobile-Suit-Gundam-SEED-Freedom-HGCE-Gelgoog-Menace-Lunamaria-Hawke-Custom-1144-Scale-Model-Kit.jpeg","type":"image\/jpeg"}],"twitter_card":"summary_large_image","schema":{"@context":"https:\/\/schema.org","@graph":[{"@type":["WebPage","ItemPage"],"@id":"https:\/\/akatsukianime.com\/product\/mobile-suit-gundam-seed-freedom-hgce-gelgoog-menace-lunamaria-hawke-custom-1-144-scale-model-kit\/","url":"https:\/\/akatsukianime.com\/product\/mobile-suit-gundam-seed-freedom-hgce-gelgoog-menace-lunamaria-hawke-custom-1-144-scale-model-kit\/","name":"Mobile Suit Gundam SEED Freedom HGCE Gelgoog Menace (Lunamaria Hawke Custom) 1\/144 Scale Model Kit- Akatsuki anime store","isPartOf":{"@id":"https:\/\/akatsukianime.com\/#website"},"primaryImageOfPage":{"@id":"https:\/\/akatsukianime.com\/product\/mobile-suit-gundam-seed-freedom-hgce-gelgoog-menace-lunamaria-hawke-custom-1-144-scale-model-kit\/#primaryimage"},"image":{"@id":"https:\/\/akatsukianime.com\/product\/mobile-suit-gundam-seed-freedom-hgce-gelgoog-menace-lunamaria-hawke-custom-1-144-scale-model-kit\/#primaryimage"},"thumbnailUrl":"https:\/\/akatsukianime.com\/wp-content\/uploads\/2024\/10\/Mobile-Suit-Gundam-SEED-Freedom-HGCE-Gelgoog-Menace-Lunamaria-Hawke-Custom-1144-Scale-Model-Kit.jpeg","datePublished":"2024-10-28T18:02:43+00:00","dateModified":"2024-10-28T18:02:43+00:00","breadcrumb":{"@id":"https:\/\/akatsukianime.com\/product\/mobile-suit-gundam-seed-freedom-hgce-gelgoog-menace-lunamaria-hawke-custom-1-144-scale-model-kit\/#breadcrumb"},"inLanguage":"en-US","potentialAction":[{"@type":"ReadAction","target":["https:\/\/akatsukianime.com\/product\/mobile-suit-gundam-seed-freedom-hgce-gelgoog-menace-lunamaria-hawke-custom-1-144-scale-model-kit\/"]}]},{"@type":"ImageObject","inLanguage":"en-US","@id":"https:\/\/akatsukianime.com\/product\/mobile-suit-gundam-seed-freedom-hgce-gelgoog-menace-lunamaria-hawke-custom-1-144-scale-model-kit\/#primaryimage","url":"https:\/\/akatsukianime.com\/wp-content\/uploads\/2024\/10\/Mobile-Suit-Gundam-SEED-Freedom-HGCE-Gelgoog-Menace-Lunamaria-Hawke-Custom-1144-Scale-Model-Kit.jpeg","contentUrl":"https:\/\/akatsukianime.com\/wp-content\/uploads\/2024\/10\/Mobile-Suit-Gundam-SEED-Freedom-HGCE-Gelgoog-Menace-Lunamaria-Hawke-Custom-1144-Scale-Model-Kit.jpeg","width":1000,"height":1000},{"@type":"BreadcrumbList","@id":"https:\/\/akatsukianime.com\/product\/mobile-suit-gundam-seed-freedom-hgce-gelgoog-menace-lunamaria-hawke-custom-1-144-scale-model-kit\/#breadcrumb","itemListElement":[{"@type":"ListItem","position":1,"name":"Portada","item":"https:\/\/akatsukianime.com\/"},{"@type":"ListItem","position":2,"name":"Tienda","item":"https:\/\/akatsukianime.com\/tienda\/"},{"@type":"ListItem","position":3,"name":"Mobile Suit Gundam SEED Freedom HGCE Gelgoog Menace (Lunamaria Hawke Custom) 1\/144 Scale Model Kit"}]},{"@type":"WebSite","@id":"https:\/\/akatsukianime.com\/#website","url":"https:\/\/akatsukianime.com\/","name":"Akatsuki anime store","description":"","potentialAction":[{"@type":"SearchAction","target":{"@type":"EntryPoint","urlTemplate":"https:\/\/akatsukianime.com\/?s={search_term_string}"},"query-input":{"@type":"PropertyValueSpecification","valueRequired":true,"valueName":"search_term_string"}}],"inLanguage":"en-US"}]}},"jetpack_sharing_enabled":true,"_links":{"self":[{"href":"https:\/\/akatsukianime.com\/en\/wp-json\/wp\/v2\/product\/4124","targetHints":{"allow":["GET"]}}],"collection":[{"href":"https:\/\/akatsukianime.com\/en\/wp-json\/wp\/v2\/product"}],"about":[{"href":"https:\/\/akatsukianime.com\/en\/wp-json\/wp\/v2\/types\/product"}],"version-history":[{"count":1,"href":"https:\/\/akatsukianime.com\/en\/wp-json\/wp\/v2\/product\/4124\/revisions"}],"predecessor-version":[{"id":4141,"href":"https:\/\/akatsukianime.com\/en\/wp-json\/wp\/v2\/product\/4124\/revisions\/4141"}],"wp:featuredmedia":[{"embeddable":true,"href":"https:\/\/akatsukianime.com\/en\/wp-json\/wp\/v2\/media\/4140"}],"wp:attachment":[{"href":"https:\/\/akatsukianime.com\/en\/wp-json\/wp\/v2\/media?parent=4124"}],"wp:term":[{"taxonomy":"product_cat","embeddable":true,"href":"https:\/\/akatsukianime.com\/en\/wp-json\/wp\/v2\/product_cat?post=4124"},{"taxonomy":"product_tag","embeddable":true,"href":"https:\/\/akatsukianime.com\/en\/wp-json\/wp\/v2\/product_tag?post=4124"}],"curies":[{"name":"wp","href":"https:\/\/api.w.org\/{rel}","templated":true}]}}