{"id":4142,"date":"2024-10-28T19:27:28","date_gmt":"2024-10-28T18:27:28","guid":{"rendered":"https:\/\/akatsukianime.com\/?post_type=product&#038;p=4142"},"modified":"2024-10-28T19:27:28","modified_gmt":"2024-10-28T18:27:28","slug":"one-piece-sailing-ship-collection-thousand-sunny-wano-country-ver-model-kit","status":"publish","type":"product","link":"https:\/\/akatsukianime.com\/en\/product\/one-piece-sailing-ship-collection-thousand-sunny-wano-country-ver-model-kit\/","title":{"rendered":"One Piece Sailing Ship Collection Thousand Sunny (Wano Country Ver.) Model Kit"},"content":{"rendered":"<p><strong>Box Contents<\/strong><\/p>\n<ul>\n<li>Pieces to build the <strong>Thousand Sunny<\/strong><\/li>\n<li><strong>White Hobby Horse<\/strong><\/li>\n<li><strong>Mini Merry<\/strong><\/li>\n<li><strong>Shark Submerge<\/strong><\/li>\n<li>Pieces of <strong>oars<\/strong><\/li>\n<li>Pieces of the <strong>Gaon canyon<\/strong><\/li>\n<li>Display base<\/li>\n<li>Brand sticker sheet<\/li>\n<li>Water decal sheet<\/li>\n<li>Foil sticker sheet<\/li>\n<li>Figures of the <strong>Straw Hats<\/strong> in Wano outfits:\n<ul>\n<li><strong>Monkey D. Luffy<\/strong> (Luffytaro)<\/li>\n<li><strong>Roronoa Zoro<\/strong> (Zorojuro)<\/li>\n<li><strong>Nami<\/strong> (Onami)<\/li>\n<li><strong>Usopp<\/strong> (Usohachi)<\/li>\n<li><strong>Sanji<\/strong> (Sangoro)<\/li>\n<li><strong>Tony Tony Chopper<\/strong> (Choppermon)<\/li>\n<li><strong>Nico Robin<\/strong> (Orobi)<\/li>\n<li><strong>Franky<\/strong> (Franosuke)<\/li>\n<li><strong>Brook<\/strong> (Bonekichi)<\/li>\n<\/ul>\n<\/li>\n<\/ul>","protected":false},"excerpt":{"rendered":"<p><strong>Product Description<\/strong><br \/>\nFrom <strong>One Piece<\/strong>, this model of the ship <strong>Thousand Sunny<\/strong> It is based on the arc of <strong>Wano Country<\/strong>. Measuring over 9 inches long, the Thousand Sunny features newly designed markings and water decals to recreate the damage sustained when it sank. Includes figures of all nine Straw Hat crew members in their Wano Country attire!<\/p>\n<p><strong>Product Features<\/strong><\/p>\n<ul>\n<li><strong>Long<\/strong>: 9.84 inches (25 cm)<\/li>\n<li><strong>Height<\/strong>: 14.72 inches (36 cm)<\/li>\n<li>Made in <strong>plastic<\/strong><\/li>\n<li>Based on the anime <strong>One Piece<\/strong><\/li>\n<li>Bow version <strong>Wano Country<\/strong><\/li>\n<li>Instructions may or may not include English translation.<\/li>\n<\/ul>\n<p>Add the legendary <strong>Thousand Sunny<\/strong> to your collection and recreate the epic adventures of the Straw Hats in Wano!<\/p>","protected":false},"featured_media":4143,"template":"","meta":[],"product_cat":[94,169,61,43],"product_tag":[104,84,168],"class_list":{"0":"post-4142","1":"product","2":"type-product","3":"status-publish","4":"has-post-thumbnail","6":"product_cat-bandai-hobby-site","7":"product_cat-10-otros-model-kit","8":"product_cat-novedades","9":"product_cat-one-piece","10":"product_tag-model-kit","11":"product_tag-one-piece","12":"product_tag-thousand-sunny","14":"first","15":"instock","16":"sold-individually","17":"taxable","18":"shipping-taxable","19":"purchasable","20":"product-type-simple"},"yoast_head":"<!-- This site is optimized with the Yoast SEO plugin v24.2 - https:\/\/yoast.com\/wordpress\/plugins\/seo\/ -->\n<title>One Piece Sailing Ship Collection Thousand Sunny (Wano Country Ver.) Model Kit- Akatsuki anime store<\/title>\n<meta name=\"robots\" content=\"index, follow, max-snippet:-1, max-image-preview:large, max-video-preview:-1\" \/>\n<link rel=\"canonical\" href=\"https:\/\/akatsukianime.com\/en\/product\/one-piece-sailing-ship-collection-thousand-sunny-wano-country-ver-model-kit\/\" \/>\n<meta property=\"og:locale\" content=\"en_US\" \/>\n<meta property=\"og:type\" content=\"article\" \/>\n<meta property=\"og:title\" content=\"One Piece Sailing Ship Collection Thousand Sunny (Wano Country Ver.) Model Kit- Akatsuki anime store\" \/>\n<meta property=\"og:description\" content=\"Descripci\u00f3n del Producto Desde One Piece, este modelo del barco Thousand Sunny est\u00e1 basado en el arco de Wano Country. Con m\u00e1s de 9 pulgadas de largo, el Thousand Sunny presenta pegatinas de marcas y calcoman\u00edas de agua reci\u00e9n dise\u00f1adas para recrear el da\u00f1o sufrido cuando se hundi\u00f3. \u00a1Incluye las figuras de los nueve miembros de la tripulaci\u00f3n de los Sombreros de Paja en su atuendo de Wano Country!  Caracter\u00edsticas del Producto   Largo: 9.84 pulgadas (25 cm)  Altura: 14.72 pulgadas (36 cm)  Fabricado en pl\u00e1stico  Basado en el anime One Piece  Versi\u00f3n del arco Wano Country  Las instrucciones pueden o no incluir traducci\u00f3n al ingl\u00e9s  \u00a1A\u00f1ade el legendario Thousand Sunny a tu colecci\u00f3n y recrea las \u00e9picas aventuras de los Sombreros de Paja en Wano!\" \/>\n<meta property=\"og:url\" content=\"https:\/\/akatsukianime.com\/en\/product\/one-piece-sailing-ship-collection-thousand-sunny-wano-country-ver-model-kit\/\" \/>\n<meta property=\"og:site_name\" content=\"Akatsuki anime store\" \/>\n<meta property=\"og:image\" content=\"https:\/\/akatsukianime.com\/wp-content\/uploads\/2024\/10\/One-Piece-Sailing-Ship-Collection-Thousand-Sunny-Wano-Country-Ver.-Model-Kit.jpg\" \/>\n\t<meta property=\"og:image:width\" content=\"1000\" \/>\n\t<meta property=\"og:image:height\" content=\"1000\" \/>\n\t<meta property=\"og:image:type\" content=\"image\/jpeg\" \/>\n<meta name=\"twitter:card\" content=\"summary_large_image\" \/>\n<script type=\"application\/ld+json\" class=\"yoast-schema-graph\">{\"@context\":\"https:\/\/schema.org\",\"@graph\":[{\"@type\":[\"WebPage\",\"ItemPage\"],\"@id\":\"https:\/\/akatsukianime.com\/product\/one-piece-sailing-ship-collection-thousand-sunny-wano-country-ver-model-kit\/\",\"url\":\"https:\/\/akatsukianime.com\/product\/one-piece-sailing-ship-collection-thousand-sunny-wano-country-ver-model-kit\/\",\"name\":\"One Piece Sailing Ship Collection Thousand Sunny (Wano Country Ver.) Model Kit- Akatsuki anime store\",\"isPartOf\":{\"@id\":\"https:\/\/akatsukianime.com\/#website\"},\"primaryImageOfPage\":{\"@id\":\"https:\/\/akatsukianime.com\/product\/one-piece-sailing-ship-collection-thousand-sunny-wano-country-ver-model-kit\/#primaryimage\"},\"image\":{\"@id\":\"https:\/\/akatsukianime.com\/product\/one-piece-sailing-ship-collection-thousand-sunny-wano-country-ver-model-kit\/#primaryimage\"},\"thumbnailUrl\":\"https:\/\/akatsukianime.com\/wp-content\/uploads\/2024\/10\/One-Piece-Sailing-Ship-Collection-Thousand-Sunny-Wano-Country-Ver.-Model-Kit.jpg\",\"datePublished\":\"2024-10-28T18:27:28+00:00\",\"dateModified\":\"2024-10-28T18:27:28+00:00\",\"breadcrumb\":{\"@id\":\"https:\/\/akatsukianime.com\/product\/one-piece-sailing-ship-collection-thousand-sunny-wano-country-ver-model-kit\/#breadcrumb\"},\"inLanguage\":\"en-US\",\"potentialAction\":[{\"@type\":\"ReadAction\",\"target\":[\"https:\/\/akatsukianime.com\/product\/one-piece-sailing-ship-collection-thousand-sunny-wano-country-ver-model-kit\/\"]}]},{\"@type\":\"ImageObject\",\"inLanguage\":\"en-US\",\"@id\":\"https:\/\/akatsukianime.com\/product\/one-piece-sailing-ship-collection-thousand-sunny-wano-country-ver-model-kit\/#primaryimage\",\"url\":\"https:\/\/akatsukianime.com\/wp-content\/uploads\/2024\/10\/One-Piece-Sailing-Ship-Collection-Thousand-Sunny-Wano-Country-Ver.-Model-Kit.jpg\",\"contentUrl\":\"https:\/\/akatsukianime.com\/wp-content\/uploads\/2024\/10\/One-Piece-Sailing-Ship-Collection-Thousand-Sunny-Wano-Country-Ver.-Model-Kit.jpg\",\"width\":1000,\"height\":1000},{\"@type\":\"BreadcrumbList\",\"@id\":\"https:\/\/akatsukianime.com\/product\/one-piece-sailing-ship-collection-thousand-sunny-wano-country-ver-model-kit\/#breadcrumb\",\"itemListElement\":[{\"@type\":\"ListItem\",\"position\":1,\"name\":\"Portada\",\"item\":\"https:\/\/akatsukianime.com\/\"},{\"@type\":\"ListItem\",\"position\":2,\"name\":\"Tienda\",\"item\":\"https:\/\/akatsukianime.com\/tienda\/\"},{\"@type\":\"ListItem\",\"position\":3,\"name\":\"One Piece Sailing Ship Collection Thousand Sunny (Wano Country Ver.) Model Kit\"}]},{\"@type\":\"WebSite\",\"@id\":\"https:\/\/akatsukianime.com\/#website\",\"url\":\"https:\/\/akatsukianime.com\/\",\"name\":\"Akatsuki anime store\",\"description\":\"\",\"potentialAction\":[{\"@type\":\"SearchAction\",\"target\":{\"@type\":\"EntryPoint\",\"urlTemplate\":\"https:\/\/akatsukianime.com\/?s={search_term_string}\"},\"query-input\":{\"@type\":\"PropertyValueSpecification\",\"valueRequired\":true,\"valueName\":\"search_term_string\"}}],\"inLanguage\":\"en-US\"}]}<\/script>\n<!-- \/ Yoast SEO plugin. -->","yoast_head_json":{"title":"One Piece Sailing Ship Collection Thousand Sunny (Wano Country Ver.) Model Kit- Akatsuki anime store","robots":{"index":"index","follow":"follow","max-snippet":"max-snippet:-1","max-image-preview":"max-image-preview:large","max-video-preview":"max-video-preview:-1"},"canonical":"https:\/\/akatsukianime.com\/en\/product\/one-piece-sailing-ship-collection-thousand-sunny-wano-country-ver-model-kit\/","og_locale":"en_US","og_type":"article","og_title":"One Piece Sailing Ship Collection Thousand Sunny (Wano Country Ver.) Model Kit- Akatsuki anime store","og_description":"Descripci\u00f3n del Producto Desde One Piece, este modelo del barco Thousand Sunny est\u00e1 basado en el arco de Wano Country. Con m\u00e1s de 9 pulgadas de largo, el Thousand Sunny presenta pegatinas de marcas y calcoman\u00edas de agua reci\u00e9n dise\u00f1adas para recrear el da\u00f1o sufrido cuando se hundi\u00f3. \u00a1Incluye las figuras de los nueve miembros de la tripulaci\u00f3n de los Sombreros de Paja en su atuendo de Wano Country!  Caracter\u00edsticas del Producto   Largo: 9.84 pulgadas (25 cm)  Altura: 14.72 pulgadas (36 cm)  Fabricado en pl\u00e1stico  Basado en el anime One Piece  Versi\u00f3n del arco Wano Country  Las instrucciones pueden o no incluir traducci\u00f3n al ingl\u00e9s  \u00a1A\u00f1ade el legendario Thousand Sunny a tu colecci\u00f3n y recrea las \u00e9picas aventuras de los Sombreros de Paja en Wano!","og_url":"https:\/\/akatsukianime.com\/en\/product\/one-piece-sailing-ship-collection-thousand-sunny-wano-country-ver-model-kit\/","og_site_name":"Akatsuki anime store","og_image":[{"width":1000,"height":1000,"url":"https:\/\/akatsukianime.com\/wp-content\/uploads\/2024\/10\/One-Piece-Sailing-Ship-Collection-Thousand-Sunny-Wano-Country-Ver.-Model-Kit.jpg","type":"image\/jpeg"}],"twitter_card":"summary_large_image","schema":{"@context":"https:\/\/schema.org","@graph":[{"@type":["WebPage","ItemPage"],"@id":"https:\/\/akatsukianime.com\/product\/one-piece-sailing-ship-collection-thousand-sunny-wano-country-ver-model-kit\/","url":"https:\/\/akatsukianime.com\/product\/one-piece-sailing-ship-collection-thousand-sunny-wano-country-ver-model-kit\/","name":"One Piece Sailing Ship Collection Thousand Sunny (Wano Country Ver.) Model Kit- Akatsuki anime store","isPartOf":{"@id":"https:\/\/akatsukianime.com\/#website"},"primaryImageOfPage":{"@id":"https:\/\/akatsukianime.com\/product\/one-piece-sailing-ship-collection-thousand-sunny-wano-country-ver-model-kit\/#primaryimage"},"image":{"@id":"https:\/\/akatsukianime.com\/product\/one-piece-sailing-ship-collection-thousand-sunny-wano-country-ver-model-kit\/#primaryimage"},"thumbnailUrl":"https:\/\/akatsukianime.com\/wp-content\/uploads\/2024\/10\/One-Piece-Sailing-Ship-Collection-Thousand-Sunny-Wano-Country-Ver.-Model-Kit.jpg","datePublished":"2024-10-28T18:27:28+00:00","dateModified":"2024-10-28T18:27:28+00:00","breadcrumb":{"@id":"https:\/\/akatsukianime.com\/product\/one-piece-sailing-ship-collection-thousand-sunny-wano-country-ver-model-kit\/#breadcrumb"},"inLanguage":"en-US","potentialAction":[{"@type":"ReadAction","target":["https:\/\/akatsukianime.com\/product\/one-piece-sailing-ship-collection-thousand-sunny-wano-country-ver-model-kit\/"]}]},{"@type":"ImageObject","inLanguage":"en-US","@id":"https:\/\/akatsukianime.com\/product\/one-piece-sailing-ship-collection-thousand-sunny-wano-country-ver-model-kit\/#primaryimage","url":"https:\/\/akatsukianime.com\/wp-content\/uploads\/2024\/10\/One-Piece-Sailing-Ship-Collection-Thousand-Sunny-Wano-Country-Ver.-Model-Kit.jpg","contentUrl":"https:\/\/akatsukianime.com\/wp-content\/uploads\/2024\/10\/One-Piece-Sailing-Ship-Collection-Thousand-Sunny-Wano-Country-Ver.-Model-Kit.jpg","width":1000,"height":1000},{"@type":"BreadcrumbList","@id":"https:\/\/akatsukianime.com\/product\/one-piece-sailing-ship-collection-thousand-sunny-wano-country-ver-model-kit\/#breadcrumb","itemListElement":[{"@type":"ListItem","position":1,"name":"Portada","item":"https:\/\/akatsukianime.com\/"},{"@type":"ListItem","position":2,"name":"Tienda","item":"https:\/\/akatsukianime.com\/tienda\/"},{"@type":"ListItem","position":3,"name":"One Piece Sailing Ship Collection Thousand Sunny (Wano Country Ver.) Model Kit"}]},{"@type":"WebSite","@id":"https:\/\/akatsukianime.com\/#website","url":"https:\/\/akatsukianime.com\/","name":"Akatsuki anime store","description":"","potentialAction":[{"@type":"SearchAction","target":{"@type":"EntryPoint","urlTemplate":"https:\/\/akatsukianime.com\/?s={search_term_string}"},"query-input":{"@type":"PropertyValueSpecification","valueRequired":true,"valueName":"search_term_string"}}],"inLanguage":"en-US"}]}},"jetpack_sharing_enabled":true,"_links":{"self":[{"href":"https:\/\/akatsukianime.com\/en\/wp-json\/wp\/v2\/product\/4142","targetHints":{"allow":["GET"]}}],"collection":[{"href":"https:\/\/akatsukianime.com\/en\/wp-json\/wp\/v2\/product"}],"about":[{"href":"https:\/\/akatsukianime.com\/en\/wp-json\/wp\/v2\/types\/product"}],"version-history":[{"count":1,"href":"https:\/\/akatsukianime.com\/en\/wp-json\/wp\/v2\/product\/4142\/revisions"}],"predecessor-version":[{"id":4159,"href":"https:\/\/akatsukianime.com\/en\/wp-json\/wp\/v2\/product\/4142\/revisions\/4159"}],"wp:featuredmedia":[{"embeddable":true,"href":"https:\/\/akatsukianime.com\/en\/wp-json\/wp\/v2\/media\/4143"}],"wp:attachment":[{"href":"https:\/\/akatsukianime.com\/en\/wp-json\/wp\/v2\/media?parent=4142"}],"wp:term":[{"taxonomy":"product_cat","embeddable":true,"href":"https:\/\/akatsukianime.com\/en\/wp-json\/wp\/v2\/product_cat?post=4142"},{"taxonomy":"product_tag","embeddable":true,"href":"https:\/\/akatsukianime.com\/en\/wp-json\/wp\/v2\/product_tag?post=4142"}],"curies":[{"name":"wp","href":"https:\/\/api.w.org\/{rel}","templated":true}]}}