{"id":4160,"date":"2024-10-28T19:48:49","date_gmt":"2024-10-28T18:48:49","guid":{"rendered":"https:\/\/akatsukianime.com\/?post_type=product&#038;p=4160"},"modified":"2026-03-23T21:42:10","modified_gmt":"2026-03-23T20:42:10","slug":"one-piece-sailing-ship-collection-going-merry-model-kit","status":"publish","type":"product","link":"https:\/\/akatsukianime.com\/en\/product\/one-piece-sailing-ship-collection-going-merry-model-kit\/","title":{"rendered":"One Piece Sailing Ship Collection Going Merry Model Kit"},"content":{"rendered":"<p><strong>Box Contents<\/strong><\/p>\n<ul>\n<li>Pieces to build the <strong>Going Merry<\/strong><\/li>\n<li>Figures of the <strong>Straw Hat Crew<\/strong>:\n<ul>\n<li><strong>Monkey D. Luffy<\/strong><\/li>\n<li><strong>Roronoa Zoro<\/strong><\/li>\n<li><strong>Nami<\/strong><\/li>\n<li><strong>Usopp<\/strong><\/li>\n<li><strong>Sanji<\/strong><\/li>\n<li><strong>Tony Tony Chopper<\/strong><\/li>\n<\/ul>\n<\/li>\n<li>Cannons, anchors and other accessories<\/li>\n<li>Display base<\/li>\n<li>Brand sticker sheet<\/li>\n<li>Water decal sheet<\/li>\n<li>Foil sticker sheet<\/li>\n<\/ul>","protected":false},"excerpt":{"rendered":"<div class=\"flex-shrink-0 flex flex-col relative items-end\">\n<div>\n<div class=\"pt-0\">\n<div class=\"gizmo-bot-avatar flex h-8 w-8 items-center justify-center overflow-hidden rounded-full\">\n<div class=\"relative p-1 rounded-sm flex items-center justify-center bg-token-main-surface-primary text-token-text-primary h-8 w-8\"><\/div>\n<\/div>\n<\/div>\n<\/div>\n<\/div>\n<div class=\"group\/conversation-turn relative flex w-full min-w-0 flex-col agent-turn\">\n<div class=\"flex-col gap-1 md:gap-3\">\n<div class=\"flex max-w-full flex-col flex-grow\">\n<div class=\"min-h-8 text-message flex w-full flex-col items-end gap-2 whitespace-normal break-words [.text-message+&amp;]:mt-5\" dir=\"auto\" data-message-author-role=\"assistant\" data-message-id=\"bbddbc32-4464-4563-9e25-305459f0d339\" data-message-model-slug=\"gpt-4o\">\n<div class=\"flex w-full flex-col gap-1 empty:hidden first:pt-[3px]\">\n<div class=\"markdown prose w-full break-words dark:prose-invert light\">\n<p><strong>Product Description<\/strong><br \/>\nA faithful reproduction of the <strong>Going Merry<\/strong>, the iconic sailing ship from the anime series <strong>One Piece<\/strong>. This model, approximately 280mm long, captures every detail of the ship, from the texture of the wood on the hull to the knots in the ropes and wrinkles in the sails. Includes Straw Hat Pirate figures!<\/p>\n<hr \/>\n<p><strong>Product Features<\/strong><\/p>\n<ul>\n<li><strong>Size<\/strong>: Length about 280mm (not to scale)<\/li>\n<li>Details of the hull, ropes and sails faithfully recreated<\/li>\n<li>Includes accessories such as <strong>cannons<\/strong> and <strong>anchors<\/strong> essentials for a pirate ship<\/li>\n<li>Easy to assemble and with realistic details, using different materials for each string<\/li>\n<li>Navigation and anchoring are played using the moving anchor<\/li>\n<\/ul>\n<p>Relive the adventures of the Straw Hats and add this detailed replica of the <strong>Going Merry<\/strong> to your collection of <strong>One Piece<\/strong>.<\/p>\n<\/div>\n<\/div>\n<\/div>\n<\/div>\n<\/div>\n<\/div>","protected":false},"featured_media":4168,"template":"","meta":[],"product_cat":[94,66,169,61,43],"product_tag":[170,104,84],"class_list":{"0":"post-4160","1":"product","2":"type-product","3":"status-publish","4":"has-post-thumbnail","6":"product_cat-bandai-hobby-site","7":"product_cat-model-kit","8":"product_cat-10-otros-model-kit","9":"product_cat-novedades","10":"product_cat-one-piece","11":"product_tag-going-merry","12":"product_tag-model-kit","13":"product_tag-one-piece","15":"first","16":"outofstock","17":"sold-individually","18":"taxable","19":"shipping-taxable","20":"purchasable","21":"product-type-simple"},"yoast_head":"<!-- This site is optimized with the Yoast SEO plugin v24.2 - https:\/\/yoast.com\/wordpress\/plugins\/seo\/ -->\n<title>One Piece Sailing Ship Collection Going Merry Model Kit- Akatsuki anime store<\/title>\n<meta name=\"robots\" content=\"index, follow, max-snippet:-1, max-image-preview:large, max-video-preview:-1\" \/>\n<link rel=\"canonical\" href=\"https:\/\/akatsukianime.com\/en\/product\/one-piece-sailing-ship-collection-going-merry-model-kit\/\" \/>\n<meta property=\"og:locale\" content=\"en_US\" \/>\n<meta property=\"og:type\" content=\"article\" \/>\n<meta property=\"og:title\" content=\"One Piece Sailing Ship Collection Going Merry Model Kit- Akatsuki anime store\" \/>\n<meta property=\"og:description\" content=\"Descripci\u00f3n del Producto Una fiel reproducci\u00f3n del Going Merry, el ic\u00f3nico barco de vela de la serie de anime One Piece. Este modelo, de aproximadamente 280 mm de largo, captura cada detalle del barco, desde la textura de la madera en el casco hasta los nudos de las cuerdas y las arrugas en las velas. \u00a1Incluye figuras de los piratas del Sombrero de Paja!    Caracter\u00edsticas del Producto   Tama\u00f1o: Largo de aproximadamente 280 mm (no a escala)  Detalles del casco, cuerdas y velas recreados con fidelidad  Incluye accesorios como ca\u00f1ones y anclas esenciales para un barco pirata  F\u00e1cil de ensamblar y con detalles realistas, usando distintos materiales para cada cuerda  La navegaci\u00f3n y el anclaje se reproducen mediante el ancla m\u00f3vil  Revive las aventuras de los Sombreros de Paja y agrega esta detallada r\u00e9plica del Going Merry a tu colecci\u00f3n de One Piece.\" \/>\n<meta property=\"og:url\" content=\"https:\/\/akatsukianime.com\/en\/product\/one-piece-sailing-ship-collection-going-merry-model-kit\/\" \/>\n<meta property=\"og:site_name\" content=\"Akatsuki anime store\" \/>\n<meta property=\"article:modified_time\" content=\"2026-03-23T20:42:10+00:00\" \/>\n<meta property=\"og:image\" content=\"https:\/\/akatsukianime.com\/wp-content\/uploads\/2024\/10\/One-Piece-Sailing-Ship-Collection-Going-Merry-Model-Kit.jpg\" \/>\n\t<meta property=\"og:image:width\" content=\"1000\" \/>\n\t<meta property=\"og:image:height\" content=\"1000\" \/>\n\t<meta property=\"og:image:type\" content=\"image\/jpeg\" \/>\n<meta name=\"twitter:card\" content=\"summary_large_image\" \/>\n<script type=\"application\/ld+json\" class=\"yoast-schema-graph\">{\"@context\":\"https:\/\/schema.org\",\"@graph\":[{\"@type\":[\"WebPage\",\"ItemPage\"],\"@id\":\"https:\/\/akatsukianime.com\/product\/one-piece-sailing-ship-collection-going-merry-model-kit\/\",\"url\":\"https:\/\/akatsukianime.com\/product\/one-piece-sailing-ship-collection-going-merry-model-kit\/\",\"name\":\"One Piece Sailing Ship Collection Going Merry Model Kit- Akatsuki anime store\",\"isPartOf\":{\"@id\":\"https:\/\/akatsukianime.com\/#website\"},\"primaryImageOfPage\":{\"@id\":\"https:\/\/akatsukianime.com\/product\/one-piece-sailing-ship-collection-going-merry-model-kit\/#primaryimage\"},\"image\":{\"@id\":\"https:\/\/akatsukianime.com\/product\/one-piece-sailing-ship-collection-going-merry-model-kit\/#primaryimage\"},\"thumbnailUrl\":\"https:\/\/akatsukianime.com\/wp-content\/uploads\/2024\/10\/One-Piece-Sailing-Ship-Collection-Going-Merry-Model-Kit.jpg\",\"datePublished\":\"2024-10-28T18:48:49+00:00\",\"dateModified\":\"2026-03-23T20:42:10+00:00\",\"breadcrumb\":{\"@id\":\"https:\/\/akatsukianime.com\/product\/one-piece-sailing-ship-collection-going-merry-model-kit\/#breadcrumb\"},\"inLanguage\":\"en-US\",\"potentialAction\":[{\"@type\":\"ReadAction\",\"target\":[\"https:\/\/akatsukianime.com\/product\/one-piece-sailing-ship-collection-going-merry-model-kit\/\"]}]},{\"@type\":\"ImageObject\",\"inLanguage\":\"en-US\",\"@id\":\"https:\/\/akatsukianime.com\/product\/one-piece-sailing-ship-collection-going-merry-model-kit\/#primaryimage\",\"url\":\"https:\/\/akatsukianime.com\/wp-content\/uploads\/2024\/10\/One-Piece-Sailing-Ship-Collection-Going-Merry-Model-Kit.jpg\",\"contentUrl\":\"https:\/\/akatsukianime.com\/wp-content\/uploads\/2024\/10\/One-Piece-Sailing-Ship-Collection-Going-Merry-Model-Kit.jpg\",\"width\":1000,\"height\":1000},{\"@type\":\"BreadcrumbList\",\"@id\":\"https:\/\/akatsukianime.com\/product\/one-piece-sailing-ship-collection-going-merry-model-kit\/#breadcrumb\",\"itemListElement\":[{\"@type\":\"ListItem\",\"position\":1,\"name\":\"Portada\",\"item\":\"https:\/\/akatsukianime.com\/\"},{\"@type\":\"ListItem\",\"position\":2,\"name\":\"Tienda\",\"item\":\"https:\/\/akatsukianime.com\/tienda\/\"},{\"@type\":\"ListItem\",\"position\":3,\"name\":\"One Piece Sailing Ship Collection Going Merry Model Kit\"}]},{\"@type\":\"WebSite\",\"@id\":\"https:\/\/akatsukianime.com\/#website\",\"url\":\"https:\/\/akatsukianime.com\/\",\"name\":\"Akatsuki anime store\",\"description\":\"\",\"potentialAction\":[{\"@type\":\"SearchAction\",\"target\":{\"@type\":\"EntryPoint\",\"urlTemplate\":\"https:\/\/akatsukianime.com\/?s={search_term_string}\"},\"query-input\":{\"@type\":\"PropertyValueSpecification\",\"valueRequired\":true,\"valueName\":\"search_term_string\"}}],\"inLanguage\":\"en-US\"}]}<\/script>\n<!-- \/ Yoast SEO plugin. -->","yoast_head_json":{"title":"One Piece Sailing Ship Collection Going Merry Model Kit- Akatsuki anime store","robots":{"index":"index","follow":"follow","max-snippet":"max-snippet:-1","max-image-preview":"max-image-preview:large","max-video-preview":"max-video-preview:-1"},"canonical":"https:\/\/akatsukianime.com\/en\/product\/one-piece-sailing-ship-collection-going-merry-model-kit\/","og_locale":"en_US","og_type":"article","og_title":"One Piece Sailing Ship Collection Going Merry Model Kit- Akatsuki anime store","og_description":"Descripci\u00f3n del Producto Una fiel reproducci\u00f3n del Going Merry, el ic\u00f3nico barco de vela de la serie de anime One Piece. Este modelo, de aproximadamente 280 mm de largo, captura cada detalle del barco, desde la textura de la madera en el casco hasta los nudos de las cuerdas y las arrugas en las velas. \u00a1Incluye figuras de los piratas del Sombrero de Paja!    Caracter\u00edsticas del Producto   Tama\u00f1o: Largo de aproximadamente 280 mm (no a escala)  Detalles del casco, cuerdas y velas recreados con fidelidad  Incluye accesorios como ca\u00f1ones y anclas esenciales para un barco pirata  F\u00e1cil de ensamblar y con detalles realistas, usando distintos materiales para cada cuerda  La navegaci\u00f3n y el anclaje se reproducen mediante el ancla m\u00f3vil  Revive las aventuras de los Sombreros de Paja y agrega esta detallada r\u00e9plica del Going Merry a tu colecci\u00f3n de One Piece.","og_url":"https:\/\/akatsukianime.com\/en\/product\/one-piece-sailing-ship-collection-going-merry-model-kit\/","og_site_name":"Akatsuki anime store","article_modified_time":"2026-03-23T20:42:10+00:00","og_image":[{"width":1000,"height":1000,"url":"https:\/\/akatsukianime.com\/wp-content\/uploads\/2024\/10\/One-Piece-Sailing-Ship-Collection-Going-Merry-Model-Kit.jpg","type":"image\/jpeg"}],"twitter_card":"summary_large_image","schema":{"@context":"https:\/\/schema.org","@graph":[{"@type":["WebPage","ItemPage"],"@id":"https:\/\/akatsukianime.com\/product\/one-piece-sailing-ship-collection-going-merry-model-kit\/","url":"https:\/\/akatsukianime.com\/product\/one-piece-sailing-ship-collection-going-merry-model-kit\/","name":"One Piece Sailing Ship Collection Going Merry Model Kit- Akatsuki anime store","isPartOf":{"@id":"https:\/\/akatsukianime.com\/#website"},"primaryImageOfPage":{"@id":"https:\/\/akatsukianime.com\/product\/one-piece-sailing-ship-collection-going-merry-model-kit\/#primaryimage"},"image":{"@id":"https:\/\/akatsukianime.com\/product\/one-piece-sailing-ship-collection-going-merry-model-kit\/#primaryimage"},"thumbnailUrl":"https:\/\/akatsukianime.com\/wp-content\/uploads\/2024\/10\/One-Piece-Sailing-Ship-Collection-Going-Merry-Model-Kit.jpg","datePublished":"2024-10-28T18:48:49+00:00","dateModified":"2026-03-23T20:42:10+00:00","breadcrumb":{"@id":"https:\/\/akatsukianime.com\/product\/one-piece-sailing-ship-collection-going-merry-model-kit\/#breadcrumb"},"inLanguage":"en-US","potentialAction":[{"@type":"ReadAction","target":["https:\/\/akatsukianime.com\/product\/one-piece-sailing-ship-collection-going-merry-model-kit\/"]}]},{"@type":"ImageObject","inLanguage":"en-US","@id":"https:\/\/akatsukianime.com\/product\/one-piece-sailing-ship-collection-going-merry-model-kit\/#primaryimage","url":"https:\/\/akatsukianime.com\/wp-content\/uploads\/2024\/10\/One-Piece-Sailing-Ship-Collection-Going-Merry-Model-Kit.jpg","contentUrl":"https:\/\/akatsukianime.com\/wp-content\/uploads\/2024\/10\/One-Piece-Sailing-Ship-Collection-Going-Merry-Model-Kit.jpg","width":1000,"height":1000},{"@type":"BreadcrumbList","@id":"https:\/\/akatsukianime.com\/product\/one-piece-sailing-ship-collection-going-merry-model-kit\/#breadcrumb","itemListElement":[{"@type":"ListItem","position":1,"name":"Portada","item":"https:\/\/akatsukianime.com\/"},{"@type":"ListItem","position":2,"name":"Tienda","item":"https:\/\/akatsukianime.com\/tienda\/"},{"@type":"ListItem","position":3,"name":"One Piece Sailing Ship Collection Going Merry Model Kit"}]},{"@type":"WebSite","@id":"https:\/\/akatsukianime.com\/#website","url":"https:\/\/akatsukianime.com\/","name":"Akatsuki anime store","description":"","potentialAction":[{"@type":"SearchAction","target":{"@type":"EntryPoint","urlTemplate":"https:\/\/akatsukianime.com\/?s={search_term_string}"},"query-input":{"@type":"PropertyValueSpecification","valueRequired":true,"valueName":"search_term_string"}}],"inLanguage":"en-US"}]}},"jetpack_sharing_enabled":true,"_links":{"self":[{"href":"https:\/\/akatsukianime.com\/en\/wp-json\/wp\/v2\/product\/4160","targetHints":{"allow":["GET"]}}],"collection":[{"href":"https:\/\/akatsukianime.com\/en\/wp-json\/wp\/v2\/product"}],"about":[{"href":"https:\/\/akatsukianime.com\/en\/wp-json\/wp\/v2\/types\/product"}],"version-history":[{"count":1,"href":"https:\/\/akatsukianime.com\/en\/wp-json\/wp\/v2\/product\/4160\/revisions"}],"predecessor-version":[{"id":4169,"href":"https:\/\/akatsukianime.com\/en\/wp-json\/wp\/v2\/product\/4160\/revisions\/4169"}],"wp:featuredmedia":[{"embeddable":true,"href":"https:\/\/akatsukianime.com\/en\/wp-json\/wp\/v2\/media\/4168"}],"wp:attachment":[{"href":"https:\/\/akatsukianime.com\/en\/wp-json\/wp\/v2\/media?parent=4160"}],"wp:term":[{"taxonomy":"product_cat","embeddable":true,"href":"https:\/\/akatsukianime.com\/en\/wp-json\/wp\/v2\/product_cat?post=4160"},{"taxonomy":"product_tag","embeddable":true,"href":"https:\/\/akatsukianime.com\/en\/wp-json\/wp\/v2\/product_tag?post=4160"}],"curies":[{"name":"wp","href":"https:\/\/api.w.org\/{rel}","templated":true}]}}