{"id":4374,"date":"2024-11-04T17:31:14","date_gmt":"2024-11-04T16:31:14","guid":{"rendered":"https:\/\/akatsukianime.com\/?post_type=product&#038;p=4374"},"modified":"2025-02-04T18:23:36","modified_gmt":"2025-02-04T17:23:36","slug":"mobile-suit-gundam-chars-counterattack-rg-nu-gundam-1-144-scale-model-kit","status":"publish","type":"product","link":"https:\/\/akatsukianime.com\/en\/product\/mobile-suit-gundam-chars-counterattack-rg-nu-gundam-1-144-scale-model-kit\/","title":{"rendered":"Mobile Suit Gundam: Char&#039;s Counterattack RG Nu Gundam 1\/144 Scale Model Kit"},"content":{"rendered":"<p><strong>Box Contents<\/strong><\/p>\n<ul>\n<li>Parts to build the Nu Gundam<\/li>\n<li>Beam Rifle<\/li>\n<li>Hyper Bazooka<\/li>\n<li>2 Beam Sabers<\/li>\n<li>Shield<\/li>\n<li>Amuro Ray figure (standing)<\/li>\n<li>Decals<\/li>\n<li>Instructions<\/li>\n<\/ul>","protected":false},"excerpt":{"rendered":"<p><strong>Product Description<\/strong><br \/>\nThe final model of mobile suit piloted by Amuro Ray in <em>Char&#039;s Counterattack<\/em> comes as an RG kit. This model incorporates a multi-link system that allows the armor pieces to slide while the legs are articulated, as well as an armor deployment mechanism through the body, the result of extensive research into real machines. This results in a product with compact and unique details characteristic of RG kits.<\/p>\n<p><strong>Product Features<\/strong><\/p>\n<ul>\n<li><strong>Size<\/strong>: 5.9 inches (15 cm)<\/li>\n<li><strong>Material<\/strong>: Plastic<\/li>\n<li><strong>Of<\/strong>: the anime movie <em>Mobile Suit Gundam: Char&#039;s Counterattack<\/em><\/li>\n<li><strong>Special Features<\/strong>:\n<ul>\n<li>Multi-link system that allows simultaneous sliding of the armor pieces<\/li>\n<li>Armor deployment mechanism<\/li>\n<\/ul>\n<\/li>\n<li><strong>Note<\/strong>: Instructions may not include Spanish translation<\/li>\n<\/ul>\n<p>Add Amuro Ray&#039;s iconic mobile suit to your collection with this superb detailing kit!<\/p>","protected":false},"featured_media":4385,"template":"","meta":[],"product_cat":[94,66,113,61,56],"product_tag":[116,181,104,115,268],"class_list":{"0":"post-4374","1":"product","2":"type-product","3":"status-publish","4":"has-post-thumbnail","6":"product_cat-bandai-hobby-site","7":"product_cat-model-kit","8":"product_cat-4-real-grade-1-144","9":"product_cat-novedades","10":"product_cat-gundam","11":"product_tag-1-144","12":"product_tag-mobile-suit-gundam","13":"product_tag-model-kit","14":"product_tag-real-grade","15":"product_tag-rx-93","17":"first","18":"outofstock","19":"sold-individually","20":"taxable","21":"shipping-taxable","22":"purchasable","23":"product-type-simple"},"yoast_head":"<!-- This site is optimized with the Yoast SEO plugin v24.2 - https:\/\/yoast.com\/wordpress\/plugins\/seo\/ -->\n<title>Mobile Suit Gundam: Char&#039;s Counterattack RG Nu Gundam 1\/144 Scale Model Kit - Akatsuki anime store<\/title>\n<meta name=\"robots\" content=\"index, follow, max-snippet:-1, max-image-preview:large, max-video-preview:-1\" \/>\n<link rel=\"canonical\" href=\"https:\/\/akatsukianime.com\/en\/product\/mobile-suit-gundam-chars-counterattack-rg-nu-gundam-1-144-scale-model-kit\/\" \/>\n<meta property=\"og:locale\" content=\"en_US\" \/>\n<meta property=\"og:type\" content=\"article\" \/>\n<meta property=\"og:title\" content=\"Mobile Suit Gundam: Char&#039;s Counterattack RG Nu Gundam 1\/144 Scale Model Kit - Akatsuki anime store\" \/>\n<meta property=\"og:description\" content=\"Descripci\u00f3n del Producto El modelo final de mobile suit pilotado por Amuro Ray en Char&#039;s Counterattack llega como un kit RG. Este modelo incorpora un sistema multi-link que permite que las piezas de la armadura se deslicen al mismo tiempo que se articulan las piernas, adem\u00e1s de un mecanismo de despliegue de armadura a trav\u00e9s del cuerpo, resultado de una investigaci\u00f3n exhaustiva de m\u00e1quinas reales. Esto da como resultado un producto con detalles compactos y \u00fanicos caracter\u00edsticos de los kits RG.  Caracter\u00edsticas del Producto   Tama\u00f1o: 5.9 pulgadas (15 cm)  Material: Pl\u00e1stico  De: la pel\u00edcula de anime Mobile Suit Gundam: Char&#039;s Counterattack  Caracter\u00edsticas especiales:   Sistema multi-link que permite el deslizamiento simult\u00e1neo de las piezas de la armadura  Mecanismo de despliegue de la armadura    Nota: Las instrucciones pueden no incluir traducci\u00f3n al espa\u00f1ol  \u00a1Agrega a tu colecci\u00f3n el ic\u00f3nico mobile suit de Amuro Ray con este kit de detalles extraordinarios!\" \/>\n<meta property=\"og:url\" content=\"https:\/\/akatsukianime.com\/en\/product\/mobile-suit-gundam-chars-counterattack-rg-nu-gundam-1-144-scale-model-kit\/\" \/>\n<meta property=\"og:site_name\" content=\"Akatsuki anime store\" \/>\n<meta property=\"article:modified_time\" content=\"2025-02-04T17:23:36+00:00\" \/>\n<meta property=\"og:image\" content=\"https:\/\/akatsukianime.com\/wp-content\/uploads\/2024\/11\/Mobile-Suit-Gundam-Chars-Counterattack-RG-Nu-Gundam-1_144-Scale-Model-Kit.jpg\" \/>\n\t<meta property=\"og:image:width\" content=\"1000\" \/>\n\t<meta property=\"og:image:height\" content=\"1000\" \/>\n\t<meta property=\"og:image:type\" content=\"image\/jpeg\" \/>\n<meta name=\"twitter:card\" content=\"summary_large_image\" \/>\n<meta name=\"twitter:label1\" content=\"Est. reading time\" \/>\n\t<meta name=\"twitter:data1\" content=\"1 minute\" \/>\n<script type=\"application\/ld+json\" class=\"yoast-schema-graph\">{\"@context\":\"https:\/\/schema.org\",\"@graph\":[{\"@type\":[\"WebPage\",\"ItemPage\"],\"@id\":\"https:\/\/akatsukianime.com\/product\/mobile-suit-gundam-chars-counterattack-rg-nu-gundam-1-144-scale-model-kit\/\",\"url\":\"https:\/\/akatsukianime.com\/product\/mobile-suit-gundam-chars-counterattack-rg-nu-gundam-1-144-scale-model-kit\/\",\"name\":\"Mobile Suit Gundam: Char's Counterattack RG Nu Gundam 1\/144 Scale Model Kit - Akatsuki anime store\",\"isPartOf\":{\"@id\":\"https:\/\/akatsukianime.com\/#website\"},\"primaryImageOfPage\":{\"@id\":\"https:\/\/akatsukianime.com\/product\/mobile-suit-gundam-chars-counterattack-rg-nu-gundam-1-144-scale-model-kit\/#primaryimage\"},\"image\":{\"@id\":\"https:\/\/akatsukianime.com\/product\/mobile-suit-gundam-chars-counterattack-rg-nu-gundam-1-144-scale-model-kit\/#primaryimage\"},\"thumbnailUrl\":\"https:\/\/akatsukianime.com\/wp-content\/uploads\/2024\/11\/Mobile-Suit-Gundam-Chars-Counterattack-RG-Nu-Gundam-1_144-Scale-Model-Kit.jpg\",\"datePublished\":\"2024-11-04T16:31:14+00:00\",\"dateModified\":\"2025-02-04T17:23:36+00:00\",\"breadcrumb\":{\"@id\":\"https:\/\/akatsukianime.com\/product\/mobile-suit-gundam-chars-counterattack-rg-nu-gundam-1-144-scale-model-kit\/#breadcrumb\"},\"inLanguage\":\"en-US\",\"potentialAction\":[{\"@type\":\"ReadAction\",\"target\":[\"https:\/\/akatsukianime.com\/product\/mobile-suit-gundam-chars-counterattack-rg-nu-gundam-1-144-scale-model-kit\/\"]}]},{\"@type\":\"ImageObject\",\"inLanguage\":\"en-US\",\"@id\":\"https:\/\/akatsukianime.com\/product\/mobile-suit-gundam-chars-counterattack-rg-nu-gundam-1-144-scale-model-kit\/#primaryimage\",\"url\":\"https:\/\/akatsukianime.com\/wp-content\/uploads\/2024\/11\/Mobile-Suit-Gundam-Chars-Counterattack-RG-Nu-Gundam-1_144-Scale-Model-Kit.jpg\",\"contentUrl\":\"https:\/\/akatsukianime.com\/wp-content\/uploads\/2024\/11\/Mobile-Suit-Gundam-Chars-Counterattack-RG-Nu-Gundam-1_144-Scale-Model-Kit.jpg\",\"width\":1000,\"height\":1000},{\"@type\":\"BreadcrumbList\",\"@id\":\"https:\/\/akatsukianime.com\/product\/mobile-suit-gundam-chars-counterattack-rg-nu-gundam-1-144-scale-model-kit\/#breadcrumb\",\"itemListElement\":[{\"@type\":\"ListItem\",\"position\":1,\"name\":\"Portada\",\"item\":\"https:\/\/akatsukianime.com\/\"},{\"@type\":\"ListItem\",\"position\":2,\"name\":\"Tienda\",\"item\":\"https:\/\/akatsukianime.com\/tienda\/\"},{\"@type\":\"ListItem\",\"position\":3,\"name\":\"Mobile Suit Gundam: Char&#8217;s Counterattack RG Nu Gundam 1\/144 Scale Model Kit\"}]},{\"@type\":\"WebSite\",\"@id\":\"https:\/\/akatsukianime.com\/#website\",\"url\":\"https:\/\/akatsukianime.com\/\",\"name\":\"Akatsuki anime store\",\"description\":\"\",\"potentialAction\":[{\"@type\":\"SearchAction\",\"target\":{\"@type\":\"EntryPoint\",\"urlTemplate\":\"https:\/\/akatsukianime.com\/?s={search_term_string}\"},\"query-input\":{\"@type\":\"PropertyValueSpecification\",\"valueRequired\":true,\"valueName\":\"search_term_string\"}}],\"inLanguage\":\"en-US\"}]}<\/script>\n<!-- \/ Yoast SEO plugin. -->","yoast_head_json":{"title":"Mobile Suit Gundam: Char's Counterattack RG Nu Gundam 1\/144 Scale Model Kit - Akatsuki anime store","robots":{"index":"index","follow":"follow","max-snippet":"max-snippet:-1","max-image-preview":"max-image-preview:large","max-video-preview":"max-video-preview:-1"},"canonical":"https:\/\/akatsukianime.com\/en\/product\/mobile-suit-gundam-chars-counterattack-rg-nu-gundam-1-144-scale-model-kit\/","og_locale":"en_US","og_type":"article","og_title":"Mobile Suit Gundam: Char's Counterattack RG Nu Gundam 1\/144 Scale Model Kit - Akatsuki anime store","og_description":"Descripci\u00f3n del Producto El modelo final de mobile suit pilotado por Amuro Ray en Char's Counterattack llega como un kit RG. Este modelo incorpora un sistema multi-link que permite que las piezas de la armadura se deslicen al mismo tiempo que se articulan las piernas, adem\u00e1s de un mecanismo de despliegue de armadura a trav\u00e9s del cuerpo, resultado de una investigaci\u00f3n exhaustiva de m\u00e1quinas reales. Esto da como resultado un producto con detalles compactos y \u00fanicos caracter\u00edsticos de los kits RG.  Caracter\u00edsticas del Producto   Tama\u00f1o: 5.9 pulgadas (15 cm)  Material: Pl\u00e1stico  De: la pel\u00edcula de anime Mobile Suit Gundam: Char's Counterattack  Caracter\u00edsticas especiales:   Sistema multi-link que permite el deslizamiento simult\u00e1neo de las piezas de la armadura  Mecanismo de despliegue de la armadura    Nota: Las instrucciones pueden no incluir traducci\u00f3n al espa\u00f1ol  \u00a1Agrega a tu colecci\u00f3n el ic\u00f3nico mobile suit de Amuro Ray con este kit de detalles extraordinarios!","og_url":"https:\/\/akatsukianime.com\/en\/product\/mobile-suit-gundam-chars-counterattack-rg-nu-gundam-1-144-scale-model-kit\/","og_site_name":"Akatsuki anime store","article_modified_time":"2025-02-04T17:23:36+00:00","og_image":[{"width":1000,"height":1000,"url":"https:\/\/akatsukianime.com\/wp-content\/uploads\/2024\/11\/Mobile-Suit-Gundam-Chars-Counterattack-RG-Nu-Gundam-1_144-Scale-Model-Kit.jpg","type":"image\/jpeg"}],"twitter_card":"summary_large_image","twitter_misc":{"Est. reading time":"1 minute"},"schema":{"@context":"https:\/\/schema.org","@graph":[{"@type":["WebPage","ItemPage"],"@id":"https:\/\/akatsukianime.com\/product\/mobile-suit-gundam-chars-counterattack-rg-nu-gundam-1-144-scale-model-kit\/","url":"https:\/\/akatsukianime.com\/product\/mobile-suit-gundam-chars-counterattack-rg-nu-gundam-1-144-scale-model-kit\/","name":"Mobile Suit Gundam: Char's Counterattack RG Nu Gundam 1\/144 Scale Model Kit - Akatsuki anime store","isPartOf":{"@id":"https:\/\/akatsukianime.com\/#website"},"primaryImageOfPage":{"@id":"https:\/\/akatsukianime.com\/product\/mobile-suit-gundam-chars-counterattack-rg-nu-gundam-1-144-scale-model-kit\/#primaryimage"},"image":{"@id":"https:\/\/akatsukianime.com\/product\/mobile-suit-gundam-chars-counterattack-rg-nu-gundam-1-144-scale-model-kit\/#primaryimage"},"thumbnailUrl":"https:\/\/akatsukianime.com\/wp-content\/uploads\/2024\/11\/Mobile-Suit-Gundam-Chars-Counterattack-RG-Nu-Gundam-1_144-Scale-Model-Kit.jpg","datePublished":"2024-11-04T16:31:14+00:00","dateModified":"2025-02-04T17:23:36+00:00","breadcrumb":{"@id":"https:\/\/akatsukianime.com\/product\/mobile-suit-gundam-chars-counterattack-rg-nu-gundam-1-144-scale-model-kit\/#breadcrumb"},"inLanguage":"en-US","potentialAction":[{"@type":"ReadAction","target":["https:\/\/akatsukianime.com\/product\/mobile-suit-gundam-chars-counterattack-rg-nu-gundam-1-144-scale-model-kit\/"]}]},{"@type":"ImageObject","inLanguage":"en-US","@id":"https:\/\/akatsukianime.com\/product\/mobile-suit-gundam-chars-counterattack-rg-nu-gundam-1-144-scale-model-kit\/#primaryimage","url":"https:\/\/akatsukianime.com\/wp-content\/uploads\/2024\/11\/Mobile-Suit-Gundam-Chars-Counterattack-RG-Nu-Gundam-1_144-Scale-Model-Kit.jpg","contentUrl":"https:\/\/akatsukianime.com\/wp-content\/uploads\/2024\/11\/Mobile-Suit-Gundam-Chars-Counterattack-RG-Nu-Gundam-1_144-Scale-Model-Kit.jpg","width":1000,"height":1000},{"@type":"BreadcrumbList","@id":"https:\/\/akatsukianime.com\/product\/mobile-suit-gundam-chars-counterattack-rg-nu-gundam-1-144-scale-model-kit\/#breadcrumb","itemListElement":[{"@type":"ListItem","position":1,"name":"Portada","item":"https:\/\/akatsukianime.com\/"},{"@type":"ListItem","position":2,"name":"Tienda","item":"https:\/\/akatsukianime.com\/tienda\/"},{"@type":"ListItem","position":3,"name":"Mobile Suit Gundam: Char&#8217;s Counterattack RG Nu Gundam 1\/144 Scale Model Kit"}]},{"@type":"WebSite","@id":"https:\/\/akatsukianime.com\/#website","url":"https:\/\/akatsukianime.com\/","name":"Akatsuki anime store","description":"","potentialAction":[{"@type":"SearchAction","target":{"@type":"EntryPoint","urlTemplate":"https:\/\/akatsukianime.com\/?s={search_term_string}"},"query-input":{"@type":"PropertyValueSpecification","valueRequired":true,"valueName":"search_term_string"}}],"inLanguage":"en-US"}]}},"jetpack_sharing_enabled":true,"_links":{"self":[{"href":"https:\/\/akatsukianime.com\/en\/wp-json\/wp\/v2\/product\/4374","targetHints":{"allow":["GET"]}}],"collection":[{"href":"https:\/\/akatsukianime.com\/en\/wp-json\/wp\/v2\/product"}],"about":[{"href":"https:\/\/akatsukianime.com\/en\/wp-json\/wp\/v2\/types\/product"}],"version-history":[{"count":1,"href":"https:\/\/akatsukianime.com\/en\/wp-json\/wp\/v2\/product\/4374\/revisions"}],"predecessor-version":[{"id":4386,"href":"https:\/\/akatsukianime.com\/en\/wp-json\/wp\/v2\/product\/4374\/revisions\/4386"}],"wp:featuredmedia":[{"embeddable":true,"href":"https:\/\/akatsukianime.com\/en\/wp-json\/wp\/v2\/media\/4385"}],"wp:attachment":[{"href":"https:\/\/akatsukianime.com\/en\/wp-json\/wp\/v2\/media?parent=4374"}],"wp:term":[{"taxonomy":"product_cat","embeddable":true,"href":"https:\/\/akatsukianime.com\/en\/wp-json\/wp\/v2\/product_cat?post=4374"},{"taxonomy":"product_tag","embeddable":true,"href":"https:\/\/akatsukianime.com\/en\/wp-json\/wp\/v2\/product_tag?post=4374"}],"curies":[{"name":"wp","href":"https:\/\/api.w.org\/{rel}","templated":true}]}}