{"id":4611,"date":"2024-11-15T20:06:30","date_gmt":"2024-11-15T19:06:30","guid":{"rendered":"https:\/\/akatsukianime.com\/?post_type=product&#038;p=4611"},"modified":"2025-09-26T17:45:22","modified_gmt":"2025-09-26T15:45:22","slug":"dragon-ball-z-ichibansho-db-vs-omnibus-amazing-son-goku-son-gohan","status":"publish","type":"product","link":"https:\/\/akatsukianime.com\/en\/product\/dragon-ball-z-ichibansho-db-vs-omnibus-amazing-son-goku-son-gohan\/","title":{"rendered":"DRAGON BALL Z \u2013 Ichibansho DB VS Omnibus Amazing \u2013 Son Goku &amp; Son Gohan"},"content":{"rendered":"<p><strong>Box Contents<\/strong><\/p>\n<ul>\n<li>Goku and Gohan figure<\/li>\n<\/ul>","protected":false},"excerpt":{"rendered":"<p><strong>Product Description<\/strong><br \/>\nBandai Spirits Ichibansho is proud to announce its new release:<strong>Son Goku &amp; Son Gohan (Vs Omnibus Amazing)<\/strong>Standing at approximately 24.9cm tall, this figure features Goku and Gohan in an iconic pose that fans will instantly recognize. Be sure to collect this piece and enhance your display alongside other amazing figures from the Ichibansho series!<\/p>\n<p><strong>Product Features<\/strong><\/p>\n<ul>\n<li>Approximately 24.9cm tall<\/li>\n<li>Made of plastic<\/li>\n<li>Based on the anime series <em>Dragon Ball Z<\/em><\/li>\n<li>Part of the series <strong>Ichibansho<\/strong><\/li>\n<li>Highly detailed<\/li>\n<li>Not articulated<\/li>\n<\/ul>\n<p>Relive the epic moments of <em>Dragon Ball Z<\/em> with this impressive Goku and Gohan figure, ready to take your collection to the next level!<\/p>","protected":false},"featured_media":4616,"template":"","meta":[],"product_cat":[95,99,65,71,61,44],"product_tag":[117,87,158,279,206],"class_list":{"0":"post-4611","1":"product","2":"type-product","3":"status-publish","4":"has-post-thumbnail","6":"product_cat-banpresto","7":"product_cat-ichiban-kuji","8":"product_cat-figuras","9":"product_cat-ichiban","10":"product_cat-novedades","11":"product_cat-dragon-ball","12":"product_tag-dragon-ball-z","13":"product_tag-estatua","14":"product_tag-ichiban-sho","15":"product_tag-son-goh","16":"product_tag-son-goku","18":"first","19":"outofstock","20":"sold-individually","21":"taxable","22":"shipping-taxable","23":"purchasable","24":"product-type-simple"},"yoast_head":"<!-- This site is optimized with the Yoast SEO plugin v24.2 - https:\/\/yoast.com\/wordpress\/plugins\/seo\/ -->\n<title>DRAGON BALL Z - Ichibansho DB VS Omnibus Amazing - Son Goku &amp; Son Gohan - Akatsuki anime store<\/title>\n<meta name=\"robots\" content=\"index, follow, max-snippet:-1, max-image-preview:large, max-video-preview:-1\" \/>\n<link rel=\"canonical\" href=\"https:\/\/akatsukianime.com\/en\/product\/dragon-ball-z-ichibansho-db-vs-omnibus-amazing-son-goku-son-gohan\/\" \/>\n<meta property=\"og:locale\" content=\"en_US\" \/>\n<meta property=\"og:type\" content=\"article\" \/>\n<meta property=\"og:title\" content=\"DRAGON BALL Z - Ichibansho DB VS Omnibus Amazing - Son Goku &amp; Son Gohan - Akatsuki anime store\" \/>\n<meta property=\"og:description\" content=\"Descripci\u00f3n del Producto Bandai Spirits Ichibansho se enorgullece en anunciar su nuevo lanzamiento: \u00a1Son Goku &amp; Son Gohan (Vs Omnibus Amazing)! Con una altura aproximada de 24,9 cm, esta figura muestra a Goku y Gohan en una pose ic\u00f3nica que los fans reconocer\u00e1n al instante. \u00a1Aseg\u00farate de coleccionar esta pieza y mejora tu exhibici\u00f3n junto con otras incre\u00edbles figuras de la serie Ichibansho!  Caracter\u00edsticas del Producto   Aproximadamente 24,9 cm de altura  Fabricada en pl\u00e1stico  Basada en la serie de anime Dragon Ball Z  Parte de la serie Ichibansho  Altamente detallada  No articulada  \u00a1Revive los momentos \u00e9picos de Dragon Ball Z con esta impresionante figura de Goku y Gohan, lista para llevar tu colecci\u00f3n al siguiente nivel!\" \/>\n<meta property=\"og:url\" content=\"https:\/\/akatsukianime.com\/en\/product\/dragon-ball-z-ichibansho-db-vs-omnibus-amazing-son-goku-son-gohan\/\" \/>\n<meta property=\"og:site_name\" content=\"Akatsuki anime store\" \/>\n<meta property=\"article:modified_time\" content=\"2025-09-26T15:45:22+00:00\" \/>\n<meta property=\"og:image\" content=\"https:\/\/akatsukianime.com\/wp-content\/uploads\/2024\/11\/DRAGON-BALL-Z-ICHIBANSHO-DB-VS-OMNIBUS-AMAZING-SON-GOKU-SON-GOHAN.jpg\" \/>\n\t<meta property=\"og:image:width\" content=\"1000\" \/>\n\t<meta property=\"og:image:height\" content=\"1000\" \/>\n\t<meta property=\"og:image:type\" content=\"image\/jpeg\" \/>\n<meta name=\"twitter:card\" content=\"summary_large_image\" \/>\n<meta name=\"twitter:label1\" content=\"Est. reading time\" \/>\n\t<meta name=\"twitter:data1\" content=\"1 minute\" \/>\n<script type=\"application\/ld+json\" class=\"yoast-schema-graph\">{\"@context\":\"https:\/\/schema.org\",\"@graph\":[{\"@type\":[\"WebPage\",\"ItemPage\"],\"@id\":\"https:\/\/akatsukianime.com\/product\/dragon-ball-z-ichibansho-db-vs-omnibus-amazing-son-goku-son-gohan\/\",\"url\":\"https:\/\/akatsukianime.com\/product\/dragon-ball-z-ichibansho-db-vs-omnibus-amazing-son-goku-son-gohan\/\",\"name\":\"DRAGON BALL Z - Ichibansho DB VS Omnibus Amazing - Son Goku &amp; Son Gohan - Akatsuki anime store\",\"isPartOf\":{\"@id\":\"https:\/\/akatsukianime.com\/#website\"},\"primaryImageOfPage\":{\"@id\":\"https:\/\/akatsukianime.com\/product\/dragon-ball-z-ichibansho-db-vs-omnibus-amazing-son-goku-son-gohan\/#primaryimage\"},\"image\":{\"@id\":\"https:\/\/akatsukianime.com\/product\/dragon-ball-z-ichibansho-db-vs-omnibus-amazing-son-goku-son-gohan\/#primaryimage\"},\"thumbnailUrl\":\"https:\/\/akatsukianime.com\/wp-content\/uploads\/2024\/11\/DRAGON-BALL-Z-ICHIBANSHO-DB-VS-OMNIBUS-AMAZING-SON-GOKU-SON-GOHAN.jpg\",\"datePublished\":\"2024-11-15T19:06:30+00:00\",\"dateModified\":\"2025-09-26T15:45:22+00:00\",\"breadcrumb\":{\"@id\":\"https:\/\/akatsukianime.com\/product\/dragon-ball-z-ichibansho-db-vs-omnibus-amazing-son-goku-son-gohan\/#breadcrumb\"},\"inLanguage\":\"en-US\",\"potentialAction\":[{\"@type\":\"ReadAction\",\"target\":[\"https:\/\/akatsukianime.com\/product\/dragon-ball-z-ichibansho-db-vs-omnibus-amazing-son-goku-son-gohan\/\"]}]},{\"@type\":\"ImageObject\",\"inLanguage\":\"en-US\",\"@id\":\"https:\/\/akatsukianime.com\/product\/dragon-ball-z-ichibansho-db-vs-omnibus-amazing-son-goku-son-gohan\/#primaryimage\",\"url\":\"https:\/\/akatsukianime.com\/wp-content\/uploads\/2024\/11\/DRAGON-BALL-Z-ICHIBANSHO-DB-VS-OMNIBUS-AMAZING-SON-GOKU-SON-GOHAN.jpg\",\"contentUrl\":\"https:\/\/akatsukianime.com\/wp-content\/uploads\/2024\/11\/DRAGON-BALL-Z-ICHIBANSHO-DB-VS-OMNIBUS-AMAZING-SON-GOKU-SON-GOHAN.jpg\",\"width\":1000,\"height\":1000},{\"@type\":\"BreadcrumbList\",\"@id\":\"https:\/\/akatsukianime.com\/product\/dragon-ball-z-ichibansho-db-vs-omnibus-amazing-son-goku-son-gohan\/#breadcrumb\",\"itemListElement\":[{\"@type\":\"ListItem\",\"position\":1,\"name\":\"Portada\",\"item\":\"https:\/\/akatsukianime.com\/\"},{\"@type\":\"ListItem\",\"position\":2,\"name\":\"Tienda\",\"item\":\"https:\/\/akatsukianime.com\/tienda\/\"},{\"@type\":\"ListItem\",\"position\":3,\"name\":\"DRAGON BALL Z &#8211; Ichibansho DB VS Omnibus Amazing &#8211; Son Goku &amp; Son Gohan\"}]},{\"@type\":\"WebSite\",\"@id\":\"https:\/\/akatsukianime.com\/#website\",\"url\":\"https:\/\/akatsukianime.com\/\",\"name\":\"Akatsuki anime store\",\"description\":\"\",\"potentialAction\":[{\"@type\":\"SearchAction\",\"target\":{\"@type\":\"EntryPoint\",\"urlTemplate\":\"https:\/\/akatsukianime.com\/?s={search_term_string}\"},\"query-input\":{\"@type\":\"PropertyValueSpecification\",\"valueRequired\":true,\"valueName\":\"search_term_string\"}}],\"inLanguage\":\"en-US\"}]}<\/script>\n<!-- \/ Yoast SEO plugin. -->","yoast_head_json":{"title":"DRAGON BALL Z - Ichibansho DB VS Omnibus Amazing - Son Goku &amp; Son Gohan - Akatsuki anime store","robots":{"index":"index","follow":"follow","max-snippet":"max-snippet:-1","max-image-preview":"max-image-preview:large","max-video-preview":"max-video-preview:-1"},"canonical":"https:\/\/akatsukianime.com\/en\/product\/dragon-ball-z-ichibansho-db-vs-omnibus-amazing-son-goku-son-gohan\/","og_locale":"en_US","og_type":"article","og_title":"DRAGON BALL Z - Ichibansho DB VS Omnibus Amazing - Son Goku &amp; Son Gohan - Akatsuki anime store","og_description":"Descripci\u00f3n del Producto Bandai Spirits Ichibansho se enorgullece en anunciar su nuevo lanzamiento: \u00a1Son Goku &amp; Son Gohan (Vs Omnibus Amazing)! Con una altura aproximada de 24,9 cm, esta figura muestra a Goku y Gohan en una pose ic\u00f3nica que los fans reconocer\u00e1n al instante. \u00a1Aseg\u00farate de coleccionar esta pieza y mejora tu exhibici\u00f3n junto con otras incre\u00edbles figuras de la serie Ichibansho!  Caracter\u00edsticas del Producto   Aproximadamente 24,9 cm de altura  Fabricada en pl\u00e1stico  Basada en la serie de anime Dragon Ball Z  Parte de la serie Ichibansho  Altamente detallada  No articulada  \u00a1Revive los momentos \u00e9picos de Dragon Ball Z con esta impresionante figura de Goku y Gohan, lista para llevar tu colecci\u00f3n al siguiente nivel!","og_url":"https:\/\/akatsukianime.com\/en\/product\/dragon-ball-z-ichibansho-db-vs-omnibus-amazing-son-goku-son-gohan\/","og_site_name":"Akatsuki anime store","article_modified_time":"2025-09-26T15:45:22+00:00","og_image":[{"width":1000,"height":1000,"url":"https:\/\/akatsukianime.com\/wp-content\/uploads\/2024\/11\/DRAGON-BALL-Z-ICHIBANSHO-DB-VS-OMNIBUS-AMAZING-SON-GOKU-SON-GOHAN.jpg","type":"image\/jpeg"}],"twitter_card":"summary_large_image","twitter_misc":{"Est. reading time":"1 minute"},"schema":{"@context":"https:\/\/schema.org","@graph":[{"@type":["WebPage","ItemPage"],"@id":"https:\/\/akatsukianime.com\/product\/dragon-ball-z-ichibansho-db-vs-omnibus-amazing-son-goku-son-gohan\/","url":"https:\/\/akatsukianime.com\/product\/dragon-ball-z-ichibansho-db-vs-omnibus-amazing-son-goku-son-gohan\/","name":"DRAGON BALL Z - Ichibansho DB VS Omnibus Amazing - Son Goku &amp; Son Gohan - Akatsuki anime store","isPartOf":{"@id":"https:\/\/akatsukianime.com\/#website"},"primaryImageOfPage":{"@id":"https:\/\/akatsukianime.com\/product\/dragon-ball-z-ichibansho-db-vs-omnibus-amazing-son-goku-son-gohan\/#primaryimage"},"image":{"@id":"https:\/\/akatsukianime.com\/product\/dragon-ball-z-ichibansho-db-vs-omnibus-amazing-son-goku-son-gohan\/#primaryimage"},"thumbnailUrl":"https:\/\/akatsukianime.com\/wp-content\/uploads\/2024\/11\/DRAGON-BALL-Z-ICHIBANSHO-DB-VS-OMNIBUS-AMAZING-SON-GOKU-SON-GOHAN.jpg","datePublished":"2024-11-15T19:06:30+00:00","dateModified":"2025-09-26T15:45:22+00:00","breadcrumb":{"@id":"https:\/\/akatsukianime.com\/product\/dragon-ball-z-ichibansho-db-vs-omnibus-amazing-son-goku-son-gohan\/#breadcrumb"},"inLanguage":"en-US","potentialAction":[{"@type":"ReadAction","target":["https:\/\/akatsukianime.com\/product\/dragon-ball-z-ichibansho-db-vs-omnibus-amazing-son-goku-son-gohan\/"]}]},{"@type":"ImageObject","inLanguage":"en-US","@id":"https:\/\/akatsukianime.com\/product\/dragon-ball-z-ichibansho-db-vs-omnibus-amazing-son-goku-son-gohan\/#primaryimage","url":"https:\/\/akatsukianime.com\/wp-content\/uploads\/2024\/11\/DRAGON-BALL-Z-ICHIBANSHO-DB-VS-OMNIBUS-AMAZING-SON-GOKU-SON-GOHAN.jpg","contentUrl":"https:\/\/akatsukianime.com\/wp-content\/uploads\/2024\/11\/DRAGON-BALL-Z-ICHIBANSHO-DB-VS-OMNIBUS-AMAZING-SON-GOKU-SON-GOHAN.jpg","width":1000,"height":1000},{"@type":"BreadcrumbList","@id":"https:\/\/akatsukianime.com\/product\/dragon-ball-z-ichibansho-db-vs-omnibus-amazing-son-goku-son-gohan\/#breadcrumb","itemListElement":[{"@type":"ListItem","position":1,"name":"Portada","item":"https:\/\/akatsukianime.com\/"},{"@type":"ListItem","position":2,"name":"Tienda","item":"https:\/\/akatsukianime.com\/tienda\/"},{"@type":"ListItem","position":3,"name":"DRAGON BALL Z &#8211; Ichibansho DB VS Omnibus Amazing &#8211; Son Goku &amp; Son Gohan"}]},{"@type":"WebSite","@id":"https:\/\/akatsukianime.com\/#website","url":"https:\/\/akatsukianime.com\/","name":"Akatsuki anime store","description":"","potentialAction":[{"@type":"SearchAction","target":{"@type":"EntryPoint","urlTemplate":"https:\/\/akatsukianime.com\/?s={search_term_string}"},"query-input":{"@type":"PropertyValueSpecification","valueRequired":true,"valueName":"search_term_string"}}],"inLanguage":"en-US"}]}},"jetpack_sharing_enabled":true,"_links":{"self":[{"href":"https:\/\/akatsukianime.com\/en\/wp-json\/wp\/v2\/product\/4611","targetHints":{"allow":["GET"]}}],"collection":[{"href":"https:\/\/akatsukianime.com\/en\/wp-json\/wp\/v2\/product"}],"about":[{"href":"https:\/\/akatsukianime.com\/en\/wp-json\/wp\/v2\/types\/product"}],"version-history":[{"count":3,"href":"https:\/\/akatsukianime.com\/en\/wp-json\/wp\/v2\/product\/4611\/revisions"}],"predecessor-version":[{"id":5827,"href":"https:\/\/akatsukianime.com\/en\/wp-json\/wp\/v2\/product\/4611\/revisions\/5827"}],"wp:featuredmedia":[{"embeddable":true,"href":"https:\/\/akatsukianime.com\/en\/wp-json\/wp\/v2\/media\/4616"}],"wp:attachment":[{"href":"https:\/\/akatsukianime.com\/en\/wp-json\/wp\/v2\/media?parent=4611"}],"wp:term":[{"taxonomy":"product_cat","embeddable":true,"href":"https:\/\/akatsukianime.com\/en\/wp-json\/wp\/v2\/product_cat?post=4611"},{"taxonomy":"product_tag","embeddable":true,"href":"https:\/\/akatsukianime.com\/en\/wp-json\/wp\/v2\/product_tag?post=4611"}],"curies":[{"name":"wp","href":"https:\/\/api.w.org\/{rel}","templated":true}]}}