{"id":4628,"date":"2024-11-15T20:38:54","date_gmt":"2024-11-15T19:38:54","guid":{"rendered":"https:\/\/akatsukianime.com\/?post_type=product&#038;p=4628"},"modified":"2025-08-12T17:15:05","modified_gmt":"2025-08-12T15:15:05","slug":"vocaloid-fashion-hatsune-miku-lolita-ver-figure","status":"publish","type":"product","link":"https:\/\/akatsukianime.com\/en\/product\/vocaloid-fashion-hatsune-miku-lolita-ver-figure\/","title":{"rendered":"Vocaloid Fashion Hatsune Miku (Lolita Ver.) Figure"},"content":{"rendered":"<p><strong>Box Contents<\/strong><\/p>\n<ul>\n<li>Hatsune Miku figure<\/li>\n<\/ul>","protected":false},"excerpt":{"rendered":"<p><strong>Product Description<\/strong><br \/>\nThe series of figures <em>Hatsune Miku Fashion<\/em> Taito\u2019s figure presents the popular synthesizer Vocaloid, Hatsune Miku, in a variety of themed outfits that stay true to the character\u2019s iconic design. Featuring translucent pieces and fine detailing, this figure features Miku in an elegant \u201cLolita\u201d-style outfit.<\/p>\n<p><strong>Product Features<\/strong><\/p>\n<ul>\n<li>18 cm high<\/li>\n<li>Made of plastic<\/li>\n<li>Based on the program <em>Vocaloid<\/em><\/li>\n<li>Part of the series <em>Hatsune Miku Fashion<\/em><\/li>\n<li>Not articulated<\/li>\n<\/ul>\n<p>Hatsune Miku in her lovely Lolita outfit is ready to steal the show and become the centerpiece of your collection!<\/p>","protected":false},"featured_media":4637,"template":"","meta":[],"product_cat":[97,65,61,49],"product_tag":[87,233],"class_list":{"0":"post-4628","1":"product","2":"type-product","3":"status-publish","4":"has-post-thumbnail","6":"product_cat-furyu","7":"product_cat-figuras","8":"product_cat-novedades","9":"product_cat-hatsune-miku","10":"product_tag-estatua","11":"product_tag-hatsune-miku","13":"first","14":"outofstock","15":"sold-individually","16":"taxable","17":"shipping-taxable","18":"purchasable","19":"product-type-simple"},"yoast_head":"<!-- This site is optimized with the Yoast SEO plugin v24.2 - https:\/\/yoast.com\/wordpress\/plugins\/seo\/ -->\n<title>Vocaloid Fashion Hatsune Miku (Lolita Ver.) Figure- Akatsuki anime store<\/title>\n<meta name=\"robots\" content=\"index, follow, max-snippet:-1, max-image-preview:large, max-video-preview:-1\" \/>\n<link rel=\"canonical\" href=\"https:\/\/akatsukianime.com\/en\/product\/vocaloid-fashion-hatsune-miku-lolita-ver-figure\/\" \/>\n<meta property=\"og:locale\" content=\"en_US\" \/>\n<meta property=\"og:type\" content=\"article\" \/>\n<meta property=\"og:title\" content=\"Vocaloid Fashion Hatsune Miku (Lolita Ver.) Figure- Akatsuki anime store\" \/>\n<meta property=\"og:description\" content=\"Descripci\u00f3n del Producto La serie de figuras Hatsune Miku Fashion de Taito presenta a la popular sintetizadora Vocaloid, Hatsune Miku, en una variedad de atuendos tem\u00e1ticos que mantienen fiel el dise\u00f1o ic\u00f3nico del personaje. Con piezas transl\u00facidas y detalles finos, esta figura muestra a Miku en un elegante atuendo estilo &quot;Lolita&quot;.  Caracter\u00edsticas del Producto   18 cm de altura  Fabricada en pl\u00e1stico  Basada en el programa Vocaloid  Parte de la serie Hatsune Miku Fashion  No articulada  \u00a1Hatsune Miku en su encantador atuendo Lolita est\u00e1 lista para robarse el show y convertirse en la pieza central de tu colecci\u00f3n!\" \/>\n<meta property=\"og:url\" content=\"https:\/\/akatsukianime.com\/en\/product\/vocaloid-fashion-hatsune-miku-lolita-ver-figure\/\" \/>\n<meta property=\"og:site_name\" content=\"Akatsuki anime store\" \/>\n<meta property=\"article:modified_time\" content=\"2025-08-12T15:15:05+00:00\" \/>\n<meta property=\"og:image\" content=\"https:\/\/akatsukianime.com\/wp-content\/uploads\/2024\/11\/Vocaloid-Fashion-Hatsune-Miku-Lolita-Ver.-Figure.jpg\" \/>\n\t<meta property=\"og:image:width\" content=\"1000\" \/>\n\t<meta property=\"og:image:height\" content=\"1000\" \/>\n\t<meta property=\"og:image:type\" content=\"image\/jpeg\" \/>\n<meta name=\"twitter:card\" content=\"summary_large_image\" \/>\n<script type=\"application\/ld+json\" class=\"yoast-schema-graph\">{\"@context\":\"https:\/\/schema.org\",\"@graph\":[{\"@type\":[\"WebPage\",\"ItemPage\"],\"@id\":\"https:\/\/akatsukianime.com\/product\/vocaloid-fashion-hatsune-miku-lolita-ver-figure\/\",\"url\":\"https:\/\/akatsukianime.com\/product\/vocaloid-fashion-hatsune-miku-lolita-ver-figure\/\",\"name\":\"Vocaloid Fashion Hatsune Miku (Lolita Ver.) Figure- Akatsuki anime store\",\"isPartOf\":{\"@id\":\"https:\/\/akatsukianime.com\/#website\"},\"primaryImageOfPage\":{\"@id\":\"https:\/\/akatsukianime.com\/product\/vocaloid-fashion-hatsune-miku-lolita-ver-figure\/#primaryimage\"},\"image\":{\"@id\":\"https:\/\/akatsukianime.com\/product\/vocaloid-fashion-hatsune-miku-lolita-ver-figure\/#primaryimage\"},\"thumbnailUrl\":\"https:\/\/akatsukianime.com\/wp-content\/uploads\/2024\/11\/Vocaloid-Fashion-Hatsune-Miku-Lolita-Ver.-Figure.jpg\",\"datePublished\":\"2024-11-15T19:38:54+00:00\",\"dateModified\":\"2025-08-12T15:15:05+00:00\",\"breadcrumb\":{\"@id\":\"https:\/\/akatsukianime.com\/product\/vocaloid-fashion-hatsune-miku-lolita-ver-figure\/#breadcrumb\"},\"inLanguage\":\"en-US\",\"potentialAction\":[{\"@type\":\"ReadAction\",\"target\":[\"https:\/\/akatsukianime.com\/product\/vocaloid-fashion-hatsune-miku-lolita-ver-figure\/\"]}]},{\"@type\":\"ImageObject\",\"inLanguage\":\"en-US\",\"@id\":\"https:\/\/akatsukianime.com\/product\/vocaloid-fashion-hatsune-miku-lolita-ver-figure\/#primaryimage\",\"url\":\"https:\/\/akatsukianime.com\/wp-content\/uploads\/2024\/11\/Vocaloid-Fashion-Hatsune-Miku-Lolita-Ver.-Figure.jpg\",\"contentUrl\":\"https:\/\/akatsukianime.com\/wp-content\/uploads\/2024\/11\/Vocaloid-Fashion-Hatsune-Miku-Lolita-Ver.-Figure.jpg\",\"width\":1000,\"height\":1000},{\"@type\":\"BreadcrumbList\",\"@id\":\"https:\/\/akatsukianime.com\/product\/vocaloid-fashion-hatsune-miku-lolita-ver-figure\/#breadcrumb\",\"itemListElement\":[{\"@type\":\"ListItem\",\"position\":1,\"name\":\"Portada\",\"item\":\"https:\/\/akatsukianime.com\/\"},{\"@type\":\"ListItem\",\"position\":2,\"name\":\"Tienda\",\"item\":\"https:\/\/akatsukianime.com\/tienda\/\"},{\"@type\":\"ListItem\",\"position\":3,\"name\":\"Vocaloid Fashion Hatsune Miku (Lolita Ver.) Figure\"}]},{\"@type\":\"WebSite\",\"@id\":\"https:\/\/akatsukianime.com\/#website\",\"url\":\"https:\/\/akatsukianime.com\/\",\"name\":\"Akatsuki anime store\",\"description\":\"\",\"potentialAction\":[{\"@type\":\"SearchAction\",\"target\":{\"@type\":\"EntryPoint\",\"urlTemplate\":\"https:\/\/akatsukianime.com\/?s={search_term_string}\"},\"query-input\":{\"@type\":\"PropertyValueSpecification\",\"valueRequired\":true,\"valueName\":\"search_term_string\"}}],\"inLanguage\":\"en-US\"}]}<\/script>\n<!-- \/ Yoast SEO plugin. -->","yoast_head_json":{"title":"Vocaloid Fashion Hatsune Miku (Lolita Ver.) Figure- Akatsuki anime store","robots":{"index":"index","follow":"follow","max-snippet":"max-snippet:-1","max-image-preview":"max-image-preview:large","max-video-preview":"max-video-preview:-1"},"canonical":"https:\/\/akatsukianime.com\/en\/product\/vocaloid-fashion-hatsune-miku-lolita-ver-figure\/","og_locale":"en_US","og_type":"article","og_title":"Vocaloid Fashion Hatsune Miku (Lolita Ver.) Figure- Akatsuki anime store","og_description":"Descripci\u00f3n del Producto La serie de figuras Hatsune Miku Fashion de Taito presenta a la popular sintetizadora Vocaloid, Hatsune Miku, en una variedad de atuendos tem\u00e1ticos que mantienen fiel el dise\u00f1o ic\u00f3nico del personaje. Con piezas transl\u00facidas y detalles finos, esta figura muestra a Miku en un elegante atuendo estilo \"Lolita\".  Caracter\u00edsticas del Producto   18 cm de altura  Fabricada en pl\u00e1stico  Basada en el programa Vocaloid  Parte de la serie Hatsune Miku Fashion  No articulada  \u00a1Hatsune Miku en su encantador atuendo Lolita est\u00e1 lista para robarse el show y convertirse en la pieza central de tu colecci\u00f3n!","og_url":"https:\/\/akatsukianime.com\/en\/product\/vocaloid-fashion-hatsune-miku-lolita-ver-figure\/","og_site_name":"Akatsuki anime store","article_modified_time":"2025-08-12T15:15:05+00:00","og_image":[{"width":1000,"height":1000,"url":"https:\/\/akatsukianime.com\/wp-content\/uploads\/2024\/11\/Vocaloid-Fashion-Hatsune-Miku-Lolita-Ver.-Figure.jpg","type":"image\/jpeg"}],"twitter_card":"summary_large_image","schema":{"@context":"https:\/\/schema.org","@graph":[{"@type":["WebPage","ItemPage"],"@id":"https:\/\/akatsukianime.com\/product\/vocaloid-fashion-hatsune-miku-lolita-ver-figure\/","url":"https:\/\/akatsukianime.com\/product\/vocaloid-fashion-hatsune-miku-lolita-ver-figure\/","name":"Vocaloid Fashion Hatsune Miku (Lolita Ver.) Figure- Akatsuki anime store","isPartOf":{"@id":"https:\/\/akatsukianime.com\/#website"},"primaryImageOfPage":{"@id":"https:\/\/akatsukianime.com\/product\/vocaloid-fashion-hatsune-miku-lolita-ver-figure\/#primaryimage"},"image":{"@id":"https:\/\/akatsukianime.com\/product\/vocaloid-fashion-hatsune-miku-lolita-ver-figure\/#primaryimage"},"thumbnailUrl":"https:\/\/akatsukianime.com\/wp-content\/uploads\/2024\/11\/Vocaloid-Fashion-Hatsune-Miku-Lolita-Ver.-Figure.jpg","datePublished":"2024-11-15T19:38:54+00:00","dateModified":"2025-08-12T15:15:05+00:00","breadcrumb":{"@id":"https:\/\/akatsukianime.com\/product\/vocaloid-fashion-hatsune-miku-lolita-ver-figure\/#breadcrumb"},"inLanguage":"en-US","potentialAction":[{"@type":"ReadAction","target":["https:\/\/akatsukianime.com\/product\/vocaloid-fashion-hatsune-miku-lolita-ver-figure\/"]}]},{"@type":"ImageObject","inLanguage":"en-US","@id":"https:\/\/akatsukianime.com\/product\/vocaloid-fashion-hatsune-miku-lolita-ver-figure\/#primaryimage","url":"https:\/\/akatsukianime.com\/wp-content\/uploads\/2024\/11\/Vocaloid-Fashion-Hatsune-Miku-Lolita-Ver.-Figure.jpg","contentUrl":"https:\/\/akatsukianime.com\/wp-content\/uploads\/2024\/11\/Vocaloid-Fashion-Hatsune-Miku-Lolita-Ver.-Figure.jpg","width":1000,"height":1000},{"@type":"BreadcrumbList","@id":"https:\/\/akatsukianime.com\/product\/vocaloid-fashion-hatsune-miku-lolita-ver-figure\/#breadcrumb","itemListElement":[{"@type":"ListItem","position":1,"name":"Portada","item":"https:\/\/akatsukianime.com\/"},{"@type":"ListItem","position":2,"name":"Tienda","item":"https:\/\/akatsukianime.com\/tienda\/"},{"@type":"ListItem","position":3,"name":"Vocaloid Fashion Hatsune Miku (Lolita Ver.) Figure"}]},{"@type":"WebSite","@id":"https:\/\/akatsukianime.com\/#website","url":"https:\/\/akatsukianime.com\/","name":"Akatsuki anime store","description":"","potentialAction":[{"@type":"SearchAction","target":{"@type":"EntryPoint","urlTemplate":"https:\/\/akatsukianime.com\/?s={search_term_string}"},"query-input":{"@type":"PropertyValueSpecification","valueRequired":true,"valueName":"search_term_string"}}],"inLanguage":"en-US"}]}},"jetpack_sharing_enabled":true,"_links":{"self":[{"href":"https:\/\/akatsukianime.com\/en\/wp-json\/wp\/v2\/product\/4628","targetHints":{"allow":["GET"]}}],"collection":[{"href":"https:\/\/akatsukianime.com\/en\/wp-json\/wp\/v2\/product"}],"about":[{"href":"https:\/\/akatsukianime.com\/en\/wp-json\/wp\/v2\/types\/product"}],"version-history":[{"count":2,"href":"https:\/\/akatsukianime.com\/en\/wp-json\/wp\/v2\/product\/4628\/revisions"}],"predecessor-version":[{"id":4639,"href":"https:\/\/akatsukianime.com\/en\/wp-json\/wp\/v2\/product\/4628\/revisions\/4639"}],"wp:featuredmedia":[{"embeddable":true,"href":"https:\/\/akatsukianime.com\/en\/wp-json\/wp\/v2\/media\/4637"}],"wp:attachment":[{"href":"https:\/\/akatsukianime.com\/en\/wp-json\/wp\/v2\/media?parent=4628"}],"wp:term":[{"taxonomy":"product_cat","embeddable":true,"href":"https:\/\/akatsukianime.com\/en\/wp-json\/wp\/v2\/product_cat?post=4628"},{"taxonomy":"product_tag","embeddable":true,"href":"https:\/\/akatsukianime.com\/en\/wp-json\/wp\/v2\/product_tag?post=4628"}],"curies":[{"name":"wp","href":"https:\/\/api.w.org\/{rel}","templated":true}]}}