{"id":4956,"date":"2024-12-14T20:53:07","date_gmt":"2024-12-14T19:53:07","guid":{"rendered":"https:\/\/akatsukianime.com\/?post_type=product&#038;p=4956"},"modified":"2026-02-13T18:39:55","modified_gmt":"2026-02-13T17:39:55","slug":"the-legend-of-zelda-proplica-master-sword","status":"publish","type":"product","link":"https:\/\/akatsukianime.com\/en\/product\/the-legend-of-zelda-proplica-master-sword\/","title":{"rendered":"The Legend of Zelda Proplica Master Sword"},"content":{"rendered":"<p><strong>Product Description<\/strong><br \/>\nThe legendary <em>Master Sword<\/em> of <em>The Legend of Zelda<\/em> arrives to the prestigious series <strong>PROPLICA<\/strong>With a total length of approximately 105 cm, this replica captivates with iconic sound effects from the saga, memorable melodies and an integrated vibration system that enhances the experience.<\/p>\n<p><strong>PROPLICA<\/strong><br \/>\nThe series <strong>PROPLICA<\/strong> offers premium replicas that stand out for their realism and quality, ideal for the most demanding adult collectors. Specialized in recreating iconic equipment, costumes and characters from the most beloved series, PROPLICA has become a reference for fans looking for authentic and detailed pieces.<\/p>\n<h3><strong>Product Features<\/strong><\/h3>\n<ul>\n<li><strong>Approximate length:<\/strong> 105 cm (41.33 inches)<\/li>\n<li><strong>Material:<\/strong> ABS<\/li>\n<li><strong>Origin:<\/strong> Based on <em>The Legend of Zelda<\/em><\/li>\n<li><strong>Series:<\/strong> Proplica<\/li>\n<li><strong>Special details:<\/strong> Features iconic music and sound effects from the franchise<\/li>\n<li><strong>Requires:<\/strong> 2 AA batteries (not included)<\/li>\n<\/ul>\n<h3><strong>Box Contents<\/strong><\/h3>\n<ul>\n<li>Replica of the Master Sword<\/li>\n<li>Sheath for the sword<\/li>\n<li>Display stand set<\/li>\n<\/ul>","protected":false},"excerpt":{"rendered":"<p>Descripci\u00f3n del Producto La legendaria Espada Maestra de The Legend of Zelda llega a la prestigiosa serie PROPLICA. Con una<\/p>","protected":false},"featured_media":4964,"template":"","meta":[],"product_cat":[91,61,60],"product_tag":[298,296,85,297],"class_list":{"0":"post-4956","1":"product","2":"type-product","3":"status-publish","4":"has-post-thumbnail","6":"product_cat-tamashii-nations","7":"product_cat-novedades","8":"product_cat-otros","9":"product_tag-master-sword","10":"product_tag-proplica","11":"product_tag-tamashii-nations","12":"product_tag-zelda","14":"first","15":"outofstock","16":"sold-individually","17":"taxable","18":"shipping-taxable","19":"purchasable","20":"product-type-simple"},"yoast_head":"<!-- This site is optimized with the Yoast SEO plugin v24.2 - https:\/\/yoast.com\/wordpress\/plugins\/seo\/ -->\n<title>The Legend of Zelda Proplica Master Sword - Akatsuki anime store<\/title>\n<meta name=\"description\" content=\"\u00a1Revive la magia de The Legend of Zelda con la r\u00e9plica premium oficial de la Espada Maestra PROPLICA. Consigue hoy la espada m\u00e1s ic\u00f3nica de historia de Videojuego!\" \/>\n<meta name=\"robots\" content=\"index, follow, max-snippet:-1, max-image-preview:large, max-video-preview:-1\" \/>\n<link rel=\"canonical\" href=\"https:\/\/akatsukianime.com\/en\/product\/the-legend-of-zelda-proplica-master-sword\/\" \/>\n<meta property=\"og:locale\" content=\"en_US\" \/>\n<meta property=\"og:type\" content=\"article\" \/>\n<meta property=\"og:title\" content=\"The Legend of Zelda Proplica Master Sword - Akatsuki anime store\" \/>\n<meta property=\"og:description\" content=\"\u00a1Revive la magia de The Legend of Zelda con la r\u00e9plica premium oficial de la Espada Maestra PROPLICA. Consigue hoy la espada m\u00e1s ic\u00f3nica de historia de Videojuego!\" \/>\n<meta property=\"og:url\" content=\"https:\/\/akatsukianime.com\/en\/product\/the-legend-of-zelda-proplica-master-sword\/\" \/>\n<meta property=\"og:site_name\" content=\"Akatsuki anime store\" \/>\n<meta property=\"article:modified_time\" content=\"2026-02-13T17:39:55+00:00\" \/>\n<meta property=\"og:image\" content=\"https:\/\/akatsukianime.com\/wp-content\/uploads\/2024\/12\/The-Legend-of-Zelda-Proplica-Master-Sword.jpg\" \/>\n\t<meta property=\"og:image:width\" content=\"1000\" \/>\n\t<meta property=\"og:image:height\" content=\"1000\" \/>\n\t<meta property=\"og:image:type\" content=\"image\/jpeg\" \/>\n<meta name=\"twitter:card\" content=\"summary_large_image\" \/>\n<meta name=\"twitter:label1\" content=\"Est. reading time\" \/>\n\t<meta name=\"twitter:data1\" content=\"1 minute\" \/>\n<script type=\"application\/ld+json\" class=\"yoast-schema-graph\">{\"@context\":\"https:\/\/schema.org\",\"@graph\":[{\"@type\":[\"WebPage\",\"ItemPage\"],\"@id\":\"https:\/\/akatsukianime.com\/product\/the-legend-of-zelda-proplica-master-sword\/\",\"url\":\"https:\/\/akatsukianime.com\/product\/the-legend-of-zelda-proplica-master-sword\/\",\"name\":\"The Legend of Zelda Proplica Master Sword - Akatsuki anime store\",\"isPartOf\":{\"@id\":\"https:\/\/akatsukianime.com\/#website\"},\"primaryImageOfPage\":{\"@id\":\"https:\/\/akatsukianime.com\/product\/the-legend-of-zelda-proplica-master-sword\/#primaryimage\"},\"image\":{\"@id\":\"https:\/\/akatsukianime.com\/product\/the-legend-of-zelda-proplica-master-sword\/#primaryimage\"},\"thumbnailUrl\":\"https:\/\/akatsukianime.com\/wp-content\/uploads\/2024\/12\/The-Legend-of-Zelda-Proplica-Master-Sword.jpg\",\"datePublished\":\"2024-12-14T19:53:07+00:00\",\"dateModified\":\"2026-02-13T17:39:55+00:00\",\"description\":\"\u00a1Revive la magia de The Legend of Zelda con la r\u00e9plica premium oficial de la Espada Maestra PROPLICA. Consigue hoy la espada m\u00e1s ic\u00f3nica de historia de Videojuego!\",\"breadcrumb\":{\"@id\":\"https:\/\/akatsukianime.com\/product\/the-legend-of-zelda-proplica-master-sword\/#breadcrumb\"},\"inLanguage\":\"en-US\",\"potentialAction\":[{\"@type\":\"ReadAction\",\"target\":[\"https:\/\/akatsukianime.com\/product\/the-legend-of-zelda-proplica-master-sword\/\"]}]},{\"@type\":\"ImageObject\",\"inLanguage\":\"en-US\",\"@id\":\"https:\/\/akatsukianime.com\/product\/the-legend-of-zelda-proplica-master-sword\/#primaryimage\",\"url\":\"https:\/\/akatsukianime.com\/wp-content\/uploads\/2024\/12\/The-Legend-of-Zelda-Proplica-Master-Sword.jpg\",\"contentUrl\":\"https:\/\/akatsukianime.com\/wp-content\/uploads\/2024\/12\/The-Legend-of-Zelda-Proplica-Master-Sword.jpg\",\"width\":1000,\"height\":1000},{\"@type\":\"BreadcrumbList\",\"@id\":\"https:\/\/akatsukianime.com\/product\/the-legend-of-zelda-proplica-master-sword\/#breadcrumb\",\"itemListElement\":[{\"@type\":\"ListItem\",\"position\":1,\"name\":\"Portada\",\"item\":\"https:\/\/akatsukianime.com\/\"},{\"@type\":\"ListItem\",\"position\":2,\"name\":\"Tienda\",\"item\":\"https:\/\/akatsukianime.com\/tienda\/\"},{\"@type\":\"ListItem\",\"position\":3,\"name\":\"The Legend of Zelda Proplica Master Sword\"}]},{\"@type\":\"WebSite\",\"@id\":\"https:\/\/akatsukianime.com\/#website\",\"url\":\"https:\/\/akatsukianime.com\/\",\"name\":\"Akatsuki anime store\",\"description\":\"\",\"potentialAction\":[{\"@type\":\"SearchAction\",\"target\":{\"@type\":\"EntryPoint\",\"urlTemplate\":\"https:\/\/akatsukianime.com\/?s={search_term_string}\"},\"query-input\":{\"@type\":\"PropertyValueSpecification\",\"valueRequired\":true,\"valueName\":\"search_term_string\"}}],\"inLanguage\":\"en-US\"}]}<\/script>\n<!-- \/ Yoast SEO plugin. -->","yoast_head_json":{"title":"The Legend of Zelda Proplica Master Sword - Akatsuki anime store","description":"\u00a1Revive la magia de The Legend of Zelda con la r\u00e9plica premium oficial de la Espada Maestra PROPLICA. Consigue hoy la espada m\u00e1s ic\u00f3nica de historia de Videojuego!","robots":{"index":"index","follow":"follow","max-snippet":"max-snippet:-1","max-image-preview":"max-image-preview:large","max-video-preview":"max-video-preview:-1"},"canonical":"https:\/\/akatsukianime.com\/en\/product\/the-legend-of-zelda-proplica-master-sword\/","og_locale":"en_US","og_type":"article","og_title":"The Legend of Zelda Proplica Master Sword - Akatsuki anime store","og_description":"\u00a1Revive la magia de The Legend of Zelda con la r\u00e9plica premium oficial de la Espada Maestra PROPLICA. Consigue hoy la espada m\u00e1s ic\u00f3nica de historia de Videojuego!","og_url":"https:\/\/akatsukianime.com\/en\/product\/the-legend-of-zelda-proplica-master-sword\/","og_site_name":"Akatsuki anime store","article_modified_time":"2026-02-13T17:39:55+00:00","og_image":[{"width":1000,"height":1000,"url":"https:\/\/akatsukianime.com\/wp-content\/uploads\/2024\/12\/The-Legend-of-Zelda-Proplica-Master-Sword.jpg","type":"image\/jpeg"}],"twitter_card":"summary_large_image","twitter_misc":{"Est. reading time":"1 minute"},"schema":{"@context":"https:\/\/schema.org","@graph":[{"@type":["WebPage","ItemPage"],"@id":"https:\/\/akatsukianime.com\/product\/the-legend-of-zelda-proplica-master-sword\/","url":"https:\/\/akatsukianime.com\/product\/the-legend-of-zelda-proplica-master-sword\/","name":"The Legend of Zelda Proplica Master Sword - Akatsuki anime store","isPartOf":{"@id":"https:\/\/akatsukianime.com\/#website"},"primaryImageOfPage":{"@id":"https:\/\/akatsukianime.com\/product\/the-legend-of-zelda-proplica-master-sword\/#primaryimage"},"image":{"@id":"https:\/\/akatsukianime.com\/product\/the-legend-of-zelda-proplica-master-sword\/#primaryimage"},"thumbnailUrl":"https:\/\/akatsukianime.com\/wp-content\/uploads\/2024\/12\/The-Legend-of-Zelda-Proplica-Master-Sword.jpg","datePublished":"2024-12-14T19:53:07+00:00","dateModified":"2026-02-13T17:39:55+00:00","description":"\u00a1Revive la magia de The Legend of Zelda con la r\u00e9plica premium oficial de la Espada Maestra PROPLICA. Consigue hoy la espada m\u00e1s ic\u00f3nica de historia de Videojuego!","breadcrumb":{"@id":"https:\/\/akatsukianime.com\/product\/the-legend-of-zelda-proplica-master-sword\/#breadcrumb"},"inLanguage":"en-US","potentialAction":[{"@type":"ReadAction","target":["https:\/\/akatsukianime.com\/product\/the-legend-of-zelda-proplica-master-sword\/"]}]},{"@type":"ImageObject","inLanguage":"en-US","@id":"https:\/\/akatsukianime.com\/product\/the-legend-of-zelda-proplica-master-sword\/#primaryimage","url":"https:\/\/akatsukianime.com\/wp-content\/uploads\/2024\/12\/The-Legend-of-Zelda-Proplica-Master-Sword.jpg","contentUrl":"https:\/\/akatsukianime.com\/wp-content\/uploads\/2024\/12\/The-Legend-of-Zelda-Proplica-Master-Sword.jpg","width":1000,"height":1000},{"@type":"BreadcrumbList","@id":"https:\/\/akatsukianime.com\/product\/the-legend-of-zelda-proplica-master-sword\/#breadcrumb","itemListElement":[{"@type":"ListItem","position":1,"name":"Portada","item":"https:\/\/akatsukianime.com\/"},{"@type":"ListItem","position":2,"name":"Tienda","item":"https:\/\/akatsukianime.com\/tienda\/"},{"@type":"ListItem","position":3,"name":"The Legend of Zelda Proplica Master Sword"}]},{"@type":"WebSite","@id":"https:\/\/akatsukianime.com\/#website","url":"https:\/\/akatsukianime.com\/","name":"Akatsuki anime store","description":"","potentialAction":[{"@type":"SearchAction","target":{"@type":"EntryPoint","urlTemplate":"https:\/\/akatsukianime.com\/?s={search_term_string}"},"query-input":{"@type":"PropertyValueSpecification","valueRequired":true,"valueName":"search_term_string"}}],"inLanguage":"en-US"}]}},"jetpack_sharing_enabled":true,"_links":{"self":[{"href":"https:\/\/akatsukianime.com\/en\/wp-json\/wp\/v2\/product\/4956","targetHints":{"allow":["GET"]}}],"collection":[{"href":"https:\/\/akatsukianime.com\/en\/wp-json\/wp\/v2\/product"}],"about":[{"href":"https:\/\/akatsukianime.com\/en\/wp-json\/wp\/v2\/types\/product"}],"version-history":[{"count":1,"href":"https:\/\/akatsukianime.com\/en\/wp-json\/wp\/v2\/product\/4956\/revisions"}],"predecessor-version":[{"id":4965,"href":"https:\/\/akatsukianime.com\/en\/wp-json\/wp\/v2\/product\/4956\/revisions\/4965"}],"wp:featuredmedia":[{"embeddable":true,"href":"https:\/\/akatsukianime.com\/en\/wp-json\/wp\/v2\/media\/4964"}],"wp:attachment":[{"href":"https:\/\/akatsukianime.com\/en\/wp-json\/wp\/v2\/media?parent=4956"}],"wp:term":[{"taxonomy":"product_cat","embeddable":true,"href":"https:\/\/akatsukianime.com\/en\/wp-json\/wp\/v2\/product_cat?post=4956"},{"taxonomy":"product_tag","embeddable":true,"href":"https:\/\/akatsukianime.com\/en\/wp-json\/wp\/v2\/product_tag?post=4956"}],"curies":[{"name":"wp","href":"https:\/\/api.w.org\/{rel}","templated":true}]}}