{"id":4996,"date":"2024-12-18T18:39:57","date_gmt":"2024-12-18T17:39:57","guid":{"rendered":"https:\/\/akatsukianime.com\/?post_type=product&#038;p=4996"},"modified":"2025-01-12T12:49:52","modified_gmt":"2025-01-12T11:49:52","slug":"figura-dragon-ball-masterlise-ichibansho-goku-korin-the-lookout-above-the-clouds","status":"publish","type":"product","link":"https:\/\/akatsukianime.com\/en\/product\/figura-dragon-ball-masterlise-ichibansho-goku-korin-the-lookout-above-the-clouds\/","title":{"rendered":"Dragon Ball Masterlise Ichibansho Goku &amp; Korin Figure (The Lookout Above the Clouds)"},"content":{"rendered":"<div class=\"flex-shrink-0 flex flex-col relative items-end\">\n<div>\n<div class=\"pt-0\">\n<div class=\"gizmo-bot-avatar flex h-8 w-8 items-center justify-center overflow-hidden rounded-full\">\n<div class=\"relative p-1 rounded-sm flex items-center justify-center bg-token-main-surface-primary text-token-text-primary h-8 w-8\"><\/div>\n<\/div>\n<\/div>\n<\/div>\n<\/div>\n<div class=\"group\/conversation-turn relative flex w-full min-w-0 flex-col agent-turn\">\n<div class=\"flex-col gap-1 md:gap-3\">\n<div class=\"flex max-w-full flex-col flex-grow\">\n<div class=\"min-h-8 text-message flex w-full flex-col items-end gap-2 whitespace-normal break-words text-start [.text-message+&amp;]:mt-5\" dir=\"auto\" data-message-author-role=\"assistant\" data-message-id=\"b0477f09-5245-4136-8eb9-d794888e1473\" data-message-model-slug=\"gpt-4o\">\n<div class=\"flex w-full flex-col gap-1 empty:hidden first:pt-[3px]\">\n<div class=\"markdown prose w-full break-words dark:prose-invert light\">\n<h3>Epic Translation of the Text:<\/h3>\n<p><strong>Product Description<\/strong><br \/>\nBandai Spirits Ichibansho is proud to present its new collectible figure: <em>Son Goku &amp; Korin (The Watcher Above the Clouds)<\/em>Standing approximately 5.9 inches tall (Goku) and 3.5 inches tall (Korin), these iconic characters are displayed in popular poses. Don&#039;t miss the chance to add this unique piece to your collection and enrich your display with other amazing Ichibansho figures!<\/p>\n<p>The figures <em>Masterlise<\/em> They represent Ichibansho&#039;s premium line of statues, standing out for their larger size and extraordinary quality of detail. A true work of art that every fan must have!<\/p>\n<p><strong>Product Features<\/strong><\/p>\n<ul>\n<li>Goku: Approximate height 15 cm<\/li>\n<li>Korin: Approximate height 8.9 cm<\/li>\n<li>Made of plastic<\/li>\n<li>Inspired by the iconic anime series <em>Dragon Ball<\/em><\/li>\n<li>Part of the Ichibansho series<\/li>\n<li>Highly detailed<\/li>\n<li>Non-articulated figures<\/li>\n<\/ul>\n<p><strong>Box Contents<\/strong><\/p>\n<ul>\n<li>Goku figure<\/li>\n<li>Figure of Korin<\/li>\n<\/ul>\n<\/div>\n<\/div>\n<\/div>\n<\/div>\n<\/div>\n<\/div>","protected":false},"excerpt":{"rendered":"<p>Epic Text Translation: Product Description Bandai Spirits Ichibansho is proud to present its newest collectible figure: Son<\/p>","protected":false},"featured_media":5008,"template":"","meta":[],"product_cat":[95,65,71,61,44],"product_tag":[157,126,158,160],"class_list":{"0":"post-4996","1":"product","2":"type-product","3":"status-publish","4":"has-post-thumbnail","6":"product_cat-banpresto","7":"product_cat-figuras","8":"product_cat-ichiban","9":"product_cat-novedades","10":"product_cat-dragon-ball","11":"product_tag-banpresto","12":"product_tag-dragon-ball","13":"product_tag-ichiban-sho","14":"product_tag-masterlise","16":"first","17":"instock","18":"sold-individually","19":"taxable","20":"shipping-taxable","21":"purchasable","22":"product-type-simple"},"yoast_head":"<!-- This site is optimized with the Yoast SEO plugin v24.2 - https:\/\/yoast.com\/wordpress\/plugins\/seo\/ -->\n<title>Figura Dragon Ball Masterlise Ichibansho Goku &amp; Korin (The Lookout Above the Clouds) - Akatsuki anime store<\/title>\n<meta name=\"description\" content=\"Descubre la incre\u00edble figura Son Goku &amp; Korin de la colecci\u00f3n Ichibansho. Con detalles impresionantes y parte de la l\u00ednea premium Masterlise.\" \/>\n<meta name=\"robots\" content=\"index, follow, max-snippet:-1, max-image-preview:large, max-video-preview:-1\" \/>\n<link rel=\"canonical\" href=\"https:\/\/akatsukianime.com\/en\/product\/figura-dragon-ball-masterlise-ichibansho-goku-korin-the-lookout-above-the-clouds\/\" \/>\n<meta property=\"og:locale\" content=\"en_US\" \/>\n<meta property=\"og:type\" content=\"article\" \/>\n<meta property=\"og:title\" content=\"Figura Dragon Ball Masterlise Ichibansho Goku &amp; Korin (The Lookout Above the Clouds) - Akatsuki anime store\" \/>\n<meta property=\"og:description\" content=\"Descubre la incre\u00edble figura Son Goku &amp; Korin de la colecci\u00f3n Ichibansho. Con detalles impresionantes y parte de la l\u00ednea premium Masterlise.\" \/>\n<meta property=\"og:url\" content=\"https:\/\/akatsukianime.com\/en\/product\/figura-dragon-ball-masterlise-ichibansho-goku-korin-the-lookout-above-the-clouds\/\" \/>\n<meta property=\"og:site_name\" content=\"Akatsuki anime store\" \/>\n<meta property=\"article:modified_time\" content=\"2025-01-12T11:49:52+00:00\" \/>\n<meta property=\"og:image\" content=\"https:\/\/akatsukianime.com\/wp-content\/uploads\/2024\/12\/Dragon-Ball-Masterlise-Ichibansho-Goku-Korin-The-Lookout-Above-the-Clouds-Figure.jpg\" \/>\n\t<meta property=\"og:image:width\" content=\"1000\" \/>\n\t<meta property=\"og:image:height\" content=\"1000\" \/>\n\t<meta property=\"og:image:type\" content=\"image\/jpeg\" \/>\n<meta name=\"twitter:card\" content=\"summary_large_image\" \/>\n<meta name=\"twitter:label1\" content=\"Est. reading time\" \/>\n\t<meta name=\"twitter:data1\" content=\"1 minute\" \/>\n<script type=\"application\/ld+json\" class=\"yoast-schema-graph\">{\"@context\":\"https:\/\/schema.org\",\"@graph\":[{\"@type\":[\"WebPage\",\"ItemPage\"],\"@id\":\"https:\/\/akatsukianime.com\/product\/figura-dragon-ball-masterlise-ichibansho-goku-korin-the-lookout-above-the-clouds\/\",\"url\":\"https:\/\/akatsukianime.com\/product\/figura-dragon-ball-masterlise-ichibansho-goku-korin-the-lookout-above-the-clouds\/\",\"name\":\"Figura Dragon Ball Masterlise Ichibansho Goku & Korin (The Lookout Above the Clouds) - Akatsuki anime store\",\"isPartOf\":{\"@id\":\"https:\/\/akatsukianime.com\/#website\"},\"primaryImageOfPage\":{\"@id\":\"https:\/\/akatsukianime.com\/product\/figura-dragon-ball-masterlise-ichibansho-goku-korin-the-lookout-above-the-clouds\/#primaryimage\"},\"image\":{\"@id\":\"https:\/\/akatsukianime.com\/product\/figura-dragon-ball-masterlise-ichibansho-goku-korin-the-lookout-above-the-clouds\/#primaryimage\"},\"thumbnailUrl\":\"https:\/\/akatsukianime.com\/wp-content\/uploads\/2024\/12\/Dragon-Ball-Masterlise-Ichibansho-Goku-Korin-The-Lookout-Above-the-Clouds-Figure.jpg\",\"datePublished\":\"2024-12-18T17:39:57+00:00\",\"dateModified\":\"2025-01-12T11:49:52+00:00\",\"description\":\"Descubre la incre\u00edble figura Son Goku & Korin de la colecci\u00f3n Ichibansho. Con detalles impresionantes y parte de la l\u00ednea premium Masterlise.\",\"breadcrumb\":{\"@id\":\"https:\/\/akatsukianime.com\/product\/figura-dragon-ball-masterlise-ichibansho-goku-korin-the-lookout-above-the-clouds\/#breadcrumb\"},\"inLanguage\":\"en-US\",\"potentialAction\":[{\"@type\":\"ReadAction\",\"target\":[\"https:\/\/akatsukianime.com\/product\/figura-dragon-ball-masterlise-ichibansho-goku-korin-the-lookout-above-the-clouds\/\"]}]},{\"@type\":\"ImageObject\",\"inLanguage\":\"en-US\",\"@id\":\"https:\/\/akatsukianime.com\/product\/figura-dragon-ball-masterlise-ichibansho-goku-korin-the-lookout-above-the-clouds\/#primaryimage\",\"url\":\"https:\/\/akatsukianime.com\/wp-content\/uploads\/2024\/12\/Dragon-Ball-Masterlise-Ichibansho-Goku-Korin-The-Lookout-Above-the-Clouds-Figure.jpg\",\"contentUrl\":\"https:\/\/akatsukianime.com\/wp-content\/uploads\/2024\/12\/Dragon-Ball-Masterlise-Ichibansho-Goku-Korin-The-Lookout-Above-the-Clouds-Figure.jpg\",\"width\":1000,\"height\":1000},{\"@type\":\"BreadcrumbList\",\"@id\":\"https:\/\/akatsukianime.com\/product\/figura-dragon-ball-masterlise-ichibansho-goku-korin-the-lookout-above-the-clouds\/#breadcrumb\",\"itemListElement\":[{\"@type\":\"ListItem\",\"position\":1,\"name\":\"Portada\",\"item\":\"https:\/\/akatsukianime.com\/\"},{\"@type\":\"ListItem\",\"position\":2,\"name\":\"Tienda\",\"item\":\"https:\/\/akatsukianime.com\/tienda\/\"},{\"@type\":\"ListItem\",\"position\":3,\"name\":\"Figura Dragon Ball Masterlise Ichibansho Goku &#038; Korin (The Lookout Above the Clouds)\"}]},{\"@type\":\"WebSite\",\"@id\":\"https:\/\/akatsukianime.com\/#website\",\"url\":\"https:\/\/akatsukianime.com\/\",\"name\":\"Akatsuki anime store\",\"description\":\"\",\"potentialAction\":[{\"@type\":\"SearchAction\",\"target\":{\"@type\":\"EntryPoint\",\"urlTemplate\":\"https:\/\/akatsukianime.com\/?s={search_term_string}\"},\"query-input\":{\"@type\":\"PropertyValueSpecification\",\"valueRequired\":true,\"valueName\":\"search_term_string\"}}],\"inLanguage\":\"en-US\"}]}<\/script>\n<!-- \/ Yoast SEO plugin. -->","yoast_head_json":{"title":"Figura Dragon Ball Masterlise Ichibansho Goku & Korin (The Lookout Above the Clouds) - Akatsuki anime store","description":"Descubre la incre\u00edble figura Son Goku & Korin de la colecci\u00f3n Ichibansho. Con detalles impresionantes y parte de la l\u00ednea premium Masterlise.","robots":{"index":"index","follow":"follow","max-snippet":"max-snippet:-1","max-image-preview":"max-image-preview:large","max-video-preview":"max-video-preview:-1"},"canonical":"https:\/\/akatsukianime.com\/en\/product\/figura-dragon-ball-masterlise-ichibansho-goku-korin-the-lookout-above-the-clouds\/","og_locale":"en_US","og_type":"article","og_title":"Figura Dragon Ball Masterlise Ichibansho Goku & Korin (The Lookout Above the Clouds) - Akatsuki anime store","og_description":"Descubre la incre\u00edble figura Son Goku & Korin de la colecci\u00f3n Ichibansho. Con detalles impresionantes y parte de la l\u00ednea premium Masterlise.","og_url":"https:\/\/akatsukianime.com\/en\/product\/figura-dragon-ball-masterlise-ichibansho-goku-korin-the-lookout-above-the-clouds\/","og_site_name":"Akatsuki anime store","article_modified_time":"2025-01-12T11:49:52+00:00","og_image":[{"width":1000,"height":1000,"url":"https:\/\/akatsukianime.com\/wp-content\/uploads\/2024\/12\/Dragon-Ball-Masterlise-Ichibansho-Goku-Korin-The-Lookout-Above-the-Clouds-Figure.jpg","type":"image\/jpeg"}],"twitter_card":"summary_large_image","twitter_misc":{"Est. reading time":"1 minute"},"schema":{"@context":"https:\/\/schema.org","@graph":[{"@type":["WebPage","ItemPage"],"@id":"https:\/\/akatsukianime.com\/product\/figura-dragon-ball-masterlise-ichibansho-goku-korin-the-lookout-above-the-clouds\/","url":"https:\/\/akatsukianime.com\/product\/figura-dragon-ball-masterlise-ichibansho-goku-korin-the-lookout-above-the-clouds\/","name":"Figura Dragon Ball Masterlise Ichibansho Goku & Korin (The Lookout Above the Clouds) - Akatsuki anime store","isPartOf":{"@id":"https:\/\/akatsukianime.com\/#website"},"primaryImageOfPage":{"@id":"https:\/\/akatsukianime.com\/product\/figura-dragon-ball-masterlise-ichibansho-goku-korin-the-lookout-above-the-clouds\/#primaryimage"},"image":{"@id":"https:\/\/akatsukianime.com\/product\/figura-dragon-ball-masterlise-ichibansho-goku-korin-the-lookout-above-the-clouds\/#primaryimage"},"thumbnailUrl":"https:\/\/akatsukianime.com\/wp-content\/uploads\/2024\/12\/Dragon-Ball-Masterlise-Ichibansho-Goku-Korin-The-Lookout-Above-the-Clouds-Figure.jpg","datePublished":"2024-12-18T17:39:57+00:00","dateModified":"2025-01-12T11:49:52+00:00","description":"Descubre la incre\u00edble figura Son Goku & Korin de la colecci\u00f3n Ichibansho. Con detalles impresionantes y parte de la l\u00ednea premium Masterlise.","breadcrumb":{"@id":"https:\/\/akatsukianime.com\/product\/figura-dragon-ball-masterlise-ichibansho-goku-korin-the-lookout-above-the-clouds\/#breadcrumb"},"inLanguage":"en-US","potentialAction":[{"@type":"ReadAction","target":["https:\/\/akatsukianime.com\/product\/figura-dragon-ball-masterlise-ichibansho-goku-korin-the-lookout-above-the-clouds\/"]}]},{"@type":"ImageObject","inLanguage":"en-US","@id":"https:\/\/akatsukianime.com\/product\/figura-dragon-ball-masterlise-ichibansho-goku-korin-the-lookout-above-the-clouds\/#primaryimage","url":"https:\/\/akatsukianime.com\/wp-content\/uploads\/2024\/12\/Dragon-Ball-Masterlise-Ichibansho-Goku-Korin-The-Lookout-Above-the-Clouds-Figure.jpg","contentUrl":"https:\/\/akatsukianime.com\/wp-content\/uploads\/2024\/12\/Dragon-Ball-Masterlise-Ichibansho-Goku-Korin-The-Lookout-Above-the-Clouds-Figure.jpg","width":1000,"height":1000},{"@type":"BreadcrumbList","@id":"https:\/\/akatsukianime.com\/product\/figura-dragon-ball-masterlise-ichibansho-goku-korin-the-lookout-above-the-clouds\/#breadcrumb","itemListElement":[{"@type":"ListItem","position":1,"name":"Portada","item":"https:\/\/akatsukianime.com\/"},{"@type":"ListItem","position":2,"name":"Tienda","item":"https:\/\/akatsukianime.com\/tienda\/"},{"@type":"ListItem","position":3,"name":"Figura Dragon Ball Masterlise Ichibansho Goku &#038; Korin (The Lookout Above the Clouds)"}]},{"@type":"WebSite","@id":"https:\/\/akatsukianime.com\/#website","url":"https:\/\/akatsukianime.com\/","name":"Akatsuki anime store","description":"","potentialAction":[{"@type":"SearchAction","target":{"@type":"EntryPoint","urlTemplate":"https:\/\/akatsukianime.com\/?s={search_term_string}"},"query-input":{"@type":"PropertyValueSpecification","valueRequired":true,"valueName":"search_term_string"}}],"inLanguage":"en-US"}]}},"jetpack_sharing_enabled":true,"_links":{"self":[{"href":"https:\/\/akatsukianime.com\/en\/wp-json\/wp\/v2\/product\/4996","targetHints":{"allow":["GET"]}}],"collection":[{"href":"https:\/\/akatsukianime.com\/en\/wp-json\/wp\/v2\/product"}],"about":[{"href":"https:\/\/akatsukianime.com\/en\/wp-json\/wp\/v2\/types\/product"}],"version-history":[{"count":2,"href":"https:\/\/akatsukianime.com\/en\/wp-json\/wp\/v2\/product\/4996\/revisions"}],"predecessor-version":[{"id":5010,"href":"https:\/\/akatsukianime.com\/en\/wp-json\/wp\/v2\/product\/4996\/revisions\/5010"}],"wp:featuredmedia":[{"embeddable":true,"href":"https:\/\/akatsukianime.com\/en\/wp-json\/wp\/v2\/media\/5008"}],"wp:attachment":[{"href":"https:\/\/akatsukianime.com\/en\/wp-json\/wp\/v2\/media?parent=4996"}],"wp:term":[{"taxonomy":"product_cat","embeddable":true,"href":"https:\/\/akatsukianime.com\/en\/wp-json\/wp\/v2\/product_cat?post=4996"},{"taxonomy":"product_tag","embeddable":true,"href":"https:\/\/akatsukianime.com\/en\/wp-json\/wp\/v2\/product_tag?post=4996"}],"curies":[{"name":"wp","href":"https:\/\/api.w.org\/{rel}","templated":true}]}}