{"id":5024,"date":"2024-12-19T19:49:59","date_gmt":"2024-12-19T18:49:59","guid":{"rendered":"https:\/\/akatsukianime.com\/?post_type=product&#038;p=5024"},"modified":"2026-03-31T19:22:46","modified_gmt":"2026-03-31T17:22:46","slug":"mobile-suit-gundam-rg-rx-78-2-gundam-ver-2-0-1-144-scale-model-kit","status":"publish","type":"product","link":"https:\/\/akatsukianime.com\/en\/product\/mobile-suit-gundam-rg-rx-78-2-gundam-ver-2-0-1-144-scale-model-kit\/","title":{"rendered":"Mobile Suit Gundam RG RX-78-2 Gundam (Ver.2.0) 1\/144 Scale Model Kit"},"content":{"rendered":"<p><strong>Product Description<\/strong><br \/>\nThe latest design of the inner frame, inspired by a semi-monocoque structure, allows you to replicate the construction of the <em>mobile suit<\/em> as shown in the original series of <em>Mobile Suit Gundam<\/em>.<\/p>\n<p>The joint structure, which pays homage to the classic design, incorporates an innovative mechanism that allows the joints to bend precisely by reinterpreting the axes of movement. The legs have been redesigned under the concept of \u201cMS Gundam for close combat,\u201d using a composite frame that creates a humanoid profile even during movement.<\/p>\n<p>The model is designed to minimize the visibility of the mounting holes, integrating them harmoniously with the rest of the figure. The head, with its complex color scheme, is faithfully reproduced by color-coding to the mold. Precise details have been added to the eyes, main chamber, magazine drum, and vents. Panel lines, reflecting the mechanical support, are divided into functional blocks, imitating real-life parting lines.<\/p>\n<p>The exterior design combines a modern interpretation with a return to the character&#039;s origins, adding intricate details without losing the main silhouette. Curved edges and surfaces are clearly defined, and the white of the main body is constructed using two-tone molding, reimagining the RX-78-2 Gundam with a contemporary approach.<\/p>\n<p>As an original feature of the line <em>Real Grade<\/em>, the chest armor covering the cockpit includes a mechanism that opens and closes.<\/p>\n<p><strong>Product Features<\/strong><\/p>\n<ul>\n<li>Scale 1\/144<\/li>\n<li>Made of plastic<\/li>\n<li>Based on <em>Mobile Suit Gundam<\/em><\/li>\n<li>Part of the series <em>Real Grade<\/em><\/li>\n<li>Multiple points of articulation<\/li>\n<li>Interchangeable parts and accessories<\/li>\n<li>Instructions may or may not include English translation.<\/li>\n<\/ul>\n<p><strong>Box Contents<\/strong><\/p>\n<ul>\n<li>Parts to build the RX-78-2 Gundam<\/li>\n<li>Ray Rifle (<em>Beam Rifle<\/em>)<\/li>\n<li>2 beam sabers (<em>Beam Sabers<\/em>)<\/li>\n<li>Shield (<em>Shield<\/em>)<\/li>\n<li>Hyperbolic Bazooka (<em>Hyper Bazooka<\/em>)<\/li>\n<li>Set of parts for the landing gear of the <em>Core Fighter<\/em><\/li>\n<li>Interchangeable hands set<\/li>\n<li>Realistic decals<\/li>\n<li>Instructions<\/li>\n<\/ul>","protected":false},"excerpt":{"rendered":"<p>Descripci\u00f3n del Producto El dise\u00f1o m\u00e1s reciente del marco interior, inspirado en una estructura semimonocasco, te permite replicar la construcci\u00f3n<\/p>","protected":false},"featured_media":5025,"template":"","meta":[],"product_cat":[94,66,113,61,56],"product_tag":[106,181,115],"class_list":{"0":"post-5024","1":"product","2":"type-product","3":"status-publish","4":"has-post-thumbnail","6":"product_cat-bandai-hobby-site","7":"product_cat-model-kit","8":"product_cat-4-real-grade-1-144","9":"product_cat-novedades","10":"product_cat-gundam","11":"product_tag-bandai-hobby","12":"product_tag-mobile-suit-gundam","13":"product_tag-real-grade","15":"first","16":"instock","17":"sold-individually","18":"taxable","19":"shipping-taxable","20":"purchasable","21":"product-type-simple"},"yoast_head":"<!-- This site is optimized with the Yoast SEO plugin v24.2 - https:\/\/yoast.com\/wordpress\/plugins\/seo\/ -->\n<title>Mobile Suit Gundam RG RX-78-2 Gundam (Ver.2.0) 1\/144 Scale Model Kit - Akatsuki anime store<\/title>\n<meta name=\"description\" content=\"Construye y rinde homenaje a aa nueva versi\u00f3n Real grade el ic\u00f3nico RX-78-2 Gundam combinado con detalles, articulaciones precisas y un dise\u00f1o innovador.\" \/>\n<meta name=\"robots\" content=\"index, follow, max-snippet:-1, max-image-preview:large, max-video-preview:-1\" \/>\n<link rel=\"canonical\" href=\"https:\/\/akatsukianime.com\/en\/product\/mobile-suit-gundam-rg-rx-78-2-gundam-ver-2-0-1-144-scale-model-kit\/\" \/>\n<meta property=\"og:locale\" content=\"en_US\" \/>\n<meta property=\"og:type\" content=\"article\" \/>\n<meta property=\"og:title\" content=\"Mobile Suit Gundam RG RX-78-2 Gundam (Ver.2.0) 1\/144 Scale Model Kit - Akatsuki anime store\" \/>\n<meta property=\"og:description\" content=\"Construye y rinde homenaje a aa nueva versi\u00f3n Real grade el ic\u00f3nico RX-78-2 Gundam combinado con detalles, articulaciones precisas y un dise\u00f1o innovador.\" \/>\n<meta property=\"og:url\" content=\"https:\/\/akatsukianime.com\/en\/product\/mobile-suit-gundam-rg-rx-78-2-gundam-ver-2-0-1-144-scale-model-kit\/\" \/>\n<meta property=\"og:site_name\" content=\"Akatsuki anime store\" \/>\n<meta property=\"article:modified_time\" content=\"2026-03-31T17:22:46+00:00\" \/>\n<meta property=\"og:image\" content=\"https:\/\/akatsukianime.com\/wp-content\/uploads\/2024\/12\/Mobile-Suit-Gundam-RG-RX-78-2-Gundam-Ver.2.0-1_144-Scale-Model-Kit.jpg\" \/>\n\t<meta property=\"og:image:width\" content=\"1000\" \/>\n\t<meta property=\"og:image:height\" content=\"1000\" \/>\n\t<meta property=\"og:image:type\" content=\"image\/jpeg\" \/>\n<meta name=\"twitter:card\" content=\"summary_large_image\" \/>\n<meta name=\"twitter:label1\" content=\"Est. reading time\" \/>\n\t<meta name=\"twitter:data1\" content=\"2 minutes\" \/>\n<script type=\"application\/ld+json\" class=\"yoast-schema-graph\">{\"@context\":\"https:\/\/schema.org\",\"@graph\":[{\"@type\":[\"WebPage\",\"ItemPage\"],\"@id\":\"https:\/\/akatsukianime.com\/product\/mobile-suit-gundam-rg-rx-78-2-gundam-ver-2-0-1-144-scale-model-kit\/\",\"url\":\"https:\/\/akatsukianime.com\/product\/mobile-suit-gundam-rg-rx-78-2-gundam-ver-2-0-1-144-scale-model-kit\/\",\"name\":\"Mobile Suit Gundam RG RX-78-2 Gundam (Ver.2.0) 1\/144 Scale Model Kit - Akatsuki anime store\",\"isPartOf\":{\"@id\":\"https:\/\/akatsukianime.com\/#website\"},\"primaryImageOfPage\":{\"@id\":\"https:\/\/akatsukianime.com\/product\/mobile-suit-gundam-rg-rx-78-2-gundam-ver-2-0-1-144-scale-model-kit\/#primaryimage\"},\"image\":{\"@id\":\"https:\/\/akatsukianime.com\/product\/mobile-suit-gundam-rg-rx-78-2-gundam-ver-2-0-1-144-scale-model-kit\/#primaryimage\"},\"thumbnailUrl\":\"https:\/\/akatsukianime.com\/wp-content\/uploads\/2024\/12\/Mobile-Suit-Gundam-RG-RX-78-2-Gundam-Ver.2.0-1_144-Scale-Model-Kit.jpg\",\"datePublished\":\"2024-12-19T18:49:59+00:00\",\"dateModified\":\"2026-03-31T17:22:46+00:00\",\"description\":\"Construye y rinde homenaje a aa nueva versi\u00f3n Real grade el ic\u00f3nico RX-78-2 Gundam combinado con detalles, articulaciones precisas y un dise\u00f1o innovador.\",\"breadcrumb\":{\"@id\":\"https:\/\/akatsukianime.com\/product\/mobile-suit-gundam-rg-rx-78-2-gundam-ver-2-0-1-144-scale-model-kit\/#breadcrumb\"},\"inLanguage\":\"en-US\",\"potentialAction\":[{\"@type\":\"ReadAction\",\"target\":[\"https:\/\/akatsukianime.com\/product\/mobile-suit-gundam-rg-rx-78-2-gundam-ver-2-0-1-144-scale-model-kit\/\"]}]},{\"@type\":\"ImageObject\",\"inLanguage\":\"en-US\",\"@id\":\"https:\/\/akatsukianime.com\/product\/mobile-suit-gundam-rg-rx-78-2-gundam-ver-2-0-1-144-scale-model-kit\/#primaryimage\",\"url\":\"https:\/\/akatsukianime.com\/wp-content\/uploads\/2024\/12\/Mobile-Suit-Gundam-RG-RX-78-2-Gundam-Ver.2.0-1_144-Scale-Model-Kit.jpg\",\"contentUrl\":\"https:\/\/akatsukianime.com\/wp-content\/uploads\/2024\/12\/Mobile-Suit-Gundam-RG-RX-78-2-Gundam-Ver.2.0-1_144-Scale-Model-Kit.jpg\",\"width\":1000,\"height\":1000},{\"@type\":\"BreadcrumbList\",\"@id\":\"https:\/\/akatsukianime.com\/product\/mobile-suit-gundam-rg-rx-78-2-gundam-ver-2-0-1-144-scale-model-kit\/#breadcrumb\",\"itemListElement\":[{\"@type\":\"ListItem\",\"position\":1,\"name\":\"Portada\",\"item\":\"https:\/\/akatsukianime.com\/\"},{\"@type\":\"ListItem\",\"position\":2,\"name\":\"Tienda\",\"item\":\"https:\/\/akatsukianime.com\/tienda\/\"},{\"@type\":\"ListItem\",\"position\":3,\"name\":\"Mobile Suit Gundam RG RX-78-2 Gundam (Ver.2.0) 1\/144 Scale Model Kit\"}]},{\"@type\":\"WebSite\",\"@id\":\"https:\/\/akatsukianime.com\/#website\",\"url\":\"https:\/\/akatsukianime.com\/\",\"name\":\"Akatsuki anime store\",\"description\":\"\",\"potentialAction\":[{\"@type\":\"SearchAction\",\"target\":{\"@type\":\"EntryPoint\",\"urlTemplate\":\"https:\/\/akatsukianime.com\/?s={search_term_string}\"},\"query-input\":{\"@type\":\"PropertyValueSpecification\",\"valueRequired\":true,\"valueName\":\"search_term_string\"}}],\"inLanguage\":\"en-US\"}]}<\/script>\n<!-- \/ Yoast SEO plugin. -->","yoast_head_json":{"title":"Mobile Suit Gundam RG RX-78-2 Gundam (Ver.2.0) 1\/144 Scale Model Kit - Akatsuki anime store","description":"Construye y rinde homenaje a aa nueva versi\u00f3n Real grade el ic\u00f3nico RX-78-2 Gundam combinado con detalles, articulaciones precisas y un dise\u00f1o innovador.","robots":{"index":"index","follow":"follow","max-snippet":"max-snippet:-1","max-image-preview":"max-image-preview:large","max-video-preview":"max-video-preview:-1"},"canonical":"https:\/\/akatsukianime.com\/en\/product\/mobile-suit-gundam-rg-rx-78-2-gundam-ver-2-0-1-144-scale-model-kit\/","og_locale":"en_US","og_type":"article","og_title":"Mobile Suit Gundam RG RX-78-2 Gundam (Ver.2.0) 1\/144 Scale Model Kit - Akatsuki anime store","og_description":"Construye y rinde homenaje a aa nueva versi\u00f3n Real grade el ic\u00f3nico RX-78-2 Gundam combinado con detalles, articulaciones precisas y un dise\u00f1o innovador.","og_url":"https:\/\/akatsukianime.com\/en\/product\/mobile-suit-gundam-rg-rx-78-2-gundam-ver-2-0-1-144-scale-model-kit\/","og_site_name":"Akatsuki anime store","article_modified_time":"2026-03-31T17:22:46+00:00","og_image":[{"width":1000,"height":1000,"url":"https:\/\/akatsukianime.com\/wp-content\/uploads\/2024\/12\/Mobile-Suit-Gundam-RG-RX-78-2-Gundam-Ver.2.0-1_144-Scale-Model-Kit.jpg","type":"image\/jpeg"}],"twitter_card":"summary_large_image","twitter_misc":{"Est. reading time":"2 minutes"},"schema":{"@context":"https:\/\/schema.org","@graph":[{"@type":["WebPage","ItemPage"],"@id":"https:\/\/akatsukianime.com\/product\/mobile-suit-gundam-rg-rx-78-2-gundam-ver-2-0-1-144-scale-model-kit\/","url":"https:\/\/akatsukianime.com\/product\/mobile-suit-gundam-rg-rx-78-2-gundam-ver-2-0-1-144-scale-model-kit\/","name":"Mobile Suit Gundam RG RX-78-2 Gundam (Ver.2.0) 1\/144 Scale Model Kit - Akatsuki anime store","isPartOf":{"@id":"https:\/\/akatsukianime.com\/#website"},"primaryImageOfPage":{"@id":"https:\/\/akatsukianime.com\/product\/mobile-suit-gundam-rg-rx-78-2-gundam-ver-2-0-1-144-scale-model-kit\/#primaryimage"},"image":{"@id":"https:\/\/akatsukianime.com\/product\/mobile-suit-gundam-rg-rx-78-2-gundam-ver-2-0-1-144-scale-model-kit\/#primaryimage"},"thumbnailUrl":"https:\/\/akatsukianime.com\/wp-content\/uploads\/2024\/12\/Mobile-Suit-Gundam-RG-RX-78-2-Gundam-Ver.2.0-1_144-Scale-Model-Kit.jpg","datePublished":"2024-12-19T18:49:59+00:00","dateModified":"2026-03-31T17:22:46+00:00","description":"Construye y rinde homenaje a aa nueva versi\u00f3n Real grade el ic\u00f3nico RX-78-2 Gundam combinado con detalles, articulaciones precisas y un dise\u00f1o innovador.","breadcrumb":{"@id":"https:\/\/akatsukianime.com\/product\/mobile-suit-gundam-rg-rx-78-2-gundam-ver-2-0-1-144-scale-model-kit\/#breadcrumb"},"inLanguage":"en-US","potentialAction":[{"@type":"ReadAction","target":["https:\/\/akatsukianime.com\/product\/mobile-suit-gundam-rg-rx-78-2-gundam-ver-2-0-1-144-scale-model-kit\/"]}]},{"@type":"ImageObject","inLanguage":"en-US","@id":"https:\/\/akatsukianime.com\/product\/mobile-suit-gundam-rg-rx-78-2-gundam-ver-2-0-1-144-scale-model-kit\/#primaryimage","url":"https:\/\/akatsukianime.com\/wp-content\/uploads\/2024\/12\/Mobile-Suit-Gundam-RG-RX-78-2-Gundam-Ver.2.0-1_144-Scale-Model-Kit.jpg","contentUrl":"https:\/\/akatsukianime.com\/wp-content\/uploads\/2024\/12\/Mobile-Suit-Gundam-RG-RX-78-2-Gundam-Ver.2.0-1_144-Scale-Model-Kit.jpg","width":1000,"height":1000},{"@type":"BreadcrumbList","@id":"https:\/\/akatsukianime.com\/product\/mobile-suit-gundam-rg-rx-78-2-gundam-ver-2-0-1-144-scale-model-kit\/#breadcrumb","itemListElement":[{"@type":"ListItem","position":1,"name":"Portada","item":"https:\/\/akatsukianime.com\/"},{"@type":"ListItem","position":2,"name":"Tienda","item":"https:\/\/akatsukianime.com\/tienda\/"},{"@type":"ListItem","position":3,"name":"Mobile Suit Gundam RG RX-78-2 Gundam (Ver.2.0) 1\/144 Scale Model Kit"}]},{"@type":"WebSite","@id":"https:\/\/akatsukianime.com\/#website","url":"https:\/\/akatsukianime.com\/","name":"Akatsuki anime store","description":"","potentialAction":[{"@type":"SearchAction","target":{"@type":"EntryPoint","urlTemplate":"https:\/\/akatsukianime.com\/?s={search_term_string}"},"query-input":{"@type":"PropertyValueSpecification","valueRequired":true,"valueName":"search_term_string"}}],"inLanguage":"en-US"}]}},"jetpack_sharing_enabled":true,"_links":{"self":[{"href":"https:\/\/akatsukianime.com\/en\/wp-json\/wp\/v2\/product\/5024","targetHints":{"allow":["GET"]}}],"collection":[{"href":"https:\/\/akatsukianime.com\/en\/wp-json\/wp\/v2\/product"}],"about":[{"href":"https:\/\/akatsukianime.com\/en\/wp-json\/wp\/v2\/types\/product"}],"version-history":[{"count":1,"href":"https:\/\/akatsukianime.com\/en\/wp-json\/wp\/v2\/product\/5024\/revisions"}],"predecessor-version":[{"id":5038,"href":"https:\/\/akatsukianime.com\/en\/wp-json\/wp\/v2\/product\/5024\/revisions\/5038"}],"wp:featuredmedia":[{"embeddable":true,"href":"https:\/\/akatsukianime.com\/en\/wp-json\/wp\/v2\/media\/5025"}],"wp:attachment":[{"href":"https:\/\/akatsukianime.com\/en\/wp-json\/wp\/v2\/media?parent=5024"}],"wp:term":[{"taxonomy":"product_cat","embeddable":true,"href":"https:\/\/akatsukianime.com\/en\/wp-json\/wp\/v2\/product_cat?post=5024"},{"taxonomy":"product_tag","embeddable":true,"href":"https:\/\/akatsukianime.com\/en\/wp-json\/wp\/v2\/product_tag?post=5024"}],"curies":[{"name":"wp","href":"https:\/\/api.w.org\/{rel}","templated":true}]}}