{"id":5119,"date":"2025-01-02T15:56:57","date_gmt":"2025-01-02T14:56:57","guid":{"rendered":"https:\/\/akatsukianime.com\/?post_type=product&#038;p=5119"},"modified":"2025-05-29T19:47:28","modified_gmt":"2025-05-29T17:47:28","slug":"figura-ubel-frieren-beyond-journeys-end-desktop-x-decorate-collections","status":"publish","type":"product","link":"https:\/\/akatsukianime.com\/en\/product\/figura-ubel-frieren-beyond-journeys-end-desktop-x-decorate-collections\/","title":{"rendered":"Figure Ubel Frieren: Beyond Journey&#039;s End Desktop x Decorate Collections"},"content":{"rendered":"<p><strong>Product Description<\/strong><br \/>\nFrom the anime series <em>Frieren: Beyond Journey&#039;s End<\/em> The new figure of <em>Ubel<\/em> from the collection <em>Desktop x Decorate<\/em> by Sega. Standing at 17cm tall, this figure features <em>Ubel<\/em> in his iconic black outfit and in a pose emblematic of the series. Don&#039;t miss the opportunity to add this figure to your collection!<\/p>\n<p><strong>Product Features<\/strong><\/p>\n<ul>\n<li>Height: 17 cm<\/li>\n<li>Made of plastic<\/li>\n<li>Based on the anime <em>Frieren: Beyond Journey&#039;s End<\/em><\/li>\n<li>Part of the collection <em>Desktop x Decorate<\/em><\/li>\n<li>Highly detailed<\/li>\n<li>Non-articulated figure<\/li>\n<\/ul>\n<p><strong>Box Contents<\/strong><\/p>\n<ul>\n<li>Figure of <em>Ubel<\/em><\/li>\n<\/ul>\n<p>&nbsp;<\/p>","protected":false},"excerpt":{"rendered":"<p>Descripci\u00f3n del Producto De la serie de anime Frieren: Beyond Journey&#8217;s End llega la nueva figura de Ubel de la<\/p>","protected":false},"featured_media":5123,"template":"","meta":[],"product_cat":[327,92,101,65,62,60],"product_tag":[303,171,304],"class_list":{"0":"post-5119","1":"product","2":"type-product","3":"status-publish","4":"has-post-thumbnail","6":"product_cat-sousou-no-frieren","7":"product_cat-fabricante","8":"product_cat-elige-sega-goods-sega-goods","9":"product_cat-figuras","10":"product_cat-ofertas","11":"product_cat-otros","12":"product_tag-frieren","13":"product_tag-sega","14":"product_tag-sousou-no-frieren","16":"first","17":"instock","18":"sale","19":"sold-individually","20":"taxable","21":"shipping-taxable","22":"purchasable","23":"product-type-simple"},"yoast_head":"<!-- This site is optimized with the Yoast SEO plugin v24.2 - https:\/\/yoast.com\/wordpress\/plugins\/seo\/ -->\n<title>Figura Ubel Frieren: Beyond Journey&#039;s End Desktop x Decorate Collections - Akatsuki anime store<\/title>\n<meta name=\"description\" content=\"A\u00f1ade la figura Ubel Frieren a tu colecci\u00f3n. Dise\u00f1o detallado, 6.7 pulgadas y basada en el anime. \u00a1Una pieza imprescindible para fans!\" \/>\n<meta name=\"robots\" content=\"index, follow, max-snippet:-1, max-image-preview:large, max-video-preview:-1\" \/>\n<link rel=\"canonical\" href=\"https:\/\/akatsukianime.com\/en\/product\/figura-ubel-frieren-beyond-journeys-end-desktop-x-decorate-collections\/\" \/>\n<meta property=\"og:locale\" content=\"en_US\" \/>\n<meta property=\"og:type\" content=\"article\" \/>\n<meta property=\"og:title\" content=\"Figura Ubel Frieren: Beyond Journey&#039;s End Desktop x Decorate Collections - Akatsuki anime store\" \/>\n<meta property=\"og:description\" content=\"A\u00f1ade la figura Ubel Frieren a tu colecci\u00f3n. Dise\u00f1o detallado, 6.7 pulgadas y basada en el anime. \u00a1Una pieza imprescindible para fans!\" \/>\n<meta property=\"og:url\" content=\"https:\/\/akatsukianime.com\/en\/product\/figura-ubel-frieren-beyond-journeys-end-desktop-x-decorate-collections\/\" \/>\n<meta property=\"og:site_name\" content=\"Akatsuki anime store\" \/>\n<meta property=\"article:modified_time\" content=\"2025-05-29T17:47:28+00:00\" \/>\n<meta property=\"og:image\" content=\"https:\/\/akatsukianime.com\/wp-content\/uploads\/2025\/01\/Figura-Ubel-Frieren-Beyond-Journeys-End-Desktop-x-Decorate-Collections.jpg\" \/>\n\t<meta property=\"og:image:width\" content=\"1000\" \/>\n\t<meta property=\"og:image:height\" content=\"1000\" \/>\n\t<meta property=\"og:image:type\" content=\"image\/jpeg\" \/>\n<meta name=\"twitter:card\" content=\"summary_large_image\" \/>\n<meta name=\"twitter:label1\" content=\"Est. reading time\" \/>\n\t<meta name=\"twitter:data1\" content=\"1 minute\" \/>\n<script type=\"application\/ld+json\" class=\"yoast-schema-graph\">{\"@context\":\"https:\/\/schema.org\",\"@graph\":[{\"@type\":[\"WebPage\",\"ItemPage\"],\"@id\":\"https:\/\/akatsukianime.com\/product\/figura-ubel-frieren-beyond-journeys-end-desktop-x-decorate-collections\/\",\"url\":\"https:\/\/akatsukianime.com\/product\/figura-ubel-frieren-beyond-journeys-end-desktop-x-decorate-collections\/\",\"name\":\"Figura Ubel Frieren: Beyond Journey's End Desktop x Decorate Collections - Akatsuki anime store\",\"isPartOf\":{\"@id\":\"https:\/\/akatsukianime.com\/#website\"},\"primaryImageOfPage\":{\"@id\":\"https:\/\/akatsukianime.com\/product\/figura-ubel-frieren-beyond-journeys-end-desktop-x-decorate-collections\/#primaryimage\"},\"image\":{\"@id\":\"https:\/\/akatsukianime.com\/product\/figura-ubel-frieren-beyond-journeys-end-desktop-x-decorate-collections\/#primaryimage\"},\"thumbnailUrl\":\"https:\/\/akatsukianime.com\/wp-content\/uploads\/2025\/01\/Figura-Ubel-Frieren-Beyond-Journeys-End-Desktop-x-Decorate-Collections.jpg\",\"datePublished\":\"2025-01-02T14:56:57+00:00\",\"dateModified\":\"2025-05-29T17:47:28+00:00\",\"description\":\"A\u00f1ade la figura Ubel Frieren a tu colecci\u00f3n. Dise\u00f1o detallado, 6.7 pulgadas y basada en el anime. \u00a1Una pieza imprescindible para fans!\",\"breadcrumb\":{\"@id\":\"https:\/\/akatsukianime.com\/product\/figura-ubel-frieren-beyond-journeys-end-desktop-x-decorate-collections\/#breadcrumb\"},\"inLanguage\":\"en-US\",\"potentialAction\":[{\"@type\":\"ReadAction\",\"target\":[\"https:\/\/akatsukianime.com\/product\/figura-ubel-frieren-beyond-journeys-end-desktop-x-decorate-collections\/\"]}]},{\"@type\":\"ImageObject\",\"inLanguage\":\"en-US\",\"@id\":\"https:\/\/akatsukianime.com\/product\/figura-ubel-frieren-beyond-journeys-end-desktop-x-decorate-collections\/#primaryimage\",\"url\":\"https:\/\/akatsukianime.com\/wp-content\/uploads\/2025\/01\/Figura-Ubel-Frieren-Beyond-Journeys-End-Desktop-x-Decorate-Collections.jpg\",\"contentUrl\":\"https:\/\/akatsukianime.com\/wp-content\/uploads\/2025\/01\/Figura-Ubel-Frieren-Beyond-Journeys-End-Desktop-x-Decorate-Collections.jpg\",\"width\":1000,\"height\":1000},{\"@type\":\"BreadcrumbList\",\"@id\":\"https:\/\/akatsukianime.com\/product\/figura-ubel-frieren-beyond-journeys-end-desktop-x-decorate-collections\/#breadcrumb\",\"itemListElement\":[{\"@type\":\"ListItem\",\"position\":1,\"name\":\"Portada\",\"item\":\"https:\/\/akatsukianime.com\/\"},{\"@type\":\"ListItem\",\"position\":2,\"name\":\"Tienda\",\"item\":\"https:\/\/akatsukianime.com\/tienda\/\"},{\"@type\":\"ListItem\",\"position\":3,\"name\":\"Figura Ubel Frieren: Beyond Journey&#8217;s End Desktop x Decorate Collections\"}]},{\"@type\":\"WebSite\",\"@id\":\"https:\/\/akatsukianime.com\/#website\",\"url\":\"https:\/\/akatsukianime.com\/\",\"name\":\"Akatsuki anime store\",\"description\":\"\",\"potentialAction\":[{\"@type\":\"SearchAction\",\"target\":{\"@type\":\"EntryPoint\",\"urlTemplate\":\"https:\/\/akatsukianime.com\/?s={search_term_string}\"},\"query-input\":{\"@type\":\"PropertyValueSpecification\",\"valueRequired\":true,\"valueName\":\"search_term_string\"}}],\"inLanguage\":\"en-US\"}]}<\/script>\n<!-- \/ Yoast SEO plugin. -->","yoast_head_json":{"title":"Figura Ubel Frieren: Beyond Journey's End Desktop x Decorate Collections - Akatsuki anime store","description":"A\u00f1ade la figura Ubel Frieren a tu colecci\u00f3n. Dise\u00f1o detallado, 6.7 pulgadas y basada en el anime. \u00a1Una pieza imprescindible para fans!","robots":{"index":"index","follow":"follow","max-snippet":"max-snippet:-1","max-image-preview":"max-image-preview:large","max-video-preview":"max-video-preview:-1"},"canonical":"https:\/\/akatsukianime.com\/en\/product\/figura-ubel-frieren-beyond-journeys-end-desktop-x-decorate-collections\/","og_locale":"en_US","og_type":"article","og_title":"Figura Ubel Frieren: Beyond Journey's End Desktop x Decorate Collections - Akatsuki anime store","og_description":"A\u00f1ade la figura Ubel Frieren a tu colecci\u00f3n. Dise\u00f1o detallado, 6.7 pulgadas y basada en el anime. \u00a1Una pieza imprescindible para fans!","og_url":"https:\/\/akatsukianime.com\/en\/product\/figura-ubel-frieren-beyond-journeys-end-desktop-x-decorate-collections\/","og_site_name":"Akatsuki anime store","article_modified_time":"2025-05-29T17:47:28+00:00","og_image":[{"width":1000,"height":1000,"url":"https:\/\/akatsukianime.com\/wp-content\/uploads\/2025\/01\/Figura-Ubel-Frieren-Beyond-Journeys-End-Desktop-x-Decorate-Collections.jpg","type":"image\/jpeg"}],"twitter_card":"summary_large_image","twitter_misc":{"Est. reading time":"1 minute"},"schema":{"@context":"https:\/\/schema.org","@graph":[{"@type":["WebPage","ItemPage"],"@id":"https:\/\/akatsukianime.com\/product\/figura-ubel-frieren-beyond-journeys-end-desktop-x-decorate-collections\/","url":"https:\/\/akatsukianime.com\/product\/figura-ubel-frieren-beyond-journeys-end-desktop-x-decorate-collections\/","name":"Figura Ubel Frieren: Beyond Journey's End Desktop x Decorate Collections - Akatsuki anime store","isPartOf":{"@id":"https:\/\/akatsukianime.com\/#website"},"primaryImageOfPage":{"@id":"https:\/\/akatsukianime.com\/product\/figura-ubel-frieren-beyond-journeys-end-desktop-x-decorate-collections\/#primaryimage"},"image":{"@id":"https:\/\/akatsukianime.com\/product\/figura-ubel-frieren-beyond-journeys-end-desktop-x-decorate-collections\/#primaryimage"},"thumbnailUrl":"https:\/\/akatsukianime.com\/wp-content\/uploads\/2025\/01\/Figura-Ubel-Frieren-Beyond-Journeys-End-Desktop-x-Decorate-Collections.jpg","datePublished":"2025-01-02T14:56:57+00:00","dateModified":"2025-05-29T17:47:28+00:00","description":"A\u00f1ade la figura Ubel Frieren a tu colecci\u00f3n. Dise\u00f1o detallado, 6.7 pulgadas y basada en el anime. \u00a1Una pieza imprescindible para fans!","breadcrumb":{"@id":"https:\/\/akatsukianime.com\/product\/figura-ubel-frieren-beyond-journeys-end-desktop-x-decorate-collections\/#breadcrumb"},"inLanguage":"en-US","potentialAction":[{"@type":"ReadAction","target":["https:\/\/akatsukianime.com\/product\/figura-ubel-frieren-beyond-journeys-end-desktop-x-decorate-collections\/"]}]},{"@type":"ImageObject","inLanguage":"en-US","@id":"https:\/\/akatsukianime.com\/product\/figura-ubel-frieren-beyond-journeys-end-desktop-x-decorate-collections\/#primaryimage","url":"https:\/\/akatsukianime.com\/wp-content\/uploads\/2025\/01\/Figura-Ubel-Frieren-Beyond-Journeys-End-Desktop-x-Decorate-Collections.jpg","contentUrl":"https:\/\/akatsukianime.com\/wp-content\/uploads\/2025\/01\/Figura-Ubel-Frieren-Beyond-Journeys-End-Desktop-x-Decorate-Collections.jpg","width":1000,"height":1000},{"@type":"BreadcrumbList","@id":"https:\/\/akatsukianime.com\/product\/figura-ubel-frieren-beyond-journeys-end-desktop-x-decorate-collections\/#breadcrumb","itemListElement":[{"@type":"ListItem","position":1,"name":"Portada","item":"https:\/\/akatsukianime.com\/"},{"@type":"ListItem","position":2,"name":"Tienda","item":"https:\/\/akatsukianime.com\/tienda\/"},{"@type":"ListItem","position":3,"name":"Figura Ubel Frieren: Beyond Journey&#8217;s End Desktop x Decorate Collections"}]},{"@type":"WebSite","@id":"https:\/\/akatsukianime.com\/#website","url":"https:\/\/akatsukianime.com\/","name":"Akatsuki anime store","description":"","potentialAction":[{"@type":"SearchAction","target":{"@type":"EntryPoint","urlTemplate":"https:\/\/akatsukianime.com\/?s={search_term_string}"},"query-input":{"@type":"PropertyValueSpecification","valueRequired":true,"valueName":"search_term_string"}}],"inLanguage":"en-US"}]}},"jetpack_sharing_enabled":true,"_links":{"self":[{"href":"https:\/\/akatsukianime.com\/en\/wp-json\/wp\/v2\/product\/5119","targetHints":{"allow":["GET"]}}],"collection":[{"href":"https:\/\/akatsukianime.com\/en\/wp-json\/wp\/v2\/product"}],"about":[{"href":"https:\/\/akatsukianime.com\/en\/wp-json\/wp\/v2\/types\/product"}],"version-history":[{"count":1,"href":"https:\/\/akatsukianime.com\/en\/wp-json\/wp\/v2\/product\/5119\/revisions"}],"predecessor-version":[{"id":5124,"href":"https:\/\/akatsukianime.com\/en\/wp-json\/wp\/v2\/product\/5119\/revisions\/5124"}],"wp:featuredmedia":[{"embeddable":true,"href":"https:\/\/akatsukianime.com\/en\/wp-json\/wp\/v2\/media\/5123"}],"wp:attachment":[{"href":"https:\/\/akatsukianime.com\/en\/wp-json\/wp\/v2\/media?parent=5119"}],"wp:term":[{"taxonomy":"product_cat","embeddable":true,"href":"https:\/\/akatsukianime.com\/en\/wp-json\/wp\/v2\/product_cat?post=5119"},{"taxonomy":"product_tag","embeddable":true,"href":"https:\/\/akatsukianime.com\/en\/wp-json\/wp\/v2\/product_tag?post=5119"}],"curies":[{"name":"wp","href":"https:\/\/api.w.org\/{rel}","templated":true}]}}