{"id":5147,"date":"2025-01-10T16:45:06","date_gmt":"2025-01-10T15:45:06","guid":{"rendered":"https:\/\/akatsukianime.com\/?post_type=product&#038;p=5147"},"modified":"2026-01-05T12:20:14","modified_gmt":"2026-01-05T11:20:14","slug":"figura-jujutsu-kaisen-luminasta-sukuna-fuga-ver","status":"publish","type":"product","link":"https:\/\/akatsukianime.com\/en\/product\/figura-jujutsu-kaisen-luminasta-sukuna-fuga-ver\/","title":{"rendered":"Jujutsu Kaisen Luminasta Sukuna Figure (Escape Ver.)"},"content":{"rendered":"<p><strong>Product Description<\/strong><br \/>\nFrom the hit anime <em>Jujutsu Kaisen<\/em> A new figure from the acclaimed series arrives <em>Luminast<\/em>: the powerful sorcerer <em>Sukuna<\/em>Standing atop a pile of rubble as he unleashes a ferocious flame attack, he sports a sinister grin as he faces his unfortunate opponent. Don&#039;t miss your chance to add this impressive figure to your collection!<\/p>\n<p>The line <em>Luminast<\/em> Sega presents characters from popular series and genres in dynamic and unique poses, with an outstanding level of detail that remains faithful to each character&#039;s original design.<\/p>\n<p><strong>Product Features<\/strong><\/p>\n<ul>\n<li>Height: 9.05 inches (23 cm)<\/li>\n<li>Made of ABS and PVC<\/li>\n<li>Based on the anime <em>Jujutsu Kaisen<\/em><\/li>\n<li>Part of the collection <em>Luminast<\/em><\/li>\n<li>Non-articulated figure<\/li>\n<\/ul>\n<p><strong>Box Contents<\/strong><\/p>\n<ul>\n<li>Figure of <em>Sukuna<\/em><\/li>\n<\/ul>","protected":false},"excerpt":{"rendered":"<p>Descripci\u00f3n del Producto \u00a1Desde el exitoso anime Jujutsu Kaisen llega una nueva figura de la aclamada serie Luminasta: el poderoso<\/p>","protected":false},"featured_media":5151,"template":"","meta":[],"product_cat":[101,65,61,48],"product_tag":[200,307,171,308],"class_list":{"0":"post-5147","1":"product","2":"type-product","3":"status-publish","4":"has-post-thumbnail","6":"product_cat-elige-sega-goods-sega-goods","7":"product_cat-figuras","8":"product_cat-novedades","9":"product_cat-jujutsu-kaisen","10":"product_tag-jujutsu-kaisen","11":"product_tag-ryumen","12":"product_tag-sega","13":"product_tag-sukuna","15":"first","16":"outofstock","17":"taxable","18":"shipping-taxable","19":"purchasable","20":"product-type-simple"},"yoast_head":"<!-- This site is optimized with the Yoast SEO plugin v24.2 - https:\/\/yoast.com\/wordpress\/plugins\/seo\/ -->\n<title>Figura Jujutsu Kaisen Luminasta Sukuna (Fuga Ver.) - Akatsuki anime store<\/title>\n<meta name=\"description\" content=\"A\u00f1ade a tu colecci\u00f3n la figura Sukuna de Jujutsu Kaisen. Detalles \u00fanicos, 23 cm de altura y dise\u00f1o fiel al anime. \u00a1Un imprescindible para fans!\" \/>\n<meta name=\"robots\" content=\"index, follow, max-snippet:-1, max-image-preview:large, max-video-preview:-1\" \/>\n<link rel=\"canonical\" href=\"https:\/\/akatsukianime.com\/en\/product\/figura-jujutsu-kaisen-luminasta-sukuna-fuga-ver\/\" \/>\n<meta property=\"og:locale\" content=\"en_US\" \/>\n<meta property=\"og:type\" content=\"article\" \/>\n<meta property=\"og:title\" content=\"Figura Jujutsu Kaisen Luminasta Sukuna (Fuga Ver.) - Akatsuki anime store\" \/>\n<meta property=\"og:description\" content=\"A\u00f1ade a tu colecci\u00f3n la figura Sukuna de Jujutsu Kaisen. Detalles \u00fanicos, 23 cm de altura y dise\u00f1o fiel al anime. \u00a1Un imprescindible para fans!\" \/>\n<meta property=\"og:url\" content=\"https:\/\/akatsukianime.com\/en\/product\/figura-jujutsu-kaisen-luminasta-sukuna-fuga-ver\/\" \/>\n<meta property=\"og:site_name\" content=\"Akatsuki anime store\" \/>\n<meta property=\"article:modified_time\" content=\"2026-01-05T11:20:14+00:00\" \/>\n<meta property=\"og:image\" content=\"https:\/\/akatsukianime.com\/wp-content\/uploads\/2025\/01\/Figura-Jujutsu-Kaisen-Luminasta-Sukuna-Fuga-Ver.-.jpg\" \/>\n\t<meta property=\"og:image:width\" content=\"1000\" \/>\n\t<meta property=\"og:image:height\" content=\"1000\" \/>\n\t<meta property=\"og:image:type\" content=\"image\/jpeg\" \/>\n<meta name=\"twitter:card\" content=\"summary_large_image\" \/>\n<meta name=\"twitter:label1\" content=\"Est. reading time\" \/>\n\t<meta name=\"twitter:data1\" content=\"1 minute\" \/>\n<script type=\"application\/ld+json\" class=\"yoast-schema-graph\">{\"@context\":\"https:\/\/schema.org\",\"@graph\":[{\"@type\":[\"WebPage\",\"ItemPage\"],\"@id\":\"https:\/\/akatsukianime.com\/product\/figura-jujutsu-kaisen-luminasta-sukuna-fuga-ver\/\",\"url\":\"https:\/\/akatsukianime.com\/product\/figura-jujutsu-kaisen-luminasta-sukuna-fuga-ver\/\",\"name\":\"Figura Jujutsu Kaisen Luminasta Sukuna (Fuga Ver.) - Akatsuki anime store\",\"isPartOf\":{\"@id\":\"https:\/\/akatsukianime.com\/#website\"},\"primaryImageOfPage\":{\"@id\":\"https:\/\/akatsukianime.com\/product\/figura-jujutsu-kaisen-luminasta-sukuna-fuga-ver\/#primaryimage\"},\"image\":{\"@id\":\"https:\/\/akatsukianime.com\/product\/figura-jujutsu-kaisen-luminasta-sukuna-fuga-ver\/#primaryimage\"},\"thumbnailUrl\":\"https:\/\/akatsukianime.com\/wp-content\/uploads\/2025\/01\/Figura-Jujutsu-Kaisen-Luminasta-Sukuna-Fuga-Ver.-.jpg\",\"datePublished\":\"2025-01-10T15:45:06+00:00\",\"dateModified\":\"2026-01-05T11:20:14+00:00\",\"description\":\"A\u00f1ade a tu colecci\u00f3n la figura Sukuna de Jujutsu Kaisen. Detalles \u00fanicos, 23 cm de altura y dise\u00f1o fiel al anime. \u00a1Un imprescindible para fans!\",\"breadcrumb\":{\"@id\":\"https:\/\/akatsukianime.com\/product\/figura-jujutsu-kaisen-luminasta-sukuna-fuga-ver\/#breadcrumb\"},\"inLanguage\":\"en-US\",\"potentialAction\":[{\"@type\":\"ReadAction\",\"target\":[\"https:\/\/akatsukianime.com\/product\/figura-jujutsu-kaisen-luminasta-sukuna-fuga-ver\/\"]}]},{\"@type\":\"ImageObject\",\"inLanguage\":\"en-US\",\"@id\":\"https:\/\/akatsukianime.com\/product\/figura-jujutsu-kaisen-luminasta-sukuna-fuga-ver\/#primaryimage\",\"url\":\"https:\/\/akatsukianime.com\/wp-content\/uploads\/2025\/01\/Figura-Jujutsu-Kaisen-Luminasta-Sukuna-Fuga-Ver.-.jpg\",\"contentUrl\":\"https:\/\/akatsukianime.com\/wp-content\/uploads\/2025\/01\/Figura-Jujutsu-Kaisen-Luminasta-Sukuna-Fuga-Ver.-.jpg\",\"width\":1000,\"height\":1000,\"caption\":\"Sukuna figura Jujutsu Kaisen\"},{\"@type\":\"BreadcrumbList\",\"@id\":\"https:\/\/akatsukianime.com\/product\/figura-jujutsu-kaisen-luminasta-sukuna-fuga-ver\/#breadcrumb\",\"itemListElement\":[{\"@type\":\"ListItem\",\"position\":1,\"name\":\"Portada\",\"item\":\"https:\/\/akatsukianime.com\/\"},{\"@type\":\"ListItem\",\"position\":2,\"name\":\"Tienda\",\"item\":\"https:\/\/akatsukianime.com\/tienda\/\"},{\"@type\":\"ListItem\",\"position\":3,\"name\":\"Figura Jujutsu Kaisen Luminasta Sukuna (Fuga Ver.)\"}]},{\"@type\":\"WebSite\",\"@id\":\"https:\/\/akatsukianime.com\/#website\",\"url\":\"https:\/\/akatsukianime.com\/\",\"name\":\"Akatsuki anime store\",\"description\":\"\",\"potentialAction\":[{\"@type\":\"SearchAction\",\"target\":{\"@type\":\"EntryPoint\",\"urlTemplate\":\"https:\/\/akatsukianime.com\/?s={search_term_string}\"},\"query-input\":{\"@type\":\"PropertyValueSpecification\",\"valueRequired\":true,\"valueName\":\"search_term_string\"}}],\"inLanguage\":\"en-US\"}]}<\/script>\n<!-- \/ Yoast SEO plugin. -->","yoast_head_json":{"title":"Figura Jujutsu Kaisen Luminasta Sukuna (Fuga Ver.) - Akatsuki anime store","description":"A\u00f1ade a tu colecci\u00f3n la figura Sukuna de Jujutsu Kaisen. Detalles \u00fanicos, 23 cm de altura y dise\u00f1o fiel al anime. \u00a1Un imprescindible para fans!","robots":{"index":"index","follow":"follow","max-snippet":"max-snippet:-1","max-image-preview":"max-image-preview:large","max-video-preview":"max-video-preview:-1"},"canonical":"https:\/\/akatsukianime.com\/en\/product\/figura-jujutsu-kaisen-luminasta-sukuna-fuga-ver\/","og_locale":"en_US","og_type":"article","og_title":"Figura Jujutsu Kaisen Luminasta Sukuna (Fuga Ver.) - Akatsuki anime store","og_description":"A\u00f1ade a tu colecci\u00f3n la figura Sukuna de Jujutsu Kaisen. Detalles \u00fanicos, 23 cm de altura y dise\u00f1o fiel al anime. \u00a1Un imprescindible para fans!","og_url":"https:\/\/akatsukianime.com\/en\/product\/figura-jujutsu-kaisen-luminasta-sukuna-fuga-ver\/","og_site_name":"Akatsuki anime store","article_modified_time":"2026-01-05T11:20:14+00:00","og_image":[{"width":1000,"height":1000,"url":"https:\/\/akatsukianime.com\/wp-content\/uploads\/2025\/01\/Figura-Jujutsu-Kaisen-Luminasta-Sukuna-Fuga-Ver.-.jpg","type":"image\/jpeg"}],"twitter_card":"summary_large_image","twitter_misc":{"Est. reading time":"1 minute"},"schema":{"@context":"https:\/\/schema.org","@graph":[{"@type":["WebPage","ItemPage"],"@id":"https:\/\/akatsukianime.com\/product\/figura-jujutsu-kaisen-luminasta-sukuna-fuga-ver\/","url":"https:\/\/akatsukianime.com\/product\/figura-jujutsu-kaisen-luminasta-sukuna-fuga-ver\/","name":"Figura Jujutsu Kaisen Luminasta Sukuna (Fuga Ver.) - Akatsuki anime store","isPartOf":{"@id":"https:\/\/akatsukianime.com\/#website"},"primaryImageOfPage":{"@id":"https:\/\/akatsukianime.com\/product\/figura-jujutsu-kaisen-luminasta-sukuna-fuga-ver\/#primaryimage"},"image":{"@id":"https:\/\/akatsukianime.com\/product\/figura-jujutsu-kaisen-luminasta-sukuna-fuga-ver\/#primaryimage"},"thumbnailUrl":"https:\/\/akatsukianime.com\/wp-content\/uploads\/2025\/01\/Figura-Jujutsu-Kaisen-Luminasta-Sukuna-Fuga-Ver.-.jpg","datePublished":"2025-01-10T15:45:06+00:00","dateModified":"2026-01-05T11:20:14+00:00","description":"A\u00f1ade a tu colecci\u00f3n la figura Sukuna de Jujutsu Kaisen. Detalles \u00fanicos, 23 cm de altura y dise\u00f1o fiel al anime. \u00a1Un imprescindible para fans!","breadcrumb":{"@id":"https:\/\/akatsukianime.com\/product\/figura-jujutsu-kaisen-luminasta-sukuna-fuga-ver\/#breadcrumb"},"inLanguage":"en-US","potentialAction":[{"@type":"ReadAction","target":["https:\/\/akatsukianime.com\/product\/figura-jujutsu-kaisen-luminasta-sukuna-fuga-ver\/"]}]},{"@type":"ImageObject","inLanguage":"en-US","@id":"https:\/\/akatsukianime.com\/product\/figura-jujutsu-kaisen-luminasta-sukuna-fuga-ver\/#primaryimage","url":"https:\/\/akatsukianime.com\/wp-content\/uploads\/2025\/01\/Figura-Jujutsu-Kaisen-Luminasta-Sukuna-Fuga-Ver.-.jpg","contentUrl":"https:\/\/akatsukianime.com\/wp-content\/uploads\/2025\/01\/Figura-Jujutsu-Kaisen-Luminasta-Sukuna-Fuga-Ver.-.jpg","width":1000,"height":1000,"caption":"Sukuna figura Jujutsu Kaisen"},{"@type":"BreadcrumbList","@id":"https:\/\/akatsukianime.com\/product\/figura-jujutsu-kaisen-luminasta-sukuna-fuga-ver\/#breadcrumb","itemListElement":[{"@type":"ListItem","position":1,"name":"Portada","item":"https:\/\/akatsukianime.com\/"},{"@type":"ListItem","position":2,"name":"Tienda","item":"https:\/\/akatsukianime.com\/tienda\/"},{"@type":"ListItem","position":3,"name":"Figura Jujutsu Kaisen Luminasta Sukuna (Fuga Ver.)"}]},{"@type":"WebSite","@id":"https:\/\/akatsukianime.com\/#website","url":"https:\/\/akatsukianime.com\/","name":"Akatsuki anime store","description":"","potentialAction":[{"@type":"SearchAction","target":{"@type":"EntryPoint","urlTemplate":"https:\/\/akatsukianime.com\/?s={search_term_string}"},"query-input":{"@type":"PropertyValueSpecification","valueRequired":true,"valueName":"search_term_string"}}],"inLanguage":"en-US"}]}},"jetpack_sharing_enabled":true,"_links":{"self":[{"href":"https:\/\/akatsukianime.com\/en\/wp-json\/wp\/v2\/product\/5147","targetHints":{"allow":["GET"]}}],"collection":[{"href":"https:\/\/akatsukianime.com\/en\/wp-json\/wp\/v2\/product"}],"about":[{"href":"https:\/\/akatsukianime.com\/en\/wp-json\/wp\/v2\/types\/product"}],"version-history":[{"count":1,"href":"https:\/\/akatsukianime.com\/en\/wp-json\/wp\/v2\/product\/5147\/revisions"}],"predecessor-version":[{"id":5157,"href":"https:\/\/akatsukianime.com\/en\/wp-json\/wp\/v2\/product\/5147\/revisions\/5157"}],"wp:featuredmedia":[{"embeddable":true,"href":"https:\/\/akatsukianime.com\/en\/wp-json\/wp\/v2\/media\/5151"}],"wp:attachment":[{"href":"https:\/\/akatsukianime.com\/en\/wp-json\/wp\/v2\/media?parent=5147"}],"wp:term":[{"taxonomy":"product_cat","embeddable":true,"href":"https:\/\/akatsukianime.com\/en\/wp-json\/wp\/v2\/product_cat?post=5147"},{"taxonomy":"product_tag","embeddable":true,"href":"https:\/\/akatsukianime.com\/en\/wp-json\/wp\/v2\/product_tag?post=5147"}],"curies":[{"name":"wp","href":"https:\/\/api.w.org\/{rel}","templated":true}]}}