{"id":5179,"date":"2025-01-13T19:44:55","date_gmt":"2025-01-13T18:44:55","guid":{"rendered":"https:\/\/akatsukianime.com\/?post_type=product&#038;p=5179"},"modified":"2025-04-23T19:54:17","modified_gmt":"2025-04-23T17:54:17","slug":"figura-izuku-midoriya-my-hero-academia","status":"publish","type":"product","link":"https:\/\/akatsukianime.com\/en\/product\/figura-izuku-midoriya-my-hero-academia\/","title":{"rendered":"Figure Izuku Midoriya My Hero Academia"},"content":{"rendered":"<p><strong>Product Description<\/strong><br \/>\nFrom the hit anime <em>My Hero Academia<\/em> A new figure from the popular line arrives <em>The Amazing Heroes Plus<\/em>: the hero <em>One for All<\/em>, Izuku Midoriya! Unleashing his power to confront the <em>League of Villains<\/em>, this figure is the perfect addition to any collection. Order yours today!<\/p>\n<p><strong>Product Features<\/strong><\/p>\n<ul>\n<li>Height: 3.1 inches (7.87 cm)<\/li>\n<li>Made of plastic<\/li>\n<li>Based on the anime <em>My Hero Academia<\/em><\/li>\n<li>Part of the line of figures <em>The Amazing Heroes Plus<\/em><\/li>\n<li>Highly detailed<\/li>\n<li>Non-articulated figure<\/li>\n<\/ul>\n<p><strong>Box Contents<\/strong><\/p>\n<ul>\n<li>Figure of <em>Izuku Midoriya<\/em><\/li>\n<\/ul>","protected":false},"excerpt":{"rendered":"<p>Product Description From the hit anime My Hero Academia comes a new figure from the popular The Amazing World line.<\/p>","protected":false},"featured_media":5184,"template":"","meta":[],"product_cat":[95,65,61,52],"product_tag":[314,311,313,312],"class_list":{"0":"post-5179","1":"product","2":"type-product","3":"status-publish","4":"has-post-thumbnail","6":"product_cat-banpresto","7":"product_cat-figuras","8":"product_cat-novedades","9":"product_cat-my-hero-academia","10":"product_tag-deku","11":"product_tag-izuku","12":"product_tag-mha","13":"product_tag-midoriya","15":"first","16":"outofstock","17":"sold-individually","18":"taxable","19":"shipping-taxable","20":"purchasable","21":"product-type-simple"},"yoast_head":"<!-- This site is optimized with the Yoast SEO plugin v24.2 - https:\/\/yoast.com\/wordpress\/plugins\/seo\/ -->\n<title>Figura Izuku Midoriya My Hero Academia - Akatsuki anime store<\/title>\n<meta name=\"description\" content=\"Consigue la figura Izuku Midoriya de My Hero Academia. Detalles \u00fanicos, 7.87 cm de altura y dise\u00f1o fiel al anime. \u00a1A\u00f1\u00e1dela a tu colecci\u00f3n!\" \/>\n<meta name=\"robots\" content=\"index, follow, max-snippet:-1, max-image-preview:large, max-video-preview:-1\" \/>\n<link rel=\"canonical\" href=\"https:\/\/akatsukianime.com\/en\/product\/figura-izuku-midoriya-my-hero-academia\/\" \/>\n<meta property=\"og:locale\" content=\"en_US\" \/>\n<meta property=\"og:type\" content=\"article\" \/>\n<meta property=\"og:title\" content=\"Figura Izuku Midoriya My Hero Academia - Akatsuki anime store\" \/>\n<meta property=\"og:description\" content=\"Consigue la figura Izuku Midoriya de My Hero Academia. Detalles \u00fanicos, 7.87 cm de altura y dise\u00f1o fiel al anime. \u00a1A\u00f1\u00e1dela a tu colecci\u00f3n!\" \/>\n<meta property=\"og:url\" content=\"https:\/\/akatsukianime.com\/en\/product\/figura-izuku-midoriya-my-hero-academia\/\" \/>\n<meta property=\"og:site_name\" content=\"Akatsuki anime store\" \/>\n<meta property=\"article:modified_time\" content=\"2025-04-23T17:54:17+00:00\" \/>\n<meta property=\"og:image\" content=\"https:\/\/akatsukianime.com\/wp-content\/uploads\/2025\/01\/My-Hero-Academia-The-Amazing-Heroes-Plus-Izuku-Midoriya-Special-Ver.jpg\" \/>\n\t<meta property=\"og:image:width\" content=\"1000\" \/>\n\t<meta property=\"og:image:height\" content=\"1000\" \/>\n\t<meta property=\"og:image:type\" content=\"image\/jpeg\" \/>\n<meta name=\"twitter:card\" content=\"summary_large_image\" \/>\n<meta name=\"twitter:label1\" content=\"Est. reading time\" \/>\n\t<meta name=\"twitter:data1\" content=\"1 minute\" \/>\n<script type=\"application\/ld+json\" class=\"yoast-schema-graph\">{\"@context\":\"https:\/\/schema.org\",\"@graph\":[{\"@type\":[\"WebPage\",\"ItemPage\"],\"@id\":\"https:\/\/akatsukianime.com\/product\/figura-izuku-midoriya-my-hero-academia\/\",\"url\":\"https:\/\/akatsukianime.com\/product\/figura-izuku-midoriya-my-hero-academia\/\",\"name\":\"Figura Izuku Midoriya My Hero Academia - Akatsuki anime store\",\"isPartOf\":{\"@id\":\"https:\/\/akatsukianime.com\/#website\"},\"primaryImageOfPage\":{\"@id\":\"https:\/\/akatsukianime.com\/product\/figura-izuku-midoriya-my-hero-academia\/#primaryimage\"},\"image\":{\"@id\":\"https:\/\/akatsukianime.com\/product\/figura-izuku-midoriya-my-hero-academia\/#primaryimage\"},\"thumbnailUrl\":\"https:\/\/akatsukianime.com\/wp-content\/uploads\/2025\/01\/My-Hero-Academia-The-Amazing-Heroes-Plus-Izuku-Midoriya-Special-Ver.jpg\",\"datePublished\":\"2025-01-13T18:44:55+00:00\",\"dateModified\":\"2025-04-23T17:54:17+00:00\",\"description\":\"Consigue la figura Izuku Midoriya de My Hero Academia. Detalles \u00fanicos, 7.87 cm de altura y dise\u00f1o fiel al anime. \u00a1A\u00f1\u00e1dela a tu colecci\u00f3n!\",\"breadcrumb\":{\"@id\":\"https:\/\/akatsukianime.com\/product\/figura-izuku-midoriya-my-hero-academia\/#breadcrumb\"},\"inLanguage\":\"en-US\",\"potentialAction\":[{\"@type\":\"ReadAction\",\"target\":[\"https:\/\/akatsukianime.com\/product\/figura-izuku-midoriya-my-hero-academia\/\"]}]},{\"@type\":\"ImageObject\",\"inLanguage\":\"en-US\",\"@id\":\"https:\/\/akatsukianime.com\/product\/figura-izuku-midoriya-my-hero-academia\/#primaryimage\",\"url\":\"https:\/\/akatsukianime.com\/wp-content\/uploads\/2025\/01\/My-Hero-Academia-The-Amazing-Heroes-Plus-Izuku-Midoriya-Special-Ver.jpg\",\"contentUrl\":\"https:\/\/akatsukianime.com\/wp-content\/uploads\/2025\/01\/My-Hero-Academia-The-Amazing-Heroes-Plus-Izuku-Midoriya-Special-Ver.jpg\",\"width\":1000,\"height\":1000,\"caption\":\"Figura Izuku Midoriya My Hero Academia\"},{\"@type\":\"BreadcrumbList\",\"@id\":\"https:\/\/akatsukianime.com\/product\/figura-izuku-midoriya-my-hero-academia\/#breadcrumb\",\"itemListElement\":[{\"@type\":\"ListItem\",\"position\":1,\"name\":\"Portada\",\"item\":\"https:\/\/akatsukianime.com\/\"},{\"@type\":\"ListItem\",\"position\":2,\"name\":\"Tienda\",\"item\":\"https:\/\/akatsukianime.com\/tienda\/\"},{\"@type\":\"ListItem\",\"position\":3,\"name\":\"Figura Izuku Midoriya My Hero Academia\"}]},{\"@type\":\"WebSite\",\"@id\":\"https:\/\/akatsukianime.com\/#website\",\"url\":\"https:\/\/akatsukianime.com\/\",\"name\":\"Akatsuki anime store\",\"description\":\"\",\"potentialAction\":[{\"@type\":\"SearchAction\",\"target\":{\"@type\":\"EntryPoint\",\"urlTemplate\":\"https:\/\/akatsukianime.com\/?s={search_term_string}\"},\"query-input\":{\"@type\":\"PropertyValueSpecification\",\"valueRequired\":true,\"valueName\":\"search_term_string\"}}],\"inLanguage\":\"en-US\"}]}<\/script>\n<!-- \/ Yoast SEO plugin. -->","yoast_head_json":{"title":"Figura Izuku Midoriya My Hero Academia - Akatsuki anime store","description":"Consigue la figura Izuku Midoriya de My Hero Academia. Detalles \u00fanicos, 7.87 cm de altura y dise\u00f1o fiel al anime. \u00a1A\u00f1\u00e1dela a tu colecci\u00f3n!","robots":{"index":"index","follow":"follow","max-snippet":"max-snippet:-1","max-image-preview":"max-image-preview:large","max-video-preview":"max-video-preview:-1"},"canonical":"https:\/\/akatsukianime.com\/en\/product\/figura-izuku-midoriya-my-hero-academia\/","og_locale":"en_US","og_type":"article","og_title":"Figura Izuku Midoriya My Hero Academia - Akatsuki anime store","og_description":"Consigue la figura Izuku Midoriya de My Hero Academia. Detalles \u00fanicos, 7.87 cm de altura y dise\u00f1o fiel al anime. \u00a1A\u00f1\u00e1dela a tu colecci\u00f3n!","og_url":"https:\/\/akatsukianime.com\/en\/product\/figura-izuku-midoriya-my-hero-academia\/","og_site_name":"Akatsuki anime store","article_modified_time":"2025-04-23T17:54:17+00:00","og_image":[{"width":1000,"height":1000,"url":"https:\/\/akatsukianime.com\/wp-content\/uploads\/2025\/01\/My-Hero-Academia-The-Amazing-Heroes-Plus-Izuku-Midoriya-Special-Ver.jpg","type":"image\/jpeg"}],"twitter_card":"summary_large_image","twitter_misc":{"Est. reading time":"1 minute"},"schema":{"@context":"https:\/\/schema.org","@graph":[{"@type":["WebPage","ItemPage"],"@id":"https:\/\/akatsukianime.com\/product\/figura-izuku-midoriya-my-hero-academia\/","url":"https:\/\/akatsukianime.com\/product\/figura-izuku-midoriya-my-hero-academia\/","name":"Figura Izuku Midoriya My Hero Academia - Akatsuki anime store","isPartOf":{"@id":"https:\/\/akatsukianime.com\/#website"},"primaryImageOfPage":{"@id":"https:\/\/akatsukianime.com\/product\/figura-izuku-midoriya-my-hero-academia\/#primaryimage"},"image":{"@id":"https:\/\/akatsukianime.com\/product\/figura-izuku-midoriya-my-hero-academia\/#primaryimage"},"thumbnailUrl":"https:\/\/akatsukianime.com\/wp-content\/uploads\/2025\/01\/My-Hero-Academia-The-Amazing-Heroes-Plus-Izuku-Midoriya-Special-Ver.jpg","datePublished":"2025-01-13T18:44:55+00:00","dateModified":"2025-04-23T17:54:17+00:00","description":"Consigue la figura Izuku Midoriya de My Hero Academia. Detalles \u00fanicos, 7.87 cm de altura y dise\u00f1o fiel al anime. \u00a1A\u00f1\u00e1dela a tu colecci\u00f3n!","breadcrumb":{"@id":"https:\/\/akatsukianime.com\/product\/figura-izuku-midoriya-my-hero-academia\/#breadcrumb"},"inLanguage":"en-US","potentialAction":[{"@type":"ReadAction","target":["https:\/\/akatsukianime.com\/product\/figura-izuku-midoriya-my-hero-academia\/"]}]},{"@type":"ImageObject","inLanguage":"en-US","@id":"https:\/\/akatsukianime.com\/product\/figura-izuku-midoriya-my-hero-academia\/#primaryimage","url":"https:\/\/akatsukianime.com\/wp-content\/uploads\/2025\/01\/My-Hero-Academia-The-Amazing-Heroes-Plus-Izuku-Midoriya-Special-Ver.jpg","contentUrl":"https:\/\/akatsukianime.com\/wp-content\/uploads\/2025\/01\/My-Hero-Academia-The-Amazing-Heroes-Plus-Izuku-Midoriya-Special-Ver.jpg","width":1000,"height":1000,"caption":"Figura Izuku Midoriya My Hero Academia"},{"@type":"BreadcrumbList","@id":"https:\/\/akatsukianime.com\/product\/figura-izuku-midoriya-my-hero-academia\/#breadcrumb","itemListElement":[{"@type":"ListItem","position":1,"name":"Portada","item":"https:\/\/akatsukianime.com\/"},{"@type":"ListItem","position":2,"name":"Tienda","item":"https:\/\/akatsukianime.com\/tienda\/"},{"@type":"ListItem","position":3,"name":"Figura Izuku Midoriya My Hero Academia"}]},{"@type":"WebSite","@id":"https:\/\/akatsukianime.com\/#website","url":"https:\/\/akatsukianime.com\/","name":"Akatsuki anime store","description":"","potentialAction":[{"@type":"SearchAction","target":{"@type":"EntryPoint","urlTemplate":"https:\/\/akatsukianime.com\/?s={search_term_string}"},"query-input":{"@type":"PropertyValueSpecification","valueRequired":true,"valueName":"search_term_string"}}],"inLanguage":"en-US"}]}},"jetpack_sharing_enabled":true,"_links":{"self":[{"href":"https:\/\/akatsukianime.com\/en\/wp-json\/wp\/v2\/product\/5179","targetHints":{"allow":["GET"]}}],"collection":[{"href":"https:\/\/akatsukianime.com\/en\/wp-json\/wp\/v2\/product"}],"about":[{"href":"https:\/\/akatsukianime.com\/en\/wp-json\/wp\/v2\/types\/product"}],"version-history":[{"count":1,"href":"https:\/\/akatsukianime.com\/en\/wp-json\/wp\/v2\/product\/5179\/revisions"}],"predecessor-version":[{"id":5185,"href":"https:\/\/akatsukianime.com\/en\/wp-json\/wp\/v2\/product\/5179\/revisions\/5185"}],"wp:featuredmedia":[{"embeddable":true,"href":"https:\/\/akatsukianime.com\/en\/wp-json\/wp\/v2\/media\/5184"}],"wp:attachment":[{"href":"https:\/\/akatsukianime.com\/en\/wp-json\/wp\/v2\/media?parent=5179"}],"wp:term":[{"taxonomy":"product_cat","embeddable":true,"href":"https:\/\/akatsukianime.com\/en\/wp-json\/wp\/v2\/product_cat?post=5179"},{"taxonomy":"product_tag","embeddable":true,"href":"https:\/\/akatsukianime.com\/en\/wp-json\/wp\/v2\/product_tag?post=5179"}],"curies":[{"name":"wp","href":"https:\/\/api.w.org\/{rel}","templated":true}]}}