{"id":5398,"date":"2025-01-29T16:49:17","date_gmt":"2025-01-29T15:49:17","guid":{"rendered":"https:\/\/akatsukianime.com\/?post_type=product&#038;p=5398"},"modified":"2025-03-28T13:04:39","modified_gmt":"2025-03-28T12:04:39","slug":"hg-1-144-gundam-ex-mobile-suit-gundam-requiem-for-vengeance-gunpla","status":"publish","type":"product","link":"https:\/\/akatsukianime.com\/en\/product\/hg-1-144-gundam-ex-mobile-suit-gundam-requiem-for-vengeance-gunpla\/","title":{"rendered":"HG 1\/144 Gundam EX Mobile Suit Gundam: Requiem for Vengeance Gunpla"},"content":{"rendered":"<h3><strong>Product Description<\/strong><\/h3>\n<p>The imposing <em>Gundam EX<\/em> of <em>Mobile Suit Gundam: Requiem for Vengeance<\/em> arrives in a spectacular HG model (<em>High Grade)<\/em>\u00a0at 1\/144 scale!<\/p>\n<p>This Gunpla accurately captures the high-density detail and dynamic action of the CGI animation from the Netflix exclusive series. Its impressive weaponry includes a shoulder-mounted Gatling gun with a flexible strap, an attachable beam rifle on the back, and three removable energy sabers. The shield features detailed design on both the front and back.<\/p>\n<p>Take him into battle and bring your combat to life with an action base (sold separately)! Plus, it includes decals to accurately replicate unit emblems and markings.<\/p>\n<h3><strong>Product Features<\/strong><\/h3>\n<ul>\n<li><strong>Scale:<\/strong> 1\/144<\/li>\n<li><strong>Material:<\/strong> High quality plastic<\/li>\n<li><strong>Based on:<\/strong> <em>Mobile Suit Gundam: Requiem for Vengeance<\/em><\/li>\n<li><strong>Part of the series:<\/strong> <em>High Grade<\/em><\/li>\n<li><strong>High articulation and possibility of dynamic poses<\/strong><\/li>\n<li><strong>Interchangeable parts and detailed accessories<\/strong><\/li>\n<\/ul>\n<h3><strong>Box Contents<\/strong><\/h3>\n<ul>\n<li>Parts to assemble the Gunpla HG <em>Gundam EX<\/em><\/li>\n<li>Ray Rifle<\/li>\n<li>3 Energy Sabers (with hilt)<\/li>\n<li>Shield<\/li>\n<li>Instruction manual<\/li>\n<\/ul>\n<p>Gundam EX vs ZEON Troops<\/p>\n<p><iframe title=\"Gundam EX &amp; GM VS Zaku &amp; Zeon Army - Gundam: Requiem for Vengeance\" width=\"500\" height=\"281\" src=\"https:\/\/www.youtube.com\/embed\/eSpgkzHGzr4?feature=oembed&#038;enablejsapi=1&#038;origin=https:\/\/akatsukianime.com\" frameborder=\"0\" allow=\"accelerometer; autoplay; clipboard-write; encrypted-media; gyroscope; picture-in-picture; web-share\" referrerpolicy=\"strict-origin-when-cross-origin\" allowfullscreen><\/iframe><\/p>","protected":false},"excerpt":{"rendered":"<p>Descripci\u00f3n del Producto \u00a1EL imponente Gundam EX de Mobile Suit Gundam: Requiem for Vengeance llega en una espectacular maqueta HG<\/p>","protected":false},"featured_media":5412,"template":"","meta":[],"product_cat":[94,66,180,61,56],"product_tag":[106,183,181,104],"class_list":{"0":"post-5398","1":"product","2":"type-product","3":"status-publish","4":"has-post-thumbnail","6":"product_cat-bandai-hobby-site","7":"product_cat-model-kit","8":"product_cat-3-high-grade-1-144","9":"product_cat-novedades","10":"product_cat-gundam","11":"product_tag-bandai-hobby","12":"product_tag-hg-1-144","13":"product_tag-mobile-suit-gundam","14":"product_tag-model-kit","16":"first","17":"outofstock","18":"sold-individually","19":"taxable","20":"shipping-taxable","21":"purchasable","22":"product-type-simple"},"yoast_head":"<!-- This site is optimized with the Yoast SEO plugin v24.2 - https:\/\/yoast.com\/wordpress\/plugins\/seo\/ -->\n<title>HG 1\/144 Gundam EX Mobile Suit Gundam: Requiem for Vengeance Gunpla - Akatsuki anime store<\/title>\n<meta name=\"description\" content=\"Construye Gundam EX de Requiem for Vengeance con esta maqueta High Grade 1\/144. Detalles precisos, armas y poses din\u00e1micas. \u00a1A\u00f1\u00e1delo a tu colecci\u00f3n!\" \/>\n<meta name=\"robots\" content=\"index, follow, max-snippet:-1, max-image-preview:large, max-video-preview:-1\" \/>\n<link rel=\"canonical\" href=\"https:\/\/akatsukianime.com\/en\/product\/hg-1-144-gundam-ex-mobile-suit-gundam-requiem-for-vengeance-gunpla\/\" \/>\n<meta property=\"og:locale\" content=\"en_US\" \/>\n<meta property=\"og:type\" content=\"article\" \/>\n<meta property=\"og:title\" content=\"HG 1\/144 Gundam EX Mobile Suit Gundam: Requiem for Vengeance Gunpla - Akatsuki anime store\" \/>\n<meta property=\"og:description\" content=\"Construye Gundam EX de Requiem for Vengeance con esta maqueta High Grade 1\/144. Detalles precisos, armas y poses din\u00e1micas. \u00a1A\u00f1\u00e1delo a tu colecci\u00f3n!\" \/>\n<meta property=\"og:url\" content=\"https:\/\/akatsukianime.com\/en\/product\/hg-1-144-gundam-ex-mobile-suit-gundam-requiem-for-vengeance-gunpla\/\" \/>\n<meta property=\"og:site_name\" content=\"Akatsuki anime store\" \/>\n<meta property=\"article:modified_time\" content=\"2025-03-28T12:04:39+00:00\" \/>\n<meta property=\"og:image\" content=\"https:\/\/akatsukianime.com\/wp-content\/uploads\/2025\/01\/hg-rfv-gundam-ex.jpg\" \/>\n\t<meta property=\"og:image:width\" content=\"1000\" \/>\n\t<meta property=\"og:image:height\" content=\"1000\" \/>\n\t<meta property=\"og:image:type\" content=\"image\/jpeg\" \/>\n<meta name=\"twitter:card\" content=\"summary_large_image\" \/>\n<meta name=\"twitter:label1\" content=\"Est. reading time\" \/>\n\t<meta name=\"twitter:data1\" content=\"2 minutes\" \/>\n<script type=\"application\/ld+json\" class=\"yoast-schema-graph\">{\"@context\":\"https:\/\/schema.org\",\"@graph\":[{\"@type\":[\"WebPage\",\"ItemPage\"],\"@id\":\"https:\/\/akatsukianime.com\/product\/hg-1-144-gundam-ex-mobile-suit-gundam-requiem-for-vengeance-gunpla\/\",\"url\":\"https:\/\/akatsukianime.com\/product\/hg-1-144-gundam-ex-mobile-suit-gundam-requiem-for-vengeance-gunpla\/\",\"name\":\"HG 1\/144 Gundam EX Mobile Suit Gundam: Requiem for Vengeance Gunpla - Akatsuki anime store\",\"isPartOf\":{\"@id\":\"https:\/\/akatsukianime.com\/#website\"},\"primaryImageOfPage\":{\"@id\":\"https:\/\/akatsukianime.com\/product\/hg-1-144-gundam-ex-mobile-suit-gundam-requiem-for-vengeance-gunpla\/#primaryimage\"},\"image\":{\"@id\":\"https:\/\/akatsukianime.com\/product\/hg-1-144-gundam-ex-mobile-suit-gundam-requiem-for-vengeance-gunpla\/#primaryimage\"},\"thumbnailUrl\":\"https:\/\/akatsukianime.com\/wp-content\/uploads\/2025\/01\/hg-rfv-gundam-ex.jpg\",\"datePublished\":\"2025-01-29T15:49:17+00:00\",\"dateModified\":\"2025-03-28T12:04:39+00:00\",\"description\":\"Construye Gundam EX de Requiem for Vengeance con esta maqueta High Grade 1\/144. Detalles precisos, armas y poses din\u00e1micas. \u00a1A\u00f1\u00e1delo a tu colecci\u00f3n!\",\"breadcrumb\":{\"@id\":\"https:\/\/akatsukianime.com\/product\/hg-1-144-gundam-ex-mobile-suit-gundam-requiem-for-vengeance-gunpla\/#breadcrumb\"},\"inLanguage\":\"en-US\",\"potentialAction\":[{\"@type\":\"ReadAction\",\"target\":[\"https:\/\/akatsukianime.com\/product\/hg-1-144-gundam-ex-mobile-suit-gundam-requiem-for-vengeance-gunpla\/\"]}]},{\"@type\":\"ImageObject\",\"inLanguage\":\"en-US\",\"@id\":\"https:\/\/akatsukianime.com\/product\/hg-1-144-gundam-ex-mobile-suit-gundam-requiem-for-vengeance-gunpla\/#primaryimage\",\"url\":\"https:\/\/akatsukianime.com\/wp-content\/uploads\/2025\/01\/hg-rfv-gundam-ex.jpg\",\"contentUrl\":\"https:\/\/akatsukianime.com\/wp-content\/uploads\/2025\/01\/hg-rfv-gundam-ex.jpg\",\"width\":1000,\"height\":1000,\"caption\":\"hg gundam ex gunpla\"},{\"@type\":\"BreadcrumbList\",\"@id\":\"https:\/\/akatsukianime.com\/product\/hg-1-144-gundam-ex-mobile-suit-gundam-requiem-for-vengeance-gunpla\/#breadcrumb\",\"itemListElement\":[{\"@type\":\"ListItem\",\"position\":1,\"name\":\"Portada\",\"item\":\"https:\/\/akatsukianime.com\/\"},{\"@type\":\"ListItem\",\"position\":2,\"name\":\"Tienda\",\"item\":\"https:\/\/akatsukianime.com\/tienda\/\"},{\"@type\":\"ListItem\",\"position\":3,\"name\":\"HG 1\/144 Gundam EX Mobile Suit Gundam: Requiem for Vengeance Gunpla\"}]},{\"@type\":\"WebSite\",\"@id\":\"https:\/\/akatsukianime.com\/#website\",\"url\":\"https:\/\/akatsukianime.com\/\",\"name\":\"Akatsuki anime store\",\"description\":\"\",\"potentialAction\":[{\"@type\":\"SearchAction\",\"target\":{\"@type\":\"EntryPoint\",\"urlTemplate\":\"https:\/\/akatsukianime.com\/?s={search_term_string}\"},\"query-input\":{\"@type\":\"PropertyValueSpecification\",\"valueRequired\":true,\"valueName\":\"search_term_string\"}}],\"inLanguage\":\"en-US\"}]}<\/script>\n<!-- \/ Yoast SEO plugin. -->","yoast_head_json":{"title":"HG 1\/144 Gundam EX Mobile Suit Gundam: Requiem for Vengeance Gunpla - Akatsuki anime store","description":"Construye Gundam EX de Requiem for Vengeance con esta maqueta High Grade 1\/144. Detalles precisos, armas y poses din\u00e1micas. \u00a1A\u00f1\u00e1delo a tu colecci\u00f3n!","robots":{"index":"index","follow":"follow","max-snippet":"max-snippet:-1","max-image-preview":"max-image-preview:large","max-video-preview":"max-video-preview:-1"},"canonical":"https:\/\/akatsukianime.com\/en\/product\/hg-1-144-gundam-ex-mobile-suit-gundam-requiem-for-vengeance-gunpla\/","og_locale":"en_US","og_type":"article","og_title":"HG 1\/144 Gundam EX Mobile Suit Gundam: Requiem for Vengeance Gunpla - Akatsuki anime store","og_description":"Construye Gundam EX de Requiem for Vengeance con esta maqueta High Grade 1\/144. Detalles precisos, armas y poses din\u00e1micas. \u00a1A\u00f1\u00e1delo a tu colecci\u00f3n!","og_url":"https:\/\/akatsukianime.com\/en\/product\/hg-1-144-gundam-ex-mobile-suit-gundam-requiem-for-vengeance-gunpla\/","og_site_name":"Akatsuki anime store","article_modified_time":"2025-03-28T12:04:39+00:00","og_image":[{"width":1000,"height":1000,"url":"https:\/\/akatsukianime.com\/wp-content\/uploads\/2025\/01\/hg-rfv-gundam-ex.jpg","type":"image\/jpeg"}],"twitter_card":"summary_large_image","twitter_misc":{"Est. reading time":"2 minutes"},"schema":{"@context":"https:\/\/schema.org","@graph":[{"@type":["WebPage","ItemPage"],"@id":"https:\/\/akatsukianime.com\/product\/hg-1-144-gundam-ex-mobile-suit-gundam-requiem-for-vengeance-gunpla\/","url":"https:\/\/akatsukianime.com\/product\/hg-1-144-gundam-ex-mobile-suit-gundam-requiem-for-vengeance-gunpla\/","name":"HG 1\/144 Gundam EX Mobile Suit Gundam: Requiem for Vengeance Gunpla - Akatsuki anime store","isPartOf":{"@id":"https:\/\/akatsukianime.com\/#website"},"primaryImageOfPage":{"@id":"https:\/\/akatsukianime.com\/product\/hg-1-144-gundam-ex-mobile-suit-gundam-requiem-for-vengeance-gunpla\/#primaryimage"},"image":{"@id":"https:\/\/akatsukianime.com\/product\/hg-1-144-gundam-ex-mobile-suit-gundam-requiem-for-vengeance-gunpla\/#primaryimage"},"thumbnailUrl":"https:\/\/akatsukianime.com\/wp-content\/uploads\/2025\/01\/hg-rfv-gundam-ex.jpg","datePublished":"2025-01-29T15:49:17+00:00","dateModified":"2025-03-28T12:04:39+00:00","description":"Construye Gundam EX de Requiem for Vengeance con esta maqueta High Grade 1\/144. Detalles precisos, armas y poses din\u00e1micas. \u00a1A\u00f1\u00e1delo a tu colecci\u00f3n!","breadcrumb":{"@id":"https:\/\/akatsukianime.com\/product\/hg-1-144-gundam-ex-mobile-suit-gundam-requiem-for-vengeance-gunpla\/#breadcrumb"},"inLanguage":"en-US","potentialAction":[{"@type":"ReadAction","target":["https:\/\/akatsukianime.com\/product\/hg-1-144-gundam-ex-mobile-suit-gundam-requiem-for-vengeance-gunpla\/"]}]},{"@type":"ImageObject","inLanguage":"en-US","@id":"https:\/\/akatsukianime.com\/product\/hg-1-144-gundam-ex-mobile-suit-gundam-requiem-for-vengeance-gunpla\/#primaryimage","url":"https:\/\/akatsukianime.com\/wp-content\/uploads\/2025\/01\/hg-rfv-gundam-ex.jpg","contentUrl":"https:\/\/akatsukianime.com\/wp-content\/uploads\/2025\/01\/hg-rfv-gundam-ex.jpg","width":1000,"height":1000,"caption":"hg gundam ex gunpla"},{"@type":"BreadcrumbList","@id":"https:\/\/akatsukianime.com\/product\/hg-1-144-gundam-ex-mobile-suit-gundam-requiem-for-vengeance-gunpla\/#breadcrumb","itemListElement":[{"@type":"ListItem","position":1,"name":"Portada","item":"https:\/\/akatsukianime.com\/"},{"@type":"ListItem","position":2,"name":"Tienda","item":"https:\/\/akatsukianime.com\/tienda\/"},{"@type":"ListItem","position":3,"name":"HG 1\/144 Gundam EX Mobile Suit Gundam: Requiem for Vengeance Gunpla"}]},{"@type":"WebSite","@id":"https:\/\/akatsukianime.com\/#website","url":"https:\/\/akatsukianime.com\/","name":"Akatsuki anime store","description":"","potentialAction":[{"@type":"SearchAction","target":{"@type":"EntryPoint","urlTemplate":"https:\/\/akatsukianime.com\/?s={search_term_string}"},"query-input":{"@type":"PropertyValueSpecification","valueRequired":true,"valueName":"search_term_string"}}],"inLanguage":"en-US"}]}},"jetpack_sharing_enabled":true,"_links":{"self":[{"href":"https:\/\/akatsukianime.com\/en\/wp-json\/wp\/v2\/product\/5398","targetHints":{"allow":["GET"]}}],"collection":[{"href":"https:\/\/akatsukianime.com\/en\/wp-json\/wp\/v2\/product"}],"about":[{"href":"https:\/\/akatsukianime.com\/en\/wp-json\/wp\/v2\/types\/product"}],"version-history":[{"count":3,"href":"https:\/\/akatsukianime.com\/en\/wp-json\/wp\/v2\/product\/5398\/revisions"}],"predecessor-version":[{"id":5416,"href":"https:\/\/akatsukianime.com\/en\/wp-json\/wp\/v2\/product\/5398\/revisions\/5416"}],"wp:featuredmedia":[{"embeddable":true,"href":"https:\/\/akatsukianime.com\/en\/wp-json\/wp\/v2\/media\/5412"}],"wp:attachment":[{"href":"https:\/\/akatsukianime.com\/en\/wp-json\/wp\/v2\/media?parent=5398"}],"wp:term":[{"taxonomy":"product_cat","embeddable":true,"href":"https:\/\/akatsukianime.com\/en\/wp-json\/wp\/v2\/product_cat?post=5398"},{"taxonomy":"product_tag","embeddable":true,"href":"https:\/\/akatsukianime.com\/en\/wp-json\/wp\/v2\/product_tag?post=5398"}],"curies":[{"name":"wp","href":"https:\/\/api.w.org\/{rel}","templated":true}]}}