{"id":5469,"date":"2025-01-31T19:02:46","date_gmt":"2025-01-31T18:02:46","guid":{"rendered":"https:\/\/akatsukianime.com\/?post_type=product&#038;p=5469"},"modified":"2026-01-26T18:50:01","modified_gmt":"2026-01-26T17:50:01","slug":"miku-hatsune-luminasta-figure-miku-x-cinnamoroll-ver","status":"publish","type":"product","link":"https:\/\/akatsukianime.com\/en\/product\/miku-hatsune-luminasta-figure-miku-x-cinnamoroll-ver\/","title":{"rendered":"MIKU HATSUNE \u2013 LUMINASTA FIGURE \u2013 MIKU X CINNAMOROLL VER."},"content":{"rendered":"<p><span style=\"color: #ff0000;\">*EXCLUSIVE WEBSITE ITEM<\/span><\/p>\n<p><strong>Product Description<\/strong><\/p>\n<p>This <em>figure from the Luminasta collection of Hatsune Miku<\/em> brings us an adorable crossover between the iconic virtual singer and Cinnamoroll, Sanrio\u2019s cute celestial puppy. This unique collaboration brings to life a charming and stylish figure.<\/p>\n<h3>\u2728 A delicate design<\/h3>\n<p>Hatsune Miku is depicted in an elegant pose, tenderly holding Cinnamoroll in her arms. Both characters wear coordinated outfits, achieving perfect visual harmony. The details are meticulously crafted, from facial expressions to the textures of clothing and accessories.<\/p>\n<p>\ud83c\udfb6 Perfect for collectors and fans of <em>Hatsune Miku<\/em> and <em>Sanrio<\/em>, this figure is a must-have for your collection.<\/p>\n<p>&nbsp;<\/p>","protected":false},"excerpt":{"rendered":"<p>*ITEM EXCLUSIVO DE P\u00c1GINA WEB Descripci\u00f3n de producto Esta figura de la colecci\u00f3n Luminasta de Hatsune Miku nos trae un<\/p>","protected":false},"featured_media":5470,"template":"","meta":[],"product_cat":[101,65,61,49],"product_tag":[321,233,218,320,171],"class_list":{"0":"post-5469","1":"product","2":"type-product","3":"status-publish","4":"has-post-thumbnail","6":"product_cat-elige-sega-goods-sega-goods","7":"product_cat-figuras","8":"product_cat-novedades","9":"product_cat-hatsune-miku","10":"product_tag-cinnamoroll","11":"product_tag-hatsune-miku","12":"product_tag-luminasta","13":"product_tag-sanrio","14":"product_tag-sega","16":"first","17":"instock","18":"taxable","19":"shipping-taxable","20":"purchasable","21":"product-type-simple"},"yoast_head":"<!-- This site is optimized with the Yoast SEO plugin v24.2 - https:\/\/yoast.com\/wordpress\/plugins\/seo\/ -->\n<title>MIKU HATSUNE - LUMINASTA FIGURE - MIKU X CINNAMOROLL VER. - Akatsuki anime store<\/title>\n<meta name=\"description\" content=\"Consigue la figura coleccionable Hatsune Miku x Cinnamoroll \u2013 Luminasta Ver. Un dise\u00f1o detallado y adorable para fans y coleccionistas.\" \/>\n<meta name=\"robots\" content=\"index, follow, max-snippet:-1, max-image-preview:large, max-video-preview:-1\" \/>\n<link rel=\"canonical\" href=\"https:\/\/akatsukianime.com\/en\/product\/miku-hatsune-luminasta-figure-miku-x-cinnamoroll-ver\/\" \/>\n<meta property=\"og:locale\" content=\"en_US\" \/>\n<meta property=\"og:type\" content=\"article\" \/>\n<meta property=\"og:title\" content=\"MIKU HATSUNE - LUMINASTA FIGURE - MIKU X CINNAMOROLL VER. - Akatsuki anime store\" \/>\n<meta property=\"og:description\" content=\"Consigue la figura coleccionable Hatsune Miku x Cinnamoroll \u2013 Luminasta Ver. Un dise\u00f1o detallado y adorable para fans y coleccionistas.\" \/>\n<meta property=\"og:url\" content=\"https:\/\/akatsukianime.com\/en\/product\/miku-hatsune-luminasta-figure-miku-x-cinnamoroll-ver\/\" \/>\n<meta property=\"og:site_name\" content=\"Akatsuki anime store\" \/>\n<meta property=\"article:modified_time\" content=\"2026-01-26T17:50:01+00:00\" \/>\n<meta property=\"og:image\" content=\"https:\/\/akatsukianime.com\/wp-content\/uploads\/2025\/01\/MIKU-HATSUNE-LUMINASTA-FIGURE-MIKU-X-CINNAMOROLL-VER.jpg\" \/>\n\t<meta property=\"og:image:width\" content=\"1000\" \/>\n\t<meta property=\"og:image:height\" content=\"1000\" \/>\n\t<meta property=\"og:image:type\" content=\"image\/jpeg\" \/>\n<meta name=\"twitter:card\" content=\"summary_large_image\" \/>\n<meta name=\"twitter:label1\" content=\"Est. reading time\" \/>\n\t<meta name=\"twitter:data1\" content=\"1 minute\" \/>\n<script type=\"application\/ld+json\" class=\"yoast-schema-graph\">{\"@context\":\"https:\/\/schema.org\",\"@graph\":[{\"@type\":[\"WebPage\",\"ItemPage\"],\"@id\":\"https:\/\/akatsukianime.com\/product\/miku-hatsune-luminasta-figure-miku-x-cinnamoroll-ver\/\",\"url\":\"https:\/\/akatsukianime.com\/product\/miku-hatsune-luminasta-figure-miku-x-cinnamoroll-ver\/\",\"name\":\"MIKU HATSUNE - LUMINASTA FIGURE - MIKU X CINNAMOROLL VER. - Akatsuki anime store\",\"isPartOf\":{\"@id\":\"https:\/\/akatsukianime.com\/#website\"},\"primaryImageOfPage\":{\"@id\":\"https:\/\/akatsukianime.com\/product\/miku-hatsune-luminasta-figure-miku-x-cinnamoroll-ver\/#primaryimage\"},\"image\":{\"@id\":\"https:\/\/akatsukianime.com\/product\/miku-hatsune-luminasta-figure-miku-x-cinnamoroll-ver\/#primaryimage\"},\"thumbnailUrl\":\"https:\/\/akatsukianime.com\/wp-content\/uploads\/2025\/01\/MIKU-HATSUNE-LUMINASTA-FIGURE-MIKU-X-CINNAMOROLL-VER.jpg\",\"datePublished\":\"2025-01-31T18:02:46+00:00\",\"dateModified\":\"2026-01-26T17:50:01+00:00\",\"description\":\"Consigue la figura coleccionable Hatsune Miku x Cinnamoroll \u2013 Luminasta Ver. Un dise\u00f1o detallado y adorable para fans y coleccionistas.\",\"breadcrumb\":{\"@id\":\"https:\/\/akatsukianime.com\/product\/miku-hatsune-luminasta-figure-miku-x-cinnamoroll-ver\/#breadcrumb\"},\"inLanguage\":\"en-US\",\"potentialAction\":[{\"@type\":\"ReadAction\",\"target\":[\"https:\/\/akatsukianime.com\/product\/miku-hatsune-luminasta-figure-miku-x-cinnamoroll-ver\/\"]}]},{\"@type\":\"ImageObject\",\"inLanguage\":\"en-US\",\"@id\":\"https:\/\/akatsukianime.com\/product\/miku-hatsune-luminasta-figure-miku-x-cinnamoroll-ver\/#primaryimage\",\"url\":\"https:\/\/akatsukianime.com\/wp-content\/uploads\/2025\/01\/MIKU-HATSUNE-LUMINASTA-FIGURE-MIKU-X-CINNAMOROLL-VER.jpg\",\"contentUrl\":\"https:\/\/akatsukianime.com\/wp-content\/uploads\/2025\/01\/MIKU-HATSUNE-LUMINASTA-FIGURE-MIKU-X-CINNAMOROLL-VER.jpg\",\"width\":1000,\"height\":1000,\"caption\":\"Luminasta Hatsune Miku Cinnamoroll\"},{\"@type\":\"BreadcrumbList\",\"@id\":\"https:\/\/akatsukianime.com\/product\/miku-hatsune-luminasta-figure-miku-x-cinnamoroll-ver\/#breadcrumb\",\"itemListElement\":[{\"@type\":\"ListItem\",\"position\":1,\"name\":\"Portada\",\"item\":\"https:\/\/akatsukianime.com\/\"},{\"@type\":\"ListItem\",\"position\":2,\"name\":\"Tienda\",\"item\":\"https:\/\/akatsukianime.com\/tienda\/\"},{\"@type\":\"ListItem\",\"position\":3,\"name\":\"MIKU HATSUNE &#8211; LUMINASTA FIGURE &#8211; MIKU X CINNAMOROLL VER.\"}]},{\"@type\":\"WebSite\",\"@id\":\"https:\/\/akatsukianime.com\/#website\",\"url\":\"https:\/\/akatsukianime.com\/\",\"name\":\"Akatsuki anime store\",\"description\":\"\",\"potentialAction\":[{\"@type\":\"SearchAction\",\"target\":{\"@type\":\"EntryPoint\",\"urlTemplate\":\"https:\/\/akatsukianime.com\/?s={search_term_string}\"},\"query-input\":{\"@type\":\"PropertyValueSpecification\",\"valueRequired\":true,\"valueName\":\"search_term_string\"}}],\"inLanguage\":\"en-US\"}]}<\/script>\n<!-- \/ Yoast SEO plugin. -->","yoast_head_json":{"title":"MIKU HATSUNE - LUMINASTA FIGURE - MIKU X CINNAMOROLL VER. - Akatsuki anime store","description":"Consigue la figura coleccionable Hatsune Miku x Cinnamoroll \u2013 Luminasta Ver. Un dise\u00f1o detallado y adorable para fans y coleccionistas.","robots":{"index":"index","follow":"follow","max-snippet":"max-snippet:-1","max-image-preview":"max-image-preview:large","max-video-preview":"max-video-preview:-1"},"canonical":"https:\/\/akatsukianime.com\/en\/product\/miku-hatsune-luminasta-figure-miku-x-cinnamoroll-ver\/","og_locale":"en_US","og_type":"article","og_title":"MIKU HATSUNE - LUMINASTA FIGURE - MIKU X CINNAMOROLL VER. - Akatsuki anime store","og_description":"Consigue la figura coleccionable Hatsune Miku x Cinnamoroll \u2013 Luminasta Ver. Un dise\u00f1o detallado y adorable para fans y coleccionistas.","og_url":"https:\/\/akatsukianime.com\/en\/product\/miku-hatsune-luminasta-figure-miku-x-cinnamoroll-ver\/","og_site_name":"Akatsuki anime store","article_modified_time":"2026-01-26T17:50:01+00:00","og_image":[{"width":1000,"height":1000,"url":"https:\/\/akatsukianime.com\/wp-content\/uploads\/2025\/01\/MIKU-HATSUNE-LUMINASTA-FIGURE-MIKU-X-CINNAMOROLL-VER.jpg","type":"image\/jpeg"}],"twitter_card":"summary_large_image","twitter_misc":{"Est. reading time":"1 minute"},"schema":{"@context":"https:\/\/schema.org","@graph":[{"@type":["WebPage","ItemPage"],"@id":"https:\/\/akatsukianime.com\/product\/miku-hatsune-luminasta-figure-miku-x-cinnamoroll-ver\/","url":"https:\/\/akatsukianime.com\/product\/miku-hatsune-luminasta-figure-miku-x-cinnamoroll-ver\/","name":"MIKU HATSUNE - LUMINASTA FIGURE - MIKU X CINNAMOROLL VER. - Akatsuki anime store","isPartOf":{"@id":"https:\/\/akatsukianime.com\/#website"},"primaryImageOfPage":{"@id":"https:\/\/akatsukianime.com\/product\/miku-hatsune-luminasta-figure-miku-x-cinnamoroll-ver\/#primaryimage"},"image":{"@id":"https:\/\/akatsukianime.com\/product\/miku-hatsune-luminasta-figure-miku-x-cinnamoroll-ver\/#primaryimage"},"thumbnailUrl":"https:\/\/akatsukianime.com\/wp-content\/uploads\/2025\/01\/MIKU-HATSUNE-LUMINASTA-FIGURE-MIKU-X-CINNAMOROLL-VER.jpg","datePublished":"2025-01-31T18:02:46+00:00","dateModified":"2026-01-26T17:50:01+00:00","description":"Consigue la figura coleccionable Hatsune Miku x Cinnamoroll \u2013 Luminasta Ver. Un dise\u00f1o detallado y adorable para fans y coleccionistas.","breadcrumb":{"@id":"https:\/\/akatsukianime.com\/product\/miku-hatsune-luminasta-figure-miku-x-cinnamoroll-ver\/#breadcrumb"},"inLanguage":"en-US","potentialAction":[{"@type":"ReadAction","target":["https:\/\/akatsukianime.com\/product\/miku-hatsune-luminasta-figure-miku-x-cinnamoroll-ver\/"]}]},{"@type":"ImageObject","inLanguage":"en-US","@id":"https:\/\/akatsukianime.com\/product\/miku-hatsune-luminasta-figure-miku-x-cinnamoroll-ver\/#primaryimage","url":"https:\/\/akatsukianime.com\/wp-content\/uploads\/2025\/01\/MIKU-HATSUNE-LUMINASTA-FIGURE-MIKU-X-CINNAMOROLL-VER.jpg","contentUrl":"https:\/\/akatsukianime.com\/wp-content\/uploads\/2025\/01\/MIKU-HATSUNE-LUMINASTA-FIGURE-MIKU-X-CINNAMOROLL-VER.jpg","width":1000,"height":1000,"caption":"Luminasta Hatsune Miku Cinnamoroll"},{"@type":"BreadcrumbList","@id":"https:\/\/akatsukianime.com\/product\/miku-hatsune-luminasta-figure-miku-x-cinnamoroll-ver\/#breadcrumb","itemListElement":[{"@type":"ListItem","position":1,"name":"Portada","item":"https:\/\/akatsukianime.com\/"},{"@type":"ListItem","position":2,"name":"Tienda","item":"https:\/\/akatsukianime.com\/tienda\/"},{"@type":"ListItem","position":3,"name":"MIKU HATSUNE &#8211; LUMINASTA FIGURE &#8211; MIKU X CINNAMOROLL VER."}]},{"@type":"WebSite","@id":"https:\/\/akatsukianime.com\/#website","url":"https:\/\/akatsukianime.com\/","name":"Akatsuki anime store","description":"","potentialAction":[{"@type":"SearchAction","target":{"@type":"EntryPoint","urlTemplate":"https:\/\/akatsukianime.com\/?s={search_term_string}"},"query-input":{"@type":"PropertyValueSpecification","valueRequired":true,"valueName":"search_term_string"}}],"inLanguage":"en-US"}]}},"jetpack_sharing_enabled":true,"_links":{"self":[{"href":"https:\/\/akatsukianime.com\/en\/wp-json\/wp\/v2\/product\/5469","targetHints":{"allow":["GET"]}}],"collection":[{"href":"https:\/\/akatsukianime.com\/en\/wp-json\/wp\/v2\/product"}],"about":[{"href":"https:\/\/akatsukianime.com\/en\/wp-json\/wp\/v2\/types\/product"}],"version-history":[{"count":6,"href":"https:\/\/akatsukianime.com\/en\/wp-json\/wp\/v2\/product\/5469\/revisions"}],"predecessor-version":[{"id":7290,"href":"https:\/\/akatsukianime.com\/en\/wp-json\/wp\/v2\/product\/5469\/revisions\/7290"}],"wp:featuredmedia":[{"embeddable":true,"href":"https:\/\/akatsukianime.com\/en\/wp-json\/wp\/v2\/media\/5470"}],"wp:attachment":[{"href":"https:\/\/akatsukianime.com\/en\/wp-json\/wp\/v2\/media?parent=5469"}],"wp:term":[{"taxonomy":"product_cat","embeddable":true,"href":"https:\/\/akatsukianime.com\/en\/wp-json\/wp\/v2\/product_cat?post=5469"},{"taxonomy":"product_tag","embeddable":true,"href":"https:\/\/akatsukianime.com\/en\/wp-json\/wp\/v2\/product_tag?post=5469"}],"curies":[{"name":"wp","href":"https:\/\/api.w.org\/{rel}","templated":true}]}}