{"id":5487,"date":"2025-02-03T12:19:41","date_gmt":"2025-02-03T11:19:41","guid":{"rendered":"https:\/\/akatsukianime.com\/?post_type=product&#038;p=5487"},"modified":"2026-02-16T17:58:34","modified_gmt":"2026-02-16T16:58:34","slug":"figura-vocaloid-hatsune-miku-caperucita-roja-wonderland","status":"publish","type":"product","link":"https:\/\/akatsukianime.com\/en\/product\/figura-vocaloid-hatsune-miku-caperucita-roja-wonderland\/","title":{"rendered":"Vocaloid Figure Hatsune Miku Little Red Riding Hood Wonderland"},"content":{"rendered":"<p><strong>Product Description:<\/strong><\/p>\n<p>A charming Hatsune Miku version figure arrives to your collection! <em>Little Red Riding Hood<\/em>! Based on the popular character of <em>Vocaloid, this Figure<\/em>\u00a0Taito\u2019s figure features her in an adorable Little Red Riding Hood-inspired outfit. Standing at approximately 18.03 cm tall and striking an iconic pose, this figure is a must-have for fans. Don\u2019t miss out on yours!<\/p>\n<p><strong>Product Features:<\/strong><\/p>\n<ul>\n<li>18.03cm tall<\/li>\n<li>Made of ABS and PVC<\/li>\n<li>Based on the star of <em>Vocaloid<\/em><\/li>\n<li>Part of the line <em>Hatsune Miku Wonderland Figure<\/em><\/li>\n<li>Non-articulated figure<\/li>\n<\/ul>\n<p><a href=\"https:\/\/akatsukianime.com\/en\/product-category\/series\/hatsune-miku\/\">Hatsune Miku Collections<\/a><\/p>","protected":false},"excerpt":{"rendered":"<p>Product Description: A charming Hatsune Miku Red Riding Hood version figure is coming to your collection! Based on the popular<\/p>","protected":false},"featured_media":5488,"template":"","meta":[],"product_cat":[102,65,61,49],"product_tag":[233,122,322],"class_list":{"0":"post-5487","1":"product","2":"type-product","3":"status-publish","4":"has-post-thumbnail","6":"product_cat-taito","7":"product_cat-figuras","8":"product_cat-novedades","9":"product_cat-hatsune-miku","10":"product_tag-hatsune-miku","11":"product_tag-taito","12":"product_tag-wonderland","14":"first","15":"instock","16":"sold-individually","17":"taxable","18":"shipping-taxable","19":"purchasable","20":"product-type-simple"},"yoast_head":"<!-- This site is optimized with the Yoast SEO plugin v24.2 - https:\/\/yoast.com\/wordpress\/plugins\/seo\/ -->\n<title>Figura Vocaloid Hatsune Miku Caperucita Roja Wonderland - Akatsuki anime store<\/title>\n<meta name=\"description\" content=\"Figura de Hatsune Miku Caperucita Roja de Taito, con un dise\u00f1o encantador y detallado. \u00a1A\u00f1\u00e1dela a tu colecci\u00f3n de Vocaloid!\" \/>\n<meta name=\"robots\" content=\"index, follow, max-snippet:-1, max-image-preview:large, max-video-preview:-1\" \/>\n<link rel=\"canonical\" href=\"https:\/\/akatsukianime.com\/en\/product\/figura-vocaloid-hatsune-miku-caperucita-roja-wonderland\/\" \/>\n<meta property=\"og:locale\" content=\"en_US\" \/>\n<meta property=\"og:type\" content=\"article\" \/>\n<meta property=\"og:title\" content=\"Figura Vocaloid Hatsune Miku Caperucita Roja Wonderland - Akatsuki anime store\" \/>\n<meta property=\"og:description\" content=\"Figura de Hatsune Miku Caperucita Roja de Taito, con un dise\u00f1o encantador y detallado. \u00a1A\u00f1\u00e1dela a tu colecci\u00f3n de Vocaloid!\" \/>\n<meta property=\"og:url\" content=\"https:\/\/akatsukianime.com\/en\/product\/figura-vocaloid-hatsune-miku-caperucita-roja-wonderland\/\" \/>\n<meta property=\"og:site_name\" content=\"Akatsuki anime store\" \/>\n<meta property=\"article:modified_time\" content=\"2026-02-16T16:58:34+00:00\" \/>\n<meta property=\"og:image\" content=\"https:\/\/akatsukianime.com\/wp-content\/uploads\/2025\/02\/Figura-Vocaloid-Hatsune-Miku-Caperucita-Roja-Wonderland.jpg\" \/>\n\t<meta property=\"og:image:width\" content=\"1000\" \/>\n\t<meta property=\"og:image:height\" content=\"1000\" \/>\n\t<meta property=\"og:image:type\" content=\"image\/jpeg\" \/>\n<meta name=\"twitter:card\" content=\"summary_large_image\" \/>\n<meta name=\"twitter:label1\" content=\"Est. reading time\" \/>\n\t<meta name=\"twitter:data1\" content=\"1 minute\" \/>\n<script type=\"application\/ld+json\" class=\"yoast-schema-graph\">{\"@context\":\"https:\/\/schema.org\",\"@graph\":[{\"@type\":[\"WebPage\",\"ItemPage\"],\"@id\":\"https:\/\/akatsukianime.com\/product\/figura-vocaloid-hatsune-miku-caperucita-roja-wonderland\/\",\"url\":\"https:\/\/akatsukianime.com\/product\/figura-vocaloid-hatsune-miku-caperucita-roja-wonderland\/\",\"name\":\"Figura Vocaloid Hatsune Miku Caperucita Roja Wonderland - Akatsuki anime store\",\"isPartOf\":{\"@id\":\"https:\/\/akatsukianime.com\/#website\"},\"primaryImageOfPage\":{\"@id\":\"https:\/\/akatsukianime.com\/product\/figura-vocaloid-hatsune-miku-caperucita-roja-wonderland\/#primaryimage\"},\"image\":{\"@id\":\"https:\/\/akatsukianime.com\/product\/figura-vocaloid-hatsune-miku-caperucita-roja-wonderland\/#primaryimage\"},\"thumbnailUrl\":\"https:\/\/akatsukianime.com\/wp-content\/uploads\/2025\/02\/Figura-Vocaloid-Hatsune-Miku-Caperucita-Roja-Wonderland.jpg\",\"datePublished\":\"2025-02-03T11:19:41+00:00\",\"dateModified\":\"2026-02-16T16:58:34+00:00\",\"description\":\"Figura de Hatsune Miku Caperucita Roja de Taito, con un dise\u00f1o encantador y detallado. \u00a1A\u00f1\u00e1dela a tu colecci\u00f3n de Vocaloid!\",\"breadcrumb\":{\"@id\":\"https:\/\/akatsukianime.com\/product\/figura-vocaloid-hatsune-miku-caperucita-roja-wonderland\/#breadcrumb\"},\"inLanguage\":\"en-US\",\"potentialAction\":[{\"@type\":\"ReadAction\",\"target\":[\"https:\/\/akatsukianime.com\/product\/figura-vocaloid-hatsune-miku-caperucita-roja-wonderland\/\"]}]},{\"@type\":\"ImageObject\",\"inLanguage\":\"en-US\",\"@id\":\"https:\/\/akatsukianime.com\/product\/figura-vocaloid-hatsune-miku-caperucita-roja-wonderland\/#primaryimage\",\"url\":\"https:\/\/akatsukianime.com\/wp-content\/uploads\/2025\/02\/Figura-Vocaloid-Hatsune-Miku-Caperucita-Roja-Wonderland.jpg\",\"contentUrl\":\"https:\/\/akatsukianime.com\/wp-content\/uploads\/2025\/02\/Figura-Vocaloid-Hatsune-Miku-Caperucita-Roja-Wonderland.jpg\",\"width\":1000,\"height\":1000,\"caption\":\"Figura Miku Caperucita Roja\"},{\"@type\":\"BreadcrumbList\",\"@id\":\"https:\/\/akatsukianime.com\/product\/figura-vocaloid-hatsune-miku-caperucita-roja-wonderland\/#breadcrumb\",\"itemListElement\":[{\"@type\":\"ListItem\",\"position\":1,\"name\":\"Portada\",\"item\":\"https:\/\/akatsukianime.com\/\"},{\"@type\":\"ListItem\",\"position\":2,\"name\":\"Tienda\",\"item\":\"https:\/\/akatsukianime.com\/tienda\/\"},{\"@type\":\"ListItem\",\"position\":3,\"name\":\"Figura Vocaloid Hatsune Miku Caperucita Roja Wonderland\"}]},{\"@type\":\"WebSite\",\"@id\":\"https:\/\/akatsukianime.com\/#website\",\"url\":\"https:\/\/akatsukianime.com\/\",\"name\":\"Akatsuki anime store\",\"description\":\"\",\"potentialAction\":[{\"@type\":\"SearchAction\",\"target\":{\"@type\":\"EntryPoint\",\"urlTemplate\":\"https:\/\/akatsukianime.com\/?s={search_term_string}\"},\"query-input\":{\"@type\":\"PropertyValueSpecification\",\"valueRequired\":true,\"valueName\":\"search_term_string\"}}],\"inLanguage\":\"en-US\"}]}<\/script>\n<!-- \/ Yoast SEO plugin. -->","yoast_head_json":{"title":"Figura Vocaloid Hatsune Miku Caperucita Roja Wonderland - Akatsuki anime store","description":"Figura de Hatsune Miku Caperucita Roja de Taito, con un dise\u00f1o encantador y detallado. \u00a1A\u00f1\u00e1dela a tu colecci\u00f3n de Vocaloid!","robots":{"index":"index","follow":"follow","max-snippet":"max-snippet:-1","max-image-preview":"max-image-preview:large","max-video-preview":"max-video-preview:-1"},"canonical":"https:\/\/akatsukianime.com\/en\/product\/figura-vocaloid-hatsune-miku-caperucita-roja-wonderland\/","og_locale":"en_US","og_type":"article","og_title":"Figura Vocaloid Hatsune Miku Caperucita Roja Wonderland - Akatsuki anime store","og_description":"Figura de Hatsune Miku Caperucita Roja de Taito, con un dise\u00f1o encantador y detallado. \u00a1A\u00f1\u00e1dela a tu colecci\u00f3n de Vocaloid!","og_url":"https:\/\/akatsukianime.com\/en\/product\/figura-vocaloid-hatsune-miku-caperucita-roja-wonderland\/","og_site_name":"Akatsuki anime store","article_modified_time":"2026-02-16T16:58:34+00:00","og_image":[{"width":1000,"height":1000,"url":"https:\/\/akatsukianime.com\/wp-content\/uploads\/2025\/02\/Figura-Vocaloid-Hatsune-Miku-Caperucita-Roja-Wonderland.jpg","type":"image\/jpeg"}],"twitter_card":"summary_large_image","twitter_misc":{"Est. reading time":"1 minute"},"schema":{"@context":"https:\/\/schema.org","@graph":[{"@type":["WebPage","ItemPage"],"@id":"https:\/\/akatsukianime.com\/product\/figura-vocaloid-hatsune-miku-caperucita-roja-wonderland\/","url":"https:\/\/akatsukianime.com\/product\/figura-vocaloid-hatsune-miku-caperucita-roja-wonderland\/","name":"Figura Vocaloid Hatsune Miku Caperucita Roja Wonderland - Akatsuki anime store","isPartOf":{"@id":"https:\/\/akatsukianime.com\/#website"},"primaryImageOfPage":{"@id":"https:\/\/akatsukianime.com\/product\/figura-vocaloid-hatsune-miku-caperucita-roja-wonderland\/#primaryimage"},"image":{"@id":"https:\/\/akatsukianime.com\/product\/figura-vocaloid-hatsune-miku-caperucita-roja-wonderland\/#primaryimage"},"thumbnailUrl":"https:\/\/akatsukianime.com\/wp-content\/uploads\/2025\/02\/Figura-Vocaloid-Hatsune-Miku-Caperucita-Roja-Wonderland.jpg","datePublished":"2025-02-03T11:19:41+00:00","dateModified":"2026-02-16T16:58:34+00:00","description":"Figura de Hatsune Miku Caperucita Roja de Taito, con un dise\u00f1o encantador y detallado. \u00a1A\u00f1\u00e1dela a tu colecci\u00f3n de Vocaloid!","breadcrumb":{"@id":"https:\/\/akatsukianime.com\/product\/figura-vocaloid-hatsune-miku-caperucita-roja-wonderland\/#breadcrumb"},"inLanguage":"en-US","potentialAction":[{"@type":"ReadAction","target":["https:\/\/akatsukianime.com\/product\/figura-vocaloid-hatsune-miku-caperucita-roja-wonderland\/"]}]},{"@type":"ImageObject","inLanguage":"en-US","@id":"https:\/\/akatsukianime.com\/product\/figura-vocaloid-hatsune-miku-caperucita-roja-wonderland\/#primaryimage","url":"https:\/\/akatsukianime.com\/wp-content\/uploads\/2025\/02\/Figura-Vocaloid-Hatsune-Miku-Caperucita-Roja-Wonderland.jpg","contentUrl":"https:\/\/akatsukianime.com\/wp-content\/uploads\/2025\/02\/Figura-Vocaloid-Hatsune-Miku-Caperucita-Roja-Wonderland.jpg","width":1000,"height":1000,"caption":"Figura Miku Caperucita Roja"},{"@type":"BreadcrumbList","@id":"https:\/\/akatsukianime.com\/product\/figura-vocaloid-hatsune-miku-caperucita-roja-wonderland\/#breadcrumb","itemListElement":[{"@type":"ListItem","position":1,"name":"Portada","item":"https:\/\/akatsukianime.com\/"},{"@type":"ListItem","position":2,"name":"Tienda","item":"https:\/\/akatsukianime.com\/tienda\/"},{"@type":"ListItem","position":3,"name":"Figura Vocaloid Hatsune Miku Caperucita Roja Wonderland"}]},{"@type":"WebSite","@id":"https:\/\/akatsukianime.com\/#website","url":"https:\/\/akatsukianime.com\/","name":"Akatsuki anime store","description":"","potentialAction":[{"@type":"SearchAction","target":{"@type":"EntryPoint","urlTemplate":"https:\/\/akatsukianime.com\/?s={search_term_string}"},"query-input":{"@type":"PropertyValueSpecification","valueRequired":true,"valueName":"search_term_string"}}],"inLanguage":"en-US"}]}},"jetpack_sharing_enabled":true,"_links":{"self":[{"href":"https:\/\/akatsukianime.com\/en\/wp-json\/wp\/v2\/product\/5487","targetHints":{"allow":["GET"]}}],"collection":[{"href":"https:\/\/akatsukianime.com\/en\/wp-json\/wp\/v2\/product"}],"about":[{"href":"https:\/\/akatsukianime.com\/en\/wp-json\/wp\/v2\/types\/product"}],"version-history":[{"count":1,"href":"https:\/\/akatsukianime.com\/en\/wp-json\/wp\/v2\/product\/5487\/revisions"}],"predecessor-version":[{"id":5497,"href":"https:\/\/akatsukianime.com\/en\/wp-json\/wp\/v2\/product\/5487\/revisions\/5497"}],"wp:featuredmedia":[{"embeddable":true,"href":"https:\/\/akatsukianime.com\/en\/wp-json\/wp\/v2\/media\/5488"}],"wp:attachment":[{"href":"https:\/\/akatsukianime.com\/en\/wp-json\/wp\/v2\/media?parent=5487"}],"wp:term":[{"taxonomy":"product_cat","embeddable":true,"href":"https:\/\/akatsukianime.com\/en\/wp-json\/wp\/v2\/product_cat?post=5487"},{"taxonomy":"product_tag","embeddable":true,"href":"https:\/\/akatsukianime.com\/en\/wp-json\/wp\/v2\/product_tag?post=5487"}],"curies":[{"name":"wp","href":"https:\/\/api.w.org\/{rel}","templated":true}]}}